{"id":20661,"date":"2022-06-07T16:01:09","date_gmt":"2022-06-07T14:01:09","guid":{"rendered":"https:\/\/pohjanmaantehtaanmyymala.fi\/?post_type=product&#038;p=20661"},"modified":"2025-09-23T16:54:54","modified_gmt":"2025-09-23T14:54:54","slug":"uness-interactive-runkosankysetti-160-cm-petauspatjalla","status":"publish","type":"product","link":"https:\/\/pohjanmaantehtaanmyymala.fi\/sv\/tuote\/uness-interactive-runkosankysetti-160-cm-petauspatjalla\/","title":{"rendered":"Uness Interactive runkos\u00e4nkysetti 160 cm petauspatjalla"},"content":{"rendered":"<p>Suomessa Sein\u00e4joella valmistettu laadukas runkos\u00e4nkysetti, joka sis\u00e4lt\u00e4\u00e4 kaksi runkopatjaa, t\u00e4ysleve\u00e4n petauspatjan ja mustat Shampanja-metallijalat. Interactive runkos\u00e4ngyss\u00e4 on jousistona t\u00e4ydellisesti nukkujaa my\u00f6t\u00e4ilev\u00e4 progressiivinen eritasopussijousitus.<\/p>\n<p>Interactive s\u00e4ngyn jousiston voit valita kahdesta eri j\u00e4ykkyydest\u00e4; my\u00f6t\u00e4ilev\u00e4 medium ja j\u00e4m\u00e4kk\u00e4 hard. Voit valita paris\u00e4nkysi my\u00f6s kahdella eri j\u00e4ykkyydell\u00e4, toiselle puolelle medium ja toiselle puolelle hard.<\/p>\n<p>Painosuositukset:<br \/>\nMedium: 50-75 kg.<br \/>\nHard: 75-110 kg.<\/p>\n<p>Runkopatjasetin mukana toimitetaan pintapehmeytt\u00e4 lis\u00e4\u00e4v\u00e4 muhkea petauspatja ja metalliset shampanja-jalat.<\/p>\n<p>Kuvan Comfort-s\u00e4ngynp\u00e4\u00e4ty ei kuulu hintaan, se tilattavissa erikseen hintaan 497 \u20ac.<\/p>\n<h3>Tuotetiedot:<\/h3>\n<p>Runko: 20 cm korkea, 24mm paksu koivuvaneri.<\/p>\n<p>Jousisto: progressiivinen eritasojousisto, kaksi eri j\u00e4ykkyytt\u00e4.<br \/>\nHard (jousen lankavahvuus 2.0\/1.5)<br \/>\nMedium (jousen lankavahvuus 1.8\/1.27)<\/p>\n<p>Verhoilu: Harmaa anouk- verhoilukangas.<br \/>\nJalat: Mustat shampanja-jalat.<br \/>\nPetauspatja: T\u00e4yte 6,5 cm profiloitu stylex vaahto, p\u00e4\u00e4llinen irroitettavissa ja pest\u00e4viss\u00e4.<br \/>\nValmistettu Suomessa.<br \/>\nTakuu: 10-vuotta jousituksella ja puurungolla.<br \/>\nToimitetaan muoviin pakattuna.<\/p>\n","protected":false},"excerpt":{"rendered":"<p>Tasokas s\u00e4nky progressiivisella eritasojousituksella.<\/p>\n","protected":false},"featured_media":20662,"comment_status":"closed","ping_status":"closed","template":"","meta":{"_acf_changed":false,"jetpack_post_was_ever_published":false,"jetpack_publicize_message":"","jetpack_publicize_feature_enabled":true,"jetpack_social_post_already_shared":true,"jetpack_social_options":{"image_generator_settings":{"template":"highway","default_image_id":0,"font":"","enabled":false},"version":2}},"product_brand":[178],"product_cat":[198],"product_tag":[],"class_list":{"0":"post-20661","1":"product","2":"type-product","3":"status-publish","4":"has-post-thumbnail","6":"product_brand-uness","7":"product_cat-patjat-ja-sangyt","8":"product_shipping_class-161","9":"pa_malli-hard","10":"pa_malli-hard-medium","11":"pa_malli-medium","13":"first","14":"instock","15":"sale","16":"purchasable","17":"product-type-variable"},"acf":[],"jetpack_publicize_connections":[],"jetpack_sharing_enabled":true,"jetpack-related-posts":[{"id":21062,"url":"https:\/\/pohjanmaantehtaanmyymala.fi\/sv\/tuote\/uness-interactive-runkosankysetti-180-cm-petauspatjalla\/","url_meta":{"origin":20661,"position":0},"title":"Uness Interactive runkos\u00e4nkysetti 180 cm petauspatjalla","author":"Sami Viitala","date":"september 3, 2022","format":false,"excerpt":"Laadukas paris\u00e4nky progressiivisella eritasojousituksella.","rel":"","context":"Liknande produkt","block_context":{"text":"Liknande produkt","link":""},"img":{"alt_text":"Uness interactive runkos\u00e4nky setti 180 cm leve\u00e4","src":"https:\/\/i0.wp.com\/pohjanmaantehtaanmyymala.fi\/wp-content\/uploads\/2022\/09\/Uness_Interactive_Runkos_180.jpg?fit=960%2C960&ssl=1&resize=350%2C200","width":350,"height":200,"srcset":"https:\/\/i0.wp.com\/pohjanmaantehtaanmyymala.fi\/wp-content\/uploads\/2022\/09\/Uness_Interactive_Runkos_180.jpg?fit=960%2C960&ssl=1&resize=350%2C200 1x, https:\/\/i0.wp.com\/pohjanmaantehtaanmyymala.fi\/wp-content\/uploads\/2022\/09\/Uness_Interactive_Runkos_180.jpg?fit=960%2C960&ssl=1&resize=525%2C300 1.5x, https:\/\/i0.wp.com\/pohjanmaantehtaanmyymala.fi\/wp-content\/uploads\/2022\/09\/Uness_Interactive_Runkos_180.jpg?fit=960%2C960&ssl=1&resize=700%2C400 2x"},"classes":[]},{"id":27911,"url":"https:\/\/pohjanmaantehtaanmyymala.fi\/sv\/tuote\/eden-6-moottorisanky-90x200-cm-petauspatjalla\/","url_meta":{"origin":20661,"position":1},"title":"EDEN 6 -moottoris\u00e4nky 90&#215;200 cm petauspatjalla","author":"Sami Viitala","date":"november 27, 2024","format":false,"excerpt":"Laadukkaasta 5-vy\u00f6hykkeisest\u00e4 s\u00e4\u00e4t\u00f6s\u00e4ngyst\u00e4 on valittavana kolme eri v\u00e4ri\u00e4 ja kaksi kovuutta.","rel":"","context":"Liknande produkt","block_context":{"text":"Liknande produkt","link":""},"img":{"alt_text":"Eden kuusi vy\u00f6hykejousitettu s\u00e4\u00e4t\u00f6s\u00e4nky leveys 90 cm","src":"https:\/\/i0.wp.com\/pohjanmaantehtaanmyymala.fi\/wp-content\/uploads\/2024\/11\/Eden6_Mosa_90.jpg?fit=1000%2C1000&ssl=1&resize=350%2C200","width":350,"height":200,"srcset":"https:\/\/i0.wp.com\/pohjanmaantehtaanmyymala.fi\/wp-content\/uploads\/2024\/11\/Eden6_Mosa_90.jpg?fit=1000%2C1000&ssl=1&resize=350%2C200 1x, https:\/\/i0.wp.com\/pohjanmaantehtaanmyymala.fi\/wp-content\/uploads\/2024\/11\/Eden6_Mosa_90.jpg?fit=1000%2C1000&ssl=1&resize=525%2C300 1.5x, https:\/\/i0.wp.com\/pohjanmaantehtaanmyymala.fi\/wp-content\/uploads\/2024\/11\/Eden6_Mosa_90.jpg?fit=1000%2C1000&ssl=1&resize=700%2C400 2x"},"classes":[]},{"id":27926,"url":"https:\/\/pohjanmaantehtaanmyymala.fi\/sv\/tuote\/eden-6-moottorisanky-80x200-cm-petauspatjalla\/","url_meta":{"origin":20661,"position":2},"title":"EDEN 6 moottoris\u00e4nky 80&#215;200 cm petauspatjalla","author":"Sami Viitala","date":"november 27, 2024","format":false,"excerpt":"Laadukkaasta 5-vy\u00f6hykkeisest\u00e4 s\u00e4\u00e4t\u00f6s\u00e4ngyst\u00e4 on valittavana kolme eri v\u00e4ri\u00e4 ja kaksi kovuutta.","rel":"","context":"Liknande produkt","block_context":{"text":"Liknande produkt","link":""},"img":{"alt_text":"Eden kuusi vy\u00f6hykejousitettu s\u00e4\u00e4t\u00f6s\u00e4nky leveys 80 cm","src":"https:\/\/i0.wp.com\/pohjanmaantehtaanmyymala.fi\/wp-content\/uploads\/2024\/11\/Eden6_Mosa_80.jpg?fit=1000%2C1000&ssl=1&resize=350%2C200","width":350,"height":200,"srcset":"https:\/\/i0.wp.com\/pohjanmaantehtaanmyymala.fi\/wp-content\/uploads\/2024\/11\/Eden6_Mosa_80.jpg?fit=1000%2C1000&ssl=1&resize=350%2C200 1x, https:\/\/i0.wp.com\/pohjanmaantehtaanmyymala.fi\/wp-content\/uploads\/2024\/11\/Eden6_Mosa_80.jpg?fit=1000%2C1000&ssl=1&resize=525%2C300 1.5x, https:\/\/i0.wp.com\/pohjanmaantehtaanmyymala.fi\/wp-content\/uploads\/2024\/11\/Eden6_Mosa_80.jpg?fit=1000%2C1000&ssl=1&resize=700%2C400 2x"},"classes":[]},{"id":24684,"url":"https:\/\/pohjanmaantehtaanmyymala.fi\/sv\/tuote\/eden-3-moottorisanky\/","url_meta":{"origin":20661,"position":3},"title":"EDEN 3 -moottoris\u00e4nky 80&#215;200 cm petauspatjalla","author":"Sami Viitala","date":"januari 30, 2024","format":false,"excerpt":"Laadukkaasta s\u00e4\u00e4t\u00f6s\u00e4ngyst\u00e4 on valittavana kolme eri v\u00e4ri\u00e4.","rel":"","context":"Liknande produkt","block_context":{"text":"Liknande produkt","link":""},"img":{"alt_text":"Eden kolme s\u00e4\u00e4t\u00f6s\u00e4nky leveys 80 cm","src":"https:\/\/i0.wp.com\/pohjanmaantehtaanmyymala.fi\/wp-content\/uploads\/2024\/01\/Eden3_sasy-web.jpg?fit=960%2C960&ssl=1&resize=350%2C200","width":350,"height":200,"srcset":"https:\/\/i0.wp.com\/pohjanmaantehtaanmyymala.fi\/wp-content\/uploads\/2024\/01\/Eden3_sasy-web.jpg?fit=960%2C960&ssl=1&resize=350%2C200 1x, https:\/\/i0.wp.com\/pohjanmaantehtaanmyymala.fi\/wp-content\/uploads\/2024\/01\/Eden3_sasy-web.jpg?fit=960%2C960&ssl=1&resize=525%2C300 1.5x, https:\/\/i0.wp.com\/pohjanmaantehtaanmyymala.fi\/wp-content\/uploads\/2024\/01\/Eden3_sasy-web.jpg?fit=960%2C960&ssl=1&resize=700%2C400 2x"},"classes":[]},{"id":27850,"url":"https:\/\/pohjanmaantehtaanmyymala.fi\/sv\/tuote\/eden-3-moottorisanky-90x200-cm-petauspatjalla\/","url_meta":{"origin":20661,"position":4},"title":"EDEN 3 -moottoris\u00e4nky 90&#215;200 cm petauspatjalla","author":"Sami Viitala","date":"november 27, 2024","format":false,"excerpt":"Laadukkaasta s\u00e4\u00e4t\u00f6s\u00e4ngyst\u00e4 on valittavana kolme eri v\u00e4ri\u00e4.","rel":"","context":"Liknande produkt","block_context":{"text":"Liknande produkt","link":""},"img":{"alt_text":"Eden kolme s\u00e4\u00e4t\u00f6s\u00e4nky leveys 90 cm","src":"https:\/\/i0.wp.com\/pohjanmaantehtaanmyymala.fi\/wp-content\/uploads\/2024\/11\/Eden3_sasy_90.jpg?fit=960%2C960&ssl=1&resize=350%2C200","width":350,"height":200,"srcset":"https:\/\/i0.wp.com\/pohjanmaantehtaanmyymala.fi\/wp-content\/uploads\/2024\/11\/Eden3_sasy_90.jpg?fit=960%2C960&ssl=1&resize=350%2C200 1x, https:\/\/i0.wp.com\/pohjanmaantehtaanmyymala.fi\/wp-content\/uploads\/2024\/11\/Eden3_sasy_90.jpg?fit=960%2C960&ssl=1&resize=525%2C300 1.5x, https:\/\/i0.wp.com\/pohjanmaantehtaanmyymala.fi\/wp-content\/uploads\/2024\/11\/Eden3_sasy_90.jpg?fit=960%2C960&ssl=1&resize=700%2C400 2x"},"classes":[]},{"id":27865,"url":"https:\/\/pohjanmaantehtaanmyymala.fi\/sv\/tuote\/eden-3-moottorisanky-120x200-cm-petauspatjalla\/","url_meta":{"origin":20661,"position":5},"title":"EDEN 3 -moottoris\u00e4nky 120&#215;200 cm petauspatjalla","author":"Sami Viitala","date":"november 27, 2024","format":false,"excerpt":"Laadukkaasta s\u00e4\u00e4t\u00f6s\u00e4ngyst\u00e4 on valittavana kolme eri v\u00e4ri\u00e4.","rel":"","context":"Liknande produkt","block_context":{"text":"Liknande produkt","link":""},"img":{"alt_text":"Eden kolme s\u00e4\u00e4t\u00f6s\u00e4nky leveys 90 cm","src":"https:\/\/i0.wp.com\/pohjanmaantehtaanmyymala.fi\/wp-content\/uploads\/2024\/11\/Eden3_sasy_90.jpg?fit=960%2C960&ssl=1&resize=350%2C200","width":350,"height":200,"srcset":"https:\/\/i0.wp.com\/pohjanmaantehtaanmyymala.fi\/wp-content\/uploads\/2024\/11\/Eden3_sasy_90.jpg?fit=960%2C960&ssl=1&resize=350%2C200 1x, https:\/\/i0.wp.com\/pohjanmaantehtaanmyymala.fi\/wp-content\/uploads\/2024\/11\/Eden3_sasy_90.jpg?fit=960%2C960&ssl=1&resize=525%2C300 1.5x, https:\/\/i0.wp.com\/pohjanmaantehtaanmyymala.fi\/wp-content\/uploads\/2024\/11\/Eden3_sasy_90.jpg?fit=960%2C960&ssl=1&resize=700%2C400 2x"},"classes":[]}],"_links":{"self":[{"href":"https:\/\/pohjanmaantehtaanmyymala.fi\/sv\/wp-json\/wp\/v2\/product\/20661","targetHints":{"allow":["GET"]}}],"collection":[{"href":"https:\/\/pohjanmaantehtaanmyymala.fi\/sv\/wp-json\/wp\/v2\/product"}],"about":[{"href":"https:\/\/pohjanmaantehtaanmyymala.fi\/sv\/wp-json\/wp\/v2\/types\/product"}],"replies":[{"embeddable":true,"href":"https:\/\/pohjanmaantehtaanmyymala.fi\/sv\/wp-json\/wp\/v2\/comments?post=20661"}],"wp:featuredmedia":[{"embeddable":true,"href":"https:\/\/pohjanmaantehtaanmyymala.fi\/sv\/wp-json\/wp\/v2\/media\/20662"}],"wp:attachment":[{"href":"https:\/\/pohjanmaantehtaanmyymala.fi\/sv\/wp-json\/wp\/v2\/media?parent=20661"}],"wp:term":[{"taxonomy":"product_brand","embeddable":true,"href":"https:\/\/pohjanmaantehtaanmyymala.fi\/sv\/wp-json\/wp\/v2\/product_brand?post=20661"},{"taxonomy":"product_cat","embeddable":true,"href":"https:\/\/pohjanmaantehtaanmyymala.fi\/sv\/wp-json\/wp\/v2\/product_cat?post=20661"},{"taxonomy":"product_tag","embeddable":true,"href":"https:\/\/pohjanmaantehtaanmyymala.fi\/sv\/wp-json\/wp\/v2\/product_tag?post=20661"}],"curies":[{"name":"wp","href":"https:\/\/api.w.org\/{rel}","templated":true}]}}