{"id":20614,"date":"2022-05-16T10:20:53","date_gmt":"2022-05-16T08:20:53","guid":{"rendered":"https:\/\/pohjanmaantehtaanmyymala.fi\/?post_type=product&#038;p=20614"},"modified":"2026-04-01T11:26:17","modified_gmt":"2026-04-01T09:26:17","slug":"puutarhakeinu-katoksella","status":"publish","type":"product","link":"https:\/\/pohjanmaantehtaanmyymala.fi\/sv\/tuote\/puutarhakeinu-katoksella\/","title":{"rendered":"Anne puutarhakeinu katoksella"},"content":{"rendered":"<p>Kotimainen ja kest\u00e4v\u00e4 pihakeinu. Istuimet ja selk\u00e4nojat muotoiltu parantaen istuinmukavuutta. Keinussa on huopakatos.<\/p>\n<p>Keinu on valmistettu painekyll\u00e4stetyst\u00e4 puusta, joten se kest\u00e4\u00e4 s\u00e4\u00e4n vaihteluja mainiosti, se kest\u00e4\u00e4kin k\u00e4ytt\u00f6ss\u00e4 useita vuosia! Suosittelemme huolto\u00f6ljy\u00e4mist\u00e4 vuosittain.<\/p>\n<p>Huomiothan, ett\u00e4 puun v\u00e4ri haalistuu ajan kanssa.<\/p>\n<h3>Tuotetiedot:<\/h3>\n<p>Materiaalit: painekyll\u00e4stetty m\u00e4nty<br \/>\nV\u00e4rivaihtoehdot: ruskea<br \/>\nJalkojen ottama tila: Syv.130 x Lev. 225 cm.<br \/>\nKokonaisleveys sivup\u00f6ytien kanssa: 250 cm.<br \/>\nKorkeus katon kanssa: 185 cm<br \/>\nIstuinosan leveys: 169 cm<br \/>\nToimitetaan osina.<\/p>\n<p>Kysy saatavuus <a href=\"https:\/\/pohjanmaantehtaanmyymala.fi\/yhteys\/\">myynnist\u00e4mme!<\/a><\/p>\n<p>Mieluiten nouto myym\u00e4l\u00e4st\u00e4 Kurikasta, kotitoimitus onnistuu maksua vastaa l\u00e4hialueelle!<\/p>\n","protected":false},"excerpt":{"rendered":"<p>Kotimainen ja kest\u00e4v\u00e4 pihakeinu. Istuimet ja selk\u00e4nojat muotoiltu parantaen istuinmukavuutta. Keinussa on huopakatos. Keinu on valmistettu painekyll\u00e4stetyst\u00e4 puusta, joten se kest\u00e4\u00e4 s\u00e4\u00e4n vaihteluja mainiosti, se kest\u00e4\u00e4kin k\u00e4ytt\u00f6ss\u00e4 useita vuosia! Suosittelemme huolto\u00f6ljy\u00e4mist\u00e4 vuosittain. Huomiothan, ett\u00e4 puun v\u00e4ri haalistuu ajan kanssa. Tuotetiedot: Materiaalit: painekyll\u00e4stetty m\u00e4nty V\u00e4rivaihtoehdot: ruskea Jalkojen ottama tila: Syv.130 x Lev. 225 cm. Kokonaisleveys sivup\u00f6ytien [&hellip;]<\/p>\n","protected":false},"featured_media":23055,"comment_status":"closed","ping_status":"closed","template":"","meta":{"_acf_changed":false,"jetpack_post_was_ever_published":false,"jetpack_publicize_message":"","jetpack_publicize_feature_enabled":true,"jetpack_social_post_already_shared":true,"jetpack_social_options":{"image_generator_settings":{"template":"highway","default_image_id":0,"font":"","enabled":false},"version":2}},"product_brand":[],"product_cat":[212,200],"product_tag":[],"class_list":{"0":"post-20614","1":"product","2":"type-product","3":"status-publish","4":"has-post-thumbnail","6":"product_cat-ajankohtaiset","7":"product_cat-kesakalusteet","9":"first","10":"instock","11":"sale","12":"shipping-taxable","13":"purchasable","14":"product-type-simple"},"acf":[],"jetpack_publicize_connections":[],"jetpack_sharing_enabled":true,"jetpack-related-posts":[{"id":11682,"url":"https:\/\/pohjanmaantehtaanmyymala.fi\/sv\/tuote\/mongo-riippukeinu-jalustalla-eri-vareja\/","url_meta":{"origin":20614,"position":0},"title":"Mango-riippukeinu jalustalla, harmaa","author":"Sami Viitala","date":"april 22, 2020","format":false,"excerpt":"Tukeva riipputuoli parvekkeelle tai puutarhaan.","rel":"","context":"Liknande produkt","block_context":{"text":"Liknande produkt","link":""},"img":{"alt_text":"Mango riippukeinu harmaa","src":"https:\/\/i0.wp.com\/pohjanmaantehtaanmyymala.fi\/wp-content\/uploads\/2020\/04\/Mango-keinu-harmaa.jpg?fit=1200%2C1200&ssl=1&resize=350%2C200","width":350,"height":200,"srcset":"https:\/\/i0.wp.com\/pohjanmaantehtaanmyymala.fi\/wp-content\/uploads\/2020\/04\/Mango-keinu-harmaa.jpg?fit=1200%2C1200&ssl=1&resize=350%2C200 1x, https:\/\/i0.wp.com\/pohjanmaantehtaanmyymala.fi\/wp-content\/uploads\/2020\/04\/Mango-keinu-harmaa.jpg?fit=1200%2C1200&ssl=1&resize=525%2C300 1.5x, https:\/\/i0.wp.com\/pohjanmaantehtaanmyymala.fi\/wp-content\/uploads\/2020\/04\/Mango-keinu-harmaa.jpg?fit=1200%2C1200&ssl=1&resize=700%2C400 2x, https:\/\/i0.wp.com\/pohjanmaantehtaanmyymala.fi\/wp-content\/uploads\/2020\/04\/Mango-keinu-harmaa.jpg?fit=1200%2C1200&ssl=1&resize=1050%2C600 3x"},"classes":[]},{"id":17090,"url":"https:\/\/pohjanmaantehtaanmyymala.fi\/sv\/tuote\/4living-hawaiji-riippukeinu-musta\/","url_meta":{"origin":20614,"position":1},"title":"4Living Hawaiji Riippukeinu musta","author":"Sami Viitala","date":"april 13, 2021","format":false,"excerpt":"Kaunis 4Living -riipputuoli omalla telineell\u00e4 parvekkeelle tai puutarhaan.","rel":"","context":"Liknande produkt","block_context":{"text":"Liknande produkt","link":""},"img":{"alt_text":"4Living Riipputuoli telineess\u00e4 Hawaiji musta","src":"https:\/\/i0.wp.com\/pohjanmaantehtaanmyymala.fi\/wp-content\/uploads\/2021\/04\/Hawaiji-riipputuoli-239286.jpg?fit=1200%2C1200&ssl=1&resize=350%2C200","width":350,"height":200,"srcset":"https:\/\/i0.wp.com\/pohjanmaantehtaanmyymala.fi\/wp-content\/uploads\/2021\/04\/Hawaiji-riipputuoli-239286.jpg?fit=1200%2C1200&ssl=1&resize=350%2C200 1x, https:\/\/i0.wp.com\/pohjanmaantehtaanmyymala.fi\/wp-content\/uploads\/2021\/04\/Hawaiji-riipputuoli-239286.jpg?fit=1200%2C1200&ssl=1&resize=525%2C300 1.5x, https:\/\/i0.wp.com\/pohjanmaantehtaanmyymala.fi\/wp-content\/uploads\/2021\/04\/Hawaiji-riipputuoli-239286.jpg?fit=1200%2C1200&ssl=1&resize=700%2C400 2x, https:\/\/i0.wp.com\/pohjanmaantehtaanmyymala.fi\/wp-content\/uploads\/2021\/04\/Hawaiji-riipputuoli-239286.jpg?fit=1200%2C1200&ssl=1&resize=1050%2C600 3x"},"classes":[]},{"id":17240,"url":"https:\/\/pohjanmaantehtaanmyymala.fi\/sv\/tuote\/4living-hawaiji-riippukeinu-harmaa\/","url_meta":{"origin":20614,"position":2},"title":"4Living Hawaiji Riippukeinu harmaa","author":"Sami Viitala","date":"april 16, 2021","format":false,"excerpt":"Kaunis 4Living -riipputuoli omalla telineell\u00e4.","rel":"","context":"Liknande produkt","block_context":{"text":"Liknande produkt","link":""},"img":{"alt_text":"4Living Riipputuoli telineess\u00e4 Hawaiji harmaa","src":"https:\/\/i0.wp.com\/pohjanmaantehtaanmyymala.fi\/wp-content\/uploads\/2021\/04\/274398.jpg?fit=1200%2C1200&ssl=1&resize=350%2C200","width":350,"height":200,"srcset":"https:\/\/i0.wp.com\/pohjanmaantehtaanmyymala.fi\/wp-content\/uploads\/2021\/04\/274398.jpg?fit=1200%2C1200&ssl=1&resize=350%2C200 1x, https:\/\/i0.wp.com\/pohjanmaantehtaanmyymala.fi\/wp-content\/uploads\/2021\/04\/274398.jpg?fit=1200%2C1200&ssl=1&resize=525%2C300 1.5x, https:\/\/i0.wp.com\/pohjanmaantehtaanmyymala.fi\/wp-content\/uploads\/2021\/04\/274398.jpg?fit=1200%2C1200&ssl=1&resize=700%2C400 2x, https:\/\/i0.wp.com\/pohjanmaantehtaanmyymala.fi\/wp-content\/uploads\/2021\/04\/274398.jpg?fit=1200%2C1200&ssl=1&resize=1050%2C600 3x"},"classes":[]},{"id":17236,"url":"https:\/\/pohjanmaantehtaanmyymala.fi\/sv\/tuote\/4living-hawaiji-riippukeinu-valkoinen\/","url_meta":{"origin":20614,"position":3},"title":"4Living Hawaiji Riippukeinu valkoinen","author":"Sami Viitala","date":"april 16, 2021","format":false,"excerpt":"Kaunis 4Living -riipputuoli omalla telineell\u00e4.","rel":"","context":"Liknande produkt","block_context":{"text":"Liknande produkt","link":""},"img":{"alt_text":"4Living Riipputuoli telineess\u00e4 Hawaiji valkoinen","src":"https:\/\/i0.wp.com\/pohjanmaantehtaanmyymala.fi\/wp-content\/uploads\/2021\/04\/241535.jpg?fit=1200%2C1200&ssl=1&resize=350%2C200","width":350,"height":200,"srcset":"https:\/\/i0.wp.com\/pohjanmaantehtaanmyymala.fi\/wp-content\/uploads\/2021\/04\/241535.jpg?fit=1200%2C1200&ssl=1&resize=350%2C200 1x, https:\/\/i0.wp.com\/pohjanmaantehtaanmyymala.fi\/wp-content\/uploads\/2021\/04\/241535.jpg?fit=1200%2C1200&ssl=1&resize=525%2C300 1.5x, https:\/\/i0.wp.com\/pohjanmaantehtaanmyymala.fi\/wp-content\/uploads\/2021\/04\/241535.jpg?fit=1200%2C1200&ssl=1&resize=700%2C400 2x, https:\/\/i0.wp.com\/pohjanmaantehtaanmyymala.fi\/wp-content\/uploads\/2021\/04\/241535.jpg?fit=1200%2C1200&ssl=1&resize=1050%2C600 3x"},"classes":[]},{"id":22960,"url":"https:\/\/pohjanmaantehtaanmyymala.fi\/sv\/tuote\/4living-riipputuoli-rottinkia-3-eri-varia\/","url_meta":{"origin":20614,"position":4},"title":"Jakarta riipputuoli rottinkia, 3 eri v\u00e4ri\u00e4","author":"Sami Viitala","date":"maj 11, 2023","format":false,"excerpt":"Kaunis 4Living -riipputuoli kiinnitysk\u00f6ydell\u00e4. Valitse v\u00e4ri alta!","rel":"","context":"Liknande produkt","block_context":{"text":"Liknande produkt","link":""},"img":{"alt_text":"Jakarta riipputuoli luonnonv\u00e4ri aisemataustalla","src":"https:\/\/i0.wp.com\/pohjanmaantehtaanmyymala.fi\/wp-content\/uploads\/2023\/05\/Jakata-riipputuoli-lv-602890.jpg?fit=960%2C960&ssl=1&resize=350%2C200","width":350,"height":200,"srcset":"https:\/\/i0.wp.com\/pohjanmaantehtaanmyymala.fi\/wp-content\/uploads\/2023\/05\/Jakata-riipputuoli-lv-602890.jpg?fit=960%2C960&ssl=1&resize=350%2C200 1x, https:\/\/i0.wp.com\/pohjanmaantehtaanmyymala.fi\/wp-content\/uploads\/2023\/05\/Jakata-riipputuoli-lv-602890.jpg?fit=960%2C960&ssl=1&resize=525%2C300 1.5x, https:\/\/i0.wp.com\/pohjanmaantehtaanmyymala.fi\/wp-content\/uploads\/2023\/05\/Jakata-riipputuoli-lv-602890.jpg?fit=960%2C960&ssl=1&resize=700%2C400 2x"},"classes":[]},{"id":24561,"url":"https:\/\/pohjanmaantehtaanmyymala.fi\/sv\/tuote\/vegas-recliner-lepotuoli\/","url_meta":{"origin":20614,"position":5},"title":"Vegas recliner-lepotuoli","author":"Sami Viitala","date":"december 13, 2023","format":false,"excerpt":"Edullinen kiinan recliner-tuoli. Kaksi eri v\u00e4ri\u00e4.","rel":"","context":"Liknande produkt","block_context":{"text":"Liknande produkt","link":""},"img":{"alt_text":"Tenstar Vegas recliner nojatuoli taupe olohuoneessa","src":"https:\/\/i0.wp.com\/pohjanmaantehtaanmyymala.fi\/wp-content\/uploads\/2023\/12\/Vegas_recliner_taupe_Tenstar.jpg?fit=960%2C960&ssl=1&resize=350%2C200","width":350,"height":200,"srcset":"https:\/\/i0.wp.com\/pohjanmaantehtaanmyymala.fi\/wp-content\/uploads\/2023\/12\/Vegas_recliner_taupe_Tenstar.jpg?fit=960%2C960&ssl=1&resize=350%2C200 1x, https:\/\/i0.wp.com\/pohjanmaantehtaanmyymala.fi\/wp-content\/uploads\/2023\/12\/Vegas_recliner_taupe_Tenstar.jpg?fit=960%2C960&ssl=1&resize=525%2C300 1.5x, https:\/\/i0.wp.com\/pohjanmaantehtaanmyymala.fi\/wp-content\/uploads\/2023\/12\/Vegas_recliner_taupe_Tenstar.jpg?fit=960%2C960&ssl=1&resize=700%2C400 2x"},"classes":[]}],"_links":{"self":[{"href":"https:\/\/pohjanmaantehtaanmyymala.fi\/sv\/wp-json\/wp\/v2\/product\/20614","targetHints":{"allow":["GET"]}}],"collection":[{"href":"https:\/\/pohjanmaantehtaanmyymala.fi\/sv\/wp-json\/wp\/v2\/product"}],"about":[{"href":"https:\/\/pohjanmaantehtaanmyymala.fi\/sv\/wp-json\/wp\/v2\/types\/product"}],"replies":[{"embeddable":true,"href":"https:\/\/pohjanmaantehtaanmyymala.fi\/sv\/wp-json\/wp\/v2\/comments?post=20614"}],"wp:featuredmedia":[{"embeddable":true,"href":"https:\/\/pohjanmaantehtaanmyymala.fi\/sv\/wp-json\/wp\/v2\/media\/23055"}],"wp:attachment":[{"href":"https:\/\/pohjanmaantehtaanmyymala.fi\/sv\/wp-json\/wp\/v2\/media?parent=20614"}],"wp:term":[{"taxonomy":"product_brand","embeddable":true,"href":"https:\/\/pohjanmaantehtaanmyymala.fi\/sv\/wp-json\/wp\/v2\/product_brand?post=20614"},{"taxonomy":"product_cat","embeddable":true,"href":"https:\/\/pohjanmaantehtaanmyymala.fi\/sv\/wp-json\/wp\/v2\/product_cat?post=20614"},{"taxonomy":"product_tag","embeddable":true,"href":"https:\/\/pohjanmaantehtaanmyymala.fi\/sv\/wp-json\/wp\/v2\/product_tag?post=20614"}],"curies":[{"name":"wp","href":"https:\/\/api.w.org\/{rel}","templated":true}]}}