{"id":20582,"date":"2022-05-07T19:20:02","date_gmt":"2022-05-07T17:20:02","guid":{"rendered":"https:\/\/pohjanmaantehtaanmyymala.fi\/?post_type=product&#038;p=20582"},"modified":"2025-05-31T09:43:52","modified_gmt":"2025-05-31T07:43:52","slug":"ecofurn-tupla-granny-penkki-manty","status":"publish","type":"product","link":"https:\/\/pohjanmaantehtaanmyymala.fi\/sv\/tuote\/ecofurn-tupla-granny-penkki-manty\/","title":{"rendered":"Ecofurn Tupla-Granny penkki, m\u00e4nty"},"content":{"rendered":"<div class=\"std descr1\">Granny-penkiss\u00e4 on klassikkoainesta, sill\u00e4\u00a0 t\u00e4m\u00e4ntyylisi\u00e4 tuotteita oli paljon k\u00e4yt\u00f6ss\u00e4 jo 50-luvulla. Ecofurnin valmistama ajaton Tupla-Granny sopii monenlaiseen sisustukseen terassille, parvekkeelle ja muihin ulko- ja sis\u00e4tiloihin. Tupla-Granny on kokoontaitettava, joten se on helppo siirt\u00e4\u00e4 ja s\u00e4ilytt\u00e4\u00e4 talven yli varastossa.<\/div>\n<div class=\"std descr1\">\n<p>Granny tuoteperheeseen kuluu my\u00f6s <a href=\"https:\/\/pohjanmaantehtaanmyymala.fi\/tuote\/ecofurn-granny-tuoli-manty\/\">tuoli<\/a> ja p\u00f6yt\u00e4rahi.<\/p>\n<p>Toimitamme edullisesti kaikki tuoteet kotiovellesi tai l\u00e4himm\u00e4lle Matkahuoltopisteelle. Tuotteet ovat pakattu helposti k\u00e4sitelt\u00e4viin kartonkilaatikoihin. Kysy lis\u00e4tietoa <a href=\"https:\/\/pohjanmaantehtaanmyymala.fi\/yhteys\/\">myynist\u00e4mme.<\/a><\/p>\n<p>EcoFurn -tuotteet tehd\u00e4\u00e4n vain pohjoismaisesta FSC-sertifikoidusta massiivipuusta ja ne ovat 100 %:sti kierr\u00e4tett\u00e4vi\u00e4<\/p>\n<\/div>\n<h3>Tuotetiedot:<\/h3>\n<p>Materiaalit: M\u00e4nty<br \/>\nV\u00e4rivaihtoehdot:\u00a0 harmaa, ruskea, musta ja okra sek\u00e4 k\u00e4sittelem\u00e4t\u00f6n m\u00e4nty.<br \/>\nLeveys: 113 cm, Korkeus 80 cm ja syvyys 90 cm<br \/>\nIstuinkorkeus noin 39 cm.<br \/>\nIstuinsyvyys 46 cm<br \/>\nPainorajoitus noin 150 kg<br \/>\nToimitetaan osina kierr\u00e4tett\u00e4v\u00e4ss\u00e4 kartonkilaatikossa, jonka koko on\u00a0<span dir=\"ltr\">108\u00d750\u00d710.5 cm cm<\/span> ja paino n. 19 kg.<\/p>\n<p>Kasausohjeet voit katsoa t\u00e4\u00e4lt\u00e4; <a href=\"https:\/\/ecofurn.eu\/wp-content\/uploads\/2021\/01\/EcoFurn-Granny-products-assembly-and-use.pdf\">Granny-kasausohje<\/a><\/p>\n","protected":false},"excerpt":{"rendered":"<p>M\u00e4yntyinen klassikko puutarhapenkki eri v\u00e4reiss\u00e4. Valitse v\u00e4ri!<\/p>\n","protected":false},"featured_media":20590,"comment_status":"closed","ping_status":"closed","template":"","meta":{"_acf_changed":false,"jetpack_post_was_ever_published":false,"jetpack_publicize_message":"","jetpack_publicize_feature_enabled":true,"jetpack_social_post_already_shared":true,"jetpack_social_options":{"image_generator_settings":{"template":"highway","default_image_id":0,"font":"","enabled":false},"version":2}},"product_brand":[300],"product_cat":[200],"product_tag":[],"class_list":{"0":"post-20582","1":"product","2":"type-product","3":"status-publish","4":"has-post-thumbnail","6":"product_brand-ecofurn","7":"product_cat-kesakalusteet","8":"pa_vari-harmaa","9":"pa_vari-kuultovalkoinen","10":"pa_vari-musta","11":"pa_vari-okra","13":"first","14":"instock","15":"sale","16":"shipping-taxable","17":"purchasable","18":"product-type-variable","19":"has-default-attributes"},"acf":[],"jetpack_publicize_connections":[],"jetpack_sharing_enabled":true,"jetpack-related-posts":[{"id":17200,"url":"https:\/\/pohjanmaantehtaanmyymala.fi\/sv\/tuote\/ecofurn-granny-tuoli-manty\/","url_meta":{"origin":20582,"position":0},"title":"Ecofurn Granny-tuoli, m\u00e4nty","author":"Sami Viitala","date":"april 16, 2021","format":false,"excerpt":"M\u00e4yntyinen klassikko puutarha-tuoli eri v\u00e4reiss\u00e4. Valitse v\u00e4ri!","rel":"","context":"Liknande produkt","block_context":{"text":"Liknande produkt","link":""},"img":{"alt_text":"Granny-tuoli kalliolla","src":"https:\/\/i0.wp.com\/pohjanmaantehtaanmyymala.fi\/wp-content\/uploads\/2021\/04\/Granny_rocks-kalliolla.jpg?fit=1010%2C918&ssl=1&resize=350%2C200","width":350,"height":200,"srcset":"https:\/\/i0.wp.com\/pohjanmaantehtaanmyymala.fi\/wp-content\/uploads\/2021\/04\/Granny_rocks-kalliolla.jpg?fit=1010%2C918&ssl=1&resize=350%2C200 1x, https:\/\/i0.wp.com\/pohjanmaantehtaanmyymala.fi\/wp-content\/uploads\/2021\/04\/Granny_rocks-kalliolla.jpg?fit=1010%2C918&ssl=1&resize=525%2C300 1.5x, https:\/\/i0.wp.com\/pohjanmaantehtaanmyymala.fi\/wp-content\/uploads\/2021\/04\/Granny_rocks-kalliolla.jpg?fit=1010%2C918&ssl=1&resize=700%2C400 2x"},"classes":[]},{"id":17263,"url":"https:\/\/pohjanmaantehtaanmyymala.fi\/sv\/tuote\/tupla-hanna-puutarhapenkki-manty\/","url_meta":{"origin":20582,"position":1},"title":"Tupla-Aino puutarhapenkki, kyll\u00e4stetty m\u00e4nty","author":"Sami Viitala","date":"april 17, 2021","format":false,"excerpt":"M\u00e4yntyinen pihapenkki p\u00f6yt\u00e4tasolla. Valitse v\u00e4ri!","rel":"","context":"Liknande produkt","block_context":{"text":"Liknande produkt","link":""},"img":{"alt_text":"Tupla-Hanna Aino Ville puutarha penkki kyll\u00e4stetty\u00e4 m\u00e4nty\u00e4 ruskea.","src":"https:\/\/i0.wp.com\/pohjanmaantehtaanmyymala.fi\/wp-content\/uploads\/2021\/04\/Aino_Tupla_puutarhapenkki_2.jpg?fit=960%2C960&ssl=1&resize=350%2C200","width":350,"height":200,"srcset":"https:\/\/i0.wp.com\/pohjanmaantehtaanmyymala.fi\/wp-content\/uploads\/2021\/04\/Aino_Tupla_puutarhapenkki_2.jpg?fit=960%2C960&ssl=1&resize=350%2C200 1x, https:\/\/i0.wp.com\/pohjanmaantehtaanmyymala.fi\/wp-content\/uploads\/2021\/04\/Aino_Tupla_puutarhapenkki_2.jpg?fit=960%2C960&ssl=1&resize=525%2C300 1.5x, https:\/\/i0.wp.com\/pohjanmaantehtaanmyymala.fi\/wp-content\/uploads\/2021\/04\/Aino_Tupla_puutarhapenkki_2.jpg?fit=960%2C960&ssl=1&resize=700%2C400 2x"},"classes":[]},{"id":16932,"url":"https:\/\/pohjanmaantehtaanmyymala.fi\/sv\/tuote\/ecofurn-ekotuoli-manty\/","url_meta":{"origin":20582,"position":2},"title":"Ecofurn Ekotuoli, m\u00e4nty","author":"Sami Viitala","date":"april 8, 2021","format":false,"excerpt":"Osta aito ja alkuper\u00e4inen m\u00e4ntyinen Ecotuoli. Valitse v\u00e4ri!","rel":"","context":"Liknande produkt","block_context":{"text":"Liknande produkt","link":""},"img":{"alt_text":"Ecofurn Ecochair ekotuoli harmaa m\u00e4nty","src":"https:\/\/i0.wp.com\/pohjanmaantehtaanmyymala.fi\/wp-content\/uploads\/2021\/04\/90214_EcoChair_pine_grey.jpg?fit=1200%2C1200&ssl=1&resize=350%2C200","width":350,"height":200,"srcset":"https:\/\/i0.wp.com\/pohjanmaantehtaanmyymala.fi\/wp-content\/uploads\/2021\/04\/90214_EcoChair_pine_grey.jpg?fit=1200%2C1200&ssl=1&resize=350%2C200 1x, https:\/\/i0.wp.com\/pohjanmaantehtaanmyymala.fi\/wp-content\/uploads\/2021\/04\/90214_EcoChair_pine_grey.jpg?fit=1200%2C1200&ssl=1&resize=525%2C300 1.5x, https:\/\/i0.wp.com\/pohjanmaantehtaanmyymala.fi\/wp-content\/uploads\/2021\/04\/90214_EcoChair_pine_grey.jpg?fit=1200%2C1200&ssl=1&resize=700%2C400 2x, https:\/\/i0.wp.com\/pohjanmaantehtaanmyymala.fi\/wp-content\/uploads\/2021\/04\/90214_EcoChair_pine_grey.jpg?fit=1200%2C1200&ssl=1&resize=1050%2C600 3x"},"classes":[]},{"id":17007,"url":"https:\/\/pohjanmaantehtaanmyymala.fi\/sv\/tuote\/ecofurn-lilli-poyta-rahi-manty\/","url_meta":{"origin":20582,"position":3},"title":"Ecofurn Lilli p\u00f6yt\u00e4-rahi, m\u00e4nty","author":"Sami Viitala","date":"april 10, 2021","format":false,"excerpt":"Osta aito ja alkuper\u00e4inen m\u00e4ntyinen Ekop\u00f6yt\u00e4 meilt\u00e4! Valitse v\u00e4ri!","rel":"","context":"Liknande produkt","block_context":{"text":"Liknande produkt","link":""},"img":{"alt_text":"EcoFurn Lilli p\u00f6yt\u00e4-rahi valkoinen m\u00e4nty","src":"https:\/\/i0.wp.com\/pohjanmaantehtaanmyymala.fi\/wp-content\/uploads\/2021\/04\/Lilli90580-valkoinen-manty.jpg?fit=1200%2C1200&ssl=1&resize=350%2C200","width":350,"height":200,"srcset":"https:\/\/i0.wp.com\/pohjanmaantehtaanmyymala.fi\/wp-content\/uploads\/2021\/04\/Lilli90580-valkoinen-manty.jpg?fit=1200%2C1200&ssl=1&resize=350%2C200 1x, https:\/\/i0.wp.com\/pohjanmaantehtaanmyymala.fi\/wp-content\/uploads\/2021\/04\/Lilli90580-valkoinen-manty.jpg?fit=1200%2C1200&ssl=1&resize=525%2C300 1.5x, https:\/\/i0.wp.com\/pohjanmaantehtaanmyymala.fi\/wp-content\/uploads\/2021\/04\/Lilli90580-valkoinen-manty.jpg?fit=1200%2C1200&ssl=1&resize=700%2C400 2x, https:\/\/i0.wp.com\/pohjanmaantehtaanmyymala.fi\/wp-content\/uploads\/2021\/04\/Lilli90580-valkoinen-manty.jpg?fit=1200%2C1200&ssl=1&resize=1050%2C600 3x"},"classes":[]},{"id":20678,"url":"https:\/\/pohjanmaantehtaanmyymala.fi\/sv\/tuote\/camp-picnic-poytasetti-150-cm-harmaa\/","url_meta":{"origin":20582,"position":4},"title":"Camp p\u00f6yt\u00e4-penkkisetti 150 cm, harmaa","author":"Sami Viitala","date":"juni 15, 2022","format":false,"excerpt":"M\u00e4ntyinen puutarhap\u00f6yt\u00e4ryhm\u00e4 taittuvilla penkeill\u00e4","rel":"","context":"Liknande produkt","block_context":{"text":"Liknande produkt","link":""},"img":{"alt_text":"Camp-p\u00f6yt\u00e4ryhm\u00e4 taittuvilla penkeill\u00e4 harmaa m\u00e4nty","src":"https:\/\/i0.wp.com\/pohjanmaantehtaanmyymala.fi\/wp-content\/uploads\/2022\/06\/Camp-1-1600x1200-1.jpg?fit=960%2C960&ssl=1&resize=350%2C200","width":350,"height":200,"srcset":"https:\/\/i0.wp.com\/pohjanmaantehtaanmyymala.fi\/wp-content\/uploads\/2022\/06\/Camp-1-1600x1200-1.jpg?fit=960%2C960&ssl=1&resize=350%2C200 1x, https:\/\/i0.wp.com\/pohjanmaantehtaanmyymala.fi\/wp-content\/uploads\/2022\/06\/Camp-1-1600x1200-1.jpg?fit=960%2C960&ssl=1&resize=525%2C300 1.5x, https:\/\/i0.wp.com\/pohjanmaantehtaanmyymala.fi\/wp-content\/uploads\/2022\/06\/Camp-1-1600x1200-1.jpg?fit=960%2C960&ssl=1&resize=700%2C400 2x"},"classes":[]},{"id":23072,"url":"https:\/\/pohjanmaantehtaanmyymala.fi\/sv\/tuote\/country-poytaryhma-penkeilla-valkoinen-harmaa\/","url_meta":{"origin":20582,"position":5},"title":"Country p\u00f6yt\u00e4ryhm\u00e4 penkeill\u00e4 valkoinen\/harmaa","author":"Sami Viitala","date":"juni 27, 2023","format":false,"excerpt":"Korkealuokkainen m\u00e4ntykalustesetti ulkotiloihin.","rel":"","context":"Liknande produkt","block_context":{"text":"Liknande produkt","link":""},"img":{"alt_text":"Country p\u00f6yt\u00e4ryhm\u00e4 penkeill\u00e4, valkoinen\/harmaa","src":"https:\/\/i0.wp.com\/pohjanmaantehtaanmyymala.fi\/wp-content\/uploads\/2022\/06\/Country_poytaryhma.jpg?fit=960%2C960&ssl=1&resize=350%2C200","width":350,"height":200,"srcset":"https:\/\/i0.wp.com\/pohjanmaantehtaanmyymala.fi\/wp-content\/uploads\/2022\/06\/Country_poytaryhma.jpg?fit=960%2C960&ssl=1&resize=350%2C200 1x, https:\/\/i0.wp.com\/pohjanmaantehtaanmyymala.fi\/wp-content\/uploads\/2022\/06\/Country_poytaryhma.jpg?fit=960%2C960&ssl=1&resize=525%2C300 1.5x, https:\/\/i0.wp.com\/pohjanmaantehtaanmyymala.fi\/wp-content\/uploads\/2022\/06\/Country_poytaryhma.jpg?fit=960%2C960&ssl=1&resize=700%2C400 2x"},"classes":[]}],"_links":{"self":[{"href":"https:\/\/pohjanmaantehtaanmyymala.fi\/sv\/wp-json\/wp\/v2\/product\/20582","targetHints":{"allow":["GET"]}}],"collection":[{"href":"https:\/\/pohjanmaantehtaanmyymala.fi\/sv\/wp-json\/wp\/v2\/product"}],"about":[{"href":"https:\/\/pohjanmaantehtaanmyymala.fi\/sv\/wp-json\/wp\/v2\/types\/product"}],"replies":[{"embeddable":true,"href":"https:\/\/pohjanmaantehtaanmyymala.fi\/sv\/wp-json\/wp\/v2\/comments?post=20582"}],"wp:featuredmedia":[{"embeddable":true,"href":"https:\/\/pohjanmaantehtaanmyymala.fi\/sv\/wp-json\/wp\/v2\/media\/20590"}],"wp:attachment":[{"href":"https:\/\/pohjanmaantehtaanmyymala.fi\/sv\/wp-json\/wp\/v2\/media?parent=20582"}],"wp:term":[{"taxonomy":"product_brand","embeddable":true,"href":"https:\/\/pohjanmaantehtaanmyymala.fi\/sv\/wp-json\/wp\/v2\/product_brand?post=20582"},{"taxonomy":"product_cat","embeddable":true,"href":"https:\/\/pohjanmaantehtaanmyymala.fi\/sv\/wp-json\/wp\/v2\/product_cat?post=20582"},{"taxonomy":"product_tag","embeddable":true,"href":"https:\/\/pohjanmaantehtaanmyymala.fi\/sv\/wp-json\/wp\/v2\/product_tag?post=20582"}],"curies":[{"name":"wp","href":"https:\/\/api.w.org\/{rel}","templated":true}]}}