{"id":20535,"date":"2022-05-03T11:48:06","date_gmt":"2022-05-03T09:48:06","guid":{"rendered":"https:\/\/pohjanmaantehtaanmyymala.fi\/?post_type=product&#038;p=20535"},"modified":"2022-09-04T18:16:21","modified_gmt":"2022-09-04T16:16:21","slug":"house-nordic-trieste-tuoli-luonnonvari","status":"publish","type":"product","link":"https:\/\/pohjanmaantehtaanmyymala.fi\/sv\/tuote\/house-nordic-trieste-tuoli-luonnonvari\/","title":{"rendered":"House Nordic Trieste tuoli luonnonv\u00e4ri"},"content":{"rendered":"<p>Tyylik\u00e4s Trieste -nojatuoli luonnonv\u00e4risest\u00e4 polyrottingista. Tuoli k\u00e4y sek\u00e4 ulko- ett\u00e4 sis\u00e4k\u00e4ytt\u00f6\u00f6n. Trieste tuolia voit yhdistell\u00e4 erilaisten p\u00f6ytien kanssa. Tuolissa on kest\u00e4v\u00e4 musta metallirunko ja musta istuinpehmuste.<\/p>\n<h3><strong>Tuotetiedot:<\/strong><\/h3>\n<p>l. 57 cm, k. 82 cm, s. 60 cm<br \/>\nIstuinkorkeus on 43 cm ja -syvyys 41 cm.<br \/>\nKorkeus on lattiasta k\u00e4sinojan yl\u00e4reunaan 67 cm.<br \/>\nMetallirunko ja polyrottinki punos<br \/>\nIstuintyynyss\u00e4 polyesteri kangas<br \/>\nToimitetaan jalat irrallaan<\/p>\n<p>Tuoli toimitetaa pahvipaketissa.<\/p>\n","protected":false},"excerpt":{"rendered":"<p>Upea polyrottinkinen nojatuoli pehmusteella ja metalli jalalla.<\/p>\n","protected":false},"featured_media":20536,"comment_status":"closed","ping_status":"closed","template":"","meta":{"_acf_changed":false,"jetpack_post_was_ever_published":false,"jetpack_publicize_message":"","jetpack_publicize_feature_enabled":true,"jetpack_social_post_already_shared":true,"jetpack_social_options":{"image_generator_settings":{"template":"highway","default_image_id":0,"font":"","enabled":false},"version":2}},"product_brand":[220],"product_cat":[200],"product_tag":[],"class_list":{"0":"post-20535","1":"product","2":"type-product","3":"status-publish","4":"has-post-thumbnail","6":"product_brand-house-nordic","7":"product_cat-kesakalusteet","8":"product_shipping_class-161","10":"first","11":"instock","12":"sale","13":"purchasable","14":"product-type-simple"},"acf":[],"jetpack_publicize_connections":[],"jetpack_sharing_enabled":true,"jetpack-related-posts":[{"id":20561,"url":"https:\/\/pohjanmaantehtaanmyymala.fi\/sv\/tuote\/leon-nojatuoli-jalkarahilla-harmaa\/","url_meta":{"origin":20535,"position":0},"title":"Leon nojatuoli Jalkarahilla harmaa","author":"Sami Viitala","date":"maj 3, 2022","format":false,"excerpt":"N\u00e4ytt\u00e4v\u00e4 polyrottinkinen nojatuoli rahilla","rel":"","context":"Liknande produkt","block_context":{"text":"Liknande produkt","link":""},"img":{"alt_text":"House Nordic Leon nojatuoli ja rahi harmaa polyrottinki","src":"https:\/\/i0.wp.com\/pohjanmaantehtaanmyymala.fi\/wp-content\/uploads\/2022\/05\/Leon-tuoli-ja-rahi-polyrottinki.jpg?fit=960%2C960&ssl=1&resize=350%2C200","width":350,"height":200,"srcset":"https:\/\/i0.wp.com\/pohjanmaantehtaanmyymala.fi\/wp-content\/uploads\/2022\/05\/Leon-tuoli-ja-rahi-polyrottinki.jpg?fit=960%2C960&ssl=1&resize=350%2C200 1x, https:\/\/i0.wp.com\/pohjanmaantehtaanmyymala.fi\/wp-content\/uploads\/2022\/05\/Leon-tuoli-ja-rahi-polyrottinki.jpg?fit=960%2C960&ssl=1&resize=525%2C300 1.5x, https:\/\/i0.wp.com\/pohjanmaantehtaanmyymala.fi\/wp-content\/uploads\/2022\/05\/Leon-tuoli-ja-rahi-polyrottinki.jpg?fit=960%2C960&ssl=1&resize=700%2C400 2x"},"classes":[]},{"id":17302,"url":"https:\/\/pohjanmaantehtaanmyymala.fi\/sv\/tuote\/anders-mekanismituoli-polyrottinki-luonnonvari\/","url_meta":{"origin":20535,"position":1},"title":"Anders \u2013 mekanismituoli polyrottinki luonnonv\u00e4ri","author":"Sami Viitala","date":"april 22, 2021","format":false,"excerpt":"Edullinen lepotuoli mekanismilla l\u00f6h\u00f6ilyyn.","rel":"","context":"Liknande produkt","block_context":{"text":"Liknande produkt","link":""},"img":{"alt_text":"Anders lepotuoli mekanismi tuoli luonnonv\u00e4ri beige","src":"https:\/\/i0.wp.com\/pohjanmaantehtaanmyymala.fi\/wp-content\/uploads\/2021\/04\/Anders-recliner-629025-edesta.jpg?fit=1200%2C1200&ssl=1&resize=350%2C200","width":350,"height":200,"srcset":"https:\/\/i0.wp.com\/pohjanmaantehtaanmyymala.fi\/wp-content\/uploads\/2021\/04\/Anders-recliner-629025-edesta.jpg?fit=1200%2C1200&ssl=1&resize=350%2C200 1x, https:\/\/i0.wp.com\/pohjanmaantehtaanmyymala.fi\/wp-content\/uploads\/2021\/04\/Anders-recliner-629025-edesta.jpg?fit=1200%2C1200&ssl=1&resize=525%2C300 1.5x, https:\/\/i0.wp.com\/pohjanmaantehtaanmyymala.fi\/wp-content\/uploads\/2021\/04\/Anders-recliner-629025-edesta.jpg?fit=1200%2C1200&ssl=1&resize=700%2C400 2x, https:\/\/i0.wp.com\/pohjanmaantehtaanmyymala.fi\/wp-content\/uploads\/2021\/04\/Anders-recliner-629025-edesta.jpg?fit=1200%2C1200&ssl=1&resize=1050%2C600 3x"},"classes":[]},{"id":9487,"url":"https:\/\/pohjanmaantehtaanmyymala.fi\/sv\/tuote\/outfit-anders-mekanismituoli-saadettavalla-selkanojalla\/","url_meta":{"origin":20535,"position":2},"title":"Anders \u2013 mekanismituoli polyrottinki musta\/harmaa","author":"petri","date":"september 14, 2019","format":false,"excerpt":"Edullinen lepotuoli mekanismilla l\u00f6h\u00f6ilyyn.","rel":"","context":"Liknande produkt","block_context":{"text":"Liknande produkt","link":""},"img":{"alt_text":"Anders mekanismituoli polyrottinkia musta harmaat pehmusteet","src":"https:\/\/i0.wp.com\/pohjanmaantehtaanmyymala.fi\/wp-content\/uploads\/2019\/09\/Anders-629040_f.jpg?fit=960%2C960&ssl=1&resize=350%2C200","width":350,"height":200,"srcset":"https:\/\/i0.wp.com\/pohjanmaantehtaanmyymala.fi\/wp-content\/uploads\/2019\/09\/Anders-629040_f.jpg?fit=960%2C960&ssl=1&resize=350%2C200 1x, https:\/\/i0.wp.com\/pohjanmaantehtaanmyymala.fi\/wp-content\/uploads\/2019\/09\/Anders-629040_f.jpg?fit=960%2C960&ssl=1&resize=525%2C300 1.5x, https:\/\/i0.wp.com\/pohjanmaantehtaanmyymala.fi\/wp-content\/uploads\/2019\/09\/Anders-629040_f.jpg?fit=960%2C960&ssl=1&resize=700%2C400 2x"},"classes":[]},{"id":29255,"url":"https:\/\/pohjanmaantehtaanmyymala.fi\/sv\/tuote\/eemil-recliner-tuoli-musta-nahka\/","url_meta":{"origin":20535,"position":3},"title":"Eemil recliner-tuoli musta nahka","author":"Sami Viitala","date":"november 17, 2025","format":false,"excerpt":"Siro recliner-lepotuoli.","rel":"","context":"Liknande produkt","block_context":{"text":"Liknande produkt","link":""},"img":{"alt_text":"Emil recliner nojatuoli lepoasennossa musta soft antique -nahka.","src":"https:\/\/i0.wp.com\/pohjanmaantehtaanmyymala.fi\/wp-content\/uploads\/2025\/11\/Pohjanmaan_Eemil_recliner_musta_auki.jpg?fit=1000%2C1000&ssl=1&resize=350%2C200","width":350,"height":200,"srcset":"https:\/\/i0.wp.com\/pohjanmaantehtaanmyymala.fi\/wp-content\/uploads\/2025\/11\/Pohjanmaan_Eemil_recliner_musta_auki.jpg?fit=1000%2C1000&ssl=1&resize=350%2C200 1x, https:\/\/i0.wp.com\/pohjanmaantehtaanmyymala.fi\/wp-content\/uploads\/2025\/11\/Pohjanmaan_Eemil_recliner_musta_auki.jpg?fit=1000%2C1000&ssl=1&resize=525%2C300 1.5x, https:\/\/i0.wp.com\/pohjanmaantehtaanmyymala.fi\/wp-content\/uploads\/2025\/11\/Pohjanmaan_Eemil_recliner_musta_auki.jpg?fit=1000%2C1000&ssl=1&resize=700%2C400 2x"},"classes":[]},{"id":18931,"url":"https:\/\/pohjanmaantehtaanmyymala.fi\/sv\/tuote\/harbo-tuoli-pu-nahka-musta\/","url_meta":{"origin":20535,"position":4},"title":"Harbo -tuoli, pu-nahka musta","author":"Sami Viitala","date":"november 10, 2021","format":false,"excerpt":"Tyylik\u00e4s keinonahkainen k\u00e4sinojatuoli House Nordicilta.","rel":"","context":"Liknande produkt","block_context":{"text":"Liknande produkt","link":""},"img":{"alt_text":"Harbo k\u00e4sinoja tuoli musta pu-nahka","src":"https:\/\/i0.wp.com\/pohjanmaantehtaanmyymala.fi\/wp-content\/uploads\/2021\/11\/Harbo-tuoli-msuta-1001153.jpg?fit=1000%2C1000&ssl=1&resize=350%2C200","width":350,"height":200,"srcset":"https:\/\/i0.wp.com\/pohjanmaantehtaanmyymala.fi\/wp-content\/uploads\/2021\/11\/Harbo-tuoli-msuta-1001153.jpg?fit=1000%2C1000&ssl=1&resize=350%2C200 1x, https:\/\/i0.wp.com\/pohjanmaantehtaanmyymala.fi\/wp-content\/uploads\/2021\/11\/Harbo-tuoli-msuta-1001153.jpg?fit=1000%2C1000&ssl=1&resize=525%2C300 1.5x, https:\/\/i0.wp.com\/pohjanmaantehtaanmyymala.fi\/wp-content\/uploads\/2021\/11\/Harbo-tuoli-msuta-1001153.jpg?fit=1000%2C1000&ssl=1&resize=700%2C400 2x"},"classes":[]},{"id":21518,"url":"https:\/\/pohjanmaantehtaanmyymala.fi\/sv\/tuote\/brent-tuoli-musta\/","url_meta":{"origin":20535,"position":5},"title":"Brent tuoli musta","author":"Sami Viitala","date":"september 15, 2022","format":false,"excerpt":"Tuote on poistumassa valikoimista, tarkista saatavuus! Rowicon metallirunkoinen Brent-tuoli mustalla PU-istuinveroilulla. Tuoli sopii monenlaiseen sisustukseen. Tuolissa on mukava istuinmukavuus pehmustetun istuinosan ja muotoillun viilutetun puisen selk\u00e4nojan ansiosta. Tuolin siro metallijalka saa tuolin n\u00e4ytt\u00e4m\u00e4\u00e4n kevyelt\u00e4. Tuolin istuinkorkeus 48 cm ja istuin syvyys 42 cm. Tuotetiedot: Verhoilu: PU-keinonahkaa Selk\u00e4noja: tammiviilutettu vaneri Jalka:\u2026","rel":"","context":"Liknande produkt","block_context":{"text":"Liknande produkt","link":""},"img":{"alt_text":"Musta Rowico Brent tuoli sein\u00e4n vieress\u00e4","src":"https:\/\/i0.wp.com\/pohjanmaantehtaanmyymala.fi\/wp-content\/uploads\/2022\/09\/Brent-tuoli-miljookuva.jpg?fit=960%2C960&ssl=1&resize=350%2C200","width":350,"height":200,"srcset":"https:\/\/i0.wp.com\/pohjanmaantehtaanmyymala.fi\/wp-content\/uploads\/2022\/09\/Brent-tuoli-miljookuva.jpg?fit=960%2C960&ssl=1&resize=350%2C200 1x, https:\/\/i0.wp.com\/pohjanmaantehtaanmyymala.fi\/wp-content\/uploads\/2022\/09\/Brent-tuoli-miljookuva.jpg?fit=960%2C960&ssl=1&resize=525%2C300 1.5x, https:\/\/i0.wp.com\/pohjanmaantehtaanmyymala.fi\/wp-content\/uploads\/2022\/09\/Brent-tuoli-miljookuva.jpg?fit=960%2C960&ssl=1&resize=700%2C400 2x"},"classes":[]}],"_links":{"self":[{"href":"https:\/\/pohjanmaantehtaanmyymala.fi\/sv\/wp-json\/wp\/v2\/product\/20535","targetHints":{"allow":["GET"]}}],"collection":[{"href":"https:\/\/pohjanmaantehtaanmyymala.fi\/sv\/wp-json\/wp\/v2\/product"}],"about":[{"href":"https:\/\/pohjanmaantehtaanmyymala.fi\/sv\/wp-json\/wp\/v2\/types\/product"}],"replies":[{"embeddable":true,"href":"https:\/\/pohjanmaantehtaanmyymala.fi\/sv\/wp-json\/wp\/v2\/comments?post=20535"}],"wp:featuredmedia":[{"embeddable":true,"href":"https:\/\/pohjanmaantehtaanmyymala.fi\/sv\/wp-json\/wp\/v2\/media\/20536"}],"wp:attachment":[{"href":"https:\/\/pohjanmaantehtaanmyymala.fi\/sv\/wp-json\/wp\/v2\/media?parent=20535"}],"wp:term":[{"taxonomy":"product_brand","embeddable":true,"href":"https:\/\/pohjanmaantehtaanmyymala.fi\/sv\/wp-json\/wp\/v2\/product_brand?post=20535"},{"taxonomy":"product_cat","embeddable":true,"href":"https:\/\/pohjanmaantehtaanmyymala.fi\/sv\/wp-json\/wp\/v2\/product_cat?post=20535"},{"taxonomy":"product_tag","embeddable":true,"href":"https:\/\/pohjanmaantehtaanmyymala.fi\/sv\/wp-json\/wp\/v2\/product_tag?post=20535"}],"curies":[{"name":"wp","href":"https:\/\/api.w.org\/{rel}","templated":true}]}}