{"id":20291,"date":"2022-03-29T12:08:42","date_gmt":"2022-03-29T10:08:42","guid":{"rendered":"https:\/\/pohjanmaantehtaanmyymala.fi\/?post_type=product&#038;p=20291"},"modified":"2023-12-21T16:51:50","modified_gmt":"2023-12-21T14:51:50","slug":"liisa-vuodetuoli-tarjous","status":"publish","type":"product","link":"https:\/\/pohjanmaantehtaanmyymala.fi\/sv\/tuote\/liisa-vuodetuoli-tarjous\/","title":{"rendered":"LIISA vuodetuoli"},"content":{"rendered":"<p>Edullinen Liisa-vuodesohva helppotoimisella vuodemekanismilla. Tuoli on verhoiltu Malm\u00f6 kankaalla.<br \/>\nVuodestuolista saat levitetty\u00e4 vaivatta varavuoteen jonka koko on 67&#215;195 cm.<br \/>\nVuoteen lis\u00e4ksi tuolista l\u00f6ytyy my\u00f6s istuimen alta k\u00e4teva\u00e4 vuodevaatelaatikko, miss\u00e4 voit s\u00e4ilytt\u00e4\u00e4 peitteen ja tyynyn.<\/p>\n<p>Liisa-mallista on saatavana my\u00f6s muilla v\u00e4reill\u00e4, kysy lis\u00e4tietoja <a href=\"https:\/\/www.pohjanmaantehtaanmyymala.fi\/yhteys\/\">asiakaspalvelustamme!<\/a><\/p>\n<h3>Tuotetiedot:<\/h3>\n<p>Verhoilu: Malm\u00f6, 100 % polyesterikangas, Mardindale 30 000, vesipest\u00e4v\u00e4 30\u009d \u00b0C.<br \/>\nPehmuste: Vaahtomuovi ja polyesterivanu.<br \/>\nRunko: Puu, vaneri ja kovalevy.<\/p>\n<p>Vuodekoko: 67&#215;195 cm<br \/>\nToimitetaan valmiiksi kasattuna.<\/p>\n","protected":false},"excerpt":{"rendered":"<p>Edullinen vuodetuoli s\u00e4ilytyslaatikolla. V\u00e4rivaihtoehdot vaaleanharmaa ja tummanharmaa.<\/p>\n","protected":false},"featured_media":20295,"comment_status":"closed","ping_status":"closed","template":"","meta":{"_acf_changed":false,"jetpack_post_was_ever_published":false,"jetpack_publicize_message":"","jetpack_publicize_feature_enabled":true,"jetpack_social_post_already_shared":true,"jetpack_social_options":{"image_generator_settings":{"template":"highway","default_image_id":0,"font":"","enabled":false},"version":2}},"product_brand":[],"product_cat":[193],"product_tag":[],"class_list":{"0":"post-20291","1":"product","2":"type-product","3":"status-publish","4":"has-post-thumbnail","6":"product_cat-vuodesohvat","7":"product_shipping_class-161","8":"pa_vari-tummanharmaa","9":"pa_vari-vaaleanharmaa","11":"first","12":"instock","13":"sale","14":"purchasable","15":"product-type-variable","16":"has-default-attributes"},"acf":[],"jetpack_publicize_connections":[],"jetpack_sharing_enabled":true,"jetpack-related-posts":[{"id":10945,"url":"https:\/\/pohjanmaantehtaanmyymala.fi\/sv\/tuote\/liisa-vuodesohva-2-istuttava-tarjous\/","url_meta":{"origin":20291,"position":0},"title":"LIISA \u2013 vuodesohva 2 -istuttava TARJOUS!","author":"petri","date":"september 14, 2019","format":false,"excerpt":"Edullinen kahdenistuttava vuodesohva s\u00e4ilytyslaatikolla. Harmaalla Malm\u00f6-kankaalla verhoiltu Liisa-vuodesohva helppotoimisella vuodemekanismilla. Vuodesohvasta saat levitetty\u00e4 vaivatta varavuoteen jonka koko on 120x195 cm. Vuoteen lis\u00e4ksi sohvasta l\u00f6ytyy my\u00f6s istuimen alta k\u00e4teva\u00e4 vuodevaatelaatikko, miss\u00e4 voit s\u00e4ilytt\u00e4\u00e4 peitteet ja tyynyt. Liisa-mallista on saatavana my\u00f6s vuodetuoli, kysy lis\u00e4tietoja asiakaspalvelustamme! Sohva toimitetaan valmiiksi kasattuna.","rel":"","context":"Liknande produkt","block_context":{"text":"Liknande produkt","link":""},"img":{"alt_text":"","src":"https:\/\/i0.wp.com\/pohjanmaantehtaanmyymala.fi\/wp-content\/uploads\/2019\/09\/Liisa_2_istuttava_vuodesohva_3.jpg?fit=960%2C960&ssl=1&resize=350%2C200","width":350,"height":200,"srcset":"https:\/\/i0.wp.com\/pohjanmaantehtaanmyymala.fi\/wp-content\/uploads\/2019\/09\/Liisa_2_istuttava_vuodesohva_3.jpg?fit=960%2C960&ssl=1&resize=350%2C200 1x, https:\/\/i0.wp.com\/pohjanmaantehtaanmyymala.fi\/wp-content\/uploads\/2019\/09\/Liisa_2_istuttava_vuodesohva_3.jpg?fit=960%2C960&ssl=1&resize=525%2C300 1.5x, https:\/\/i0.wp.com\/pohjanmaantehtaanmyymala.fi\/wp-content\/uploads\/2019\/09\/Liisa_2_istuttava_vuodesohva_3.jpg?fit=960%2C960&ssl=1&resize=700%2C400 2x"},"classes":[]},{"id":9448,"url":"https:\/\/pohjanmaantehtaanmyymala.fi\/sv\/tuote\/monika-vuodetuoli\/","url_meta":{"origin":20291,"position":1},"title":"MONIKA NEST &#8211; vuodetuoli","author":"petri","date":"september 14, 2019","format":false,"excerpt":"Tyylik\u00e4s Monika-vuodetuoli! Pohjanmaan kalusteen valmistama tyylik\u00e4s Monika-vuodetuoli jossa hyv\u00e4n istuttavuuden lis\u00e4ksi mukava ja helppok\u00e4ytt\u00f6inen vierass\u00e4nky. Vuodekoko Monika- vuodetuolissa on 76*205 cm. Monikasta on my\u00f6s saatavana vuodesohvat. Kysy lis\u00e4\u00e4 myynnist\u00e4mme. Tuotetiedot: Katso tuotekortti t\u00e4st\u00e4! Runko: Massiivipuu vaneri ja kovalevy. (takuu 20-vuotta) Istuinpehmusteet: no-zag jouset HR35140 vaahtomuovi. Selk\u00e4pehmusteet: Vanutyyny. Jalat: Massiivipuu Kangas:\u2026","rel":"","context":"Liknande produkt","block_context":{"text":"Liknande produkt","link":""},"img":{"alt_text":"","src":"https:\/\/i0.wp.com\/pohjanmaantehtaanmyymala.fi\/wp-content\/uploads\/2019\/06\/Monika-Chair-Sleeper-Luna24-1.jpg?fit=960%2C960&ssl=1&resize=350%2C200","width":350,"height":200,"srcset":"https:\/\/i0.wp.com\/pohjanmaantehtaanmyymala.fi\/wp-content\/uploads\/2019\/06\/Monika-Chair-Sleeper-Luna24-1.jpg?fit=960%2C960&ssl=1&resize=350%2C200 1x, https:\/\/i0.wp.com\/pohjanmaantehtaanmyymala.fi\/wp-content\/uploads\/2019\/06\/Monika-Chair-Sleeper-Luna24-1.jpg?fit=960%2C960&ssl=1&resize=525%2C300 1.5x, https:\/\/i0.wp.com\/pohjanmaantehtaanmyymala.fi\/wp-content\/uploads\/2019\/06\/Monika-Chair-Sleeper-Luna24-1.jpg?fit=960%2C960&ssl=1&resize=700%2C400 2x"},"classes":[]},{"id":26461,"url":"https:\/\/pohjanmaantehtaanmyymala.fi\/sv\/tuote\/fantasy-vuodetuoli\/","url_meta":{"origin":20291,"position":2},"title":"Fantasy Level vuodetuoli","author":"Miro Nevala","date":"september 11, 2024","format":false,"excerpt":"N\u00e4ytt\u00e4v\u00e4 lepotuoli joka avautuu vuoteeksi silm\u00e4nr\u00e4p\u00e4yksess\u00e4!","rel":"","context":"Liknande produkt","block_context":{"text":"Liknande produkt","link":""},"img":{"alt_text":"Fantasy level vuodetuoli edest\u00e4","src":"https:\/\/i0.wp.com\/pohjanmaantehtaanmyymala.fi\/wp-content\/uploads\/2024\/03\/Fantasy-level-vuodetuoli-edesta%CC%88-eri-kangas.jpg?fit=960%2C960&ssl=1&resize=350%2C200","width":350,"height":200,"srcset":"https:\/\/i0.wp.com\/pohjanmaantehtaanmyymala.fi\/wp-content\/uploads\/2024\/03\/Fantasy-level-vuodetuoli-edesta%CC%88-eri-kangas.jpg?fit=960%2C960&ssl=1&resize=350%2C200 1x, https:\/\/i0.wp.com\/pohjanmaantehtaanmyymala.fi\/wp-content\/uploads\/2024\/03\/Fantasy-level-vuodetuoli-edesta%CC%88-eri-kangas.jpg?fit=960%2C960&ssl=1&resize=525%2C300 1.5x, https:\/\/i0.wp.com\/pohjanmaantehtaanmyymala.fi\/wp-content\/uploads\/2024\/03\/Fantasy-level-vuodetuoli-edesta%CC%88-eri-kangas.jpg?fit=960%2C960&ssl=1&resize=700%2C400 2x"},"classes":[]},{"id":13487,"url":"https:\/\/pohjanmaantehtaanmyymala.fi\/sv\/tuote\/erika-vuodetuoli-luna-kankaalla\/","url_meta":{"origin":20291,"position":3},"title":"America Nest &#8211; vuodetuoli Luna-kankaalla","author":"Sami Viitala","date":"september 24, 2020","format":false,"excerpt":"Pohjanmaan Kalusteen valmistama tyylik\u00e4s vuodetuoli, jossa hyv\u00e4n istuttavuuden lis\u00e4ksi laadukas vuodemekanismi.","rel":"","context":"Liknande produkt","block_context":{"text":"Liknande produkt","link":""},"img":{"alt_text":"America Erika vuodetuoli Luna kankaalla","src":"https:\/\/i0.wp.com\/pohjanmaantehtaanmyymala.fi\/wp-content\/uploads\/2020\/09\/Erika_1kin_Luna29_2.jpg?fit=1200%2C1200&ssl=1&resize=350%2C200","width":350,"height":200,"srcset":"https:\/\/i0.wp.com\/pohjanmaantehtaanmyymala.fi\/wp-content\/uploads\/2020\/09\/Erika_1kin_Luna29_2.jpg?fit=1200%2C1200&ssl=1&resize=350%2C200 1x, https:\/\/i0.wp.com\/pohjanmaantehtaanmyymala.fi\/wp-content\/uploads\/2020\/09\/Erika_1kin_Luna29_2.jpg?fit=1200%2C1200&ssl=1&resize=525%2C300 1.5x, https:\/\/i0.wp.com\/pohjanmaantehtaanmyymala.fi\/wp-content\/uploads\/2020\/09\/Erika_1kin_Luna29_2.jpg?fit=1200%2C1200&ssl=1&resize=700%2C400 2x, https:\/\/i0.wp.com\/pohjanmaantehtaanmyymala.fi\/wp-content\/uploads\/2020\/09\/Erika_1kin_Luna29_2.jpg?fit=1200%2C1200&ssl=1&resize=1050%2C600 3x"},"classes":[]},{"id":25362,"url":"https:\/\/pohjanmaantehtaanmyymala.fi\/sv\/tuote\/leo-leksa-vuodetuoli-leo-kankaalla\/","url_meta":{"origin":20291,"position":4},"title":"Leo &#8221;Leksa&#8221;- vuodetuoli Leo-kankaalla","author":"Miro Nevala","date":"september 21, 2024","format":false,"excerpt":"Mukava nojatuoli, joka tarjoaa my\u00f6s erinomaisen nukkumiskokemuksen!","rel":"","context":"Liknande produkt","block_context":{"text":"Liknande produkt","link":""},"img":{"alt_text":"Leo vuodetuoli oranssi","src":"https:\/\/i0.wp.com\/pohjanmaantehtaanmyymala.fi\/wp-content\/uploads\/2024\/02\/Leo-vuodetuoli-960dpi.jpg?fit=960%2C960&ssl=1&resize=350%2C200","width":350,"height":200,"srcset":"https:\/\/i0.wp.com\/pohjanmaantehtaanmyymala.fi\/wp-content\/uploads\/2024\/02\/Leo-vuodetuoli-960dpi.jpg?fit=960%2C960&ssl=1&resize=350%2C200 1x, https:\/\/i0.wp.com\/pohjanmaantehtaanmyymala.fi\/wp-content\/uploads\/2024\/02\/Leo-vuodetuoli-960dpi.jpg?fit=960%2C960&ssl=1&resize=525%2C300 1.5x, https:\/\/i0.wp.com\/pohjanmaantehtaanmyymala.fi\/wp-content\/uploads\/2024\/02\/Leo-vuodetuoli-960dpi.jpg?fit=960%2C960&ssl=1&resize=700%2C400 2x"},"classes":[]},{"id":9392,"url":"https:\/\/pohjanmaantehtaanmyymala.fi\/sv\/tuote\/bella-vuodetuoli-tec-kangas-musta\/","url_meta":{"origin":20291,"position":5},"title":"BELLA \u2013 vuodetuoli Barcelona-kankaalla","author":"petri","date":"september 14, 2019","format":false,"excerpt":"Tyylik\u00e4s ja kest\u00e4v\u00e4 vuodetuoli sopii vaikka hotellik\u00e4ytt\u00f6\u00f6n. Bella-vuodetuolissa on kest\u00e4v\u00e4 King-mekanismi. Bellan mekanismi avautuu k\u00e4tev\u00e4sti eteenp\u00e4in. Saatavilla useilla eri v\u00e4reill\u00e4. Kysyy asiakaspalvelustamme lis\u00e4\u00e4. Tuotetiedot: Mitat: leveys 97 cm, syvyys 85 cm, korkeus 88 cm. Vuodekoko 68x190cm Mekanismin runko on valmistettu metallista ja puusta pehmusteena laadukas vaahtomuovi. Tuoli on verhoiltu kest\u00e4v\u00e4ll\u00e4\u2026","rel":"","context":"Liknande produkt","block_context":{"text":"Liknande produkt","link":""},"img":{"alt_text":"","src":"https:\/\/i0.wp.com\/pohjanmaantehtaanmyymala.fi\/wp-content\/uploads\/2019\/09\/Bella-1-istuttava-musta-auki.jpg?fit=960%2C960&ssl=1&resize=350%2C200","width":350,"height":200,"srcset":"https:\/\/i0.wp.com\/pohjanmaantehtaanmyymala.fi\/wp-content\/uploads\/2019\/09\/Bella-1-istuttava-musta-auki.jpg?fit=960%2C960&ssl=1&resize=350%2C200 1x, https:\/\/i0.wp.com\/pohjanmaantehtaanmyymala.fi\/wp-content\/uploads\/2019\/09\/Bella-1-istuttava-musta-auki.jpg?fit=960%2C960&ssl=1&resize=525%2C300 1.5x, https:\/\/i0.wp.com\/pohjanmaantehtaanmyymala.fi\/wp-content\/uploads\/2019\/09\/Bella-1-istuttava-musta-auki.jpg?fit=960%2C960&ssl=1&resize=700%2C400 2x"},"classes":[]}],"_links":{"self":[{"href":"https:\/\/pohjanmaantehtaanmyymala.fi\/sv\/wp-json\/wp\/v2\/product\/20291","targetHints":{"allow":["GET"]}}],"collection":[{"href":"https:\/\/pohjanmaantehtaanmyymala.fi\/sv\/wp-json\/wp\/v2\/product"}],"about":[{"href":"https:\/\/pohjanmaantehtaanmyymala.fi\/sv\/wp-json\/wp\/v2\/types\/product"}],"replies":[{"embeddable":true,"href":"https:\/\/pohjanmaantehtaanmyymala.fi\/sv\/wp-json\/wp\/v2\/comments?post=20291"}],"wp:featuredmedia":[{"embeddable":true,"href":"https:\/\/pohjanmaantehtaanmyymala.fi\/sv\/wp-json\/wp\/v2\/media\/20295"}],"wp:attachment":[{"href":"https:\/\/pohjanmaantehtaanmyymala.fi\/sv\/wp-json\/wp\/v2\/media?parent=20291"}],"wp:term":[{"taxonomy":"product_brand","embeddable":true,"href":"https:\/\/pohjanmaantehtaanmyymala.fi\/sv\/wp-json\/wp\/v2\/product_brand?post=20291"},{"taxonomy":"product_cat","embeddable":true,"href":"https:\/\/pohjanmaantehtaanmyymala.fi\/sv\/wp-json\/wp\/v2\/product_cat?post=20291"},{"taxonomy":"product_tag","embeddable":true,"href":"https:\/\/pohjanmaantehtaanmyymala.fi\/sv\/wp-json\/wp\/v2\/product_tag?post=20291"}],"curies":[{"name":"wp","href":"https:\/\/api.w.org\/{rel}","templated":true}]}}