{"id":20244,"date":"2022-03-28T15:21:31","date_gmt":"2022-03-28T13:21:31","guid":{"rendered":"https:\/\/pohjanmaantehtaanmyymala.fi\/?post_type=product&#038;p=20244"},"modified":"2026-02-01T00:21:30","modified_gmt":"2026-01-31T22:21:30","slug":"hilding-flex28-saatopohja","status":"publish","type":"product","link":"https:\/\/pohjanmaantehtaanmyymala.fi\/sv\/tuote\/hilding-flex28-saatopohja\/","title":{"rendered":"Hilding Flex28 s\u00e4\u00e4t\u00f6pohja 80&#215;200 cm"},"content":{"rendered":"<p>Flex -moottoripohjalla voit muuttaa perinteinen s\u00e4nkysi k\u00e4tev\u00e4sti moottoris\u00e4ngyksi. T\u00e4m\u00e4 Hildingin s\u00e4\u00e4t\u00f6pohja sopii kaikkiin 200 cm pitkiin s\u00e4ngynrunkoihin. S\u00e4\u00e4t\u00f6pohja sis\u00e4lt\u00e4\u00e4 langattoman kaukos\u00e4\u00e4timen, jolla voit s\u00e4\u00e4t\u00e4\u00e4 jalka tai p\u00e4\u00e4p\u00e4\u00e4dyn korkeuden haluamaasi asentoon portaattomasti.<\/p>\n<p>Moottoripohja on helppo asentaa s\u00e4ngyn pohjas\u00e4leiden tilalle. Sopii my\u00f6s asennettavaksi useimpiin 160 cm leveivisiin paris\u00e4nkyihin.<\/p>\n<p>Moottoripohjan tarvitsema vapaa tila s\u00e4ngyn alla on 12 cm. Pohjan rungon korkeus on 6 cm, eli on huomioitava korvattaessa s\u00e4ngyn vanha s\u00e4lepohja moottoripohjalla, ett\u00e4 patjan korkeus nousee noin. 5 cm.<\/p>\n<p>Saatavana my\u00f6s <a href=\"https:\/\/pohjanmaantehtaanmyymala.fi\/tuote\/hilding-flex28-saatopohja-90x200-cm\/\" target=\"_blank\" rel=\"noopener\">90&#215;200 cm kokoisena.<\/a><\/p>\n<h3>Tuotetiedot:<\/h3>\n<p>Koko: 80&#215;200 cm<br \/>\nKorkeus: 17 cm<br \/>\nPohjassa on 28 puista joustos\u00e4lett\u00e4.<br \/>\nIstuinvy\u00f6hykkeess\u00e4 s\u00e4\u00e4dett\u00e4v\u00e4t kaksois-s\u00e4leet<br \/>\nAutomaattinen niskatuki<br \/>\nHiljainen kaksoismoottori<br \/>\n2 vuoden takuu moottoreilla<br \/>\nLangaton kaukos\u00e4\u00e4din<\/p>\n<p>Toimitetaan pahvipakkauksessa, paino 28 kg.<\/p>\n<p>Katso t\u00e4st\u00e4 <a href=\"https:\/\/pohjanmaantehtaanmyymala.kuvat.fi\/kuvat\/HildingAnders\/Flex+28+T5+Instruktion_Ohje.pdf\" target=\"_blank\" rel=\"noopener\">moottoripohjan k\u00e4ytt\u00f6ohje!<\/a><\/p>\n","protected":false},"excerpt":{"rendered":"<p>Markkinoiden paras moottoripohja perinteiseen s\u00e4nkyyn.<\/p>\n","protected":false},"featured_media":20249,"comment_status":"closed","ping_status":"closed","template":"","meta":{"_acf_changed":false,"jetpack_post_was_ever_published":false,"jetpack_publicize_message":"","jetpack_publicize_feature_enabled":true,"jetpack_social_post_already_shared":true,"jetpack_social_options":{"image_generator_settings":{"template":"highway","default_image_id":0,"font":"","enabled":false},"version":2}},"product_brand":[203],"product_cat":[198,204],"product_tag":[],"class_list":{"0":"post-20244","1":"product","2":"type-product","3":"status-publish","4":"has-post-thumbnail","6":"product_brand-hilding","7":"product_cat-patjat-ja-sangyt","8":"product_cat-seniorikalusteet","9":"product_shipping_class-161","10":"pa_koko-80x200-cm","11":"pa_koko-90x200-cm","13":"first","14":"instock","15":"purchasable","16":"product-type-simple"},"acf":[],"jetpack_publicize_connections":[],"jetpack_sharing_enabled":true,"jetpack-related-posts":[{"id":27618,"url":"https:\/\/pohjanmaantehtaanmyymala.fi\/sv\/tuote\/hilding-flex28-saatopohja-90x200-cm\/","url_meta":{"origin":20244,"position":0},"title":"Hilding Flex28 s\u00e4\u00e4t\u00f6pohja 90&#215;200 cm","author":"Sami Viitala","date":"november 21, 2024","format":false,"excerpt":"Markkinoiden paras moottoripohja perinteiseen s\u00e4nkyyn.","rel":"","context":"Liknande produkt","block_context":{"text":"Liknande produkt","link":""},"img":{"alt_text":"Hilding Flex28 moottopohja","src":"https:\/\/i0.wp.com\/pohjanmaantehtaanmyymala.fi\/wp-content\/uploads\/2022\/03\/Flex28-saatopohja-Hilding-80-90.jpg?fit=960%2C960&ssl=1&resize=350%2C200","width":350,"height":200,"srcset":"https:\/\/i0.wp.com\/pohjanmaantehtaanmyymala.fi\/wp-content\/uploads\/2022\/03\/Flex28-saatopohja-Hilding-80-90.jpg?fit=960%2C960&ssl=1&resize=350%2C200 1x, https:\/\/i0.wp.com\/pohjanmaantehtaanmyymala.fi\/wp-content\/uploads\/2022\/03\/Flex28-saatopohja-Hilding-80-90.jpg?fit=960%2C960&ssl=1&resize=525%2C300 1.5x, https:\/\/i0.wp.com\/pohjanmaantehtaanmyymala.fi\/wp-content\/uploads\/2022\/03\/Flex28-saatopohja-Hilding-80-90.jpg?fit=960%2C960&ssl=1&resize=700%2C400 2x"},"classes":[]},{"id":21090,"url":"https:\/\/pohjanmaantehtaanmyymala.fi\/sv\/tuote\/uness-sapfir-saatopohja-80x200-cm\/","url_meta":{"origin":20244,"position":1},"title":"Uness Sapfir s\u00e4\u00e4t\u00f6pohja 80&#215;200 cm","author":"Sami Viitala","date":"september 3, 2022","format":false,"excerpt":"Sapfir-moottoripohjalla voit muuttaa perinteinen s\u00e4nkysi k\u00e4tev\u00e4sti moottoris\u00e4ngyksi. T\u00e4m\u00e4 Uness:n s\u00e4\u00e4t\u00f6pohja sopii kaikkiin 200 cm pitkiin s\u00e4ngynrunkoihin. Moottoripohja on helppo asentaa s\u00e4ngyn pohjas\u00e4leiden tilalle. Esimerkiksi 160 cm perinteiseen paris\u00e4nkyyn voit asentaa kaksi moottoripohjaa vierekk\u00e4in. S\u00e4\u00e4t\u00f6pohja sis\u00e4lt\u00e4\u00e4 langattoman kaukos\u00e4\u00e4timen, jolla voit s\u00e4\u00e4t\u00e4\u00e4 jalka tai p\u00e4\u00e4p\u00e4\u00e4dyn korkeuden haluamaasi asentoon portaattomasti. Tuotetiedot: Korkeus 5\u2026","rel":"","context":"Liknande produkt","block_context":{"text":"Liknande produkt","link":""},"img":{"alt_text":"Sapfir mottori\/s\u00e4\u00e4t\u00f6pohja 80 cm leve\u00e4\u00e4n s\u00e4nkyyn","src":"https:\/\/i0.wp.com\/pohjanmaantehtaanmyymala.fi\/wp-content\/uploads\/2022\/09\/Sapfir_moottoripohja_80.jpg?fit=960%2C960&ssl=1&resize=350%2C200","width":350,"height":200,"srcset":"https:\/\/i0.wp.com\/pohjanmaantehtaanmyymala.fi\/wp-content\/uploads\/2022\/09\/Sapfir_moottoripohja_80.jpg?fit=960%2C960&ssl=1&resize=350%2C200 1x, https:\/\/i0.wp.com\/pohjanmaantehtaanmyymala.fi\/wp-content\/uploads\/2022\/09\/Sapfir_moottoripohja_80.jpg?fit=960%2C960&ssl=1&resize=525%2C300 1.5x, https:\/\/i0.wp.com\/pohjanmaantehtaanmyymala.fi\/wp-content\/uploads\/2022\/09\/Sapfir_moottoripohja_80.jpg?fit=960%2C960&ssl=1&resize=700%2C400 2x"},"classes":[]},{"id":27617,"url":"https:\/\/pohjanmaantehtaanmyymala.fi\/sv\/tuote\/kiteen-medilift-saatopohja-sankyyn\/","url_meta":{"origin":20244,"position":2},"title":"Kiteen medilift s\u00e4\u00e4t\u00f6pohja s\u00e4nkyyn","author":"Sami Viitala","date":"november 21, 2024","format":false,"excerpt":"Markkinoiden paras Medilift -moottoripohja nostotoiminnolla, kaksi eri kokoa.","rel":"","context":"Liknande produkt","block_context":{"text":"Liknande produkt","link":""},"img":{"alt_text":"Kiteen hoiva medilift s\u00e4\u00e4topohja s\u00e4nkyyn","src":"https:\/\/i0.wp.com\/pohjanmaantehtaanmyymala.fi\/wp-content\/uploads\/2024\/11\/Hoiva-moottoripohja-700x700-1.jpg?fit=960%2C960&ssl=1&resize=350%2C200","width":350,"height":200,"srcset":"https:\/\/i0.wp.com\/pohjanmaantehtaanmyymala.fi\/wp-content\/uploads\/2024\/11\/Hoiva-moottoripohja-700x700-1.jpg?fit=960%2C960&ssl=1&resize=350%2C200 1x, https:\/\/i0.wp.com\/pohjanmaantehtaanmyymala.fi\/wp-content\/uploads\/2024\/11\/Hoiva-moottoripohja-700x700-1.jpg?fit=960%2C960&ssl=1&resize=525%2C300 1.5x, https:\/\/i0.wp.com\/pohjanmaantehtaanmyymala.fi\/wp-content\/uploads\/2024\/11\/Hoiva-moottoripohja-700x700-1.jpg?fit=960%2C960&ssl=1&resize=700%2C400 2x"},"classes":[]},{"id":21081,"url":"https:\/\/pohjanmaantehtaanmyymala.fi\/sv\/tuote\/uness-sapfir-saatopohja-90x200-cm\/","url_meta":{"origin":20244,"position":3},"title":"Uness Sapfir s\u00e4\u00e4t\u00f6pohja 90&#215;200 cm","author":"Sami Viitala","date":"september 3, 2022","format":false,"excerpt":"Sapfir-moottoripohjalla voit muuttaa perinteinen s\u00e4nkysi k\u00e4tev\u00e4sti moottoris\u00e4ngyksi. T\u00e4m\u00e4 Uness:n s\u00e4\u00e4t\u00f6pohja sopii kaikkiin 200 cm pitkiin s\u00e4ngynrunkoihin. S\u00e4\u00e4t\u00f6pohja sis\u00e4lt\u00e4\u00e4 langattoman kaukos\u00e4\u00e4timen, jolla voit s\u00e4\u00e4t\u00e4\u00e4 jalka tai p\u00e4\u00e4p\u00e4\u00e4dyn korkeuden haluamaasi asentoon portaattomasti. Moottoripohja on helppo asentaa s\u00e4ngyn pohjas\u00e4leiden tilalle. Tuotetiedot: Korkeus 5 cm. Pohjassa 28 puista joustos\u00e4lett\u00e4 Istuinvy\u00f6hykkeess\u00e4 s\u00e4\u00e4dett\u00e4v\u00e4t kaksois-s\u00e4leet Automaattinen niskatuki\u2026","rel":"","context":"Liknande produkt","block_context":{"text":"Liknande produkt","link":""},"img":{"alt_text":"Sapfir mottori\/s\u00e4\u00e4t\u00f6pohja 90 cm leve\u00e4","src":"https:\/\/i0.wp.com\/pohjanmaantehtaanmyymala.fi\/wp-content\/uploads\/2022\/09\/Sapfir_moottoripohja.jpg?fit=960%2C960&ssl=1&resize=350%2C200","width":350,"height":200,"srcset":"https:\/\/i0.wp.com\/pohjanmaantehtaanmyymala.fi\/wp-content\/uploads\/2022\/09\/Sapfir_moottoripohja.jpg?fit=960%2C960&ssl=1&resize=350%2C200 1x, https:\/\/i0.wp.com\/pohjanmaantehtaanmyymala.fi\/wp-content\/uploads\/2022\/09\/Sapfir_moottoripohja.jpg?fit=960%2C960&ssl=1&resize=525%2C300 1.5x, https:\/\/i0.wp.com\/pohjanmaantehtaanmyymala.fi\/wp-content\/uploads\/2022\/09\/Sapfir_moottoripohja.jpg?fit=960%2C960&ssl=1&resize=700%2C400 2x"},"classes":[]},{"id":10869,"url":"https:\/\/pohjanmaantehtaanmyymala.fi\/sv\/tuote\/eden-1-moottorisanky\/","url_meta":{"origin":20244,"position":4},"title":"EDEN 1 -moottoris\u00e4nky","author":"petri","date":"september 14, 2019","format":false,"excerpt":"S\u00e4\u00e4t\u00f6s\u00e4nky, jos on valittavana kaksi eri leveytt\u00e4.","rel":"","context":"Liknande produkt","block_context":{"text":"Liknande produkt","link":""},"img":{"alt_text":"","src":"https:\/\/i0.wp.com\/pohjanmaantehtaanmyymala.fi\/wp-content\/uploads\/2019\/09\/Eden1-moottoris%C3%A4nky.jpg?fit=960%2C960&ssl=1&resize=350%2C200","width":350,"height":200,"srcset":"https:\/\/i0.wp.com\/pohjanmaantehtaanmyymala.fi\/wp-content\/uploads\/2019\/09\/Eden1-moottoris%C3%A4nky.jpg?fit=960%2C960&ssl=1&resize=350%2C200 1x, https:\/\/i0.wp.com\/pohjanmaantehtaanmyymala.fi\/wp-content\/uploads\/2019\/09\/Eden1-moottoris%C3%A4nky.jpg?fit=960%2C960&ssl=1&resize=525%2C300 1.5x, https:\/\/i0.wp.com\/pohjanmaantehtaanmyymala.fi\/wp-content\/uploads\/2019\/09\/Eden1-moottoris%C3%A4nky.jpg?fit=960%2C960&ssl=1&resize=700%2C400 2x"},"classes":[]},{"id":20224,"url":"https:\/\/pohjanmaantehtaanmyymala.fi\/sv\/tuote\/notte-sanky-160x200-cm-koivu\/","url_meta":{"origin":20244,"position":5},"title":"Notte s\u00e4nky 160&#215;200 cm koivu","author":"Sami Viitala","date":"mars 28, 2022","format":false,"excerpt":"Kiteen Huonekalutehtaan valmistama Notte koivus\u00e4nky on trendikk\u00e4\u00e4n tyylik\u00e4s, ja moderniin kotiin hyvin. S\u00e4nky\u00e4 on saatavana luonnonv\u00e4risen\u00e4 ja valkoisena. S\u00e4ngyn mukana tulee puinen s\u00e4lepohja. Patjat eiv\u00e4t kuulu hintaan. S\u00e4nky\u00e4 on saatavana my\u00f6s 180 cm leve\u00e4n\u00e4. S\u00e4nkyyn on my\u00f6s tarjolla s\u00e4\u00e4dett\u00e4v\u00e4 moottoripohja. S\u00e4ngyn kokonaismitat: Leveys: 169cm Syvyys: 207cm S\u00e4ngyn alle j\u00e4\u00e4v\u00e4n tilan\u2026","rel":"","context":"Liknande produkt","block_context":{"text":"Liknande produkt","link":""},"img":{"alt_text":"Kiteen Notte paris\u00e4nky koivu","src":"https:\/\/i0.wp.com\/pohjanmaantehtaanmyymala.fi\/wp-content\/uploads\/2022\/03\/Kiteen_Notte_sanky_koivu.jpg?fit=960%2C960&ssl=1&resize=350%2C200","width":350,"height":200,"srcset":"https:\/\/i0.wp.com\/pohjanmaantehtaanmyymala.fi\/wp-content\/uploads\/2022\/03\/Kiteen_Notte_sanky_koivu.jpg?fit=960%2C960&ssl=1&resize=350%2C200 1x, https:\/\/i0.wp.com\/pohjanmaantehtaanmyymala.fi\/wp-content\/uploads\/2022\/03\/Kiteen_Notte_sanky_koivu.jpg?fit=960%2C960&ssl=1&resize=525%2C300 1.5x, https:\/\/i0.wp.com\/pohjanmaantehtaanmyymala.fi\/wp-content\/uploads\/2022\/03\/Kiteen_Notte_sanky_koivu.jpg?fit=960%2C960&ssl=1&resize=700%2C400 2x"},"classes":[]}],"_links":{"self":[{"href":"https:\/\/pohjanmaantehtaanmyymala.fi\/sv\/wp-json\/wp\/v2\/product\/20244","targetHints":{"allow":["GET"]}}],"collection":[{"href":"https:\/\/pohjanmaantehtaanmyymala.fi\/sv\/wp-json\/wp\/v2\/product"}],"about":[{"href":"https:\/\/pohjanmaantehtaanmyymala.fi\/sv\/wp-json\/wp\/v2\/types\/product"}],"replies":[{"embeddable":true,"href":"https:\/\/pohjanmaantehtaanmyymala.fi\/sv\/wp-json\/wp\/v2\/comments?post=20244"}],"wp:featuredmedia":[{"embeddable":true,"href":"https:\/\/pohjanmaantehtaanmyymala.fi\/sv\/wp-json\/wp\/v2\/media\/20249"}],"wp:attachment":[{"href":"https:\/\/pohjanmaantehtaanmyymala.fi\/sv\/wp-json\/wp\/v2\/media?parent=20244"}],"wp:term":[{"taxonomy":"product_brand","embeddable":true,"href":"https:\/\/pohjanmaantehtaanmyymala.fi\/sv\/wp-json\/wp\/v2\/product_brand?post=20244"},{"taxonomy":"product_cat","embeddable":true,"href":"https:\/\/pohjanmaantehtaanmyymala.fi\/sv\/wp-json\/wp\/v2\/product_cat?post=20244"},{"taxonomy":"product_tag","embeddable":true,"href":"https:\/\/pohjanmaantehtaanmyymala.fi\/sv\/wp-json\/wp\/v2\/product_tag?post=20244"}],"curies":[{"name":"wp","href":"https:\/\/api.w.org\/{rel}","templated":true}]}}