{"id":20224,"date":"2022-03-28T12:35:56","date_gmt":"2022-03-28T10:35:56","guid":{"rendered":"https:\/\/pohjanmaantehtaanmyymala.fi\/?post_type=product&#038;p=20224"},"modified":"2025-12-03T13:56:35","modified_gmt":"2025-12-03T11:56:35","slug":"notte-sanky-160x200-cm-koivu","status":"publish","type":"product","link":"https:\/\/pohjanmaantehtaanmyymala.fi\/sv\/tuote\/notte-sanky-160x200-cm-koivu\/","title":{"rendered":"Notte s\u00e4nky 160&#215;200 cm koivu"},"content":{"rendered":"<p>Kiteen Huonekalutehtaan valmistama Notte koivus\u00e4nky on trendikk\u00e4\u00e4n tyylik\u00e4s, ja moderniin kotiin hyvin. S\u00e4nky\u00e4 on saatavana luonnonv\u00e4risen\u00e4 ja valkoisena.<\/p>\n<p>S\u00e4ngyn mukana tulee puinen s\u00e4lepohja. Patjat eiv\u00e4t kuulu hintaan.<\/p>\n<p>S\u00e4nky\u00e4 on saatavana my\u00f6s 180 cm leve\u00e4n\u00e4.<\/p>\n<p>S\u00e4nkyyn on my\u00f6s tarjolla s\u00e4\u00e4dett\u00e4v\u00e4 moottoripohja.<\/p>\n<p>S\u00e4ngyn kokonaismitat:<br \/>\nLeveys: 169cm<br \/>\nSyvyys: 207cm<\/p>\n<p>S\u00e4ngyn alle j\u00e4\u00e4v\u00e4n tilan korkeus: 26 cm<\/p>\n","protected":false},"excerpt":{"rendered":"<p>Kiteen Huonekalutehtaan valmistama Notte koivus\u00e4nky on trendikk\u00e4\u00e4n tyylik\u00e4s, ja moderniin kotiin hyvin. S\u00e4nky\u00e4 on saatavana luonnonv\u00e4risen\u00e4 ja valkoisena. S\u00e4ngyn mukana tulee puinen s\u00e4lepohja. Patjat eiv\u00e4t kuulu hintaan. S\u00e4nky\u00e4 on saatavana my\u00f6s 180 cm leve\u00e4n\u00e4. S\u00e4nkyyn on my\u00f6s tarjolla s\u00e4\u00e4dett\u00e4v\u00e4 moottoripohja. S\u00e4ngyn kokonaismitat: Leveys: 169cm Syvyys: 207cm S\u00e4ngyn alle j\u00e4\u00e4v\u00e4n tilan korkeus: 26 cm<\/p>\n","protected":false},"featured_media":20229,"comment_status":"closed","ping_status":"closed","template":"","meta":{"_acf_changed":false,"jetpack_post_was_ever_published":false,"jetpack_publicize_message":"","jetpack_publicize_feature_enabled":true,"jetpack_social_post_already_shared":true,"jetpack_social_options":{"image_generator_settings":{"template":"highway","default_image_id":0,"font":"","enabled":false},"version":2}},"product_brand":[205],"product_cat":[198,204],"product_tag":[],"class_list":{"0":"post-20224","1":"product","2":"type-product","3":"status-publish","4":"has-post-thumbnail","6":"product_brand-kiteen","7":"product_cat-patjat-ja-sangyt","8":"product_cat-seniorikalusteet","9":"product_shipping_class-161","10":"pa_vari-koivu-lv","11":"pa_vari-pahkina","12":"pa_vari-pyokkipetsattu","13":"pa_vari-valkoinen","15":"first","16":"instock","17":"sale","18":"purchasable","19":"product-type-variable","20":"has-default-attributes"},"acf":[],"jetpack_publicize_connections":[],"jetpack_sharing_enabled":true,"jetpack-related-posts":[{"id":20202,"url":"https:\/\/pohjanmaantehtaanmyymala.fi\/sv\/tuote\/seniori-sanky-80x200-cm\/","url_meta":{"origin":20224,"position":0},"title":"SENIORI s\u00e4nky 80&#215;200 cm","author":"Sami Viitala","date":"mars 28, 2022","format":false,"excerpt":"Kiteen Huonekalutehtaan Seniori sarja on ik\u00e4ihmisille suunniteltu kotimainen kalustemallisto. Massiivikoivusta valmistettu Seniori s\u00e4nky on j\u00e4rkev\u00e4 ja turvallinen valinta. S\u00e4nky on istumakorkeudeltaan normaalia s\u00e4nky\u00e4 korkeampi, mik\u00e4 helpottaa siit\u00e4 nousemista. S\u00e4nky\u00e4 on saatavana 80, 90, 120 cm leve\u00e4n\u00e4. S\u00e4nkyyn on my\u00f6s tarjolla liikkumista turvaavua lis\u00e4varusteita, kuten vaikka nousutuki ja turvalaita, sek\u00e4 moottoripohja.\u2026","rel":"","context":"Liknande produkt","block_context":{"text":"Liknande produkt","link":""},"img":{"alt_text":"","src":"https:\/\/i0.wp.com\/pohjanmaantehtaanmyymala.fi\/wp-content\/uploads\/2019\/09\/SENIORI-SANKY-VALKOINEN.jpg?fit=960%2C960&ssl=1&resize=350%2C200","width":350,"height":200,"srcset":"https:\/\/i0.wp.com\/pohjanmaantehtaanmyymala.fi\/wp-content\/uploads\/2019\/09\/SENIORI-SANKY-VALKOINEN.jpg?fit=960%2C960&ssl=1&resize=350%2C200 1x, https:\/\/i0.wp.com\/pohjanmaantehtaanmyymala.fi\/wp-content\/uploads\/2019\/09\/SENIORI-SANKY-VALKOINEN.jpg?fit=960%2C960&ssl=1&resize=525%2C300 1.5x, https:\/\/i0.wp.com\/pohjanmaantehtaanmyymala.fi\/wp-content\/uploads\/2019\/09\/SENIORI-SANKY-VALKOINEN.jpg?fit=960%2C960&ssl=1&resize=700%2C400 2x"},"classes":[]},{"id":20255,"url":"https:\/\/pohjanmaantehtaanmyymala.fi\/sv\/tuote\/mori-sanky-koivua-eri-kokoja\/","url_meta":{"origin":20224,"position":1},"title":"Mori s\u00e4nky koivua, eri kokoja","author":"Sami Viitala","date":"mars 28, 2022","format":false,"excerpt":"Kotimainen p\u00e4\u00e4dyt\u00f6n koivus\u00e4nky. Valitse koko!","rel":"","context":"Liknande produkt","block_context":{"text":"Liknande produkt","link":""},"img":{"alt_text":"Kiteen Mori s\u00e4nky wenge","src":"https:\/\/i0.wp.com\/pohjanmaantehtaanmyymala.fi\/wp-content\/uploads\/2022\/03\/Mori_sanky_wenge-1.jpg?fit=960%2C960&ssl=1&resize=350%2C200","width":350,"height":200,"srcset":"https:\/\/i0.wp.com\/pohjanmaantehtaanmyymala.fi\/wp-content\/uploads\/2022\/03\/Mori_sanky_wenge-1.jpg?fit=960%2C960&ssl=1&resize=350%2C200 1x, https:\/\/i0.wp.com\/pohjanmaantehtaanmyymala.fi\/wp-content\/uploads\/2022\/03\/Mori_sanky_wenge-1.jpg?fit=960%2C960&ssl=1&resize=525%2C300 1.5x, https:\/\/i0.wp.com\/pohjanmaantehtaanmyymala.fi\/wp-content\/uploads\/2022\/03\/Mori_sanky_wenge-1.jpg?fit=960%2C960&ssl=1&resize=700%2C400 2x"},"classes":[]},{"id":9378,"url":"https:\/\/pohjanmaantehtaanmyymala.fi\/sv\/tuote\/susanna-medi-sanky-90x200-cm\/","url_meta":{"origin":20224,"position":2},"title":"SUSANNA senioris\u00e4nky 90&#215;200 cm","author":"petri","date":"september 14, 2019","format":false,"excerpt":"Kotimainen Susanna- senioris\u00e4nky nousutuella ja turvalaidalla!","rel":"","context":"Liknande produkt","block_context":{"text":"Liknande produkt","link":""},"img":{"alt_text":"","src":"https:\/\/i0.wp.com\/pohjanmaantehtaanmyymala.fi\/wp-content\/uploads\/2019\/09\/susanna-medi.jpg?fit=960%2C960&ssl=1&resize=350%2C200","width":350,"height":200,"srcset":"https:\/\/i0.wp.com\/pohjanmaantehtaanmyymala.fi\/wp-content\/uploads\/2019\/09\/susanna-medi.jpg?fit=960%2C960&ssl=1&resize=350%2C200 1x, https:\/\/i0.wp.com\/pohjanmaantehtaanmyymala.fi\/wp-content\/uploads\/2019\/09\/susanna-medi.jpg?fit=960%2C960&ssl=1&resize=525%2C300 1.5x, https:\/\/i0.wp.com\/pohjanmaantehtaanmyymala.fi\/wp-content\/uploads\/2019\/09\/susanna-medi.jpg?fit=960%2C960&ssl=1&resize=700%2C400 2x"},"classes":[]},{"id":22294,"url":"https:\/\/pohjanmaantehtaanmyymala.fi\/sv\/tuote\/uniikki-iso-runkosanky-120x220-cm\/","url_meta":{"origin":20224,"position":3},"title":"UNIIKKI Plus iso runkopatja 120&#215;220 cm","author":"Sami Viitala","date":"januari 18, 2023","format":false,"excerpt":"Muhkea s\u00e4nky pitkille ihmisille!","rel":"","context":"Liknande produkt","block_context":{"text":"Liknande produkt","link":""},"img":{"alt_text":"Uniikki plus runkos\u00e4nky 120x220 cm","src":"https:\/\/i0.wp.com\/pohjanmaantehtaanmyymala.fi\/wp-content\/uploads\/2024\/02\/Uniikki_plus_Runkopatja_120.jpg?fit=960%2C960&ssl=1&resize=350%2C200","width":350,"height":200,"srcset":"https:\/\/i0.wp.com\/pohjanmaantehtaanmyymala.fi\/wp-content\/uploads\/2024\/02\/Uniikki_plus_Runkopatja_120.jpg?fit=960%2C960&ssl=1&resize=350%2C200 1x, https:\/\/i0.wp.com\/pohjanmaantehtaanmyymala.fi\/wp-content\/uploads\/2024\/02\/Uniikki_plus_Runkopatja_120.jpg?fit=960%2C960&ssl=1&resize=525%2C300 1.5x, https:\/\/i0.wp.com\/pohjanmaantehtaanmyymala.fi\/wp-content\/uploads\/2024\/02\/Uniikki_plus_Runkopatja_120.jpg?fit=960%2C960&ssl=1&resize=700%2C400 2x"},"classes":[]},{"id":10491,"url":"https:\/\/pohjanmaantehtaanmyymala.fi\/sv\/tuote\/seniori-sanky-90x200-cm\/","url_meta":{"origin":20224,"position":4},"title":"SENIORI \u2013 s\u00e4nky 90&#215;200 cm","author":"petri","date":"september 14, 2019","format":false,"excerpt":"Kiteen Huonekalutehtaan Seniori sarja on ik\u00e4ihmisille suunniteltu kotimainen kalustemallisto. Massiivikoivusta valmistettu Seniori s\u00e4nky on j\u00e4rkev\u00e4 ja turvallinen valinta. S\u00e4nky on istumakorkeudeltaan normaalia s\u00e4nky\u00e4 korkeampi, mik\u00e4 helpottaa siit\u00e4 nousemista. S\u00e4nky\u00e4 on saatavana 80, 90 ja 120 cm leve\u00e4n\u00e4. S\u00e4nkyyn on my\u00f6s tarjolla liikkumista turvaavua lis\u00e4varusteita, kuten vaikka nousutuki ja turvalaita, sek\u00e4\u2026","rel":"","context":"Liknande produkt","block_context":{"text":"Liknande produkt","link":""},"img":{"alt_text":"","src":"https:\/\/i0.wp.com\/pohjanmaantehtaanmyymala.fi\/wp-content\/uploads\/2019\/09\/SENIORI-SANKY-VALKOINEN.jpg?fit=960%2C960&ssl=1&resize=350%2C200","width":350,"height":200,"srcset":"https:\/\/i0.wp.com\/pohjanmaantehtaanmyymala.fi\/wp-content\/uploads\/2019\/09\/SENIORI-SANKY-VALKOINEN.jpg?fit=960%2C960&ssl=1&resize=350%2C200 1x, https:\/\/i0.wp.com\/pohjanmaantehtaanmyymala.fi\/wp-content\/uploads\/2019\/09\/SENIORI-SANKY-VALKOINEN.jpg?fit=960%2C960&ssl=1&resize=525%2C300 1.5x, https:\/\/i0.wp.com\/pohjanmaantehtaanmyymala.fi\/wp-content\/uploads\/2019\/09\/SENIORI-SANKY-VALKOINEN.jpg?fit=960%2C960&ssl=1&resize=700%2C400 2x"},"classes":[]},{"id":24975,"url":"https:\/\/pohjanmaantehtaanmyymala.fi\/sv\/tuote\/uniikki-plus-runkopatjapaketti-180x200-cm\/","url_meta":{"origin":20224,"position":5},"title":"UNIIKKI Plus runkopatjapaketti 180&#215;200 cm","author":"Miro Nevala","date":"februari 7, 2024","format":false,"excerpt":"Muhkea vy\u00f6hykejousitettu runkoparis\u00e4nky.","rel":"","context":"Liknande produkt","block_context":{"text":"Liknande produkt","link":""},"img":{"alt_text":"Uniikki Plus 180cm runkopatjasetti v\u00e4ri harmaa","src":"https:\/\/i0.wp.com\/pohjanmaantehtaanmyymala.fi\/wp-content\/uploads\/2024\/02\/Uniikki-plus-runkopatjasetti-960dpi.jpg?fit=960%2C960&ssl=1&resize=350%2C200","width":350,"height":200,"srcset":"https:\/\/i0.wp.com\/pohjanmaantehtaanmyymala.fi\/wp-content\/uploads\/2024\/02\/Uniikki-plus-runkopatjasetti-960dpi.jpg?fit=960%2C960&ssl=1&resize=350%2C200 1x, https:\/\/i0.wp.com\/pohjanmaantehtaanmyymala.fi\/wp-content\/uploads\/2024\/02\/Uniikki-plus-runkopatjasetti-960dpi.jpg?fit=960%2C960&ssl=1&resize=525%2C300 1.5x, https:\/\/i0.wp.com\/pohjanmaantehtaanmyymala.fi\/wp-content\/uploads\/2024\/02\/Uniikki-plus-runkopatjasetti-960dpi.jpg?fit=960%2C960&ssl=1&resize=700%2C400 2x"},"classes":[]}],"_links":{"self":[{"href":"https:\/\/pohjanmaantehtaanmyymala.fi\/sv\/wp-json\/wp\/v2\/product\/20224","targetHints":{"allow":["GET"]}}],"collection":[{"href":"https:\/\/pohjanmaantehtaanmyymala.fi\/sv\/wp-json\/wp\/v2\/product"}],"about":[{"href":"https:\/\/pohjanmaantehtaanmyymala.fi\/sv\/wp-json\/wp\/v2\/types\/product"}],"replies":[{"embeddable":true,"href":"https:\/\/pohjanmaantehtaanmyymala.fi\/sv\/wp-json\/wp\/v2\/comments?post=20224"}],"wp:featuredmedia":[{"embeddable":true,"href":"https:\/\/pohjanmaantehtaanmyymala.fi\/sv\/wp-json\/wp\/v2\/media\/20229"}],"wp:attachment":[{"href":"https:\/\/pohjanmaantehtaanmyymala.fi\/sv\/wp-json\/wp\/v2\/media?parent=20224"}],"wp:term":[{"taxonomy":"product_brand","embeddable":true,"href":"https:\/\/pohjanmaantehtaanmyymala.fi\/sv\/wp-json\/wp\/v2\/product_brand?post=20224"},{"taxonomy":"product_cat","embeddable":true,"href":"https:\/\/pohjanmaantehtaanmyymala.fi\/sv\/wp-json\/wp\/v2\/product_cat?post=20224"},{"taxonomy":"product_tag","embeddable":true,"href":"https:\/\/pohjanmaantehtaanmyymala.fi\/sv\/wp-json\/wp\/v2\/product_tag?post=20224"}],"curies":[{"name":"wp","href":"https:\/\/api.w.org\/{rel}","templated":true}]}}