{"id":19734,"date":"2022-02-11T16:38:29","date_gmt":"2022-02-11T14:38:29","guid":{"rendered":"https:\/\/pohjanmaantehtaanmyymala.fi\/?post_type=product&#038;p=19734"},"modified":"2025-02-11T17:50:59","modified_gmt":"2025-02-11T15:50:59","slug":"gustav-kirjakaappi-vitriini-60-cm","status":"publish","type":"product","link":"https:\/\/pohjanmaantehtaanmyymala.fi\/sv\/tuote\/gustav-kirjakaappi-vitriini-60-cm\/","title":{"rendered":"GUSTAV kirjakaappi vitriini 60 cm"},"content":{"rendered":"<p>Kotimaiset Gustav kirjakaappi-vitriini on oiva s\u00e4ilytysratkaisu, johon mahtuu paljon kirjoja tai koriste-esineit\u00e4. Vitriini\u00e4 on saatavana oikea- tai vasenk\u00e4tisell\u00e4 ovella.<\/p>\n<p>Jos haluat n\u00e4ytt\u00e4v\u00e4mm\u00e4n kokonaisuuden, kirjakaappeja voi laittaa kaksi kaappia p\u00e4\u00e4llekk\u00e4in, jolloin toinen niist\u00e4 k\u00e4\u00e4nnet\u00e4\u00e4n yl\u00f6salaisin, silloin alasokkelista tulee hieno kruunu kirjakaapin p\u00e4\u00e4lle. Vitriinin viereen voi asettaa toisen vitriinin ja niiden p\u00e4\u00e4lle viel\u00e4 toiset vitriinit, jolloin saa ison n\u00e4ytt\u00e4v\u00e4n kokonaisuuden aikaiseksi.<\/p>\n<p>Yksin tai vierekk\u00e4in k\u00e4ytett\u00e4ess\u00e4 suosittelemme vitriinin p\u00e4\u00e4lle <a href=\"https:\/\/pohjanmaantehtaanmyymala.fi\/tuote\/gustav-kansilevy-60\/\">Gustav-kansilevy\u00e4,<\/a> tyylikk\u00e4\u00e4mm\u00e4n lopputuloksen aikaansaamiseksi.<\/p>\n<h3>Tuotetiedot:<\/h3>\n<p>Leveys: 60 cm<br \/>\nSyvyys: 39 cm<br \/>\nKorkeus: 109,5 cm<\/p>\n<p>Runko ja hyllyt: Valkoiseksi maalattua mdf-levy\u00e4<br \/>\nOvet: koivuraamit, lasi kest\u00e4v\u00e4\u00e4 karkaistua turvalasia<br \/>\nKoristelistat: Massiivipuuta<br \/>\nTuotteen valmiusaste: Toimitetaan valmiiksi koottuna<br \/>\nTuotteen valmistusmaa: Suomi<\/p>\n<p>Toimitetaan kasattuna.<\/p>\n","protected":false},"excerpt":{"rendered":"<p>Kotimaiset Gustav kirjakaappi-vitriini on oiva s\u00e4ilytysratkaisu, johon mahtuu paljon kirjoja tai koriste-esineit\u00e4. Vitriini\u00e4 on saatavana oikea- tai vasenk\u00e4tisell\u00e4 ovella. Jos haluat n\u00e4ytt\u00e4v\u00e4mm\u00e4n kokonaisuuden, kirjakaappeja voi laittaa kaksi kaappia p\u00e4\u00e4llekk\u00e4in, jolloin toinen niist\u00e4 k\u00e4\u00e4nnet\u00e4\u00e4n yl\u00f6salaisin, silloin alasokkelista tulee hieno kruunu kirjakaapin p\u00e4\u00e4lle. Vitriinin viereen voi asettaa toisen vitriinin ja niiden p\u00e4\u00e4lle viel\u00e4 toiset vitriinit, jolloin saa [&hellip;]<\/p>\n","protected":false},"featured_media":19735,"comment_status":"closed","ping_status":"closed","template":"","meta":{"_acf_changed":false,"jetpack_post_was_ever_published":false,"jetpack_publicize_message":"","jetpack_publicize_feature_enabled":true,"jetpack_social_post_already_shared":true,"jetpack_social_options":{"image_generator_settings":{"template":"highway","default_image_id":0,"font":"","enabled":false},"version":2}},"product_brand":[177],"product_cat":[196],"product_tag":[],"class_list":{"0":"post-19734","1":"product","2":"type-product","3":"status-publish","4":"has-post-thumbnail","6":"product_brand-byniemi","7":"product_cat-sailytyskalusteet-ja-tv-tasot","8":"product_shipping_class-161","10":"first","11":"instock","12":"sale","13":"purchasable","14":"product-type-simple"},"acf":[],"jetpack_publicize_connections":[],"jetpack_sharing_enabled":true,"jetpack-related-posts":[{"id":10735,"url":"https:\/\/pohjanmaantehtaanmyymala.fi\/sv\/tuote\/gustav-kirjakaappi\/","url_meta":{"origin":19734,"position":0},"title":"GUSTAV Kirjakaappi vitriini 120 cm","author":"petri","date":"september 14, 2019","format":false,"excerpt":"Kotimaiset Gustav kirjakaappi-vitriini on tilava s\u00e4ilytysratkaisu, johon mahtuu paljon kirjoja tai koriste-esineit\u00e4. Jos haluat n\u00e4ytt\u00e4v\u00e4mm\u00e4n kokonaisuuden, kirjakaappeja voi laittaa kaksi kaappia p\u00e4\u00e4llekk\u00e4in, jolloin toinen niist\u00e4 k\u00e4\u00e4nnet\u00e4\u00e4n yl\u00f6salaisin, silloin alasokkelista tulee hieno kruunu kirjakaapin p\u00e4\u00e4lle. Vitriinin vieraan voi asettaa toisen vitriinin ja niiden p\u00e4\u00e4lle viel\u00e4 toiset vitriinit, jolloin saa ison n\u00e4ytt\u00e4v\u00e4n\u2026","rel":"","context":"Liknande produkt","block_context":{"text":"Liknande produkt","link":""},"img":{"alt_text":"","src":"https:\/\/i0.wp.com\/pohjanmaantehtaanmyymala.fi\/wp-content\/uploads\/2019\/09\/Gustav_y07-0386_Kirjakaappi120.jpg?fit=960%2C960&ssl=1&resize=350%2C200","width":350,"height":200,"srcset":"https:\/\/i0.wp.com\/pohjanmaantehtaanmyymala.fi\/wp-content\/uploads\/2019\/09\/Gustav_y07-0386_Kirjakaappi120.jpg?fit=960%2C960&ssl=1&resize=350%2C200 1x, https:\/\/i0.wp.com\/pohjanmaantehtaanmyymala.fi\/wp-content\/uploads\/2019\/09\/Gustav_y07-0386_Kirjakaappi120.jpg?fit=960%2C960&ssl=1&resize=525%2C300 1.5x, https:\/\/i0.wp.com\/pohjanmaantehtaanmyymala.fi\/wp-content\/uploads\/2019\/09\/Gustav_y07-0386_Kirjakaappi120.jpg?fit=960%2C960&ssl=1&resize=700%2C400 2x"},"classes":[]},{"id":19749,"url":"https:\/\/pohjanmaantehtaanmyymala.fi\/sv\/tuote\/gustav-kirjakaappi-60-cm\/","url_meta":{"origin":19734,"position":1},"title":"GUSTAV kirjakaappi 60 cm","author":"Sami Viitala","date":"februari 11, 2022","format":false,"excerpt":"Kotimainen Gustav kirjakaappi on oiva s\u00e4ilytysratkaisu, johon mahtuu paljon tavaraa katseilta piiloon. Kirjakaappia on saatavana sek\u00e4 oikea- et\u00e4\u00e4 vasenk\u00e4tisell\u00e4 ovella. Jos haluat n\u00e4ytt\u00e4v\u00e4mm\u00e4n kokonaisuuden, kirjakaappeja voi laittaa kaksi kaappia p\u00e4\u00e4llekk\u00e4in, jolloin toinen niist\u00e4 k\u00e4\u00e4nnet\u00e4\u00e4n yl\u00f6salaisin, silloin alasokkelista tulee hieno kruunu kirjakaapin p\u00e4\u00e4lle. Kaapin viereen voi my\u00f6s asettaa toisen kaapin ja\u2026","rel":"","context":"Liknande produkt","block_context":{"text":"Liknande produkt","link":""},"img":{"alt_text":"Gustva kirjakaappi valkoinen umpiovella 60 cm leve\u00e4","src":"https:\/\/i0.wp.com\/pohjanmaantehtaanmyymala.fi\/wp-content\/uploads\/2022\/02\/Kirjakaappi-60-vasenkatinen-umpiovet.jpg?fit=960%2C960&ssl=1&resize=350%2C200","width":350,"height":200,"srcset":"https:\/\/i0.wp.com\/pohjanmaantehtaanmyymala.fi\/wp-content\/uploads\/2022\/02\/Kirjakaappi-60-vasenkatinen-umpiovet.jpg?fit=960%2C960&ssl=1&resize=350%2C200 1x, https:\/\/i0.wp.com\/pohjanmaantehtaanmyymala.fi\/wp-content\/uploads\/2022\/02\/Kirjakaappi-60-vasenkatinen-umpiovet.jpg?fit=960%2C960&ssl=1&resize=525%2C300 1.5x, https:\/\/i0.wp.com\/pohjanmaantehtaanmyymala.fi\/wp-content\/uploads\/2022\/02\/Kirjakaappi-60-vasenkatinen-umpiovet.jpg?fit=960%2C960&ssl=1&resize=700%2C400 2x"},"classes":[]},{"id":19741,"url":"https:\/\/pohjanmaantehtaanmyymala.fi\/sv\/tuote\/gustav-kirjakaappi-120-cm\/","url_meta":{"origin":19734,"position":2},"title":"GUSTAV Kirjakaappi 120 cm","author":"Sami Viitala","date":"februari 11, 2022","format":false,"excerpt":"Kotimaiset Gustav kirjakaappi on tyylik\u00e4s s\u00e4ilytysratkaisu. Jos haluat n\u00e4ytt\u00e4v\u00e4mm\u00e4n kokonaisuuden, kirjakaappeja voi laittaa kaksi kaappia p\u00e4\u00e4llekk\u00e4in, jolloin toinen niist\u00e4 k\u00e4\u00e4nnet\u00e4\u00e4n yl\u00f6salaisin, silloin alasokkelista tulee hieno kruunu kirjakaapin p\u00e4\u00e4lle. Kaapin viereen voi asettaa toisen ja niiden p\u00e4\u00e4lle viel\u00e4 toiset kaapit, jolloin saa ison s\u00e4iilytyskokonaisuuden aikaiseksi. Voit yhditestell\u00e4 ja tehd\u00e4 n\u00e4ytt\u00e4vi\u00e4 kokoonpanoja\u2026","rel":"","context":"Liknande produkt","block_context":{"text":"Liknande produkt","link":""},"img":{"alt_text":"Gustav kirjakaappi umpiovilla valkoinen","src":"https:\/\/i0.wp.com\/pohjanmaantehtaanmyymala.fi\/wp-content\/uploads\/2022\/02\/Gustav_y07-0365_Kirjakaappi120.jpg?fit=960%2C960&ssl=1&resize=350%2C200","width":350,"height":200,"srcset":"https:\/\/i0.wp.com\/pohjanmaantehtaanmyymala.fi\/wp-content\/uploads\/2022\/02\/Gustav_y07-0365_Kirjakaappi120.jpg?fit=960%2C960&ssl=1&resize=350%2C200 1x, https:\/\/i0.wp.com\/pohjanmaantehtaanmyymala.fi\/wp-content\/uploads\/2022\/02\/Gustav_y07-0365_Kirjakaappi120.jpg?fit=960%2C960&ssl=1&resize=525%2C300 1.5x, https:\/\/i0.wp.com\/pohjanmaantehtaanmyymala.fi\/wp-content\/uploads\/2022\/02\/Gustav_y07-0365_Kirjakaappi120.jpg?fit=960%2C960&ssl=1&resize=700%2C400 2x"},"classes":[]},{"id":10710,"url":"https:\/\/pohjanmaantehtaanmyymala.fi\/sv\/tuote\/gustav-kansilevy-120\/","url_meta":{"origin":19734,"position":3},"title":"GUSTAV Kansilevy 120","author":"petri","date":"september 14, 2019","format":false,"excerpt":"Kansi Gustav -sarjaan. Tuotteet ovat saatavilla vain valkoisina. Kansi k\u00e4y vitriiniin, kirjakaappiin ja umpiovilipastoon sek\u00e4 lasiovilipastoon. Kotimainen ByNiemi.","rel":"","context":"Liknande produkt","block_context":{"text":"Liknande produkt","link":""},"img":{"alt_text":"","src":"https:\/\/i0.wp.com\/pohjanmaantehtaanmyymala.fi\/wp-content\/uploads\/2019\/09\/Gustav_y07-0387_Kansilevy120.jpg?fit=960%2C960&ssl=1&resize=350%2C200","width":350,"height":200,"srcset":"https:\/\/i0.wp.com\/pohjanmaantehtaanmyymala.fi\/wp-content\/uploads\/2019\/09\/Gustav_y07-0387_Kansilevy120.jpg?fit=960%2C960&ssl=1&resize=350%2C200 1x, https:\/\/i0.wp.com\/pohjanmaantehtaanmyymala.fi\/wp-content\/uploads\/2019\/09\/Gustav_y07-0387_Kansilevy120.jpg?fit=960%2C960&ssl=1&resize=525%2C300 1.5x, https:\/\/i0.wp.com\/pohjanmaantehtaanmyymala.fi\/wp-content\/uploads\/2019\/09\/Gustav_y07-0387_Kansilevy120.jpg?fit=960%2C960&ssl=1&resize=700%2C400 2x"},"classes":[]},{"id":10720,"url":"https:\/\/pohjanmaantehtaanmyymala.fi\/sv\/tuote\/gustav-hyllylevy-60\/","url_meta":{"origin":19734,"position":4},"title":"GUSTAV Hyllylevy 60","author":"petri","date":"september 14, 2019","format":false,"excerpt":"Gustav -Lis\u00e4hylly 60 cm leve\u00e4. Sopii Gustav-avohyllyyn tai kirjakaappiin. \u00a0 Kotimainen tuote ByNiemi.","rel":"","context":"Liknande produkt","block_context":{"text":"Liknande produkt","link":""},"img":{"alt_text":"","src":"https:\/\/i0.wp.com\/pohjanmaantehtaanmyymala.fi\/wp-content\/uploads\/2019\/09\/Gustav_y07-0372_Hyllylevy60.jpg?fit=960%2C960&ssl=1&resize=350%2C200","width":350,"height":200,"srcset":"https:\/\/i0.wp.com\/pohjanmaantehtaanmyymala.fi\/wp-content\/uploads\/2019\/09\/Gustav_y07-0372_Hyllylevy60.jpg?fit=960%2C960&ssl=1&resize=350%2C200 1x, https:\/\/i0.wp.com\/pohjanmaantehtaanmyymala.fi\/wp-content\/uploads\/2019\/09\/Gustav_y07-0372_Hyllylevy60.jpg?fit=960%2C960&ssl=1&resize=525%2C300 1.5x, https:\/\/i0.wp.com\/pohjanmaantehtaanmyymala.fi\/wp-content\/uploads\/2019\/09\/Gustav_y07-0372_Hyllylevy60.jpg?fit=960%2C960&ssl=1&resize=700%2C400 2x"},"classes":[]},{"id":10759,"url":"https:\/\/pohjanmaantehtaanmyymala.fi\/sv\/tuote\/gustav-laatikosto-60\/","url_meta":{"origin":19734,"position":5},"title":"GUSTAV Laatikosto 60","author":"petri","date":"september 14, 2019","format":false,"excerpt":"Gustav-hyllyst\u00f6malliston kauniin valkoinen lipasto, jossa on kuusi laatikkoa. Laatikostoa voidaan k\u00e4ytt\u00e4\u00e4 sellaisenaan tai yhdist\u00e4\u00e4 muiden Gustav-malliston tuotteiden, kuten vitriinien tai hyllyjen kanssa. Yksitt\u00e4in k\u00e4ytettyn\u00e4 suosittelemme kansilevyn ostoa, jolloin se on viimeistellymm\u00e4n n\u00e4k\u00f6inen. Mitat: Leveys: 60 cm Syvyys: 39 cm Korkeus: 109,5 cm Paino 43 kg Toimitetaan kasattuna.","rel":"","context":"Liknande produkt","block_context":{"text":"Liknande produkt","link":""},"img":{"alt_text":"","src":"https:\/\/i0.wp.com\/pohjanmaantehtaanmyymala.fi\/wp-content\/uploads\/2019\/09\/Gustav_y07-0374_Laatikosto60.jpg?fit=960%2C960&ssl=1&resize=350%2C200","width":350,"height":200,"srcset":"https:\/\/i0.wp.com\/pohjanmaantehtaanmyymala.fi\/wp-content\/uploads\/2019\/09\/Gustav_y07-0374_Laatikosto60.jpg?fit=960%2C960&ssl=1&resize=350%2C200 1x, https:\/\/i0.wp.com\/pohjanmaantehtaanmyymala.fi\/wp-content\/uploads\/2019\/09\/Gustav_y07-0374_Laatikosto60.jpg?fit=960%2C960&ssl=1&resize=525%2C300 1.5x, https:\/\/i0.wp.com\/pohjanmaantehtaanmyymala.fi\/wp-content\/uploads\/2019\/09\/Gustav_y07-0374_Laatikosto60.jpg?fit=960%2C960&ssl=1&resize=700%2C400 2x"},"classes":[]}],"_links":{"self":[{"href":"https:\/\/pohjanmaantehtaanmyymala.fi\/sv\/wp-json\/wp\/v2\/product\/19734","targetHints":{"allow":["GET"]}}],"collection":[{"href":"https:\/\/pohjanmaantehtaanmyymala.fi\/sv\/wp-json\/wp\/v2\/product"}],"about":[{"href":"https:\/\/pohjanmaantehtaanmyymala.fi\/sv\/wp-json\/wp\/v2\/types\/product"}],"replies":[{"embeddable":true,"href":"https:\/\/pohjanmaantehtaanmyymala.fi\/sv\/wp-json\/wp\/v2\/comments?post=19734"}],"wp:featuredmedia":[{"embeddable":true,"href":"https:\/\/pohjanmaantehtaanmyymala.fi\/sv\/wp-json\/wp\/v2\/media\/19735"}],"wp:attachment":[{"href":"https:\/\/pohjanmaantehtaanmyymala.fi\/sv\/wp-json\/wp\/v2\/media?parent=19734"}],"wp:term":[{"taxonomy":"product_brand","embeddable":true,"href":"https:\/\/pohjanmaantehtaanmyymala.fi\/sv\/wp-json\/wp\/v2\/product_brand?post=19734"},{"taxonomy":"product_cat","embeddable":true,"href":"https:\/\/pohjanmaantehtaanmyymala.fi\/sv\/wp-json\/wp\/v2\/product_cat?post=19734"},{"taxonomy":"product_tag","embeddable":true,"href":"https:\/\/pohjanmaantehtaanmyymala.fi\/sv\/wp-json\/wp\/v2\/product_tag?post=19734"}],"curies":[{"name":"wp","href":"https:\/\/api.w.org\/{rel}","templated":true}]}}