{"id":19587,"date":"2022-01-17T19:00:39","date_gmt":"2022-01-17T17:00:39","guid":{"rendered":"https:\/\/pohjanmaantehtaanmyymala.fi\/?post_type=product&#038;p=19587"},"modified":"2023-03-18T12:13:18","modified_gmt":"2023-03-18T10:13:18","slug":"pohjanmaan-aada-avokulmasohva","status":"publish","type":"product","link":"https:\/\/pohjanmaantehtaanmyymala.fi\/sv\/tuote\/pohjanmaan-aada-avokulmasohva\/","title":{"rendered":"Pohjanmaan AADA \u2013 avokulmasohva"},"content":{"rendered":"<p>Aada avokulma on laadukas valinta kotisi sohvaksi. Sohva on valittavana joka vasen tai oikeak\u00e4tisen\u00e4 versiona.<br \/>\nSohva on verhoiltu likaahylkiv\u00e4ll\u00e4 ja helppohoitoisella Rodeo-kankaalla, jossa on useita eri v\u00e4rivaihtoehtoja.<br \/>\nNiist\u00e4 voit valita sohvaasi juuri sinun kotiin sopivan v\u00e4rin, joko sitten turvallisen harmaans\u00e4vyn tai vaikka pirte\u00e4n pinkin v\u00e4rin.<\/p>\n<p>Aada -kulmasohvan istuin- ja selk\u00e4nojapehmusteet tarjoavat istujalle j\u00e4m\u00e4k\u00e4n ja ryhdikk\u00e4\u00e4n istuma-asennon.<br \/>\nSohvan korkeat tammijalat antavat sohvalle kevyen ilmeen ja helpottavat my\u00f6s sohvan alustan siivoamisessa.<\/p>\n<p>Aada avokulmasohva on tehty korkealuokkaisista materiaaleista, joten se kest\u00e4\u00e4 kovassakin k\u00e4yt\u00f6ss\u00e4 vuosia.<\/p>\n<p><b>Valitse vain itsellesi sopiva v\u00e4ri ja tilaa se Pohjanmaan Tehtaanmyym\u00e4l\u00e4st\u00e4 edullisesti ja vaivattomasti.<br \/>\nKotiinkuljetamme sohvat kaikkialle Suomeen.<\/b><\/p>\n<h3>Tuotetiedot:<\/h3>\n<p>Edest\u00e4 p\u00e4in katsottnua oikeak\u00e4tisen mitat: 220 x 215 cm<br \/>\nEdest\u00e4 p\u00e4in katsottnua vasenk\u00e4tisen mitat: 215 x 220 cm<br \/>\nIstuinkorkeus 45 cm, ja -syvyys 55 cm.<br \/>\nRunko: Massiivipuu, vaneri ja kovalevy. Runkotakuu 20-vuotta.<br \/>\nIstuinpehmuste: No-Zag jouset, EP35150 vaahtomuovi + vanu.br&gt;Kiinte\u00e4t istuintyynyt.<br \/>\nSelk\u00e4noja: E23 vaahtomuovi+25HR vaahtomuovi ja vanu. Irralliset selk\u00e4tyynyt.<br \/>\nVerhoilu: Orient Occident Rodeo-kangas, likaa hylkiv\u00e4 k\u00e4sittely valmiina.<br \/>\nJalat: Tammijalat, kork 12 cm.<\/p>\n<p>Toimitetaan valmiiksi kasattuna jalat irrallaan.<\/p>\n","protected":false},"excerpt":{"rendered":"<p>Pohjanmaan Aada avokulmasohva Rodeo-kangasverhoilulla joko oikea- tai vasenk\u00e4tisen\u00e4.<\/p>\n","protected":false},"featured_media":19596,"comment_status":"closed","ping_status":"closed","template":"","meta":{"_acf_changed":false,"jetpack_post_was_ever_published":false,"jetpack_publicize_message":"","jetpack_publicize_feature_enabled":true,"jetpack_social_post_already_shared":true,"jetpack_social_options":{"image_generator_settings":{"template":"highway","default_image_id":0,"font":"","enabled":false},"version":2}},"product_brand":[270],"product_cat":[201],"product_tag":[],"class_list":{"0":"post-19587","1":"product","2":"type-product","3":"status-publish","4":"has-post-thumbnail","6":"product_brand-pohjanmaan","7":"product_cat-sohvat","8":"product_shipping_class-161","9":"pa_malli-oikeakatinen","10":"pa_malli-vasenkatinen","12":"first","13":"instock","14":"sale","15":"purchasable","16":"product-type-variable"},"acf":[],"jetpack_publicize_connections":[],"jetpack_sharing_enabled":true,"jetpack-related-posts":[{"id":10941,"url":"https:\/\/pohjanmaantehtaanmyymala.fi\/sv\/tuote\/pohjanmaan-aada-sohva-2-istuttava-rodeo-kankaalla\/","url_meta":{"origin":19587,"position":0},"title":"Pohjanmaan AADA 2 -istuttava sohva, Rodeo -kankaalla","author":"petri","date":"september 14, 2019","format":false,"excerpt":"Voit valita sohva useasta eri v\u00e4rist\u00e4.","rel":"","context":"Liknande produkt","block_context":{"text":"Liknande produkt","link":""},"img":{"alt_text":"","src":"https:\/\/i0.wp.com\/pohjanmaantehtaanmyymala.fi\/wp-content\/uploads\/2019\/09\/Aada_2_istuttava.jpg?fit=960%2C960&ssl=1&resize=350%2C200","width":350,"height":200,"srcset":"https:\/\/i0.wp.com\/pohjanmaantehtaanmyymala.fi\/wp-content\/uploads\/2019\/09\/Aada_2_istuttava.jpg?fit=960%2C960&ssl=1&resize=350%2C200 1x, https:\/\/i0.wp.com\/pohjanmaantehtaanmyymala.fi\/wp-content\/uploads\/2019\/09\/Aada_2_istuttava.jpg?fit=960%2C960&ssl=1&resize=525%2C300 1.5x, https:\/\/i0.wp.com\/pohjanmaantehtaanmyymala.fi\/wp-content\/uploads\/2019\/09\/Aada_2_istuttava.jpg?fit=960%2C960&ssl=1&resize=700%2C400 2x"},"classes":[]},{"id":10937,"url":"https:\/\/pohjanmaantehtaanmyymala.fi\/sv\/tuote\/pohjanmaan-aada-sohva-3-istuttava-rodeo-kankaalla\/","url_meta":{"origin":19587,"position":1},"title":"Pohjanmaan AADA \u2013 3-istuttava sohva,","author":"petri","date":"september 14, 2019","format":false,"excerpt":"Pohjanmaan kangasverhoiltu sohva Aada-sohva on tylik\u00e4s valinta kotisi sohvaksi. Sohva on verhoiltu likaahylkiv\u00e4ll\u00e4 ja helppohoitoisella Rodeo-kankaalla, jossa on useita eri v\u00e4rivaihtoehtoja. Niist\u00e4 voit valita sohvaasi juuri sinun kotiin sopivan v\u00e4rin, joko sitten turvallisen harmaans\u00e4vyn tai vaikka pirte\u00e4n pinkin v\u00e4rin. Aada -sohvan istuin- ja selk\u00e4nojapehmusteet tarjoavat istujalle j\u00e4m\u00e4k\u00e4n ja ryhdikk\u00e4\u00e4n istuma-asennon.\u2026","rel":"","context":"Liknande produkt","block_context":{"text":"Liknande produkt","link":""},"img":{"alt_text":"","src":"https:\/\/i0.wp.com\/pohjanmaantehtaanmyymala.fi\/wp-content\/uploads\/2019\/09\/Aada_3_istuttava.jpg?fit=960%2C960&ssl=1&resize=350%2C200","width":350,"height":200,"srcset":"https:\/\/i0.wp.com\/pohjanmaantehtaanmyymala.fi\/wp-content\/uploads\/2019\/09\/Aada_3_istuttava.jpg?fit=960%2C960&ssl=1&resize=350%2C200 1x, https:\/\/i0.wp.com\/pohjanmaantehtaanmyymala.fi\/wp-content\/uploads\/2019\/09\/Aada_3_istuttava.jpg?fit=960%2C960&ssl=1&resize=525%2C300 1.5x, https:\/\/i0.wp.com\/pohjanmaantehtaanmyymala.fi\/wp-content\/uploads\/2019\/09\/Aada_3_istuttava.jpg?fit=960%2C960&ssl=1&resize=700%2C400 2x"},"classes":[]},{"id":10944,"url":"https:\/\/pohjanmaantehtaanmyymala.fi\/sv\/tuote\/pohjanmaan-aada-sohvakalustorodeo-kankaalla\/","url_meta":{"origin":19587,"position":2},"title":"Pohjanmaan AADA \u2013 sohvakalusto 3+2","author":"petri","date":"september 14, 2019","format":false,"excerpt":"Pohjanmaan Aada 3+2 -sohvat kangasverhoilulla T\u00e4m\u00e4 sohva on varma valinta kotisi sohvaksi. Sohva on verhoiltu likaahylkiv\u00e4ll\u00e4 ja helppohoitoisella Rodeo-kankaalla, jossa on useita eri v\u00e4rivaihtoehtoja. Niist\u00e4 voit valita sohvaasi juuri sinun kotiin sopivan v\u00e4rin, joko sitten turvallisen harmaans\u00e4vyn tai vaikka pirte\u00e4n pinkin v\u00e4rin. Aada -sohvan istuin- ja selk\u00e4nojapehmusteet tarjoavat istujalle j\u00e4m\u00e4k\u00e4n\u2026","rel":"","context":"Liknande produkt","block_context":{"text":"Liknande produkt","link":""},"img":{"alt_text":"","src":"https:\/\/i0.wp.com\/pohjanmaantehtaanmyymala.fi\/wp-content\/uploads\/2019\/09\/Aada_sohvakalusto.jpg?fit=960%2C960&ssl=1&resize=350%2C200","width":350,"height":200,"srcset":"https:\/\/i0.wp.com\/pohjanmaantehtaanmyymala.fi\/wp-content\/uploads\/2019\/09\/Aada_sohvakalusto.jpg?fit=960%2C960&ssl=1&resize=350%2C200 1x, https:\/\/i0.wp.com\/pohjanmaantehtaanmyymala.fi\/wp-content\/uploads\/2019\/09\/Aada_sohvakalusto.jpg?fit=960%2C960&ssl=1&resize=525%2C300 1.5x, https:\/\/i0.wp.com\/pohjanmaantehtaanmyymala.fi\/wp-content\/uploads\/2019\/09\/Aada_sohvakalusto.jpg?fit=960%2C960&ssl=1&resize=700%2C400 2x"},"classes":[]},{"id":23676,"url":"https:\/\/pohjanmaantehtaanmyymala.fi\/sv\/tuote\/moduli-avokulmasohva-stark-kankaalla\/","url_meta":{"origin":19587,"position":3},"title":"Moduli avokulmasohva Stark-kankaalla","author":"Sami Viitala","date":"september 23, 2023","format":false,"excerpt":"Modulisohva on POP!255","rel":"","context":"Liknande produkt","block_context":{"text":"Liknande produkt","link":""},"img":{"alt_text":"Moduli Livorno avokulmasohva Luna harmaa kangas","src":"https:\/\/i0.wp.com\/pohjanmaantehtaanmyymala.fi\/wp-content\/uploads\/2023\/09\/Moduli_avokulmasohva_harmaa.jpg?fit=960%2C960&ssl=1&resize=350%2C200","width":350,"height":200,"srcset":"https:\/\/i0.wp.com\/pohjanmaantehtaanmyymala.fi\/wp-content\/uploads\/2023\/09\/Moduli_avokulmasohva_harmaa.jpg?fit=960%2C960&ssl=1&resize=350%2C200 1x, https:\/\/i0.wp.com\/pohjanmaantehtaanmyymala.fi\/wp-content\/uploads\/2023\/09\/Moduli_avokulmasohva_harmaa.jpg?fit=960%2C960&ssl=1&resize=525%2C300 1.5x, https:\/\/i0.wp.com\/pohjanmaantehtaanmyymala.fi\/wp-content\/uploads\/2023\/09\/Moduli_avokulmasohva_harmaa.jpg?fit=960%2C960&ssl=1&resize=700%2C400 2x"},"classes":[]},{"id":24091,"url":"https:\/\/pohjanmaantehtaanmyymala.fi\/sv\/tuote\/aadda-24-7-tyotuoli-musta\/","url_meta":{"origin":19587,"position":4},"title":"Aada 24\/7 ty\u00f6tuoli musta","author":"Sami Viitala","date":"november 15, 2023","format":false,"excerpt":"\u200bTy\u00f6tuoli, joka on suunniteltu kovaan k\u00e4ytt\u00f6\u00f6n.","rel":"","context":"Liknande produkt","block_context":{"text":"Liknande produkt","link":""},"img":{"alt_text":"Aada 24\/7 ty\u00f6tuoli musta","src":"https:\/\/i0.wp.com\/pohjanmaantehtaanmyymala.fi\/wp-content\/uploads\/2023\/11\/Aada24_7_595_XXL_tyotuoli_2.jpg?fit=960%2C960&ssl=1&resize=350%2C200","width":350,"height":200,"srcset":"https:\/\/i0.wp.com\/pohjanmaantehtaanmyymala.fi\/wp-content\/uploads\/2023\/11\/Aada24_7_595_XXL_tyotuoli_2.jpg?fit=960%2C960&ssl=1&resize=350%2C200 1x, https:\/\/i0.wp.com\/pohjanmaantehtaanmyymala.fi\/wp-content\/uploads\/2023\/11\/Aada24_7_595_XXL_tyotuoli_2.jpg?fit=960%2C960&ssl=1&resize=525%2C300 1.5x, https:\/\/i0.wp.com\/pohjanmaantehtaanmyymala.fi\/wp-content\/uploads\/2023\/11\/Aada24_7_595_XXL_tyotuoli_2.jpg?fit=960%2C960&ssl=1&resize=700%2C400 2x"},"classes":[]},{"id":23869,"url":"https:\/\/pohjanmaantehtaanmyymala.fi\/sv\/tuote\/sheraton-2-istuttava-sohva\/","url_meta":{"origin":19587,"position":5},"title":"SHERATON 2-istuttava sohva","author":"Sami Viitala","date":"oktober 2, 2023","format":false,"excerpt":"T\u00e4ll\u00e4 sohvalla nautit mukavuudesta.","rel":"","context":"Liknande produkt","block_context":{"text":"Liknande produkt","link":""},"img":{"alt_text":"Sheraton 2-istuttava kangassohva HaliHali","src":"https:\/\/i0.wp.com\/pohjanmaantehtaanmyymala.fi\/wp-content\/uploads\/2023\/09\/Sheraton_2sohva_HaliHali300_kangas.jpg?fit=960%2C960&ssl=1&resize=350%2C200","width":350,"height":200,"srcset":"https:\/\/i0.wp.com\/pohjanmaantehtaanmyymala.fi\/wp-content\/uploads\/2023\/09\/Sheraton_2sohva_HaliHali300_kangas.jpg?fit=960%2C960&ssl=1&resize=350%2C200 1x, https:\/\/i0.wp.com\/pohjanmaantehtaanmyymala.fi\/wp-content\/uploads\/2023\/09\/Sheraton_2sohva_HaliHali300_kangas.jpg?fit=960%2C960&ssl=1&resize=525%2C300 1.5x, https:\/\/i0.wp.com\/pohjanmaantehtaanmyymala.fi\/wp-content\/uploads\/2023\/09\/Sheraton_2sohva_HaliHali300_kangas.jpg?fit=960%2C960&ssl=1&resize=700%2C400 2x"},"classes":[]}],"_links":{"self":[{"href":"https:\/\/pohjanmaantehtaanmyymala.fi\/sv\/wp-json\/wp\/v2\/product\/19587","targetHints":{"allow":["GET"]}}],"collection":[{"href":"https:\/\/pohjanmaantehtaanmyymala.fi\/sv\/wp-json\/wp\/v2\/product"}],"about":[{"href":"https:\/\/pohjanmaantehtaanmyymala.fi\/sv\/wp-json\/wp\/v2\/types\/product"}],"replies":[{"embeddable":true,"href":"https:\/\/pohjanmaantehtaanmyymala.fi\/sv\/wp-json\/wp\/v2\/comments?post=19587"}],"wp:featuredmedia":[{"embeddable":true,"href":"https:\/\/pohjanmaantehtaanmyymala.fi\/sv\/wp-json\/wp\/v2\/media\/19596"}],"wp:attachment":[{"href":"https:\/\/pohjanmaantehtaanmyymala.fi\/sv\/wp-json\/wp\/v2\/media?parent=19587"}],"wp:term":[{"taxonomy":"product_brand","embeddable":true,"href":"https:\/\/pohjanmaantehtaanmyymala.fi\/sv\/wp-json\/wp\/v2\/product_brand?post=19587"},{"taxonomy":"product_cat","embeddable":true,"href":"https:\/\/pohjanmaantehtaanmyymala.fi\/sv\/wp-json\/wp\/v2\/product_cat?post=19587"},{"taxonomy":"product_tag","embeddable":true,"href":"https:\/\/pohjanmaantehtaanmyymala.fi\/sv\/wp-json\/wp\/v2\/product_tag?post=19587"}],"curies":[{"name":"wp","href":"https:\/\/api.w.org\/{rel}","templated":true}]}}