{"id":19307,"date":"2021-11-27T14:14:00","date_gmt":"2021-11-27T12:14:00","guid":{"rendered":"https:\/\/pohjanmaantehtaanmyymala.fi\/?post_type=product&#038;p=19307"},"modified":"2024-11-15T16:55:46","modified_gmt":"2024-11-15T14:55:46","slug":"susanna-divaanivuodesohva","status":"publish","type":"product","link":"https:\/\/pohjanmaantehtaanmyymala.fi\/sv\/tuote\/susanna-divaanivuodesohva\/","title":{"rendered":"Susanna divaanivuodesohva"},"content":{"rendered":"<p>Susanna on edullinen vuodesohva, jossa on divaaniosa. Susanna on vaihdettavalla divaanin k\u00e4tisyydell\u00e4. Divaaniosan alla on s\u00e4ilytyslaatikko. Divaanivuodesohvassa on irto selk\u00e4tyynyt, jotka ovat k\u00e4\u00e4nnett\u00e4v\u00e4t ja lis\u00e4ksi tyynyjen p\u00e4\u00e4lliset on irroitettavissa.<\/p>\n<p>Sohvasta saa k\u00e4denk\u00e4\u00e4nteess\u00e4 vuoteen. Vuodekoko on 180&#215;140 cm.<\/p>\n<p>Sohvassa on Runko on valmistettu puusta ja koivuvanerista. Pehmusteena vaahtomuovi ja siksak-jousitus.<\/p>\n<p>Varastov\u00e4rin\u00e4: Malm\u00f6 yksv\u00e4rinen tummanharmaa kangas. (Kukkakuvioinen kangas on loppu.)<\/p>\n<p>Huom! Tuotekuvat ovat suuntaa-antavia. Kysy lis\u00e4\u00e4 <a href=\"https:\/\/pohjanmaantehtaanmyymala.fi\/yhteys\/\">myynnist\u00e4mme!<\/a><\/p>\n<h3>Tuotetiedot:<\/h3>\n<p>Korkeus: 86 cm<br \/>\nLeveys: 210 cm<br \/>\nSyvyys: 160 cm<br \/>\nIst.korkeus 45 cm<\/p>\n<p>K\u00e4sinojan lev. 16 cm<\/p>\n<p>&nbsp;<\/p>\n","protected":false},"excerpt":{"rendered":"<p>K\u00e4tev\u00e4 vuodesohva, jossa on divaani ja vuodevaatelaatikko.<\/p>\n","protected":false},"featured_media":19309,"comment_status":"closed","ping_status":"closed","template":"","meta":{"_acf_changed":false,"jetpack_post_was_ever_published":false,"jetpack_publicize_message":"","jetpack_publicize_feature_enabled":true,"jetpack_social_post_already_shared":true,"jetpack_social_options":{"image_generator_settings":{"template":"highway","default_image_id":0,"font":"","enabled":false},"version":2}},"product_brand":[],"product_cat":[201,193],"product_tag":[],"class_list":{"0":"post-19307","1":"product","2":"type-product","3":"status-publish","4":"has-post-thumbnail","6":"product_cat-sohvat","7":"product_cat-vuodesohvat","9":"first","10":"onbackorder","11":"shipping-taxable","12":"purchasable","13":"product-type-simple"},"acf":[],"jetpack_publicize_connections":[],"jetpack_sharing_enabled":true,"jetpack-related-posts":[{"id":22380,"url":"https:\/\/pohjanmaantehtaanmyymala.fi\/sv\/tuote\/ramona-divaanivuodesohva-solid-kangas\/","url_meta":{"origin":19307,"position":0},"title":"Ramona divaanivuodesohva solid-kangas","author":"Sami Viitala","date":"januari 30, 2023","format":false,"excerpt":"Vuodesohva avattavalla divaanilla. Valitse k\u00e4tisyys!","rel":"","context":"Liknande produkt","block_context":{"text":"Liknande produkt","link":""},"img":{"alt_text":"Ramona vuodesohva avattavalla divaanilla harmaa kangas","src":"https:\/\/i0.wp.com\/pohjanmaantehtaanmyymala.fi\/wp-content\/uploads\/2023\/01\/RamonaN_AR3-5cm_semi_Metro84_large.jpg?fit=960%2C960&ssl=1&resize=350%2C200","width":350,"height":200,"srcset":"https:\/\/i0.wp.com\/pohjanmaantehtaanmyymala.fi\/wp-content\/uploads\/2023\/01\/RamonaN_AR3-5cm_semi_Metro84_large.jpg?fit=960%2C960&ssl=1&resize=350%2C200 1x, https:\/\/i0.wp.com\/pohjanmaantehtaanmyymala.fi\/wp-content\/uploads\/2023\/01\/RamonaN_AR3-5cm_semi_Metro84_large.jpg?fit=960%2C960&ssl=1&resize=525%2C300 1.5x, https:\/\/i0.wp.com\/pohjanmaantehtaanmyymala.fi\/wp-content\/uploads\/2023\/01\/RamonaN_AR3-5cm_semi_Metro84_large.jpg?fit=960%2C960&ssl=1&resize=700%2C400 2x"},"classes":[]},{"id":9379,"url":"https:\/\/pohjanmaantehtaanmyymala.fi\/sv\/tuote\/susanna-sanky-160x200-cm\/","url_meta":{"origin":19307,"position":1},"title":"SUSANNA \u2013 s\u00e4nky 160&#215;200 cm","author":"petri","date":"september 14, 2019","format":false,"excerpt":"Kotimainen Susanna-s\u00e4nky valmistetaan kokonaan koivusta joka maalataan tai petsataan haluttuun v\u00e4riin. Saatavilla olevat v\u00e4ri: Lakattu koivu, p\u00e4hkin\u00e4, py\u00f6kki, ruskea, valkoinen, mahonki, kastanja ja kirsikka. Tuotetiedot: S\u00e4nky valmistetaan massiivi koivusta s\u00e4lepohja m\u00e4nty\u00e4. Puus\u00e4lepohja sis\u00e4ltyy hintaan Patjakoko 2 kpl 80*200 cm tai 160*200 cm. Toimitetaan osina.","rel":"","context":"Liknande produkt","block_context":{"text":"Liknande produkt","link":""},"img":{"alt_text":"","src":"https:\/\/i0.wp.com\/pohjanmaantehtaanmyymala.fi\/wp-content\/uploads\/2019\/09\/susanna.jpg?fit=960%2C960&ssl=1&resize=350%2C200","width":350,"height":200,"srcset":"https:\/\/i0.wp.com\/pohjanmaantehtaanmyymala.fi\/wp-content\/uploads\/2019\/09\/susanna.jpg?fit=960%2C960&ssl=1&resize=350%2C200 1x, https:\/\/i0.wp.com\/pohjanmaantehtaanmyymala.fi\/wp-content\/uploads\/2019\/09\/susanna.jpg?fit=960%2C960&ssl=1&resize=525%2C300 1.5x, https:\/\/i0.wp.com\/pohjanmaantehtaanmyymala.fi\/wp-content\/uploads\/2019\/09\/susanna.jpg?fit=960%2C960&ssl=1&resize=700%2C400 2x"},"classes":[]},{"id":9378,"url":"https:\/\/pohjanmaantehtaanmyymala.fi\/sv\/tuote\/susanna-medi-sanky-90x200-cm\/","url_meta":{"origin":19307,"position":2},"title":"SUSANNA senioris\u00e4nky 90&#215;200 cm","author":"petri","date":"september 14, 2019","format":false,"excerpt":"Kotimainen Susanna- senioris\u00e4nky nousutuella ja turvalaidalla!","rel":"","context":"Liknande produkt","block_context":{"text":"Liknande produkt","link":""},"img":{"alt_text":"","src":"https:\/\/i0.wp.com\/pohjanmaantehtaanmyymala.fi\/wp-content\/uploads\/2019\/09\/susanna-medi.jpg?fit=960%2C960&ssl=1&resize=350%2C200","width":350,"height":200,"srcset":"https:\/\/i0.wp.com\/pohjanmaantehtaanmyymala.fi\/wp-content\/uploads\/2019\/09\/susanna-medi.jpg?fit=960%2C960&ssl=1&resize=350%2C200 1x, https:\/\/i0.wp.com\/pohjanmaantehtaanmyymala.fi\/wp-content\/uploads\/2019\/09\/susanna-medi.jpg?fit=960%2C960&ssl=1&resize=525%2C300 1.5x, https:\/\/i0.wp.com\/pohjanmaantehtaanmyymala.fi\/wp-content\/uploads\/2019\/09\/susanna-medi.jpg?fit=960%2C960&ssl=1&resize=700%2C400 2x"},"classes":[]},{"id":15646,"url":"https:\/\/pohjanmaantehtaanmyymala.fi\/sv\/tuote\/pint-vuodesohvadivaani-oikeakatinen\/","url_meta":{"origin":19307,"position":3},"title":"PINT Vuodesohva divaani oikeak\u00e4tinen","author":"Sami Viitala","date":"november 22, 2020","format":false,"excerpt":"Laadukas vuodesohvadivaani Oliver-kankaalla joka p\u00e4iv\u00e4iseen k\u00e4ytt\u00f6\u00f6n.","rel":"","context":"Liknande produkt","block_context":{"text":"Liknande produkt","link":""},"img":{"alt_text":"Pint vuodesohvadivaani","src":"https:\/\/i0.wp.com\/pohjanmaantehtaanmyymala.fi\/wp-content\/uploads\/2020\/11\/Pohjanmaan_Pint_vuodesohva_divaani_oikea.jpg?fit=1200%2C1200&ssl=1&resize=350%2C200","width":350,"height":200,"srcset":"https:\/\/i0.wp.com\/pohjanmaantehtaanmyymala.fi\/wp-content\/uploads\/2020\/11\/Pohjanmaan_Pint_vuodesohva_divaani_oikea.jpg?fit=1200%2C1200&ssl=1&resize=350%2C200 1x, https:\/\/i0.wp.com\/pohjanmaantehtaanmyymala.fi\/wp-content\/uploads\/2020\/11\/Pohjanmaan_Pint_vuodesohva_divaani_oikea.jpg?fit=1200%2C1200&ssl=1&resize=525%2C300 1.5x, https:\/\/i0.wp.com\/pohjanmaantehtaanmyymala.fi\/wp-content\/uploads\/2020\/11\/Pohjanmaan_Pint_vuodesohva_divaani_oikea.jpg?fit=1200%2C1200&ssl=1&resize=700%2C400 2x, https:\/\/i0.wp.com\/pohjanmaantehtaanmyymala.fi\/wp-content\/uploads\/2020\/11\/Pohjanmaan_Pint_vuodesohva_divaani_oikea.jpg?fit=1200%2C1200&ssl=1&resize=1050%2C600 3x"},"classes":[]},{"id":17735,"url":"https:\/\/pohjanmaantehtaanmyymala.fi\/sv\/tuote\/noah-vuodesohva-divaani-oikealla\/","url_meta":{"origin":19307,"position":4},"title":"Noah divaani-vuodesohva alk. nahka","author":"Sami Viitala","date":"augusti 23, 2021","format":false,"excerpt":"Huippulaadukas sohva joka p\u00e4iv\u00e4iseen k\u00e4ytt\u00f6\u00f6n.","rel":"","context":"Liknande produkt","block_context":{"text":"Liknande produkt","link":""},"img":{"alt_text":"Noah vuodesohva nahkaa","src":"https:\/\/i0.wp.com\/pohjanmaantehtaanmyymala.fi\/wp-content\/uploads\/2021\/08\/Noah_vuodesohva_tyynyt_oik.jpg?fit=1200%2C1200&ssl=1&resize=350%2C200","width":350,"height":200,"srcset":"https:\/\/i0.wp.com\/pohjanmaantehtaanmyymala.fi\/wp-content\/uploads\/2021\/08\/Noah_vuodesohva_tyynyt_oik.jpg?fit=1200%2C1200&ssl=1&resize=350%2C200 1x, https:\/\/i0.wp.com\/pohjanmaantehtaanmyymala.fi\/wp-content\/uploads\/2021\/08\/Noah_vuodesohva_tyynyt_oik.jpg?fit=1200%2C1200&ssl=1&resize=525%2C300 1.5x, https:\/\/i0.wp.com\/pohjanmaantehtaanmyymala.fi\/wp-content\/uploads\/2021\/08\/Noah_vuodesohva_tyynyt_oik.jpg?fit=1200%2C1200&ssl=1&resize=700%2C400 2x, https:\/\/i0.wp.com\/pohjanmaantehtaanmyymala.fi\/wp-content\/uploads\/2021\/08\/Noah_vuodesohva_tyynyt_oik.jpg?fit=1200%2C1200&ssl=1&resize=1050%2C600 3x"},"classes":[]},{"id":25219,"url":"https:\/\/pohjanmaantehtaanmyymala.fi\/sv\/tuote\/harmony-vuodesohva-austin-kankaalla\/","url_meta":{"origin":19307,"position":5},"title":"Harmony vuodesohva Austin-kankaalla","author":"Miro Nevala","date":"februari 13, 2024","format":false,"excerpt":"Upea vuodesohva mekanismilla useilla v\u00e4rivaihtoehdoilla!","rel":"","context":"Liknande produkt","block_context":{"text":"Liknande produkt","link":""},"img":{"alt_text":"Harmony vuodesohva edest\u00e4p\u00e4in","src":"https:\/\/i0.wp.com\/pohjanmaantehtaanmyymala.fi\/wp-content\/uploads\/2024\/02\/Harmony-vuodesohva-1-960dpi.jpg?fit=960%2C960&ssl=1&resize=350%2C200","width":350,"height":200,"srcset":"https:\/\/i0.wp.com\/pohjanmaantehtaanmyymala.fi\/wp-content\/uploads\/2024\/02\/Harmony-vuodesohva-1-960dpi.jpg?fit=960%2C960&ssl=1&resize=350%2C200 1x, https:\/\/i0.wp.com\/pohjanmaantehtaanmyymala.fi\/wp-content\/uploads\/2024\/02\/Harmony-vuodesohva-1-960dpi.jpg?fit=960%2C960&ssl=1&resize=525%2C300 1.5x, https:\/\/i0.wp.com\/pohjanmaantehtaanmyymala.fi\/wp-content\/uploads\/2024\/02\/Harmony-vuodesohva-1-960dpi.jpg?fit=960%2C960&ssl=1&resize=700%2C400 2x"},"classes":[]}],"_links":{"self":[{"href":"https:\/\/pohjanmaantehtaanmyymala.fi\/sv\/wp-json\/wp\/v2\/product\/19307","targetHints":{"allow":["GET"]}}],"collection":[{"href":"https:\/\/pohjanmaantehtaanmyymala.fi\/sv\/wp-json\/wp\/v2\/product"}],"about":[{"href":"https:\/\/pohjanmaantehtaanmyymala.fi\/sv\/wp-json\/wp\/v2\/types\/product"}],"replies":[{"embeddable":true,"href":"https:\/\/pohjanmaantehtaanmyymala.fi\/sv\/wp-json\/wp\/v2\/comments?post=19307"}],"wp:featuredmedia":[{"embeddable":true,"href":"https:\/\/pohjanmaantehtaanmyymala.fi\/sv\/wp-json\/wp\/v2\/media\/19309"}],"wp:attachment":[{"href":"https:\/\/pohjanmaantehtaanmyymala.fi\/sv\/wp-json\/wp\/v2\/media?parent=19307"}],"wp:term":[{"taxonomy":"product_brand","embeddable":true,"href":"https:\/\/pohjanmaantehtaanmyymala.fi\/sv\/wp-json\/wp\/v2\/product_brand?post=19307"},{"taxonomy":"product_cat","embeddable":true,"href":"https:\/\/pohjanmaantehtaanmyymala.fi\/sv\/wp-json\/wp\/v2\/product_cat?post=19307"},{"taxonomy":"product_tag","embeddable":true,"href":"https:\/\/pohjanmaantehtaanmyymala.fi\/sv\/wp-json\/wp\/v2\/product_tag?post=19307"}],"curies":[{"name":"wp","href":"https:\/\/api.w.org\/{rel}","templated":true}]}}