{"id":19128,"date":"2021-11-23T11:15:35","date_gmt":"2021-11-23T09:15:35","guid":{"rendered":"https:\/\/pohjanmaantehtaanmyymala.fi\/?post_type=product&#038;p=19128"},"modified":"2026-01-27T00:18:42","modified_gmt":"2026-01-26T22:18:42","slug":"eden-5-vyohykejenkkisanky-160x200-cm-petauspatjalla","status":"publish","type":"product","link":"https:\/\/pohjanmaantehtaanmyymala.fi\/sv\/tuote\/eden-5-vyohykejenkkisanky-160x200-cm-petauspatjalla\/","title":{"rendered":"EDEN 5 vy\u00f6hykejenkkis\u00e4nky 160&#215;200 cm petauspatjalla"},"content":{"rendered":"<p>Kotimainen Hilding Andersin Eden 5-jenkkis\u00e4nky on varma valinta sinulle, joka etsit laadukasta ja kovaa s\u00e4nky\u00e4. Jenkkis\u00e4nky koostuu kovista alarungoista, 5-vy\u00f6hykkeellisest\u00e4 pussijousitetusta v\u00e4lipatjasta sek\u00e4 t\u00e4ysleve\u00e4st\u00e4 Comfort stylex-vaahtomuovisijauspatjasta. Eden jenkkis\u00e4ngyn vy\u00f6hykkeellinen pussijousitus my\u00f6t\u00e4ilee erinomaisesti nukkujan vartaloa ja antaa t\u00e4ydellisen tuen kyljell\u00e4\u00e4n nukkujalle. Pussijousitetussa patjassa jokainen jousi on omassa kangaspussissa ja jokainen jousi toimii t\u00e4ysin itsen\u00e4isesti. Jousistolla on 10-vuoden takuu.<\/p>\n<p>Voit valita jenkkis\u00e4nkyysi kaksi kovuusastetta, medium tai hard, joko niin ett\u00e4 koko s\u00e4nky on saman j\u00e4ykkyinen tai toisella puolella on medium- ja toisella hard-kovuus.<\/p>\n<p>Eden 5-vy\u00f6hykejenkkis\u00e4nky\u00e4 on saatavana 3:ll\u00e4 eri v\u00e4rill\u00e4; hiekka, antrasiitti ja grafiitti.<\/p>\n<p>Eden Comfort-petauspatjan p\u00e4\u00e4llinen on hengitt\u00e4v\u00e4\u00e4 valkoista vesipest\u00e4v\u00e4\u00e4 joustokangasta.<\/p>\n<p>T\u00e4h\u00e4n pakettiin kuuluu mukana tammiset jalat. Kuvan s\u00e4ngyn Premium-p\u00e4\u00e4ty ei sis\u00e4lly hintaan!<\/p>\n<p>S\u00e4ngyn on mahdollista ostaa my\u00f6s muillakin petauspatja- ja jalkamalleilla\/v\u00e4reill\u00e4, kysy lis\u00e4tietoa <a href=\"https:\/\/pohjanmaantehtaanmyymala.fi\/yhteys\/\">myynnist\u00e4mme.<\/a><\/p>\n<h3>Tuotetiedot:<\/h3>\n<p>Tiedot: Verhoiltu kest\u00e4v\u00e4ll\u00e4 huonekalukankaalla, 4 eri v\u00e4ris\u00e4vy\u00e4<br \/>\nV\u00e4lipatja: Vy\u00f6hyke-Pussijousitettu.<br \/>\nAlarungot: Solid base, eli kova ilman jousistoa, valmistettu puusta\/vanerista.<br \/>\nTakuu: Puurungolle ja jousistolle 10-vuotta.<br \/>\nPetauspatja: Sisus pehme\u00e4\u00e4 Stylex-vaahtomuovia, irroitettava ja vesipest\u00e4v\u00e4 joustokangasp\u00e4\u00e4llinen, paksuus 7 cm.<br \/>\nJalat:\u00a0 Royal Tammijalat 14 cm tai 18 cm korkeat.<\/p>\n<p>Jenkkis\u00e4ngyn v\u00e4lijoustinpatja toimitetaan kolmessa eri osassa, juosielementit ja p\u00e4\u00e4llinen irrallaan. T\u00e4m\u00e4 helpottaa kuljetusta sek\u00e4 voit itse p\u00e4\u00e4tt\u00e4\u00e4 kummalle puolelle asennat eri j\u00e4ykkyiset joustinelementit.<br \/>\nAlarungot ovat valmiiksi koottu, vain jalat tulevat irrallaan.<\/p>\n<p><strong>Eden s\u00e4nkysarjan toimitusaika on n. 2-3 viikkoa tilauksesta.<\/strong><\/p>\n<p>Osta kotimainen laadukas jenkkis\u00e4nkysetti edullisesti Tehtaanmyym\u00e4l\u00e4st\u00e4!<\/p>\n","protected":false},"excerpt":{"rendered":"<p>Kotimainen j\u00e4m\u00e4kk\u00e4 jenkkis\u00e4nkypaketti. Valitse malli\/v\u00e4ri alta!<\/p>\n","protected":false},"featured_media":28002,"comment_status":"closed","ping_status":"closed","template":"","meta":{"_acf_changed":false,"jetpack_post_was_ever_published":false,"jetpack_publicize_message":"","jetpack_publicize_feature_enabled":true,"jetpack_social_post_already_shared":true,"jetpack_social_options":{"image_generator_settings":{"template":"highway","default_image_id":0,"font":"","enabled":false},"version":2}},"product_brand":[203],"product_cat":[198,316],"product_tag":[],"class_list":{"0":"post-19128","1":"product","2":"type-product","3":"status-publish","4":"has-post-thumbnail","6":"product_brand-hilding","7":"product_cat-patjat-ja-sangyt","8":"product_cat-jenkkisanky","9":"product_shipping_class-161","10":"pa_malli-hard","11":"pa_malli-hard-medium","12":"pa_malli-medium","13":"pa_vari-antrasiitti","14":"pa_vari-graniitti","15":"pa_vari-hiekka","17":"first","18":"instock","19":"purchasable","20":"product-type-variable"},"acf":[],"jetpack_publicize_connections":[],"jetpack_sharing_enabled":true,"jetpack-related-posts":[{"id":19154,"url":"https:\/\/pohjanmaantehtaanmyymala.fi\/sv\/tuote\/eden-5-vyohykejenkkisanky-180x200-cm-petauspatjalla\/","url_meta":{"origin":19128,"position":0},"title":"EDEN 5 vy\u00f6hykejenkkis\u00e4nky 180&#215;200 cm petauspatjalla","author":"Sami Viitala","date":"november 23, 2021","format":false,"excerpt":"Kotimainen jykev\u00e4 jenkkis\u00e4nkypaketti. Valitse malli\/v\u00e4ri alta!","rel":"","context":"Liknande produkt","block_context":{"text":"Liknande produkt","link":""},"img":{"alt_text":"Eden viisi jenkkis\u00e4nky 160 cm leve\u00e4 v\u00e4ri antrasiitti","src":"https:\/\/i0.wp.com\/pohjanmaantehtaanmyymala.fi\/wp-content\/uploads\/2021\/11\/Eden5-jenkki-160.jpg?fit=1000%2C1000&ssl=1&resize=350%2C200","width":350,"height":200,"srcset":"https:\/\/i0.wp.com\/pohjanmaantehtaanmyymala.fi\/wp-content\/uploads\/2021\/11\/Eden5-jenkki-160.jpg?fit=1000%2C1000&ssl=1&resize=350%2C200 1x, https:\/\/i0.wp.com\/pohjanmaantehtaanmyymala.fi\/wp-content\/uploads\/2021\/11\/Eden5-jenkki-160.jpg?fit=1000%2C1000&ssl=1&resize=525%2C300 1.5x, https:\/\/i0.wp.com\/pohjanmaantehtaanmyymala.fi\/wp-content\/uploads\/2021\/11\/Eden5-jenkki-160.jpg?fit=1000%2C1000&ssl=1&resize=700%2C400 2x"},"classes":[]},{"id":27214,"url":"https:\/\/pohjanmaantehtaanmyymala.fi\/sv\/tuote\/eden-9-jenkkisanky-180x200-cm-petauspatjalla\/","url_meta":{"origin":19128,"position":1},"title":"EDEN 9 -jenkkis\u00e4nky 180&#215;200 cm petauspatjalla","author":"Sami Viitala","date":"september 30, 2024","format":false,"excerpt":"Kotimainen N\u00e4rpi\u00f6ss\u00e4 valmistettu luxus-jenkkis\u00e4nkypaketti. Valitse malli\/v\u00e4ri alta!","rel":"","context":"Liknande produkt","block_context":{"text":"Liknande produkt","link":""},"img":{"alt_text":"Eden 9 jenkkis\u00e4nky okran v\u00e4rinen 180 cm","src":"https:\/\/i0.wp.com\/pohjanmaantehtaanmyymala.fi\/wp-content\/uploads\/2024\/09\/EDEN-9-jenkki-180-okra.jpg?fit=960%2C960&ssl=1&resize=350%2C200","width":350,"height":200,"srcset":"https:\/\/i0.wp.com\/pohjanmaantehtaanmyymala.fi\/wp-content\/uploads\/2024\/09\/EDEN-9-jenkki-180-okra.jpg?fit=960%2C960&ssl=1&resize=350%2C200 1x, https:\/\/i0.wp.com\/pohjanmaantehtaanmyymala.fi\/wp-content\/uploads\/2024\/09\/EDEN-9-jenkki-180-okra.jpg?fit=960%2C960&ssl=1&resize=525%2C300 1.5x, https:\/\/i0.wp.com\/pohjanmaantehtaanmyymala.fi\/wp-content\/uploads\/2024\/09\/EDEN-9-jenkki-180-okra.jpg?fit=960%2C960&ssl=1&resize=700%2C400 2x"},"classes":[]},{"id":27259,"url":"https:\/\/pohjanmaantehtaanmyymala.fi\/sv\/tuote\/eden-9-jenkkisanky-kokonaisuus-180x200-cm-paadylla\/","url_meta":{"origin":19128,"position":2},"title":"EDEN 9 -jenkkis\u00e4nky kokonaisuus 180&#215;200 cm p\u00e4\u00e4dyll\u00e4","author":"Sami Viitala","date":"september 30, 2024","format":false,"excerpt":"Kotimainen N\u00e4rpi\u00f6ss\u00e4 valmistettu luxus-jenkkis\u00e4nkypaketti. Valitse malli\/v\u00e4ri alta!","rel":"","context":"Liknande produkt","block_context":{"text":"Liknande produkt","link":""},"img":{"alt_text":"Eden 9 jenkkis\u00e4nky p\u00e4\u00e4dyll\u00e4 okran v\u00e4rinen 180 cm","src":"https:\/\/i0.wp.com\/pohjanmaantehtaanmyymala.fi\/wp-content\/uploads\/2024\/09\/EDEN-9-jenkki-tupla-paaty.jpg?fit=960%2C960&ssl=1&resize=350%2C200","width":350,"height":200,"srcset":"https:\/\/i0.wp.com\/pohjanmaantehtaanmyymala.fi\/wp-content\/uploads\/2024\/09\/EDEN-9-jenkki-tupla-paaty.jpg?fit=960%2C960&ssl=1&resize=350%2C200 1x, https:\/\/i0.wp.com\/pohjanmaantehtaanmyymala.fi\/wp-content\/uploads\/2024\/09\/EDEN-9-jenkki-tupla-paaty.jpg?fit=960%2C960&ssl=1&resize=525%2C300 1.5x, https:\/\/i0.wp.com\/pohjanmaantehtaanmyymala.fi\/wp-content\/uploads\/2024\/09\/EDEN-9-jenkki-tupla-paaty.jpg?fit=960%2C960&ssl=1&resize=700%2C400 2x"},"classes":[]},{"id":17605,"url":"https:\/\/pohjanmaantehtaanmyymala.fi\/sv\/tuote\/eden-9-jenkkisanky-160x200-cm\/","url_meta":{"origin":19128,"position":3},"title":"EDEN 9 -jenkkis\u00e4nky 160&#215;200 cm petauspatjalla","author":"Sami Viitala","date":"augusti 17, 2021","format":false,"excerpt":"Kotimainen N\u00e4rpi\u00f6ss\u00e4 valmistettu luxus-jenkkis\u00e4nkypaketti. Valitse malli\/v\u00e4ri alta!","rel":"","context":"Liknande produkt","block_context":{"text":"Liknande produkt","link":""},"img":{"alt_text":"Eden 9 jenkkis\u00e4nky okran v\u00e4rinen","src":"https:\/\/i0.wp.com\/pohjanmaantehtaanmyymala.fi\/wp-content\/uploads\/2021\/08\/EDEN-9-jenkki-tupla-okra.jpg?fit=960%2C960&ssl=1&resize=350%2C200","width":350,"height":200,"srcset":"https:\/\/i0.wp.com\/pohjanmaantehtaanmyymala.fi\/wp-content\/uploads\/2021\/08\/EDEN-9-jenkki-tupla-okra.jpg?fit=960%2C960&ssl=1&resize=350%2C200 1x, https:\/\/i0.wp.com\/pohjanmaantehtaanmyymala.fi\/wp-content\/uploads\/2021\/08\/EDEN-9-jenkki-tupla-okra.jpg?fit=960%2C960&ssl=1&resize=525%2C300 1.5x, https:\/\/i0.wp.com\/pohjanmaantehtaanmyymala.fi\/wp-content\/uploads\/2021\/08\/EDEN-9-jenkki-tupla-okra.jpg?fit=960%2C960&ssl=1&resize=700%2C400 2x"},"classes":[]},{"id":27236,"url":"https:\/\/pohjanmaantehtaanmyymala.fi\/sv\/tuote\/eden-9-jenkkisanky-kokonaisuus-160x200-cm-paadylla\/","url_meta":{"origin":19128,"position":4},"title":"EDEN 9 -jenkkis\u00e4nky kokonaisuus 160&#215;200 cm p\u00e4\u00e4dyll\u00e4","author":"Sami Viitala","date":"september 30, 2024","format":false,"excerpt":"Kotimainen N\u00e4rpi\u00f6ss\u00e4 valmistettu luxus-jenkkis\u00e4nkypaketti. Valitse malli\/v\u00e4ri alta!","rel":"","context":"Liknande produkt","block_context":{"text":"Liknande produkt","link":""},"img":{"alt_text":"Eden 9 jenkkis\u00e4nky p\u00e4\u00e4dyll\u00e4 okran v\u00e4rinen 160 cm leve\u00e4","src":"https:\/\/i0.wp.com\/pohjanmaantehtaanmyymala.fi\/wp-content\/uploads\/2024\/09\/EDEN-9-jenkki-tupla-paaty-180.jpg?fit=960%2C960&ssl=1&resize=350%2C200","width":350,"height":200,"srcset":"https:\/\/i0.wp.com\/pohjanmaantehtaanmyymala.fi\/wp-content\/uploads\/2024\/09\/EDEN-9-jenkki-tupla-paaty-180.jpg?fit=960%2C960&ssl=1&resize=350%2C200 1x, https:\/\/i0.wp.com\/pohjanmaantehtaanmyymala.fi\/wp-content\/uploads\/2024\/09\/EDEN-9-jenkki-tupla-paaty-180.jpg?fit=960%2C960&ssl=1&resize=525%2C300 1.5x, https:\/\/i0.wp.com\/pohjanmaantehtaanmyymala.fi\/wp-content\/uploads\/2024\/09\/EDEN-9-jenkki-tupla-paaty-180.jpg?fit=960%2C960&ssl=1&resize=700%2C400 2x"},"classes":[]},{"id":24732,"url":"https:\/\/pohjanmaantehtaanmyymala.fi\/sv\/tuote\/eden-3-jenkkisankypaketti-160x200-cm-paadylla-ja-petauspatjalla\/","url_meta":{"origin":19128,"position":5},"title":"EDEN 3 jenkkis\u00e4nkypaketti 160&#215;200 cm p\u00e4\u00e4dyll\u00e4 ja petauspatjalla","author":"Sami Viitala","date":"januari 30, 2024","format":false,"excerpt":"Laadukas jenkkis\u00e4nky kahdella eri j\u00e4ykkyydell\u00e4.","rel":"","context":"Liknande produkt","block_context":{"text":"Liknande produkt","link":""},"img":{"alt_text":"Eden kolme jenkkis\u00e4nky 160 cm leve\u00e4 Comfort-p\u00e4\u00e4dyll\u00e4 v\u00e4ri antrasiitti","src":"https:\/\/i0.wp.com\/pohjanmaantehtaanmyymala.fi\/wp-content\/uploads\/2024\/01\/Eden3jenkkitppaaty-web.jpg?fit=960%2C960&ssl=1&resize=350%2C200","width":350,"height":200,"srcset":"https:\/\/i0.wp.com\/pohjanmaantehtaanmyymala.fi\/wp-content\/uploads\/2024\/01\/Eden3jenkkitppaaty-web.jpg?fit=960%2C960&ssl=1&resize=350%2C200 1x, https:\/\/i0.wp.com\/pohjanmaantehtaanmyymala.fi\/wp-content\/uploads\/2024\/01\/Eden3jenkkitppaaty-web.jpg?fit=960%2C960&ssl=1&resize=525%2C300 1.5x, https:\/\/i0.wp.com\/pohjanmaantehtaanmyymala.fi\/wp-content\/uploads\/2024\/01\/Eden3jenkkitppaaty-web.jpg?fit=960%2C960&ssl=1&resize=700%2C400 2x"},"classes":[]}],"_links":{"self":[{"href":"https:\/\/pohjanmaantehtaanmyymala.fi\/sv\/wp-json\/wp\/v2\/product\/19128","targetHints":{"allow":["GET"]}}],"collection":[{"href":"https:\/\/pohjanmaantehtaanmyymala.fi\/sv\/wp-json\/wp\/v2\/product"}],"about":[{"href":"https:\/\/pohjanmaantehtaanmyymala.fi\/sv\/wp-json\/wp\/v2\/types\/product"}],"replies":[{"embeddable":true,"href":"https:\/\/pohjanmaantehtaanmyymala.fi\/sv\/wp-json\/wp\/v2\/comments?post=19128"}],"wp:featuredmedia":[{"embeddable":true,"href":"https:\/\/pohjanmaantehtaanmyymala.fi\/sv\/wp-json\/wp\/v2\/media\/28002"}],"wp:attachment":[{"href":"https:\/\/pohjanmaantehtaanmyymala.fi\/sv\/wp-json\/wp\/v2\/media?parent=19128"}],"wp:term":[{"taxonomy":"product_brand","embeddable":true,"href":"https:\/\/pohjanmaantehtaanmyymala.fi\/sv\/wp-json\/wp\/v2\/product_brand?post=19128"},{"taxonomy":"product_cat","embeddable":true,"href":"https:\/\/pohjanmaantehtaanmyymala.fi\/sv\/wp-json\/wp\/v2\/product_cat?post=19128"},{"taxonomy":"product_tag","embeddable":true,"href":"https:\/\/pohjanmaantehtaanmyymala.fi\/sv\/wp-json\/wp\/v2\/product_tag?post=19128"}],"curies":[{"name":"wp","href":"https:\/\/api.w.org\/{rel}","templated":true}]}}