{"id":18654,"date":"2021-10-31T18:53:21","date_gmt":"2021-10-31T16:53:21","guid":{"rendered":"https:\/\/pohjanmaantehtaanmyymala.fi\/?post_type=product&#038;p=18654"},"modified":"2026-02-28T10:49:52","modified_gmt":"2026-02-28T08:49:52","slug":"vuokko-iso-sailytysrahi","status":"publish","type":"product","link":"https:\/\/pohjanmaantehtaanmyymala.fi\/sv\/tuote\/vuokko-iso-sailytysrahi\/","title":{"rendered":"Vuokko s\u00e4ilytysrahi l. 175 cm kangas"},"content":{"rendered":"<p>Vuokko-rahi tarjoaa k\u00e4tev\u00e4sti lis\u00e4\u00e4 istuin- ja s\u00e4ilytystilaa huoneeseen. Se voidaan sijoittaa makuuhuoneessa vaikka s\u00e4ngyn jalkop\u00e4\u00e4h\u00e4n. Istuinkansi voidaan tehd\u00e4 sile\u00e4n\u00e4 tai sis\u00e4\u00e4nvedoilla. S\u00e4ilytyslaatikon sisusta on viimeistelty p\u00e4hkin\u00e4n v\u00e4risell\u00e4 kalustelevyll\u00e4.<\/p>\n<p>Esimerkkihinta on laskettu edullisimman kangashintaryhm\u00e4n mukaisesti. Lopullinen hinta m\u00e4\u00e4r\u00e4ytyy valittavan kankaan mukaan.<\/p>\n<p>Vuokko-rahia voi tilata kaikilla merkkitilauskankailla. Aitonahkaverhoilulla rahia ei valitettavasti saa t\u00e4ll\u00e4 hetkell\u00e4.<\/p>\n<p>Hinta Oasis -kankaalla.<\/p>\n<p>*Kysy tarjous <a href=\"https:\/\/pohjanmaantehtaanmyymala.fi\/yhteys\/\">myynnist\u00e4mme!<\/a><\/p>\n<h3>Tuotetiedot:<\/h3>\n<p>-Runko: koivuvaneria ja kalustelevy\u00e4<br \/>\n-Pehmuste: HR 33\/140 vaahtomuovia, paksuus 30 mm, vanu 150 g\/m\u00b3<br \/>\n-Istuinkorkeus: 48 cm<br \/>\n-Mitat: 175&#215;40 cm<br \/>\n-jalat:\u00a0 koivua tai tammea. jalkav\u00e4rit; koivu-lv, p\u00e4hkin\u00e4, wenge, valkoinen ja tammi-lv.<br \/>\nToimitetaan valmiiksi kasattuna.<\/p>\n<p>Vuokko-s\u00e4ilytysrahi on tilaustuote.<\/p>\n<p>&nbsp;<\/p>\n","protected":false},"excerpt":{"rendered":"<p>K\u00e4tev\u00e4 s\u00e4ilytysratkaisu vaikka p\u00e4iv\u00e4peitteelle.<\/p>\n","protected":false},"featured_media":18655,"comment_status":"closed","ping_status":"closed","template":"","meta":{"_acf_changed":false,"jetpack_post_was_ever_published":false,"jetpack_publicize_message":"","jetpack_publicize_feature_enabled":true,"jetpack_social_post_already_shared":true,"jetpack_social_options":{"image_generator_settings":{"template":"highway","default_image_id":0,"font":"","enabled":false},"version":2}},"product_brand":[270],"product_cat":[195,198,196],"product_tag":[],"class_list":{"0":"post-18654","1":"product","2":"type-product","3":"status-publish","4":"has-post-thumbnail","6":"product_brand-pohjanmaan","7":"product_cat-lepotuolit-ja-rahit","8":"product_cat-patjat-ja-sangyt","9":"product_cat-sailytyskalusteet-ja-tv-tasot","10":"product_shipping_class-161","12":"first","13":"onbackorder","14":"sale","15":"purchasable","16":"product-type-simple"},"acf":[],"jetpack_publicize_connections":[],"jetpack_sharing_enabled":true,"jetpack-related-posts":[{"id":18687,"url":"https:\/\/pohjanmaantehtaanmyymala.fi\/sv\/tuote\/pohjanmaan-namu-rahi-60x80-cm\/","url_meta":{"origin":18654,"position":0},"title":"Pohjanmaan Namu-rahi 60&#215;80 cm","author":"Sami Viitala","date":"oktober 31, 2021","format":false,"excerpt":"Vankka ja k\u00e4tev\u00e4 istuinrahi.","rel":"","context":"Liknande produkt","block_context":{"text":"Liknande produkt","link":""},"img":{"alt_text":"Pohjanmaan Namu-rahi 60x80 cm roosa","src":"https:\/\/i0.wp.com\/pohjanmaantehtaanmyymala.fi\/wp-content\/uploads\/2021\/10\/Namu-rahi-80x60-1.jpg?fit=551%2C551&ssl=1&resize=350%2C200","width":350,"height":200,"srcset":"https:\/\/i0.wp.com\/pohjanmaantehtaanmyymala.fi\/wp-content\/uploads\/2021\/10\/Namu-rahi-80x60-1.jpg?fit=551%2C551&ssl=1&resize=350%2C200 1x, https:\/\/i0.wp.com\/pohjanmaantehtaanmyymala.fi\/wp-content\/uploads\/2021\/10\/Namu-rahi-80x60-1.jpg?fit=551%2C551&ssl=1&resize=525%2C300 1.5x"},"classes":[]},{"id":18673,"url":"https:\/\/pohjanmaantehtaanmyymala.fi\/sv\/tuote\/pohjanmaan-namu-rahi\/","url_meta":{"origin":18654,"position":1},"title":"Pohjanmaan Namu-rahi 60&#215;60 cm","author":"Sami Viitala","date":"oktober 31, 2021","format":false,"excerpt":"Perinteinen rahi kahdessa eri koossa.","rel":"","context":"Liknande produkt","block_context":{"text":"Liknande produkt","link":""},"img":{"alt_text":"Pohjanmaan Namu-rahit 60x60 ruskea ja sininen","src":"https:\/\/i0.wp.com\/pohjanmaantehtaanmyymala.fi\/wp-content\/uploads\/2021\/10\/Namu-rahit-80.jpg?fit=551%2C551&ssl=1&resize=350%2C200","width":350,"height":200,"srcset":"https:\/\/i0.wp.com\/pohjanmaantehtaanmyymala.fi\/wp-content\/uploads\/2021\/10\/Namu-rahit-80.jpg?fit=551%2C551&ssl=1&resize=350%2C200 1x, https:\/\/i0.wp.com\/pohjanmaantehtaanmyymala.fi\/wp-content\/uploads\/2021\/10\/Namu-rahit-80.jpg?fit=551%2C551&ssl=1&resize=525%2C300 1.5x"},"classes":[]},{"id":18691,"url":"https:\/\/pohjanmaantehtaanmyymala.fi\/sv\/tuote\/pohjanmaan-namu-rahi-o-40-cm\/","url_meta":{"origin":18654,"position":2},"title":"Pohjanmaan Namu-rahi \u00d8 40 cm","author":"Sami Viitala","date":"oktober 31, 2021","format":false,"excerpt":"Vankka istuinjakkara.","rel":"","context":"Liknande produkt","block_context":{"text":"Liknande produkt","link":""},"img":{"alt_text":"Namu py\u00f6re\u00e4t rahit 40 cm ja 90 cm nahkainen ja kangas","src":"https:\/\/i0.wp.com\/pohjanmaantehtaanmyymala.fi\/wp-content\/uploads\/2021\/10\/Namu-rahi-pyorea-40-80-1.jpg?fit=960%2C960&ssl=1&resize=350%2C200","width":350,"height":200,"srcset":"https:\/\/i0.wp.com\/pohjanmaantehtaanmyymala.fi\/wp-content\/uploads\/2021\/10\/Namu-rahi-pyorea-40-80-1.jpg?fit=960%2C960&ssl=1&resize=350%2C200 1x, https:\/\/i0.wp.com\/pohjanmaantehtaanmyymala.fi\/wp-content\/uploads\/2021\/10\/Namu-rahi-pyorea-40-80-1.jpg?fit=960%2C960&ssl=1&resize=525%2C300 1.5x, https:\/\/i0.wp.com\/pohjanmaantehtaanmyymala.fi\/wp-content\/uploads\/2021\/10\/Namu-rahi-pyorea-40-80-1.jpg?fit=960%2C960&ssl=1&resize=700%2C400 2x"},"classes":[]},{"id":18705,"url":"https:\/\/pohjanmaantehtaanmyymala.fi\/sv\/tuote\/pohjanmaan-namu-rahi-o-90-cm\/","url_meta":{"origin":18654,"position":3},"title":"Pohjanmaan Namu-rahi \u00d8 90 cm","author":"Sami Viitala","date":"oktober 31, 2021","format":false,"excerpt":"N\u00e4ytt\u00e4v\u00e4n kokoinen py\u00f6re\u00e4 istuinrahi.","rel":"","context":"Liknande produkt","block_context":{"text":"Liknande produkt","link":""},"img":{"alt_text":"Py\u00f6re\u00e4t Namu- rahit ruskea nahka 40 cm ja kirjava kangas 90 cm.","src":"https:\/\/i0.wp.com\/pohjanmaantehtaanmyymala.fi\/wp-content\/uploads\/2021\/10\/Namu-rahi-pyorea-40-80-3.jpg?fit=960%2C960&ssl=1&resize=350%2C200","width":350,"height":200,"srcset":"https:\/\/i0.wp.com\/pohjanmaantehtaanmyymala.fi\/wp-content\/uploads\/2021\/10\/Namu-rahi-pyorea-40-80-3.jpg?fit=960%2C960&ssl=1&resize=350%2C200 1x, https:\/\/i0.wp.com\/pohjanmaantehtaanmyymala.fi\/wp-content\/uploads\/2021\/10\/Namu-rahi-pyorea-40-80-3.jpg?fit=960%2C960&ssl=1&resize=525%2C300 1.5x, https:\/\/i0.wp.com\/pohjanmaantehtaanmyymala.fi\/wp-content\/uploads\/2021\/10\/Namu-rahi-pyorea-40-80-3.jpg?fit=960%2C960&ssl=1&resize=700%2C400 2x"},"classes":[]},{"id":24021,"url":"https:\/\/pohjanmaantehtaanmyymala.fi\/sv\/tuote\/pohjanmaan-4-hengen-lilja-ruokaryhma-koivu\/","url_meta":{"origin":18654,"position":4},"title":"Pohjanmaan 4-hengen LILJA ruokaryhm\u00e4 koivu","author":"Sami Viitala","date":"november 14, 2023","format":false,"excerpt":"Tyylik\u00e4s nelj\u00e4n hengen Lilja-ruokaryhm\u00e4. T\u00e4m\u00e4 p\u00f6yt\u00e4 on 140 cm pitk\u00e4. Ryhdik\u00e4s Lilja ruokap\u00f6yt\u00e4 on valmistettu massiivikoivusta. P\u00f6yd\u00e4n kaverina ovat suositut ja kevyet Lilja-pinnatuolit. Ryhm\u00e4\u00e4 on saatavana my\u00f6s massiivitammisena sek\u00e4 useilla muilla eri v\u00e4reill\u00e4. Kysy hinta- ja lis\u00e4tietoa sek\u00e4 saatavuustietoja myynnist\u00e4mme! Tuotetiedot: Tuotekortti latautuu t\u00e4st\u00e4. -P\u00f6yd\u00e4n koko: 90x140 cm, Korkeus: 75\u2026","rel":"","context":"Liknande produkt","block_context":{"text":"Liknande produkt","link":""},"img":{"alt_text":"Lilja 4 hengen ruokaryhm\u00e4 pinnatuoleilla koivua kansi koivu lv jalat mustat","src":"https:\/\/i0.wp.com\/pohjanmaantehtaanmyymala.fi\/wp-content\/uploads\/2023\/11\/Lilja_ruokaryhma_4-tuolilla_musta-Koivu.jpg?fit=960%2C960&ssl=1&resize=350%2C200","width":350,"height":200,"srcset":"https:\/\/i0.wp.com\/pohjanmaantehtaanmyymala.fi\/wp-content\/uploads\/2023\/11\/Lilja_ruokaryhma_4-tuolilla_musta-Koivu.jpg?fit=960%2C960&ssl=1&resize=350%2C200 1x, https:\/\/i0.wp.com\/pohjanmaantehtaanmyymala.fi\/wp-content\/uploads\/2023\/11\/Lilja_ruokaryhma_4-tuolilla_musta-Koivu.jpg?fit=960%2C960&ssl=1&resize=525%2C300 1.5x, https:\/\/i0.wp.com\/pohjanmaantehtaanmyymala.fi\/wp-content\/uploads\/2023\/11\/Lilja_ruokaryhma_4-tuolilla_musta-Koivu.jpg?fit=960%2C960&ssl=1&resize=700%2C400 2x"},"classes":[]},{"id":24017,"url":"https:\/\/pohjanmaantehtaanmyymala.fi\/sv\/tuote\/pohjanmaan-lilja-pinnatuoli-koivu-lv\/","url_meta":{"origin":18654,"position":5},"title":"Pohjanmaan LILJA -pinnatuoli koivu lv","author":"Sami Viitala","date":"november 14, 2023","format":false,"excerpt":"Tyylik\u00e4s Pohjanmaan Kalusteen pinnatuoli monenlaiseen sisustukseen.","rel":"","context":"Liknande produkt","block_context":{"text":"Liknande produkt","link":""},"img":{"alt_text":"Lilja pinnatuoli koivu lakattu","src":"https:\/\/i0.wp.com\/pohjanmaantehtaanmyymala.fi\/wp-content\/uploads\/2023\/11\/Lilja_pinnatuoli_koivu.jpg?fit=960%2C960&ssl=1&resize=350%2C200","width":350,"height":200,"srcset":"https:\/\/i0.wp.com\/pohjanmaantehtaanmyymala.fi\/wp-content\/uploads\/2023\/11\/Lilja_pinnatuoli_koivu.jpg?fit=960%2C960&ssl=1&resize=350%2C200 1x, https:\/\/i0.wp.com\/pohjanmaantehtaanmyymala.fi\/wp-content\/uploads\/2023\/11\/Lilja_pinnatuoli_koivu.jpg?fit=960%2C960&ssl=1&resize=525%2C300 1.5x, https:\/\/i0.wp.com\/pohjanmaantehtaanmyymala.fi\/wp-content\/uploads\/2023\/11\/Lilja_pinnatuoli_koivu.jpg?fit=960%2C960&ssl=1&resize=700%2C400 2x"},"classes":[]}],"_links":{"self":[{"href":"https:\/\/pohjanmaantehtaanmyymala.fi\/sv\/wp-json\/wp\/v2\/product\/18654","targetHints":{"allow":["GET"]}}],"collection":[{"href":"https:\/\/pohjanmaantehtaanmyymala.fi\/sv\/wp-json\/wp\/v2\/product"}],"about":[{"href":"https:\/\/pohjanmaantehtaanmyymala.fi\/sv\/wp-json\/wp\/v2\/types\/product"}],"replies":[{"embeddable":true,"href":"https:\/\/pohjanmaantehtaanmyymala.fi\/sv\/wp-json\/wp\/v2\/comments?post=18654"}],"wp:featuredmedia":[{"embeddable":true,"href":"https:\/\/pohjanmaantehtaanmyymala.fi\/sv\/wp-json\/wp\/v2\/media\/18655"}],"wp:attachment":[{"href":"https:\/\/pohjanmaantehtaanmyymala.fi\/sv\/wp-json\/wp\/v2\/media?parent=18654"}],"wp:term":[{"taxonomy":"product_brand","embeddable":true,"href":"https:\/\/pohjanmaantehtaanmyymala.fi\/sv\/wp-json\/wp\/v2\/product_brand?post=18654"},{"taxonomy":"product_cat","embeddable":true,"href":"https:\/\/pohjanmaantehtaanmyymala.fi\/sv\/wp-json\/wp\/v2\/product_cat?post=18654"},{"taxonomy":"product_tag","embeddable":true,"href":"https:\/\/pohjanmaantehtaanmyymala.fi\/sv\/wp-json\/wp\/v2\/product_tag?post=18654"}],"curies":[{"name":"wp","href":"https:\/\/api.w.org\/{rel}","templated":true}]}}