{"id":18646,"date":"2021-10-31T15:30:45","date_gmt":"2021-10-31T13:30:45","guid":{"rendered":"https:\/\/pohjanmaantehtaanmyymala.fi\/?post_type=product&#038;p=18646"},"modified":"2022-09-05T10:35:04","modified_gmt":"2022-09-05T08:35:04","slug":"ohio-lankkupoyta-200-cm","status":"publish","type":"product","link":"https:\/\/pohjanmaantehtaanmyymala.fi\/sv\/tuote\/ohio-lankkupoyta-200-cm\/","title":{"rendered":"Ohio &#8211; lankkup\u00f6yt\u00e4 200&#215;95 cm"},"content":{"rendered":"<p>2177Tilava Pohjanmaan Kalusteen valmistama Ohio -ruokap\u00f6yt\u00e4 200&#215;95 cm on kaunis massiivitammesta valmistettu p\u00f6yt\u00e4, jossa on metallijalat. Ohiossa on kaksi p\u00f6yt\u00e4 lankkua, jotka ovat viimeistelty\u00e4 tammea. Ohio-p\u00f6yd\u00e4n kannen voit valita nelj\u00e4st\u00e4 eri vaihtoehdosta; smoked-ruskea, valkolakattutammi (nordic oak) sek\u00e4 lakattu- ja \u00f6ljytty luonnonv\u00e4rinen tammi.<\/p>\n<p>Ohio-p\u00f6yd\u00e4n jalat saa mustana tai valkoisena.<\/p>\n<p>Ohio-p\u00f6yt\u00e4st\u00e4 saa my\u00f6s koot: 240&#215;95 cm ja 180&#215;95 cm.<\/p>\n<p>P\u00f6yt\u00e4\u00e4 voit halutessasi valita my\u00f6s 1-osaisen t\u00e4ysleve\u00e4n kannen.<\/p>\n<p>Lis\u00e4\u00e4 Pohjanmaan Kalusteen valmistamia ruokap\u00f6yti\u00e4 l\u00f6yd\u00e4t my\u00f6s <a href=\"https:\/\/www.pohjanmaan.fi\/fi\/products?catalog=2\" target=\"_blank\" rel=\"noopener\">Pohjanmaan.fi verkkosivuilta.<\/a><\/p>\n<p>*Kysy tarjous <a href=\"https:\/\/pohjanmaantehtaanmyymala.fi\/yhteys\/\">myynnist\u00e4mme!<\/a><\/p>\n<h3>Tuotetiedot:<\/h3>\n<p>-Kansi: Massiivitammea<br \/>\n-Kannen koko: 200&#215;95 cm<br \/>\n-Kannen vahvuus 25 mm<br \/>\n-jalat ter\u00e4st\u00e4<\/p>\n<p>Toimitetaan jalat irrallaan.<\/p>\n","protected":false},"excerpt":{"rendered":"<p>Tilava lankkuruokap\u00f6yt\u00e4 metallijaloilla.<\/p>\n","protected":false},"featured_media":18647,"comment_status":"closed","ping_status":"closed","template":"","meta":{"_acf_changed":false,"jetpack_post_was_ever_published":false,"jetpack_publicize_message":"","jetpack_publicize_feature_enabled":true,"jetpack_social_post_already_shared":true,"jetpack_social_options":{"image_generator_settings":{"template":"highway","default_image_id":0,"font":"","enabled":false},"version":2}},"product_brand":[270],"product_cat":[194],"product_tag":[],"class_list":{"0":"post-18646","1":"product","2":"type-product","3":"status-publish","4":"has-post-thumbnail","6":"product_brand-pohjanmaan","7":"product_cat-ruokapoydat-ja-tuolit","8":"product_shipping_class-161","10":"first","11":"instock","12":"sale","13":"purchasable","14":"product-type-simple"},"acf":[],"jetpack_publicize_connections":[],"jetpack_sharing_enabled":true,"jetpack-related-posts":[{"id":18631,"url":"https:\/\/pohjanmaantehtaanmyymala.fi\/sv\/tuote\/ohio-lankkupoyta-180-cm\/","url_meta":{"origin":18646,"position":0},"title":"Ohio &#8211; lankkup\u00f6yt\u00e4 180&#215;95 cm","author":"Sami Viitala","date":"oktober 30, 2021","format":false,"excerpt":"N\u00e4ytt\u00e4v\u00e4 lankkuruokap\u00f6yt\u00e4 metallijaloilla.","rel":"","context":"Liknande produkt","block_context":{"text":"Liknande produkt","link":""},"img":{"alt_text":"Ohio-lankkup\u00f6yt\u00e4 180 cm smoked-v\u00e4ri","src":"https:\/\/i0.wp.com\/pohjanmaantehtaanmyymala.fi\/wp-content\/uploads\/2021\/10\/Pohjanmaan_Ohio-lankkup_180-smoked.jpg?fit=960%2C960&ssl=1&resize=350%2C200","width":350,"height":200,"srcset":"https:\/\/i0.wp.com\/pohjanmaantehtaanmyymala.fi\/wp-content\/uploads\/2021\/10\/Pohjanmaan_Ohio-lankkup_180-smoked.jpg?fit=960%2C960&ssl=1&resize=350%2C200 1x, https:\/\/i0.wp.com\/pohjanmaantehtaanmyymala.fi\/wp-content\/uploads\/2021\/10\/Pohjanmaan_Ohio-lankkup_180-smoked.jpg?fit=960%2C960&ssl=1&resize=525%2C300 1.5x, https:\/\/i0.wp.com\/pohjanmaantehtaanmyymala.fi\/wp-content\/uploads\/2021\/10\/Pohjanmaan_Ohio-lankkup_180-smoked.jpg?fit=960%2C960&ssl=1&resize=700%2C400 2x"},"classes":[]},{"id":18606,"url":"https:\/\/pohjanmaantehtaanmyymala.fi\/sv\/tuote\/ohio-lankkupoyta-240-cm\/","url_meta":{"origin":18646,"position":1},"title":"Ohio &#8211; lankkup\u00f6yt\u00e4 240&#215;95 cm","author":"Sami Viitala","date":"oktober 29, 2021","format":false,"excerpt":"N\u00e4ytt\u00e4v\u00e4 ruokap\u00f6yt\u00e4 metallijaloilla.","rel":"","context":"Liknande produkt","block_context":{"text":"Liknande produkt","link":""},"img":{"alt_text":"Ohio-lankkup\u00f6yt\u00e4 valkolakattu tammi mustilla jaloilla","src":"https:\/\/i0.wp.com\/pohjanmaantehtaanmyymala.fi\/wp-content\/uploads\/2021\/10\/Pohjanmaan_Ohio-lankkupoyta-240.jpg?fit=960%2C960&ssl=1&resize=350%2C200","width":350,"height":200,"srcset":"https:\/\/i0.wp.com\/pohjanmaantehtaanmyymala.fi\/wp-content\/uploads\/2021\/10\/Pohjanmaan_Ohio-lankkupoyta-240.jpg?fit=960%2C960&ssl=1&resize=350%2C200 1x, https:\/\/i0.wp.com\/pohjanmaantehtaanmyymala.fi\/wp-content\/uploads\/2021\/10\/Pohjanmaan_Ohio-lankkupoyta-240.jpg?fit=960%2C960&ssl=1&resize=525%2C300 1.5x, https:\/\/i0.wp.com\/pohjanmaantehtaanmyymala.fi\/wp-content\/uploads\/2021\/10\/Pohjanmaan_Ohio-lankkupoyta-240.jpg?fit=960%2C960&ssl=1&resize=700%2C400 2x"},"classes":[]},{"id":8641,"url":"https:\/\/pohjanmaantehtaanmyymala.fi\/sv\/tuote\/delta-tammipoyta-220cm\/","url_meta":{"origin":18646,"position":2},"title":"DELTA &#8211; tammip\u00f6yt\u00e4 220&#215;100 cm","author":"petri","date":"september 14, 2019","format":false,"excerpt":"Delta -ruokap\u00f6yt\u00e4 on todella tukeva massiivitammesta valmistettu p\u00f6yt\u00e4. Tammi on puulajina yksi kest\u00e4vimmist\u00e4, joka pit\u00e4\u00e4 ominaisuutensa vuosia, eik\u00e4 kulu kovassakaan k\u00e4yt\u00f6ss\u00e4. V\u00e4rivaihtoehdot tammip\u00f6yt\u00e4\u00e4n: \u00f6ljytty ja lakattu tammi sek\u00e4 lis\u00e4hintaan teak, musta, smoked ja nordic-valkolakattu. Delta-p\u00f6yt\u00e4\u00e4 saa my\u00f6s massiivikoivuisena eri v\u00e4reiss\u00e4 sek\u00e4 valkoiseksi maalattuna (kansi on silloin MDF-levy\u00e4). Delta-p\u00f6yd\u00e4n muut saatavilla\u2026","rel":"","context":"Liknande produkt","block_context":{"text":"Liknande produkt","link":""},"img":{"alt_text":"Delta p\u00f6yt\u00e4 100x200 \u00d6ljytty Massiivitammi","src":"https:\/\/i0.wp.com\/pohjanmaantehtaanmyymala.fi\/wp-content\/uploads\/2019\/06\/Delta-100x200-Oljytty-Massiivitammi-1.jpg?fit=960%2C960&ssl=1&resize=350%2C200","width":350,"height":200,"srcset":"https:\/\/i0.wp.com\/pohjanmaantehtaanmyymala.fi\/wp-content\/uploads\/2019\/06\/Delta-100x200-Oljytty-Massiivitammi-1.jpg?fit=960%2C960&ssl=1&resize=350%2C200 1x, https:\/\/i0.wp.com\/pohjanmaantehtaanmyymala.fi\/wp-content\/uploads\/2019\/06\/Delta-100x200-Oljytty-Massiivitammi-1.jpg?fit=960%2C960&ssl=1&resize=525%2C300 1.5x, https:\/\/i0.wp.com\/pohjanmaantehtaanmyymala.fi\/wp-content\/uploads\/2019\/06\/Delta-100x200-Oljytty-Massiivitammi-1.jpg?fit=960%2C960&ssl=1&resize=700%2C400 2x"},"classes":[]},{"id":21201,"url":"https:\/\/pohjanmaantehtaanmyymala.fi\/sv\/tuote\/delta-tammipoyta-280x115-cm\/","url_meta":{"origin":18646,"position":3},"title":"DELTA &#8211; tammip\u00f6yt\u00e4 280&#215;115 cm","author":"Sami Viitala","date":"september 5, 2022","format":false,"excerpt":"Delta ruokap\u00f6yt\u00e4 on todella tukeva massiivitammesta valmistettu p\u00f6yt\u00e4. Tammi on puulajina yksi kest\u00e4vimmist\u00e4, joka pit\u00e4\u00e4 ominaisuutensa vuosia, eik\u00e4 kulu kovassakaan k\u00e4yt\u00f6ss\u00e4. V\u00e4rivaihtoehdot tammip\u00f6yt\u00e4\u00e4n: \u00f6ljytty ja lakattu tammi sek\u00e4 lis\u00e4hintaan teak, musta, smoked ja nordic-valkolakattu. Delta-p\u00f6yt\u00e4\u00e4 saa my\u00f6s massiivikoivuisena eri v\u00e4reiss\u00e4 sek\u00e4 valkoiseksi maalattuna (kansi on silloin MDF-levy\u00e4). Delta-p\u00f6yd\u00e4n muut saatavilla\u2026","rel":"","context":"Liknande produkt","block_context":{"text":"Liknande produkt","link":""},"img":{"alt_text":"Delta p\u00f6yt\u00e4 100x200 \u00d6ljytty Massiivitammi","src":"https:\/\/i0.wp.com\/pohjanmaantehtaanmyymala.fi\/wp-content\/uploads\/2019\/06\/Delta-100x200-Oljytty-Massiivitammi-1.jpg?fit=960%2C960&ssl=1&resize=350%2C200","width":350,"height":200,"srcset":"https:\/\/i0.wp.com\/pohjanmaantehtaanmyymala.fi\/wp-content\/uploads\/2019\/06\/Delta-100x200-Oljytty-Massiivitammi-1.jpg?fit=960%2C960&ssl=1&resize=350%2C200 1x, https:\/\/i0.wp.com\/pohjanmaantehtaanmyymala.fi\/wp-content\/uploads\/2019\/06\/Delta-100x200-Oljytty-Massiivitammi-1.jpg?fit=960%2C960&ssl=1&resize=525%2C300 1.5x, https:\/\/i0.wp.com\/pohjanmaantehtaanmyymala.fi\/wp-content\/uploads\/2019\/06\/Delta-100x200-Oljytty-Massiivitammi-1.jpg?fit=960%2C960&ssl=1&resize=700%2C400 2x"},"classes":[]},{"id":8723,"url":"https:\/\/pohjanmaantehtaanmyymala.fi\/sv\/tuote\/delta-tammipoyta-180cm\/","url_meta":{"origin":18646,"position":4},"title":"DELTA &#8211; tammip\u00f6yt\u00e4 180&#215;95 cm","author":"petri","date":"september 14, 2019","format":false,"excerpt":"Delta -ruokap\u00f6yt\u00e4 on jykev\u00e4 massiivitammesta valmistettu p\u00f6yt\u00e4. Tammi on puulajina kest\u00e4v\u00e4, joka pit\u00e4\u00e4 ominaisuutensa vuosia, eik\u00e4 kulu kovassakaan k\u00e4yt\u00f6ss\u00e4. V\u00e4rivaihtoehdot tammip\u00f6yt\u00e4\u00e4n: \u00f6ljytty ja lakattu tammi sek\u00e4 lis\u00e4hintaan teak, musta, smoked ja nordic-valkolakattu. Delta-p\u00f6yt\u00e4\u00e4 saa my\u00f6s massiivikoivuisena eri v\u00e4reiss\u00e4 sek\u00e4 valkoiseksi maalattuna (kansi on silloin MDF-levy\u00e4). Kysy my\u00f6s muita kokoja ja\u2026","rel":"","context":"Liknande produkt","block_context":{"text":"Liknande produkt","link":""},"img":{"alt_text":"Delta p\u00f6yt\u00e4 100x200 \u00d6ljytty Massiivitammi","src":"https:\/\/i0.wp.com\/pohjanmaantehtaanmyymala.fi\/wp-content\/uploads\/2019\/06\/Delta-100x200-Oljytty-Massiivitammi-1.jpg?fit=960%2C960&ssl=1&resize=350%2C200","width":350,"height":200,"srcset":"https:\/\/i0.wp.com\/pohjanmaantehtaanmyymala.fi\/wp-content\/uploads\/2019\/06\/Delta-100x200-Oljytty-Massiivitammi-1.jpg?fit=960%2C960&ssl=1&resize=350%2C200 1x, https:\/\/i0.wp.com\/pohjanmaantehtaanmyymala.fi\/wp-content\/uploads\/2019\/06\/Delta-100x200-Oljytty-Massiivitammi-1.jpg?fit=960%2C960&ssl=1&resize=525%2C300 1.5x, https:\/\/i0.wp.com\/pohjanmaantehtaanmyymala.fi\/wp-content\/uploads\/2019\/06\/Delta-100x200-Oljytty-Massiivitammi-1.jpg?fit=960%2C960&ssl=1&resize=700%2C400 2x"},"classes":[]},{"id":13123,"url":"https:\/\/pohjanmaantehtaanmyymala.fi\/sv\/tuote\/zoom-ruokapoyta-200x100-cm-valkoinen\/","url_meta":{"origin":18646,"position":5},"title":"ZOOM &#8211; ruokap\u00f6yt\u00e4 200&#215;100 cm valkoinen","author":"Sami Viitala","date":"september 18, 2020","format":false,"excerpt":"Suoralinjainen ja massiivinen ruokap\u00f6yt\u00e4 moderniin sisustukseen.","rel":"","context":"Liknande produkt","block_context":{"text":"Liknande produkt","link":""},"img":{"alt_text":"Zoom ruokap\u00f6yt\u00e4 kuura tuoli","src":"https:\/\/i0.wp.com\/pohjanmaantehtaanmyymala.fi\/wp-content\/uploads\/2020\/09\/Zoom-poyta-kuura-tuoli.jpg?fit=1200%2C1200&ssl=1&resize=350%2C200","width":350,"height":200,"srcset":"https:\/\/i0.wp.com\/pohjanmaantehtaanmyymala.fi\/wp-content\/uploads\/2020\/09\/Zoom-poyta-kuura-tuoli.jpg?fit=1200%2C1200&ssl=1&resize=350%2C200 1x, https:\/\/i0.wp.com\/pohjanmaantehtaanmyymala.fi\/wp-content\/uploads\/2020\/09\/Zoom-poyta-kuura-tuoli.jpg?fit=1200%2C1200&ssl=1&resize=525%2C300 1.5x, https:\/\/i0.wp.com\/pohjanmaantehtaanmyymala.fi\/wp-content\/uploads\/2020\/09\/Zoom-poyta-kuura-tuoli.jpg?fit=1200%2C1200&ssl=1&resize=700%2C400 2x, https:\/\/i0.wp.com\/pohjanmaantehtaanmyymala.fi\/wp-content\/uploads\/2020\/09\/Zoom-poyta-kuura-tuoli.jpg?fit=1200%2C1200&ssl=1&resize=1050%2C600 3x"},"classes":[]}],"_links":{"self":[{"href":"https:\/\/pohjanmaantehtaanmyymala.fi\/sv\/wp-json\/wp\/v2\/product\/18646","targetHints":{"allow":["GET"]}}],"collection":[{"href":"https:\/\/pohjanmaantehtaanmyymala.fi\/sv\/wp-json\/wp\/v2\/product"}],"about":[{"href":"https:\/\/pohjanmaantehtaanmyymala.fi\/sv\/wp-json\/wp\/v2\/types\/product"}],"replies":[{"embeddable":true,"href":"https:\/\/pohjanmaantehtaanmyymala.fi\/sv\/wp-json\/wp\/v2\/comments?post=18646"}],"wp:featuredmedia":[{"embeddable":true,"href":"https:\/\/pohjanmaantehtaanmyymala.fi\/sv\/wp-json\/wp\/v2\/media\/18647"}],"wp:attachment":[{"href":"https:\/\/pohjanmaantehtaanmyymala.fi\/sv\/wp-json\/wp\/v2\/media?parent=18646"}],"wp:term":[{"taxonomy":"product_brand","embeddable":true,"href":"https:\/\/pohjanmaantehtaanmyymala.fi\/sv\/wp-json\/wp\/v2\/product_brand?post=18646"},{"taxonomy":"product_cat","embeddable":true,"href":"https:\/\/pohjanmaantehtaanmyymala.fi\/sv\/wp-json\/wp\/v2\/product_cat?post=18646"},{"taxonomy":"product_tag","embeddable":true,"href":"https:\/\/pohjanmaantehtaanmyymala.fi\/sv\/wp-json\/wp\/v2\/product_tag?post=18646"}],"curies":[{"name":"wp","href":"https:\/\/api.w.org\/{rel}","templated":true}]}}