{"id":18514,"date":"2021-10-28T07:50:20","date_gmt":"2021-10-28T05:50:20","guid":{"rendered":"https:\/\/pohjanmaantehtaanmyymala.fi\/?post_type=product&#038;p=18514"},"modified":"2025-02-01T00:00:21","modified_gmt":"2025-01-31T22:00:21","slug":"atlanta-2-istuttava-nahkasohva","status":"publish","type":"product","link":"https:\/\/pohjanmaantehtaanmyymala.fi\/sv\/tuote\/atlanta-2-istuttava-nahkasohva\/","title":{"rendered":"ATLANTA 2-istuttava nahkasohva"},"content":{"rendered":"<p>Pohjanmaan Kalusteen Atlanta -sohvassa on sis\u00e4\u00e4nrekennetut vy\u00f6hykkeet selk\u00e4- ja istuinosassa, jotka tukevat juuri oikealla tavalla tarjoten n\u00e4in erinomaisen istuinmukavuuden.<\/p>\n<p>Sohvan hinta on laskettu Soft Antique -nahkalla, mutta Atlantan verhoilun voi valita useista kangas- ja nahkavaihtoehdoista.<\/p>\n<p>Tutustu laajempaan valikoimaan tehtaanmyym\u00e4l\u00e4ss\u00e4mme. Lis\u00e4tietoja saat<a href=\"https:\/\/pohjanmaantehtaanmyymala.fi\/yhteys\/\"> myynnist\u00e4mme.<\/a><\/p>\n<p><a href=\"https:\/\/www.pohjanmaan.fi\/tuotteet\/atlanta\/2-istuttava-sohva\" target=\"_blank\" rel=\"noopener\">Linkki Atlanta-sohva tuotesivuille.<\/a><\/p>\n<h3>Tuotetiedot:<\/h3>\n<p>Runko: Massiivipuu, vaneri ja kovalevy (takuu 10-vuotta).<br \/>\nIstuinpehmuste: No-zag jouset, 35HR100 vaahtomuovi.<br \/>\nSelk\u00e4nojan pehmuste: Kumivy\u00f6t, vanutyynyt.<br \/>\nVerhoilu: Soft antique nahka, taustat keinonahkaa.<\/p>\n","protected":false},"excerpt":{"rendered":"<p>Istuinmukavuuden uusi ulottuvuus.<\/p>\n","protected":false},"featured_media":18521,"comment_status":"open","ping_status":"closed","template":"","meta":{"_acf_changed":false,"jetpack_post_was_ever_published":false,"jetpack_publicize_message":"","jetpack_publicize_feature_enabled":true,"jetpack_social_post_already_shared":true,"jetpack_social_options":{"image_generator_settings":{"template":"highway","default_image_id":0,"font":"","enabled":false},"version":2}},"product_brand":[270],"product_cat":[201],"product_tag":[],"class_list":{"0":"post-18514","1":"product","2":"type-product","3":"status-publish","4":"has-post-thumbnail","6":"product_brand-pohjanmaan","7":"product_cat-sohvat","8":"product_shipping_class-161","10":"first","11":"instock","12":"purchasable","13":"product-type-simple"},"acf":[],"jetpack_publicize_connections":[],"jetpack_sharing_enabled":true,"jetpack-related-posts":[{"id":8684,"url":"https:\/\/pohjanmaantehtaanmyymala.fi\/sv\/tuote\/atlanta-3-nahkasohva\/","url_meta":{"origin":18514,"position":0},"title":"ATLANTA 3-istuttava nahkasohva","author":"petri","date":"september 14, 2019","format":false,"excerpt":"T\u00e4m\u00e4 sohva tarjoaa parasta istuinmukavuutta.","rel":"","context":"Liknande produkt","block_context":{"text":"Liknande produkt","link":""},"img":{"alt_text":"Atlanta-sohva-beige-nahka","src":"https:\/\/i0.wp.com\/pohjanmaantehtaanmyymala.fi\/wp-content\/uploads\/2019\/09\/Atlanta-3.jpg?fit=960%2C960&ssl=1&resize=350%2C200","width":350,"height":200,"srcset":"https:\/\/i0.wp.com\/pohjanmaantehtaanmyymala.fi\/wp-content\/uploads\/2019\/09\/Atlanta-3.jpg?fit=960%2C960&ssl=1&resize=350%2C200 1x, https:\/\/i0.wp.com\/pohjanmaantehtaanmyymala.fi\/wp-content\/uploads\/2019\/09\/Atlanta-3.jpg?fit=960%2C960&ssl=1&resize=525%2C300 1.5x, https:\/\/i0.wp.com\/pohjanmaantehtaanmyymala.fi\/wp-content\/uploads\/2019\/09\/Atlanta-3.jpg?fit=960%2C960&ssl=1&resize=700%2C400 2x"},"classes":[]},{"id":8677,"url":"https:\/\/pohjanmaantehtaanmyymala.fi\/sv\/tuote\/atlanta-recliner-mekanismituoli-sahko\/","url_meta":{"origin":18514,"position":1},"title":"ATLANTA &#8211; s\u00e4hk\u00f6recliner mekanismituoli","author":"petri","date":"september 14, 2019","format":false,"excerpt":"Nahkaverhoiltu Atlanta s\u00e4hk\u00f6-reclinertuoli kallistuvalla selk\u00e4nojalla","rel":"","context":"Liknande produkt","block_context":{"text":"Liknande produkt","link":""},"img":{"alt_text":"Atlanta recliner ruskea","src":"https:\/\/i0.wp.com\/pohjanmaantehtaanmyymala.fi\/wp-content\/uploads\/2019\/09\/Atlanta-recliner-2.jpg?fit=960%2C960&ssl=1&resize=350%2C200","width":350,"height":200,"srcset":"https:\/\/i0.wp.com\/pohjanmaantehtaanmyymala.fi\/wp-content\/uploads\/2019\/09\/Atlanta-recliner-2.jpg?fit=960%2C960&ssl=1&resize=350%2C200 1x, https:\/\/i0.wp.com\/pohjanmaantehtaanmyymala.fi\/wp-content\/uploads\/2019\/09\/Atlanta-recliner-2.jpg?fit=960%2C960&ssl=1&resize=525%2C300 1.5x, https:\/\/i0.wp.com\/pohjanmaantehtaanmyymala.fi\/wp-content\/uploads\/2019\/09\/Atlanta-recliner-2.jpg?fit=960%2C960&ssl=1&resize=700%2C400 2x"},"classes":[]},{"id":8669,"url":"https:\/\/pohjanmaantehtaanmyymala.fi\/sv\/tuote\/atlanta-recliner-mekanismituoli\/","url_meta":{"origin":18514,"position":2},"title":"ATLANTA ERGO &#8211; recliner mekanismituoli","author":"petri","date":"september 14, 2019","format":false,"excerpt":"Pohjanmaan recliner - mekanismituoli s\u00e4\u00e4dett\u00e4v\u00e4ll\u00e4 niskatuella.","rel":"","context":"Liknande produkt","block_context":{"text":"Liknande produkt","link":""},"img":{"alt_text":"Atlanta Recliner","src":"https:\/\/i0.wp.com\/pohjanmaantehtaanmyymala.fi\/wp-content\/uploads\/2019\/06\/Atlanta-Recliner.jpg?fit=960%2C960&ssl=1&resize=350%2C200","width":350,"height":200,"srcset":"https:\/\/i0.wp.com\/pohjanmaantehtaanmyymala.fi\/wp-content\/uploads\/2019\/06\/Atlanta-Recliner.jpg?fit=960%2C960&ssl=1&resize=350%2C200 1x, https:\/\/i0.wp.com\/pohjanmaantehtaanmyymala.fi\/wp-content\/uploads\/2019\/06\/Atlanta-Recliner.jpg?fit=960%2C960&ssl=1&resize=525%2C300 1.5x, https:\/\/i0.wp.com\/pohjanmaantehtaanmyymala.fi\/wp-content\/uploads\/2019\/06\/Atlanta-Recliner.jpg?fit=960%2C960&ssl=1&resize=700%2C400 2x"},"classes":[]},{"id":17852,"url":"https:\/\/pohjanmaantehtaanmyymala.fi\/sv\/tuote\/atlanta-recliner-mekanismituoli-nahkaa\/","url_meta":{"origin":18514,"position":3},"title":"ATLANTA recliner mekanismituoli, nahkaa","author":"Sami Viitala","date":"augusti 25, 2021","format":false,"excerpt":"Lepotuoli, jossa on viident\u00e4hden istuinmukavuus.","rel":"","context":"Liknande produkt","block_context":{"text":"Liknande produkt","link":""},"img":{"alt_text":"Pohjanmaan Atlanta recliner nahka","src":"https:\/\/i0.wp.com\/pohjanmaantehtaanmyymala.fi\/wp-content\/uploads\/2019\/09\/Pohjanmaan_Atlanta-recliner_mekanismituoli.jpg?fit=1200%2C952&ssl=1&resize=350%2C200","width":350,"height":200,"srcset":"https:\/\/i0.wp.com\/pohjanmaantehtaanmyymala.fi\/wp-content\/uploads\/2019\/09\/Pohjanmaan_Atlanta-recliner_mekanismituoli.jpg?fit=1200%2C952&ssl=1&resize=350%2C200 1x, https:\/\/i0.wp.com\/pohjanmaantehtaanmyymala.fi\/wp-content\/uploads\/2019\/09\/Pohjanmaan_Atlanta-recliner_mekanismituoli.jpg?fit=1200%2C952&ssl=1&resize=525%2C300 1.5x, https:\/\/i0.wp.com\/pohjanmaantehtaanmyymala.fi\/wp-content\/uploads\/2019\/09\/Pohjanmaan_Atlanta-recliner_mekanismituoli.jpg?fit=1200%2C952&ssl=1&resize=700%2C400 2x, https:\/\/i0.wp.com\/pohjanmaantehtaanmyymala.fi\/wp-content\/uploads\/2019\/09\/Pohjanmaan_Atlanta-recliner_mekanismituoli.jpg?fit=1200%2C952&ssl=1&resize=1050%2C600 3x"},"classes":[]},{"id":10365,"url":"https:\/\/pohjanmaantehtaanmyymala.fi\/sv\/tuote\/atlanta-recliner-mekanismituoli-akku\/","url_meta":{"origin":18514,"position":4},"title":"ATLANTA ERGO &#8211; s\u00e4hk\u00f6recliner mekanismituoli","author":"petri","date":"september 14, 2019","format":false,"excerpt":"S\u00e4hk\u00f6recliner tuoli ladattavalla akulla, joka py\u00f6rii ja keinuu.","rel":"","context":"Liknande produkt","block_context":{"text":"Liknande produkt","link":""},"img":{"alt_text":"Atlanta recliner mekanismi tuoli nahka","src":"https:\/\/i0.wp.com\/pohjanmaantehtaanmyymala.fi\/wp-content\/uploads\/2019\/09\/Atlan-sahkorecliner-auki-2.jpg?fit=1200%2C1200&ssl=1&resize=350%2C200","width":350,"height":200,"srcset":"https:\/\/i0.wp.com\/pohjanmaantehtaanmyymala.fi\/wp-content\/uploads\/2019\/09\/Atlan-sahkorecliner-auki-2.jpg?fit=1200%2C1200&ssl=1&resize=350%2C200 1x, https:\/\/i0.wp.com\/pohjanmaantehtaanmyymala.fi\/wp-content\/uploads\/2019\/09\/Atlan-sahkorecliner-auki-2.jpg?fit=1200%2C1200&ssl=1&resize=525%2C300 1.5x, https:\/\/i0.wp.com\/pohjanmaantehtaanmyymala.fi\/wp-content\/uploads\/2019\/09\/Atlan-sahkorecliner-auki-2.jpg?fit=1200%2C1200&ssl=1&resize=700%2C400 2x, https:\/\/i0.wp.com\/pohjanmaantehtaanmyymala.fi\/wp-content\/uploads\/2019\/09\/Atlan-sahkorecliner-auki-2.jpg?fit=1200%2C1200&ssl=1&resize=1050%2C600 3x"},"classes":[]},{"id":16407,"url":"https:\/\/pohjanmaantehtaanmyymala.fi\/sv\/tuote\/amiral-2k2-kulmasohva-nahkaa\/","url_meta":{"origin":18514,"position":5},"title":"AMIRAL 2+kulma+2 kulmasohva nahkaa","author":"Sami Viitala","date":"februari 11, 2021","format":false,"excerpt":"Todella laadukkaat Pohjanmaan Kalusteen valmistamat sohvat tehd\u00e4\u00e4n parhaista materiaaleista 60 vuoden kokemuksella.","rel":"","context":"Liknande produkt","block_context":{"text":"Liknande produkt","link":""},"img":{"alt_text":"Amiral kulmasohva nahkaa ruskea","src":"https:\/\/i0.wp.com\/pohjanmaantehtaanmyymala.fi\/wp-content\/uploads\/2021\/02\/Amiral-2Kulma2-nahka.jpg?fit=1200%2C1200&ssl=1&resize=350%2C200","width":350,"height":200,"srcset":"https:\/\/i0.wp.com\/pohjanmaantehtaanmyymala.fi\/wp-content\/uploads\/2021\/02\/Amiral-2Kulma2-nahka.jpg?fit=1200%2C1200&ssl=1&resize=350%2C200 1x, https:\/\/i0.wp.com\/pohjanmaantehtaanmyymala.fi\/wp-content\/uploads\/2021\/02\/Amiral-2Kulma2-nahka.jpg?fit=1200%2C1200&ssl=1&resize=525%2C300 1.5x, https:\/\/i0.wp.com\/pohjanmaantehtaanmyymala.fi\/wp-content\/uploads\/2021\/02\/Amiral-2Kulma2-nahka.jpg?fit=1200%2C1200&ssl=1&resize=700%2C400 2x, https:\/\/i0.wp.com\/pohjanmaantehtaanmyymala.fi\/wp-content\/uploads\/2021\/02\/Amiral-2Kulma2-nahka.jpg?fit=1200%2C1200&ssl=1&resize=1050%2C600 3x"},"classes":[]}],"_links":{"self":[{"href":"https:\/\/pohjanmaantehtaanmyymala.fi\/sv\/wp-json\/wp\/v2\/product\/18514","targetHints":{"allow":["GET"]}}],"collection":[{"href":"https:\/\/pohjanmaantehtaanmyymala.fi\/sv\/wp-json\/wp\/v2\/product"}],"about":[{"href":"https:\/\/pohjanmaantehtaanmyymala.fi\/sv\/wp-json\/wp\/v2\/types\/product"}],"replies":[{"embeddable":true,"href":"https:\/\/pohjanmaantehtaanmyymala.fi\/sv\/wp-json\/wp\/v2\/comments?post=18514"}],"wp:featuredmedia":[{"embeddable":true,"href":"https:\/\/pohjanmaantehtaanmyymala.fi\/sv\/wp-json\/wp\/v2\/media\/18521"}],"wp:attachment":[{"href":"https:\/\/pohjanmaantehtaanmyymala.fi\/sv\/wp-json\/wp\/v2\/media?parent=18514"}],"wp:term":[{"taxonomy":"product_brand","embeddable":true,"href":"https:\/\/pohjanmaantehtaanmyymala.fi\/sv\/wp-json\/wp\/v2\/product_brand?post=18514"},{"taxonomy":"product_cat","embeddable":true,"href":"https:\/\/pohjanmaantehtaanmyymala.fi\/sv\/wp-json\/wp\/v2\/product_cat?post=18514"},{"taxonomy":"product_tag","embeddable":true,"href":"https:\/\/pohjanmaantehtaanmyymala.fi\/sv\/wp-json\/wp\/v2\/product_tag?post=18514"}],"curies":[{"name":"wp","href":"https:\/\/api.w.org\/{rel}","templated":true}]}}