{"id":18476,"date":"2021-10-26T17:11:49","date_gmt":"2021-10-26T15:11:49","guid":{"rendered":"https:\/\/pohjanmaantehtaanmyymala.fi\/?post_type=product&#038;p=18476"},"modified":"2025-03-08T13:44:58","modified_gmt":"2025-03-08T11:44:58","slug":"monza-3-istuttava-nahkasohva","status":"publish","type":"product","link":"https:\/\/pohjanmaantehtaanmyymala.fi\/sv\/tuote\/monza-3-istuttava-nahkasohva\/","title":{"rendered":"Monza 3-istuttava nahkasohva"},"content":{"rendered":"<p>Perinteinen Pohjanmaan Monza-nahkasohva on tehtaan vanhimpia tuotannossa olevia malleja, mutta edelleenkin varsin suosittu sohva asiakkaiden keskuudessa. Py\u00f6re\u00e4 muotoilu sopii varsin monelle asiakkaalle ja Monza-sohvan korkea selk\u00e4osa niskatyynyll\u00e4 tukee hyvin istujaa. Sohvan istuimessa on j\u00e4m\u00e4kk\u00e4 vaahtomuovi-istuin, joka sohvasta ryhdikk\u00e4\u00e4n ja j\u00e4m\u00e4k\u00e4n istua.<\/p>\n<p>Monza-sohvan kulutuspinnat verhoiltu kest\u00e4v\u00e4ll\u00e4 Soft Antique-nahkalla ja esimerkkihinta on ilmoitettu siten nahkaisena. Tehtaanmyym\u00e4l\u00e4st\u00e4 toki l\u00f6yd\u00e4t my\u00f6s paljon lis\u00e4\u00e4 erilaisia nahka- ja ka ngasvaihtoehtoja. Halutessasi voit valita eri verhoilun tai kokoonpanon, ota yhteytt\u00e4 <a href=\"https:\/\/pohjanmaantehtaanmyymala.fi\/yhteys\/\">asiakaspalveluumme<\/a>.<\/p>\n<p>Monzaan saa my\u00f6s koristelistat k\u00e4sinojien eteen. Koristelistat maksavat 65 \u20ac lis\u00e4hintaa. Koristelistojen v\u00e4rivaihtoehdot ovat Luonnonv\u00e4ri, p\u00e4hkin\u00e4 ja wenge(musta).<\/p>\n<p>Monza-mallistosta l\u00f6ytyy lis\u00e4ksi kulmasohvat, recliner-tuoli, nojatuoli ja 2-istuttava sohva.<\/p>\n<p><a href=\"https:\/\/www.pohjanmaan.fi\/tuotteet\/monza\/3-istuttava-sohva\" target=\"_blank\" rel=\"noopener\">T\u00e4st\u00e4 linkist\u00e4 p\u00e4\u00e4set Pohjanmaan Monza-malliston sivulle.<\/a><\/p>\n<p>Toimitamme Pohjanmaan-sohvat kaikkialle Suomeen.<\/p>\n<h3>Tuotetiedot:<\/h3>\n<p><a href=\"https:\/\/www.pohjanmaan.fi\/_files\/ugd\/2f25a6_b5dcaec15bff46a0987904164adbc032.pdf\" target=\"_blank\" rel=\"noopener\">Katso t\u00e4st\u00e4 Monza-tuotekortti!<\/a><\/p>\n<p>3-istuttavan mitat: Lev. 194 cm, syv. 95cm, kork. 98cm.<br \/>\nIstuinsyvyys: 56 cm<br \/>\nIstuinkorkeus: 47 cm<\/p>\n<p>Runko: Massiivipuu vaneri ja kovalevy. Runkotakuu 20-vuotta.<br \/>\nIstuin: No zag jouset 12 cm 35EP150 vaahtomuovi+vanu.<br \/>\nSelk\u00e4noja: Kerrostettu vaahtomuovit\u00e4yte HS23+EP25 vaahtomuovi.<br \/>\nK\u00e4sinojat: Vaahtomuovipehmuste.<br \/>\nJalat: Puujalat, v\u00e4rit: Luonnonv\u00e4ri, p\u00e4hkin\u00e4, wenge(musta) ja massiivitammi.<br \/>\nVerhoilu: <a href=\"https:\/\/www.pohjanmaan.fi\/materiaalimallistot\/soft-antique\">Soft Antigue -nahka<\/a>, taustat ovat keinonahkaa.<\/p>\n<p>Sohvat toimitetaan muovipakkauksessa jalat irrallaan.<\/p>\n<div id=\"jp-relatedposts\" class=\"jp-relatedposts\"><\/div>\n","protected":false},"excerpt":{"rendered":"<p>Pohjanmaan Kalusteen valmistamat sohvat tehd\u00e4\u00e4n parhaista materiaaleista 60 vuoden kokemuksella.<\/p>\n","protected":false},"featured_media":18486,"comment_status":"closed","ping_status":"closed","template":"","meta":{"_acf_changed":false,"jetpack_post_was_ever_published":false,"jetpack_publicize_message":"","jetpack_publicize_feature_enabled":true,"jetpack_social_post_already_shared":true,"jetpack_social_options":{"image_generator_settings":{"template":"highway","default_image_id":0,"font":"","enabled":false},"version":2}},"product_brand":[270],"product_cat":[201],"product_tag":[],"class_list":{"0":"post-18476","1":"product","2":"type-product","3":"status-publish","4":"has-post-thumbnail","6":"product_brand-pohjanmaan","7":"product_cat-sohvat","8":"product_shipping_class-161","10":"first","11":"instock","12":"sale","13":"purchasable","14":"product-type-simple"},"acf":[],"jetpack_publicize_connections":[],"jetpack_sharing_enabled":true,"jetpack-related-posts":[{"id":18503,"url":"https:\/\/pohjanmaantehtaanmyymala.fi\/sv\/tuote\/monza-2-istuttava-nahkasohva\/","url_meta":{"origin":18476,"position":0},"title":"Monza 2-istuttava nahkasohva","author":"Sami Viitala","date":"oktober 27, 2021","format":false,"excerpt":"Muhkeaan oleiluun.","rel":"","context":"Liknande produkt","block_context":{"text":"Liknande produkt","link":""},"img":{"alt_text":"Monza valkoinen nahkasohva","src":"https:\/\/i0.wp.com\/pohjanmaantehtaanmyymala.fi\/wp-content\/uploads\/2021\/10\/monza_sohva_2-ist_soft_antique_0127.jpg?fit=960%2C960&ssl=1&resize=350%2C200","width":350,"height":200,"srcset":"https:\/\/i0.wp.com\/pohjanmaantehtaanmyymala.fi\/wp-content\/uploads\/2021\/10\/monza_sohva_2-ist_soft_antique_0127.jpg?fit=960%2C960&ssl=1&resize=350%2C200 1x, https:\/\/i0.wp.com\/pohjanmaantehtaanmyymala.fi\/wp-content\/uploads\/2021\/10\/monza_sohva_2-ist_soft_antique_0127.jpg?fit=960%2C960&ssl=1&resize=525%2C300 1.5x, https:\/\/i0.wp.com\/pohjanmaantehtaanmyymala.fi\/wp-content\/uploads\/2021\/10\/monza_sohva_2-ist_soft_antique_0127.jpg?fit=960%2C960&ssl=1&resize=700%2C400 2x"},"classes":[]},{"id":8653,"url":"https:\/\/pohjanmaantehtaanmyymala.fi\/sv\/tuote\/amiral-3-sohva\/","url_meta":{"origin":18476,"position":1},"title":"AMIRAL 3-istuttava nahkasohva","author":"petri","date":"september 14, 2019","format":false,"excerpt":"Todella laadukkaat Pohjanmaan kalusteen valmistamat sohvat tehd\u00e4\u00e4n parhaista materiaaleista 50 vuoden kokemuksella.","rel":"","context":"Liknande produkt","block_context":{"text":"Liknande produkt","link":""},"img":{"alt_text":"Amiral 3:n istuttava","src":"https:\/\/i0.wp.com\/pohjanmaantehtaanmyymala.fi\/wp-content\/uploads\/2019\/06\/amiral-3-web.jpg?fit=960%2C960&ssl=1&resize=350%2C200","width":350,"height":200,"srcset":"https:\/\/i0.wp.com\/pohjanmaantehtaanmyymala.fi\/wp-content\/uploads\/2019\/06\/amiral-3-web.jpg?fit=960%2C960&ssl=1&resize=350%2C200 1x, https:\/\/i0.wp.com\/pohjanmaantehtaanmyymala.fi\/wp-content\/uploads\/2019\/06\/amiral-3-web.jpg?fit=960%2C960&ssl=1&resize=525%2C300 1.5x, https:\/\/i0.wp.com\/pohjanmaantehtaanmyymala.fi\/wp-content\/uploads\/2019\/06\/amiral-3-web.jpg?fit=960%2C960&ssl=1&resize=700%2C400 2x"},"classes":[]},{"id":17881,"url":"https:\/\/pohjanmaantehtaanmyymala.fi\/sv\/tuote\/amiral-2-ist-nahkasohva\/","url_meta":{"origin":18476,"position":2},"title":"AMIRAL 2-istuttava nahkasohva","author":"Sami Viitala","date":"augusti 27, 2021","format":false,"excerpt":"Pohjanmaan Kalusteen valmistamat sohvat tehd\u00e4\u00e4n parhaista materiaaleista 60 vuoden kokemuksella.","rel":"","context":"Liknande produkt","block_context":{"text":"Liknande produkt","link":""},"img":{"alt_text":"Amiral 2-istuttava sohva ruskea Labrador-nahka","src":"https:\/\/i0.wp.com\/pohjanmaantehtaanmyymala.fi\/wp-content\/uploads\/2021\/08\/Pohjanmaan_Amiral_2-istuttava.jpg?fit=1200%2C1200&ssl=1&resize=350%2C200","width":350,"height":200,"srcset":"https:\/\/i0.wp.com\/pohjanmaantehtaanmyymala.fi\/wp-content\/uploads\/2021\/08\/Pohjanmaan_Amiral_2-istuttava.jpg?fit=1200%2C1200&ssl=1&resize=350%2C200 1x, https:\/\/i0.wp.com\/pohjanmaantehtaanmyymala.fi\/wp-content\/uploads\/2021\/08\/Pohjanmaan_Amiral_2-istuttava.jpg?fit=1200%2C1200&ssl=1&resize=525%2C300 1.5x, https:\/\/i0.wp.com\/pohjanmaantehtaanmyymala.fi\/wp-content\/uploads\/2021\/08\/Pohjanmaan_Amiral_2-istuttava.jpg?fit=1200%2C1200&ssl=1&resize=700%2C400 2x, https:\/\/i0.wp.com\/pohjanmaantehtaanmyymala.fi\/wp-content\/uploads\/2021\/08\/Pohjanmaan_Amiral_2-istuttava.jpg?fit=1200%2C1200&ssl=1&resize=1050%2C600 3x"},"classes":[]},{"id":24241,"url":"https:\/\/pohjanmaantehtaanmyymala.fi\/sv\/tuote\/amiral-3-ja-2-istuttavat-nahkasohvat\/","url_meta":{"origin":18476,"position":3},"title":"AMIRAL 3- ja 2-istuttavat nahkasohvat","author":"Sami Viitala","date":"november 23, 2023","format":false,"excerpt":"Pohjanmaan Kalusteen valmistamat sohvat tehd\u00e4\u00e4n k\u00e4sity\u00f6n\u00e4 60 vuoden kokemuksella.","rel":"","context":"Liknande produkt","block_context":{"text":"Liknande produkt","link":""},"img":{"alt_text":"Pohjanmaan Amiral 3- ja 2-istuttavat nahkasohvat musta","src":"https:\/\/i0.wp.com\/pohjanmaantehtaanmyymala.fi\/wp-content\/uploads\/2023\/11\/Pohjanmaan_Amiral_sohvakalusto_32_nahka.jpg?fit=960%2C960&ssl=1&resize=350%2C200","width":350,"height":200,"srcset":"https:\/\/i0.wp.com\/pohjanmaantehtaanmyymala.fi\/wp-content\/uploads\/2023\/11\/Pohjanmaan_Amiral_sohvakalusto_32_nahka.jpg?fit=960%2C960&ssl=1&resize=350%2C200 1x, https:\/\/i0.wp.com\/pohjanmaantehtaanmyymala.fi\/wp-content\/uploads\/2023\/11\/Pohjanmaan_Amiral_sohvakalusto_32_nahka.jpg?fit=960%2C960&ssl=1&resize=525%2C300 1.5x, https:\/\/i0.wp.com\/pohjanmaantehtaanmyymala.fi\/wp-content\/uploads\/2023\/11\/Pohjanmaan_Amiral_sohvakalusto_32_nahka.jpg?fit=960%2C960&ssl=1&resize=700%2C400 2x"},"classes":[]},{"id":17897,"url":"https:\/\/pohjanmaantehtaanmyymala.fi\/sv\/tuote\/amiral-lepotuoli-nahkasohva\/","url_meta":{"origin":18476,"position":4},"title":"AMIRAL lepotuoli nahkaa","author":"Sami Viitala","date":"augusti 27, 2021","format":false,"excerpt":"Pohjanmaan Kalusteen valmistamat sohvat tehd\u00e4\u00e4n parhaista materiaaleista 60 vuoden kokemuksella.","rel":"","context":"Liknande produkt","block_context":{"text":"Liknande produkt","link":""},"img":{"alt_text":"amiral lepotuoli nahka ruskea","src":"https:\/\/i0.wp.com\/pohjanmaantehtaanmyymala.fi\/wp-content\/uploads\/2019\/09\/amiral_tuoli_labrador-nahka.png?fit=711%2C700&ssl=1&resize=350%2C200","width":350,"height":200,"srcset":"https:\/\/i0.wp.com\/pohjanmaantehtaanmyymala.fi\/wp-content\/uploads\/2019\/09\/amiral_tuoli_labrador-nahka.png?fit=711%2C700&ssl=1&resize=350%2C200 1x, https:\/\/i0.wp.com\/pohjanmaantehtaanmyymala.fi\/wp-content\/uploads\/2019\/09\/amiral_tuoli_labrador-nahka.png?fit=711%2C700&ssl=1&resize=525%2C300 1.5x, https:\/\/i0.wp.com\/pohjanmaantehtaanmyymala.fi\/wp-content\/uploads\/2019\/09\/amiral_tuoli_labrador-nahka.png?fit=711%2C700&ssl=1&resize=700%2C400 2x"},"classes":[]},{"id":28172,"url":"https:\/\/pohjanmaantehtaanmyymala.fi\/sv\/tuote\/london-superior-3-ja-2-istuttavat-nahkasohvat\/","url_meta":{"origin":18476,"position":5},"title":"London superior 3 ja 2-istuttavat nahkasohvat","author":"Sami Viitala","date":"december 13, 2024","format":false,"excerpt":"Pohjanmaan Kalusteen valmistamat sohvat tehd\u00e4\u00e4n k\u00e4sity\u00f6n\u00e4 60 vuoden kokemuksella.","rel":"","context":"Liknande produkt","block_context":{"text":"Liknande produkt","link":""},"img":{"alt_text":"London nahkasohvat 3+2 ruskea v\u00e4ri olohuoneessa","src":"https:\/\/i0.wp.com\/pohjanmaantehtaanmyymala.fi\/wp-content\/uploads\/2024\/12\/London_3-2_miljoo.jpg?fit=1000%2C1000&ssl=1&resize=350%2C200","width":350,"height":200,"srcset":"https:\/\/i0.wp.com\/pohjanmaantehtaanmyymala.fi\/wp-content\/uploads\/2024\/12\/London_3-2_miljoo.jpg?fit=1000%2C1000&ssl=1&resize=350%2C200 1x, https:\/\/i0.wp.com\/pohjanmaantehtaanmyymala.fi\/wp-content\/uploads\/2024\/12\/London_3-2_miljoo.jpg?fit=1000%2C1000&ssl=1&resize=525%2C300 1.5x, https:\/\/i0.wp.com\/pohjanmaantehtaanmyymala.fi\/wp-content\/uploads\/2024\/12\/London_3-2_miljoo.jpg?fit=1000%2C1000&ssl=1&resize=700%2C400 2x"},"classes":[]}],"_links":{"self":[{"href":"https:\/\/pohjanmaantehtaanmyymala.fi\/sv\/wp-json\/wp\/v2\/product\/18476","targetHints":{"allow":["GET"]}}],"collection":[{"href":"https:\/\/pohjanmaantehtaanmyymala.fi\/sv\/wp-json\/wp\/v2\/product"}],"about":[{"href":"https:\/\/pohjanmaantehtaanmyymala.fi\/sv\/wp-json\/wp\/v2\/types\/product"}],"replies":[{"embeddable":true,"href":"https:\/\/pohjanmaantehtaanmyymala.fi\/sv\/wp-json\/wp\/v2\/comments?post=18476"}],"wp:featuredmedia":[{"embeddable":true,"href":"https:\/\/pohjanmaantehtaanmyymala.fi\/sv\/wp-json\/wp\/v2\/media\/18486"}],"wp:attachment":[{"href":"https:\/\/pohjanmaantehtaanmyymala.fi\/sv\/wp-json\/wp\/v2\/media?parent=18476"}],"wp:term":[{"taxonomy":"product_brand","embeddable":true,"href":"https:\/\/pohjanmaantehtaanmyymala.fi\/sv\/wp-json\/wp\/v2\/product_brand?post=18476"},{"taxonomy":"product_cat","embeddable":true,"href":"https:\/\/pohjanmaantehtaanmyymala.fi\/sv\/wp-json\/wp\/v2\/product_cat?post=18476"},{"taxonomy":"product_tag","embeddable":true,"href":"https:\/\/pohjanmaantehtaanmyymala.fi\/sv\/wp-json\/wp\/v2\/product_tag?post=18476"}],"curies":[{"name":"wp","href":"https:\/\/api.w.org\/{rel}","templated":true}]}}