{"id":18414,"date":"2021-10-07T15:53:32","date_gmt":"2021-10-07T13:53:32","guid":{"rendered":"https:\/\/pohjanmaantehtaanmyymala.fi\/?post_type=product&#038;p=18414"},"modified":"2023-09-15T14:50:59","modified_gmt":"2023-09-15T12:50:59","slug":"vm-carpet-viita-matto","status":"publish","type":"product","link":"https:\/\/pohjanmaantehtaanmyymala.fi\/sv\/tuote\/vm-carpet-viita-matto\/","title":{"rendered":"VM Carpet Viita-matto"},"content":{"rendered":"<p>Viita-matto on villaa ja pellavaa sis\u00e4lt\u00e4v\u00e4 nukkamatto. Matto valmistetaan VM Carpetin omalla tuftauskonella Lappaj\u00e4rven rannalla Karvalan kyl\u00e4ss\u00e4. Viita-matto ajattoman tyylik\u00e4s. Villan pehmeys ja pellavan kiilto luo matolle runsaasti luonnetta. EVAPOLYTEX\u00ae-pohjaus tekee matosta ryhdikk\u00e4\u00e4n ja matto pysyy hyvin paikoillaan jalan ponkaisun alla. Matto soveltuu k\u00e4ytett\u00e4v\u00e4ksi kaikilla lattiapintamateriaaleilla sek\u00e4 lattial\u00e4mmityksen p\u00e4\u00e4lle, ja eik\u00e4 se j\u00e4t\u00e4 j\u00e4lki\u00e4 lattiaan. Lis\u00e4ksi matto on hajuton ja kierr\u00e4tett\u00e4v\u00e4.<\/p>\n<p>Viita-maton saa seuraavat vakiokoot:<br \/>\n-py\u00f6re\u00e4t koot: \u00d8 133 cm, \u00d8 160 cm, \u00d8 200 cm, \u00d8 240 cm<br \/>\n-k\u00e4yt\u00e4v\u00e4koot: 80&#215;150 cm, 80&#215;200 cm, 80&#215;250 cm, 80&#215;300 cm<br \/>\n-suorakaidekoot: 133&#215;200 cm, 160&#215;230 cm, 200&#215;300 cm<\/p>\n<p>Viita-mattoa saa my\u00f6s omilla mitoilla. Ole hyv\u00e4 ja kysy <a href=\"https:\/\/pohjanmaantehtaanmyymala.fi\/yhteys\/\">myynnist\u00e4mme<\/a> p\u00e4iv\u00e4n tarjoushinta.<\/p>\n<p>Viita-mattoa on saatavana 4 eri v\u00e4rill\u00e4:<br \/>\n-Valkoinen 71<br \/>\n-Harmaa 77<br \/>\n-Beige 72<br \/>\n-Musta 79<\/p>\n<p>Toimitamme maton kotiisi tai voit noutaa sen Tehtaanmyym\u00e4l\u00e4st\u00e4 Kurikasta n. 2-3 viikon sis\u00e4ll\u00e4 tilauksestasi.<\/p>\n<p>Voit my\u00f6s laskea itse omalle koolle suuntaa antavan ohjehinnan <a href=\"https:\/\/vm-carpet.fi\/tuote\/viita\/\" target=\"_blank\" rel=\"noopener\">VM-Carpetin viita-maton tuotesivulla<\/a> olevalla laskurilla. Tuotesivulla n\u00e4et my\u00f6s vakiokokoisten mattojen ohjehinnat.<\/p>\n<h3>Tuotetiedot:<\/h3>\n<p><strong>Materiaali<\/strong>: 50% villa, 50 % paperinaru<br \/>\n<strong>Pohjaus<\/strong>: EVAPOLYTEX\u00ae<br \/>\n<strong>Hoito-ohjeet<\/strong>: Imurointi ja tarvittaessa tuuletus. Tahrojen poisto tuoreeltaan puhtaalla, kostealla liinalla, ei hankausta.<br \/>\n<strong>Pesuohjeet<\/strong>: Kuivapesu vaahdolla tai hell\u00e4varainen ammattimainen tasovesipesu max. +30\u00b0C miedolla hienopesuaineliuoksella. Ei liotusta tai hankausta. Huolellinen huuhtelu runsaalla vedell\u00e4. Ylim\u00e4\u00e4r\u00e4inen vesi poistetaan esim. telapuristimella. Matto muotoillaan kosteana ja kuivatetaan ilmavasti tasossa. Ei saa taittaa.<\/p>\n","protected":false},"excerpt":{"rendered":"<p>Upea kotimainen pellava-villamatto.<\/p>\n","protected":false},"featured_media":18424,"comment_status":"closed","ping_status":"closed","template":"","meta":{"_acf_changed":false,"jetpack_post_was_ever_published":false,"jetpack_publicize_message":"","jetpack_publicize_feature_enabled":true,"jetpack_social_post_already_shared":true,"jetpack_social_options":{"image_generator_settings":{"template":"highway","default_image_id":0,"font":"","enabled":false},"version":2}},"product_brand":[324],"product_cat":[210,325],"product_tag":[],"class_list":{"0":"post-18414","1":"product","2":"type-product","3":"status-publish","4":"has-post-thumbnail","6":"product_brand-vm-carpet","7":"product_cat-matot","8":"product_cat-vm-carpet-matot","9":"pa_vari-beige-72","10":"pa_vari-harmaa-77","11":"pa_vari-musta-79","12":"pa_vari-valkoinen-71","14":"first","15":"instock","16":"shipping-taxable","17":"purchasable","18":"product-type-simple"},"acf":[],"jetpack_publicize_connections":[],"jetpack_sharing_enabled":true,"jetpack-related-posts":[{"id":18333,"url":"https:\/\/pohjanmaantehtaanmyymala.fi\/sv\/tuote\/vm-carpet-esmeralda-matto\/","url_meta":{"origin":18414,"position":0},"title":"VM Carpet Esmeralda-matto","author":"Sami Viitala","date":"oktober 6, 2021","format":false,"excerpt":"Kest\u00e4v\u00e4 paperinaru-villamatto kotiin ja julkisiin tiloihin.","rel":"","context":"Liknande produkt","block_context":{"text":"Liknande produkt","link":""},"img":{"alt_text":"VM Carpet Esmedalda matto beige olohuoneessa","src":"https:\/\/i0.wp.com\/pohjanmaantehtaanmyymala.fi\/wp-content\/uploads\/2021\/10\/Esmeralda-maato-beige-miljoo-VMCarpet.jpg?fit=960%2C960&ssl=1&resize=350%2C200","width":350,"height":200,"srcset":"https:\/\/i0.wp.com\/pohjanmaantehtaanmyymala.fi\/wp-content\/uploads\/2021\/10\/Esmeralda-maato-beige-miljoo-VMCarpet.jpg?fit=960%2C960&ssl=1&resize=350%2C200 1x, https:\/\/i0.wp.com\/pohjanmaantehtaanmyymala.fi\/wp-content\/uploads\/2021\/10\/Esmeralda-maato-beige-miljoo-VMCarpet.jpg?fit=960%2C960&ssl=1&resize=525%2C300 1.5x, https:\/\/i0.wp.com\/pohjanmaantehtaanmyymala.fi\/wp-content\/uploads\/2021\/10\/Esmeralda-maato-beige-miljoo-VMCarpet.jpg?fit=960%2C960&ssl=1&resize=700%2C400 2x"},"classes":[]},{"id":18164,"url":"https:\/\/pohjanmaantehtaanmyymala.fi\/sv\/tuote\/vm-carpet-tunturi-matto\/","url_meta":{"origin":18414,"position":1},"title":"VM Carpet Tunturi-matto","author":"Sami Viitala","date":"september 30, 2021","format":false,"excerpt":"Laadukas paperinaru-villamatto kodin oleskelu- ja julkisiin tiloihin.","rel":"","context":"Liknande produkt","block_context":{"text":"Liknande produkt","link":""},"img":{"alt_text":"","src":"https:\/\/i0.wp.com\/pohjanmaantehtaanmyymala.fi\/wp-content\/uploads\/2021\/09\/Tunturi-detalji-pien.jpg?fit=960%2C960&ssl=1&resize=350%2C200","width":350,"height":200,"srcset":"https:\/\/i0.wp.com\/pohjanmaantehtaanmyymala.fi\/wp-content\/uploads\/2021\/09\/Tunturi-detalji-pien.jpg?fit=960%2C960&ssl=1&resize=350%2C200 1x, https:\/\/i0.wp.com\/pohjanmaantehtaanmyymala.fi\/wp-content\/uploads\/2021\/09\/Tunturi-detalji-pien.jpg?fit=960%2C960&ssl=1&resize=525%2C300 1.5x, https:\/\/i0.wp.com\/pohjanmaantehtaanmyymala.fi\/wp-content\/uploads\/2021\/09\/Tunturi-detalji-pien.jpg?fit=960%2C960&ssl=1&resize=700%2C400 2x"},"classes":[]},{"id":18217,"url":"https:\/\/pohjanmaantehtaanmyymala.fi\/sv\/tuote\/vm-carpet-kide-matto\/","url_meta":{"origin":18414,"position":2},"title":"VM Carpet Kide-matto","author":"Sami Viitala","date":"oktober 3, 2021","format":false,"excerpt":"\u00c4\u00e4nt\u00e4vaimentava ja miellytt\u00e4v\u00e4n tuntuinen polyamidi-nukkamatto.","rel":"","context":"Liknande produkt","block_context":{"text":"Liknande produkt","link":""},"img":{"alt_text":"Kide-matto oranssi milj\u00f6\u00f6","src":"https:\/\/i0.wp.com\/pohjanmaantehtaanmyymala.fi\/wp-content\/uploads\/2021\/10\/Kide-matto-oranssi.jpg?fit=960%2C960&ssl=1&resize=350%2C200","width":350,"height":200,"srcset":"https:\/\/i0.wp.com\/pohjanmaantehtaanmyymala.fi\/wp-content\/uploads\/2021\/10\/Kide-matto-oranssi.jpg?fit=960%2C960&ssl=1&resize=350%2C200 1x, https:\/\/i0.wp.com\/pohjanmaantehtaanmyymala.fi\/wp-content\/uploads\/2021\/10\/Kide-matto-oranssi.jpg?fit=960%2C960&ssl=1&resize=525%2C300 1.5x, https:\/\/i0.wp.com\/pohjanmaantehtaanmyymala.fi\/wp-content\/uploads\/2021\/10\/Kide-matto-oranssi.jpg?fit=960%2C960&ssl=1&resize=700%2C400 2x"},"classes":[]},{"id":18233,"url":"https:\/\/pohjanmaantehtaanmyymala.fi\/sv\/tuote\/vm-carpet-silkkitie-matto\/","url_meta":{"origin":18414,"position":3},"title":"VM Carpet Silkkitie-matto","author":"Sami Viitala","date":"oktober 4, 2021","format":false,"excerpt":"Ajattoman kaunis ja tuntuu mukavan silkinpehme\u00e4lt\u00e4 jalan alla.","rel":"","context":"Liknande produkt","block_context":{"text":"Liknande produkt","link":""},"img":{"alt_text":"Silkkitie-matto Vm Carpet beige olohuoneessa","src":"https:\/\/i0.wp.com\/pohjanmaantehtaanmyymala.fi\/wp-content\/uploads\/2021\/10\/Silkkitie-beige-49-3-pien.jpg?fit=960%2C960&ssl=1&resize=350%2C200","width":350,"height":200,"srcset":"https:\/\/i0.wp.com\/pohjanmaantehtaanmyymala.fi\/wp-content\/uploads\/2021\/10\/Silkkitie-beige-49-3-pien.jpg?fit=960%2C960&ssl=1&resize=350%2C200 1x, https:\/\/i0.wp.com\/pohjanmaantehtaanmyymala.fi\/wp-content\/uploads\/2021\/10\/Silkkitie-beige-49-3-pien.jpg?fit=960%2C960&ssl=1&resize=525%2C300 1.5x, https:\/\/i0.wp.com\/pohjanmaantehtaanmyymala.fi\/wp-content\/uploads\/2021\/10\/Silkkitie-beige-49-3-pien.jpg?fit=960%2C960&ssl=1&resize=700%2C400 2x"},"classes":[]},{"id":18277,"url":"https:\/\/pohjanmaantehtaanmyymala.fi\/sv\/tuote\/vm-carpet-rustiikki-matto\/","url_meta":{"origin":18414,"position":4},"title":"VM Carpet Rustiikki-matto","author":"Sami Viitala","date":"oktober 4, 2021","format":false,"excerpt":"Monivivahteiset v\u00e4rit ovat antavat t\u00e4lle matolle todellista luonnetta.","rel":"","context":"Liknande produkt","block_context":{"text":"Liknande produkt","link":""},"img":{"alt_text":"VM Capet Rustiikki-matto sininen kavilassa","src":"https:\/\/i0.wp.com\/pohjanmaantehtaanmyymala.fi\/wp-content\/uploads\/2021\/10\/Rustiikki-matto-sininen.jpg?fit=960%2C960&ssl=1&resize=350%2C200","width":350,"height":200,"srcset":"https:\/\/i0.wp.com\/pohjanmaantehtaanmyymala.fi\/wp-content\/uploads\/2021\/10\/Rustiikki-matto-sininen.jpg?fit=960%2C960&ssl=1&resize=350%2C200 1x, https:\/\/i0.wp.com\/pohjanmaantehtaanmyymala.fi\/wp-content\/uploads\/2021\/10\/Rustiikki-matto-sininen.jpg?fit=960%2C960&ssl=1&resize=525%2C300 1.5x, https:\/\/i0.wp.com\/pohjanmaantehtaanmyymala.fi\/wp-content\/uploads\/2021\/10\/Rustiikki-matto-sininen.jpg?fit=960%2C960&ssl=1&resize=700%2C400 2x"},"classes":[]},{"id":23513,"url":"https:\/\/pohjanmaantehtaanmyymala.fi\/sv\/tuote\/vm-carpet-satine-matto\/","url_meta":{"origin":18414,"position":5},"title":"VM Carpet Satine-matto","author":"Sami Viitala","date":"september 15, 2023","format":false,"excerpt":"Ajattoman kaunis ja tuntuu mukavan silkinpehme\u00e4lt\u00e4 jalan alla.","rel":"","context":"Liknande produkt","block_context":{"text":"Liknande produkt","link":""},"img":{"alt_text":"Vm Carpet Satine matto vihre\u00e4 milj\u00f6\u00f6kuva","src":"https:\/\/i0.wp.com\/pohjanmaantehtaanmyymala.fi\/wp-content\/uploads\/2023\/09\/Satine-green-pien.jpg?fit=960%2C960&ssl=1&resize=350%2C200","width":350,"height":200,"srcset":"https:\/\/i0.wp.com\/pohjanmaantehtaanmyymala.fi\/wp-content\/uploads\/2023\/09\/Satine-green-pien.jpg?fit=960%2C960&ssl=1&resize=350%2C200 1x, https:\/\/i0.wp.com\/pohjanmaantehtaanmyymala.fi\/wp-content\/uploads\/2023\/09\/Satine-green-pien.jpg?fit=960%2C960&ssl=1&resize=525%2C300 1.5x, https:\/\/i0.wp.com\/pohjanmaantehtaanmyymala.fi\/wp-content\/uploads\/2023\/09\/Satine-green-pien.jpg?fit=960%2C960&ssl=1&resize=700%2C400 2x"},"classes":[]}],"_links":{"self":[{"href":"https:\/\/pohjanmaantehtaanmyymala.fi\/sv\/wp-json\/wp\/v2\/product\/18414","targetHints":{"allow":["GET"]}}],"collection":[{"href":"https:\/\/pohjanmaantehtaanmyymala.fi\/sv\/wp-json\/wp\/v2\/product"}],"about":[{"href":"https:\/\/pohjanmaantehtaanmyymala.fi\/sv\/wp-json\/wp\/v2\/types\/product"}],"replies":[{"embeddable":true,"href":"https:\/\/pohjanmaantehtaanmyymala.fi\/sv\/wp-json\/wp\/v2\/comments?post=18414"}],"wp:featuredmedia":[{"embeddable":true,"href":"https:\/\/pohjanmaantehtaanmyymala.fi\/sv\/wp-json\/wp\/v2\/media\/18424"}],"wp:attachment":[{"href":"https:\/\/pohjanmaantehtaanmyymala.fi\/sv\/wp-json\/wp\/v2\/media?parent=18414"}],"wp:term":[{"taxonomy":"product_brand","embeddable":true,"href":"https:\/\/pohjanmaantehtaanmyymala.fi\/sv\/wp-json\/wp\/v2\/product_brand?post=18414"},{"taxonomy":"product_cat","embeddable":true,"href":"https:\/\/pohjanmaantehtaanmyymala.fi\/sv\/wp-json\/wp\/v2\/product_cat?post=18414"},{"taxonomy":"product_tag","embeddable":true,"href":"https:\/\/pohjanmaantehtaanmyymala.fi\/sv\/wp-json\/wp\/v2\/product_tag?post=18414"}],"curies":[{"name":"wp","href":"https:\/\/api.w.org\/{rel}","templated":true}]}}