{"id":17806,"date":"2021-08-24T20:03:57","date_gmt":"2021-08-24T18:03:57","guid":{"rendered":"https:\/\/pohjanmaantehtaanmyymala.fi\/?post_type=product&#038;p=17806"},"modified":"2026-04-04T09:18:40","modified_gmt":"2026-04-04T07:18:40","slug":"copenhagen-vuodesohva-alk","status":"publish","type":"product","link":"https:\/\/pohjanmaantehtaanmyymala.fi\/sv\/tuote\/copenhagen-vuodesohva-alk\/","title":{"rendered":"COPENHAGEN vuodesohva kysy hinta!"},"content":{"rendered":"<p>Pohjanmaan Kalusteen n\u00e4ytt\u00e4v\u00e4ss\u00e4 Copenhagen-vuodesohvassa on mukavan pehme\u00e4 istuintuntuma. Copenhagen sohvassa on helppoitoiminen Easydelux-vuodemekanismi, jos saa tehty ison varavuoteen k\u00e4den k\u00e4\u00e4nteess\u00e4. Sohvan leve\u00e4t pehmustetut k\u00e4sinojat tekev\u00e4t sohvasta muhkean n\u00e4k\u00f6isen.<br \/>\nCopenhagen-vuodesohvan erikoisuutena on selk\u00e4tyynyjen s\u00e4\u00e4dett\u00e4vyys voit halutessasi nostaa tyyny\u00e4 ylemm\u00e4s jolloin selk\u00e4nojasta tulee korkeampi ja istuinsyvyys syvenee 17 cm. Selk\u00e4tyynyt pit\u00e4\u00e4 paikoillaan vahva magneetti.<\/p>\n<p>Hinta on alkaen Hintaryhm\u00e4 1:sen kankailla.<\/p>\n<p>Kuvan Copenhagen-vuodesohvaa on saatavilla lukuisilla eri kankailla tai nahkaverhoiltuna. Kysy p\u00e4iv\u00e4n tarjous <a href=\"https:\/\/pohjanmaantehtaanmyymala.fi\/yhteys\/\">myynnist\u00e4mme!<\/a><\/p>\n<p>Copenhagen-mallista on saatavana modulirakenteen vuoksi useita eri kokoonpanoja; tuoli, eri levyisi\u00e4 sohvia, kulmasohvia ja vuodesohva. Voit r\u00e4\u00e4t\u00e4l\u00f6id\u00e4 juuri itsellesi sopivan kokoonpanon.<\/p>\n<p><a href=\"https:\/\/www.pohjanmaan.fi\/tuotteet\/copenhagen\/vuodesohva\" target=\"_blank\" rel=\"noopener noreferrer\">T\u00e4st\u00e4 linkki Pohjanmaan Copenhagen-tuotesivulle.<\/a><\/p>\n<h3>Tuotetiedot:<\/h3>\n<p><a href=\"https:\/\/www.pohjanmaan.fi\/_files\/ugd\/2f25a6_4730a771bfcc438b9c409063c5ba6a75.pdf\" target=\"_blank\" rel=\"noopener noreferrer\">Lataa Copenhagen-tuotekortti t\u00e4st\u00e4!<\/a><\/p>\n<p>T\u00e4m\u00e4n sohvan leveys: 230 cm. Kuvan vuodesohva on K20-k\u00e4sinojilla.<br \/>\nRunko: Massiivipuu vaneri ja kovalevy. Runkotakuu 20-vuotta.<br \/>\nIstuin: No zag jouset 12 cm HR35100 vaahtomuovi+vanu.<br \/>\nSelk\u00e4noja: Kerrostettu vaahtomuovit\u00e4yte HS23+EP25 vaahtomuovi.<br \/>\nK\u00e4sinojat: Vaahtomuovipehmuste.<br \/>\nJalat: Puujalat miss\u00e4 rosteri levytys. (muitakin jalkavaihtoehtoja on saatavilla)<\/p>\n<p>Pohjanmaan sohvien toimitusaika on nyt noin 6-8 viikkoa tilauksesta.<\/p>\n<p>Toimitamme sohvat kaikkialle Suomeen.<\/p>\n","protected":false},"excerpt":{"rendered":"<p>Kun arvostat hyv\u00e4\u00e4 istuinmukavuutta vuodesohvassa.<\/p>\n","protected":false},"featured_media":17816,"comment_status":"closed","ping_status":"closed","template":"","meta":{"_acf_changed":false,"jetpack_post_was_ever_published":false,"jetpack_publicize_message":"","jetpack_publicize_feature_enabled":true,"jetpack_social_post_already_shared":true,"jetpack_social_options":{"image_generator_settings":{"template":"highway","default_image_id":0,"font":"","enabled":false},"version":2}},"product_brand":[270],"product_cat":[201,193],"product_tag":[],"class_list":{"0":"post-17806","1":"product","2":"type-product","3":"status-publish","4":"has-post-thumbnail","6":"product_brand-pohjanmaan","7":"product_cat-sohvat","8":"product_cat-vuodesohvat","9":"product_shipping_class-161","11":"first","12":"instock","13":"purchasable","14":"product-type-simple"},"acf":[],"jetpack_publicize_connections":[],"jetpack_sharing_enabled":true,"jetpack-related-posts":[{"id":8696,"url":"https:\/\/pohjanmaantehtaanmyymala.fi\/sv\/tuote\/copenhagen-2-sohva\/","url_meta":{"origin":17806,"position":0},"title":"COPENHAGEN 2-istuttava sohva","author":"petri","date":"september 14, 2019","format":false,"excerpt":"Pohjanmaan Kalusteen massiivisessa Copenhagen-sohvassa on miellytt\u00e4v\u00e4n pehme\u00e4 istuintuntuma. Copenhagen sohvassa on my\u00f6s leve\u00e4t pehmustetut k\u00e4sinojat. T\u00e4m\u00e4n Copenhagen sohvan erikoisuutena on selk\u00e4tyynyjen s\u00e4\u00e4dett\u00e4vyys voit halutessasi nostaa tyyny\u00e4 ylemm\u00e4s jolloin selk\u00e4nojasta tulee korkeampi ja istuinsyvyys syvenee 17 cm. Selk\u00e4tyynyt pit\u00e4\u00e4 paikoillaan vahva magneetti. Copenhagen sohvasta on saatavana modulirakenteen vuoksi useita eri kokoonpanoja;\u2026","rel":"","context":"Liknande produkt","block_context":{"text":"Liknande produkt","link":""},"img":{"alt_text":"Copenhagen-sohva-beige-kangas","src":"https:\/\/i0.wp.com\/pohjanmaantehtaanmyymala.fi\/wp-content\/uploads\/2019\/09\/Copenhagen-2.jpg?fit=960%2C960&ssl=1&resize=350%2C200","width":350,"height":200,"srcset":"https:\/\/i0.wp.com\/pohjanmaantehtaanmyymala.fi\/wp-content\/uploads\/2019\/09\/Copenhagen-2.jpg?fit=960%2C960&ssl=1&resize=350%2C200 1x, https:\/\/i0.wp.com\/pohjanmaantehtaanmyymala.fi\/wp-content\/uploads\/2019\/09\/Copenhagen-2.jpg?fit=960%2C960&ssl=1&resize=525%2C300 1.5x, https:\/\/i0.wp.com\/pohjanmaantehtaanmyymala.fi\/wp-content\/uploads\/2019\/09\/Copenhagen-2.jpg?fit=960%2C960&ssl=1&resize=700%2C400 2x"},"classes":[]},{"id":8714,"url":"https:\/\/pohjanmaantehtaanmyymala.fi\/sv\/tuote\/copenhagen-3-sohva\/","url_meta":{"origin":17806,"position":1},"title":"COPENHAGEN 3-istuttava sohva","author":"petri","date":"september 14, 2019","format":false,"excerpt":"Pohjanmaan Kalusteen massiivisessa Copenhagen- sohvassa on miellytt\u00e4v\u00e4n pehme\u00e4 istuintuntuma. Copenhagen sohvassa on my\u00f6s leve\u00e4t pehmustetut k\u00e4sinojat. T\u00e4m\u00e4n Copenhagen sohvan erikoisuutena on selk\u00e4tyynyjen s\u00e4\u00e4dett\u00e4vyys voit halutessasi nostaa tyyny\u00e4 ylemm\u00e4s jolloin selk\u00e4nojasta tulee korkeampi ja istuinsyvyys syvenee 17 cm. Selk\u00e4tyynyt pit\u00e4\u00e4 paikoillaan vahva magneetti. Copenhagen sohvasta on saatavana modulirakenteen vuoksi useita eri\u2026","rel":"","context":"Liknande produkt","block_context":{"text":"Liknande produkt","link":""},"img":{"alt_text":"Copenhagen sohva","src":"https:\/\/i0.wp.com\/pohjanmaantehtaanmyymala.fi\/wp-content\/uploads\/2019\/06\/Copenhagen-17.jpg?fit=960%2C960&ssl=1&resize=350%2C200","width":350,"height":200,"srcset":"https:\/\/i0.wp.com\/pohjanmaantehtaanmyymala.fi\/wp-content\/uploads\/2019\/06\/Copenhagen-17.jpg?fit=960%2C960&ssl=1&resize=350%2C200 1x, https:\/\/i0.wp.com\/pohjanmaantehtaanmyymala.fi\/wp-content\/uploads\/2019\/06\/Copenhagen-17.jpg?fit=960%2C960&ssl=1&resize=525%2C300 1.5x, https:\/\/i0.wp.com\/pohjanmaantehtaanmyymala.fi\/wp-content\/uploads\/2019\/06\/Copenhagen-17.jpg?fit=960%2C960&ssl=1&resize=700%2C400 2x"},"classes":[]},{"id":8707,"url":"https:\/\/pohjanmaantehtaanmyymala.fi\/sv\/tuote\/copenhagen-kulma-sohva\/","url_meta":{"origin":17806,"position":2},"title":"COPENHAGEN kulmasohva","author":"petri","date":"september 14, 2019","format":false,"excerpt":"Iso sohva isoon tilaan!","rel":"","context":"Liknande produkt","block_context":{"text":"Liknande produkt","link":""},"img":{"alt_text":"Copenhagen kulmasohva harmaa labrador nahka","src":"https:\/\/i0.wp.com\/pohjanmaantehtaanmyymala.fi\/wp-content\/uploads\/2019\/09\/copenhagen_k27_c_l_d2_lab43_wenge_3_kulmasohva.jpg?fit=1200%2C1200&ssl=1&resize=350%2C200","width":350,"height":200,"srcset":"https:\/\/i0.wp.com\/pohjanmaantehtaanmyymala.fi\/wp-content\/uploads\/2019\/09\/copenhagen_k27_c_l_d2_lab43_wenge_3_kulmasohva.jpg?fit=1200%2C1200&ssl=1&resize=350%2C200 1x, https:\/\/i0.wp.com\/pohjanmaantehtaanmyymala.fi\/wp-content\/uploads\/2019\/09\/copenhagen_k27_c_l_d2_lab43_wenge_3_kulmasohva.jpg?fit=1200%2C1200&ssl=1&resize=525%2C300 1.5x, https:\/\/i0.wp.com\/pohjanmaantehtaanmyymala.fi\/wp-content\/uploads\/2019\/09\/copenhagen_k27_c_l_d2_lab43_wenge_3_kulmasohva.jpg?fit=1200%2C1200&ssl=1&resize=700%2C400 2x, https:\/\/i0.wp.com\/pohjanmaantehtaanmyymala.fi\/wp-content\/uploads\/2019\/09\/copenhagen_k27_c_l_d2_lab43_wenge_3_kulmasohva.jpg?fit=1200%2C1200&ssl=1&resize=1050%2C600 3x"},"classes":[]},{"id":25219,"url":"https:\/\/pohjanmaantehtaanmyymala.fi\/sv\/tuote\/harmony-vuodesohva-austin-kankaalla\/","url_meta":{"origin":17806,"position":3},"title":"Harmony vuodesohva Austin-kankaalla","author":"Miro Nevala","date":"februari 13, 2024","format":false,"excerpt":"Upea vuodesohva mekanismilla useilla v\u00e4rivaihtoehdoilla!","rel":"","context":"Liknande produkt","block_context":{"text":"Liknande produkt","link":""},"img":{"alt_text":"Harmony vuodesohva edest\u00e4p\u00e4in","src":"https:\/\/i0.wp.com\/pohjanmaantehtaanmyymala.fi\/wp-content\/uploads\/2024\/02\/Harmony-vuodesohva-1-960dpi.jpg?fit=960%2C960&ssl=1&resize=350%2C200","width":350,"height":200,"srcset":"https:\/\/i0.wp.com\/pohjanmaantehtaanmyymala.fi\/wp-content\/uploads\/2024\/02\/Harmony-vuodesohva-1-960dpi.jpg?fit=960%2C960&ssl=1&resize=350%2C200 1x, https:\/\/i0.wp.com\/pohjanmaantehtaanmyymala.fi\/wp-content\/uploads\/2024\/02\/Harmony-vuodesohva-1-960dpi.jpg?fit=960%2C960&ssl=1&resize=525%2C300 1.5x, https:\/\/i0.wp.com\/pohjanmaantehtaanmyymala.fi\/wp-content\/uploads\/2024\/02\/Harmony-vuodesohva-1-960dpi.jpg?fit=960%2C960&ssl=1&resize=700%2C400 2x"},"classes":[]},{"id":19624,"url":"https:\/\/pohjanmaantehtaanmyymala.fi\/sv\/tuote\/art-vuodesohva-inari-kankaalla\/","url_meta":{"origin":17806,"position":4},"title":"Art vuodesohva Inari-kankaalla","author":"Sami Viitala","date":"januari 23, 2022","format":false,"excerpt":"Vuodesohva, jossa on helppotoiminen vuodemekanismi. Saatavana eri v\u00e4reill\u00e4.","rel":"","context":"Liknande produkt","block_context":{"text":"Liknande produkt","link":""},"img":{"alt_text":"Art vuodesohva inari-kangas harmaa","src":"https:\/\/i0.wp.com\/pohjanmaantehtaanmyymala.fi\/wp-content\/uploads\/2022\/01\/art_vuodesohva_inari.jpg?fit=960%2C960&ssl=1&resize=350%2C200","width":350,"height":200,"srcset":"https:\/\/i0.wp.com\/pohjanmaantehtaanmyymala.fi\/wp-content\/uploads\/2022\/01\/art_vuodesohva_inari.jpg?fit=960%2C960&ssl=1&resize=350%2C200 1x, https:\/\/i0.wp.com\/pohjanmaantehtaanmyymala.fi\/wp-content\/uploads\/2022\/01\/art_vuodesohva_inari.jpg?fit=960%2C960&ssl=1&resize=525%2C300 1.5x, https:\/\/i0.wp.com\/pohjanmaantehtaanmyymala.fi\/wp-content\/uploads\/2022\/01\/art_vuodesohva_inari.jpg?fit=960%2C960&ssl=1&resize=700%2C400 2x"},"classes":[]},{"id":28553,"url":"https:\/\/pohjanmaantehtaanmyymala.fi\/sv\/tuote\/senna-vuodesohva-gripsholm-kankaalla\/","url_meta":{"origin":17806,"position":5},"title":"Senna-vuodesohva Gripsholm-kankaalla","author":"Sami Viitala","date":"juli 10, 2025","format":false,"excerpt":"Hulppea vuodesohva hyv\u00e4ll\u00e4 vuodemekanismilla.","rel":"","context":"Liknande produkt","block_context":{"text":"Liknande produkt","link":""},"img":{"alt_text":"Senna vuodesohva Gripsholm kukkakankaalla","src":"https:\/\/i0.wp.com\/pohjanmaantehtaanmyymala.fi\/wp-content\/uploads\/2025\/07\/senna_vuodesohva_gripsholm-2.jpg?fit=1000%2C1000&ssl=1&resize=350%2C200","width":350,"height":200,"srcset":"https:\/\/i0.wp.com\/pohjanmaantehtaanmyymala.fi\/wp-content\/uploads\/2025\/07\/senna_vuodesohva_gripsholm-2.jpg?fit=1000%2C1000&ssl=1&resize=350%2C200 1x, https:\/\/i0.wp.com\/pohjanmaantehtaanmyymala.fi\/wp-content\/uploads\/2025\/07\/senna_vuodesohva_gripsholm-2.jpg?fit=1000%2C1000&ssl=1&resize=525%2C300 1.5x, https:\/\/i0.wp.com\/pohjanmaantehtaanmyymala.fi\/wp-content\/uploads\/2025\/07\/senna_vuodesohva_gripsholm-2.jpg?fit=1000%2C1000&ssl=1&resize=700%2C400 2x"},"classes":[]}],"_links":{"self":[{"href":"https:\/\/pohjanmaantehtaanmyymala.fi\/sv\/wp-json\/wp\/v2\/product\/17806","targetHints":{"allow":["GET"]}}],"collection":[{"href":"https:\/\/pohjanmaantehtaanmyymala.fi\/sv\/wp-json\/wp\/v2\/product"}],"about":[{"href":"https:\/\/pohjanmaantehtaanmyymala.fi\/sv\/wp-json\/wp\/v2\/types\/product"}],"replies":[{"embeddable":true,"href":"https:\/\/pohjanmaantehtaanmyymala.fi\/sv\/wp-json\/wp\/v2\/comments?post=17806"}],"wp:featuredmedia":[{"embeddable":true,"href":"https:\/\/pohjanmaantehtaanmyymala.fi\/sv\/wp-json\/wp\/v2\/media\/17816"}],"wp:attachment":[{"href":"https:\/\/pohjanmaantehtaanmyymala.fi\/sv\/wp-json\/wp\/v2\/media?parent=17806"}],"wp:term":[{"taxonomy":"product_brand","embeddable":true,"href":"https:\/\/pohjanmaantehtaanmyymala.fi\/sv\/wp-json\/wp\/v2\/product_brand?post=17806"},{"taxonomy":"product_cat","embeddable":true,"href":"https:\/\/pohjanmaantehtaanmyymala.fi\/sv\/wp-json\/wp\/v2\/product_cat?post=17806"},{"taxonomy":"product_tag","embeddable":true,"href":"https:\/\/pohjanmaantehtaanmyymala.fi\/sv\/wp-json\/wp\/v2\/product_tag?post=17806"}],"curies":[{"name":"wp","href":"https:\/\/api.w.org\/{rel}","templated":true}]}}