{"id":17735,"date":"2021-08-23T20:04:27","date_gmt":"2021-08-23T18:04:27","guid":{"rendered":"https:\/\/pohjanmaantehtaanmyymala.fi\/?post_type=product&#038;p=17735"},"modified":"2024-12-10T12:59:51","modified_gmt":"2024-12-10T10:59:51","slug":"noah-vuodesohva-divaani-oikealla","status":"publish","type":"product","link":"https:\/\/pohjanmaantehtaanmyymala.fi\/sv\/tuote\/noah-vuodesohva-divaani-oikealla\/","title":{"rendered":"Noah divaani-vuodesohva alk. nahka"},"content":{"rendered":"<p>Pohjanmaan Kalusteen Luonto Furniture-vientimalliston funktionaalinen Noah-vuodesohva on varustettu laadukkaalla ja helppok\u00e4ytt\u00f6isell\u00e4 vuodemekanismilla. Noah -sohvasta saat tehty\u00e4 helposti varavuoteen kahdelle. Varavuoteen lis\u00e4ksi sohvasta l\u00f6ytyy tilava s\u00e4ilytyslaatikko divaaniosan alta. Noah -vuodesohvassa on my\u00f6s kokeuss\u00e4\u00e4dett\u00e4v\u00e4 selk\u00e4noja. Selk\u00e4nojan saa muutettua korkeaselk\u00e4iseksi aputyynyjen avulla. huippulaadukkaat istuin- ja selk\u00e4pehmusteet ja se sopiikin mainiosti jokap\u00e4iv\u00e4iseen k\u00e4ytt\u00f6\u00f6n kotiisi tai vapaa-ajanasunnolle. Noah\u00a0 on laadukas valinta, kun on s\u00e4\u00e4nn\u00f6list\u00e4 tarvetta hyv\u00e4lle varavuoteelle.<\/p>\n<p>Noah divaani-vuodesohvaa saa sek\u00e4 oikea- ett\u00e4 vasenk\u00e4tisen\u00e4 versiona. Me Pohjanmaalla katsomme aina sohvia edest\u00e4 p\u00e4in. Eli puhumme oikeak\u00e4tisest\u00e4 divaanisohvasta, niin silloin divaaniosa edest\u00e4 p\u00e4in katsottuna oikealla.<\/p>\n<p>Hinta on laskettu alk. Soft-Antigue-nahkalla.<\/p>\n<p>Noah -vuodesohvaa on saatavilla kest\u00e4vill\u00e4 verhoilunahoilla (kuvassa LABRADOR-nahka) sek\u00e4\u00a0 my\u00f6s useilla eri kangasverhoiluvaihtoehdoilla, kysy tarjous ja lis\u00e4tietoa <a href=\"https:\/\/pohjanmaantehtaanmyymala.fi\/yhteys\/\">myynnist\u00e4mme!<\/a><\/p>\n<p><a href=\"https:\/\/www.pohjanmaan.fi\/tuotteet\/noah\/vuodesohva\" target=\"_blank\" rel=\"noopener\">Linkki tehtaan Noah-tuotesivulle.<\/a><\/p>\n<h3>Tuotetiedot:<\/h3>\n<p>Mitat: leveys 265 cm, korkeus 86-103 cm, syvyys 169 cm.<br \/>\nVuodekoko: 126&#215;229 cm.<br \/>\nRunko: Massiivipuu, vaneri ja kovalevy. (takuu 20-vuotta)<br \/>\nIstuinpehmusteet: no-zag jouset, HR35130 vaahtomuovi.<br \/>\nSelk\u00e4pehmuste:Vanutyyny.<\/p>\n<p>Suuren kysynn\u00e4n vuoksi toimitusaika t\u00e4lle tuotteelle on n. 6-8 viikkoa.<\/p>\n","protected":false},"excerpt":{"rendered":"<p>Huippulaadukas sohva joka p\u00e4iv\u00e4iseen k\u00e4ytt\u00f6\u00f6n.<\/p>\n","protected":false},"featured_media":17743,"comment_status":"closed","ping_status":"closed","template":"","meta":{"_acf_changed":false,"jetpack_post_was_ever_published":false,"jetpack_publicize_message":"","jetpack_publicize_feature_enabled":true,"jetpack_social_post_already_shared":true,"jetpack_social_options":{"image_generator_settings":{"template":"highway","default_image_id":0,"font":"","enabled":false},"version":2}},"product_brand":[270],"product_cat":[201,193],"product_tag":[],"class_list":{"0":"post-17735","1":"product","2":"type-product","3":"status-publish","4":"has-post-thumbnail","6":"product_brand-pohjanmaan","7":"product_cat-sohvat","8":"product_cat-vuodesohvat","9":"pa_vari-oliver-173-vaaleanharmaa","10":"pa_vari-oliver-236-beige","11":"pa_vari-oliver-358-keltainen","12":"pa_vari-oliver-515-5-mustanharmaa","13":"pa_vari-oliver-688-sininen","14":"pa_vari-oliver-715-punainen","15":"pa_vari-oliver-750-luonnonvalkoinen","17":"first","18":"instock","19":"sale","20":"shipping-taxable","21":"purchasable","22":"product-type-simple"},"acf":[],"jetpack_publicize_connections":[],"jetpack_sharing_enabled":true,"jetpack-related-posts":[{"id":17772,"url":"https:\/\/pohjanmaantehtaanmyymala.fi\/sv\/tuote\/halti-kulmavuodesohva-avopaadylla\/","url_meta":{"origin":17735,"position":0},"title":"Halti kulmavuodesohva avop\u00e4\u00e4dyll\u00e4 alk.","author":"Sami Viitala","date":"augusti 24, 2021","format":false,"excerpt":"Halti on laadukas valinta, kun on s\u00e4\u00e4nn\u00f6list\u00e4 tarvetta hyv\u00e4lle varavuoteelle.","rel":"","context":"Liknande produkt","block_context":{"text":"Liknande produkt","link":""},"img":{"alt_text":"Halti kulmavuodesohva harmaa avo vasemmalla","src":"https:\/\/i0.wp.com\/pohjanmaantehtaanmyymala.fi\/wp-content\/uploads\/2021\/08\/Pohjanmaan_Halti_kulmavuodesohva_vas.jpg?fit=1200%2C1200&ssl=1&resize=350%2C200","width":350,"height":200,"srcset":"https:\/\/i0.wp.com\/pohjanmaantehtaanmyymala.fi\/wp-content\/uploads\/2021\/08\/Pohjanmaan_Halti_kulmavuodesohva_vas.jpg?fit=1200%2C1200&ssl=1&resize=350%2C200 1x, https:\/\/i0.wp.com\/pohjanmaantehtaanmyymala.fi\/wp-content\/uploads\/2021\/08\/Pohjanmaan_Halti_kulmavuodesohva_vas.jpg?fit=1200%2C1200&ssl=1&resize=525%2C300 1.5x, https:\/\/i0.wp.com\/pohjanmaantehtaanmyymala.fi\/wp-content\/uploads\/2021\/08\/Pohjanmaan_Halti_kulmavuodesohva_vas.jpg?fit=1200%2C1200&ssl=1&resize=700%2C400 2x, https:\/\/i0.wp.com\/pohjanmaantehtaanmyymala.fi\/wp-content\/uploads\/2021\/08\/Pohjanmaan_Halti_kulmavuodesohva_vas.jpg?fit=1200%2C1200&ssl=1&resize=1050%2C600 3x"},"classes":[]},{"id":8640,"url":"https:\/\/pohjanmaantehtaanmyymala.fi\/sv\/tuote\/easy-vuodesohva\/","url_meta":{"origin":17735,"position":1},"title":"EASY &#8211; vuodesohva harmaalla kankaalla","author":"petri","date":"september 14, 2019","format":false,"excerpt":"Ajattomuutta ja toiminallisuutta arvostavalle.","rel":"","context":"Liknande produkt","block_context":{"text":"Liknande produkt","link":""},"img":{"alt_text":"Easy vuodesohva etuviistosta p\u00e4in harmaa Austin-kangas","src":"https:\/\/i0.wp.com\/pohjanmaantehtaanmyymala.fi\/wp-content\/uploads\/2019\/09\/Easy-vuodesohva-austin19-sivu.jpg?fit=960%2C960&ssl=1&resize=350%2C200","width":350,"height":200,"srcset":"https:\/\/i0.wp.com\/pohjanmaantehtaanmyymala.fi\/wp-content\/uploads\/2019\/09\/Easy-vuodesohva-austin19-sivu.jpg?fit=960%2C960&ssl=1&resize=350%2C200 1x, https:\/\/i0.wp.com\/pohjanmaantehtaanmyymala.fi\/wp-content\/uploads\/2019\/09\/Easy-vuodesohva-austin19-sivu.jpg?fit=960%2C960&ssl=1&resize=525%2C300 1.5x, https:\/\/i0.wp.com\/pohjanmaantehtaanmyymala.fi\/wp-content\/uploads\/2019\/09\/Easy-vuodesohva-austin19-sivu.jpg?fit=960%2C960&ssl=1&resize=700%2C400 2x"},"classes":[]},{"id":15646,"url":"https:\/\/pohjanmaantehtaanmyymala.fi\/sv\/tuote\/pint-vuodesohvadivaani-oikeakatinen\/","url_meta":{"origin":17735,"position":2},"title":"PINT Vuodesohva divaani oikeak\u00e4tinen","author":"Sami Viitala","date":"november 22, 2020","format":false,"excerpt":"Laadukas vuodesohvadivaani Oliver-kankaalla joka p\u00e4iv\u00e4iseen k\u00e4ytt\u00f6\u00f6n.","rel":"","context":"Liknande produkt","block_context":{"text":"Liknande produkt","link":""},"img":{"alt_text":"Pint vuodesohvadivaani","src":"https:\/\/i0.wp.com\/pohjanmaantehtaanmyymala.fi\/wp-content\/uploads\/2020\/11\/Pohjanmaan_Pint_vuodesohva_divaani_oikea.jpg?fit=1200%2C1200&ssl=1&resize=350%2C200","width":350,"height":200,"srcset":"https:\/\/i0.wp.com\/pohjanmaantehtaanmyymala.fi\/wp-content\/uploads\/2020\/11\/Pohjanmaan_Pint_vuodesohva_divaani_oikea.jpg?fit=1200%2C1200&ssl=1&resize=350%2C200 1x, https:\/\/i0.wp.com\/pohjanmaantehtaanmyymala.fi\/wp-content\/uploads\/2020\/11\/Pohjanmaan_Pint_vuodesohva_divaani_oikea.jpg?fit=1200%2C1200&ssl=1&resize=525%2C300 1.5x, https:\/\/i0.wp.com\/pohjanmaantehtaanmyymala.fi\/wp-content\/uploads\/2020\/11\/Pohjanmaan_Pint_vuodesohva_divaani_oikea.jpg?fit=1200%2C1200&ssl=1&resize=700%2C400 2x, https:\/\/i0.wp.com\/pohjanmaantehtaanmyymala.fi\/wp-content\/uploads\/2020\/11\/Pohjanmaan_Pint_vuodesohva_divaani_oikea.jpg?fit=1200%2C1200&ssl=1&resize=1050%2C600 3x"},"classes":[]},{"id":17806,"url":"https:\/\/pohjanmaantehtaanmyymala.fi\/sv\/tuote\/copenhagen-vuodesohva-alk\/","url_meta":{"origin":17735,"position":3},"title":"COPENHAGEN vuodesohva kysy hinta!","author":"Sami Viitala","date":"augusti 24, 2021","format":false,"excerpt":"Kun arvostat hyv\u00e4\u00e4 istuinmukavuutta vuodesohvassa.","rel":"","context":"Liknande produkt","block_context":{"text":"Liknande produkt","link":""},"img":{"alt_text":"Copenhagen vuodesohva punainen","src":"https:\/\/i0.wp.com\/pohjanmaantehtaanmyymala.fi\/wp-content\/uploads\/2021\/08\/copenhagen_vuodesohva.jpg?fit=960%2C960&ssl=1&resize=350%2C200","width":350,"height":200,"srcset":"https:\/\/i0.wp.com\/pohjanmaantehtaanmyymala.fi\/wp-content\/uploads\/2021\/08\/copenhagen_vuodesohva.jpg?fit=960%2C960&ssl=1&resize=350%2C200 1x, https:\/\/i0.wp.com\/pohjanmaantehtaanmyymala.fi\/wp-content\/uploads\/2021\/08\/copenhagen_vuodesohva.jpg?fit=960%2C960&ssl=1&resize=525%2C300 1.5x, https:\/\/i0.wp.com\/pohjanmaantehtaanmyymala.fi\/wp-content\/uploads\/2021\/08\/copenhagen_vuodesohva.jpg?fit=960%2C960&ssl=1&resize=700%2C400 2x"},"classes":[]},{"id":22725,"url":"https:\/\/pohjanmaantehtaanmyymala.fi\/sv\/tuote\/easy-vuodesohva-vaaleanharmaa-kangas\/","url_meta":{"origin":17735,"position":4},"title":"EASY &#8211; vuodesohva vaaleanharmaa kangas","author":"Sami Viitala","date":"mars 10, 2023","format":false,"excerpt":"Helppotoiminen vuodesohva s\u00e4ilytyslaatikolla.","rel":"","context":"Liknande produkt","block_context":{"text":"Liknande produkt","link":""},"img":{"alt_text":"Pohjanmaan Easy vuodesohva austin vaaleanharmaalla kankaalla","src":"https:\/\/i0.wp.com\/pohjanmaantehtaanmyymala.fi\/wp-content\/uploads\/2023\/03\/Easy_vuodesohva_Austin_harmaa18-1.jpg?fit=960%2C960&ssl=1&resize=350%2C200","width":350,"height":200,"srcset":"https:\/\/i0.wp.com\/pohjanmaantehtaanmyymala.fi\/wp-content\/uploads\/2023\/03\/Easy_vuodesohva_Austin_harmaa18-1.jpg?fit=960%2C960&ssl=1&resize=350%2C200 1x, https:\/\/i0.wp.com\/pohjanmaantehtaanmyymala.fi\/wp-content\/uploads\/2023\/03\/Easy_vuodesohva_Austin_harmaa18-1.jpg?fit=960%2C960&ssl=1&resize=525%2C300 1.5x, https:\/\/i0.wp.com\/pohjanmaantehtaanmyymala.fi\/wp-content\/uploads\/2023\/03\/Easy_vuodesohva_Austin_harmaa18-1.jpg?fit=960%2C960&ssl=1&resize=700%2C400 2x"},"classes":[]},{"id":22649,"url":"https:\/\/pohjanmaantehtaanmyymala.fi\/sv\/tuote\/easy-vuodesohva-beigella-kankaalla\/","url_meta":{"origin":17735,"position":5},"title":"EASY &#8211; vuodesohva beigell\u00e4 kankaalla","author":"Sami Viitala","date":"mars 2, 2023","format":false,"excerpt":"Ajattomuutta ja toiminallisuutta arvostavalle.","rel":"","context":"Liknande produkt","block_context":{"text":"Liknande produkt","link":""},"img":{"alt_text":"Pohjanmaan Easy vuodesohva austin beige kankaalla","src":"https:\/\/i0.wp.com\/pohjanmaantehtaanmyymala.fi\/wp-content\/uploads\/2023\/03\/Easy_vuodesohva_Austin_beige-1.jpg?fit=960%2C960&ssl=1&resize=350%2C200","width":350,"height":200,"srcset":"https:\/\/i0.wp.com\/pohjanmaantehtaanmyymala.fi\/wp-content\/uploads\/2023\/03\/Easy_vuodesohva_Austin_beige-1.jpg?fit=960%2C960&ssl=1&resize=350%2C200 1x, https:\/\/i0.wp.com\/pohjanmaantehtaanmyymala.fi\/wp-content\/uploads\/2023\/03\/Easy_vuodesohva_Austin_beige-1.jpg?fit=960%2C960&ssl=1&resize=525%2C300 1.5x, https:\/\/i0.wp.com\/pohjanmaantehtaanmyymala.fi\/wp-content\/uploads\/2023\/03\/Easy_vuodesohva_Austin_beige-1.jpg?fit=960%2C960&ssl=1&resize=700%2C400 2x"},"classes":[]}],"_links":{"self":[{"href":"https:\/\/pohjanmaantehtaanmyymala.fi\/sv\/wp-json\/wp\/v2\/product\/17735","targetHints":{"allow":["GET"]}}],"collection":[{"href":"https:\/\/pohjanmaantehtaanmyymala.fi\/sv\/wp-json\/wp\/v2\/product"}],"about":[{"href":"https:\/\/pohjanmaantehtaanmyymala.fi\/sv\/wp-json\/wp\/v2\/types\/product"}],"replies":[{"embeddable":true,"href":"https:\/\/pohjanmaantehtaanmyymala.fi\/sv\/wp-json\/wp\/v2\/comments?post=17735"}],"wp:featuredmedia":[{"embeddable":true,"href":"https:\/\/pohjanmaantehtaanmyymala.fi\/sv\/wp-json\/wp\/v2\/media\/17743"}],"wp:attachment":[{"href":"https:\/\/pohjanmaantehtaanmyymala.fi\/sv\/wp-json\/wp\/v2\/media?parent=17735"}],"wp:term":[{"taxonomy":"product_brand","embeddable":true,"href":"https:\/\/pohjanmaantehtaanmyymala.fi\/sv\/wp-json\/wp\/v2\/product_brand?post=17735"},{"taxonomy":"product_cat","embeddable":true,"href":"https:\/\/pohjanmaantehtaanmyymala.fi\/sv\/wp-json\/wp\/v2\/product_cat?post=17735"},{"taxonomy":"product_tag","embeddable":true,"href":"https:\/\/pohjanmaantehtaanmyymala.fi\/sv\/wp-json\/wp\/v2\/product_tag?post=17735"}],"curies":[{"name":"wp","href":"https:\/\/api.w.org\/{rel}","templated":true}]}}