{"id":17574,"date":"2021-08-17T14:09:37","date_gmt":"2021-08-17T12:09:37","guid":{"rendered":"https:\/\/pohjanmaantehtaanmyymala.fi\/?post_type=product&#038;p=17574"},"modified":"2023-09-01T13:14:25","modified_gmt":"2023-09-01T11:14:25","slug":"seniorituoli-hansa","status":"publish","type":"product","link":"https:\/\/pohjanmaantehtaanmyymala.fi\/sv\/tuote\/seniorituoli-hansa\/","title":{"rendered":"SENIORITUOLI Hansa"},"content":{"rendered":"<p>T\u00e4m\u00e4 tukeva ja laadukas Seniorituoli on turvallinen ja kest\u00e4v\u00e4 valinta, joka auttaa arjen sujuvuutta. Hansa tuolissa on normaalia keitti\u00f6n tuolia korkeampi istumakorkeus. T\u00e4ss\u00e4 seniorituolissa on k\u00e4sinojat, jotka helpottavat tuolin k\u00e4ytt\u00f6\u00e4 ja siirtely\u00e4. Tuoli on valmistettu kest\u00e4v\u00e4st\u00e4 koivusta.<\/p>\n<p>Myynniss\u00e4 olevat v\u00e4rit ovat P\u00e4hkin\u00e4nruskea ja koivu LV.<\/p>\n<h3>Tuotetiedot:<\/h3>\n<p>istuinkorkeus: 51,5 cm<br \/>\nleveys: 61 cm<br \/>\nkorkeus: 98,5 cm<br \/>\nsyvyys: 45 cm<br \/>\nvalmistettu koivusta<br \/>\nV\u00e4ri: koivu<\/p>\n<p>Seniorituoleja on saatavana my\u00f6s muitakin eri malleja, kysy lis\u00e4tietoa<a href=\"https:\/\/www.pohjanmaantehtaanmyymala.fi\/yhteys\/\"> myynnist\u00e4mme.<\/a><\/p>\n","protected":false},"excerpt":{"rendered":"<p>T\u00e4m\u00e4 tukeva ja laadukas Seniorituoli on turvallinen ja kest\u00e4v\u00e4 valinta, joka auttaa arjen sujuvuutta. Hansa tuolissa on normaalia keitti\u00f6n tuolia korkeampi istumakorkeus. T\u00e4ss\u00e4 seniorituolissa on k\u00e4sinojat, jotka helpottavat tuolin k\u00e4ytt\u00f6\u00e4 ja siirtely\u00e4. Tuoli on valmistettu kest\u00e4v\u00e4st\u00e4 koivusta. Myynniss\u00e4 olevat v\u00e4rit ovat P\u00e4hkin\u00e4nruskea ja koivu LV. Tuotetiedot: istuinkorkeus: 51,5 cm leveys: 61 cm korkeus: 98,5 cm [&hellip;]<\/p>\n","protected":false},"featured_media":17579,"comment_status":"closed","ping_status":"closed","template":"","meta":{"_acf_changed":false,"jetpack_post_was_ever_published":false,"jetpack_publicize_message":"","jetpack_publicize_feature_enabled":true,"jetpack_social_post_already_shared":true,"jetpack_social_options":{"image_generator_settings":{"template":"highway","default_image_id":0,"font":"","enabled":false},"version":2}},"product_brand":[],"product_cat":[194,204],"product_tag":[],"class_list":{"0":"post-17574","1":"product","2":"type-product","3":"status-publish","4":"has-post-thumbnail","6":"product_cat-ruokapoydat-ja-tuolit","7":"product_cat-seniorikalusteet","8":"product_shipping_class-161","9":"pa_vari-koivu-lv","10":"pa_vari-pahkina","11":"pa_vari-pyokkipetsattu","12":"pa_vari-valkoinen","14":"first","15":"instock","16":"sale","17":"purchasable","18":"product-type-simple"},"acf":[],"jetpack_publicize_connections":[],"jetpack_sharing_enabled":true,"jetpack-related-posts":[{"id":24021,"url":"https:\/\/pohjanmaantehtaanmyymala.fi\/sv\/tuote\/pohjanmaan-4-hengen-lilja-ruokaryhma-koivu\/","url_meta":{"origin":17574,"position":0},"title":"Pohjanmaan 4-hengen LILJA ruokaryhm\u00e4 koivu","author":"Sami Viitala","date":"november 14, 2023","format":false,"excerpt":"Tyylik\u00e4s nelj\u00e4n hengen Lilja-ruokaryhm\u00e4. T\u00e4m\u00e4 p\u00f6yt\u00e4 on 140 cm pitk\u00e4. Ryhdik\u00e4s Lilja ruokap\u00f6yt\u00e4 on valmistettu massiivikoivusta. P\u00f6yd\u00e4n kaverina ovat suositut ja kevyet Lilja-pinnatuolit. Ryhm\u00e4\u00e4 on saatavana my\u00f6s massiivitammisena sek\u00e4 useilla muilla eri v\u00e4reill\u00e4. Kysy hinta- ja lis\u00e4tietoa sek\u00e4 saatavuustietoja myynnist\u00e4mme! Tuotetiedot: Tuotekortti latautuu t\u00e4st\u00e4. -P\u00f6yd\u00e4n koko: 90x140 cm, Korkeus: 75\u2026","rel":"","context":"Liknande produkt","block_context":{"text":"Liknande produkt","link":""},"img":{"alt_text":"Lilja 4 hengen ruokaryhm\u00e4 pinnatuoleilla koivua kansi koivu lv jalat mustat","src":"https:\/\/i0.wp.com\/pohjanmaantehtaanmyymala.fi\/wp-content\/uploads\/2023\/11\/Lilja_ruokaryhma_4-tuolilla_musta-Koivu.jpg?fit=960%2C960&ssl=1&resize=350%2C200","width":350,"height":200,"srcset":"https:\/\/i0.wp.com\/pohjanmaantehtaanmyymala.fi\/wp-content\/uploads\/2023\/11\/Lilja_ruokaryhma_4-tuolilla_musta-Koivu.jpg?fit=960%2C960&ssl=1&resize=350%2C200 1x, https:\/\/i0.wp.com\/pohjanmaantehtaanmyymala.fi\/wp-content\/uploads\/2023\/11\/Lilja_ruokaryhma_4-tuolilla_musta-Koivu.jpg?fit=960%2C960&ssl=1&resize=525%2C300 1.5x, https:\/\/i0.wp.com\/pohjanmaantehtaanmyymala.fi\/wp-content\/uploads\/2023\/11\/Lilja_ruokaryhma_4-tuolilla_musta-Koivu.jpg?fit=960%2C960&ssl=1&resize=700%2C400 2x"},"classes":[]},{"id":23180,"url":"https:\/\/pohjanmaantehtaanmyymala.fi\/sv\/tuote\/pohjanmaan-lilja-ruokaryhma-6-hengen\/","url_meta":{"origin":17574,"position":1},"title":"Pohjanmaan 6-hengen LILJA ruokaryhm\u00e4 koivu","author":"Sami Viitala","date":"augusti 30, 2023","format":false,"excerpt":"Tyylik\u00e4s kuuden hengen Lilja-ruokaryhm\u00e4. Siro, mutta j\u00e4m\u00e4kk\u00e4 Lilja ruokap\u00f6yt\u00e4 on valmistettu massiivikoivusta. P\u00f6yd\u00e4n kaverina ovat suositut ja kevyet Lilja-pinnatuolit. Ryhm\u00e4\u00e4 on saatavana my\u00f6s massiivitammisena sek\u00e4 useilla muilla eri v\u00e4reill\u00e4. Kysy hinta- ja lis\u00e4tietoa sek\u00e4 saatavuustietoja myynnist\u00e4mme! Tuotetiedot: Tuotekortti latautuu t\u00e4st\u00e4. -P\u00f6yd\u00e4n koko: 90x190 cm, Korkeus: 75 cm, kannen vahvuus on\u2026","rel":"","context":"Liknande produkt","block_context":{"text":"Liknande produkt","link":""},"img":{"alt_text":"Lilja 6-hengen ruokaryhm\u00e4 mustilla pinnatuoleilla. P\u00f6yd\u00e4n kansiv\u00e4ri on kuultopetsattu koivu","src":"https:\/\/i0.wp.com\/pohjanmaantehtaanmyymala.fi\/wp-content\/uploads\/2023\/08\/Lilja_RP_90x190_RT_MustaKoivu_NordicKoivu.jpg?fit=960%2C960&ssl=1&resize=350%2C200","width":350,"height":200,"srcset":"https:\/\/i0.wp.com\/pohjanmaantehtaanmyymala.fi\/wp-content\/uploads\/2023\/08\/Lilja_RP_90x190_RT_MustaKoivu_NordicKoivu.jpg?fit=960%2C960&ssl=1&resize=350%2C200 1x, https:\/\/i0.wp.com\/pohjanmaantehtaanmyymala.fi\/wp-content\/uploads\/2023\/08\/Lilja_RP_90x190_RT_MustaKoivu_NordicKoivu.jpg?fit=960%2C960&ssl=1&resize=525%2C300 1.5x, https:\/\/i0.wp.com\/pohjanmaantehtaanmyymala.fi\/wp-content\/uploads\/2023\/08\/Lilja_RP_90x190_RT_MustaKoivu_NordicKoivu.jpg?fit=960%2C960&ssl=1&resize=700%2C400 2x"},"classes":[]},{"id":24017,"url":"https:\/\/pohjanmaantehtaanmyymala.fi\/sv\/tuote\/pohjanmaan-lilja-pinnatuoli-koivu-lv\/","url_meta":{"origin":17574,"position":2},"title":"Pohjanmaan LILJA -pinnatuoli koivu lv","author":"Sami Viitala","date":"november 14, 2023","format":false,"excerpt":"Tyylik\u00e4s Pohjanmaan Kalusteen pinnatuoli monenlaiseen sisustukseen.","rel":"","context":"Liknande produkt","block_context":{"text":"Liknande produkt","link":""},"img":{"alt_text":"Lilja pinnatuoli koivu lakattu","src":"https:\/\/i0.wp.com\/pohjanmaantehtaanmyymala.fi\/wp-content\/uploads\/2023\/11\/Lilja_pinnatuoli_koivu.jpg?fit=960%2C960&ssl=1&resize=350%2C200","width":350,"height":200,"srcset":"https:\/\/i0.wp.com\/pohjanmaantehtaanmyymala.fi\/wp-content\/uploads\/2023\/11\/Lilja_pinnatuoli_koivu.jpg?fit=960%2C960&ssl=1&resize=350%2C200 1x, https:\/\/i0.wp.com\/pohjanmaantehtaanmyymala.fi\/wp-content\/uploads\/2023\/11\/Lilja_pinnatuoli_koivu.jpg?fit=960%2C960&ssl=1&resize=525%2C300 1.5x, https:\/\/i0.wp.com\/pohjanmaantehtaanmyymala.fi\/wp-content\/uploads\/2023\/11\/Lilja_pinnatuoli_koivu.jpg?fit=960%2C960&ssl=1&resize=700%2C400 2x"},"classes":[]},{"id":23149,"url":"https:\/\/pohjanmaantehtaanmyymala.fi\/sv\/tuote\/pohjanmaan-lilja-pinnatuoli-nordic-koivu\/","url_meta":{"origin":17574,"position":3},"title":"Pohjanmaan LILJA -pinnatuoli nordic koivu","author":"Sami Viitala","date":"augusti 23, 2023","format":false,"excerpt":"Tyylik\u00e4s Pohjanmaan Kalusteen pinnatuoli monenlaiseen sisustukseen.","rel":"","context":"Liknande produkt","block_context":{"text":"Liknande produkt","link":""},"img":{"alt_text":"Lilja pinnatuoli kuultovalkea koivu","src":"https:\/\/i0.wp.com\/pohjanmaantehtaanmyymala.fi\/wp-content\/uploads\/2023\/08\/Pohjanmaan_Lilja_pinnatuoli_koivu_nordic.jpg?fit=960%2C960&ssl=1&resize=350%2C200","width":350,"height":200,"srcset":"https:\/\/i0.wp.com\/pohjanmaantehtaanmyymala.fi\/wp-content\/uploads\/2023\/08\/Pohjanmaan_Lilja_pinnatuoli_koivu_nordic.jpg?fit=960%2C960&ssl=1&resize=350%2C200 1x, https:\/\/i0.wp.com\/pohjanmaantehtaanmyymala.fi\/wp-content\/uploads\/2023\/08\/Pohjanmaan_Lilja_pinnatuoli_koivu_nordic.jpg?fit=960%2C960&ssl=1&resize=525%2C300 1.5x, https:\/\/i0.wp.com\/pohjanmaantehtaanmyymala.fi\/wp-content\/uploads\/2023\/08\/Pohjanmaan_Lilja_pinnatuoli_koivu_nordic.jpg?fit=960%2C960&ssl=1&resize=700%2C400 2x"},"classes":[]},{"id":21686,"url":"https:\/\/pohjanmaantehtaanmyymala.fi\/sv\/tuote\/emmi-ruokaryhma-6-tuolilla-valkoinen-tammi\/","url_meta":{"origin":17574,"position":4},"title":"Emmi ruokaryhm\u00e4 6 tuolilla valkoinen\/tammi","author":"Sami Viitala","date":"november 22, 2022","format":false,"excerpt":"Perinteinen Emmi- ruokailuryhm\u00e4 sis\u00e4lt\u00e4\u00e4 Rustiikki p\u00f6yd\u00e4n 180*90 cm ja 6 kpl Emmi tuolia. Emmi ruokailuryhm\u00e4 on valmistettu koivusta ja tammesta. P\u00f6yd\u00e4n jalkaosat ja tuolien rungot on maalattu valkoiseksi. Rustiikki p\u00f6yd\u00e4ss\u00e4 on tammikansi, joka on nimens\u00e4 mukaisesti rustiikkinen, eli hieman jo vanhan ja k\u00e4ytetyn n\u00e4k\u00f6inen uutena. Emmi-tuolien istuimissa on my\u00f6s rustiikkinen\u2026","rel":"","context":"Liknande produkt","block_context":{"text":"Liknande produkt","link":""},"img":{"alt_text":"Emmi ruokaryhm\u00e4 170x90 cm 6-tuolilla valkoinen\/rustiikkitammi","src":"https:\/\/i0.wp.com\/pohjanmaantehtaanmyymala.fi\/wp-content\/uploads\/2022\/11\/Emmi-ruokaryhma-6tuolilla-valkoinen-tammi.jpg?fit=960%2C960&ssl=1&resize=350%2C200","width":350,"height":200,"srcset":"https:\/\/i0.wp.com\/pohjanmaantehtaanmyymala.fi\/wp-content\/uploads\/2022\/11\/Emmi-ruokaryhma-6tuolilla-valkoinen-tammi.jpg?fit=960%2C960&ssl=1&resize=350%2C200 1x, https:\/\/i0.wp.com\/pohjanmaantehtaanmyymala.fi\/wp-content\/uploads\/2022\/11\/Emmi-ruokaryhma-6tuolilla-valkoinen-tammi.jpg?fit=960%2C960&ssl=1&resize=525%2C300 1.5x, https:\/\/i0.wp.com\/pohjanmaantehtaanmyymala.fi\/wp-content\/uploads\/2022\/11\/Emmi-ruokaryhma-6tuolilla-valkoinen-tammi.jpg?fit=960%2C960&ssl=1&resize=700%2C400 2x"},"classes":[]},{"id":21694,"url":"https:\/\/pohjanmaantehtaanmyymala.fi\/sv\/tuote\/emmi-ruokaryhma-4-tuolilla-valkoinen-tammi\/","url_meta":{"origin":17574,"position":5},"title":"Emmi ruokaryhm\u00e4 4 tuolilla valkoinen\/tammi","author":"Sami Viitala","date":"november 22, 2022","format":false,"excerpt":"Perinteinen Emmi- ruokailuryhm\u00e4 sis\u00e4lt\u00e4\u00e4 Rustiikki p\u00f6yd\u00e4n 140*80 cm ja 4 kpl Emmi tuolia. Emmi ruokailuryhm\u00e4 on valmistettu koivusta ja tammesta. P\u00f6yd\u00e4n jalkaosat ja tuolien rungot on maalattu valkoiseksi. Rustiikki p\u00f6yd\u00e4ss\u00e4 on tammikansi, joka on nimens\u00e4 mukaisesti rustiikkinen, eli hieman jo vanhan ja k\u00e4ytetyn n\u00e4k\u00f6inen uutena. Emmi-tuolien istuimissa on my\u00f6s rustiikkinen\u2026","rel":"","context":"Liknande produkt","block_context":{"text":"Liknande produkt","link":""},"img":{"alt_text":"Emmi ruokaryhm\u00e4 140x80 cm 4-tuolilla valkoinen\/rustiikkitammi","src":"https:\/\/i0.wp.com\/pohjanmaantehtaanmyymala.fi\/wp-content\/uploads\/2022\/11\/Emmi-ruokaryhma-4tuolilla-valkoinen-tammi.jpg?fit=960%2C960&ssl=1&resize=350%2C200","width":350,"height":200,"srcset":"https:\/\/i0.wp.com\/pohjanmaantehtaanmyymala.fi\/wp-content\/uploads\/2022\/11\/Emmi-ruokaryhma-4tuolilla-valkoinen-tammi.jpg?fit=960%2C960&ssl=1&resize=350%2C200 1x, https:\/\/i0.wp.com\/pohjanmaantehtaanmyymala.fi\/wp-content\/uploads\/2022\/11\/Emmi-ruokaryhma-4tuolilla-valkoinen-tammi.jpg?fit=960%2C960&ssl=1&resize=525%2C300 1.5x, https:\/\/i0.wp.com\/pohjanmaantehtaanmyymala.fi\/wp-content\/uploads\/2022\/11\/Emmi-ruokaryhma-4tuolilla-valkoinen-tammi.jpg?fit=960%2C960&ssl=1&resize=700%2C400 2x"},"classes":[]}],"_links":{"self":[{"href":"https:\/\/pohjanmaantehtaanmyymala.fi\/sv\/wp-json\/wp\/v2\/product\/17574","targetHints":{"allow":["GET"]}}],"collection":[{"href":"https:\/\/pohjanmaantehtaanmyymala.fi\/sv\/wp-json\/wp\/v2\/product"}],"about":[{"href":"https:\/\/pohjanmaantehtaanmyymala.fi\/sv\/wp-json\/wp\/v2\/types\/product"}],"replies":[{"embeddable":true,"href":"https:\/\/pohjanmaantehtaanmyymala.fi\/sv\/wp-json\/wp\/v2\/comments?post=17574"}],"wp:featuredmedia":[{"embeddable":true,"href":"https:\/\/pohjanmaantehtaanmyymala.fi\/sv\/wp-json\/wp\/v2\/media\/17579"}],"wp:attachment":[{"href":"https:\/\/pohjanmaantehtaanmyymala.fi\/sv\/wp-json\/wp\/v2\/media?parent=17574"}],"wp:term":[{"taxonomy":"product_brand","embeddable":true,"href":"https:\/\/pohjanmaantehtaanmyymala.fi\/sv\/wp-json\/wp\/v2\/product_brand?post=17574"},{"taxonomy":"product_cat","embeddable":true,"href":"https:\/\/pohjanmaantehtaanmyymala.fi\/sv\/wp-json\/wp\/v2\/product_cat?post=17574"},{"taxonomy":"product_tag","embeddable":true,"href":"https:\/\/pohjanmaantehtaanmyymala.fi\/sv\/wp-json\/wp\/v2\/product_tag?post=17574"}],"curies":[{"name":"wp","href":"https:\/\/api.w.org\/{rel}","templated":true}]}}