{"id":17377,"date":"2021-05-06T15:20:28","date_gmt":"2021-05-06T13:20:28","guid":{"rendered":"https:\/\/pohjanmaantehtaanmyymala.fi\/?post_type=product&#038;p=17377"},"modified":"2025-05-30T16:20:56","modified_gmt":"2025-05-30T14:20:56","slug":"ecofurn-butterfly-jakkara-tervaleppa","status":"publish","type":"product","link":"https:\/\/pohjanmaantehtaanmyymala.fi\/sv\/tuote\/ecofurn-butterfly-jakkara-tervaleppa\/","title":{"rendered":"Ecofurn butterfly-jakkara, tervalepp\u00e4"},"content":{"rendered":"<div class=\"std descr1\">Kasaantaitettava Ecofurn Butterfly perhosjakkara on k\u00e4tev\u00e4, kun tarvitset lis\u00e4\u00e4 istuimia, jotka voidaan helposti taittaa syrj\u00e4\u00e4n s\u00e4ilytyst\u00e4 varten. Voit my\u00f6s napata jakkaran mukaan vaikka auton per\u00e4konttiin ja k\u00e4ytt\u00e4\u00e4 sit\u00e4 joko kes\u00e4ll\u00e4 retkijakkarana tai talvella pilkkijakkarana.<\/div>\n<div><\/div>\n<div class=\"std descr1\">EcoFurn\u00ae Butterfly on saanut inspiraationsa japanilaisesta klassikosta. EcoFurnin Butterfly-jakkara on valmistettu tervalep\u00e4n puurimoista, jotka on sidottu yhteen hamppuk\u00f6ytt\u00e4 k\u00e4ytt\u00e4en. Tuotteessa ei ole k\u00e4ytetty muovi- tai metalliosia. Tervalep\u00e4n luontaiset ominaisuudet tekev\u00e4t jakkarasta hyvin k\u00e4ytt\u00f6\u00e4 kest\u00e4v\u00e4n. Tervalep\u00e4st\u00e4 valmistettu Butterfly-jakkara sopiikin mainiosti parvekkeelle, terassille, saunaan ja muihin ulko- ja sis\u00e4tiloihin sek\u00e4 my\u00f6s julkisiin tiloihin, kuten hotelleihin tai muihin kest\u00e4vyytt\u00e4 vaativiin tiloihin.<\/div>\n<div class=\"std descr1\">\n<p>Toimitamme my\u00f6s edullisesti Ecotuolit ja rahit k\u00e4tev\u00e4sti kotiovellesi tai l\u00e4himm\u00e4lle Matkahuoltopisteelle. Kysy lis\u00e4tietoa <a href=\"https:\/\/pohjanmaantehtaanmyymala.fi\/yhteys\/\">myynist\u00e4mme.<\/a><\/p>\n<p>Tuotteet ovat 100 %:sti kierr\u00e4tett\u00e4vi\u00e4, eik\u00e4 niist\u00e4 j\u00e4\u00e4 mit\u00e4\u00e4n j\u00e4tett\u00e4 luontoa pilaamaan. EcoFurn -tuotteet tehd\u00e4\u00e4n vain pohjoismaisesta FSC-sertifikoidusta massiivipuusta.<\/p>\n<\/div>\n<h3>Tuotetiedot:<\/h3>\n<p>Materiaalit: tervalepp\u00e4 ja Hamppunaru<br \/>\nV\u00e4rivaihtoehdot:\u00a0 \u00f6ljytty<br \/>\nLeveys: 45 cm, Korkeus 50 cm ja syvyys 45 cm<br \/>\nPainorajoitus noin 120-150 kg<br \/>\nToimitetaan kierr\u00e4tett\u00e4v\u00e4ss\u00e4 k\u00e4tev\u00e4ss\u00e4 kartonkilaatikossa, jonka koko on <span dir=\"ltr\">54 \u00d7 50 \u00d7 12 cm cm<\/span> ja paina n. 4 kg.<\/p>\n<p>&nbsp;<\/p>\n","protected":false},"excerpt":{"rendered":"<p>K\u00e4tev\u00e4 kasaantaitettava Ecofurn Butterfly perhosjakkara.<\/p>\n","protected":false},"featured_media":17385,"comment_status":"closed","ping_status":"closed","template":"","meta":{"_acf_changed":false,"jetpack_post_was_ever_published":false,"jetpack_publicize_message":"","jetpack_publicize_feature_enabled":true,"jetpack_social_post_already_shared":true,"jetpack_social_options":{"image_generator_settings":{"template":"highway","default_image_id":0,"font":"","enabled":false},"version":2}},"product_brand":[300],"product_cat":[200],"product_tag":[],"class_list":{"0":"post-17377","1":"product","2":"type-product","3":"status-publish","4":"has-post-thumbnail","6":"product_brand-ecofurn","7":"product_cat-kesakalusteet","8":"pa_vari-oljytty","10":"first","11":"instock","12":"sale","13":"shipping-taxable","14":"purchasable","15":"product-type-simple"},"acf":[],"jetpack_publicize_connections":[],"jetpack_sharing_enabled":true,"jetpack-related-posts":[{"id":17051,"url":"https:\/\/pohjanmaantehtaanmyymala.fi\/sv\/tuote\/ecofurn-lilli-poyta-rahi-tervaleppa\/","url_meta":{"origin":17377,"position":0},"title":"Ecofurn Lilli p\u00f6yt\u00e4-rahi, tervalepp\u00e4","author":"Sami Viitala","date":"april 11, 2021","format":false,"excerpt":"Osta aito ja alkuper\u00e4inen Ecorahi. Valitse v\u00e4ri!","rel":"","context":"Liknande produkt","block_context":{"text":"Liknande produkt","link":""},"img":{"alt_text":"EcoFurn Lilli p\u00f6yt\u00e4-rahi musta tervalepp\u00e4","src":"https:\/\/i0.wp.com\/pohjanmaantehtaanmyymala.fi\/wp-content\/uploads\/2021\/04\/Lilli90849-musta-tervaleppa.jpg?fit=1200%2C1200&ssl=1&resize=350%2C200","width":350,"height":200,"srcset":"https:\/\/i0.wp.com\/pohjanmaantehtaanmyymala.fi\/wp-content\/uploads\/2021\/04\/Lilli90849-musta-tervaleppa.jpg?fit=1200%2C1200&ssl=1&resize=350%2C200 1x, https:\/\/i0.wp.com\/pohjanmaantehtaanmyymala.fi\/wp-content\/uploads\/2021\/04\/Lilli90849-musta-tervaleppa.jpg?fit=1200%2C1200&ssl=1&resize=525%2C300 1.5x, https:\/\/i0.wp.com\/pohjanmaantehtaanmyymala.fi\/wp-content\/uploads\/2021\/04\/Lilli90849-musta-tervaleppa.jpg?fit=1200%2C1200&ssl=1&resize=700%2C400 2x, https:\/\/i0.wp.com\/pohjanmaantehtaanmyymala.fi\/wp-content\/uploads\/2021\/04\/Lilli90849-musta-tervaleppa.jpg?fit=1200%2C1200&ssl=1&resize=1050%2C600 3x"},"classes":[]},{"id":17186,"url":"https:\/\/pohjanmaantehtaanmyymala.fi\/sv\/tuote\/ecofurn-polkky-jakkara\/","url_meta":{"origin":17377,"position":1},"title":"Ecofurn P\u00f6lkky-jakkara","author":"Sami Viitala","date":"april 15, 2021","format":false,"excerpt":"Luo aitoa er\u00e4tunnelmaa P\u00f6lkky-jakkaran avulla. 2 eri kokoa!","rel":"","context":"Liknande produkt","block_context":{"text":"Liknande produkt","link":""},"img":{"alt_text":"EcoFrun p\u00f6lkky-jakkara fiiliskuva","src":"https:\/\/i0.wp.com\/pohjanmaantehtaanmyymala.fi\/wp-content\/uploads\/2021\/04\/PO%CC%88LKKYFIILIS-1200.jpg?fit=1200%2C1200&ssl=1&resize=350%2C200","width":350,"height":200,"srcset":"https:\/\/i0.wp.com\/pohjanmaantehtaanmyymala.fi\/wp-content\/uploads\/2021\/04\/PO%CC%88LKKYFIILIS-1200.jpg?fit=1200%2C1200&ssl=1&resize=350%2C200 1x, https:\/\/i0.wp.com\/pohjanmaantehtaanmyymala.fi\/wp-content\/uploads\/2021\/04\/PO%CC%88LKKYFIILIS-1200.jpg?fit=1200%2C1200&ssl=1&resize=525%2C300 1.5x, https:\/\/i0.wp.com\/pohjanmaantehtaanmyymala.fi\/wp-content\/uploads\/2021\/04\/PO%CC%88LKKYFIILIS-1200.jpg?fit=1200%2C1200&ssl=1&resize=700%2C400 2x, https:\/\/i0.wp.com\/pohjanmaantehtaanmyymala.fi\/wp-content\/uploads\/2021\/04\/PO%CC%88LKKYFIILIS-1200.jpg?fit=1200%2C1200&ssl=1&resize=1050%2C600 3x"},"classes":[]},{"id":16906,"url":"https:\/\/pohjanmaantehtaanmyymala.fi\/sv\/tuote\/ecofurn-ekotuoli-tervaleppa\/","url_meta":{"origin":17377,"position":2},"title":"Ecofurn Ekotuoli, tervalepp\u00e4","author":"Sami Viitala","date":"april 8, 2021","format":false,"excerpt":"Laadukas, aito ja alkuper\u00e4inen Ecotuoli. Valitse v\u00e4ri!","rel":"","context":"Liknande produkt","block_context":{"text":"Liknande produkt","link":""},"img":{"alt_text":"Ecofurn Ecochair ekotuoli \u00f6ljytty tervalepp\u00e4","src":"https:\/\/i0.wp.com\/pohjanmaantehtaanmyymala.fi\/wp-content\/uploads\/2021\/04\/90054_EcoChair_alder_oiled.jpg?fit=1200%2C1200&ssl=1&resize=350%2C200","width":350,"height":200,"srcset":"https:\/\/i0.wp.com\/pohjanmaantehtaanmyymala.fi\/wp-content\/uploads\/2021\/04\/90054_EcoChair_alder_oiled.jpg?fit=1200%2C1200&ssl=1&resize=350%2C200 1x, https:\/\/i0.wp.com\/pohjanmaantehtaanmyymala.fi\/wp-content\/uploads\/2021\/04\/90054_EcoChair_alder_oiled.jpg?fit=1200%2C1200&ssl=1&resize=525%2C300 1.5x, https:\/\/i0.wp.com\/pohjanmaantehtaanmyymala.fi\/wp-content\/uploads\/2021\/04\/90054_EcoChair_alder_oiled.jpg?fit=1200%2C1200&ssl=1&resize=700%2C400 2x, https:\/\/i0.wp.com\/pohjanmaantehtaanmyymala.fi\/wp-content\/uploads\/2021\/04\/90054_EcoChair_alder_oiled.jpg?fit=1200%2C1200&ssl=1&resize=1050%2C600 3x"},"classes":[]},{"id":27809,"url":"https:\/\/pohjanmaantehtaanmyymala.fi\/sv\/tuote\/pilvi-jakkara-massiivitammi-oljytty\/","url_meta":{"origin":17377,"position":3},"title":"Pilvi jakkara, massiivitammi, \u00f6ljytty","author":"Sami Viitala","date":"november 27, 2024","format":false,"excerpt":"K\u00e4tev\u00e4 pinottava jakkara tammea","rel":"","context":"Liknande produkt","block_context":{"text":"Liknande produkt","link":""},"img":{"alt_text":"Pilvi \u00f6ljytty tammijakkara pinottava Koko jakkara","src":"https:\/\/i0.wp.com\/pohjanmaantehtaanmyymala.fi\/wp-content\/uploads\/2024\/11\/Pilvi-jakkara-tammi-2.jpg?fit=960%2C960&ssl=1&resize=350%2C200","width":350,"height":200,"srcset":"https:\/\/i0.wp.com\/pohjanmaantehtaanmyymala.fi\/wp-content\/uploads\/2024\/11\/Pilvi-jakkara-tammi-2.jpg?fit=960%2C960&ssl=1&resize=350%2C200 1x, https:\/\/i0.wp.com\/pohjanmaantehtaanmyymala.fi\/wp-content\/uploads\/2024\/11\/Pilvi-jakkara-tammi-2.jpg?fit=960%2C960&ssl=1&resize=525%2C300 1.5x, https:\/\/i0.wp.com\/pohjanmaantehtaanmyymala.fi\/wp-content\/uploads\/2024\/11\/Pilvi-jakkara-tammi-2.jpg?fit=960%2C960&ssl=1&resize=700%2C400 2x"},"classes":[]},{"id":17107,"url":"https:\/\/pohjanmaantehtaanmyymala.fi\/sv\/tuote\/4living-betonijakkara-40-cm\/","url_meta":{"origin":17377,"position":4},"title":"4Living betonijakkara 40 cm","author":"Sami Viitala","date":"april 13, 2021","format":false,"excerpt":"Moderni jakkara juuttinarulla","rel":"","context":"Liknande produkt","block_context":{"text":"Liknande produkt","link":""},"img":{"alt_text":"4Living Jakkara Betoni 40 cm","src":"https:\/\/i0.wp.com\/pohjanmaantehtaanmyymala.fi\/wp-content\/uploads\/2021\/04\/Betonijakkara-603087-1.jpg?fit=1200%2C1200&ssl=1&resize=350%2C200","width":350,"height":200,"srcset":"https:\/\/i0.wp.com\/pohjanmaantehtaanmyymala.fi\/wp-content\/uploads\/2021\/04\/Betonijakkara-603087-1.jpg?fit=1200%2C1200&ssl=1&resize=350%2C200 1x, https:\/\/i0.wp.com\/pohjanmaantehtaanmyymala.fi\/wp-content\/uploads\/2021\/04\/Betonijakkara-603087-1.jpg?fit=1200%2C1200&ssl=1&resize=525%2C300 1.5x, https:\/\/i0.wp.com\/pohjanmaantehtaanmyymala.fi\/wp-content\/uploads\/2021\/04\/Betonijakkara-603087-1.jpg?fit=1200%2C1200&ssl=1&resize=700%2C400 2x, https:\/\/i0.wp.com\/pohjanmaantehtaanmyymala.fi\/wp-content\/uploads\/2021\/04\/Betonijakkara-603087-1.jpg?fit=1200%2C1200&ssl=1&resize=1050%2C600 3x"},"classes":[]},{"id":17030,"url":"https:\/\/pohjanmaantehtaanmyymala.fi\/sv\/tuote\/ecofurn-lilli-poyta-rahi-saarni\/","url_meta":{"origin":17377,"position":5},"title":"Ecofurn Lilli p\u00f6yt\u00e4-rahi, saarni","author":"Sami Viitala","date":"april 11, 2021","format":false,"excerpt":"Osta aito ja alkuper\u00e4inen jalopuinen Ecorahi. Valitse v\u00e4ri!","rel":"","context":"Liknande produkt","block_context":{"text":"Liknande produkt","link":""},"img":{"alt_text":"EcoFurn Lilli p\u00f6yt\u00e4-rahi ruskea saarni","src":"https:\/\/i0.wp.com\/pohjanmaantehtaanmyymala.fi\/wp-content\/uploads\/2021\/04\/Lilli90719-ruskea-saarni.jpg?fit=1200%2C1200&ssl=1&resize=350%2C200","width":350,"height":200,"srcset":"https:\/\/i0.wp.com\/pohjanmaantehtaanmyymala.fi\/wp-content\/uploads\/2021\/04\/Lilli90719-ruskea-saarni.jpg?fit=1200%2C1200&ssl=1&resize=350%2C200 1x, https:\/\/i0.wp.com\/pohjanmaantehtaanmyymala.fi\/wp-content\/uploads\/2021\/04\/Lilli90719-ruskea-saarni.jpg?fit=1200%2C1200&ssl=1&resize=525%2C300 1.5x, https:\/\/i0.wp.com\/pohjanmaantehtaanmyymala.fi\/wp-content\/uploads\/2021\/04\/Lilli90719-ruskea-saarni.jpg?fit=1200%2C1200&ssl=1&resize=700%2C400 2x, https:\/\/i0.wp.com\/pohjanmaantehtaanmyymala.fi\/wp-content\/uploads\/2021\/04\/Lilli90719-ruskea-saarni.jpg?fit=1200%2C1200&ssl=1&resize=1050%2C600 3x"},"classes":[]}],"_links":{"self":[{"href":"https:\/\/pohjanmaantehtaanmyymala.fi\/sv\/wp-json\/wp\/v2\/product\/17377","targetHints":{"allow":["GET"]}}],"collection":[{"href":"https:\/\/pohjanmaantehtaanmyymala.fi\/sv\/wp-json\/wp\/v2\/product"}],"about":[{"href":"https:\/\/pohjanmaantehtaanmyymala.fi\/sv\/wp-json\/wp\/v2\/types\/product"}],"replies":[{"embeddable":true,"href":"https:\/\/pohjanmaantehtaanmyymala.fi\/sv\/wp-json\/wp\/v2\/comments?post=17377"}],"wp:featuredmedia":[{"embeddable":true,"href":"https:\/\/pohjanmaantehtaanmyymala.fi\/sv\/wp-json\/wp\/v2\/media\/17385"}],"wp:attachment":[{"href":"https:\/\/pohjanmaantehtaanmyymala.fi\/sv\/wp-json\/wp\/v2\/media?parent=17377"}],"wp:term":[{"taxonomy":"product_brand","embeddable":true,"href":"https:\/\/pohjanmaantehtaanmyymala.fi\/sv\/wp-json\/wp\/v2\/product_brand?post=17377"},{"taxonomy":"product_cat","embeddable":true,"href":"https:\/\/pohjanmaantehtaanmyymala.fi\/sv\/wp-json\/wp\/v2\/product_cat?post=17377"},{"taxonomy":"product_tag","embeddable":true,"href":"https:\/\/pohjanmaantehtaanmyymala.fi\/sv\/wp-json\/wp\/v2\/product_tag?post=17377"}],"curies":[{"name":"wp","href":"https:\/\/api.w.org\/{rel}","templated":true}]}}