{"id":17263,"date":"2021-04-17T10:14:43","date_gmt":"2021-04-17T08:14:43","guid":{"rendered":"https:\/\/pohjanmaantehtaanmyymala.fi\/?post_type=product&#038;p=17263"},"modified":"2023-09-01T14:23:15","modified_gmt":"2023-09-01T12:23:15","slug":"tupla-hanna-puutarhapenkki-manty","status":"publish","type":"product","link":"https:\/\/pohjanmaantehtaanmyymala.fi\/sv\/tuote\/tupla-hanna-puutarhapenkki-manty\/","title":{"rendered":"Tupla-Aino puutarhapenkki, kyll\u00e4stetty m\u00e4nty"},"content":{"rendered":"<p>Kotimainen ja kest\u00e4v\u00e4 kahdenistuttava Tupla-Aino puutarhapenkki p\u00f6yt\u00e4tasolla. Se k\u00e4y hyvin parvekkelle, terassille, puutarhaan ja vaikka laiturille. Tupla-Ainossa on muotoillut istuimet, jossa on miellytt\u00e4v\u00e4 istuskella ja ihmetell\u00e4 maailman menoa vaikka kahvikupposen kera.<\/p>\n<p>Tupla-Aino penkki on valmistettu Suomessa painekyll\u00e4stetyst\u00e4 puusta, joten se kest\u00e4\u00e4 s\u00e4\u00e4n vaihteluja mainiosti.<\/p>\n<h3>Tuotetiedot:<\/h3>\n<p>Materiaalit: M\u00e4nty<br \/>\nV\u00e4rivaihtoehdot: ruskea<br \/>\nPenkin kokonaisleveys 164 cm, -syvyys 80 cm ja -korkeus 96 cm.<br \/>\nIstuinleveys 51 cm, -syvyys 47 cm ja -korkeus 47 cm.<br \/>\nP\u00f6yt\u00e4tason yl\u00e4osa 33&#215;60\u00a0 cm ja alaosa 42&#215;56 cm.<\/p>\n<p>Toimitetaan osina.<\/p>\n","protected":false},"excerpt":{"rendered":"<p>M\u00e4yntyinen pihapenkki p\u00f6yt\u00e4tasolla. Valitse v\u00e4ri!<\/p>\n","protected":false},"featured_media":23244,"comment_status":"closed","ping_status":"closed","template":"","meta":{"_acf_changed":false,"jetpack_post_was_ever_published":false,"jetpack_publicize_message":"","jetpack_publicize_feature_enabled":true,"jetpack_social_post_already_shared":true,"jetpack_social_options":{"image_generator_settings":{"template":"highway","default_image_id":0,"font":"","enabled":false},"version":2}},"product_brand":[],"product_cat":[200],"product_tag":[],"class_list":{"0":"post-17263","1":"product","2":"type-product","3":"status-publish","4":"has-post-thumbnail","6":"product_cat-kesakalusteet","8":"first","9":"instock","10":"sale","11":"shipping-taxable","12":"purchasable","13":"product-type-simple"},"acf":[],"jetpack_publicize_connections":[],"jetpack_sharing_enabled":true,"jetpack-related-posts":[{"id":20582,"url":"https:\/\/pohjanmaantehtaanmyymala.fi\/sv\/tuote\/ecofurn-tupla-granny-penkki-manty\/","url_meta":{"origin":17263,"position":0},"title":"Ecofurn Tupla-Granny penkki, m\u00e4nty","author":"Sami Viitala","date":"maj 7, 2022","format":false,"excerpt":"M\u00e4yntyinen klassikko puutarhapenkki eri v\u00e4reiss\u00e4. Valitse v\u00e4ri!","rel":"","context":"Liknande produkt","block_context":{"text":"Liknande produkt","link":""},"img":{"alt_text":"EcoFurn tupla-Granny penkki harmaa","src":"https:\/\/i0.wp.com\/pohjanmaantehtaanmyymala.fi\/wp-content\/uploads\/2022\/05\/EcoFurn_Tupla_Granny_harmaa.jpg?fit=960%2C960&ssl=1&resize=350%2C200","width":350,"height":200,"srcset":"https:\/\/i0.wp.com\/pohjanmaantehtaanmyymala.fi\/wp-content\/uploads\/2022\/05\/EcoFurn_Tupla_Granny_harmaa.jpg?fit=960%2C960&ssl=1&resize=350%2C200 1x, https:\/\/i0.wp.com\/pohjanmaantehtaanmyymala.fi\/wp-content\/uploads\/2022\/05\/EcoFurn_Tupla_Granny_harmaa.jpg?fit=960%2C960&ssl=1&resize=525%2C300 1.5x, https:\/\/i0.wp.com\/pohjanmaantehtaanmyymala.fi\/wp-content\/uploads\/2022\/05\/EcoFurn_Tupla_Granny_harmaa.jpg?fit=960%2C960&ssl=1&resize=700%2C400 2x"},"classes":[]},{"id":13189,"url":"https:\/\/pohjanmaantehtaanmyymala.fi\/sv\/tuote\/aino-matto-140x200-cm\/","url_meta":{"origin":17263,"position":1},"title":"Aino matto 140&#215;200 cm","author":"Sami Viitala","date":"september 19, 2020","format":false,"excerpt":"Aino polypropeenimatto kodin oleskelutiloihin.","rel":"","context":"Liknande produkt","block_context":{"text":"Liknande produkt","link":""},"img":{"alt_text":"Aino matto flamingo 140x200","src":"https:\/\/i0.wp.com\/pohjanmaantehtaanmyymala.fi\/wp-content\/uploads\/2020\/09\/Aino-matto-flamingo-dedalj.jpg?fit=960%2C960&ssl=1&resize=350%2C200","width":350,"height":200,"srcset":"https:\/\/i0.wp.com\/pohjanmaantehtaanmyymala.fi\/wp-content\/uploads\/2020\/09\/Aino-matto-flamingo-dedalj.jpg?fit=960%2C960&ssl=1&resize=350%2C200 1x, https:\/\/i0.wp.com\/pohjanmaantehtaanmyymala.fi\/wp-content\/uploads\/2020\/09\/Aino-matto-flamingo-dedalj.jpg?fit=960%2C960&ssl=1&resize=525%2C300 1.5x, https:\/\/i0.wp.com\/pohjanmaantehtaanmyymala.fi\/wp-content\/uploads\/2020\/09\/Aino-matto-flamingo-dedalj.jpg?fit=960%2C960&ssl=1&resize=700%2C400 2x"},"classes":[]},{"id":13212,"url":"https:\/\/pohjanmaantehtaanmyymala.fi\/sv\/tuote\/aino-matto-160x230-cm\/","url_meta":{"origin":17263,"position":2},"title":"Aino matto 160&#215;230 cm","author":"Sami Viitala","date":"september 19, 2020","format":false,"excerpt":"Aino polypropeenimatto kodin oleskelutiloihin.","rel":"","context":"Liknande produkt","block_context":{"text":"Liknande produkt","link":""},"img":{"alt_text":"Aino matto turkoosi 140x200","src":"https:\/\/i0.wp.com\/pohjanmaantehtaanmyymala.fi\/wp-content\/uploads\/2020\/09\/Aino-matto-turkoosi-miljoo.jpg?fit=960%2C960&ssl=1&resize=350%2C200","width":350,"height":200,"srcset":"https:\/\/i0.wp.com\/pohjanmaantehtaanmyymala.fi\/wp-content\/uploads\/2020\/09\/Aino-matto-turkoosi-miljoo.jpg?fit=960%2C960&ssl=1&resize=350%2C200 1x, https:\/\/i0.wp.com\/pohjanmaantehtaanmyymala.fi\/wp-content\/uploads\/2020\/09\/Aino-matto-turkoosi-miljoo.jpg?fit=960%2C960&ssl=1&resize=525%2C300 1.5x, https:\/\/i0.wp.com\/pohjanmaantehtaanmyymala.fi\/wp-content\/uploads\/2020\/09\/Aino-matto-turkoosi-miljoo.jpg?fit=960%2C960&ssl=1&resize=700%2C400 2x"},"classes":[]},{"id":13207,"url":"https:\/\/pohjanmaantehtaanmyymala.fi\/sv\/tuote\/aino-matto-160x230-cm-2\/","url_meta":{"origin":17263,"position":3},"title":"Aino k\u00e4yt\u00e4v\u00e4matto 80&#215;200 cm","author":"Sami Viitala","date":"september 19, 2020","format":false,"excerpt":"Kaunis polypropeenimatto kodin oleskelutiloihin ja terassille.","rel":"","context":"Liknande produkt","block_context":{"text":"Liknande produkt","link":""},"img":{"alt_text":"Aino matto turkoosi 140x200","src":"https:\/\/i0.wp.com\/pohjanmaantehtaanmyymala.fi\/wp-content\/uploads\/2020\/09\/Aino-matto-turkoosi-dedalj.jpg?fit=960%2C960&ssl=1&resize=350%2C200","width":350,"height":200,"srcset":"https:\/\/i0.wp.com\/pohjanmaantehtaanmyymala.fi\/wp-content\/uploads\/2020\/09\/Aino-matto-turkoosi-dedalj.jpg?fit=960%2C960&ssl=1&resize=350%2C200 1x, https:\/\/i0.wp.com\/pohjanmaantehtaanmyymala.fi\/wp-content\/uploads\/2020\/09\/Aino-matto-turkoosi-dedalj.jpg?fit=960%2C960&ssl=1&resize=525%2C300 1.5x, https:\/\/i0.wp.com\/pohjanmaantehtaanmyymala.fi\/wp-content\/uploads\/2020\/09\/Aino-matto-turkoosi-dedalj.jpg?fit=960%2C960&ssl=1&resize=700%2C400 2x"},"classes":[]},{"id":13759,"url":"https:\/\/pohjanmaantehtaanmyymala.fi\/sv\/tuote\/aino-kaytamatto-80x250-cm\/","url_meta":{"origin":17263,"position":4},"title":"Aino k\u00e4yt\u00e4v\u00e4matto 80&#215;250 cm","author":"Sami Viitala","date":"oktober 9, 2020","format":false,"excerpt":"Kaunis polypropeenimatto kodin oleskelutiloihin ja terassille.","rel":"","context":"Liknande produkt","block_context":{"text":"Liknande produkt","link":""},"img":{"alt_text":"Aino matto flamingo 140x200","src":"https:\/\/i0.wp.com\/pohjanmaantehtaanmyymala.fi\/wp-content\/uploads\/2020\/09\/Aino-matto-flamingo-dedalj.jpg?fit=960%2C960&ssl=1&resize=350%2C200","width":350,"height":200,"srcset":"https:\/\/i0.wp.com\/pohjanmaantehtaanmyymala.fi\/wp-content\/uploads\/2020\/09\/Aino-matto-flamingo-dedalj.jpg?fit=960%2C960&ssl=1&resize=350%2C200 1x, https:\/\/i0.wp.com\/pohjanmaantehtaanmyymala.fi\/wp-content\/uploads\/2020\/09\/Aino-matto-flamingo-dedalj.jpg?fit=960%2C960&ssl=1&resize=525%2C300 1.5x, https:\/\/i0.wp.com\/pohjanmaantehtaanmyymala.fi\/wp-content\/uploads\/2020\/09\/Aino-matto-flamingo-dedalj.jpg?fit=960%2C960&ssl=1&resize=700%2C400 2x"},"classes":[]},{"id":20614,"url":"https:\/\/pohjanmaantehtaanmyymala.fi\/sv\/tuote\/puutarhakeinu-katoksella\/","url_meta":{"origin":17263,"position":5},"title":"Anne puutarhakeinu katoksella","author":"Sami Viitala","date":"maj 16, 2022","format":false,"excerpt":"Kotimainen ja kest\u00e4v\u00e4 pihakeinu. Istuimet ja selk\u00e4nojat muotoiltu parantaen istuinmukavuutta. Keinussa on huopakatos. Keinu on valmistettu painekyll\u00e4stetyst\u00e4 puusta, joten se kest\u00e4\u00e4 s\u00e4\u00e4n vaihteluja mainiosti, se kest\u00e4\u00e4kin k\u00e4ytt\u00f6ss\u00e4 useita vuosia! Suosittelemme huolto\u00f6ljy\u00e4mist\u00e4 vuosittain. Huomiothan, ett\u00e4 puun v\u00e4ri haalistuu ajan kanssa. Tuotetiedot: Materiaalit: painekyll\u00e4stetty m\u00e4nty V\u00e4rivaihtoehdot: ruskea Jalkojen ottama tila: Syv.130 x\u2026","rel":"","context":"Liknande produkt","block_context":{"text":"Liknande produkt","link":""},"img":{"alt_text":"Aino Anne Kata ville keinu katoksella, painekyll\u00e4stetty ruskea","src":"https:\/\/i0.wp.com\/pohjanmaantehtaanmyymala.fi\/wp-content\/uploads\/2022\/05\/Ville_Keinu.jpg?fit=960%2C960&ssl=1&resize=350%2C200","width":350,"height":200,"srcset":"https:\/\/i0.wp.com\/pohjanmaantehtaanmyymala.fi\/wp-content\/uploads\/2022\/05\/Ville_Keinu.jpg?fit=960%2C960&ssl=1&resize=350%2C200 1x, https:\/\/i0.wp.com\/pohjanmaantehtaanmyymala.fi\/wp-content\/uploads\/2022\/05\/Ville_Keinu.jpg?fit=960%2C960&ssl=1&resize=525%2C300 1.5x, https:\/\/i0.wp.com\/pohjanmaantehtaanmyymala.fi\/wp-content\/uploads\/2022\/05\/Ville_Keinu.jpg?fit=960%2C960&ssl=1&resize=700%2C400 2x"},"classes":[]}],"_links":{"self":[{"href":"https:\/\/pohjanmaantehtaanmyymala.fi\/sv\/wp-json\/wp\/v2\/product\/17263","targetHints":{"allow":["GET"]}}],"collection":[{"href":"https:\/\/pohjanmaantehtaanmyymala.fi\/sv\/wp-json\/wp\/v2\/product"}],"about":[{"href":"https:\/\/pohjanmaantehtaanmyymala.fi\/sv\/wp-json\/wp\/v2\/types\/product"}],"replies":[{"embeddable":true,"href":"https:\/\/pohjanmaantehtaanmyymala.fi\/sv\/wp-json\/wp\/v2\/comments?post=17263"}],"wp:featuredmedia":[{"embeddable":true,"href":"https:\/\/pohjanmaantehtaanmyymala.fi\/sv\/wp-json\/wp\/v2\/media\/23244"}],"wp:attachment":[{"href":"https:\/\/pohjanmaantehtaanmyymala.fi\/sv\/wp-json\/wp\/v2\/media?parent=17263"}],"wp:term":[{"taxonomy":"product_brand","embeddable":true,"href":"https:\/\/pohjanmaantehtaanmyymala.fi\/sv\/wp-json\/wp\/v2\/product_brand?post=17263"},{"taxonomy":"product_cat","embeddable":true,"href":"https:\/\/pohjanmaantehtaanmyymala.fi\/sv\/wp-json\/wp\/v2\/product_cat?post=17263"},{"taxonomy":"product_tag","embeddable":true,"href":"https:\/\/pohjanmaantehtaanmyymala.fi\/sv\/wp-json\/wp\/v2\/product_tag?post=17263"}],"curies":[{"name":"wp","href":"https:\/\/api.w.org\/{rel}","templated":true}]}}