{"id":17159,"date":"2021-04-13T22:18:55","date_gmt":"2021-04-13T20:18:55","guid":{"rendered":"https:\/\/pohjanmaantehtaanmyymala.fi\/?post_type=product&#038;p=17159"},"modified":"2022-09-15T12:25:36","modified_gmt":"2022-09-15T10:25:36","slug":"4living-amazon-rottinki-sohvaryhma-ruskea","status":"publish","type":"product","link":"https:\/\/pohjanmaantehtaanmyymala.fi\/sv\/tuote\/4living-amazon-rottinki-sohvaryhma-ruskea\/","title":{"rendered":"4Living Amazon rottinki-sohvaryhm\u00e4 ruskea"},"content":{"rendered":"<p>Tummanruskea Amazon rottinki-kalustesetti sopii t\u00e4ydellisesti sek\u00e4 katetuille ulkoterasseille ett\u00e4 sis\u00e4tiloihin. Beigenv\u00e4risiin pehmusteisiin yhdistettyn\u00e4, kahvinruskean s\u00e4vyt p\u00e4\u00e4sev\u00e4t oikeuksiinsa ja oleskeluryhm\u00e4 kutsuu rentoutumaan. 4Living-sohvaryhm\u00e4 sis\u00e4lt\u00e4\u00e4 kauniisti muotoillun kahdenistuttavan sohvan, kaksi tuolia ja pienen lasikantisen p\u00f6yd\u00e4n. Rottinkikalusteet ovat keveit\u00e4, kest\u00e4vi\u00e4 ja siet\u00e4v\u00e4t hyvin l\u00e4mp\u00f6tilavaihteluita, mutta kalusteen pinnalle ei saisi p\u00e4\u00e4st\u00e4 kertym\u00e4\u00e4n kosteutta. Rottinkikalusteet ovat pitk\u00e4ik\u00e4isi\u00e4 etenkin sis\u00e4tiloissa, lasitetuilla\/katetuilla terasseilla ja parvekkeilla, mutta k\u00e4yv\u00e4t erinomaisesti ulkok\u00e4ytt\u00f6\u00f6n, sill\u00e4 ne ovat keveit\u00e4 k\u00e4sitell\u00e4 ja nostaa suojaan.<\/p>\n<h3>Tuotetiedot:<\/h3>\n<p>P\u00f6yt\u00e4 65 x 65 x 50 cm. Karkaistu lasi 5 mm<br \/>\nNojatuoli 56 x 70 x 84 cm.<br \/>\nSohva 105 x 70 x 84 cm.<br \/>\nRunko: 30-32 mm vahvuista kahvinruskeaksi v\u00e4rj\u00e4tty\u00e4 rottinkia.<br \/>\nPehmusteet: Vaaleat istuinpehmusteet.<br \/>\nToimitetaan 6 paketissa.<\/p>\n","protected":false},"excerpt":{"rendered":"<p>Tummanruskea Amazon rottinki-kalustesetti sopii t\u00e4ydellisesti sek\u00e4 katetuille ulkoterasseille ett\u00e4 sis\u00e4tiloihin. Beigenv\u00e4risiin pehmusteisiin yhdistettyn\u00e4, kahvinruskean s\u00e4vyt p\u00e4\u00e4sev\u00e4t oikeuksiinsa ja oleskeluryhm\u00e4 kutsuu rentoutumaan. 4Living-sohvaryhm\u00e4 sis\u00e4lt\u00e4\u00e4 kauniisti muotoillun kahdenistuttavan sohvan, kaksi tuolia ja pienen lasikantisen p\u00f6yd\u00e4n. Rottinkikalusteet ovat keveit\u00e4, kest\u00e4vi\u00e4 ja siet\u00e4v\u00e4t hyvin l\u00e4mp\u00f6tilavaihteluita, mutta kalusteen pinnalle ei saisi p\u00e4\u00e4st\u00e4 kertym\u00e4\u00e4n kosteutta. Rottinkikalusteet ovat pitk\u00e4ik\u00e4isi\u00e4 etenkin sis\u00e4tiloissa, lasitetuilla\/katetuilla [&hellip;]<\/p>\n","protected":false},"featured_media":17160,"comment_status":"closed","ping_status":"closed","template":"","meta":{"_acf_changed":false,"jetpack_post_was_ever_published":false,"jetpack_publicize_message":"","jetpack_publicize_feature_enabled":true,"jetpack_social_post_already_shared":true,"jetpack_social_options":{"image_generator_settings":{"template":"highway","default_image_id":0,"font":"","enabled":false},"version":2}},"product_brand":[242],"product_cat":[200],"product_tag":[],"class_list":{"0":"post-17159","1":"product","2":"type-product","3":"status-publish","4":"has-post-thumbnail","6":"product_brand-4living","7":"product_cat-kesakalusteet","8":"product_shipping_class-161","10":"first","11":"outofstock","12":"purchasable","13":"product-type-simple"},"acf":[],"jetpack_publicize_connections":[],"jetpack_sharing_enabled":true,"jetpack-related-posts":[{"id":10844,"url":"https:\/\/pohjanmaantehtaanmyymala.fi\/sv\/tuote\/unipuu-kerrossanky-90-va\/","url_meta":{"origin":17159,"position":0},"title":"UNIPUU \u2013 kerross\u00e4nky 90","author":"petri","date":"september 14, 2019","format":false,"excerpt":"T\u00e4t\u00e4 klassikkoa on valmistettu jo 70-luvulta saakka.","rel":"","context":"Liknande produkt","block_context":{"text":"Liknande produkt","link":""},"img":{"alt_text":"","src":"https:\/\/i0.wp.com\/pohjanmaantehtaanmyymala.fi\/wp-content\/uploads\/2019\/09\/Unipuu_kerrossanky_valkoinen_low_res.jpg?fit=960%2C960&ssl=1&resize=350%2C200","width":350,"height":200,"srcset":"https:\/\/i0.wp.com\/pohjanmaantehtaanmyymala.fi\/wp-content\/uploads\/2019\/09\/Unipuu_kerrossanky_valkoinen_low_res.jpg?fit=960%2C960&ssl=1&resize=350%2C200 1x, https:\/\/i0.wp.com\/pohjanmaantehtaanmyymala.fi\/wp-content\/uploads\/2019\/09\/Unipuu_kerrossanky_valkoinen_low_res.jpg?fit=960%2C960&ssl=1&resize=525%2C300 1.5x, https:\/\/i0.wp.com\/pohjanmaantehtaanmyymala.fi\/wp-content\/uploads\/2019\/09\/Unipuu_kerrossanky_valkoinen_low_res.jpg?fit=960%2C960&ssl=1&resize=700%2C400 2x"},"classes":[]},{"id":9518,"url":"https:\/\/pohjanmaantehtaanmyymala.fi\/sv\/tuote\/outfit-poss-saadettava-puutarhatuoli-musta\/","url_meta":{"origin":17159,"position":1},"title":"OUTFIT Lima s\u00e4\u00e4dett\u00e4v\u00e4 puutarhatuoli musta","author":"petri","date":"september 14, 2019","format":false,"excerpt":"Outfit Lima alumiinirunkoinen polyrottinkinen puutarhatuoli. Selk\u00e4noja s\u00e4\u00e4dett\u00e4v\u00e4 6-asentoon. Tuoli saa taitettua kokoon, mik\u00e4 helpottaa s\u00e4ilytt\u00e4mist\u00e4. Tuote j\u00e4\u00e4m\u00e4ss\u00e4 pois valikoimasta, kysy saatavuus myynnist\u00e4mme. Tuotetiedot: Koko: l 58 x s 66 x k 110cm istuinkorkeus: 44cm istuinsyvyys: 48cm istuinleveys: 45cm k\u00e4sinojan korkeus maasta: 65cm Rottinki: 2in1 Selk\u00e4nojan s\u00e4\u00e4t\u00f6 6 asentoon Toimitetaan 2\u2026","rel":"","context":"Liknande produkt","block_context":{"text":"Liknande produkt","link":""},"img":{"alt_text":"","src":"https:\/\/i0.wp.com\/pohjanmaantehtaanmyymala.fi\/wp-content\/uploads\/2019\/06\/629989-f.jpg?fit=960%2C960&ssl=1&resize=350%2C200","width":350,"height":200,"srcset":"https:\/\/i0.wp.com\/pohjanmaantehtaanmyymala.fi\/wp-content\/uploads\/2019\/06\/629989-f.jpg?fit=960%2C960&ssl=1&resize=350%2C200 1x, https:\/\/i0.wp.com\/pohjanmaantehtaanmyymala.fi\/wp-content\/uploads\/2019\/06\/629989-f.jpg?fit=960%2C960&ssl=1&resize=525%2C300 1.5x, https:\/\/i0.wp.com\/pohjanmaantehtaanmyymala.fi\/wp-content\/uploads\/2019\/06\/629989-f.jpg?fit=960%2C960&ssl=1&resize=700%2C400 2x"},"classes":[]},{"id":10845,"url":"https:\/\/pohjanmaantehtaanmyymala.fi\/sv\/tuote\/unipuu-parvisanky-80-va\/","url_meta":{"origin":17159,"position":2},"title":"UNIPUU \u2013 parvis\u00e4nky 80","author":"petri","date":"september 14, 2019","format":false,"excerpt":"T\u00e4ll\u00e4 s\u00e4ngyll\u00e4 saat huoneen neli\u00f6t tehok\u00e4ytt\u00f6\u00f6n.","rel":"","context":"Liknande produkt","block_context":{"text":"Liknande produkt","link":""},"img":{"alt_text":"","src":"https:\/\/i0.wp.com\/pohjanmaantehtaanmyymala.fi\/wp-content\/uploads\/2019\/09\/uNIPUU_PARVISANKY_VALKOINEN_LOW_RES.jpg?fit=960%2C960&ssl=1&resize=350%2C200","width":350,"height":200,"srcset":"https:\/\/i0.wp.com\/pohjanmaantehtaanmyymala.fi\/wp-content\/uploads\/2019\/09\/uNIPUU_PARVISANKY_VALKOINEN_LOW_RES.jpg?fit=960%2C960&ssl=1&resize=350%2C200 1x, https:\/\/i0.wp.com\/pohjanmaantehtaanmyymala.fi\/wp-content\/uploads\/2019\/09\/uNIPUU_PARVISANKY_VALKOINEN_LOW_RES.jpg?fit=960%2C960&ssl=1&resize=525%2C300 1.5x, https:\/\/i0.wp.com\/pohjanmaantehtaanmyymala.fi\/wp-content\/uploads\/2019\/09\/uNIPUU_PARVISANKY_VALKOINEN_LOW_RES.jpg?fit=960%2C960&ssl=1&resize=700%2C400 2x"},"classes":[]},{"id":10847,"url":"https:\/\/pohjanmaantehtaanmyymala.fi\/sv\/tuote\/unipuu-parvisanky-90-va\/","url_meta":{"origin":17159,"position":3},"title":"UNIPUU \u2013 parvis\u00e4nky 90","author":"petri","date":"september 14, 2019","format":false,"excerpt":"Unipuu -kalustesarja on ilahduttanut ihmisi\u00e4 funktionaalisuudellaan jo vuosikymmeni\u00e4. Unipuu kasvaa perheen mukana. Unipuu-sarjan monipuolisesta valikoimasta l\u00f6ytyy lukuisia kesken\u00e4\u00e4n yhteensopivia osia, joista saa muunneltavia ja tilaa s\u00e4\u00e4st\u00e4vi\u00e4 vuoderatkaisuja perheen ja lapsen eri el\u00e4m\u00e4nvaiheiden tarpeisiin Tuotetiedot: Mitat L 211 cm x S 96 cm x K 162 cm Patjan koko 90 cm\u2026","rel":"","context":"Liknande produkt","block_context":{"text":"Liknande produkt","link":""},"img":{"alt_text":"","src":"https:\/\/i0.wp.com\/pohjanmaantehtaanmyymala.fi\/wp-content\/uploads\/2019\/09\/uNIPUU_PARVISANKY_VALKOINEN_LOW_RES.jpg?fit=960%2C960&ssl=1&resize=350%2C200","width":350,"height":200,"srcset":"https:\/\/i0.wp.com\/pohjanmaantehtaanmyymala.fi\/wp-content\/uploads\/2019\/09\/uNIPUU_PARVISANKY_VALKOINEN_LOW_RES.jpg?fit=960%2C960&ssl=1&resize=350%2C200 1x, https:\/\/i0.wp.com\/pohjanmaantehtaanmyymala.fi\/wp-content\/uploads\/2019\/09\/uNIPUU_PARVISANKY_VALKOINEN_LOW_RES.jpg?fit=960%2C960&ssl=1&resize=525%2C300 1.5x, https:\/\/i0.wp.com\/pohjanmaantehtaanmyymala.fi\/wp-content\/uploads\/2019\/09\/uNIPUU_PARVISANKY_VALKOINEN_LOW_RES.jpg?fit=960%2C960&ssl=1&resize=700%2C400 2x"},"classes":[]},{"id":22960,"url":"https:\/\/pohjanmaantehtaanmyymala.fi\/sv\/tuote\/4living-riipputuoli-rottinkia-3-eri-varia\/","url_meta":{"origin":17159,"position":4},"title":"Jakarta riipputuoli rottinkia, 3 eri v\u00e4ri\u00e4","author":"Sami Viitala","date":"maj 11, 2023","format":false,"excerpt":"Kaunis 4Living -riipputuoli kiinnitysk\u00f6ydell\u00e4. Valitse v\u00e4ri alta!","rel":"","context":"Liknande produkt","block_context":{"text":"Liknande produkt","link":""},"img":{"alt_text":"Jakarta riipputuoli luonnonv\u00e4ri aisemataustalla","src":"https:\/\/i0.wp.com\/pohjanmaantehtaanmyymala.fi\/wp-content\/uploads\/2023\/05\/Jakata-riipputuoli-lv-602890.jpg?fit=960%2C960&ssl=1&resize=350%2C200","width":350,"height":200,"srcset":"https:\/\/i0.wp.com\/pohjanmaantehtaanmyymala.fi\/wp-content\/uploads\/2023\/05\/Jakata-riipputuoli-lv-602890.jpg?fit=960%2C960&ssl=1&resize=350%2C200 1x, https:\/\/i0.wp.com\/pohjanmaantehtaanmyymala.fi\/wp-content\/uploads\/2023\/05\/Jakata-riipputuoli-lv-602890.jpg?fit=960%2C960&ssl=1&resize=525%2C300 1.5x, https:\/\/i0.wp.com\/pohjanmaantehtaanmyymala.fi\/wp-content\/uploads\/2023\/05\/Jakata-riipputuoli-lv-602890.jpg?fit=960%2C960&ssl=1&resize=700%2C400 2x"},"classes":[]},{"id":10842,"url":"https:\/\/pohjanmaantehtaanmyymala.fi\/sv\/tuote\/unipuu-kerrossanky-80-va\/","url_meta":{"origin":17159,"position":5},"title":"UNIPUU \u2013 kerross\u00e4nky 80","author":"petri","date":"september 14, 2019","format":false,"excerpt":"Unipuu -kalustesarja on ilahduttanut ihmisi\u00e4 funktionaalisuudellaan jo vuosikymmeni\u00e4. Unipuu kasvaa perheen mukana. Unipuu-sarjan monipuolisesta valikoimasta l\u00f6ytyy lukuisia kesken\u00e4\u00e4n yhteensopivia osia, joista saa muunneltavia ja tilaa s\u00e4\u00e4st\u00e4vi\u00e4 vuoderatkaisuja perheen ja lapsen eri el\u00e4m\u00e4nvaiheiden tarpeisiin Kerross\u00e4ngyst\u00e4 saat helposti muodostettua kaksi erillist\u00e4 s\u00e4nky\u00e4. Tuotetiedot: Mitat L 211 cm x S 86 cm x\u2026","rel":"","context":"Liknande produkt","block_context":{"text":"Liknande produkt","link":""},"img":{"alt_text":"","src":"https:\/\/i0.wp.com\/pohjanmaantehtaanmyymala.fi\/wp-content\/uploads\/2019\/09\/Unipuu_kerrossanky_valkoinen_low_res.jpg?fit=960%2C960&ssl=1&resize=350%2C200","width":350,"height":200,"srcset":"https:\/\/i0.wp.com\/pohjanmaantehtaanmyymala.fi\/wp-content\/uploads\/2019\/09\/Unipuu_kerrossanky_valkoinen_low_res.jpg?fit=960%2C960&ssl=1&resize=350%2C200 1x, https:\/\/i0.wp.com\/pohjanmaantehtaanmyymala.fi\/wp-content\/uploads\/2019\/09\/Unipuu_kerrossanky_valkoinen_low_res.jpg?fit=960%2C960&ssl=1&resize=525%2C300 1.5x, https:\/\/i0.wp.com\/pohjanmaantehtaanmyymala.fi\/wp-content\/uploads\/2019\/09\/Unipuu_kerrossanky_valkoinen_low_res.jpg?fit=960%2C960&ssl=1&resize=700%2C400 2x"},"classes":[]}],"_links":{"self":[{"href":"https:\/\/pohjanmaantehtaanmyymala.fi\/sv\/wp-json\/wp\/v2\/product\/17159","targetHints":{"allow":["GET"]}}],"collection":[{"href":"https:\/\/pohjanmaantehtaanmyymala.fi\/sv\/wp-json\/wp\/v2\/product"}],"about":[{"href":"https:\/\/pohjanmaantehtaanmyymala.fi\/sv\/wp-json\/wp\/v2\/types\/product"}],"replies":[{"embeddable":true,"href":"https:\/\/pohjanmaantehtaanmyymala.fi\/sv\/wp-json\/wp\/v2\/comments?post=17159"}],"wp:featuredmedia":[{"embeddable":true,"href":"https:\/\/pohjanmaantehtaanmyymala.fi\/sv\/wp-json\/wp\/v2\/media\/17160"}],"wp:attachment":[{"href":"https:\/\/pohjanmaantehtaanmyymala.fi\/sv\/wp-json\/wp\/v2\/media?parent=17159"}],"wp:term":[{"taxonomy":"product_brand","embeddable":true,"href":"https:\/\/pohjanmaantehtaanmyymala.fi\/sv\/wp-json\/wp\/v2\/product_brand?post=17159"},{"taxonomy":"product_cat","embeddable":true,"href":"https:\/\/pohjanmaantehtaanmyymala.fi\/sv\/wp-json\/wp\/v2\/product_cat?post=17159"},{"taxonomy":"product_tag","embeddable":true,"href":"https:\/\/pohjanmaantehtaanmyymala.fi\/sv\/wp-json\/wp\/v2\/product_tag?post=17159"}],"curies":[{"name":"wp","href":"https:\/\/api.w.org\/{rel}","templated":true}]}}