{"id":17150,"date":"2021-04-13T22:12:24","date_gmt":"2021-04-13T20:12:24","guid":{"rendered":"https:\/\/pohjanmaantehtaanmyymala.fi\/?post_type=product&#038;p=17150"},"modified":"2022-09-15T12:23:17","modified_gmt":"2022-09-15T10:23:17","slug":"4living-noah-poyta-205x90cm-harmaa-valkoinen","status":"publish","type":"product","link":"https:\/\/pohjanmaantehtaanmyymala.fi\/sv\/tuote\/4living-noah-poyta-205x90cm-harmaa-valkoinen\/","title":{"rendered":"4Living Cube \u2013 p\u00f6yt\u00e4 205x90cm harmaa\/valkoinen"},"content":{"rendered":"<p>Cube-ruokap\u00f6yt\u00e4 on alumiinirunkoinen p\u00f6yt\u00e4, jossa on helppohoitoinen Polywood -puuj\u00e4ljitelm\u00e4 kansi. Valkoinen runko ja harmaa kansi.<\/p>\n<p>P\u00f6yt\u00e4 toimitetaan osina pahvipaketissa.<\/p>\n<p><strong>2 kpl j\u00e4ljell\u00e4!<\/strong><\/p>\n","protected":false},"excerpt":{"rendered":"<p>Cube-ruokap\u00f6yt\u00e4 on alumiinirunkoinen p\u00f6yt\u00e4, jossa on helppohoitoinen Polywood -puuj\u00e4ljitelm\u00e4 kansi. Valkoinen runko ja harmaa kansi. P\u00f6yt\u00e4 toimitetaan osina pahvipaketissa. 2 kpl j\u00e4ljell\u00e4!<\/p>\n","protected":false},"featured_media":17151,"comment_status":"closed","ping_status":"closed","template":"","meta":{"_acf_changed":false,"jetpack_post_was_ever_published":false,"jetpack_publicize_message":"","jetpack_publicize_feature_enabled":true,"jetpack_social_post_already_shared":true,"jetpack_social_options":{"image_generator_settings":{"template":"highway","default_image_id":0,"font":"","enabled":false},"version":2}},"product_brand":[242],"product_cat":[200],"product_tag":[],"class_list":{"0":"post-17150","1":"product","2":"type-product","3":"status-publish","4":"has-post-thumbnail","6":"product_brand-4living","7":"product_cat-kesakalusteet","8":"product_shipping_class-161","10":"first","11":"instock","12":"purchasable","13":"product-type-simple"},"acf":[],"jetpack_publicize_connections":[],"jetpack_sharing_enabled":true,"jetpack-related-posts":[{"id":9523,"url":"https:\/\/pohjanmaantehtaanmyymala.fi\/sv\/tuote\/outfit-noah-puutarhapoyta-205x90cm-harmaa-musta\/","url_meta":{"origin":17150,"position":0},"title":"OUTFIT Noah \u2013 p\u00f6yt\u00e4 205x90cm harmaa\/musta","author":"petri","date":"september 14, 2019","format":false,"excerpt":"Noah p\u00f6yt\u00e4 on alumiinirunkoinen p\u00f6yt\u00e4, jossa on Polywood-puuj\u00e4ljitelm\u00e4kansi. Musta runko, Harmaa kansi. toimitetaan pahvipaketissa.","rel":"","context":"Liknande produkt","block_context":{"text":"Liknande produkt","link":""},"img":{"alt_text":"","src":"https:\/\/i0.wp.com\/pohjanmaantehtaanmyymala.fi\/wp-content\/uploads\/2019\/06\/629101-s.jpg?fit=960%2C960&ssl=1&resize=350%2C200","width":350,"height":200,"srcset":"https:\/\/i0.wp.com\/pohjanmaantehtaanmyymala.fi\/wp-content\/uploads\/2019\/06\/629101-s.jpg?fit=960%2C960&ssl=1&resize=350%2C200 1x, https:\/\/i0.wp.com\/pohjanmaantehtaanmyymala.fi\/wp-content\/uploads\/2019\/06\/629101-s.jpg?fit=960%2C960&ssl=1&resize=525%2C300 1.5x, https:\/\/i0.wp.com\/pohjanmaantehtaanmyymala.fi\/wp-content\/uploads\/2019\/06\/629101-s.jpg?fit=960%2C960&ssl=1&resize=700%2C400 2x"},"classes":[]},{"id":26149,"url":"https:\/\/pohjanmaantehtaanmyymala.fi\/sv\/tuote\/siera-pyorea-poyta-halk-120-cm\/","url_meta":{"origin":17150,"position":1},"title":"Siera py\u00f6re\u00e4 p\u00f6yt\u00e4 halk. 120 cm","author":"Miro Nevala","date":"september 20, 2024","format":false,"excerpt":"Siera-p\u00f6yt\u00e4 on elegantti valinta moderniin kotiin. Sen vankka kansi ja erikoinen rimakuviointi jalkaosassa tekev\u00e4t siit\u00e4 ainutlaatuisen ruokap\u00f6yt\u00e4vaihtoehdon. T\u00e4m\u00e4 p\u00f6yt\u00e4 tarjoaa mukavan istumapaikan isommallekin seurueelle, ja sen ymp\u00e4rille sopii mainiosti 4-6 ruokailutuolia. T\u00e4m\u00e4 p\u00f6yt\u00e4 sopii erinomaisesti Sara tai Marcus tuolien kanssa. P\u00f6yt\u00e4 on saatavilla mustana tai valkoisena. Tuotetiedot: Mitat: Kannen halkasija\u2026","rel":"","context":"Liknande produkt","block_context":{"text":"Liknande produkt","link":""},"img":{"alt_text":"Siera p\u00f6yt\u00e4 valkoinen","src":"https:\/\/i0.wp.com\/pohjanmaantehtaanmyymala.fi\/wp-content\/uploads\/2024\/03\/Siera_poyta_valkoinen-1.jpg?fit=960%2C960&ssl=1&resize=350%2C200","width":350,"height":200,"srcset":"https:\/\/i0.wp.com\/pohjanmaantehtaanmyymala.fi\/wp-content\/uploads\/2024\/03\/Siera_poyta_valkoinen-1.jpg?fit=960%2C960&ssl=1&resize=350%2C200 1x, https:\/\/i0.wp.com\/pohjanmaantehtaanmyymala.fi\/wp-content\/uploads\/2024\/03\/Siera_poyta_valkoinen-1.jpg?fit=960%2C960&ssl=1&resize=525%2C300 1.5x, https:\/\/i0.wp.com\/pohjanmaantehtaanmyymala.fi\/wp-content\/uploads\/2024\/03\/Siera_poyta_valkoinen-1.jpg?fit=960%2C960&ssl=1&resize=700%2C400 2x"},"classes":[]},{"id":23072,"url":"https:\/\/pohjanmaantehtaanmyymala.fi\/sv\/tuote\/country-poytaryhma-penkeilla-valkoinen-harmaa\/","url_meta":{"origin":17150,"position":2},"title":"Country p\u00f6yt\u00e4ryhm\u00e4 penkeill\u00e4 valkoinen\/harmaa","author":"Sami Viitala","date":"juni 27, 2023","format":false,"excerpt":"Korkealuokkainen m\u00e4ntykalustesetti ulkotiloihin.","rel":"","context":"Liknande produkt","block_context":{"text":"Liknande produkt","link":""},"img":{"alt_text":"Country p\u00f6yt\u00e4ryhm\u00e4 penkeill\u00e4, valkoinen\/harmaa","src":"https:\/\/i0.wp.com\/pohjanmaantehtaanmyymala.fi\/wp-content\/uploads\/2022\/06\/Country_poytaryhma.jpg?fit=960%2C960&ssl=1&resize=350%2C200","width":350,"height":200,"srcset":"https:\/\/i0.wp.com\/pohjanmaantehtaanmyymala.fi\/wp-content\/uploads\/2022\/06\/Country_poytaryhma.jpg?fit=960%2C960&ssl=1&resize=350%2C200 1x, https:\/\/i0.wp.com\/pohjanmaantehtaanmyymala.fi\/wp-content\/uploads\/2022\/06\/Country_poytaryhma.jpg?fit=960%2C960&ssl=1&resize=525%2C300 1.5x, https:\/\/i0.wp.com\/pohjanmaantehtaanmyymala.fi\/wp-content\/uploads\/2022\/06\/Country_poytaryhma.jpg?fit=960%2C960&ssl=1&resize=700%2C400 2x"},"classes":[]},{"id":26645,"url":"https:\/\/pohjanmaantehtaanmyymala.fi\/sv\/tuote\/yumi-ruokapoyta-pyorea-115-cm-valkoinen\/","url_meta":{"origin":17150,"position":3},"title":"YUMI &#8211; ruokap\u00f6yt\u00e4 py\u00f6re\u00e4 115 cm valkoinen","author":"Miro Nevala","date":"mars 13, 2024","format":false,"excerpt":"Poistuva tuote, tarkista saatavuus! Py\u00f6re\u00e4n Yumi ruokap\u00f6yd\u00e4n kansi on kauniisti viistetty joka sirojen jalkojen kanssa antaa kevyen ilmeen p\u00f6yd\u00e4lle. P\u00f6yt\u00e4 on valkoisen v\u00e4rinen. Saatavilla my\u00f6s mustana, tammen v\u00e4risen\u00e4, ruskeana sek\u00e4 valkolakattuna. Kysy tarjousta myynnist\u00e4mme! Tuotetiedot: Kansi: viilutettu mdf-levy. Jalat: massiivipuu.","rel":"","context":"Liknande produkt","block_context":{"text":"Liknande produkt","link":""},"img":{"alt_text":"Rowico Yumi py\u00f6re\u00e4 p\u00f6yt\u00e4 115cm valkoinen","src":"https:\/\/i0.wp.com\/pohjanmaantehtaanmyymala.fi\/wp-content\/uploads\/2024\/03\/Rowico_Yumi_pyo%CC%88rea%CC%88-115cm-valkoinen.jpg?fit=960%2C960&ssl=1&resize=350%2C200","width":350,"height":200,"srcset":"https:\/\/i0.wp.com\/pohjanmaantehtaanmyymala.fi\/wp-content\/uploads\/2024\/03\/Rowico_Yumi_pyo%CC%88rea%CC%88-115cm-valkoinen.jpg?fit=960%2C960&ssl=1&resize=350%2C200 1x, https:\/\/i0.wp.com\/pohjanmaantehtaanmyymala.fi\/wp-content\/uploads\/2024\/03\/Rowico_Yumi_pyo%CC%88rea%CC%88-115cm-valkoinen.jpg?fit=960%2C960&ssl=1&resize=525%2C300 1.5x, https:\/\/i0.wp.com\/pohjanmaantehtaanmyymala.fi\/wp-content\/uploads\/2024\/03\/Rowico_Yumi_pyo%CC%88rea%CC%88-115cm-valkoinen.jpg?fit=960%2C960&ssl=1&resize=700%2C400 2x"},"classes":[]},{"id":9572,"url":"https:\/\/pohjanmaantehtaanmyymala.fi\/sv\/tuote\/vila-ruokapoyta-140x74-harmaa-polyrottinki\/","url_meta":{"origin":17150,"position":4},"title":"VILA \u2013 ruokap\u00f6yt\u00e4 140&#215;74 harmaa polyrottinki","author":"petri","date":"september 14, 2019","format":false,"excerpt":"Vila polyrottinkinen puutarhap\u00f6yt\u00e4, jossa Polywood-kansi. P\u00f6yt\u00e4 soveltuu Vila -kulmasohvan tai Vila -puutarhatuolien kanssa muodostamaan ruokaryhm\u00e4n. P\u00f6yd\u00e4ss\u00e4 on harmaa runko ja vaaleanharmaa kansi. Tilaustuote! Tuote toimitetaa osina pahvipaketissa.","rel":"","context":"Liknande produkt","block_context":{"text":"Liknande produkt","link":""},"img":{"alt_text":"","src":"https:\/\/i0.wp.com\/pohjanmaantehtaanmyymala.fi\/wp-content\/uploads\/2019\/06\/624797-s.jpg?fit=960%2C960&ssl=1&resize=350%2C200","width":350,"height":200,"srcset":"https:\/\/i0.wp.com\/pohjanmaantehtaanmyymala.fi\/wp-content\/uploads\/2019\/06\/624797-s.jpg?fit=960%2C960&ssl=1&resize=350%2C200 1x, https:\/\/i0.wp.com\/pohjanmaantehtaanmyymala.fi\/wp-content\/uploads\/2019\/06\/624797-s.jpg?fit=960%2C960&ssl=1&resize=525%2C300 1.5x, https:\/\/i0.wp.com\/pohjanmaantehtaanmyymala.fi\/wp-content\/uploads\/2019\/06\/624797-s.jpg?fit=960%2C960&ssl=1&resize=700%2C400 2x"},"classes":[]},{"id":25103,"url":"https:\/\/pohjanmaantehtaanmyymala.fi\/sv\/tuote\/wild-lankku-ruokapoyta-240x95cm\/","url_meta":{"origin":17150,"position":5},"title":"Wild lankku Ruokap\u00f6yt\u00e4 240x95cm","author":"Miro Nevala","date":"februari 13, 2024","format":false,"excerpt":"Vaikuttava ja yksil\u00f6llinen luonnontuotteena valmistettu ruokap\u00f6yt\u00e4!","rel":"","context":"Liknande produkt","block_context":{"text":"Liknande produkt","link":""},"img":{"alt_text":"Wild lankkup\u00f6yt\u00e4 kuultovalkoinen kansi valkoinen jalka","src":"https:\/\/i0.wp.com\/pohjanmaantehtaanmyymala.fi\/wp-content\/uploads\/2024\/02\/Wild_Lankku_valkoinen-jalka-240.jpg?fit=960%2C960&ssl=1&resize=350%2C200","width":350,"height":200,"srcset":"https:\/\/i0.wp.com\/pohjanmaantehtaanmyymala.fi\/wp-content\/uploads\/2024\/02\/Wild_Lankku_valkoinen-jalka-240.jpg?fit=960%2C960&ssl=1&resize=350%2C200 1x, https:\/\/i0.wp.com\/pohjanmaantehtaanmyymala.fi\/wp-content\/uploads\/2024\/02\/Wild_Lankku_valkoinen-jalka-240.jpg?fit=960%2C960&ssl=1&resize=525%2C300 1.5x, https:\/\/i0.wp.com\/pohjanmaantehtaanmyymala.fi\/wp-content\/uploads\/2024\/02\/Wild_Lankku_valkoinen-jalka-240.jpg?fit=960%2C960&ssl=1&resize=700%2C400 2x"},"classes":[]}],"_links":{"self":[{"href":"https:\/\/pohjanmaantehtaanmyymala.fi\/sv\/wp-json\/wp\/v2\/product\/17150","targetHints":{"allow":["GET"]}}],"collection":[{"href":"https:\/\/pohjanmaantehtaanmyymala.fi\/sv\/wp-json\/wp\/v2\/product"}],"about":[{"href":"https:\/\/pohjanmaantehtaanmyymala.fi\/sv\/wp-json\/wp\/v2\/types\/product"}],"replies":[{"embeddable":true,"href":"https:\/\/pohjanmaantehtaanmyymala.fi\/sv\/wp-json\/wp\/v2\/comments?post=17150"}],"wp:featuredmedia":[{"embeddable":true,"href":"https:\/\/pohjanmaantehtaanmyymala.fi\/sv\/wp-json\/wp\/v2\/media\/17151"}],"wp:attachment":[{"href":"https:\/\/pohjanmaantehtaanmyymala.fi\/sv\/wp-json\/wp\/v2\/media?parent=17150"}],"wp:term":[{"taxonomy":"product_brand","embeddable":true,"href":"https:\/\/pohjanmaantehtaanmyymala.fi\/sv\/wp-json\/wp\/v2\/product_brand?post=17150"},{"taxonomy":"product_cat","embeddable":true,"href":"https:\/\/pohjanmaantehtaanmyymala.fi\/sv\/wp-json\/wp\/v2\/product_cat?post=17150"},{"taxonomy":"product_tag","embeddable":true,"href":"https:\/\/pohjanmaantehtaanmyymala.fi\/sv\/wp-json\/wp\/v2\/product_tag?post=17150"}],"curies":[{"name":"wp","href":"https:\/\/api.w.org\/{rel}","templated":true}]}}