{"id":17090,"date":"2021-04-13T14:51:37","date_gmt":"2021-04-13T12:51:37","guid":{"rendered":"https:\/\/pohjanmaantehtaanmyymala.fi\/?post_type=product&#038;p=17090"},"modified":"2025-03-17T12:10:50","modified_gmt":"2025-03-17T10:10:50","slug":"4living-hawaiji-riippukeinu-musta","status":"publish","type":"product","link":"https:\/\/pohjanmaantehtaanmyymala.fi\/sv\/tuote\/4living-hawaiji-riippukeinu-musta\/","title":{"rendered":"4Living Hawaiji Riippukeinu musta"},"content":{"rendered":"<p><strong>LOPPU VARASTOSTA!<\/strong><\/p>\n<p>4Living Hawaiji-riippukeinussa on rento istuskella ja rentoutua kotiterassilla tai m\u00f6kill\u00e4.<br \/>\nRiipputuolissa tulee mukanan ter\u00e4ksinen jalusta, joka on maalattu mustaksi. Riippukeinu on polyrottinkipunosta, joka kest\u00e4\u00e4 hyvin Suomen vaihtelevia s\u00e4\u00e4olosuhteita. Keinuun sis\u00e4ltyy my\u00f6s pehmustetyyny, joka on polyesterikangasta.<\/p>\n<p>Hawaiji-riippukeinua on saatavana vain mustana.<\/p>\n<p>Mitat: l. 98 cm, s. 93 cm, k. 197cm.<\/p>\n<p>Toimitetaan kolmessa pakkausessa jalusta irrallaan.<\/p>\n<div class=\"product-img-box\">\n<div class=\"prolabel-wrapper clearer\"><\/div>\n<\/div>\n<div class=\"product-shop\">\n<div class=\"product-shop-inner\">\n<div>\n<div class=\"product-info-fields\">\n<div class=\"product-name\"><\/div>\n<div class=\"product-description\"><\/div>\n<\/div>\n<\/div>\n<\/div>\n<\/div>\n","protected":false},"excerpt":{"rendered":"<p>Kaunis 4Living -riipputuoli omalla telineell\u00e4 parvekkeelle tai puutarhaan.<\/p>\n","protected":false},"featured_media":17091,"comment_status":"closed","ping_status":"closed","template":"","meta":{"_acf_changed":false,"jetpack_post_was_ever_published":false,"jetpack_publicize_message":"","jetpack_publicize_feature_enabled":true,"jetpack_social_post_already_shared":true,"jetpack_social_options":{"image_generator_settings":{"template":"highway","default_image_id":0,"font":"","enabled":false},"version":2}},"product_brand":[242],"product_cat":[200],"product_tag":[],"class_list":{"0":"post-17090","1":"product","2":"type-product","3":"status-publish","4":"has-post-thumbnail","6":"product_brand-4living","7":"product_cat-kesakalusteet","9":"first","10":"outofstock","11":"shipping-taxable","12":"purchasable","13":"product-type-simple"},"acf":[],"jetpack_publicize_connections":[],"jetpack_sharing_enabled":true,"jetpack-related-posts":[{"id":17240,"url":"https:\/\/pohjanmaantehtaanmyymala.fi\/sv\/tuote\/4living-hawaiji-riippukeinu-harmaa\/","url_meta":{"origin":17090,"position":0},"title":"4Living Hawaiji Riippukeinu harmaa","author":"Sami Viitala","date":"april 16, 2021","format":false,"excerpt":"Kaunis 4Living -riipputuoli omalla telineell\u00e4.","rel":"","context":"Liknande produkt","block_context":{"text":"Liknande produkt","link":""},"img":{"alt_text":"4Living Riipputuoli telineess\u00e4 Hawaiji harmaa","src":"https:\/\/i0.wp.com\/pohjanmaantehtaanmyymala.fi\/wp-content\/uploads\/2021\/04\/274398.jpg?fit=1200%2C1200&ssl=1&resize=350%2C200","width":350,"height":200,"srcset":"https:\/\/i0.wp.com\/pohjanmaantehtaanmyymala.fi\/wp-content\/uploads\/2021\/04\/274398.jpg?fit=1200%2C1200&ssl=1&resize=350%2C200 1x, https:\/\/i0.wp.com\/pohjanmaantehtaanmyymala.fi\/wp-content\/uploads\/2021\/04\/274398.jpg?fit=1200%2C1200&ssl=1&resize=525%2C300 1.5x, https:\/\/i0.wp.com\/pohjanmaantehtaanmyymala.fi\/wp-content\/uploads\/2021\/04\/274398.jpg?fit=1200%2C1200&ssl=1&resize=700%2C400 2x, https:\/\/i0.wp.com\/pohjanmaantehtaanmyymala.fi\/wp-content\/uploads\/2021\/04\/274398.jpg?fit=1200%2C1200&ssl=1&resize=1050%2C600 3x"},"classes":[]},{"id":17236,"url":"https:\/\/pohjanmaantehtaanmyymala.fi\/sv\/tuote\/4living-hawaiji-riippukeinu-valkoinen\/","url_meta":{"origin":17090,"position":1},"title":"4Living Hawaiji Riippukeinu valkoinen","author":"Sami Viitala","date":"april 16, 2021","format":false,"excerpt":"Kaunis 4Living -riipputuoli omalla telineell\u00e4.","rel":"","context":"Liknande produkt","block_context":{"text":"Liknande produkt","link":""},"img":{"alt_text":"4Living Riipputuoli telineess\u00e4 Hawaiji valkoinen","src":"https:\/\/i0.wp.com\/pohjanmaantehtaanmyymala.fi\/wp-content\/uploads\/2021\/04\/241535.jpg?fit=1200%2C1200&ssl=1&resize=350%2C200","width":350,"height":200,"srcset":"https:\/\/i0.wp.com\/pohjanmaantehtaanmyymala.fi\/wp-content\/uploads\/2021\/04\/241535.jpg?fit=1200%2C1200&ssl=1&resize=350%2C200 1x, https:\/\/i0.wp.com\/pohjanmaantehtaanmyymala.fi\/wp-content\/uploads\/2021\/04\/241535.jpg?fit=1200%2C1200&ssl=1&resize=525%2C300 1.5x, https:\/\/i0.wp.com\/pohjanmaantehtaanmyymala.fi\/wp-content\/uploads\/2021\/04\/241535.jpg?fit=1200%2C1200&ssl=1&resize=700%2C400 2x, https:\/\/i0.wp.com\/pohjanmaantehtaanmyymala.fi\/wp-content\/uploads\/2021\/04\/241535.jpg?fit=1200%2C1200&ssl=1&resize=1050%2C600 3x"},"classes":[]},{"id":22960,"url":"https:\/\/pohjanmaantehtaanmyymala.fi\/sv\/tuote\/4living-riipputuoli-rottinkia-3-eri-varia\/","url_meta":{"origin":17090,"position":2},"title":"Jakarta riipputuoli rottinkia, 3 eri v\u00e4ri\u00e4","author":"Sami Viitala","date":"maj 11, 2023","format":false,"excerpt":"Kaunis 4Living -riipputuoli kiinnitysk\u00f6ydell\u00e4. Valitse v\u00e4ri alta!","rel":"","context":"Liknande produkt","block_context":{"text":"Liknande produkt","link":""},"img":{"alt_text":"Jakarta riipputuoli luonnonv\u00e4ri aisemataustalla","src":"https:\/\/i0.wp.com\/pohjanmaantehtaanmyymala.fi\/wp-content\/uploads\/2023\/05\/Jakata-riipputuoli-lv-602890.jpg?fit=960%2C960&ssl=1&resize=350%2C200","width":350,"height":200,"srcset":"https:\/\/i0.wp.com\/pohjanmaantehtaanmyymala.fi\/wp-content\/uploads\/2023\/05\/Jakata-riipputuoli-lv-602890.jpg?fit=960%2C960&ssl=1&resize=350%2C200 1x, https:\/\/i0.wp.com\/pohjanmaantehtaanmyymala.fi\/wp-content\/uploads\/2023\/05\/Jakata-riipputuoli-lv-602890.jpg?fit=960%2C960&ssl=1&resize=525%2C300 1.5x, https:\/\/i0.wp.com\/pohjanmaantehtaanmyymala.fi\/wp-content\/uploads\/2023\/05\/Jakata-riipputuoli-lv-602890.jpg?fit=960%2C960&ssl=1&resize=700%2C400 2x"},"classes":[]},{"id":11682,"url":"https:\/\/pohjanmaantehtaanmyymala.fi\/sv\/tuote\/mongo-riippukeinu-jalustalla-eri-vareja\/","url_meta":{"origin":17090,"position":3},"title":"Mango-riippukeinu jalustalla, harmaa","author":"Sami Viitala","date":"april 22, 2020","format":false,"excerpt":"Tukeva riipputuoli parvekkeelle tai puutarhaan.","rel":"","context":"Liknande produkt","block_context":{"text":"Liknande produkt","link":""},"img":{"alt_text":"Mango riippukeinu harmaa","src":"https:\/\/i0.wp.com\/pohjanmaantehtaanmyymala.fi\/wp-content\/uploads\/2020\/04\/Mango-keinu-harmaa.jpg?fit=1200%2C1200&ssl=1&resize=350%2C200","width":350,"height":200,"srcset":"https:\/\/i0.wp.com\/pohjanmaantehtaanmyymala.fi\/wp-content\/uploads\/2020\/04\/Mango-keinu-harmaa.jpg?fit=1200%2C1200&ssl=1&resize=350%2C200 1x, https:\/\/i0.wp.com\/pohjanmaantehtaanmyymala.fi\/wp-content\/uploads\/2020\/04\/Mango-keinu-harmaa.jpg?fit=1200%2C1200&ssl=1&resize=525%2C300 1.5x, https:\/\/i0.wp.com\/pohjanmaantehtaanmyymala.fi\/wp-content\/uploads\/2020\/04\/Mango-keinu-harmaa.jpg?fit=1200%2C1200&ssl=1&resize=700%2C400 2x, https:\/\/i0.wp.com\/pohjanmaantehtaanmyymala.fi\/wp-content\/uploads\/2020\/04\/Mango-keinu-harmaa.jpg?fit=1200%2C1200&ssl=1&resize=1050%2C600 3x"},"classes":[]},{"id":17107,"url":"https:\/\/pohjanmaantehtaanmyymala.fi\/sv\/tuote\/4living-betonijakkara-40-cm\/","url_meta":{"origin":17090,"position":4},"title":"4Living betonijakkara 40 cm","author":"Sami Viitala","date":"april 13, 2021","format":false,"excerpt":"Moderni jakkara juuttinarulla","rel":"","context":"Liknande produkt","block_context":{"text":"Liknande produkt","link":""},"img":{"alt_text":"4Living Jakkara Betoni 40 cm","src":"https:\/\/i0.wp.com\/pohjanmaantehtaanmyymala.fi\/wp-content\/uploads\/2021\/04\/Betonijakkara-603087-1.jpg?fit=1200%2C1200&ssl=1&resize=350%2C200","width":350,"height":200,"srcset":"https:\/\/i0.wp.com\/pohjanmaantehtaanmyymala.fi\/wp-content\/uploads\/2021\/04\/Betonijakkara-603087-1.jpg?fit=1200%2C1200&ssl=1&resize=350%2C200 1x, https:\/\/i0.wp.com\/pohjanmaantehtaanmyymala.fi\/wp-content\/uploads\/2021\/04\/Betonijakkara-603087-1.jpg?fit=1200%2C1200&ssl=1&resize=525%2C300 1.5x, https:\/\/i0.wp.com\/pohjanmaantehtaanmyymala.fi\/wp-content\/uploads\/2021\/04\/Betonijakkara-603087-1.jpg?fit=1200%2C1200&ssl=1&resize=700%2C400 2x, https:\/\/i0.wp.com\/pohjanmaantehtaanmyymala.fi\/wp-content\/uploads\/2021\/04\/Betonijakkara-603087-1.jpg?fit=1200%2C1200&ssl=1&resize=1050%2C600 3x"},"classes":[]},{"id":17122,"url":"https:\/\/pohjanmaantehtaanmyymala.fi\/sv\/tuote\/4living-hilda-aurinkotuoli\/","url_meta":{"origin":17090,"position":5},"title":"4Living Hilda aurinkotuoli","author":"Sami Viitala","date":"april 13, 2021","format":false,"excerpt":"Moderni mustanharmaa aurinkotuoli","rel":"","context":"Liknande produkt","block_context":{"text":"Liknande produkt","link":""},"img":{"alt_text":"4Living Hilda aurinkotuoli musta","src":"https:\/\/i0.wp.com\/pohjanmaantehtaanmyymala.fi\/wp-content\/uploads\/2021\/04\/Hilda-aurinkotuoli-603621.jpg?fit=1200%2C1200&ssl=1&resize=350%2C200","width":350,"height":200,"srcset":"https:\/\/i0.wp.com\/pohjanmaantehtaanmyymala.fi\/wp-content\/uploads\/2021\/04\/Hilda-aurinkotuoli-603621.jpg?fit=1200%2C1200&ssl=1&resize=350%2C200 1x, https:\/\/i0.wp.com\/pohjanmaantehtaanmyymala.fi\/wp-content\/uploads\/2021\/04\/Hilda-aurinkotuoli-603621.jpg?fit=1200%2C1200&ssl=1&resize=525%2C300 1.5x, https:\/\/i0.wp.com\/pohjanmaantehtaanmyymala.fi\/wp-content\/uploads\/2021\/04\/Hilda-aurinkotuoli-603621.jpg?fit=1200%2C1200&ssl=1&resize=700%2C400 2x, https:\/\/i0.wp.com\/pohjanmaantehtaanmyymala.fi\/wp-content\/uploads\/2021\/04\/Hilda-aurinkotuoli-603621.jpg?fit=1200%2C1200&ssl=1&resize=1050%2C600 3x"},"classes":[]}],"_links":{"self":[{"href":"https:\/\/pohjanmaantehtaanmyymala.fi\/sv\/wp-json\/wp\/v2\/product\/17090","targetHints":{"allow":["GET"]}}],"collection":[{"href":"https:\/\/pohjanmaantehtaanmyymala.fi\/sv\/wp-json\/wp\/v2\/product"}],"about":[{"href":"https:\/\/pohjanmaantehtaanmyymala.fi\/sv\/wp-json\/wp\/v2\/types\/product"}],"replies":[{"embeddable":true,"href":"https:\/\/pohjanmaantehtaanmyymala.fi\/sv\/wp-json\/wp\/v2\/comments?post=17090"}],"wp:featuredmedia":[{"embeddable":true,"href":"https:\/\/pohjanmaantehtaanmyymala.fi\/sv\/wp-json\/wp\/v2\/media\/17091"}],"wp:attachment":[{"href":"https:\/\/pohjanmaantehtaanmyymala.fi\/sv\/wp-json\/wp\/v2\/media?parent=17090"}],"wp:term":[{"taxonomy":"product_brand","embeddable":true,"href":"https:\/\/pohjanmaantehtaanmyymala.fi\/sv\/wp-json\/wp\/v2\/product_brand?post=17090"},{"taxonomy":"product_cat","embeddable":true,"href":"https:\/\/pohjanmaantehtaanmyymala.fi\/sv\/wp-json\/wp\/v2\/product_cat?post=17090"},{"taxonomy":"product_tag","embeddable":true,"href":"https:\/\/pohjanmaantehtaanmyymala.fi\/sv\/wp-json\/wp\/v2\/product_tag?post=17090"}],"curies":[{"name":"wp","href":"https:\/\/api.w.org\/{rel}","templated":true}]}}