{"id":17073,"date":"2021-04-12T19:56:53","date_gmt":"2021-04-12T17:56:53","guid":{"rendered":"https:\/\/pohjanmaantehtaanmyymala.fi\/?post_type=product&#038;p=17073"},"modified":"2026-05-04T14:14:11","modified_gmt":"2026-05-04T12:14:11","slug":"ecofurn-lilli-poyta-rahi-lehtikuusi","status":"publish","type":"product","link":"https:\/\/pohjanmaantehtaanmyymala.fi\/sv\/tuote\/ecofurn-lilli-poyta-rahi-lehtikuusi\/","title":{"rendered":"Ecofurn Lilli p\u00f6yt\u00e4-rahi, lehtikuusi"},"content":{"rendered":"<div class=\"std descr1\"><strong>Lehtikuusi on loppu, eik\u00e4 ole tietoa koska saa lis\u00e4\u00e4!<\/strong><\/div>\n<div><\/div>\n<div class=\"std descr1\">Tyylik\u00e4s ja k\u00e4yt\u00e4nn\u00f6llinen Ecofurn Lilli-rahi, joka k\u00e4y my\u00f6s p\u00f6yd\u00e4st\u00e4 mm. Ekotuolien kanssa. EcoFurnin p\u00f6yt\u00e4-rahi on valmistettu lehtikuusen puurimoista, jotka on sidottu yhteen hamppuk\u00f6ytt\u00e4 k\u00e4ytt\u00e4en. Saarin luontaiset ominaisuudet tekev\u00e4t p\u00f6yt\u00e4-rahista hyvin k\u00e4ytt\u00f6\u00e4 kest\u00e4v\u00e4n. Lehtikuusen luontaiset ominaisuudet tekev\u00e4t tuolista hyvin k\u00e4ytt\u00f6\u00e4 kest\u00e4v\u00e4n. Lehtikuusesta valmistettu ekotuoli sopiikin my\u00f6s mainiosti kest\u00e4vyytt\u00e4 vaativiin tiloihin. Ecofurnin ajaton nojatuoli sopii monenlaiseen sisustukseen kotiin, terassille, parvekkeelle ja muihin ulko- ja sis\u00e4tiloihin. Lehtikuusi on mainio valinta, kun ekotuolia pidet\u00e4\u00e4n ulkona taivasalla. Lehtikuusi patinoituu vanhetessaan kauniin harmaaksi.<\/div>\n<div><\/div>\n<div>Lehtikuusesta valmistettu Lilli-rahi suositellaan joko k\u00e4ytett\u00e4v\u00e4ksi ilman \u00f6ljy\u00e4mist\u00e4. Toki sen voi k\u00e4sitell\u00e4 my\u00f6s puu\u00f6ljyll\u00e4.<\/div>\n<div class=\"std descr1\">\n<p>P\u00f6yt\u00e4-rahin saa taitettua kasaan s\u00e4ilytyst\u00e4 varten.<\/p>\n<p>Toimitamme my\u00f6s edullisesti Ecotuolit ja rahit k\u00e4tev\u00e4sti kotiovellesi tai l\u00e4himm\u00e4lle Matkahuoltopisteelle. Kysy lis\u00e4tietoa <a href=\"https:\/\/pohjanmaantehtaanmyymala.fi\/yhteys\/\">myynist\u00e4mme.<\/a><\/p>\n<p>Tuotteet ovat 100 %:sti kierr\u00e4tett\u00e4vi\u00e4, eik\u00e4 niist\u00e4 j\u00e4\u00e4 mit\u00e4\u00e4n j\u00e4tett\u00e4 luontoa pilaamaan. EcoFurn -tuotteet tehd\u00e4\u00e4n vain pohjoismaisesta FSC-sertifikoidusta massiivipuusta.<\/p>\n<\/div>\n<h3>Tuotetiedot:<\/h3>\n<p>Materiaalit: Lehtikuusi ja Hamppunaru<br \/>\nV\u00e4rivaihtoehdot:\u00a0 k\u00e4sittelem\u00e4t\u00f6n<br \/>\nLeveys: 35 cm, Korkeus 45 cm ja syvyys 40 cm<br \/>\nPainorajoitus noin 120-150 kg<br \/>\nToimitetaan osina kierr\u00e4tett\u00e4v\u00e4ss\u00e4 k\u00e4tev\u00e4ss\u00e4 kartonkilaatikossa, jonka koko on\u00a0<span dir=\"ltr\">54 \u00d7 50 \u00d7 12 cm cm<\/span> ja paina n. 4 kg.<\/p>\n<p>Kasausohjevideon voit katsoa t\u00e4\u00e4lt\u00e4; <a href=\"https:\/\/www.youtube.com\/watch?v=-vGQAETnuG4\">Lilli Assembly<\/a><\/p>\n","protected":false},"excerpt":{"rendered":"<p>Osta aito ja kest\u00e4v\u00e4 siperianlehtikuusesta valmistettu Ecorahi.<\/p>\n","protected":false},"featured_media":17077,"comment_status":"closed","ping_status":"closed","template":"","meta":{"_acf_changed":false,"jetpack_post_was_ever_published":false,"jetpack_publicize_message":"","jetpack_publicize_feature_enabled":true,"jetpack_social_post_already_shared":true,"jetpack_social_options":{"image_generator_settings":{"template":"highway","default_image_id":0,"font":"","enabled":false},"version":2}},"product_brand":[300],"product_cat":[200],"product_tag":[],"class_list":{"0":"post-17073","1":"product","2":"type-product","3":"status-publish","4":"has-post-thumbnail","6":"product_brand-ecofurn","7":"product_cat-kesakalusteet","9":"first","10":"outofstock","11":"shipping-taxable","12":"purchasable","13":"product-type-simple"},"acf":[],"jetpack_publicize_connections":[],"jetpack_sharing_enabled":true,"jetpack-related-posts":[],"_links":{"self":[{"href":"https:\/\/pohjanmaantehtaanmyymala.fi\/sv\/wp-json\/wp\/v2\/product\/17073","targetHints":{"allow":["GET"]}}],"collection":[{"href":"https:\/\/pohjanmaantehtaanmyymala.fi\/sv\/wp-json\/wp\/v2\/product"}],"about":[{"href":"https:\/\/pohjanmaantehtaanmyymala.fi\/sv\/wp-json\/wp\/v2\/types\/product"}],"replies":[{"embeddable":true,"href":"https:\/\/pohjanmaantehtaanmyymala.fi\/sv\/wp-json\/wp\/v2\/comments?post=17073"}],"wp:featuredmedia":[{"embeddable":true,"href":"https:\/\/pohjanmaantehtaanmyymala.fi\/sv\/wp-json\/wp\/v2\/media\/17077"}],"wp:attachment":[{"href":"https:\/\/pohjanmaantehtaanmyymala.fi\/sv\/wp-json\/wp\/v2\/media?parent=17073"}],"wp:term":[{"taxonomy":"product_brand","embeddable":true,"href":"https:\/\/pohjanmaantehtaanmyymala.fi\/sv\/wp-json\/wp\/v2\/product_brand?post=17073"},{"taxonomy":"product_cat","embeddable":true,"href":"https:\/\/pohjanmaantehtaanmyymala.fi\/sv\/wp-json\/wp\/v2\/product_cat?post=17073"},{"taxonomy":"product_tag","embeddable":true,"href":"https:\/\/pohjanmaantehtaanmyymala.fi\/sv\/wp-json\/wp\/v2\/product_tag?post=17073"}],"curies":[{"name":"wp","href":"https:\/\/api.w.org\/{rel}","templated":true}]}}