{"id":16932,"date":"2021-04-08T22:20:53","date_gmt":"2021-04-08T20:20:53","guid":{"rendered":"https:\/\/pohjanmaantehtaanmyymala.fi\/?post_type=product&#038;p=16932"},"modified":"2025-05-31T12:42:41","modified_gmt":"2025-05-31T10:42:41","slug":"ecofurn-ekotuoli-manty","status":"publish","type":"product","link":"https:\/\/pohjanmaantehtaanmyymala.fi\/sv\/tuote\/ecofurn-ekotuoli-manty\/","title":{"rendered":"Ecofurn Ekotuoli, m\u00e4nty"},"content":{"rendered":"<div class=\"std descr1\">Ajaton ja tyylik\u00e4s Ecofurn ekotuoli. EcoFurnin tuoli on valmistettu m\u00e4ntyisist\u00e4 puurimoista, jotka on sidottu yhteen hamppuk\u00f6ytt\u00e4 k\u00e4ytt\u00e4en. Ecofurnin ajaton nojatuoli sopii monenlaiseen sisustukseen terassille, parvekkeelle ja muihin ulko- ja sis\u00e4tiloihin.<\/div>\n<div class=\"std descr1\">\n<p>Ekotuoli on laadukas ja sen saa taitettua kasaan s\u00e4ilytyst\u00e4 varten. <a href=\"https:\/\/pohjanmaantehtaanmyymala.fi\/tuote\/ecofurn-ekotuolin-niskatyyny\/\">Niskatyyny<\/a> on lis\u00e4hinnallinen ja myyd\u00e4\u00e4n erikseen.<\/p>\n<p>Toimitamme my\u00f6s edullisesti Ecotuolit k\u00e4tev\u00e4sti kotiovellesi tai l\u00e4himm\u00e4lle Matkahuoltopisteelle. Kysy lis\u00e4tietoa <a href=\"https:\/\/pohjanmaantehtaanmyymala.fi\/yhteys\/\">myynist\u00e4mme.<\/a><\/p>\n<p>Tuotteet ovat 100 %:sti kierr\u00e4tett\u00e4vi\u00e4, eik\u00e4 niist\u00e4 j\u00e4\u00e4 mit\u00e4\u00e4n j\u00e4tett\u00e4 luontoa pilaamaan. EcoFurn -tuotteet tehd\u00e4\u00e4n vain pohjoismaisesta FSC-sertifikoidusta massiivipuusta.<\/p>\n<\/div>\n<h3>Tuotetiedot:<\/h3>\n<p>Materiaalit: M\u00e4nty ja Hamppunaru<br \/>\nV\u00e4rivaihtoehdot:\u00a0 harmaa, kuultovalkoinen, musta ja ruskea,<br \/>\nLeveys: 64 cm, Korkeus 102 cm ja syvyys 90 cm<br \/>\nIstuinkorkeus noin 34 cm. (istuimen pohjasta) etuosasta 39 cm.Niskatyyny myyd\u00e4\u00e4n erikseen<br \/>\nPainorajoitus noin 120-150 kg<br \/>\nToimitetaan osina kierr\u00e4tett\u00e4v\u00e4ss\u00e4 k\u00e4tev\u00e4ss\u00e4 kartonkilaatikossa, jonka koko on 1<span dir=\"ltr\">4x15x127 cm<\/span> ja paina n. 13 kg.<\/p>\n<p>Kasausohjevideon voit katsoa t\u00e4\u00e4lt\u00e4; <a href=\"https:\/\/www.youtube.com\/watch?v=f02N9H2rxXw\">EcoChair Assembly<\/a><\/p>\n","protected":false},"excerpt":{"rendered":"<p>Osta aito ja alkuper\u00e4inen m\u00e4ntyinen Ecotuoli. Valitse v\u00e4ri!<\/p>\n","protected":false},"featured_media":16937,"comment_status":"closed","ping_status":"closed","template":"","meta":{"_acf_changed":false,"jetpack_post_was_ever_published":false,"jetpack_publicize_message":"","jetpack_publicize_feature_enabled":true,"jetpack_social_post_already_shared":true,"jetpack_social_options":{"image_generator_settings":{"template":"highway","default_image_id":0,"font":"","enabled":false},"version":2}},"product_brand":[300],"product_cat":[200],"product_tag":[],"class_list":{"0":"post-16932","1":"product","2":"type-product","3":"status-publish","4":"has-post-thumbnail","6":"product_brand-ecofurn","7":"product_cat-kesakalusteet","8":"pa_vari-harmaa","9":"pa_vari-kuultovalkoinen","10":"pa_vari-musta","11":"pa_vari-ruskea","13":"first","14":"instock","15":"sale","16":"shipping-taxable","17":"purchasable","18":"product-type-variable","19":"has-default-attributes"},"acf":[],"jetpack_publicize_connections":[],"jetpack_sharing_enabled":true,"jetpack-related-posts":[{"id":17353,"url":"https:\/\/pohjanmaantehtaanmyymala.fi\/sv\/tuote\/ecofurn-ekotuoli-ja-poyta-harmaa\/","url_meta":{"origin":16932,"position":0},"title":"Ecofurn Ekotuoli ja Lilli-p\u00f6yt\u00e4, harmaa","author":"Sami Viitala","date":"maj 6, 2021","format":false,"excerpt":"Osta aito ja alkuper\u00e4inen m\u00e4ntyinen Ekotuoli ja Lilli-p\u00f6yt\u00e4. Ecofurn.","rel":"","context":"Liknande produkt","block_context":{"text":"Liknande produkt","link":""},"img":{"alt_text":"Ecofurn ekotuoli niskatuella ja p\u00f6yt\u00e4 harmaa","src":"https:\/\/i0.wp.com\/pohjanmaantehtaanmyymala.fi\/wp-content\/uploads\/2021\/05\/Ekotuolisetti-tuoli-poyta-harmaa.jpg?fit=1200%2C1200&ssl=1&resize=350%2C200","width":350,"height":200,"srcset":"https:\/\/i0.wp.com\/pohjanmaantehtaanmyymala.fi\/wp-content\/uploads\/2021\/05\/Ekotuolisetti-tuoli-poyta-harmaa.jpg?fit=1200%2C1200&ssl=1&resize=350%2C200 1x, https:\/\/i0.wp.com\/pohjanmaantehtaanmyymala.fi\/wp-content\/uploads\/2021\/05\/Ekotuolisetti-tuoli-poyta-harmaa.jpg?fit=1200%2C1200&ssl=1&resize=525%2C300 1.5x, https:\/\/i0.wp.com\/pohjanmaantehtaanmyymala.fi\/wp-content\/uploads\/2021\/05\/Ekotuolisetti-tuoli-poyta-harmaa.jpg?fit=1200%2C1200&ssl=1&resize=700%2C400 2x, https:\/\/i0.wp.com\/pohjanmaantehtaanmyymala.fi\/wp-content\/uploads\/2021\/05\/Ekotuolisetti-tuoli-poyta-harmaa.jpg?fit=1200%2C1200&ssl=1&resize=1050%2C600 3x"},"classes":[]},{"id":16954,"url":"https:\/\/pohjanmaantehtaanmyymala.fi\/sv\/tuote\/ecofurn-ekotuoli-saarni\/","url_meta":{"origin":16932,"position":1},"title":"Ecofurn Ekotuoli, saarni","author":"Sami Viitala","date":"april 9, 2021","format":false,"excerpt":"Osta aito ja alkuper\u00e4inen jalopuinen Ecotuoli. Valitse v\u00e4ri!","rel":"","context":"Liknande produkt","block_context":{"text":"Liknande produkt","link":""},"img":{"alt_text":"Ecofurn Ecochair ekotuoli harmaa saarni","src":"https:\/\/i0.wp.com\/pohjanmaantehtaanmyymala.fi\/wp-content\/uploads\/2021\/04\/90276_EcoChair_ash_grey.jpg?fit=1200%2C1200&ssl=1&resize=350%2C200","width":350,"height":200,"srcset":"https:\/\/i0.wp.com\/pohjanmaantehtaanmyymala.fi\/wp-content\/uploads\/2021\/04\/90276_EcoChair_ash_grey.jpg?fit=1200%2C1200&ssl=1&resize=350%2C200 1x, https:\/\/i0.wp.com\/pohjanmaantehtaanmyymala.fi\/wp-content\/uploads\/2021\/04\/90276_EcoChair_ash_grey.jpg?fit=1200%2C1200&ssl=1&resize=525%2C300 1.5x, https:\/\/i0.wp.com\/pohjanmaantehtaanmyymala.fi\/wp-content\/uploads\/2021\/04\/90276_EcoChair_ash_grey.jpg?fit=1200%2C1200&ssl=1&resize=700%2C400 2x, https:\/\/i0.wp.com\/pohjanmaantehtaanmyymala.fi\/wp-content\/uploads\/2021\/04\/90276_EcoChair_ash_grey.jpg?fit=1200%2C1200&ssl=1&resize=1050%2C600 3x"},"classes":[]},{"id":16906,"url":"https:\/\/pohjanmaantehtaanmyymala.fi\/sv\/tuote\/ecofurn-ekotuoli-tervaleppa\/","url_meta":{"origin":16932,"position":2},"title":"Ecofurn Ekotuoli, tervalepp\u00e4","author":"Sami Viitala","date":"april 8, 2021","format":false,"excerpt":"Laadukas, aito ja alkuper\u00e4inen Ecotuoli. Valitse v\u00e4ri!","rel":"","context":"Liknande produkt","block_context":{"text":"Liknande produkt","link":""},"img":{"alt_text":"Ecofurn Ecochair ekotuoli \u00f6ljytty tervalepp\u00e4","src":"https:\/\/i0.wp.com\/pohjanmaantehtaanmyymala.fi\/wp-content\/uploads\/2021\/04\/90054_EcoChair_alder_oiled.jpg?fit=1200%2C1200&ssl=1&resize=350%2C200","width":350,"height":200,"srcset":"https:\/\/i0.wp.com\/pohjanmaantehtaanmyymala.fi\/wp-content\/uploads\/2021\/04\/90054_EcoChair_alder_oiled.jpg?fit=1200%2C1200&ssl=1&resize=350%2C200 1x, https:\/\/i0.wp.com\/pohjanmaantehtaanmyymala.fi\/wp-content\/uploads\/2021\/04\/90054_EcoChair_alder_oiled.jpg?fit=1200%2C1200&ssl=1&resize=525%2C300 1.5x, https:\/\/i0.wp.com\/pohjanmaantehtaanmyymala.fi\/wp-content\/uploads\/2021\/04\/90054_EcoChair_alder_oiled.jpg?fit=1200%2C1200&ssl=1&resize=700%2C400 2x, https:\/\/i0.wp.com\/pohjanmaantehtaanmyymala.fi\/wp-content\/uploads\/2021\/04\/90054_EcoChair_alder_oiled.jpg?fit=1200%2C1200&ssl=1&resize=1050%2C600 3x"},"classes":[]},{"id":16986,"url":"https:\/\/pohjanmaantehtaanmyymala.fi\/sv\/tuote\/ecofurn-ekotuoli-lehtikuusi\/","url_meta":{"origin":16932,"position":3},"title":"Ecofurn Ekotuoli, lehtikuusi","author":"Sami Viitala","date":"april 9, 2021","format":false,"excerpt":"S\u00e4\u00e4t\u00e4 hyvin kest\u00e4v\u00e4 Ekotuoli.","rel":"","context":"Liknande produkt","block_context":{"text":"Liknande produkt","link":""},"img":{"alt_text":"Ecofurn Ecochair ekotuoli lehtikuusi","src":"https:\/\/i0.wp.com\/pohjanmaantehtaanmyymala.fi\/wp-content\/uploads\/2021\/04\/90092_EcoChair_larch.jpg?fit=1200%2C1200&ssl=1&resize=350%2C200","width":350,"height":200,"srcset":"https:\/\/i0.wp.com\/pohjanmaantehtaanmyymala.fi\/wp-content\/uploads\/2021\/04\/90092_EcoChair_larch.jpg?fit=1200%2C1200&ssl=1&resize=350%2C200 1x, https:\/\/i0.wp.com\/pohjanmaantehtaanmyymala.fi\/wp-content\/uploads\/2021\/04\/90092_EcoChair_larch.jpg?fit=1200%2C1200&ssl=1&resize=525%2C300 1.5x, https:\/\/i0.wp.com\/pohjanmaantehtaanmyymala.fi\/wp-content\/uploads\/2021\/04\/90092_EcoChair_larch.jpg?fit=1200%2C1200&ssl=1&resize=700%2C400 2x, https:\/\/i0.wp.com\/pohjanmaantehtaanmyymala.fi\/wp-content\/uploads\/2021\/04\/90092_EcoChair_larch.jpg?fit=1200%2C1200&ssl=1&resize=1050%2C600 3x"},"classes":[]},{"id":17007,"url":"https:\/\/pohjanmaantehtaanmyymala.fi\/sv\/tuote\/ecofurn-lilli-poyta-rahi-manty\/","url_meta":{"origin":16932,"position":4},"title":"Ecofurn Lilli p\u00f6yt\u00e4-rahi, m\u00e4nty","author":"Sami Viitala","date":"april 10, 2021","format":false,"excerpt":"Osta aito ja alkuper\u00e4inen m\u00e4ntyinen Ekop\u00f6yt\u00e4 meilt\u00e4! Valitse v\u00e4ri!","rel":"","context":"Liknande produkt","block_context":{"text":"Liknande produkt","link":""},"img":{"alt_text":"EcoFurn Lilli p\u00f6yt\u00e4-rahi valkoinen m\u00e4nty","src":"https:\/\/i0.wp.com\/pohjanmaantehtaanmyymala.fi\/wp-content\/uploads\/2021\/04\/Lilli90580-valkoinen-manty.jpg?fit=1200%2C1200&ssl=1&resize=350%2C200","width":350,"height":200,"srcset":"https:\/\/i0.wp.com\/pohjanmaantehtaanmyymala.fi\/wp-content\/uploads\/2021\/04\/Lilli90580-valkoinen-manty.jpg?fit=1200%2C1200&ssl=1&resize=350%2C200 1x, https:\/\/i0.wp.com\/pohjanmaantehtaanmyymala.fi\/wp-content\/uploads\/2021\/04\/Lilli90580-valkoinen-manty.jpg?fit=1200%2C1200&ssl=1&resize=525%2C300 1.5x, https:\/\/i0.wp.com\/pohjanmaantehtaanmyymala.fi\/wp-content\/uploads\/2021\/04\/Lilli90580-valkoinen-manty.jpg?fit=1200%2C1200&ssl=1&resize=700%2C400 2x, https:\/\/i0.wp.com\/pohjanmaantehtaanmyymala.fi\/wp-content\/uploads\/2021\/04\/Lilli90580-valkoinen-manty.jpg?fit=1200%2C1200&ssl=1&resize=1050%2C600 3x"},"classes":[]},{"id":17073,"url":"https:\/\/pohjanmaantehtaanmyymala.fi\/sv\/tuote\/ecofurn-lilli-poyta-rahi-lehtikuusi\/","url_meta":{"origin":16932,"position":5},"title":"Ecofurn Lilli p\u00f6yt\u00e4-rahi, lehtikuusi","author":"Sami Viitala","date":"april 12, 2021","format":false,"excerpt":"Osta aito ja kest\u00e4v\u00e4 siperianlehtikuusesta valmistettu Ecorahi.","rel":"","context":"Liknande produkt","block_context":{"text":"Liknande produkt","link":""},"img":{"alt_text":"EcoFurn Lilli p\u00f6yt\u00e4-rahi lehtikuusi","src":"https:\/\/i0.wp.com\/pohjanmaantehtaanmyymala.fi\/wp-content\/uploads\/2021\/04\/Lilli90511-lehtikuusi.jpg?fit=1200%2C1200&ssl=1&resize=350%2C200","width":350,"height":200,"srcset":"https:\/\/i0.wp.com\/pohjanmaantehtaanmyymala.fi\/wp-content\/uploads\/2021\/04\/Lilli90511-lehtikuusi.jpg?fit=1200%2C1200&ssl=1&resize=350%2C200 1x, https:\/\/i0.wp.com\/pohjanmaantehtaanmyymala.fi\/wp-content\/uploads\/2021\/04\/Lilli90511-lehtikuusi.jpg?fit=1200%2C1200&ssl=1&resize=525%2C300 1.5x, https:\/\/i0.wp.com\/pohjanmaantehtaanmyymala.fi\/wp-content\/uploads\/2021\/04\/Lilli90511-lehtikuusi.jpg?fit=1200%2C1200&ssl=1&resize=700%2C400 2x, https:\/\/i0.wp.com\/pohjanmaantehtaanmyymala.fi\/wp-content\/uploads\/2021\/04\/Lilli90511-lehtikuusi.jpg?fit=1200%2C1200&ssl=1&resize=1050%2C600 3x"},"classes":[]}],"_links":{"self":[{"href":"https:\/\/pohjanmaantehtaanmyymala.fi\/sv\/wp-json\/wp\/v2\/product\/16932","targetHints":{"allow":["GET"]}}],"collection":[{"href":"https:\/\/pohjanmaantehtaanmyymala.fi\/sv\/wp-json\/wp\/v2\/product"}],"about":[{"href":"https:\/\/pohjanmaantehtaanmyymala.fi\/sv\/wp-json\/wp\/v2\/types\/product"}],"replies":[{"embeddable":true,"href":"https:\/\/pohjanmaantehtaanmyymala.fi\/sv\/wp-json\/wp\/v2\/comments?post=16932"}],"wp:featuredmedia":[{"embeddable":true,"href":"https:\/\/pohjanmaantehtaanmyymala.fi\/sv\/wp-json\/wp\/v2\/media\/16937"}],"wp:attachment":[{"href":"https:\/\/pohjanmaantehtaanmyymala.fi\/sv\/wp-json\/wp\/v2\/media?parent=16932"}],"wp:term":[{"taxonomy":"product_brand","embeddable":true,"href":"https:\/\/pohjanmaantehtaanmyymala.fi\/sv\/wp-json\/wp\/v2\/product_brand?post=16932"},{"taxonomy":"product_cat","embeddable":true,"href":"https:\/\/pohjanmaantehtaanmyymala.fi\/sv\/wp-json\/wp\/v2\/product_cat?post=16932"},{"taxonomy":"product_tag","embeddable":true,"href":"https:\/\/pohjanmaantehtaanmyymala.fi\/sv\/wp-json\/wp\/v2\/product_tag?post=16932"}],"curies":[{"name":"wp","href":"https:\/\/api.w.org\/{rel}","templated":true}]}}