{"id":16663,"date":"2021-02-23T17:05:22","date_gmt":"2021-02-23T15:05:22","guid":{"rendered":"https:\/\/pohjanmaantehtaanmyymala.fi\/?post_type=product&#038;p=16663"},"modified":"2022-06-01T20:38:09","modified_gmt":"2022-06-01T18:38:09","slug":"ergo-laatikosto-pyorilla-valkoinen","status":"publish","type":"product","link":"https:\/\/pohjanmaantehtaanmyymala.fi\/sv\/tuote\/ergo-laatikosto-pyorilla-valkoinen\/","title":{"rendered":"Ergo \u2013laatikosto py\u00f6rill\u00e4, valkoinen"},"content":{"rendered":"<p>T\u00e4st\u00e4 tyylik\u00e4s kotimainen Hiipakka Ergo-lipasto kotikonttoriin. Lipastossa on kolme tilavaa push to open -laatikkoa sek\u00e4 liikuttelua helpottavat lukittavat py\u00f6r\u00e4t. Tuote on valmistettu helppohoitoisesta MCF-kalustelevyst\u00e4.<\/p>\n<p>Tuote k\u00e4y yhteen esimerkiksi Ergo -s\u00e4\u00e4dett\u00e4vien ty\u00f6p\u00f6ytien kanssa.<\/p>\n<p>Toimitusaika noin 1-2 viikkoa.<\/p>\n<p>Tuote toimitetaan osina ja se on pakattu pahvipakettiin.<\/p>\n<p>&nbsp;<\/p>\n","protected":false},"excerpt":{"rendered":"<p>K\u00e4tev\u00e4 liikuteltava lipasto, jossa on lukittavat py\u00f6r\u00e4t.<\/p>\n","protected":false},"featured_media":16665,"comment_status":"closed","ping_status":"closed","template":"","meta":{"_acf_changed":false,"jetpack_post_was_ever_published":false,"jetpack_publicize_message":"","jetpack_publicize_feature_enabled":true,"jetpack_social_post_already_shared":true,"jetpack_social_options":{"image_generator_settings":{"template":"highway","default_image_id":0,"font":"","enabled":false},"version":2}},"product_brand":[172],"product_cat":[196,197],"product_tag":[],"class_list":{"0":"post-16663","1":"product","2":"type-product","3":"status-publish","4":"has-post-thumbnail","6":"product_brand-hiipakka","7":"product_cat-sailytyskalusteet-ja-tv-tasot","8":"product_cat-toimistokalusteet","9":"product_shipping_class-161","11":"first","12":"instock","13":"sale","14":"purchasable","15":"product-type-simple"},"acf":[],"jetpack_publicize_connections":[],"jetpack_sharing_enabled":true,"jetpack-related-posts":[{"id":25832,"url":"https:\/\/pohjanmaantehtaanmyymala.fi\/sv\/tuote\/economy-laatikosto-3-laatikkoa\/","url_meta":{"origin":16663,"position":0},"title":"Economy-laatikosto 3-laatikkoa","author":"Miro Nevala","date":"november 18, 2024","format":false,"excerpt":"K\u00e4tev\u00e4 ja monipuolinen lukittava ja py\u00f6rill\u00e4 liikuteltava laatikosto!","rel":"","context":"Liknande produkt","block_context":{"text":"Liknande produkt","link":""},"img":{"alt_text":"TopLux Economy laatikosto 3 laatikkoa valkoinen","src":"https:\/\/i0.wp.com\/pohjanmaantehtaanmyymala.fi\/wp-content\/uploads\/2024\/02\/econ-vmp3D-white-JPG.jpg?fit=960%2C960&ssl=1&resize=350%2C200","width":350,"height":200,"srcset":"https:\/\/i0.wp.com\/pohjanmaantehtaanmyymala.fi\/wp-content\/uploads\/2024\/02\/econ-vmp3D-white-JPG.jpg?fit=960%2C960&ssl=1&resize=350%2C200 1x, https:\/\/i0.wp.com\/pohjanmaantehtaanmyymala.fi\/wp-content\/uploads\/2024\/02\/econ-vmp3D-white-JPG.jpg?fit=960%2C960&ssl=1&resize=525%2C300 1.5x, https:\/\/i0.wp.com\/pohjanmaantehtaanmyymala.fi\/wp-content\/uploads\/2024\/02\/econ-vmp3D-white-JPG.jpg?fit=960%2C960&ssl=1&resize=700%2C400 2x"},"classes":[]},{"id":25836,"url":"https:\/\/pohjanmaantehtaanmyymala.fi\/sv\/tuote\/economy-laatikosto-4-laatikkoa-valkoinen\/","url_meta":{"origin":16663,"position":1},"title":"Economy-laatikosto 4-laatikkoa valkoinen","author":"Miro Nevala","date":"februari 21, 2024","format":false,"excerpt":"K\u00e4tev\u00e4 ja monipuolinen lukittava ja py\u00f6rill\u00e4 liikuteltava laatikosto!","rel":"","context":"Liknande produkt","block_context":{"text":"Liknande produkt","link":""},"img":{"alt_text":"TopLux Economy laatikosto 4 laatikkoa valkoinen","src":"https:\/\/i0.wp.com\/pohjanmaantehtaanmyymala.fi\/wp-content\/uploads\/2024\/02\/laatikosto-B-valkoinen-JPG.jpg?fit=960%2C960&ssl=1&resize=350%2C200","width":350,"height":200,"srcset":"https:\/\/i0.wp.com\/pohjanmaantehtaanmyymala.fi\/wp-content\/uploads\/2024\/02\/laatikosto-B-valkoinen-JPG.jpg?fit=960%2C960&ssl=1&resize=350%2C200 1x, https:\/\/i0.wp.com\/pohjanmaantehtaanmyymala.fi\/wp-content\/uploads\/2024\/02\/laatikosto-B-valkoinen-JPG.jpg?fit=960%2C960&ssl=1&resize=525%2C300 1.5x, https:\/\/i0.wp.com\/pohjanmaantehtaanmyymala.fi\/wp-content\/uploads\/2024\/02\/laatikosto-B-valkoinen-JPG.jpg?fit=960%2C960&ssl=1&resize=700%2C400 2x"},"classes":[]},{"id":25883,"url":"https:\/\/pohjanmaantehtaanmyymala.fi\/sv\/tuote\/trillo-21st-tyotuoli\/","url_meta":{"origin":16663,"position":2},"title":"Trillo 21ST-ty\u00f6tuoli","author":"Miro Nevala","date":"oktober 2, 2024","format":false,"excerpt":"Tyylik\u00e4s ty\u00f6tuoli, varustettuna hienostuneella keinumekanismilla.","rel":"","context":"Liknande produkt","block_context":{"text":"Liknande produkt","link":""},"img":{"alt_text":"Trillo 21ST ty\u00f6tuoli edest\u00e4","src":"https:\/\/i0.wp.com\/pohjanmaantehtaanmyymala.fi\/wp-content\/uploads\/2024\/02\/Trillo21ST-1-960dpi.jpg?fit=960%2C960&ssl=1&resize=350%2C200","width":350,"height":200,"srcset":"https:\/\/i0.wp.com\/pohjanmaantehtaanmyymala.fi\/wp-content\/uploads\/2024\/02\/Trillo21ST-1-960dpi.jpg?fit=960%2C960&ssl=1&resize=350%2C200 1x, https:\/\/i0.wp.com\/pohjanmaantehtaanmyymala.fi\/wp-content\/uploads\/2024\/02\/Trillo21ST-1-960dpi.jpg?fit=960%2C960&ssl=1&resize=525%2C300 1.5x, https:\/\/i0.wp.com\/pohjanmaantehtaanmyymala.fi\/wp-content\/uploads\/2024\/02\/Trillo21ST-1-960dpi.jpg?fit=960%2C960&ssl=1&resize=700%2C400 2x"},"classes":[]},{"id":10767,"url":"https:\/\/pohjanmaantehtaanmyymala.fi\/sv\/tuote\/gustav-lipasto-umpiovilla-120\/","url_meta":{"origin":16663,"position":3},"title":"GUSTAV Lipasto umpiovilla 120","author":"petri","date":"september 14, 2019","format":false,"excerpt":"Kotimainen Gustav lipasto umpiovilla sopii romanttiseen sisustukseen. Lipastossa ovat liukuovet ja laatikot, jotka pit\u00e4v\u00e4t kodin tavarat ja muut esineet katseilta suojassa, mutta helposti k\u00e4den ulottuvilla. Lipasto voidaan sijoittaa kapeallekin k\u00e4yt\u00e4v\u00e4lle, sill\u00e4 liukuovien aukeamiseen ei tarvita ylim\u00e4\u00e4r\u00e4ist\u00e4 tilaa. Lipaston runko, hyllyt ja laatikostot on valmistettu maalatusta valkoisesta mdf-levyst\u00e4. Koristelistat ovat massiivipuuta.\u2026","rel":"","context":"Liknande produkt","block_context":{"text":"Liknande produkt","link":""},"img":{"alt_text":"","src":"https:\/\/i0.wp.com\/pohjanmaantehtaanmyymala.fi\/wp-content\/uploads\/2019\/09\/Gustav_y07-0354_Lipasto.jpg?fit=960%2C960&ssl=1&resize=350%2C200","width":350,"height":200,"srcset":"https:\/\/i0.wp.com\/pohjanmaantehtaanmyymala.fi\/wp-content\/uploads\/2019\/09\/Gustav_y07-0354_Lipasto.jpg?fit=960%2C960&ssl=1&resize=350%2C200 1x, https:\/\/i0.wp.com\/pohjanmaantehtaanmyymala.fi\/wp-content\/uploads\/2019\/09\/Gustav_y07-0354_Lipasto.jpg?fit=960%2C960&ssl=1&resize=525%2C300 1.5x, https:\/\/i0.wp.com\/pohjanmaantehtaanmyymala.fi\/wp-content\/uploads\/2019\/09\/Gustav_y07-0354_Lipasto.jpg?fit=960%2C960&ssl=1&resize=700%2C400 2x"},"classes":[]},{"id":10765,"url":"https:\/\/pohjanmaantehtaanmyymala.fi\/sv\/tuote\/gustav-lipasto-lasiovilla-120\/","url_meta":{"origin":16663,"position":4},"title":"GUSTAV Lipasto lasiovilla 120","author":"petri","date":"september 14, 2019","format":false,"excerpt":"Kotimainen Gustav lipasto lasiovilla on kauniin valkoinen. Lipastossa ovat liukuovet ja kolme laatikkoa, jotka pit\u00e4v\u00e4t kodin tavarat ja muut esineet p\u00f6lylt\u00e4 suojassa, mutta helposti k\u00e4den ulottuvilla. Lipasto voidaan sijoittaa kapeallekin k\u00e4yt\u00e4v\u00e4lle, sill\u00e4 liukuovien aukeamiseen ei tarvita ylim\u00e4\u00e4r\u00e4ist\u00e4 tilaa. Lipaston runko, hyllyt ja laatikostot on valmistettu maalatusta valkoisesta mdf-levyst\u00e4. Liukuovien lasit\u2026","rel":"","context":"Liknande produkt","block_context":{"text":"Liknande produkt","link":""},"img":{"alt_text":"","src":"https:\/\/i0.wp.com\/pohjanmaantehtaanmyymala.fi\/wp-content\/uploads\/2019\/09\/Gustav_y07-0321_Lipasto.jpg?fit=960%2C960&ssl=1&resize=350%2C200","width":350,"height":200,"srcset":"https:\/\/i0.wp.com\/pohjanmaantehtaanmyymala.fi\/wp-content\/uploads\/2019\/09\/Gustav_y07-0321_Lipasto.jpg?fit=960%2C960&ssl=1&resize=350%2C200 1x, https:\/\/i0.wp.com\/pohjanmaantehtaanmyymala.fi\/wp-content\/uploads\/2019\/09\/Gustav_y07-0321_Lipasto.jpg?fit=960%2C960&ssl=1&resize=525%2C300 1.5x, https:\/\/i0.wp.com\/pohjanmaantehtaanmyymala.fi\/wp-content\/uploads\/2019\/09\/Gustav_y07-0321_Lipasto.jpg?fit=960%2C960&ssl=1&resize=700%2C400 2x"},"classes":[]},{"id":8922,"url":"https:\/\/pohjanmaantehtaanmyymala.fi\/sv\/tuote\/forte-lipasto-90cm\/","url_meta":{"origin":16663,"position":5},"title":"FORTE &#8211; lipasto (90cm)","author":"petri","date":"september 14, 2019","format":false,"excerpt":"Forte-lipastolla on Avainlippu, sill\u00e4 se valmistetaan Niemen tehtaalla Sastamalassa.","rel":"","context":"Liknande produkt","block_context":{"text":"Liknande produkt","link":""},"img":{"alt_text":"","src":"https:\/\/i0.wp.com\/pohjanmaantehtaanmyymala.fi\/wp-content\/uploads\/2019\/09\/Y07-2101-010-FORTE-Lipasto-90cm.jpg?fit=960%2C960&ssl=1&resize=350%2C200","width":350,"height":200,"srcset":"https:\/\/i0.wp.com\/pohjanmaantehtaanmyymala.fi\/wp-content\/uploads\/2019\/09\/Y07-2101-010-FORTE-Lipasto-90cm.jpg?fit=960%2C960&ssl=1&resize=350%2C200 1x, https:\/\/i0.wp.com\/pohjanmaantehtaanmyymala.fi\/wp-content\/uploads\/2019\/09\/Y07-2101-010-FORTE-Lipasto-90cm.jpg?fit=960%2C960&ssl=1&resize=525%2C300 1.5x, https:\/\/i0.wp.com\/pohjanmaantehtaanmyymala.fi\/wp-content\/uploads\/2019\/09\/Y07-2101-010-FORTE-Lipasto-90cm.jpg?fit=960%2C960&ssl=1&resize=700%2C400 2x"},"classes":[]}],"_links":{"self":[{"href":"https:\/\/pohjanmaantehtaanmyymala.fi\/sv\/wp-json\/wp\/v2\/product\/16663","targetHints":{"allow":["GET"]}}],"collection":[{"href":"https:\/\/pohjanmaantehtaanmyymala.fi\/sv\/wp-json\/wp\/v2\/product"}],"about":[{"href":"https:\/\/pohjanmaantehtaanmyymala.fi\/sv\/wp-json\/wp\/v2\/types\/product"}],"replies":[{"embeddable":true,"href":"https:\/\/pohjanmaantehtaanmyymala.fi\/sv\/wp-json\/wp\/v2\/comments?post=16663"}],"wp:featuredmedia":[{"embeddable":true,"href":"https:\/\/pohjanmaantehtaanmyymala.fi\/sv\/wp-json\/wp\/v2\/media\/16665"}],"wp:attachment":[{"href":"https:\/\/pohjanmaantehtaanmyymala.fi\/sv\/wp-json\/wp\/v2\/media?parent=16663"}],"wp:term":[{"taxonomy":"product_brand","embeddable":true,"href":"https:\/\/pohjanmaantehtaanmyymala.fi\/sv\/wp-json\/wp\/v2\/product_brand?post=16663"},{"taxonomy":"product_cat","embeddable":true,"href":"https:\/\/pohjanmaantehtaanmyymala.fi\/sv\/wp-json\/wp\/v2\/product_cat?post=16663"},{"taxonomy":"product_tag","embeddable":true,"href":"https:\/\/pohjanmaantehtaanmyymala.fi\/sv\/wp-json\/wp\/v2\/product_tag?post=16663"}],"curies":[{"name":"wp","href":"https:\/\/api.w.org\/{rel}","templated":true}]}}