{"id":16016,"date":"2020-11-27T12:30:42","date_gmt":"2020-11-27T10:30:42","guid":{"rendered":"https:\/\/pohjanmaantehtaanmyymala.fi\/?post_type=product&#038;p=16016"},"modified":"2023-09-01T13:02:34","modified_gmt":"2023-09-01T11:02:34","slug":"hotkiss-sakkituoli-250-l","status":"publish","type":"product","link":"https:\/\/pohjanmaantehtaanmyymala.fi\/sv\/tuote\/hotkiss-sakkituoli-250-l\/","title":{"rendered":"HOTKISS Mona s\u00e4kkituoli 250 l kangas"},"content":{"rendered":"<p>Kotimainen mukava Hotkiss Mona -s\u00e4kkituoli, jonka voi muokata mieleiseen istuma-asentoon. S\u00e4kkituoli on helppo pit\u00e4\u00e4 puhtaana ja se on tehty kest\u00e4m\u00e4\u00e4n ahkeraa k\u00e4ytt\u00f6\u00e4. Hotkiss s\u00e4kkituoli on my\u00f6s raikas sisuselementti. Hotkiss S\u00e4kkituoli sopii niin sis\u00e4lle kuin pihalle.<br \/>\nS\u00e4kkituolin pintamateriaali kest\u00e4v\u00e4\u00e4 ja helppohoitoista polyesteri-kangasta. S\u00e4kkituolin sis\u00e4ll\u00e4 on turvapussissa eps-styroksirouhetta. S\u00e4kkituoli ei kahise.<\/p>\n<p>Saatavilla 11 eri v\u00e4ri\u00e4: Musta, Harmaa, Valkoinen, Turkoosi, Sininen, Punainen, Oranssi, Fuksia, Lila, Lime ja Keltainen.<\/p>\n<h3>Tuotetiedot:<\/h3>\n<p>-kangas erikoisvahvaa 100 % polyesterkangasta, jonka sis\u00e4puolella PVC-pinnoite<br \/>\n-hengitt\u00e4v\u00e4\u00e4, likaa ja kosteutta hylkiv\u00e4\u00e4 materiaalia<br \/>\n-t\u00e4yte EPS-raetta<br \/>\n-s\u00e4kkituolien ja EPS -sis\u00e4rakeen materiaalit eiv\u00e4t sis\u00e4ll\u00e4 myrkyllisi\u00e4 kemikaaleja, eik\u00e4 palonestoaineita<br \/>\n-tuoli toimitetaan valmiiksi t\u00e4ytettyn\u00e4<br \/>\n-uudelleen t\u00e4ytett\u00e4v\u00e4<br \/>\n-tuolissa on suojattu t\u00e4ytt\u00f6aukko<br \/>\n-soveltuu sis\u00e4k\u00e4ytt\u00f6\u00f6n ja kevyeen ulkok\u00e4ytt\u00f6\u00f6n esim. lasitetulla parvekkeella\/terassilla<br \/>\n-kangas saattaa haalistua suorassa auringon paisteessa<br \/>\n-tuoli on kokonaan kierr\u00e4tett\u00e4viss\u00e4<br \/>\n-jokainen tuoli valmistetaan tilauksesta paikallisesti<\/p>\n<p>Kysy saatavuutta <a href=\"https:\/\/pohjanmaantehtaanmyymala.fi\/yhteys\/\">myynnist\u00e4mme!<\/a><\/p>\n","protected":false},"excerpt":{"rendered":"<p>Kotimainen mukava Hotkiss Mona -s\u00e4kkituoli, jonka voi muokata mieleiseen istuma-asentoon. S\u00e4kkituoli on helppo pit\u00e4\u00e4 puhtaana ja se on tehty kest\u00e4m\u00e4\u00e4n ahkeraa k\u00e4ytt\u00f6\u00e4. Hotkiss s\u00e4kkituoli on my\u00f6s raikas sisuselementti. Hotkiss S\u00e4kkituoli sopii niin sis\u00e4lle kuin pihalle. S\u00e4kkituolin pintamateriaali kest\u00e4v\u00e4\u00e4 ja helppohoitoista polyesteri-kangasta. S\u00e4kkituolin sis\u00e4ll\u00e4 on turvapussissa eps-styroksirouhetta. S\u00e4kkituoli ei kahise. Saatavilla 11 eri v\u00e4ri\u00e4: Musta, Harmaa, [&hellip;]<\/p>\n","protected":false},"featured_media":16017,"comment_status":"closed","ping_status":"closed","template":"","meta":{"_acf_changed":false,"jetpack_post_was_ever_published":false,"jetpack_publicize_message":"","jetpack_publicize_feature_enabled":true,"jetpack_social_post_already_shared":true,"jetpack_social_options":{"image_generator_settings":{"template":"highway","default_image_id":0,"font":"","enabled":false},"version":2}},"product_brand":[186],"product_cat":[195],"product_tag":[],"class_list":{"0":"post-16016","1":"product","2":"type-product","3":"status-publish","4":"has-post-thumbnail","6":"product_brand-omset","7":"product_cat-lepotuolit-ja-rahit","8":"product_shipping_class-161","10":"first","11":"instock","12":"sale","13":"purchasable","14":"product-type-simple"},"acf":[],"jetpack_publicize_connections":[],"jetpack_sharing_enabled":true,"jetpack-related-posts":[{"id":9394,"url":"https:\/\/pohjanmaantehtaanmyymala.fi\/sv\/tuote\/hotkiss-sakkituoli-l-malli\/","url_meta":{"origin":16016,"position":0},"title":"HOTKISS Lili s\u00e4kkituoli L-malli","author":"petri","date":"september 14, 2019","format":false,"excerpt":"Tuolimallinen laadukas s\u00e4kkituoli, valmistettu Suomessa.","rel":"","context":"Liknande produkt","block_context":{"text":"Liknande produkt","link":""},"img":{"alt_text":"","src":"https:\/\/i0.wp.com\/pohjanmaantehtaanmyymala.fi\/wp-content\/uploads\/2019\/09\/Hotkiss-L-malli-fuksia.jpg?fit=960%2C960&ssl=1&resize=350%2C200","width":350,"height":200,"srcset":"https:\/\/i0.wp.com\/pohjanmaantehtaanmyymala.fi\/wp-content\/uploads\/2019\/09\/Hotkiss-L-malli-fuksia.jpg?fit=960%2C960&ssl=1&resize=350%2C200 1x, https:\/\/i0.wp.com\/pohjanmaantehtaanmyymala.fi\/wp-content\/uploads\/2019\/09\/Hotkiss-L-malli-fuksia.jpg?fit=960%2C960&ssl=1&resize=525%2C300 1.5x, https:\/\/i0.wp.com\/pohjanmaantehtaanmyymala.fi\/wp-content\/uploads\/2019\/09\/Hotkiss-L-malli-fuksia.jpg?fit=960%2C960&ssl=1&resize=700%2C400 2x"},"classes":[]},{"id":9393,"url":"https:\/\/pohjanmaantehtaanmyymala.fi\/sv\/tuote\/hotkiss-sakkituoli-250l\/","url_meta":{"origin":16016,"position":1},"title":"HOTKISS Mona s\u00e4kkituoli 250 l keinonahka","author":"petri","date":"september 14, 2019","format":false,"excerpt":"Suomessa valmistettu s\u00e4kkituolien klassikkomalli.","rel":"","context":"Liknande produkt","block_context":{"text":"Liknande produkt","link":""},"img":{"alt_text":"S\u00e4kkiuoli Hotkiss keinonahka","src":"https:\/\/i0.wp.com\/pohjanmaantehtaanmyymala.fi\/wp-content\/uploads\/2019\/09\/sakkituoli_250l.jpg?fit=862%2C965&ssl=1&resize=350%2C200","width":350,"height":200,"srcset":"https:\/\/i0.wp.com\/pohjanmaantehtaanmyymala.fi\/wp-content\/uploads\/2019\/09\/sakkituoli_250l.jpg?fit=862%2C965&ssl=1&resize=350%2C200 1x, https:\/\/i0.wp.com\/pohjanmaantehtaanmyymala.fi\/wp-content\/uploads\/2019\/09\/sakkituoli_250l.jpg?fit=862%2C965&ssl=1&resize=525%2C300 1.5x, https:\/\/i0.wp.com\/pohjanmaantehtaanmyymala.fi\/wp-content\/uploads\/2019\/09\/sakkituoli_250l.jpg?fit=862%2C965&ssl=1&resize=700%2C400 2x"},"classes":[]},{"id":19031,"url":"https:\/\/pohjanmaantehtaanmyymala.fi\/sv\/tuote\/melbourne-ovikaappi-musta\/","url_meta":{"origin":16016,"position":2},"title":"Melbourne ovikaappi, musta","author":"Sami Viitala","date":"november 11, 2021","format":false,"excerpt":"Kest\u00e4v\u00e4 ja tyylik\u00e4s metallikaappi House Nordicilta.","rel":"","context":"Liknande produkt","block_context":{"text":"Liknande produkt","link":""},"img":{"alt_text":"Melbourne kaappi musta metallia","src":"https:\/\/i0.wp.com\/pohjanmaantehtaanmyymala.fi\/wp-content\/uploads\/2021\/11\/Melbourne-kaappi-3001080-0-2.jpg?fit=1200%2C1200&ssl=1&resize=350%2C200","width":350,"height":200,"srcset":"https:\/\/i0.wp.com\/pohjanmaantehtaanmyymala.fi\/wp-content\/uploads\/2021\/11\/Melbourne-kaappi-3001080-0-2.jpg?fit=1200%2C1200&ssl=1&resize=350%2C200 1x, https:\/\/i0.wp.com\/pohjanmaantehtaanmyymala.fi\/wp-content\/uploads\/2021\/11\/Melbourne-kaappi-3001080-0-2.jpg?fit=1200%2C1200&ssl=1&resize=525%2C300 1.5x, https:\/\/i0.wp.com\/pohjanmaantehtaanmyymala.fi\/wp-content\/uploads\/2021\/11\/Melbourne-kaappi-3001080-0-2.jpg?fit=1200%2C1200&ssl=1&resize=700%2C400 2x, https:\/\/i0.wp.com\/pohjanmaantehtaanmyymala.fi\/wp-content\/uploads\/2021\/11\/Melbourne-kaappi-3001080-0-2.jpg?fit=1200%2C1200&ssl=1&resize=1050%2C600 3x"},"classes":[]},{"id":16970,"url":"https:\/\/pohjanmaantehtaanmyymala.fi\/sv\/tuote\/ecofurn-ekotuolin-niskatyyny\/","url_meta":{"origin":16016,"position":3},"title":"Ecofurn Ekotuolin niskatyyny","author":"Sami Viitala","date":"april 9, 2021","format":false,"excerpt":"Niskatyyny EcoFurn -logolla tai ilman. Valitse malli!","rel":"","context":"Liknande produkt","block_context":{"text":"Liknande produkt","link":""},"img":{"alt_text":"EcoFurn ekotuoli niskatyyny logolla","src":"https:\/\/i0.wp.com\/pohjanmaantehtaanmyymala.fi\/wp-content\/uploads\/2021\/04\/90399-EcoFurn-logo-cushion.jpg?fit=1200%2C1200&ssl=1&resize=350%2C200","width":350,"height":200,"srcset":"https:\/\/i0.wp.com\/pohjanmaantehtaanmyymala.fi\/wp-content\/uploads\/2021\/04\/90399-EcoFurn-logo-cushion.jpg?fit=1200%2C1200&ssl=1&resize=350%2C200 1x, https:\/\/i0.wp.com\/pohjanmaantehtaanmyymala.fi\/wp-content\/uploads\/2021\/04\/90399-EcoFurn-logo-cushion.jpg?fit=1200%2C1200&ssl=1&resize=525%2C300 1.5x, https:\/\/i0.wp.com\/pohjanmaantehtaanmyymala.fi\/wp-content\/uploads\/2021\/04\/90399-EcoFurn-logo-cushion.jpg?fit=1200%2C1200&ssl=1&resize=700%2C400 2x, https:\/\/i0.wp.com\/pohjanmaantehtaanmyymala.fi\/wp-content\/uploads\/2021\/04\/90399-EcoFurn-logo-cushion.jpg?fit=1200%2C1200&ssl=1&resize=1050%2C600 3x"},"classes":[]},{"id":22380,"url":"https:\/\/pohjanmaantehtaanmyymala.fi\/sv\/tuote\/ramona-divaanivuodesohva-solid-kangas\/","url_meta":{"origin":16016,"position":4},"title":"Ramona divaanivuodesohva solid-kangas","author":"Sami Viitala","date":"januari 30, 2023","format":false,"excerpt":"Vuodesohva avattavalla divaanilla. Valitse k\u00e4tisyys!","rel":"","context":"Liknande produkt","block_context":{"text":"Liknande produkt","link":""},"img":{"alt_text":"Ramona vuodesohva avattavalla divaanilla harmaa kangas","src":"https:\/\/i0.wp.com\/pohjanmaantehtaanmyymala.fi\/wp-content\/uploads\/2023\/01\/RamonaN_AR3-5cm_semi_Metro84_large.jpg?fit=960%2C960&ssl=1&resize=350%2C200","width":350,"height":200,"srcset":"https:\/\/i0.wp.com\/pohjanmaantehtaanmyymala.fi\/wp-content\/uploads\/2023\/01\/RamonaN_AR3-5cm_semi_Metro84_large.jpg?fit=960%2C960&ssl=1&resize=350%2C200 1x, https:\/\/i0.wp.com\/pohjanmaantehtaanmyymala.fi\/wp-content\/uploads\/2023\/01\/RamonaN_AR3-5cm_semi_Metro84_large.jpg?fit=960%2C960&ssl=1&resize=525%2C300 1.5x, https:\/\/i0.wp.com\/pohjanmaantehtaanmyymala.fi\/wp-content\/uploads\/2023\/01\/RamonaN_AR3-5cm_semi_Metro84_large.jpg?fit=960%2C960&ssl=1&resize=700%2C400 2x"},"classes":[]},{"id":23329,"url":"https:\/\/pohjanmaantehtaanmyymala.fi\/sv\/tuote\/adelaide-vitriini-musta\/","url_meta":{"origin":16016,"position":5},"title":"Adelaide vitriini, musta","author":"Sami Viitala","date":"september 5, 2023","format":false,"excerpt":"Kest\u00e4v\u00e4 ja tyylik\u00e4s metallikaappi House Nordicilta.","rel":"","context":"Liknande produkt","block_context":{"text":"Liknande produkt","link":""},"img":{"alt_text":"Adelaide vitriini huonemilj\u00f6\u00f6ss\u00e4","src":"https:\/\/i0.wp.com\/pohjanmaantehtaanmyymala.fi\/wp-content\/uploads\/2023\/09\/Adelaide-vitriini-3001205.jpg?fit=960%2C960&ssl=1&resize=350%2C200","width":350,"height":200,"srcset":"https:\/\/i0.wp.com\/pohjanmaantehtaanmyymala.fi\/wp-content\/uploads\/2023\/09\/Adelaide-vitriini-3001205.jpg?fit=960%2C960&ssl=1&resize=350%2C200 1x, https:\/\/i0.wp.com\/pohjanmaantehtaanmyymala.fi\/wp-content\/uploads\/2023\/09\/Adelaide-vitriini-3001205.jpg?fit=960%2C960&ssl=1&resize=525%2C300 1.5x, https:\/\/i0.wp.com\/pohjanmaantehtaanmyymala.fi\/wp-content\/uploads\/2023\/09\/Adelaide-vitriini-3001205.jpg?fit=960%2C960&ssl=1&resize=700%2C400 2x"},"classes":[]}],"_links":{"self":[{"href":"https:\/\/pohjanmaantehtaanmyymala.fi\/sv\/wp-json\/wp\/v2\/product\/16016","targetHints":{"allow":["GET"]}}],"collection":[{"href":"https:\/\/pohjanmaantehtaanmyymala.fi\/sv\/wp-json\/wp\/v2\/product"}],"about":[{"href":"https:\/\/pohjanmaantehtaanmyymala.fi\/sv\/wp-json\/wp\/v2\/types\/product"}],"replies":[{"embeddable":true,"href":"https:\/\/pohjanmaantehtaanmyymala.fi\/sv\/wp-json\/wp\/v2\/comments?post=16016"}],"wp:featuredmedia":[{"embeddable":true,"href":"https:\/\/pohjanmaantehtaanmyymala.fi\/sv\/wp-json\/wp\/v2\/media\/16017"}],"wp:attachment":[{"href":"https:\/\/pohjanmaantehtaanmyymala.fi\/sv\/wp-json\/wp\/v2\/media?parent=16016"}],"wp:term":[{"taxonomy":"product_brand","embeddable":true,"href":"https:\/\/pohjanmaantehtaanmyymala.fi\/sv\/wp-json\/wp\/v2\/product_brand?post=16016"},{"taxonomy":"product_cat","embeddable":true,"href":"https:\/\/pohjanmaantehtaanmyymala.fi\/sv\/wp-json\/wp\/v2\/product_cat?post=16016"},{"taxonomy":"product_tag","embeddable":true,"href":"https:\/\/pohjanmaantehtaanmyymala.fi\/sv\/wp-json\/wp\/v2\/product_tag?post=16016"}],"curies":[{"name":"wp","href":"https:\/\/api.w.org\/{rel}","templated":true}]}}