{"id":16002,"date":"2020-11-27T11:48:09","date_gmt":"2020-11-27T09:48:09","guid":{"rendered":"https:\/\/pohjanmaantehtaanmyymala.fi\/?post_type=product&#038;p=16002"},"modified":"2026-01-10T13:10:09","modified_gmt":"2026-01-10T11:10:09","slug":"sakkituolin-tayte-30-l-styroksirouhe","status":"publish","type":"product","link":"https:\/\/pohjanmaantehtaanmyymala.fi\/sv\/tuote\/sakkituolin-tayte-30-l-styroksirouhe\/","title":{"rendered":"S\u00e4kkituolin t\u00e4yte 30 l (Styroksirouhe)"},"content":{"rendered":"<p>S\u00e4kkituolin t\u00e4ytteet ovat l\u00e4ss\u00e4ht\u00e4neet. Ei huolta meilt\u00e4 voit hankkia s\u00e4kkituolin lis\u00e4t\u00e4ytett\u00e4. S\u00e4kkituolin lis\u00e4t\u00e4yte on myynniss\u00e4 30 litran t\u00e4ytepussissa. T\u00e4yte on eps-styroksirouhetta. Styroksirouhetta voi k\u00e4ytt\u00e4\u00e4 my\u00f6s mm. koristetyynyjen t\u00e4ytteen\u00e4 tai askartelussa.<\/p>\n<p>Voimme l\u00e4hett\u00e4\u00e4 t\u00e4ytepussi matkahuollon kautta ymp\u00e4ri Suomea edulliseen 9 euron hintaan.<\/p>\n<h3>Tuotetiedot:<\/h3>\n<p>EPS, eli paisutettu polystyreeni (kansankieless\u00e4 styrox) valmistetaan lajentamalla pieni\u00e4 polystyreenipaloja l\u00e4mm\u00f6ss\u00e4 suuremmiksi, jolloin helmien sis\u00e4\u00e4n j\u00e4\u00e4 ilmaa tekien siit\u00e4 pehme\u00e4n. Yksi EPS-pallo on 98% ilmaa ja 2% polystyreeni\u00e4.<br \/>\nEPS-rouhe on puhdasta ja bakteeritonta, eik\u00e4 siihen muodostua kosteuden vaikutuksesta homekasvustoa. Siksi ruohe soveltuu k\u00e4ytett\u00e4v\u00e4ksi my\u00f6s kosteisiin tiloihin.<br \/>\nEPS-rouhe tuoksuu liev\u00e4sti uutena, mutta muutaman viikon k\u00e4yt\u00f6n j\u00e4lkeen tuoksu haihtuu ja rouheesta tulee hajutonta.<\/p>\n","protected":false},"excerpt":{"rendered":"<p>S\u00e4kkituolin t\u00e4ytteet ovat l\u00e4ss\u00e4ht\u00e4neet. Ei huolta meilt\u00e4 voit hankkia s\u00e4kkituolin lis\u00e4t\u00e4ytett\u00e4. S\u00e4kkituolin lis\u00e4t\u00e4yte on myynniss\u00e4 30 litran t\u00e4ytepussissa. T\u00e4yte on eps-styroksirouhetta. Styroksirouhetta voi k\u00e4ytt\u00e4\u00e4 my\u00f6s mm. koristetyynyjen t\u00e4ytteen\u00e4 tai askartelussa. Voimme l\u00e4hett\u00e4\u00e4 t\u00e4ytepussi matkahuollon kautta ymp\u00e4ri Suomea edulliseen 9 euron hintaan. Tuotetiedot: EPS, eli paisutettu polystyreeni (kansankieless\u00e4 styrox) valmistetaan lajentamalla pieni\u00e4 polystyreenipaloja l\u00e4mm\u00f6ss\u00e4 suuremmiksi, jolloin [&hellip;]<\/p>\n","protected":false},"featured_media":16004,"comment_status":"closed","ping_status":"closed","template":"","meta":{"_acf_changed":false,"jetpack_post_was_ever_published":false,"jetpack_publicize_message":"","jetpack_publicize_feature_enabled":true,"jetpack_social_post_already_shared":true,"jetpack_social_options":{"image_generator_settings":{"template":"highway","default_image_id":0,"font":"","enabled":false},"version":2}},"product_brand":[186],"product_cat":[195,124],"product_tag":[],"class_list":{"0":"post-16002","1":"product","2":"type-product","3":"status-publish","4":"has-post-thumbnail","6":"product_brand-omset","7":"product_cat-lepotuolit-ja-rahit","8":"product_cat-muut-kalusteet","9":"product_shipping_class-161","11":"first","12":"instock","13":"purchasable","14":"product-type-simple"},"acf":[],"jetpack_publicize_connections":[],"jetpack_sharing_enabled":true,"jetpack-related-posts":[{"id":21769,"url":"https:\/\/pohjanmaantehtaanmyymala.fi\/sv\/tuote\/visco-petauspatja-160x200-cm\/","url_meta":{"origin":16002,"position":0},"title":"Visco petauspatja 160&#215;200 cm","author":"Sami Viitala","date":"november 23, 2022","format":false,"excerpt":"Uniikki Visco sijauspatjassa on viskoelastinen t\u00e4yte, joka muotoutuu kehon l\u00e4mm\u00f6n ja painon vaikutuksesta. Viskoelastisen t\u00e4ytteen ansiosta petari antaa nukkujalla painottomuuden tunteen ja tasoittaa kehoon kohdistuvaa pintapainetta. Se v\u00e4hent\u00e4\u00e4 asennon vaihtamisen tarvetta, jolloin sit\u00e4 nukkuu paremmin ja her\u00e4\u00e4 virke\u00e4mp\u00e4n\u00e4. Uniikki petauspatjan reunoja kiert\u00e4\u00e4 verkkokangas, joka parantaa petauspatjan ilmankiertoa. Petauspatjan p\u00e4\u00e4llinen on\u2026","rel":"","context":"Liknande produkt","block_context":{"text":"Liknande produkt","link":""},"img":{"alt_text":"Uniikki visco petauspatja 160x200 cm","src":"https:\/\/i0.wp.com\/pohjanmaantehtaanmyymala.fi\/wp-content\/uploads\/2022\/11\/Uniikki_Visco_petauspatja.jpg?fit=960%2C960&ssl=1&resize=350%2C200","width":350,"height":200,"srcset":"https:\/\/i0.wp.com\/pohjanmaantehtaanmyymala.fi\/wp-content\/uploads\/2022\/11\/Uniikki_Visco_petauspatja.jpg?fit=960%2C960&ssl=1&resize=350%2C200 1x, https:\/\/i0.wp.com\/pohjanmaantehtaanmyymala.fi\/wp-content\/uploads\/2022\/11\/Uniikki_Visco_petauspatja.jpg?fit=960%2C960&ssl=1&resize=525%2C300 1.5x, https:\/\/i0.wp.com\/pohjanmaantehtaanmyymala.fi\/wp-content\/uploads\/2022\/11\/Uniikki_Visco_petauspatja.jpg?fit=960%2C960&ssl=1&resize=700%2C400 2x"},"classes":[]},{"id":21816,"url":"https:\/\/pohjanmaantehtaanmyymala.fi\/sv\/tuote\/visco-petauspatja-180x200-cm\/","url_meta":{"origin":16002,"position":1},"title":"Visco petauspatja 180&#215;200 cm","author":"Sami Viitala","date":"november 26, 2022","format":false,"excerpt":"Uniikki Visco sijauspatjassa on viskoelastinen t\u00e4yte, joka muotoutuu kehon l\u00e4mm\u00f6n ja painon vaikutuksesta. Viskoelastisen t\u00e4ytteen ansiosta petari antaa nukkujalla painottomuuden tunteen ja tasoittaa kehoon kohdistuvaa pintapainetta. Se v\u00e4hent\u00e4\u00e4 asennon vaihtamisen tarvetta, jolloin sit\u00e4 nukkuu paremmin ja her\u00e4\u00e4 virke\u00e4mp\u00e4n\u00e4. Uniikki petauspatjan reunoja kiert\u00e4\u00e4 verkkokangas, joka parantaa petauspatjan ilmankiertoa. Petauspatjan p\u00e4\u00e4llinen on\u2026","rel":"","context":"Liknande produkt","block_context":{"text":"Liknande produkt","link":""},"img":{"alt_text":"Uniikki visco petauspatja 160x200 cm","src":"https:\/\/i0.wp.com\/pohjanmaantehtaanmyymala.fi\/wp-content\/uploads\/2022\/11\/Uniikki_Visco_petauspatja.jpg?fit=960%2C960&ssl=1&resize=350%2C200","width":350,"height":200,"srcset":"https:\/\/i0.wp.com\/pohjanmaantehtaanmyymala.fi\/wp-content\/uploads\/2022\/11\/Uniikki_Visco_petauspatja.jpg?fit=960%2C960&ssl=1&resize=350%2C200 1x, https:\/\/i0.wp.com\/pohjanmaantehtaanmyymala.fi\/wp-content\/uploads\/2022\/11\/Uniikki_Visco_petauspatja.jpg?fit=960%2C960&ssl=1&resize=525%2C300 1.5x, https:\/\/i0.wp.com\/pohjanmaantehtaanmyymala.fi\/wp-content\/uploads\/2022\/11\/Uniikki_Visco_petauspatja.jpg?fit=960%2C960&ssl=1&resize=700%2C400 2x"},"classes":[]},{"id":18455,"url":"https:\/\/pohjanmaantehtaanmyymala.fi\/sv\/tuote\/monza-reclinertuoli-nahkaa\/","url_meta":{"origin":16002,"position":2},"title":"MONZA &#8211; reclinertuoli nahkaa","author":"Sami Viitala","date":"oktober 26, 2021","format":false,"excerpt":"Perinteinen ja pehme\u00e4 mekanismituoli.","rel":"","context":"Liknande produkt","block_context":{"text":"Liknande produkt","link":""},"img":{"alt_text":"Monza reclinertuoli ruskea nahka","src":"https:\/\/i0.wp.com\/pohjanmaantehtaanmyymala.fi\/wp-content\/uploads\/2021\/10\/monza_recliner_tuoli_labrador05_metal.jpg?fit=960%2C960&ssl=1&resize=350%2C200","width":350,"height":200,"srcset":"https:\/\/i0.wp.com\/pohjanmaantehtaanmyymala.fi\/wp-content\/uploads\/2021\/10\/monza_recliner_tuoli_labrador05_metal.jpg?fit=960%2C960&ssl=1&resize=350%2C200 1x, https:\/\/i0.wp.com\/pohjanmaantehtaanmyymala.fi\/wp-content\/uploads\/2021\/10\/monza_recliner_tuoli_labrador05_metal.jpg?fit=960%2C960&ssl=1&resize=525%2C300 1.5x, https:\/\/i0.wp.com\/pohjanmaantehtaanmyymala.fi\/wp-content\/uploads\/2021\/10\/monza_recliner_tuoli_labrador05_metal.jpg?fit=960%2C960&ssl=1&resize=700%2C400 2x"},"classes":[]},{"id":16970,"url":"https:\/\/pohjanmaantehtaanmyymala.fi\/sv\/tuote\/ecofurn-ekotuolin-niskatyyny\/","url_meta":{"origin":16002,"position":3},"title":"Ecofurn Ekotuolin niskatyyny","author":"Sami Viitala","date":"april 9, 2021","format":false,"excerpt":"Niskatyyny EcoFurn -logolla tai ilman. Valitse malli!","rel":"","context":"Liknande produkt","block_context":{"text":"Liknande produkt","link":""},"img":{"alt_text":"EcoFurn ekotuoli niskatyyny logolla","src":"https:\/\/i0.wp.com\/pohjanmaantehtaanmyymala.fi\/wp-content\/uploads\/2021\/04\/90399-EcoFurn-logo-cushion.jpg?fit=1200%2C1200&ssl=1&resize=350%2C200","width":350,"height":200,"srcset":"https:\/\/i0.wp.com\/pohjanmaantehtaanmyymala.fi\/wp-content\/uploads\/2021\/04\/90399-EcoFurn-logo-cushion.jpg?fit=1200%2C1200&ssl=1&resize=350%2C200 1x, https:\/\/i0.wp.com\/pohjanmaantehtaanmyymala.fi\/wp-content\/uploads\/2021\/04\/90399-EcoFurn-logo-cushion.jpg?fit=1200%2C1200&ssl=1&resize=525%2C300 1.5x, https:\/\/i0.wp.com\/pohjanmaantehtaanmyymala.fi\/wp-content\/uploads\/2021\/04\/90399-EcoFurn-logo-cushion.jpg?fit=1200%2C1200&ssl=1&resize=700%2C400 2x, https:\/\/i0.wp.com\/pohjanmaantehtaanmyymala.fi\/wp-content\/uploads\/2021\/04\/90399-EcoFurn-logo-cushion.jpg?fit=1200%2C1200&ssl=1&resize=1050%2C600 3x"},"classes":[]},{"id":25770,"url":"https:\/\/pohjanmaantehtaanmyymala.fi\/sv\/tuote\/eleanor-rahi-connect-kankaalla\/","url_meta":{"origin":16002,"position":4},"title":"Eleanor rahi 95&#215;62 cm kankaalla","author":"Miro Nevala","date":"mars 4, 2024","format":false,"excerpt":"Persoonallinen ja tyylik\u00e4s rahi tuo ilmett\u00e4 sisustukseesi!","rel":"","context":"Liknande produkt","block_context":{"text":"Liknande produkt","link":""},"img":{"alt_text":"Eleanor rahi","src":"https:\/\/i0.wp.com\/pohjanmaantehtaanmyymala.fi\/wp-content\/uploads\/2024\/02\/Eleanor-rahi-naomi-kangas.jpg?fit=960%2C960&ssl=1&resize=350%2C200","width":350,"height":200,"srcset":"https:\/\/i0.wp.com\/pohjanmaantehtaanmyymala.fi\/wp-content\/uploads\/2024\/02\/Eleanor-rahi-naomi-kangas.jpg?fit=960%2C960&ssl=1&resize=350%2C200 1x, https:\/\/i0.wp.com\/pohjanmaantehtaanmyymala.fi\/wp-content\/uploads\/2024\/02\/Eleanor-rahi-naomi-kangas.jpg?fit=960%2C960&ssl=1&resize=525%2C300 1.5x, https:\/\/i0.wp.com\/pohjanmaantehtaanmyymala.fi\/wp-content\/uploads\/2024\/02\/Eleanor-rahi-naomi-kangas.jpg?fit=960%2C960&ssl=1&resize=700%2C400 2x"},"classes":[]},{"id":22939,"url":"https:\/\/pohjanmaantehtaanmyymala.fi\/sv\/tuote\/jazz-recliner-nojatuoli\/","url_meta":{"origin":16002,"position":5},"title":"Jazz recliner nojatuoli","author":"Sami Viitala","date":"maj 11, 2023","format":false,"excerpt":"Siron mallinen Jazz recliner tuoli py\u00f6riv\u00e4ll\u00e4 ja keinuvalla mekanismilla sopii mainiosti tv:n katseluun. Tuolissa on k\u00e4tev\u00e4 mekanismi, kahvasta k\u00e4\u00e4nt\u00e4m\u00e4ll\u00e4 avautuu jalkarahi ja silloin saa my\u00f6s selk\u00e4nojaa kallistettua taakse p\u00e4in. Tuoli on verhoiltu Suma-kankaalla. Puurungolle valmistajan takuu 20-vuotta mekanismille 2-vuotta. Istuin t\u00e4ytteen\u00e4 vaahtomuovi selk\u00e4osassa ja k\u00e4sinojissa vaahtomuovi\/vanu. T\u00e4m\u00e4 tuotteen voi tilata\u2026","rel":"","context":"Liknande produkt","block_context":{"text":"Liknande produkt","link":""},"img":{"alt_text":"Jazz recliner nojatuoli harmaa Suma-kangas","src":"https:\/\/i0.wp.com\/pohjanmaantehtaanmyymala.fi\/wp-content\/uploads\/2023\/05\/Jazz-recliner-Suma-17-etusivu.jpg?fit=960%2C960&ssl=1&resize=350%2C200","width":350,"height":200,"srcset":"https:\/\/i0.wp.com\/pohjanmaantehtaanmyymala.fi\/wp-content\/uploads\/2023\/05\/Jazz-recliner-Suma-17-etusivu.jpg?fit=960%2C960&ssl=1&resize=350%2C200 1x, https:\/\/i0.wp.com\/pohjanmaantehtaanmyymala.fi\/wp-content\/uploads\/2023\/05\/Jazz-recliner-Suma-17-etusivu.jpg?fit=960%2C960&ssl=1&resize=525%2C300 1.5x, https:\/\/i0.wp.com\/pohjanmaantehtaanmyymala.fi\/wp-content\/uploads\/2023\/05\/Jazz-recliner-Suma-17-etusivu.jpg?fit=960%2C960&ssl=1&resize=700%2C400 2x"},"classes":[]}],"_links":{"self":[{"href":"https:\/\/pohjanmaantehtaanmyymala.fi\/sv\/wp-json\/wp\/v2\/product\/16002","targetHints":{"allow":["GET"]}}],"collection":[{"href":"https:\/\/pohjanmaantehtaanmyymala.fi\/sv\/wp-json\/wp\/v2\/product"}],"about":[{"href":"https:\/\/pohjanmaantehtaanmyymala.fi\/sv\/wp-json\/wp\/v2\/types\/product"}],"replies":[{"embeddable":true,"href":"https:\/\/pohjanmaantehtaanmyymala.fi\/sv\/wp-json\/wp\/v2\/comments?post=16002"}],"wp:featuredmedia":[{"embeddable":true,"href":"https:\/\/pohjanmaantehtaanmyymala.fi\/sv\/wp-json\/wp\/v2\/media\/16004"}],"wp:attachment":[{"href":"https:\/\/pohjanmaantehtaanmyymala.fi\/sv\/wp-json\/wp\/v2\/media?parent=16002"}],"wp:term":[{"taxonomy":"product_brand","embeddable":true,"href":"https:\/\/pohjanmaantehtaanmyymala.fi\/sv\/wp-json\/wp\/v2\/product_brand?post=16002"},{"taxonomy":"product_cat","embeddable":true,"href":"https:\/\/pohjanmaantehtaanmyymala.fi\/sv\/wp-json\/wp\/v2\/product_cat?post=16002"},{"taxonomy":"product_tag","embeddable":true,"href":"https:\/\/pohjanmaantehtaanmyymala.fi\/sv\/wp-json\/wp\/v2\/product_tag?post=16002"}],"curies":[{"name":"wp","href":"https:\/\/api.w.org\/{rel}","templated":true}]}}