{"id":15800,"date":"2020-11-23T17:02:13","date_gmt":"2020-11-23T15:02:13","guid":{"rendered":"https:\/\/pohjanmaantehtaanmyymala.fi\/?post_type=product&#038;p=15800"},"modified":"2026-04-25T11:26:10","modified_gmt":"2026-04-25T09:26:10","slug":"rowico-alison-tuoli","status":"publish","type":"product","link":"https:\/\/pohjanmaantehtaanmyymala.fi\/sv\/tuote\/rowico-alison-tuoli\/","title":{"rendered":"ALISON py\u00f6riv\u00e4 tuoli metallijalalla"},"content":{"rendered":"<p>Tyylik\u00e4s kangasverhoiltu Rowico Alison ruokap\u00f6yd\u00e4n tuoli py\u00f6riv\u00e4ll\u00e4 metallijalalla ja pehmustetulla istuimella. Tuolin muotoiltu istuin on miellytt\u00e4v\u00e4 istua. Alison -tuoli sopii yhteen hyvin esimerkiksi <a href=\"https:\/\/pohjanmaantehtaanmyymala.fi\/tuote\/fred-ruokapoyta-170cm\/\">Fred -p\u00f6yd\u00e4n<\/a> kanssa.<\/p>\n<h3>Tuotetiedot:<\/h3>\n<p>Tuolin istuinkorkeus 47 cm, -syvyys 46 cm ja leveys: 40 cm.<br \/>\nJalat: Mustaksi pulverimaalattu metalli.<br \/>\nIstuinosa: Pehmustettu, verhoiltu harmaa mickrokuitukankaalla tai beigell\u00e4 verhoilukankaalla.<br \/>\nToimitetaan 2 kpl:n pakkauksissa.<\/p>\n","protected":false},"excerpt":{"rendered":"<p>Rowicon kaunis ruokap\u00f6yd\u00e4n tuoli harmaalla tai beigell\u00e4 verhoilulla.<\/p>\n","protected":false},"featured_media":15803,"comment_status":"closed","ping_status":"closed","template":"","meta":{"_acf_changed":false,"jetpack_post_was_ever_published":false,"jetpack_publicize_message":"","jetpack_publicize_feature_enabled":true,"jetpack_social_post_already_shared":true,"jetpack_social_options":{"image_generator_settings":{"template":"highway","default_image_id":0,"font":"","enabled":false},"version":2}},"product_brand":[179],"product_cat":[194],"product_tag":[],"class_list":{"0":"post-15800","1":"product","2":"type-product","3":"status-publish","4":"has-post-thumbnail","6":"product_brand-rowico","7":"product_cat-ruokapoydat-ja-tuolit","8":"product_shipping_class-161","9":"pa_vari-antrasiitti-mikrokuitu","10":"pa_vari-beige","11":"pa_vari-harmaa","12":"pa_vari-vaalea-beige","13":"pa_vari-tumma-beige","15":"first","16":"instock","17":"purchasable","18":"product-type-variable","19":"has-default-attributes"},"acf":[],"jetpack_publicize_connections":[],"jetpack_sharing_enabled":true,"jetpack-related-posts":[{"id":28391,"url":"https:\/\/pohjanmaantehtaanmyymala.fi\/sv\/tuote\/alison-pyoriva-tuoli-beige-nahka-puujalalla\/","url_meta":{"origin":15800,"position":0},"title":"ALISON py\u00f6riv\u00e4 tuoli, beige nahka, puujalalla","author":"Sami Viitala","date":"februari 17, 2025","format":false,"excerpt":"Suosittu ruokap\u00f6yd\u00e4n tuoli tumman beigell\u00e4 verhoilulla. Valitse jalkav\u00e4ri!","rel":"","context":"Liknande produkt","block_context":{"text":"Liknande produkt","link":""},"img":{"alt_text":"Rowico Alison py\u00f6riv\u00e4 tuoli beigen v\u00e4rinen nahka ruskealla puujalalla edest\u00e4 p\u00e4in.","src":"https:\/\/i0.wp.com\/pohjanmaantehtaanmyymala.fi\/wp-content\/uploads\/2025\/02\/118136_b_sb_a_Alison_swivelchair_beige_leather_brown_oak.jpg?fit=1000%2C1000&ssl=1&resize=350%2C200","width":350,"height":200,"srcset":"https:\/\/i0.wp.com\/pohjanmaantehtaanmyymala.fi\/wp-content\/uploads\/2025\/02\/118136_b_sb_a_Alison_swivelchair_beige_leather_brown_oak.jpg?fit=1000%2C1000&ssl=1&resize=350%2C200 1x, https:\/\/i0.wp.com\/pohjanmaantehtaanmyymala.fi\/wp-content\/uploads\/2025\/02\/118136_b_sb_a_Alison_swivelchair_beige_leather_brown_oak.jpg?fit=1000%2C1000&ssl=1&resize=525%2C300 1.5x, https:\/\/i0.wp.com\/pohjanmaantehtaanmyymala.fi\/wp-content\/uploads\/2025\/02\/118136_b_sb_a_Alison_swivelchair_beige_leather_brown_oak.jpg?fit=1000%2C1000&ssl=1&resize=700%2C400 2x"},"classes":[]},{"id":28371,"url":"https:\/\/pohjanmaantehtaanmyymala.fi\/sv\/tuote\/alison-pyoriva-tuoli-tummabeige-puujalalla\/","url_meta":{"origin":15800,"position":1},"title":"ALISON py\u00f6riv\u00e4 tuoli, tummabeige, puujalalla","author":"Sami Viitala","date":"februari 17, 2025","format":false,"excerpt":"Suosittu ruokap\u00f6yd\u00e4n tuoli tumman beigell\u00e4 verhoilulla. Valitse jalkav\u00e4ri!","rel":"","context":"Liknande produkt","block_context":{"text":"Liknande produkt","link":""},"img":{"alt_text":"Rowico Alison py\u00f6riv\u00e4 tuoli tumma beige ruskealla puujalalla","src":"https:\/\/i0.wp.com\/pohjanmaantehtaanmyymala.fi\/wp-content\/uploads\/2025\/02\/117866_a_Alison_swivelchair_dark_beige_brown_oak.jpg?fit=1000%2C1000&ssl=1&resize=350%2C200","width":350,"height":200,"srcset":"https:\/\/i0.wp.com\/pohjanmaantehtaanmyymala.fi\/wp-content\/uploads\/2025\/02\/117866_a_Alison_swivelchair_dark_beige_brown_oak.jpg?fit=1000%2C1000&ssl=1&resize=350%2C200 1x, https:\/\/i0.wp.com\/pohjanmaantehtaanmyymala.fi\/wp-content\/uploads\/2025\/02\/117866_a_Alison_swivelchair_dark_beige_brown_oak.jpg?fit=1000%2C1000&ssl=1&resize=525%2C300 1.5x, https:\/\/i0.wp.com\/pohjanmaantehtaanmyymala.fi\/wp-content\/uploads\/2025\/02\/117866_a_Alison_swivelchair_dark_beige_brown_oak.jpg?fit=1000%2C1000&ssl=1&resize=700%2C400 2x"},"classes":[]},{"id":28308,"url":"https:\/\/pohjanmaantehtaanmyymala.fi\/sv\/tuote\/alison-tuoli-pyorivalla-istuimella-vaaleabeige\/","url_meta":{"origin":15800,"position":2},"title":"ALISON py\u00f6riv\u00e4 tuoli, vaaleabeige, puujalalla","author":"Sami Viitala","date":"januari 14, 2025","format":false,"excerpt":"Suosittu ruokap\u00f6yd\u00e4n tuoli vaaleanbeigell\u00e4 verhoilulla. Valitse jalkav\u00e4ri!","rel":"","context":"Liknande produkt","block_context":{"text":"Liknande produkt","link":""},"img":{"alt_text":"Rowico Alison py\u00f6riv\u00e4 tuoli vaaleabeige valkopestyll\u00e4 puujalalla milj\u00f6\u00f6ss\u00e4","src":"https:\/\/i0.wp.com\/pohjanmaantehtaanmyymala.fi\/wp-content\/uploads\/2025\/01\/117861_b_mb__Alison_chair_light_beige_whitewash.jpg?fit=1000%2C1000&ssl=1&resize=350%2C200","width":350,"height":200,"srcset":"https:\/\/i0.wp.com\/pohjanmaantehtaanmyymala.fi\/wp-content\/uploads\/2025\/01\/117861_b_mb__Alison_chair_light_beige_whitewash.jpg?fit=1000%2C1000&ssl=1&resize=350%2C200 1x, https:\/\/i0.wp.com\/pohjanmaantehtaanmyymala.fi\/wp-content\/uploads\/2025\/01\/117861_b_mb__Alison_chair_light_beige_whitewash.jpg?fit=1000%2C1000&ssl=1&resize=525%2C300 1.5x, https:\/\/i0.wp.com\/pohjanmaantehtaanmyymala.fi\/wp-content\/uploads\/2025\/01\/117861_b_mb__Alison_chair_light_beige_whitewash.jpg?fit=1000%2C1000&ssl=1&resize=700%2C400 2x"},"classes":[]},{"id":19758,"url":"https:\/\/pohjanmaantehtaanmyymala.fi\/sv\/tuote\/norwell-tuoli\/","url_meta":{"origin":15800,"position":3},"title":"NORWELL tuoli","author":"Sami Viitala","date":"februari 14, 2022","format":false,"excerpt":"Rowicon tyylik\u00e4s tuoli py\u00f6riv\u00e4ll\u00e4 jalalla.","rel":"","context":"Liknande produkt","block_context":{"text":"Liknande produkt","link":""},"img":{"alt_text":"Rowico Norwell tuolit beige ja harmaa","src":"https:\/\/i0.wp.com\/pohjanmaantehtaanmyymala.fi\/wp-content\/uploads\/2022\/02\/Rowico-Norwell-tuoli-harmaa-beige.jpg?fit=960%2C960&ssl=1&resize=350%2C200","width":350,"height":200,"srcset":"https:\/\/i0.wp.com\/pohjanmaantehtaanmyymala.fi\/wp-content\/uploads\/2022\/02\/Rowico-Norwell-tuoli-harmaa-beige.jpg?fit=960%2C960&ssl=1&resize=350%2C200 1x, https:\/\/i0.wp.com\/pohjanmaantehtaanmyymala.fi\/wp-content\/uploads\/2022\/02\/Rowico-Norwell-tuoli-harmaa-beige.jpg?fit=960%2C960&ssl=1&resize=525%2C300 1.5x, https:\/\/i0.wp.com\/pohjanmaantehtaanmyymala.fi\/wp-content\/uploads\/2022\/02\/Rowico-Norwell-tuoli-harmaa-beige.jpg?fit=960%2C960&ssl=1&resize=700%2C400 2x"},"classes":[]},{"id":15618,"url":"https:\/\/pohjanmaantehtaanmyymala.fi\/sv\/tuote\/rowico-haley-tuoli\/","url_meta":{"origin":15800,"position":4},"title":"Rowico HALEY &#8211; tuoli","author":"Sami Viitala","date":"november 20, 2020","format":false,"excerpt":"Rowicon py\u00f6re\u00e4linjainen ruokap\u00f6yd\u00e4n tuoli vaaleanharmaalla verhoilulla.","rel":"","context":"Liknande produkt","block_context":{"text":"Liknande produkt","link":""},"img":{"alt_text":"Rowico Haley tuoli vaalean harmaa","src":"https:\/\/i0.wp.com\/pohjanmaantehtaanmyymala.fi\/wp-content\/uploads\/2020\/11\/Rowico_Haley_tuoli_vaaleanharmaa.jpg?fit=1200%2C1200&ssl=1&resize=350%2C200","width":350,"height":200,"srcset":"https:\/\/i0.wp.com\/pohjanmaantehtaanmyymala.fi\/wp-content\/uploads\/2020\/11\/Rowico_Haley_tuoli_vaaleanharmaa.jpg?fit=1200%2C1200&ssl=1&resize=350%2C200 1x, https:\/\/i0.wp.com\/pohjanmaantehtaanmyymala.fi\/wp-content\/uploads\/2020\/11\/Rowico_Haley_tuoli_vaaleanharmaa.jpg?fit=1200%2C1200&ssl=1&resize=525%2C300 1.5x, https:\/\/i0.wp.com\/pohjanmaantehtaanmyymala.fi\/wp-content\/uploads\/2020\/11\/Rowico_Haley_tuoli_vaaleanharmaa.jpg?fit=1200%2C1200&ssl=1&resize=700%2C400 2x, https:\/\/i0.wp.com\/pohjanmaantehtaanmyymala.fi\/wp-content\/uploads\/2020\/11\/Rowico_Haley_tuoli_vaaleanharmaa.jpg?fit=1200%2C1200&ssl=1&resize=1050%2C600 3x"},"classes":[]},{"id":9089,"url":"https:\/\/pohjanmaantehtaanmyymala.fi\/sv\/tuote\/filippa-tuoli-pehmustettu\/","url_meta":{"origin":15800,"position":5},"title":"FILIPPA &#8211; tuoli (pehmustettu)","author":"petri","date":"september 14, 2019","format":false,"excerpt":"Pehmustettu Filippa ruokatuoli on tukeva tamminen tuoli. Tuolin istuin verhoiltu harmaalla kankaalla Rungon v\u00e4ri: Tammi tai valkopesty tammi. Istuinkorkeus 46cm Toimitetaan koottuna.","rel":"","context":"Liknande produkt","block_context":{"text":"Liknande produkt","link":""},"img":{"alt_text":"","src":"https:\/\/i0.wp.com\/pohjanmaantehtaanmyymala.fi\/wp-content\/uploads\/2019\/06\/113781-a-Filippa-R.jpg?fit=960%2C960&ssl=1&resize=350%2C200","width":350,"height":200,"srcset":"https:\/\/i0.wp.com\/pohjanmaantehtaanmyymala.fi\/wp-content\/uploads\/2019\/06\/113781-a-Filippa-R.jpg?fit=960%2C960&ssl=1&resize=350%2C200 1x, https:\/\/i0.wp.com\/pohjanmaantehtaanmyymala.fi\/wp-content\/uploads\/2019\/06\/113781-a-Filippa-R.jpg?fit=960%2C960&ssl=1&resize=525%2C300 1.5x, https:\/\/i0.wp.com\/pohjanmaantehtaanmyymala.fi\/wp-content\/uploads\/2019\/06\/113781-a-Filippa-R.jpg?fit=960%2C960&ssl=1&resize=700%2C400 2x"},"classes":[]}],"_links":{"self":[{"href":"https:\/\/pohjanmaantehtaanmyymala.fi\/sv\/wp-json\/wp\/v2\/product\/15800","targetHints":{"allow":["GET"]}}],"collection":[{"href":"https:\/\/pohjanmaantehtaanmyymala.fi\/sv\/wp-json\/wp\/v2\/product"}],"about":[{"href":"https:\/\/pohjanmaantehtaanmyymala.fi\/sv\/wp-json\/wp\/v2\/types\/product"}],"replies":[{"embeddable":true,"href":"https:\/\/pohjanmaantehtaanmyymala.fi\/sv\/wp-json\/wp\/v2\/comments?post=15800"}],"wp:featuredmedia":[{"embeddable":true,"href":"https:\/\/pohjanmaantehtaanmyymala.fi\/sv\/wp-json\/wp\/v2\/media\/15803"}],"wp:attachment":[{"href":"https:\/\/pohjanmaantehtaanmyymala.fi\/sv\/wp-json\/wp\/v2\/media?parent=15800"}],"wp:term":[{"taxonomy":"product_brand","embeddable":true,"href":"https:\/\/pohjanmaantehtaanmyymala.fi\/sv\/wp-json\/wp\/v2\/product_brand?post=15800"},{"taxonomy":"product_cat","embeddable":true,"href":"https:\/\/pohjanmaantehtaanmyymala.fi\/sv\/wp-json\/wp\/v2\/product_cat?post=15800"},{"taxonomy":"product_tag","embeddable":true,"href":"https:\/\/pohjanmaantehtaanmyymala.fi\/sv\/wp-json\/wp\/v2\/product_tag?post=15800"}],"curies":[{"name":"wp","href":"https:\/\/api.w.org\/{rel}","templated":true}]}}