{"id":15477,"date":"2020-11-18T16:25:38","date_gmt":"2020-11-18T14:25:38","guid":{"rendered":"https:\/\/pohjanmaantehtaanmyymala.fi\/?post_type=product&#038;p=15477"},"modified":"2024-09-18T15:49:40","modified_gmt":"2024-09-18T13:49:40","slug":"kaverit-pocket-jenkkisanky-120x200-cm-2","status":"publish","type":"product","link":"https:\/\/pohjanmaantehtaanmyymala.fi\/sv\/tuote\/kaverit-pocket-jenkkisanky-120x200-cm-2\/","title":{"rendered":"Kaverit Pocket -jenkkis\u00e4nky 120&#215;200 cm"},"content":{"rendered":"<p>Kaverit pocket -jenkkis\u00e4nky on oiva valinta sinulle, joka etsit perusjenkkis\u00e4nky\u00e4.<br \/>\nJenkkis\u00e4nky koostuu joustamattomasta alarungosta, napakkasta joustinpatjasta sek\u00e4 t\u00e4ysleve\u00e4st\u00e4 vaahtomuovisijauspatjasta.<br \/>\nS\u00e4nkypakettiin kuuluu my\u00f6s mustat jalat.<\/p>\n<h3>Tuotetiedot:<\/h3>\n<p>Tiedot: Verhoiltu mustalla\u00a0 huonekalukankaalla.<br \/>\nV\u00e4lipatja: Pussijousitettu. Jousen lankavahvuus 1,8 mm.<br \/>\nAlarungot: Joustamaton solidbase-rakenne, valmistettu kalustelevyst\u00e4.<br \/>\nPetauspatja: Sisus vaahtomuovia, irroitettava ja pest\u00e4v\u00e4 p\u00e4\u00e4llinen, paksuus n. 4 cm.<\/p>\n","protected":false},"excerpt":{"rendered":"<p>T\u00e4st\u00e4 t\u00e4ydellinen jenkkis\u00e4nkypaketti edullisesti.<\/p>\n","protected":false},"featured_media":15478,"comment_status":"closed","ping_status":"closed","template":"","meta":{"_acf_changed":false,"jetpack_post_was_ever_published":false,"jetpack_publicize_message":"","jetpack_publicize_feature_enabled":true,"jetpack_social_post_already_shared":true,"jetpack_social_options":{"image_generator_settings":{"template":"highway","default_image_id":0,"font":"","enabled":false},"version":2}},"product_brand":[206],"product_cat":[198,316],"product_tag":[],"class_list":{"0":"post-15477","1":"product","2":"type-product","3":"status-publish","4":"has-post-thumbnail","6":"product_brand-furnico","7":"product_cat-patjat-ja-sangyt","8":"product_cat-jenkkisanky","9":"product_shipping_class-161","11":"first","12":"instock","13":"sale","14":"purchasable","15":"product-type-simple"},"acf":[],"jetpack_publicize_connections":[],"jetpack_sharing_enabled":true,"jetpack-related-posts":[{"id":15358,"url":"https:\/\/pohjanmaantehtaanmyymala.fi\/sv\/tuote\/kaverit-pocket-jenkkisanky-160x200-cm\/","url_meta":{"origin":15477,"position":0},"title":"Kaverit Pocket -jenkkis\u00e4nky 160&#215;200 cm","author":"Sami Viitala","date":"november 16, 2020","format":false,"excerpt":"T\u00e4st\u00e4 pussijousitettu jenkkis\u00e4nkypaketti edullisesti.","rel":"","context":"Liknande produkt","block_context":{"text":"Liknande produkt","link":""},"img":{"alt_text":"Kaverit Pocjet jenkkis\u00e4nky musta runko","src":"https:\/\/i0.wp.com\/pohjanmaantehtaanmyymala.fi\/wp-content\/uploads\/2020\/11\/Kaverit_Pocket_jenkki_160.jpg?fit=1200%2C1200&ssl=1&resize=350%2C200","width":350,"height":200,"srcset":"https:\/\/i0.wp.com\/pohjanmaantehtaanmyymala.fi\/wp-content\/uploads\/2020\/11\/Kaverit_Pocket_jenkki_160.jpg?fit=1200%2C1200&ssl=1&resize=350%2C200 1x, https:\/\/i0.wp.com\/pohjanmaantehtaanmyymala.fi\/wp-content\/uploads\/2020\/11\/Kaverit_Pocket_jenkki_160.jpg?fit=1200%2C1200&ssl=1&resize=525%2C300 1.5x, https:\/\/i0.wp.com\/pohjanmaantehtaanmyymala.fi\/wp-content\/uploads\/2020\/11\/Kaverit_Pocket_jenkki_160.jpg?fit=1200%2C1200&ssl=1&resize=700%2C400 2x, https:\/\/i0.wp.com\/pohjanmaantehtaanmyymala.fi\/wp-content\/uploads\/2020\/11\/Kaverit_Pocket_jenkki_160.jpg?fit=1200%2C1200&ssl=1&resize=1050%2C600 3x"},"classes":[]},{"id":15372,"url":"https:\/\/pohjanmaantehtaanmyymala.fi\/sv\/tuote\/kaverit-pocket-jenkkisanky-120x200-cm\/","url_meta":{"origin":15477,"position":1},"title":"Kaverit Pocket -moottoris\u00e4nky 90&#215;200 cm","author":"Sami Viitala","date":"november 17, 2020","format":false,"excerpt":"T\u00e4st\u00e4 tyylik\u00e4s moottoris\u00e4nkypaketti huippuedullisesti!","rel":"","context":"Liknande produkt","block_context":{"text":"Liknande produkt","link":""},"img":{"alt_text":"Kaverit Pocket moottoris\u00e4nky 90 cm","src":"https:\/\/i0.wp.com\/pohjanmaantehtaanmyymala.fi\/wp-content\/uploads\/2020\/11\/Kaverit-moottorisanky-90.jpg?fit=1200%2C1200&ssl=1&resize=350%2C200","width":350,"height":200,"srcset":"https:\/\/i0.wp.com\/pohjanmaantehtaanmyymala.fi\/wp-content\/uploads\/2020\/11\/Kaverit-moottorisanky-90.jpg?fit=1200%2C1200&ssl=1&resize=350%2C200 1x, https:\/\/i0.wp.com\/pohjanmaantehtaanmyymala.fi\/wp-content\/uploads\/2020\/11\/Kaverit-moottorisanky-90.jpg?fit=1200%2C1200&ssl=1&resize=525%2C300 1.5x, https:\/\/i0.wp.com\/pohjanmaantehtaanmyymala.fi\/wp-content\/uploads\/2020\/11\/Kaverit-moottorisanky-90.jpg?fit=1200%2C1200&ssl=1&resize=700%2C400 2x, https:\/\/i0.wp.com\/pohjanmaantehtaanmyymala.fi\/wp-content\/uploads\/2020\/11\/Kaverit-moottorisanky-90.jpg?fit=1200%2C1200&ssl=1&resize=1050%2C600 3x"},"classes":[]},{"id":10516,"url":"https:\/\/pohjanmaantehtaanmyymala.fi\/sv\/tuote\/uniikki-lux-jenkkisanky-petauspatjalla\/","url_meta":{"origin":15477,"position":2},"title":"HIGH LUX &#8211; jenkkis\u00e4nky 120 cm visco-petauspatjalla","author":"petri","date":"september 14, 2019","format":false,"excerpt":"T\u00e4m\u00e4 muhkea s\u00e4nky kruunaa t\u00e4ydellisen makuuhuoneen.","rel":"","context":"Liknande produkt","block_context":{"text":"Liknande produkt","link":""},"img":{"alt_text":"","src":"https:\/\/i0.wp.com\/pohjanmaantehtaanmyymala.fi\/wp-content\/uploads\/2019\/09\/Uniikkilux-120-1500pxl.jpg?fit=960%2C960&ssl=1&resize=350%2C200","width":350,"height":200,"srcset":"https:\/\/i0.wp.com\/pohjanmaantehtaanmyymala.fi\/wp-content\/uploads\/2019\/09\/Uniikkilux-120-1500pxl.jpg?fit=960%2C960&ssl=1&resize=350%2C200 1x, https:\/\/i0.wp.com\/pohjanmaantehtaanmyymala.fi\/wp-content\/uploads\/2019\/09\/Uniikkilux-120-1500pxl.jpg?fit=960%2C960&ssl=1&resize=525%2C300 1.5x, https:\/\/i0.wp.com\/pohjanmaantehtaanmyymala.fi\/wp-content\/uploads\/2019\/09\/Uniikkilux-120-1500pxl.jpg?fit=960%2C960&ssl=1&resize=700%2C400 2x"},"classes":[]},{"id":17529,"url":"https:\/\/pohjanmaantehtaanmyymala.fi\/sv\/tuote\/high-lux-jenkkisanky-140-cm-visco-petauspatjalla\/","url_meta":{"origin":15477,"position":3},"title":"HIGH LUX &#8211; jenkkis\u00e4nky 140 cm visco-petauspatjalla","author":"Sami Viitala","date":"juli 13, 2021","format":false,"excerpt":"T\u00e4m\u00e4 muhkea s\u00e4nky kruunaa t\u00e4ydellisen makuuhuoneen.","rel":"","context":"Liknande produkt","block_context":{"text":"Liknande produkt","link":""},"img":{"alt_text":"High lux jenkki 140 cm","src":"https:\/\/i0.wp.com\/pohjanmaantehtaanmyymala.fi\/wp-content\/uploads\/2021\/07\/Uniikki_Lux_jenkki_140-2.jpg?fit=1200%2C1200&ssl=1&resize=350%2C200","width":350,"height":200,"srcset":"https:\/\/i0.wp.com\/pohjanmaantehtaanmyymala.fi\/wp-content\/uploads\/2021\/07\/Uniikki_Lux_jenkki_140-2.jpg?fit=1200%2C1200&ssl=1&resize=350%2C200 1x, https:\/\/i0.wp.com\/pohjanmaantehtaanmyymala.fi\/wp-content\/uploads\/2021\/07\/Uniikki_Lux_jenkki_140-2.jpg?fit=1200%2C1200&ssl=1&resize=525%2C300 1.5x, https:\/\/i0.wp.com\/pohjanmaantehtaanmyymala.fi\/wp-content\/uploads\/2021\/07\/Uniikki_Lux_jenkki_140-2.jpg?fit=1200%2C1200&ssl=1&resize=700%2C400 2x, https:\/\/i0.wp.com\/pohjanmaantehtaanmyymala.fi\/wp-content\/uploads\/2021\/07\/Uniikki_Lux_jenkki_140-2.jpg?fit=1200%2C1200&ssl=1&resize=1050%2C600 3x"},"classes":[]},{"id":17540,"url":"https:\/\/pohjanmaantehtaanmyymala.fi\/sv\/tuote\/high-lux-jenkkisanky-160-cm-visco-petauspatjalla\/","url_meta":{"origin":15477,"position":4},"title":"HIGH LUX &#8211; jenkkis\u00e4nky 160 cm visco-petauspatjalla","author":"Sami Viitala","date":"juli 16, 2021","format":false,"excerpt":"T\u00e4m\u00e4 muhkea s\u00e4nky kruunaa t\u00e4ydellisen makuuhuoneen.","rel":"","context":"Liknande produkt","block_context":{"text":"Liknande produkt","link":""},"img":{"alt_text":"High lux jenkki 160x200 cm","src":"https:\/\/i0.wp.com\/pohjanmaantehtaanmyymala.fi\/wp-content\/uploads\/2021\/07\/Uniikki_Lux_jenkki_160.jpg?fit=1200%2C1200&ssl=1&resize=350%2C200","width":350,"height":200,"srcset":"https:\/\/i0.wp.com\/pohjanmaantehtaanmyymala.fi\/wp-content\/uploads\/2021\/07\/Uniikki_Lux_jenkki_160.jpg?fit=1200%2C1200&ssl=1&resize=350%2C200 1x, https:\/\/i0.wp.com\/pohjanmaantehtaanmyymala.fi\/wp-content\/uploads\/2021\/07\/Uniikki_Lux_jenkki_160.jpg?fit=1200%2C1200&ssl=1&resize=525%2C300 1.5x, https:\/\/i0.wp.com\/pohjanmaantehtaanmyymala.fi\/wp-content\/uploads\/2021\/07\/Uniikki_Lux_jenkki_160.jpg?fit=1200%2C1200&ssl=1&resize=700%2C400 2x, https:\/\/i0.wp.com\/pohjanmaantehtaanmyymala.fi\/wp-content\/uploads\/2021\/07\/Uniikki_Lux_jenkki_160.jpg?fit=1200%2C1200&ssl=1&resize=1050%2C600 3x"},"classes":[]},{"id":17548,"url":"https:\/\/pohjanmaantehtaanmyymala.fi\/sv\/tuote\/high-lux-jenkkisanky-180-cm-visco-petauspatjalla\/","url_meta":{"origin":15477,"position":5},"title":"HIGH LUX &#8211; jenkkis\u00e4nky 180 cm visco-petauspatjalla","author":"Sami Viitala","date":"juli 16, 2021","format":false,"excerpt":"T\u00e4m\u00e4 muhkea s\u00e4nky kruunaa t\u00e4ydellisen makuuhuoneen.","rel":"","context":"Liknande produkt","block_context":{"text":"Liknande produkt","link":""},"img":{"alt_text":"High lux jenkki 180x200 cm","src":"https:\/\/i0.wp.com\/pohjanmaantehtaanmyymala.fi\/wp-content\/uploads\/2021\/07\/Uniikki_Lux_jenkki_180.jpg?fit=1200%2C1200&ssl=1&resize=350%2C200","width":350,"height":200,"srcset":"https:\/\/i0.wp.com\/pohjanmaantehtaanmyymala.fi\/wp-content\/uploads\/2021\/07\/Uniikki_Lux_jenkki_180.jpg?fit=1200%2C1200&ssl=1&resize=350%2C200 1x, https:\/\/i0.wp.com\/pohjanmaantehtaanmyymala.fi\/wp-content\/uploads\/2021\/07\/Uniikki_Lux_jenkki_180.jpg?fit=1200%2C1200&ssl=1&resize=525%2C300 1.5x, https:\/\/i0.wp.com\/pohjanmaantehtaanmyymala.fi\/wp-content\/uploads\/2021\/07\/Uniikki_Lux_jenkki_180.jpg?fit=1200%2C1200&ssl=1&resize=700%2C400 2x, https:\/\/i0.wp.com\/pohjanmaantehtaanmyymala.fi\/wp-content\/uploads\/2021\/07\/Uniikki_Lux_jenkki_180.jpg?fit=1200%2C1200&ssl=1&resize=1050%2C600 3x"},"classes":[]}],"_links":{"self":[{"href":"https:\/\/pohjanmaantehtaanmyymala.fi\/sv\/wp-json\/wp\/v2\/product\/15477","targetHints":{"allow":["GET"]}}],"collection":[{"href":"https:\/\/pohjanmaantehtaanmyymala.fi\/sv\/wp-json\/wp\/v2\/product"}],"about":[{"href":"https:\/\/pohjanmaantehtaanmyymala.fi\/sv\/wp-json\/wp\/v2\/types\/product"}],"replies":[{"embeddable":true,"href":"https:\/\/pohjanmaantehtaanmyymala.fi\/sv\/wp-json\/wp\/v2\/comments?post=15477"}],"wp:featuredmedia":[{"embeddable":true,"href":"https:\/\/pohjanmaantehtaanmyymala.fi\/sv\/wp-json\/wp\/v2\/media\/15478"}],"wp:attachment":[{"href":"https:\/\/pohjanmaantehtaanmyymala.fi\/sv\/wp-json\/wp\/v2\/media?parent=15477"}],"wp:term":[{"taxonomy":"product_brand","embeddable":true,"href":"https:\/\/pohjanmaantehtaanmyymala.fi\/sv\/wp-json\/wp\/v2\/product_brand?post=15477"},{"taxonomy":"product_cat","embeddable":true,"href":"https:\/\/pohjanmaantehtaanmyymala.fi\/sv\/wp-json\/wp\/v2\/product_cat?post=15477"},{"taxonomy":"product_tag","embeddable":true,"href":"https:\/\/pohjanmaantehtaanmyymala.fi\/sv\/wp-json\/wp\/v2\/product_tag?post=15477"}],"curies":[{"name":"wp","href":"https:\/\/api.w.org\/{rel}","templated":true}]}}