{"id":15372,"date":"2020-11-17T09:52:28","date_gmt":"2020-11-17T07:52:28","guid":{"rendered":"https:\/\/pohjanmaantehtaanmyymala.fi\/?post_type=product&#038;p=15372"},"modified":"2025-07-11T15:08:38","modified_gmt":"2025-07-11T13:08:38","slug":"kaverit-pocket-jenkkisanky-120x200-cm","status":"publish","type":"product","link":"https:\/\/pohjanmaantehtaanmyymala.fi\/sv\/tuote\/kaverit-pocket-jenkkisanky-120x200-cm\/","title":{"rendered":"Kaverit Pocket -moottoris\u00e4nky 90&#215;200 cm"},"content":{"rendered":"<p>Kaverit Pocket -moottoris\u00e4nky sinulle, joka etsit edullista toimivaa moottoris\u00e4nky\u00e4. S\u00e4ngyn runko on verhoiltu tyylikk\u00e4\u00e4ll\u00e4 mustalla kankaalla, mik\u00e4 sopii hyvin kaikkeen sisustukseen.<br \/>\nMoottoris\u00e4gyn patja on pussijousitettu, joka on integroitu, eli verhoiltu kiinte\u00e4sti runkoon. S\u00e4\u00e4t\u00f6s\u00e4ngyss\u00e4 on joustokankaalla verhoiltu n. 4 cm paksu vaahtomuovisijauspatja. S\u00e4nkypakettiin kuuluu my\u00f6s mustat jalat. S\u00e4ngyn ohjain on lagallinen. S\u00e4nky s\u00e4\u00e4tyy molemmist\u00e4 p\u00e4\u00e4dyist\u00e4. S\u00e4\u00e4dett\u00e4v\u00e4ss\u00e4 moottoris\u00e4ngyss\u00e4 on monia hyvi\u00e4 puolia, jopa terveydellisi\u00e4 etuja s\u00e4ngyn s\u00e4\u00e4dett\u00e4vyyden ansiosta. Moottoris\u00e4ngyss\u00e4 luet mukavasti kirjaa tai katsot pitk\u00e4n illan elokuvan \u00e4lylaitteelta tai TV:st\u00e4 ergomisessa asennossa v\u00e4sytt\u00e4m\u00e4tt\u00e4si niskaasi. Terveydellisi\u00e4 etuja ovat muun muassa se, ett\u00e4 voit nukkua hieman p\u00e4\u00e4 ylh\u00e4\u00e4ll\u00e4, jolloin esimerkiksi kuorsaaminen v\u00e4henee tai jopa kokonaan lakkaa.<\/p>\n<p>Voit kysy\u00e4 lis\u00e4tietoja esimerkiksi asennuksesta ja kuljetuksesta sek\u00e4 muista s\u00e4\u00e4t\u00f6s\u00e4nkyvaihtoehdoista <a href=\"https:\/\/pohjanmaantehtaanmyymala.fi\/yhteys\/\">myynnist\u00e4mme.<\/a><\/p>\n<h3>Tuotetiedot:<\/h3>\n<p>Koko: leveys 90 cm, pituus 200 cm, korkeus 57 cm.<br \/>\nTiedot: Verhoiltu mustalla\u00a0huonekalukankaalla.<br \/>\nV\u00e4lipatja: Pussijousitettu. Jousen lankavahvuus 1,8 mm.<br \/>\nPetauspatja: Sisus vaahtomuovia, irroitettava ja pest\u00e4v\u00e4 joustokangasp\u00e4\u00e4llinen, paksuus n. 4 cm.<br \/>\nJalat: mustat, massiivipuuta<\/p>\n","protected":false},"excerpt":{"rendered":"<p>T\u00e4st\u00e4 tyylik\u00e4s moottoris\u00e4nkypaketti huippuedullisesti!<\/p>\n","protected":false},"featured_media":15410,"comment_status":"closed","ping_status":"closed","template":"","meta":{"_acf_changed":false,"jetpack_post_was_ever_published":false,"jetpack_publicize_message":"","jetpack_publicize_feature_enabled":true,"jetpack_social_post_already_shared":true,"jetpack_social_options":{"image_generator_settings":{"template":"highway","default_image_id":0,"font":"","enabled":false},"version":2}},"product_brand":[206],"product_cat":[198],"product_tag":[],"class_list":{"0":"post-15372","1":"product","2":"type-product","3":"status-publish","4":"has-post-thumbnail","6":"product_brand-furnico","7":"product_cat-patjat-ja-sangyt","8":"product_shipping_class-161","10":"first","11":"onbackorder","12":"sale","13":"purchasable","14":"product-type-simple"},"acf":[],"jetpack_publicize_connections":[],"jetpack_sharing_enabled":true,"jetpack-related-posts":[{"id":15477,"url":"https:\/\/pohjanmaantehtaanmyymala.fi\/sv\/tuote\/kaverit-pocket-jenkkisanky-120x200-cm-2\/","url_meta":{"origin":15372,"position":0},"title":"Kaverit Pocket -jenkkis\u00e4nky 120&#215;200 cm","author":"Sami Viitala","date":"november 18, 2020","format":false,"excerpt":"T\u00e4st\u00e4 t\u00e4ydellinen jenkkis\u00e4nkypaketti edullisesti.","rel":"","context":"Liknande produkt","block_context":{"text":"Liknande produkt","link":""},"img":{"alt_text":"Kaverit jenkkis\u00e4nky 120 cm","src":"https:\/\/i0.wp.com\/pohjanmaantehtaanmyymala.fi\/wp-content\/uploads\/2020\/11\/Kaverit_Pocket_jenkkisanky_120-1.jpg?fit=1200%2C1200&ssl=1&resize=350%2C200","width":350,"height":200,"srcset":"https:\/\/i0.wp.com\/pohjanmaantehtaanmyymala.fi\/wp-content\/uploads\/2020\/11\/Kaverit_Pocket_jenkkisanky_120-1.jpg?fit=1200%2C1200&ssl=1&resize=350%2C200 1x, https:\/\/i0.wp.com\/pohjanmaantehtaanmyymala.fi\/wp-content\/uploads\/2020\/11\/Kaverit_Pocket_jenkkisanky_120-1.jpg?fit=1200%2C1200&ssl=1&resize=525%2C300 1.5x, https:\/\/i0.wp.com\/pohjanmaantehtaanmyymala.fi\/wp-content\/uploads\/2020\/11\/Kaverit_Pocket_jenkkisanky_120-1.jpg?fit=1200%2C1200&ssl=1&resize=700%2C400 2x, https:\/\/i0.wp.com\/pohjanmaantehtaanmyymala.fi\/wp-content\/uploads\/2020\/11\/Kaverit_Pocket_jenkkisanky_120-1.jpg?fit=1200%2C1200&ssl=1&resize=1050%2C600 3x"},"classes":[]},{"id":15358,"url":"https:\/\/pohjanmaantehtaanmyymala.fi\/sv\/tuote\/kaverit-pocket-jenkkisanky-160x200-cm\/","url_meta":{"origin":15372,"position":1},"title":"Kaverit Pocket -jenkkis\u00e4nky 160&#215;200 cm","author":"Sami Viitala","date":"november 16, 2020","format":false,"excerpt":"T\u00e4st\u00e4 pussijousitettu jenkkis\u00e4nkypaketti edullisesti.","rel":"","context":"Liknande produkt","block_context":{"text":"Liknande produkt","link":""},"img":{"alt_text":"Kaverit Pocjet jenkkis\u00e4nky musta runko","src":"https:\/\/i0.wp.com\/pohjanmaantehtaanmyymala.fi\/wp-content\/uploads\/2020\/11\/Kaverit_Pocket_jenkki_160.jpg?fit=1200%2C1200&ssl=1&resize=350%2C200","width":350,"height":200,"srcset":"https:\/\/i0.wp.com\/pohjanmaantehtaanmyymala.fi\/wp-content\/uploads\/2020\/11\/Kaverit_Pocket_jenkki_160.jpg?fit=1200%2C1200&ssl=1&resize=350%2C200 1x, https:\/\/i0.wp.com\/pohjanmaantehtaanmyymala.fi\/wp-content\/uploads\/2020\/11\/Kaverit_Pocket_jenkki_160.jpg?fit=1200%2C1200&ssl=1&resize=525%2C300 1.5x, https:\/\/i0.wp.com\/pohjanmaantehtaanmyymala.fi\/wp-content\/uploads\/2020\/11\/Kaverit_Pocket_jenkki_160.jpg?fit=1200%2C1200&ssl=1&resize=700%2C400 2x, https:\/\/i0.wp.com\/pohjanmaantehtaanmyymala.fi\/wp-content\/uploads\/2020\/11\/Kaverit_Pocket_jenkki_160.jpg?fit=1200%2C1200&ssl=1&resize=1050%2C600 3x"},"classes":[]},{"id":24627,"url":"https:\/\/pohjanmaantehtaanmyymala.fi\/sv\/tuote\/uniikki-ds-premium-moottorisanky-80x200-cm-petauspatjalla\/","url_meta":{"origin":15372,"position":2},"title":"Uniikki DS-premium moottoris\u00e4nky 80&#215;200 cm petauspatjalla","author":"Sami Viitala","date":"januari 12, 2024","format":false,"excerpt":"T\u00e4st\u00e4 tyylik\u00e4s moottoris\u00e4nkypaketti huippuedullisesti!","rel":"","context":"Liknande produkt","block_context":{"text":"Liknande produkt","link":""},"img":{"alt_text":"Uniikki Premium moottoris\u00e4nky 80x200 harmaa","src":"https:\/\/i0.wp.com\/pohjanmaantehtaanmyymala.fi\/wp-content\/uploads\/2024\/01\/Uniikki-Ds-premium-moottorisanky-80x200-1.jpg?fit=960%2C960&ssl=1&resize=350%2C200","width":350,"height":200,"srcset":"https:\/\/i0.wp.com\/pohjanmaantehtaanmyymala.fi\/wp-content\/uploads\/2024\/01\/Uniikki-Ds-premium-moottorisanky-80x200-1.jpg?fit=960%2C960&ssl=1&resize=350%2C200 1x, https:\/\/i0.wp.com\/pohjanmaantehtaanmyymala.fi\/wp-content\/uploads\/2024\/01\/Uniikki-Ds-premium-moottorisanky-80x200-1.jpg?fit=960%2C960&ssl=1&resize=525%2C300 1.5x, https:\/\/i0.wp.com\/pohjanmaantehtaanmyymala.fi\/wp-content\/uploads\/2024\/01\/Uniikki-Ds-premium-moottorisanky-80x200-1.jpg?fit=960%2C960&ssl=1&resize=700%2C400 2x"},"classes":[]},{"id":24677,"url":"https:\/\/pohjanmaantehtaanmyymala.fi\/sv\/tuote\/uniikki-ds-premium-moottorisanky-160x200-cm-petauspatjalla\/","url_meta":{"origin":15372,"position":3},"title":"Uniikki DS-premium moottoris\u00e4nky 160&#215;200 cm petauspatjalla","author":"Miro Nevala","date":"januari 29, 2024","format":false,"excerpt":"T\u00e4st\u00e4 laadukas moottoris\u00e4nkypaketti huippuedullisesti!","rel":"","context":"Liknande produkt","block_context":{"text":"Liknande produkt","link":""},"img":{"alt_text":"Uniikki DS-premium moottoris\u00e4nky 160x200","src":"https:\/\/i0.wp.com\/pohjanmaantehtaanmyymala.fi\/wp-content\/uploads\/2024\/01\/Uniikki_DS-premium_moottorisanky_160x200-960dpi.jpg?fit=960%2C960&ssl=1&resize=350%2C200","width":350,"height":200,"srcset":"https:\/\/i0.wp.com\/pohjanmaantehtaanmyymala.fi\/wp-content\/uploads\/2024\/01\/Uniikki_DS-premium_moottorisanky_160x200-960dpi.jpg?fit=960%2C960&ssl=1&resize=350%2C200 1x, https:\/\/i0.wp.com\/pohjanmaantehtaanmyymala.fi\/wp-content\/uploads\/2024\/01\/Uniikki_DS-premium_moottorisanky_160x200-960dpi.jpg?fit=960%2C960&ssl=1&resize=525%2C300 1.5x, https:\/\/i0.wp.com\/pohjanmaantehtaanmyymala.fi\/wp-content\/uploads\/2024\/01\/Uniikki_DS-premium_moottorisanky_160x200-960dpi.jpg?fit=960%2C960&ssl=1&resize=700%2C400 2x"},"classes":[]},{"id":27309,"url":"https:\/\/pohjanmaantehtaanmyymala.fi\/sv\/tuote\/eden-9-moottorisankypaketti-paadylla-180x200-cm\/","url_meta":{"origin":15372,"position":4},"title":"EDEN 9 moottoris\u00e4nkypaketti p\u00e4\u00e4dyll\u00e4 180&#215;200 cm","author":"Sami Viitala","date":"oktober 4, 2024","format":false,"excerpt":"Eden 9 on sarjansa laadukkain ja ylellisin moottoris\u00e4nky.","rel":"","context":"Liknande produkt","block_context":{"text":"Liknande produkt","link":""},"img":{"alt_text":"Eden 9 moottoris\u00e4nky paketti 160x200 cm p\u00e4\u00e4dyll\u00e4 Sammal v\u00e4rin\u00e4","src":"https:\/\/i0.wp.com\/pohjanmaantehtaanmyymala.fi\/wp-content\/uploads\/2024\/10\/EDEN-9-pari-mosa-paadylla.jpg?fit=960%2C960&ssl=1&resize=350%2C200","width":350,"height":200,"srcset":"https:\/\/i0.wp.com\/pohjanmaantehtaanmyymala.fi\/wp-content\/uploads\/2024\/10\/EDEN-9-pari-mosa-paadylla.jpg?fit=960%2C960&ssl=1&resize=350%2C200 1x, https:\/\/i0.wp.com\/pohjanmaantehtaanmyymala.fi\/wp-content\/uploads\/2024\/10\/EDEN-9-pari-mosa-paadylla.jpg?fit=960%2C960&ssl=1&resize=525%2C300 1.5x, https:\/\/i0.wp.com\/pohjanmaantehtaanmyymala.fi\/wp-content\/uploads\/2024\/10\/EDEN-9-pari-mosa-paadylla.jpg?fit=960%2C960&ssl=1&resize=700%2C400 2x"},"classes":[]},{"id":27379,"url":"https:\/\/pohjanmaantehtaanmyymala.fi\/sv\/tuote\/eden-9-moottorisanky-90x200-cm-petauspatjalla\/","url_meta":{"origin":15372,"position":5},"title":"EDEN 9 -moottoris\u00e4nky 90&#215;200 cm petauspatjalla","author":"Sami Viitala","date":"oktober 11, 2024","format":false,"excerpt":"Laadukkas ja ylellinen mottoris\u00e4nkypaketti.","rel":"","context":"Liknande produkt","block_context":{"text":"Liknande produkt","link":""},"img":{"alt_text":"Eden 9 moottoris\u00e4nky leveys 90 cm sammal-verhoilulla ja Premium-petauspatjalla.","src":"https:\/\/i0.wp.com\/pohjanmaantehtaanmyymala.fi\/wp-content\/uploads\/2024\/10\/EDEN-9-mosa-yksikko.jpg?fit=960%2C960&ssl=1&resize=350%2C200","width":350,"height":200,"srcset":"https:\/\/i0.wp.com\/pohjanmaantehtaanmyymala.fi\/wp-content\/uploads\/2024\/10\/EDEN-9-mosa-yksikko.jpg?fit=960%2C960&ssl=1&resize=350%2C200 1x, https:\/\/i0.wp.com\/pohjanmaantehtaanmyymala.fi\/wp-content\/uploads\/2024\/10\/EDEN-9-mosa-yksikko.jpg?fit=960%2C960&ssl=1&resize=525%2C300 1.5x, https:\/\/i0.wp.com\/pohjanmaantehtaanmyymala.fi\/wp-content\/uploads\/2024\/10\/EDEN-9-mosa-yksikko.jpg?fit=960%2C960&ssl=1&resize=700%2C400 2x"},"classes":[]}],"_links":{"self":[{"href":"https:\/\/pohjanmaantehtaanmyymala.fi\/sv\/wp-json\/wp\/v2\/product\/15372","targetHints":{"allow":["GET"]}}],"collection":[{"href":"https:\/\/pohjanmaantehtaanmyymala.fi\/sv\/wp-json\/wp\/v2\/product"}],"about":[{"href":"https:\/\/pohjanmaantehtaanmyymala.fi\/sv\/wp-json\/wp\/v2\/types\/product"}],"replies":[{"embeddable":true,"href":"https:\/\/pohjanmaantehtaanmyymala.fi\/sv\/wp-json\/wp\/v2\/comments?post=15372"}],"wp:featuredmedia":[{"embeddable":true,"href":"https:\/\/pohjanmaantehtaanmyymala.fi\/sv\/wp-json\/wp\/v2\/media\/15410"}],"wp:attachment":[{"href":"https:\/\/pohjanmaantehtaanmyymala.fi\/sv\/wp-json\/wp\/v2\/media?parent=15372"}],"wp:term":[{"taxonomy":"product_brand","embeddable":true,"href":"https:\/\/pohjanmaantehtaanmyymala.fi\/sv\/wp-json\/wp\/v2\/product_brand?post=15372"},{"taxonomy":"product_cat","embeddable":true,"href":"https:\/\/pohjanmaantehtaanmyymala.fi\/sv\/wp-json\/wp\/v2\/product_cat?post=15372"},{"taxonomy":"product_tag","embeddable":true,"href":"https:\/\/pohjanmaantehtaanmyymala.fi\/sv\/wp-json\/wp\/v2\/product_tag?post=15372"}],"curies":[{"name":"wp","href":"https:\/\/api.w.org\/{rel}","templated":true}]}}