{"id":15312,"date":"2020-11-16T14:27:08","date_gmt":"2020-11-16T12:27:08","guid":{"rendered":"https:\/\/pohjanmaantehtaanmyymala.fi\/?post_type=product&#038;p=15312"},"modified":"2024-12-05T17:46:02","modified_gmt":"2024-12-05T15:46:02","slug":"moduli-3-ist-nahkasohva-musta","status":"publish","type":"product","link":"https:\/\/pohjanmaantehtaanmyymala.fi\/sv\/tuote\/moduli-3-ist-nahkasohva-musta\/","title":{"rendered":"MODULI 3-ist. nahkasohva musta"},"content":{"rendered":"<p><iframe style=\"width: 100%; border: none;\" src=\"https:\/\/v1.pixriot.com?spin=444807f0f3\/VAPAAT\/Moduli\/E_D2_E_SoftAntique0100\/360_assets\/Moduli_E-D2-E_SoftAntique0100&amp;t=1606226287\" height=\"500\" allowfullscreen=\"allowfullscreen\"><span style=\"display: inline-block; width: 0px; overflow: hidden; line-height: 0;\" data-mce-type=\"bookmark\" class=\"mce_SELRES_start\">\ufeff<\/span><\/iframe><\/p>\n<p>Suoralinjainen Moduli -sohva sopii hyvin suomalaiseen kotiin. Moduli on eniten suosituimpia sohvamallejamme. Moduli sopii kompaktin koon vuoksi monenlaisiin tiloihin.\u00a0 Moduli sohvassa istut todella mukavasti. Moduli sohvassa on korkea jalka, joka helpottaa imurointia sohvan alta ja tekee sohvasta kevyen n\u00e4k\u00f6isen.<br \/>\nPohjanmaan Kalusteen Moduli sohva on verhoiltu miellytt\u00e4v\u00e4ll\u00e4 mustalla 0100 v\u00e4risell\u00e4 Soft Antique -nahalla. Sohvan taustat ovat keinonahkaa.<\/p>\n<p>Soft Antique -nahkoja on saatavana muillakin eri v\u00e4reill\u00e4 sek\u00e4 my\u00f6s muilla nahka- ja kangasvaihtoehdoilla. Kysy hintatietoa <a href=\"https:\/\/www.pohjanmaantehtaanmyymala.fi\/yhteys\/\">myynnist\u00e4mme.<\/a><\/p>\n<h3>Tuotetiedot:<\/h3>\n<p>Leveys 205 cm<br \/>\nSyvyys 88 cm<br \/>\nKorkeus 86 cm<br \/>\nSohvan istumakorkeus on 45cm ja istuinsyvyys 55cm.<\/p>\n<p>Tekniset tiedot:<br \/>\nRunko: Massiivipuuvanerista (takuu 25 v.)<br \/>\nIstuin: No-zag jouset, 15cm HR35130 vaahtomuovi+vanu.<br \/>\nSelk\u00e4tyynyt: Vaahtomuovi + vanu.<\/p>\n<p>Sohva toimitetaan jalat irrallaan.<\/p>\n<p><strong>Tilaustuote, toimitusaika n. 4-6 viikkoa.<\/strong><\/p>\n","protected":false},"excerpt":{"rendered":"<p>Moduli sohva on POP! Pohjanmaan -nahkasohva.<\/p>\n","protected":false},"featured_media":15865,"comment_status":"closed","ping_status":"closed","template":"","meta":{"_acf_changed":false,"jetpack_post_was_ever_published":false,"jetpack_publicize_message":"","jetpack_publicize_feature_enabled":true,"jetpack_social_post_already_shared":true,"jetpack_social_options":{"image_generator_settings":{"template":"highway","default_image_id":0,"font":"","enabled":false},"version":2}},"product_brand":[270],"product_cat":[201],"product_tag":[239],"class_list":{"0":"post-15312","1":"product","2":"type-product","3":"status-publish","4":"has-post-thumbnail","6":"product_brand-pohjanmaan","7":"product_cat-sohvat","8":"product_tag-nahkasohva-pohjanmaan","9":"product_shipping_class-161","11":"first","12":"instock","13":"sale","14":"purchasable","15":"product-type-simple"},"acf":[],"jetpack_publicize_connections":[],"jetpack_sharing_enabled":true,"jetpack-related-posts":[{"id":13388,"url":"https:\/\/pohjanmaantehtaanmyymala.fi\/sv\/tuote\/moduli-3-istuttava-nahkasohva-konjakki\/","url_meta":{"origin":15312,"position":0},"title":"MODULI 3-ist. nahkasohva konjakki","author":"Sami Viitala","date":"september 22, 2020","format":false,"excerpt":"Perussohva, joka on suomalaisten suosikki vuodesta toiseen.","rel":"","context":"Liknande produkt","block_context":{"text":"Liknande produkt","link":""},"img":{"alt_text":"Moduli nahkasohva konjakki","src":"https:\/\/i0.wp.com\/pohjanmaantehtaanmyymala.fi\/wp-content\/uploads\/2020\/09\/Moduli-nahkasohva-konjakki.jpg?fit=1200%2C1200&ssl=1&resize=350%2C200","width":350,"height":200,"srcset":"https:\/\/i0.wp.com\/pohjanmaantehtaanmyymala.fi\/wp-content\/uploads\/2020\/09\/Moduli-nahkasohva-konjakki.jpg?fit=1200%2C1200&ssl=1&resize=350%2C200 1x, https:\/\/i0.wp.com\/pohjanmaantehtaanmyymala.fi\/wp-content\/uploads\/2020\/09\/Moduli-nahkasohva-konjakki.jpg?fit=1200%2C1200&ssl=1&resize=525%2C300 1.5x, https:\/\/i0.wp.com\/pohjanmaantehtaanmyymala.fi\/wp-content\/uploads\/2020\/09\/Moduli-nahkasohva-konjakki.jpg?fit=1200%2C1200&ssl=1&resize=700%2C400 2x, https:\/\/i0.wp.com\/pohjanmaantehtaanmyymala.fi\/wp-content\/uploads\/2020\/09\/Moduli-nahkasohva-konjakki.jpg?fit=1200%2C1200&ssl=1&resize=1050%2C600 3x"},"classes":[]},{"id":9435,"url":"https:\/\/pohjanmaantehtaanmyymala.fi\/sv\/tuote\/moduli-32-istuttavat-nahkasohvat\/","url_meta":{"origin":15312,"position":1},"title":"MODULI 3 ja 2 -istuttavat nahkasohvat","author":"petri","date":"september 14, 2019","format":false,"excerpt":"Suoralinjainen ja siro Moduli -sohva sopii hyvin suomalaiseen kotiin. Moduli sohvassa istut todella mukavasti v\u00e4h\u00e4n pienemm\u00e4n istuinsyvyyden ansiosta sohva sopii hyvin v\u00e4h\u00e4n lyhyemm\u00e4llekin istujalle. Moduli sohvissa on aina korkea jalka joka helpottaa imurointia sohvan alta ja tekee sohvasta kevyen n\u00e4k\u00f6isen. Pohjanmaan kalusteen Moduli sohva on verhoiltu miellytt\u00e4v\u00e4ll\u00e4 aidolla Soft Antique\u2026","rel":"","context":"Liknande produkt","block_context":{"text":"Liknande produkt","link":""},"img":{"alt_text":"","src":"https:\/\/i0.wp.com\/pohjanmaantehtaanmyymala.fi\/wp-content\/uploads\/2019\/06\/moduli-3-2-1609.jpg?fit=960%2C960&ssl=1&resize=350%2C200","width":350,"height":200,"srcset":"https:\/\/i0.wp.com\/pohjanmaantehtaanmyymala.fi\/wp-content\/uploads\/2019\/06\/moduli-3-2-1609.jpg?fit=960%2C960&ssl=1&resize=350%2C200 1x, https:\/\/i0.wp.com\/pohjanmaantehtaanmyymala.fi\/wp-content\/uploads\/2019\/06\/moduli-3-2-1609.jpg?fit=960%2C960&ssl=1&resize=525%2C300 1.5x, https:\/\/i0.wp.com\/pohjanmaantehtaanmyymala.fi\/wp-content\/uploads\/2019\/06\/moduli-3-2-1609.jpg?fit=960%2C960&ssl=1&resize=700%2C400 2x"},"classes":[]},{"id":24472,"url":"https:\/\/pohjanmaantehtaanmyymala.fi\/sv\/tuote\/moduli-3-istuttava-sohva-nubuck\/","url_meta":{"origin":15312,"position":2},"title":"MODULI 3-istuttava sohva Nubuck","author":"Sami Viitala","date":"december 5, 2023","format":false,"excerpt":"Perussohva nahkaa muistuttavalla pintaverhoilulla. Valitse v\u00e4ri!","rel":"","context":"Liknande produkt","block_context":{"text":"Liknande produkt","link":""},"img":{"alt_text":"Pohjanmaan Moduli 3-istuttava sohva Nubuck-nahkaj\u00e4ljitelm\u00e4kangas konjakinruskea","src":"https:\/\/i0.wp.com\/pohjanmaantehtaanmyymala.fi\/wp-content\/uploads\/2023\/12\/Moduli_3-istuttava_sohva_nubuck_konjakki.jpg?fit=960%2C960&ssl=1&resize=350%2C200","width":350,"height":200,"srcset":"https:\/\/i0.wp.com\/pohjanmaantehtaanmyymala.fi\/wp-content\/uploads\/2023\/12\/Moduli_3-istuttava_sohva_nubuck_konjakki.jpg?fit=960%2C960&ssl=1&resize=350%2C200 1x, https:\/\/i0.wp.com\/pohjanmaantehtaanmyymala.fi\/wp-content\/uploads\/2023\/12\/Moduli_3-istuttava_sohva_nubuck_konjakki.jpg?fit=960%2C960&ssl=1&resize=525%2C300 1.5x, https:\/\/i0.wp.com\/pohjanmaantehtaanmyymala.fi\/wp-content\/uploads\/2023\/12\/Moduli_3-istuttava_sohva_nubuck_konjakki.jpg?fit=960%2C960&ssl=1&resize=700%2C400 2x"},"classes":[]},{"id":10930,"url":"https:\/\/pohjanmaantehtaanmyymala.fi\/sv\/tuote\/pohjanmaan-moduli-sohvakalusto-32-nahka\/","url_meta":{"origin":15312,"position":3},"title":"Pohjanmaan MODULI Superior -sohvaryhm\u00e4 3+2 nahkaa","author":"petri","date":"september 14, 2019","format":false,"excerpt":"Verhoiltu pehme\u00e4n ylellisell\u00e4 Labrador -t\u00e4yspintanahkalla.","rel":"","context":"Liknande produkt","block_context":{"text":"Liknande produkt","link":""},"img":{"alt_text":"","src":"https:\/\/i0.wp.com\/pohjanmaantehtaanmyymala.fi\/wp-content\/uploads\/2019\/09\/Moduli_sohvakalusto_3_2_2.jpg?fit=960%2C960&ssl=1&resize=350%2C200","width":350,"height":200,"srcset":"https:\/\/i0.wp.com\/pohjanmaantehtaanmyymala.fi\/wp-content\/uploads\/2019\/09\/Moduli_sohvakalusto_3_2_2.jpg?fit=960%2C960&ssl=1&resize=350%2C200 1x, https:\/\/i0.wp.com\/pohjanmaantehtaanmyymala.fi\/wp-content\/uploads\/2019\/09\/Moduli_sohvakalusto_3_2_2.jpg?fit=960%2C960&ssl=1&resize=525%2C300 1.5x, https:\/\/i0.wp.com\/pohjanmaantehtaanmyymala.fi\/wp-content\/uploads\/2019\/09\/Moduli_sohvakalusto_3_2_2.jpg?fit=960%2C960&ssl=1&resize=700%2C400 2x"},"classes":[]},{"id":10935,"url":"https:\/\/pohjanmaantehtaanmyymala.fi\/sv\/tuote\/pohjanmaan-moduli-kulmasohva-alk-kankaalla\/","url_meta":{"origin":15312,"position":4},"title":"Pohjanmaan MODULI -kulmasohva","author":"petri","date":"september 14, 2019","format":false,"excerpt":"Pohjanmaan Moduli-kulmasohva T\u00e4m\u00e4 Pohjanmaan kulmasohva on tykky ja hyv\u00e4 istua. Istuimessa ja selk\u00e4tyynyss\u00e4 HR-kimmovaahtomuovisisus, sek\u00e4 sohvan puurungolle annetaan 20-vuoden runkotakuu. Moduli -kulmasohvaan on valittavissa useita verhoiluvaihtoehtoja. Moduli -sohvasta voit r\u00e4\u00e4t\u00e4l\u00f6id\u00e4 haluamasi kokoonpanon jokaiseen tilaan. Moduli -sohvasta on valittavana 13 eri modulia ja 7 erilaista k\u00e4sinojavaihtoehtoa. Pyyd\u00e4 tarjous asiakaspalvelusta tai tule\u2026","rel":"","context":"Liknande produkt","block_context":{"text":"Liknande produkt","link":""},"img":{"alt_text":"","src":"https:\/\/i0.wp.com\/pohjanmaantehtaanmyymala.fi\/wp-content\/uploads\/2019\/09\/Moduli-kulmasohva-PBLDG.jpg?fit=960%2C960&ssl=1&resize=350%2C200","width":350,"height":200,"srcset":"https:\/\/i0.wp.com\/pohjanmaantehtaanmyymala.fi\/wp-content\/uploads\/2019\/09\/Moduli-kulmasohva-PBLDG.jpg?fit=960%2C960&ssl=1&resize=350%2C200 1x, https:\/\/i0.wp.com\/pohjanmaantehtaanmyymala.fi\/wp-content\/uploads\/2019\/09\/Moduli-kulmasohva-PBLDG.jpg?fit=960%2C960&ssl=1&resize=525%2C300 1.5x, https:\/\/i0.wp.com\/pohjanmaantehtaanmyymala.fi\/wp-content\/uploads\/2019\/09\/Moduli-kulmasohva-PBLDG.jpg?fit=960%2C960&ssl=1&resize=700%2C400 2x"},"classes":[]},{"id":27533,"url":"https:\/\/pohjanmaantehtaanmyymala.fi\/sv\/tuote\/pohjanmaan-moduli-kulmasohva-2-ist-kulma2-ist\/","url_meta":{"origin":15312,"position":5},"title":"Pohjanmaan MODULI kulmasohva 2-ist.+kulma+2-ist.","author":"Sami Viitala","date":"november 9, 2024","format":false,"excerpt":"Klassinen Moduli kulmasohva kangasverhoiltuna.","rel":"","context":"Liknande produkt","block_context":{"text":"Liknande produkt","link":""},"img":{"alt_text":"Moduli kulmasohva 2-istuttava iso kulmaosa ja 2-istuttava Cloud-kankaalla harmaa v\u00e4ri","src":"https:\/\/i0.wp.com\/pohjanmaantehtaanmyymala.fi\/wp-content\/uploads\/2024\/11\/Pohjanmaan_Moduli_kulmasohva_2K2-Cloud.jpg?fit=960%2C960&ssl=1&resize=350%2C200","width":350,"height":200,"srcset":"https:\/\/i0.wp.com\/pohjanmaantehtaanmyymala.fi\/wp-content\/uploads\/2024\/11\/Pohjanmaan_Moduli_kulmasohva_2K2-Cloud.jpg?fit=960%2C960&ssl=1&resize=350%2C200 1x, https:\/\/i0.wp.com\/pohjanmaantehtaanmyymala.fi\/wp-content\/uploads\/2024\/11\/Pohjanmaan_Moduli_kulmasohva_2K2-Cloud.jpg?fit=960%2C960&ssl=1&resize=525%2C300 1.5x, https:\/\/i0.wp.com\/pohjanmaantehtaanmyymala.fi\/wp-content\/uploads\/2024\/11\/Pohjanmaan_Moduli_kulmasohva_2K2-Cloud.jpg?fit=960%2C960&ssl=1&resize=700%2C400 2x"},"classes":[]}],"_links":{"self":[{"href":"https:\/\/pohjanmaantehtaanmyymala.fi\/sv\/wp-json\/wp\/v2\/product\/15312","targetHints":{"allow":["GET"]}}],"collection":[{"href":"https:\/\/pohjanmaantehtaanmyymala.fi\/sv\/wp-json\/wp\/v2\/product"}],"about":[{"href":"https:\/\/pohjanmaantehtaanmyymala.fi\/sv\/wp-json\/wp\/v2\/types\/product"}],"replies":[{"embeddable":true,"href":"https:\/\/pohjanmaantehtaanmyymala.fi\/sv\/wp-json\/wp\/v2\/comments?post=15312"}],"wp:featuredmedia":[{"embeddable":true,"href":"https:\/\/pohjanmaantehtaanmyymala.fi\/sv\/wp-json\/wp\/v2\/media\/15865"}],"wp:attachment":[{"href":"https:\/\/pohjanmaantehtaanmyymala.fi\/sv\/wp-json\/wp\/v2\/media?parent=15312"}],"wp:term":[{"taxonomy":"product_brand","embeddable":true,"href":"https:\/\/pohjanmaantehtaanmyymala.fi\/sv\/wp-json\/wp\/v2\/product_brand?post=15312"},{"taxonomy":"product_cat","embeddable":true,"href":"https:\/\/pohjanmaantehtaanmyymala.fi\/sv\/wp-json\/wp\/v2\/product_cat?post=15312"},{"taxonomy":"product_tag","embeddable":true,"href":"https:\/\/pohjanmaantehtaanmyymala.fi\/sv\/wp-json\/wp\/v2\/product_tag?post=15312"}],"curies":[{"name":"wp","href":"https:\/\/api.w.org\/{rel}","templated":true}]}}