{"id":13388,"date":"2020-09-22T15:07:38","date_gmt":"2020-09-22T13:07:38","guid":{"rendered":"https:\/\/pohjanmaantehtaanmyymala.fi\/?post_type=product&#038;p=13388"},"modified":"2024-12-05T17:47:03","modified_gmt":"2024-12-05T15:47:03","slug":"moduli-3-istuttava-nahkasohva-konjakki","status":"publish","type":"product","link":"https:\/\/pohjanmaantehtaanmyymala.fi\/sv\/tuote\/moduli-3-istuttava-nahkasohva-konjakki\/","title":{"rendered":"MODULI 3-ist. nahkasohva konjakki"},"content":{"rendered":"<p>Suoralinjainen Moduli -sohva sopii hyvin suomalaiseen kotiin. Moduli on eniten suosituimpia sohvamallejamme. Moduli sopii kompaktin koon vuoksi monenlaisiin tiloihin.\u00a0 Moduli sohvassa istut todella mukavasti. Moduli sohvassa on korkea jalka, joka helpottaa imurointia sohvan alta ja tekee sohvasta kevyen n\u00e4k\u00f6isen.<br \/>\nPohjanmaan Kalusteen Moduli sohva on verhoiltu miellytt\u00e4v\u00e4ll\u00e4 konjakin v\u00e4risell\u00e4 Soft Antique -nahalla. Sohvan taustat ovat keinonahkaa.<\/p>\n<p>Soft Antique -nahkoja on saatavana muillakin eri v\u00e4reill\u00e4!<\/p>\n<p>Saatavilla my\u00f6s muilla nahka- ja kangasvaihtoehdoilla. Kysy lis\u00e4tietoa <a href=\"https:\/\/www.pohjanmaantehtaanmyymala.fi\/yhteys\/\">myynnist\u00e4mme.<\/a><\/p>\n<h3>Tuotetiedot:<\/h3>\n<p>Leveys 205 cm<br \/>\nSyvyys 88 cm<br \/>\nKorkeus 86 cm<br \/>\nSohvan istumakorkeus on 45cm ja istuinsyvyys 55cm.<\/p>\n<p>Tekniset tiedot:<br \/>\nRunko: Massiivipuuvanerista (takuu 25 v.)<br \/>\nIstuin: No-zag jouset, 15cm HR35130 vaahtomuovi+vanu.<br \/>\nSelk\u00e4tyynyt: Vaahtomuovi + vanu.<\/p>\n<p>Sohva toimitetaan jalat irrallaan.<\/p>\n","protected":false},"excerpt":{"rendered":"<p>Perussohva, joka on suomalaisten suosikki vuodesta toiseen.<\/p>\n","protected":false},"featured_media":13389,"comment_status":"closed","ping_status":"closed","template":"","meta":{"_acf_changed":false,"jetpack_post_was_ever_published":false,"jetpack_publicize_message":"","jetpack_publicize_feature_enabled":true,"jetpack_social_post_already_shared":true,"jetpack_social_options":{"image_generator_settings":{"template":"highway","default_image_id":0,"font":"","enabled":false},"version":2}},"product_brand":[270],"product_cat":[201],"product_tag":[239],"class_list":{"0":"post-13388","1":"product","2":"type-product","3":"status-publish","4":"has-post-thumbnail","6":"product_brand-pohjanmaan","7":"product_cat-sohvat","8":"product_tag-nahkasohva-pohjanmaan","9":"product_shipping_class-161","11":"first","12":"instock","13":"sale","14":"purchasable","15":"product-type-simple"},"acf":[],"jetpack_publicize_connections":[],"jetpack_sharing_enabled":true,"jetpack-related-posts":[{"id":15312,"url":"https:\/\/pohjanmaantehtaanmyymala.fi\/sv\/tuote\/moduli-3-ist-nahkasohva-musta\/","url_meta":{"origin":13388,"position":0},"title":"MODULI 3-ist. nahkasohva musta","author":"Sami Viitala","date":"november 16, 2020","format":false,"excerpt":"Moduli sohva on POP! Pohjanmaan -nahkasohva.","rel":"","context":"Liknande produkt","block_context":{"text":"Liknande produkt","link":""},"img":{"alt_text":"Moduli nahkasohva musta","src":"https:\/\/i0.wp.com\/pohjanmaantehtaanmyymala.fi\/wp-content\/uploads\/2020\/11\/Moduli_E-D2-E_SoftAntique_musta.jpg?fit=1200%2C1200&ssl=1&resize=350%2C200","width":350,"height":200,"srcset":"https:\/\/i0.wp.com\/pohjanmaantehtaanmyymala.fi\/wp-content\/uploads\/2020\/11\/Moduli_E-D2-E_SoftAntique_musta.jpg?fit=1200%2C1200&ssl=1&resize=350%2C200 1x, https:\/\/i0.wp.com\/pohjanmaantehtaanmyymala.fi\/wp-content\/uploads\/2020\/11\/Moduli_E-D2-E_SoftAntique_musta.jpg?fit=1200%2C1200&ssl=1&resize=525%2C300 1.5x, https:\/\/i0.wp.com\/pohjanmaantehtaanmyymala.fi\/wp-content\/uploads\/2020\/11\/Moduli_E-D2-E_SoftAntique_musta.jpg?fit=1200%2C1200&ssl=1&resize=700%2C400 2x, https:\/\/i0.wp.com\/pohjanmaantehtaanmyymala.fi\/wp-content\/uploads\/2020\/11\/Moduli_E-D2-E_SoftAntique_musta.jpg?fit=1200%2C1200&ssl=1&resize=1050%2C600 3x"},"classes":[]},{"id":9435,"url":"https:\/\/pohjanmaantehtaanmyymala.fi\/sv\/tuote\/moduli-32-istuttavat-nahkasohvat\/","url_meta":{"origin":13388,"position":1},"title":"MODULI 3 ja 2 -istuttavat nahkasohvat","author":"petri","date":"september 14, 2019","format":false,"excerpt":"Suoralinjainen ja siro Moduli -sohva sopii hyvin suomalaiseen kotiin. Moduli sohvassa istut todella mukavasti v\u00e4h\u00e4n pienemm\u00e4n istuinsyvyyden ansiosta sohva sopii hyvin v\u00e4h\u00e4n lyhyemm\u00e4llekin istujalle. Moduli sohvissa on aina korkea jalka joka helpottaa imurointia sohvan alta ja tekee sohvasta kevyen n\u00e4k\u00f6isen. Pohjanmaan kalusteen Moduli sohva on verhoiltu miellytt\u00e4v\u00e4ll\u00e4 aidolla Soft Antique\u2026","rel":"","context":"Liknande produkt","block_context":{"text":"Liknande produkt","link":""},"img":{"alt_text":"","src":"https:\/\/i0.wp.com\/pohjanmaantehtaanmyymala.fi\/wp-content\/uploads\/2019\/06\/moduli-3-2-1609.jpg?fit=960%2C960&ssl=1&resize=350%2C200","width":350,"height":200,"srcset":"https:\/\/i0.wp.com\/pohjanmaantehtaanmyymala.fi\/wp-content\/uploads\/2019\/06\/moduli-3-2-1609.jpg?fit=960%2C960&ssl=1&resize=350%2C200 1x, https:\/\/i0.wp.com\/pohjanmaantehtaanmyymala.fi\/wp-content\/uploads\/2019\/06\/moduli-3-2-1609.jpg?fit=960%2C960&ssl=1&resize=525%2C300 1.5x, https:\/\/i0.wp.com\/pohjanmaantehtaanmyymala.fi\/wp-content\/uploads\/2019\/06\/moduli-3-2-1609.jpg?fit=960%2C960&ssl=1&resize=700%2C400 2x"},"classes":[]},{"id":24472,"url":"https:\/\/pohjanmaantehtaanmyymala.fi\/sv\/tuote\/moduli-3-istuttava-sohva-nubuck\/","url_meta":{"origin":13388,"position":2},"title":"MODULI 3-istuttava sohva Nubuck","author":"Sami Viitala","date":"december 5, 2023","format":false,"excerpt":"Perussohva nahkaa muistuttavalla pintaverhoilulla. Valitse v\u00e4ri!","rel":"","context":"Liknande produkt","block_context":{"text":"Liknande produkt","link":""},"img":{"alt_text":"Pohjanmaan Moduli 3-istuttava sohva Nubuck-nahkaj\u00e4ljitelm\u00e4kangas konjakinruskea","src":"https:\/\/i0.wp.com\/pohjanmaantehtaanmyymala.fi\/wp-content\/uploads\/2023\/12\/Moduli_3-istuttava_sohva_nubuck_konjakki.jpg?fit=960%2C960&ssl=1&resize=350%2C200","width":350,"height":200,"srcset":"https:\/\/i0.wp.com\/pohjanmaantehtaanmyymala.fi\/wp-content\/uploads\/2023\/12\/Moduli_3-istuttava_sohva_nubuck_konjakki.jpg?fit=960%2C960&ssl=1&resize=350%2C200 1x, https:\/\/i0.wp.com\/pohjanmaantehtaanmyymala.fi\/wp-content\/uploads\/2023\/12\/Moduli_3-istuttava_sohva_nubuck_konjakki.jpg?fit=960%2C960&ssl=1&resize=525%2C300 1.5x, https:\/\/i0.wp.com\/pohjanmaantehtaanmyymala.fi\/wp-content\/uploads\/2023\/12\/Moduli_3-istuttava_sohva_nubuck_konjakki.jpg?fit=960%2C960&ssl=1&resize=700%2C400 2x"},"classes":[]},{"id":10930,"url":"https:\/\/pohjanmaantehtaanmyymala.fi\/sv\/tuote\/pohjanmaan-moduli-sohvakalusto-32-nahka\/","url_meta":{"origin":13388,"position":3},"title":"Pohjanmaan MODULI Superior -sohvaryhm\u00e4 3+2 nahkaa","author":"petri","date":"september 14, 2019","format":false,"excerpt":"Verhoiltu pehme\u00e4n ylellisell\u00e4 Labrador -t\u00e4yspintanahkalla.","rel":"","context":"Liknande produkt","block_context":{"text":"Liknande produkt","link":""},"img":{"alt_text":"","src":"https:\/\/i0.wp.com\/pohjanmaantehtaanmyymala.fi\/wp-content\/uploads\/2019\/09\/Moduli_sohvakalusto_3_2_2.jpg?fit=960%2C960&ssl=1&resize=350%2C200","width":350,"height":200,"srcset":"https:\/\/i0.wp.com\/pohjanmaantehtaanmyymala.fi\/wp-content\/uploads\/2019\/09\/Moduli_sohvakalusto_3_2_2.jpg?fit=960%2C960&ssl=1&resize=350%2C200 1x, https:\/\/i0.wp.com\/pohjanmaantehtaanmyymala.fi\/wp-content\/uploads\/2019\/09\/Moduli_sohvakalusto_3_2_2.jpg?fit=960%2C960&ssl=1&resize=525%2C300 1.5x, https:\/\/i0.wp.com\/pohjanmaantehtaanmyymala.fi\/wp-content\/uploads\/2019\/09\/Moduli_sohvakalusto_3_2_2.jpg?fit=960%2C960&ssl=1&resize=700%2C400 2x"},"classes":[]},{"id":27533,"url":"https:\/\/pohjanmaantehtaanmyymala.fi\/sv\/tuote\/pohjanmaan-moduli-kulmasohva-2-ist-kulma2-ist\/","url_meta":{"origin":13388,"position":4},"title":"Pohjanmaan MODULI kulmasohva 2-ist.+kulma+2-ist.","author":"Sami Viitala","date":"november 9, 2024","format":false,"excerpt":"Klassinen Moduli kulmasohva kangasverhoiltuna.","rel":"","context":"Liknande produkt","block_context":{"text":"Liknande produkt","link":""},"img":{"alt_text":"Moduli kulmasohva 2-istuttava iso kulmaosa ja 2-istuttava Cloud-kankaalla harmaa v\u00e4ri","src":"https:\/\/i0.wp.com\/pohjanmaantehtaanmyymala.fi\/wp-content\/uploads\/2024\/11\/Pohjanmaan_Moduli_kulmasohva_2K2-Cloud.jpg?fit=960%2C960&ssl=1&resize=350%2C200","width":350,"height":200,"srcset":"https:\/\/i0.wp.com\/pohjanmaantehtaanmyymala.fi\/wp-content\/uploads\/2024\/11\/Pohjanmaan_Moduli_kulmasohva_2K2-Cloud.jpg?fit=960%2C960&ssl=1&resize=350%2C200 1x, https:\/\/i0.wp.com\/pohjanmaantehtaanmyymala.fi\/wp-content\/uploads\/2024\/11\/Pohjanmaan_Moduli_kulmasohva_2K2-Cloud.jpg?fit=960%2C960&ssl=1&resize=525%2C300 1.5x, https:\/\/i0.wp.com\/pohjanmaantehtaanmyymala.fi\/wp-content\/uploads\/2024\/11\/Pohjanmaan_Moduli_kulmasohva_2K2-Cloud.jpg?fit=960%2C960&ssl=1&resize=700%2C400 2x"},"classes":[]},{"id":9438,"url":"https:\/\/pohjanmaantehtaanmyymala.fi\/sv\/tuote\/moduli-3-sohva-kangas\/","url_meta":{"origin":13388,"position":5},"title":"MODULI 3- ja 2 -istuttavat sohvat","author":"petri","date":"september 14, 2019","format":false,"excerpt":"Pohjanmaan Ajaton Moduli -sohvakalusto miellytt\u00e4v\u00e4ll\u00e4 Rodeo -kankaalla verhoiltuna.","rel":"","context":"Liknande produkt","block_context":{"text":"Liknande produkt","link":""},"img":{"alt_text":"","src":"https:\/\/i0.wp.com\/pohjanmaantehtaanmyymala.fi\/wp-content\/uploads\/2019\/06\/Moduli-D-B-Diamonds289-0008.jpg?fit=960%2C960&ssl=1&resize=350%2C200","width":350,"height":200,"srcset":"https:\/\/i0.wp.com\/pohjanmaantehtaanmyymala.fi\/wp-content\/uploads\/2019\/06\/Moduli-D-B-Diamonds289-0008.jpg?fit=960%2C960&ssl=1&resize=350%2C200 1x, https:\/\/i0.wp.com\/pohjanmaantehtaanmyymala.fi\/wp-content\/uploads\/2019\/06\/Moduli-D-B-Diamonds289-0008.jpg?fit=960%2C960&ssl=1&resize=525%2C300 1.5x, https:\/\/i0.wp.com\/pohjanmaantehtaanmyymala.fi\/wp-content\/uploads\/2019\/06\/Moduli-D-B-Diamonds289-0008.jpg?fit=960%2C960&ssl=1&resize=700%2C400 2x"},"classes":[]}],"_links":{"self":[{"href":"https:\/\/pohjanmaantehtaanmyymala.fi\/sv\/wp-json\/wp\/v2\/product\/13388","targetHints":{"allow":["GET"]}}],"collection":[{"href":"https:\/\/pohjanmaantehtaanmyymala.fi\/sv\/wp-json\/wp\/v2\/product"}],"about":[{"href":"https:\/\/pohjanmaantehtaanmyymala.fi\/sv\/wp-json\/wp\/v2\/types\/product"}],"replies":[{"embeddable":true,"href":"https:\/\/pohjanmaantehtaanmyymala.fi\/sv\/wp-json\/wp\/v2\/comments?post=13388"}],"wp:featuredmedia":[{"embeddable":true,"href":"https:\/\/pohjanmaantehtaanmyymala.fi\/sv\/wp-json\/wp\/v2\/media\/13389"}],"wp:attachment":[{"href":"https:\/\/pohjanmaantehtaanmyymala.fi\/sv\/wp-json\/wp\/v2\/media?parent=13388"}],"wp:term":[{"taxonomy":"product_brand","embeddable":true,"href":"https:\/\/pohjanmaantehtaanmyymala.fi\/sv\/wp-json\/wp\/v2\/product_brand?post=13388"},{"taxonomy":"product_cat","embeddable":true,"href":"https:\/\/pohjanmaantehtaanmyymala.fi\/sv\/wp-json\/wp\/v2\/product_cat?post=13388"},{"taxonomy":"product_tag","embeddable":true,"href":"https:\/\/pohjanmaantehtaanmyymala.fi\/sv\/wp-json\/wp\/v2\/product_tag?post=13388"}],"curies":[{"name":"wp","href":"https:\/\/api.w.org\/{rel}","templated":true}]}}