{"id":13207,"date":"2020-09-19T13:12:26","date_gmt":"2020-09-19T11:12:26","guid":{"rendered":"https:\/\/pohjanmaantehtaanmyymala.fi\/?post_type=product&#038;p=13207"},"modified":"2025-03-10T10:59:16","modified_gmt":"2025-03-10T08:59:16","slug":"aino-matto-160x230-cm-2","status":"publish","type":"product","link":"https:\/\/pohjanmaantehtaanmyymala.fi\/sv\/tuote\/aino-matto-160x230-cm-2\/","title":{"rendered":"Aino k\u00e4yt\u00e4v\u00e4matto 80&#215;200 cm"},"content":{"rendered":"<p><strong>Poistuva, beige v\u00e4ri\u00e4 vi\u00e4 pari j\u00e4ljell\u00e4.<\/strong><\/p>\n<p>Aino matto on paperinaruntyylinen 100 % polypropeenimatto. Soveltuu my\u00f6s ulkok\u00e4ytt\u00f6\u00f6n esim. terassille. Matosta saatavana eri v\u00e4rej\u00e4.<\/p>\n<p>Materiaali 100% heatset k\u00e4sitelty polypropeeni.<\/p>\n","protected":false},"excerpt":{"rendered":"<p>Kaunis polypropeenimatto kodin oleskelutiloihin ja terassille.<\/p>\n","protected":false},"featured_media":13197,"comment_status":"closed","ping_status":"closed","template":"","meta":{"_acf_changed":false,"jetpack_post_was_ever_published":false,"jetpack_publicize_message":"","jetpack_publicize_feature_enabled":true,"jetpack_social_post_already_shared":true,"jetpack_social_options":{"image_generator_settings":{"template":"highway","default_image_id":0,"font":"","enabled":false},"version":2}},"product_brand":[243],"product_cat":[210],"product_tag":[],"class_list":{"0":"post-13207","1":"product","2":"type-product","3":"status-publish","4":"has-post-thumbnail","6":"product_brand-villages","7":"product_cat-matot","8":"pa_vari-flamingo-roosa","9":"pa_vari-hopea","10":"pa_vari-turkoosi","12":"first","13":"instock","14":"sale","15":"shipping-taxable","16":"purchasable","17":"product-type-simple"},"acf":[],"jetpack_publicize_connections":[],"jetpack_sharing_enabled":true,"jetpack-related-posts":[{"id":13759,"url":"https:\/\/pohjanmaantehtaanmyymala.fi\/sv\/tuote\/aino-kaytamatto-80x250-cm\/","url_meta":{"origin":13207,"position":0},"title":"Aino k\u00e4yt\u00e4v\u00e4matto 80&#215;250 cm","author":"Sami Viitala","date":"oktober 9, 2020","format":false,"excerpt":"Kaunis polypropeenimatto kodin oleskelutiloihin ja terassille.","rel":"","context":"Liknande produkt","block_context":{"text":"Liknande produkt","link":""},"img":{"alt_text":"Aino matto flamingo 140x200","src":"https:\/\/i0.wp.com\/pohjanmaantehtaanmyymala.fi\/wp-content\/uploads\/2020\/09\/Aino-matto-flamingo-dedalj.jpg?fit=960%2C960&ssl=1&resize=350%2C200","width":350,"height":200,"srcset":"https:\/\/i0.wp.com\/pohjanmaantehtaanmyymala.fi\/wp-content\/uploads\/2020\/09\/Aino-matto-flamingo-dedalj.jpg?fit=960%2C960&ssl=1&resize=350%2C200 1x, https:\/\/i0.wp.com\/pohjanmaantehtaanmyymala.fi\/wp-content\/uploads\/2020\/09\/Aino-matto-flamingo-dedalj.jpg?fit=960%2C960&ssl=1&resize=525%2C300 1.5x, https:\/\/i0.wp.com\/pohjanmaantehtaanmyymala.fi\/wp-content\/uploads\/2020\/09\/Aino-matto-flamingo-dedalj.jpg?fit=960%2C960&ssl=1&resize=700%2C400 2x"},"classes":[]},{"id":13189,"url":"https:\/\/pohjanmaantehtaanmyymala.fi\/sv\/tuote\/aino-matto-140x200-cm\/","url_meta":{"origin":13207,"position":1},"title":"Aino matto 140&#215;200 cm","author":"Sami Viitala","date":"september 19, 2020","format":false,"excerpt":"Aino polypropeenimatto kodin oleskelutiloihin.","rel":"","context":"Liknande produkt","block_context":{"text":"Liknande produkt","link":""},"img":{"alt_text":"Aino matto flamingo 140x200","src":"https:\/\/i0.wp.com\/pohjanmaantehtaanmyymala.fi\/wp-content\/uploads\/2020\/09\/Aino-matto-flamingo-dedalj.jpg?fit=960%2C960&ssl=1&resize=350%2C200","width":350,"height":200,"srcset":"https:\/\/i0.wp.com\/pohjanmaantehtaanmyymala.fi\/wp-content\/uploads\/2020\/09\/Aino-matto-flamingo-dedalj.jpg?fit=960%2C960&ssl=1&resize=350%2C200 1x, https:\/\/i0.wp.com\/pohjanmaantehtaanmyymala.fi\/wp-content\/uploads\/2020\/09\/Aino-matto-flamingo-dedalj.jpg?fit=960%2C960&ssl=1&resize=525%2C300 1.5x, https:\/\/i0.wp.com\/pohjanmaantehtaanmyymala.fi\/wp-content\/uploads\/2020\/09\/Aino-matto-flamingo-dedalj.jpg?fit=960%2C960&ssl=1&resize=700%2C400 2x"},"classes":[]},{"id":13212,"url":"https:\/\/pohjanmaantehtaanmyymala.fi\/sv\/tuote\/aino-matto-160x230-cm\/","url_meta":{"origin":13207,"position":2},"title":"Aino matto 160&#215;230 cm","author":"Sami Viitala","date":"september 19, 2020","format":false,"excerpt":"Aino polypropeenimatto kodin oleskelutiloihin.","rel":"","context":"Liknande produkt","block_context":{"text":"Liknande produkt","link":""},"img":{"alt_text":"Aino matto turkoosi 140x200","src":"https:\/\/i0.wp.com\/pohjanmaantehtaanmyymala.fi\/wp-content\/uploads\/2020\/09\/Aino-matto-turkoosi-miljoo.jpg?fit=960%2C960&ssl=1&resize=350%2C200","width":350,"height":200,"srcset":"https:\/\/i0.wp.com\/pohjanmaantehtaanmyymala.fi\/wp-content\/uploads\/2020\/09\/Aino-matto-turkoosi-miljoo.jpg?fit=960%2C960&ssl=1&resize=350%2C200 1x, https:\/\/i0.wp.com\/pohjanmaantehtaanmyymala.fi\/wp-content\/uploads\/2020\/09\/Aino-matto-turkoosi-miljoo.jpg?fit=960%2C960&ssl=1&resize=525%2C300 1.5x, https:\/\/i0.wp.com\/pohjanmaantehtaanmyymala.fi\/wp-content\/uploads\/2020\/09\/Aino-matto-turkoosi-miljoo.jpg?fit=960%2C960&ssl=1&resize=700%2C400 2x"},"classes":[]},{"id":17263,"url":"https:\/\/pohjanmaantehtaanmyymala.fi\/sv\/tuote\/tupla-hanna-puutarhapenkki-manty\/","url_meta":{"origin":13207,"position":3},"title":"Tupla-Aino puutarhapenkki, kyll\u00e4stetty m\u00e4nty","author":"Sami Viitala","date":"april 17, 2021","format":false,"excerpt":"M\u00e4yntyinen pihapenkki p\u00f6yt\u00e4tasolla. Valitse v\u00e4ri!","rel":"","context":"Liknande produkt","block_context":{"text":"Liknande produkt","link":""},"img":{"alt_text":"Tupla-Hanna Aino Ville puutarha penkki kyll\u00e4stetty\u00e4 m\u00e4nty\u00e4 ruskea.","src":"https:\/\/i0.wp.com\/pohjanmaantehtaanmyymala.fi\/wp-content\/uploads\/2021\/04\/Aino_Tupla_puutarhapenkki_2.jpg?fit=960%2C960&ssl=1&resize=350%2C200","width":350,"height":200,"srcset":"https:\/\/i0.wp.com\/pohjanmaantehtaanmyymala.fi\/wp-content\/uploads\/2021\/04\/Aino_Tupla_puutarhapenkki_2.jpg?fit=960%2C960&ssl=1&resize=350%2C200 1x, https:\/\/i0.wp.com\/pohjanmaantehtaanmyymala.fi\/wp-content\/uploads\/2021\/04\/Aino_Tupla_puutarhapenkki_2.jpg?fit=960%2C960&ssl=1&resize=525%2C300 1.5x, https:\/\/i0.wp.com\/pohjanmaantehtaanmyymala.fi\/wp-content\/uploads\/2021\/04\/Aino_Tupla_puutarhapenkki_2.jpg?fit=960%2C960&ssl=1&resize=700%2C400 2x"},"classes":[]},{"id":24449,"url":"https:\/\/pohjanmaantehtaanmyymala.fi\/sv\/tuote\/jasmin-matto-o-160-cm\/","url_meta":{"origin":13207,"position":4},"title":"Jasmin py\u00f6re\u00e4 matto \u00d8 160 cm","author":"Sami Viitala","date":"december 5, 2023","format":false,"excerpt":"Kaunis sikkisentuntuinen nukkamatto. Valitse v\u00e4ri!","rel":"","context":"Liknande produkt","block_context":{"text":"Liknande produkt","link":""},"img":{"alt_text":"Villages Jasmine matto py\u00f6re\u00e4 160 cm valkoinen","src":"https:\/\/i0.wp.com\/pohjanmaantehtaanmyymala.fi\/wp-content\/uploads\/2023\/12\/Jasmine_valk_pyorea_detalje.jpg?fit=960%2C960&ssl=1&resize=350%2C200","width":350,"height":200,"srcset":"https:\/\/i0.wp.com\/pohjanmaantehtaanmyymala.fi\/wp-content\/uploads\/2023\/12\/Jasmine_valk_pyorea_detalje.jpg?fit=960%2C960&ssl=1&resize=350%2C200 1x, https:\/\/i0.wp.com\/pohjanmaantehtaanmyymala.fi\/wp-content\/uploads\/2023\/12\/Jasmine_valk_pyorea_detalje.jpg?fit=960%2C960&ssl=1&resize=525%2C300 1.5x, https:\/\/i0.wp.com\/pohjanmaantehtaanmyymala.fi\/wp-content\/uploads\/2023\/12\/Jasmine_valk_pyorea_detalje.jpg?fit=960%2C960&ssl=1&resize=700%2C400 2x"},"classes":[]},{"id":24346,"url":"https:\/\/pohjanmaantehtaanmyymala.fi\/sv\/tuote\/jasmin-matto-200x290-cm\/","url_meta":{"origin":13207,"position":5},"title":"Jasmin keskilattiamatto 200&#215;290 cm","author":"Sami Viitala","date":"december 4, 2023","format":false,"excerpt":"Kaunis sikkisentuntuinen nukkamatto. Valitse v\u00e4ri!","rel":"","context":"Liknande produkt","block_context":{"text":"Liknande produkt","link":""},"img":{"alt_text":"Villages Jasmine matto suorakaide pellava","src":"https:\/\/i0.wp.com\/pohjanmaantehtaanmyymala.fi\/wp-content\/uploads\/2023\/12\/1.Jasmine_pellava_paalta_Villages.jpg?fit=960%2C960&ssl=1&resize=350%2C200","width":350,"height":200,"srcset":"https:\/\/i0.wp.com\/pohjanmaantehtaanmyymala.fi\/wp-content\/uploads\/2023\/12\/1.Jasmine_pellava_paalta_Villages.jpg?fit=960%2C960&ssl=1&resize=350%2C200 1x, https:\/\/i0.wp.com\/pohjanmaantehtaanmyymala.fi\/wp-content\/uploads\/2023\/12\/1.Jasmine_pellava_paalta_Villages.jpg?fit=960%2C960&ssl=1&resize=525%2C300 1.5x, https:\/\/i0.wp.com\/pohjanmaantehtaanmyymala.fi\/wp-content\/uploads\/2023\/12\/1.Jasmine_pellava_paalta_Villages.jpg?fit=960%2C960&ssl=1&resize=700%2C400 2x"},"classes":[]}],"_links":{"self":[{"href":"https:\/\/pohjanmaantehtaanmyymala.fi\/sv\/wp-json\/wp\/v2\/product\/13207","targetHints":{"allow":["GET"]}}],"collection":[{"href":"https:\/\/pohjanmaantehtaanmyymala.fi\/sv\/wp-json\/wp\/v2\/product"}],"about":[{"href":"https:\/\/pohjanmaantehtaanmyymala.fi\/sv\/wp-json\/wp\/v2\/types\/product"}],"replies":[{"embeddable":true,"href":"https:\/\/pohjanmaantehtaanmyymala.fi\/sv\/wp-json\/wp\/v2\/comments?post=13207"}],"wp:featuredmedia":[{"embeddable":true,"href":"https:\/\/pohjanmaantehtaanmyymala.fi\/sv\/wp-json\/wp\/v2\/media\/13197"}],"wp:attachment":[{"href":"https:\/\/pohjanmaantehtaanmyymala.fi\/sv\/wp-json\/wp\/v2\/media?parent=13207"}],"wp:term":[{"taxonomy":"product_brand","embeddable":true,"href":"https:\/\/pohjanmaantehtaanmyymala.fi\/sv\/wp-json\/wp\/v2\/product_brand?post=13207"},{"taxonomy":"product_cat","embeddable":true,"href":"https:\/\/pohjanmaantehtaanmyymala.fi\/sv\/wp-json\/wp\/v2\/product_cat?post=13207"},{"taxonomy":"product_tag","embeddable":true,"href":"https:\/\/pohjanmaantehtaanmyymala.fi\/sv\/wp-json\/wp\/v2\/product_tag?post=13207"}],"curies":[{"name":"wp","href":"https:\/\/api.w.org\/{rel}","templated":true}]}}