{"id":12983,"date":"2020-09-14T19:55:36","date_gmt":"2020-09-14T17:55:36","guid":{"rendered":"https:\/\/www.pohjanmaantehtaanmyymala.fi\/?post_type=product&#038;p=12983"},"modified":"2024-06-20T10:59:18","modified_gmt":"2024-06-20T08:59:18","slug":"bergen-tuoli-musta-luonnonvari","status":"publish","type":"product","link":"https:\/\/pohjanmaantehtaanmyymala.fi\/sv\/tuote\/bergen-tuoli-musta-luonnonvari\/","title":{"rendered":"Bergen -tuoli musta\/luonnonv\u00e4ri"},"content":{"rendered":"<p>Trendik\u00e4s Bergen -kuppituoli sopii monen erityylisen ruokap\u00f6yd\u00e4nymp\u00e4rille tai vaikka ty\u00f6p\u00f6yd\u00e4n istuimeksi sellaisenaan. Bergen -tuolissa ovat kauniit puujalat.<\/p>\n<h3>Mittatiedot:<\/h3>\n<p>Leveys 48 cm, Pituus 55 cm, Korkeus 86 cm<br \/>\nIstuinsyvyys 42 cm<br \/>\nIstuinkorkeus 48 cm<\/p>\n<h3>Tuotetiedot:<\/h3>\n<p>Runko: Ter\u00e4st\u00e4<br \/>\nVerhoilu: Pu-keinonahka<br \/>\nPaino: 5,8 kg<\/p>\n<p>Toimitetaan 2 kpl:n pahvipakkauksessa jalat irrallaan.<\/p>\n","protected":false},"excerpt":{"rendered":"<p>Kaunis House Nordic Bergen -muovituoli verhoillulla istuimella ja luonnonv\u00e4risill\u00e4 puujaloilla.<\/p>\n","protected":false},"featured_media":12986,"comment_status":"closed","ping_status":"closed","template":"","meta":{"_acf_changed":false,"jetpack_post_was_ever_published":false,"jetpack_publicize_message":"","jetpack_publicize_feature_enabled":true,"jetpack_social_post_already_shared":true,"jetpack_social_options":{"image_generator_settings":{"template":"highway","default_image_id":0,"font":"","enabled":false},"version":2}},"product_brand":[220],"product_cat":[194],"product_tag":[],"class_list":{"0":"post-12983","1":"product","2":"type-product","3":"status-publish","4":"has-post-thumbnail","6":"product_brand-house-nordic","7":"product_cat-ruokapoydat-ja-tuolit","8":"product_shipping_class-161","10":"first","11":"onbackorder","12":"purchasable","13":"product-type-simple"},"acf":[],"jetpack_publicize_connections":[],"jetpack_sharing_enabled":true,"jetpack-related-posts":[{"id":22190,"url":"https:\/\/pohjanmaantehtaanmyymala.fi\/sv\/tuote\/oslo-tuoli-musta\/","url_meta":{"origin":12983,"position":0},"title":"Oslo &#8211; tuoli musta","author":"Sami Viitala","date":"januari 2, 2023","format":false,"excerpt":"PU-keinonahalla verhoiltu ja mustilla pulverimaalatuilla metallijaloilla varustettu Stockholm -tuoli House Nordic:lta.","rel":"","context":"Liknande produkt","block_context":{"text":"Liknande produkt","link":""},"img":{"alt_text":"House Nordic Oslo tuoli musta","src":"https:\/\/i0.wp.com\/pohjanmaantehtaanmyymala.fi\/wp-content\/uploads\/2023\/01\/Oslo-tuoli-1001001.jpg?fit=1000%2C1000&ssl=1&resize=350%2C200","width":350,"height":200,"srcset":"https:\/\/i0.wp.com\/pohjanmaantehtaanmyymala.fi\/wp-content\/uploads\/2023\/01\/Oslo-tuoli-1001001.jpg?fit=1000%2C1000&ssl=1&resize=350%2C200 1x, https:\/\/i0.wp.com\/pohjanmaantehtaanmyymala.fi\/wp-content\/uploads\/2023\/01\/Oslo-tuoli-1001001.jpg?fit=1000%2C1000&ssl=1&resize=525%2C300 1.5x, https:\/\/i0.wp.com\/pohjanmaantehtaanmyymala.fi\/wp-content\/uploads\/2023\/01\/Oslo-tuoli-1001001.jpg?fit=1000%2C1000&ssl=1&resize=700%2C400 2x"},"classes":[]},{"id":12961,"url":"https:\/\/pohjanmaantehtaanmyymala.fi\/sv\/tuote\/stockholm-tuoli\/","url_meta":{"origin":12983,"position":1},"title":"Stockholm &#8211; tuoli","author":"Sami Viitala","date":"september 14, 2020","format":false,"excerpt":"PU-keinonahalla verhoiltu ja mustilla pulverimaalatuilla metallijaloilla varustettu Stockholm -tuoli House Nordic:lta.","rel":"","context":"Liknande produkt","block_context":{"text":"Liknande produkt","link":""},"img":{"alt_text":"Stockholm tuoli","src":"https:\/\/i0.wp.com\/pohjanmaantehtaanmyymala.fi\/wp-content\/uploads\/2020\/09\/1001118.jpg?fit=1000%2C1000&ssl=1&resize=350%2C200","width":350,"height":200,"srcset":"https:\/\/i0.wp.com\/pohjanmaantehtaanmyymala.fi\/wp-content\/uploads\/2020\/09\/1001118.jpg?fit=1000%2C1000&ssl=1&resize=350%2C200 1x, https:\/\/i0.wp.com\/pohjanmaantehtaanmyymala.fi\/wp-content\/uploads\/2020\/09\/1001118.jpg?fit=1000%2C1000&ssl=1&resize=525%2C300 1.5x, https:\/\/i0.wp.com\/pohjanmaantehtaanmyymala.fi\/wp-content\/uploads\/2020\/09\/1001118.jpg?fit=1000%2C1000&ssl=1&resize=700%2C400 2x"},"classes":[]},{"id":18799,"url":"https:\/\/pohjanmaantehtaanmyymala.fi\/sv\/tuote\/stockholm-tuoli-roosa\/","url_meta":{"origin":12983,"position":2},"title":"Stockholm &#8211; tuoli, roosa","author":"Sami Viitala","date":"november 5, 2021","format":false,"excerpt":"Edullinen tuoli House Nordicilta.","rel":"","context":"Liknande produkt","block_context":{"text":"Liknande produkt","link":""},"img":{"alt_text":"House Nordic Stocholm-tuoli roosa ty\u00f6huoneessa","src":"https:\/\/i0.wp.com\/pohjanmaantehtaanmyymala.fi\/wp-content\/uploads\/2021\/11\/Stockoholm-tuoli-miljoo-1001122.jpg?fit=1000%2C1000&ssl=1&resize=350%2C200","width":350,"height":200,"srcset":"https:\/\/i0.wp.com\/pohjanmaantehtaanmyymala.fi\/wp-content\/uploads\/2021\/11\/Stockoholm-tuoli-miljoo-1001122.jpg?fit=1000%2C1000&ssl=1&resize=350%2C200 1x, https:\/\/i0.wp.com\/pohjanmaantehtaanmyymala.fi\/wp-content\/uploads\/2021\/11\/Stockoholm-tuoli-miljoo-1001122.jpg?fit=1000%2C1000&ssl=1&resize=525%2C300 1.5x, https:\/\/i0.wp.com\/pohjanmaantehtaanmyymala.fi\/wp-content\/uploads\/2021\/11\/Stockoholm-tuoli-miljoo-1001122.jpg?fit=1000%2C1000&ssl=1&resize=700%2C400 2x"},"classes":[]},{"id":25123,"url":"https:\/\/pohjanmaantehtaanmyymala.fi\/sv\/tuote\/dolphin-vuodesohva-kangasverhoilulla\/","url_meta":{"origin":12983,"position":3},"title":"Dolphin vuodesohva kangasverhoilulla","author":"Miro Nevala","date":"mars 4, 2024","format":false,"excerpt":"Upea kangasvuodesohva mekanismilla useilla v\u00e4rivaihtoehdoilla!","rel":"","context":"Liknande produkt","block_context":{"text":"Liknande produkt","link":""},"img":{"alt_text":"Pohjanmaan Dolphin vuodesohva","src":"https:\/\/i0.wp.com\/pohjanmaantehtaanmyymala.fi\/wp-content\/uploads\/2024\/02\/Pohjanmaan-Dolphin-vuodesohva-960dpi.jpg?fit=960%2C960&ssl=1&resize=350%2C200","width":350,"height":200,"srcset":"https:\/\/i0.wp.com\/pohjanmaantehtaanmyymala.fi\/wp-content\/uploads\/2024\/02\/Pohjanmaan-Dolphin-vuodesohva-960dpi.jpg?fit=960%2C960&ssl=1&resize=350%2C200 1x, https:\/\/i0.wp.com\/pohjanmaantehtaanmyymala.fi\/wp-content\/uploads\/2024\/02\/Pohjanmaan-Dolphin-vuodesohva-960dpi.jpg?fit=960%2C960&ssl=1&resize=525%2C300 1.5x, https:\/\/i0.wp.com\/pohjanmaantehtaanmyymala.fi\/wp-content\/uploads\/2024\/02\/Pohjanmaan-Dolphin-vuodesohva-960dpi.jpg?fit=960%2C960&ssl=1&resize=700%2C400 2x"},"classes":[]},{"id":22504,"url":"https:\/\/pohjanmaantehtaanmyymala.fi\/sv\/tuote\/team-9-plus-tyotuoli\/","url_meta":{"origin":12983,"position":4},"title":"TEAM 9 plus ty\u00f6tuoli","author":"Sami Viitala","date":"februari 21, 2023","format":false,"excerpt":"Topluxin Team 9 plus ty\u00f6tuoli on suosittu malli, joka suunniteltu toimistoty\u00f6h\u00f6n, jossa tarvitaan istuinmukavuutta koko pitk\u00e4n ty\u00f6p\u00e4iv\u00e4n ajan. T\u00e4st\u00e4 ty\u00f6tuolista l\u00f6ytyy korkeus- sek\u00e4 istuimen- ja se\u00e4lk\u00e4nojan kallistuss\u00e4\u00e4t\u00f6mahdollisuudet. Ty\u00f6tuolia on saatavilla Mustana. Tuotetiedot: Kaasujousella toteutettu korkeuden s\u00e4\u00e4t\u00f6 Selk\u00e4nojan ja istuinkaltevuuden s\u00e4\u00e4t\u00f6 Muotoon puristettu istuin- ja selk\u00e4nojarakenne Selk\u00e4nojan korkeuss\u00e4\u00e4t\u00f6 Pehme\u00e4t PU-py\u00f6r\u00e4t koville\u2026","rel":"","context":"Liknande produkt","block_context":{"text":"Liknande produkt","link":""},"img":{"alt_text":"Toplux Team 9 plus ty\u00f6tuoli musta","src":"https:\/\/i0.wp.com\/pohjanmaantehtaanmyymala.fi\/wp-content\/uploads\/2023\/02\/Team-9plus-musta.jpg?fit=960%2C960&ssl=1&resize=350%2C200","width":350,"height":200,"srcset":"https:\/\/i0.wp.com\/pohjanmaantehtaanmyymala.fi\/wp-content\/uploads\/2023\/02\/Team-9plus-musta.jpg?fit=960%2C960&ssl=1&resize=350%2C200 1x, https:\/\/i0.wp.com\/pohjanmaantehtaanmyymala.fi\/wp-content\/uploads\/2023\/02\/Team-9plus-musta.jpg?fit=960%2C960&ssl=1&resize=525%2C300 1.5x, https:\/\/i0.wp.com\/pohjanmaantehtaanmyymala.fi\/wp-content\/uploads\/2023\/02\/Team-9plus-musta.jpg?fit=960%2C960&ssl=1&resize=700%2C400 2x"},"classes":[]},{"id":12658,"url":"https:\/\/pohjanmaantehtaanmyymala.fi\/sv\/tuote\/team-pro-20-tyotuoli\/","url_meta":{"origin":12983,"position":5},"title":"TEAM PRO 20 \u2013 ty\u00f6tuoli","author":"Sami Viitala","date":"september 10, 2020","format":false,"excerpt":"Pro 20 -ty\u00f6tuolimalli on suunniteltu toimistoty\u00f6h\u00f6n, jossa tarvitaan istuinmukavuutta koko pitk\u00e4n ty\u00f6p\u00e4iv\u00e4n ajan. Pro 20 -ty\u00f6tuoli on kompaktin kokoinen, jossa on kaikki ty\u00f6tuolille vaadittavat s\u00e4\u00e4t\u00f6mahdollisuudet. Ty\u00f6tuolia on saatavilla Harmaana, Mustana ja Vihre\u00e4n\u00e4. Takuu 5 vuotta. Ominaisuudet: Istuinkaltevuuden s\u00e4\u00e4t\u00f6 Selk\u00e4nojankaltevuuden s\u00e4\u00e4t\u00f6 Istujan painon mukaan s\u00e4\u00e4dett\u00e4v\u00e4 keinumekanismi Istuinsyyvyyden s\u00e4\u00e4t\u00f6 Korkeus- ja leveyssuunnassa\u2026","rel":"","context":"Liknande produkt","block_context":{"text":"Liknande produkt","link":""},"img":{"alt_text":"Team Pro 40 ty\u00f6tuoli musta","src":"https:\/\/i0.wp.com\/pohjanmaantehtaanmyymala.fi\/wp-content\/uploads\/2019\/09\/Pro20-tyotuoli-musta.jpg?fit=1200%2C1200&ssl=1&resize=350%2C200","width":350,"height":200,"srcset":"https:\/\/i0.wp.com\/pohjanmaantehtaanmyymala.fi\/wp-content\/uploads\/2019\/09\/Pro20-tyotuoli-musta.jpg?fit=1200%2C1200&ssl=1&resize=350%2C200 1x, https:\/\/i0.wp.com\/pohjanmaantehtaanmyymala.fi\/wp-content\/uploads\/2019\/09\/Pro20-tyotuoli-musta.jpg?fit=1200%2C1200&ssl=1&resize=525%2C300 1.5x, https:\/\/i0.wp.com\/pohjanmaantehtaanmyymala.fi\/wp-content\/uploads\/2019\/09\/Pro20-tyotuoli-musta.jpg?fit=1200%2C1200&ssl=1&resize=700%2C400 2x, https:\/\/i0.wp.com\/pohjanmaantehtaanmyymala.fi\/wp-content\/uploads\/2019\/09\/Pro20-tyotuoli-musta.jpg?fit=1200%2C1200&ssl=1&resize=1050%2C600 3x"},"classes":[]}],"_links":{"self":[{"href":"https:\/\/pohjanmaantehtaanmyymala.fi\/sv\/wp-json\/wp\/v2\/product\/12983","targetHints":{"allow":["GET"]}}],"collection":[{"href":"https:\/\/pohjanmaantehtaanmyymala.fi\/sv\/wp-json\/wp\/v2\/product"}],"about":[{"href":"https:\/\/pohjanmaantehtaanmyymala.fi\/sv\/wp-json\/wp\/v2\/types\/product"}],"replies":[{"embeddable":true,"href":"https:\/\/pohjanmaantehtaanmyymala.fi\/sv\/wp-json\/wp\/v2\/comments?post=12983"}],"wp:featuredmedia":[{"embeddable":true,"href":"https:\/\/pohjanmaantehtaanmyymala.fi\/sv\/wp-json\/wp\/v2\/media\/12986"}],"wp:attachment":[{"href":"https:\/\/pohjanmaantehtaanmyymala.fi\/sv\/wp-json\/wp\/v2\/media?parent=12983"}],"wp:term":[{"taxonomy":"product_brand","embeddable":true,"href":"https:\/\/pohjanmaantehtaanmyymala.fi\/sv\/wp-json\/wp\/v2\/product_brand?post=12983"},{"taxonomy":"product_cat","embeddable":true,"href":"https:\/\/pohjanmaantehtaanmyymala.fi\/sv\/wp-json\/wp\/v2\/product_cat?post=12983"},{"taxonomy":"product_tag","embeddable":true,"href":"https:\/\/pohjanmaantehtaanmyymala.fi\/sv\/wp-json\/wp\/v2\/product_tag?post=12983"}],"curies":[{"name":"wp","href":"https:\/\/api.w.org\/{rel}","templated":true}]}}