{"id":12782,"date":"2020-09-12T13:41:31","date_gmt":"2020-09-12T11:41:31","guid":{"rendered":"https:\/\/www.pohjanmaantehtaanmyymala.fi\/?post_type=product&#038;p=12782"},"modified":"2023-12-21T15:20:55","modified_gmt":"2023-12-21T13:20:55","slug":"mango-divaanisohva-harmaa","status":"publish","type":"product","link":"https:\/\/pohjanmaantehtaanmyymala.fi\/sv\/tuote\/mango-divaanisohva-harmaa\/","title":{"rendered":"Mango -divaanisohva (harmaa)"},"content":{"rendered":"<p>Mango on edullinen ja trendik\u00e4s sohva. Mango -divaanisohva on vaihdettavalla divaanin k\u00e4tisyydell\u00e4. Sohvan divaanin puolen pystyt vaihtamaan helposti ilman ty\u00f6kaluja. Mango-divaanisohvassa on irto istuin- ja selk\u00e4tyynyt, jotka ovat k\u00e4\u00e4nnett\u00e4v\u00e4t ja lis\u00e4ksi tyynyjen p\u00e4\u00e4lliset on irroitettavissa ja pest\u00e4viss\u00e4.<\/p>\n<p>Sohvassa on Runko on valmistettu puusta ja koivuvanerista. Pehmusteena vaahtomuovi ja siksak-jousitus. P\u00e4\u00e4llystetty kankaalla 100% polyesteri\u00e4. Jalat on valmistettu puusta, 13 cm.<\/p>\n<p><strong>VARASTOV\u00c4RI VAALEANHARMAA.<\/strong><\/p>\n<p>Kysy saatavuus <a href=\"https:\/\/pohjanmaantehtaanmyymala.fi\/yhteys\/\">myynist\u00e4mme!<\/a><\/p>\n<h3>Mittatiedot:<\/h3>\n<p>Korkeus 88 cm<br \/>\nPituus 194 x 150<br \/>\nSyvyys 90 cm<br \/>\nIst.korkeus 45 cm<br \/>\nIst.syvyys 61 cm<br \/>\nK\u00e4sinoja 22 cm<br \/>\nKuvan sohva on verhoiltu Malmo kankaalla.<\/p>\n","protected":false},"excerpt":{"rendered":"<p>Edullinen Mago-divaanisohva kangasverhoilulla.<\/p>\n","protected":false},"featured_media":12787,"comment_status":"closed","ping_status":"closed","template":"","meta":{"_acf_changed":false,"jetpack_post_was_ever_published":false,"jetpack_publicize_message":"","jetpack_publicize_feature_enabled":true,"jetpack_social_post_already_shared":true,"jetpack_social_options":{"image_generator_settings":{"template":"highway","default_image_id":0,"font":"","enabled":false},"version":2}},"product_brand":[],"product_cat":[201],"product_tag":[],"class_list":{"0":"post-12782","1":"product","2":"type-product","3":"status-publish","4":"has-post-thumbnail","6":"product_cat-sohvat","8":"first","9":"instock","10":"sale","11":"shipping-taxable","12":"purchasable","13":"product-type-simple"},"acf":[],"jetpack_publicize_connections":[],"jetpack_sharing_enabled":true,"jetpack-related-posts":[{"id":22329,"url":"https:\/\/pohjanmaantehtaanmyymala.fi\/sv\/tuote\/anna-divaanisohva-pfc-free-kangas\/","url_meta":{"origin":12782,"position":0},"title":"Anna divaanisohva PFC-free kangas","author":"Sami Viitala","date":"januari 26, 2023","format":false,"excerpt":"Kaunis Anna-divaanisohva, saatavana 3 eri v\u00e4rill\u00e4.","rel":"","context":"Liknande produkt","block_context":{"text":"Liknande produkt","link":""},"img":{"alt_text":"Tenstar Anna divaanisohva harmaa ja py\u00f6re\u00e4 sohvap\u00f6yt\u00e4 mustalla metallijalalla milj\u00f6\u00f6kuvassa","src":"https:\/\/i0.wp.com\/pohjanmaantehtaanmyymala.fi\/wp-content\/uploads\/2023\/01\/Anna_harmaa_miljoo.jpg?fit=960%2C960&ssl=1&resize=350%2C200","width":350,"height":200,"srcset":"https:\/\/i0.wp.com\/pohjanmaantehtaanmyymala.fi\/wp-content\/uploads\/2023\/01\/Anna_harmaa_miljoo.jpg?fit=960%2C960&ssl=1&resize=350%2C200 1x, https:\/\/i0.wp.com\/pohjanmaantehtaanmyymala.fi\/wp-content\/uploads\/2023\/01\/Anna_harmaa_miljoo.jpg?fit=960%2C960&ssl=1&resize=525%2C300 1.5x, https:\/\/i0.wp.com\/pohjanmaantehtaanmyymala.fi\/wp-content\/uploads\/2023\/01\/Anna_harmaa_miljoo.jpg?fit=960%2C960&ssl=1&resize=700%2C400 2x"},"classes":[]},{"id":21310,"url":"https:\/\/pohjanmaantehtaanmyymala.fi\/sv\/tuote\/pohjanmaan-grail-divaanisohva\/","url_meta":{"origin":12782,"position":1},"title":"Pohjanmaan Grail divaanisohva","author":"Sami Viitala","date":"september 9, 2022","format":false,"excerpt":"Pohjanmaan Kalusteen muhkea Grail divaanisohva kutsuu muhkeudellaan istumaan. T\u00e4m\u00e4 j\u00e4tti divaanisohva on unelmien paikka viett\u00e4\u00e4 aikaa l\u00f6h\u00f6illen. Grail sohvassa on normaalia syvempi ja tilava istuinosa, jossa mahtaa vaikka nukkumaan. Grail-sohvan leve\u00e4t pehme\u00e4t k\u00e4sinojat korostavat sohvan muhkeaa olemusta. Kuvan divaanisohva on verhoilutu laadukkaalla Megan samettikankaalla. Grail on saatavilla lukuisilla eri kankailla.\u2026","rel":"","context":"Liknande produkt","block_context":{"text":"Liknande produkt","link":""},"img":{"alt_text":"Grail divaanisohva keltaisella Megan kankaalla","src":"https:\/\/i0.wp.com\/pohjanmaantehtaanmyymala.fi\/wp-content\/uploads\/2022\/09\/Grail_K2-R110-A110-A110-K26_Megan05_2.jpg?fit=1200%2C1200&ssl=1&resize=350%2C200","width":350,"height":200,"srcset":"https:\/\/i0.wp.com\/pohjanmaantehtaanmyymala.fi\/wp-content\/uploads\/2022\/09\/Grail_K2-R110-A110-A110-K26_Megan05_2.jpg?fit=1200%2C1200&ssl=1&resize=350%2C200 1x, https:\/\/i0.wp.com\/pohjanmaantehtaanmyymala.fi\/wp-content\/uploads\/2022\/09\/Grail_K2-R110-A110-A110-K26_Megan05_2.jpg?fit=1200%2C1200&ssl=1&resize=525%2C300 1.5x, https:\/\/i0.wp.com\/pohjanmaantehtaanmyymala.fi\/wp-content\/uploads\/2022\/09\/Grail_K2-R110-A110-A110-K26_Megan05_2.jpg?fit=1200%2C1200&ssl=1&resize=700%2C400 2x, https:\/\/i0.wp.com\/pohjanmaantehtaanmyymala.fi\/wp-content\/uploads\/2022\/09\/Grail_K2-R110-A110-A110-K26_Megan05_2.jpg?fit=1200%2C1200&ssl=1&resize=1050%2C600 3x"},"classes":[]},{"id":22380,"url":"https:\/\/pohjanmaantehtaanmyymala.fi\/sv\/tuote\/ramona-divaanivuodesohva-solid-kangas\/","url_meta":{"origin":12782,"position":2},"title":"Ramona divaanivuodesohva solid-kangas","author":"Sami Viitala","date":"januari 30, 2023","format":false,"excerpt":"Vuodesohva avattavalla divaanilla. Valitse k\u00e4tisyys!","rel":"","context":"Liknande produkt","block_context":{"text":"Liknande produkt","link":""},"img":{"alt_text":"Ramona vuodesohva avattavalla divaanilla harmaa kangas","src":"https:\/\/i0.wp.com\/pohjanmaantehtaanmyymala.fi\/wp-content\/uploads\/2023\/01\/RamonaN_AR3-5cm_semi_Metro84_large.jpg?fit=960%2C960&ssl=1&resize=350%2C200","width":350,"height":200,"srcset":"https:\/\/i0.wp.com\/pohjanmaantehtaanmyymala.fi\/wp-content\/uploads\/2023\/01\/RamonaN_AR3-5cm_semi_Metro84_large.jpg?fit=960%2C960&ssl=1&resize=350%2C200 1x, https:\/\/i0.wp.com\/pohjanmaantehtaanmyymala.fi\/wp-content\/uploads\/2023\/01\/RamonaN_AR3-5cm_semi_Metro84_large.jpg?fit=960%2C960&ssl=1&resize=525%2C300 1.5x, https:\/\/i0.wp.com\/pohjanmaantehtaanmyymala.fi\/wp-content\/uploads\/2023\/01\/RamonaN_AR3-5cm_semi_Metro84_large.jpg?fit=960%2C960&ssl=1&resize=700%2C400 2x"},"classes":[]},{"id":25279,"url":"https:\/\/pohjanmaantehtaanmyymala.fi\/sv\/tuote\/eleanor-kulmasohva\/","url_meta":{"origin":12782,"position":3},"title":"Eleanor avokulmasohva alk.","author":"Miro Nevala","date":"februari 14, 2024","format":false,"excerpt":"Hurmaava ja retrohenkinen kulmasohva kattavalla v\u00e4rivalikoimalla!","rel":"","context":"Liknande produkt","block_context":{"text":"Liknande produkt","link":""},"img":{"alt_text":"Eleanor kulmasohva kuvattu edest\u00e4","src":"https:\/\/i0.wp.com\/pohjanmaantehtaanmyymala.fi\/wp-content\/uploads\/2024\/02\/Eleanor-kulmasohva-960dpi.jpg?fit=960%2C960&ssl=1&resize=350%2C200","width":350,"height":200,"srcset":"https:\/\/i0.wp.com\/pohjanmaantehtaanmyymala.fi\/wp-content\/uploads\/2024\/02\/Eleanor-kulmasohva-960dpi.jpg?fit=960%2C960&ssl=1&resize=350%2C200 1x, https:\/\/i0.wp.com\/pohjanmaantehtaanmyymala.fi\/wp-content\/uploads\/2024\/02\/Eleanor-kulmasohva-960dpi.jpg?fit=960%2C960&ssl=1&resize=525%2C300 1.5x, https:\/\/i0.wp.com\/pohjanmaantehtaanmyymala.fi\/wp-content\/uploads\/2024\/02\/Eleanor-kulmasohva-960dpi.jpg?fit=960%2C960&ssl=1&resize=700%2C400 2x"},"classes":[]},{"id":19307,"url":"https:\/\/pohjanmaantehtaanmyymala.fi\/sv\/tuote\/susanna-divaanivuodesohva\/","url_meta":{"origin":12782,"position":4},"title":"Susanna divaanivuodesohva","author":"Sami Viitala","date":"november 27, 2021","format":false,"excerpt":"K\u00e4tev\u00e4 vuodesohva, jossa on divaani ja vuodevaatelaatikko.","rel":"","context":"Liknande produkt","block_context":{"text":"Liknande produkt","link":""},"img":{"alt_text":"Susanna vuodedivaanisohva harmaa divaaniosa auki","src":"https:\/\/i0.wp.com\/pohjanmaantehtaanmyymala.fi\/wp-content\/uploads\/2021\/11\/Susanna1-vuodedivaani-malmo95-auki.jpg?fit=960%2C960&ssl=1&resize=350%2C200","width":350,"height":200,"srcset":"https:\/\/i0.wp.com\/pohjanmaantehtaanmyymala.fi\/wp-content\/uploads\/2021\/11\/Susanna1-vuodedivaani-malmo95-auki.jpg?fit=960%2C960&ssl=1&resize=350%2C200 1x, https:\/\/i0.wp.com\/pohjanmaantehtaanmyymala.fi\/wp-content\/uploads\/2021\/11\/Susanna1-vuodedivaani-malmo95-auki.jpg?fit=960%2C960&ssl=1&resize=525%2C300 1.5x, https:\/\/i0.wp.com\/pohjanmaantehtaanmyymala.fi\/wp-content\/uploads\/2021\/11\/Susanna1-vuodedivaani-malmo95-auki.jpg?fit=960%2C960&ssl=1&resize=700%2C400 2x"},"classes":[]},{"id":17735,"url":"https:\/\/pohjanmaantehtaanmyymala.fi\/sv\/tuote\/noah-vuodesohva-divaani-oikealla\/","url_meta":{"origin":12782,"position":5},"title":"Noah divaani-vuodesohva alk. nahka","author":"Sami Viitala","date":"augusti 23, 2021","format":false,"excerpt":"Huippulaadukas sohva joka p\u00e4iv\u00e4iseen k\u00e4ytt\u00f6\u00f6n.","rel":"","context":"Liknande produkt","block_context":{"text":"Liknande produkt","link":""},"img":{"alt_text":"Noah vuodesohva nahkaa","src":"https:\/\/i0.wp.com\/pohjanmaantehtaanmyymala.fi\/wp-content\/uploads\/2021\/08\/Noah_vuodesohva_tyynyt_oik.jpg?fit=1200%2C1200&ssl=1&resize=350%2C200","width":350,"height":200,"srcset":"https:\/\/i0.wp.com\/pohjanmaantehtaanmyymala.fi\/wp-content\/uploads\/2021\/08\/Noah_vuodesohva_tyynyt_oik.jpg?fit=1200%2C1200&ssl=1&resize=350%2C200 1x, https:\/\/i0.wp.com\/pohjanmaantehtaanmyymala.fi\/wp-content\/uploads\/2021\/08\/Noah_vuodesohva_tyynyt_oik.jpg?fit=1200%2C1200&ssl=1&resize=525%2C300 1.5x, https:\/\/i0.wp.com\/pohjanmaantehtaanmyymala.fi\/wp-content\/uploads\/2021\/08\/Noah_vuodesohva_tyynyt_oik.jpg?fit=1200%2C1200&ssl=1&resize=700%2C400 2x, https:\/\/i0.wp.com\/pohjanmaantehtaanmyymala.fi\/wp-content\/uploads\/2021\/08\/Noah_vuodesohva_tyynyt_oik.jpg?fit=1200%2C1200&ssl=1&resize=1050%2C600 3x"},"classes":[]}],"_links":{"self":[{"href":"https:\/\/pohjanmaantehtaanmyymala.fi\/sv\/wp-json\/wp\/v2\/product\/12782","targetHints":{"allow":["GET"]}}],"collection":[{"href":"https:\/\/pohjanmaantehtaanmyymala.fi\/sv\/wp-json\/wp\/v2\/product"}],"about":[{"href":"https:\/\/pohjanmaantehtaanmyymala.fi\/sv\/wp-json\/wp\/v2\/types\/product"}],"replies":[{"embeddable":true,"href":"https:\/\/pohjanmaantehtaanmyymala.fi\/sv\/wp-json\/wp\/v2\/comments?post=12782"}],"wp:featuredmedia":[{"embeddable":true,"href":"https:\/\/pohjanmaantehtaanmyymala.fi\/sv\/wp-json\/wp\/v2\/media\/12787"}],"wp:attachment":[{"href":"https:\/\/pohjanmaantehtaanmyymala.fi\/sv\/wp-json\/wp\/v2\/media?parent=12782"}],"wp:term":[{"taxonomy":"product_brand","embeddable":true,"href":"https:\/\/pohjanmaantehtaanmyymala.fi\/sv\/wp-json\/wp\/v2\/product_brand?post=12782"},{"taxonomy":"product_cat","embeddable":true,"href":"https:\/\/pohjanmaantehtaanmyymala.fi\/sv\/wp-json\/wp\/v2\/product_cat?post=12782"},{"taxonomy":"product_tag","embeddable":true,"href":"https:\/\/pohjanmaantehtaanmyymala.fi\/sv\/wp-json\/wp\/v2\/product_tag?post=12782"}],"curies":[{"name":"wp","href":"https:\/\/api.w.org\/{rel}","templated":true}]}}