{"id":11682,"date":"2020-04-22T16:31:51","date_gmt":"2020-04-22T14:31:51","guid":{"rendered":"https:\/\/pohjanmaantehtaanmyymala.fi\/?post_type=product&#038;p=11682"},"modified":"2025-10-02T16:42:58","modified_gmt":"2025-10-02T14:42:58","slug":"mongo-riippukeinu-jalustalla-eri-vareja","status":"publish","type":"product","link":"https:\/\/pohjanmaantehtaanmyymala.fi\/sv\/tuote\/mongo-riippukeinu-jalustalla-eri-vareja\/","title":{"rendered":"Mango-riippukeinu jalustalla, harmaa"},"content":{"rendered":"<p><strong>1 kpl viel\u00e4 j\u00e4ljell\u00e4!<\/strong><\/p>\n<p>Mango-riippukeinussa on rento istuskella ja ihmetell\u00e4 maailman menoa kotiterassilla tai m\u00f6kill\u00e4.<br \/>\nRiipputuolissa tulee mukanan ter\u00e4ksinen jalusta, joka on maalattu harmaaksi. Riippukeinu on polyrottinkipunosta, joka kest\u00e4\u00e4 hyvin Suomen vaihtelevia s\u00e4\u00e4olosuhteita. Keinuun sis\u00e4ltyy my\u00f6s pehmustetyyny.<\/p>\n<p>Mitat: l. 106 cm, s. 105cm, k. 198cm.<\/p>\n<div class=\"product-img-box\">\n<div class=\"prolabel-wrapper clearer\"><\/div>\n<\/div>\n<div class=\"product-shop\">\n<div class=\"product-shop-inner\">\n<div>\n<div class=\"product-info-fields\">\n<div class=\"product-name\"><\/div>\n<div class=\"product-description\"><\/div>\n<\/div>\n<\/div>\n<\/div>\n<\/div>\n","protected":false},"excerpt":{"rendered":"<p>Tukeva riipputuoli parvekkeelle tai puutarhaan.<\/p>\n","protected":false},"featured_media":17403,"comment_status":"closed","ping_status":"closed","template":"","meta":{"_acf_changed":false,"jetpack_post_was_ever_published":false,"jetpack_publicize_message":"","jetpack_publicize_feature_enabled":true,"jetpack_social_post_already_shared":true,"jetpack_social_options":{"image_generator_settings":{"template":"highway","default_image_id":0,"font":"","enabled":false},"version":2}},"product_brand":[211],"product_cat":[200],"product_tag":[],"class_list":{"0":"post-11682","1":"product","2":"type-product","3":"status-publish","4":"has-post-thumbnail","6":"product_brand-tenstar","7":"product_cat-kesakalusteet","9":"first","10":"instock","11":"shipping-taxable","12":"purchasable","13":"product-type-simple"},"acf":[],"jetpack_publicize_connections":[],"jetpack_sharing_enabled":true,"jetpack-related-posts":[{"id":17240,"url":"https:\/\/pohjanmaantehtaanmyymala.fi\/sv\/tuote\/4living-hawaiji-riippukeinu-harmaa\/","url_meta":{"origin":11682,"position":0},"title":"4Living Hawaiji Riippukeinu harmaa","author":"Sami Viitala","date":"april 16, 2021","format":false,"excerpt":"Kaunis 4Living -riipputuoli omalla telineell\u00e4.","rel":"","context":"Liknande produkt","block_context":{"text":"Liknande produkt","link":""},"img":{"alt_text":"4Living Riipputuoli telineess\u00e4 Hawaiji harmaa","src":"https:\/\/i0.wp.com\/pohjanmaantehtaanmyymala.fi\/wp-content\/uploads\/2021\/04\/274398.jpg?fit=1200%2C1200&ssl=1&resize=350%2C200","width":350,"height":200,"srcset":"https:\/\/i0.wp.com\/pohjanmaantehtaanmyymala.fi\/wp-content\/uploads\/2021\/04\/274398.jpg?fit=1200%2C1200&ssl=1&resize=350%2C200 1x, https:\/\/i0.wp.com\/pohjanmaantehtaanmyymala.fi\/wp-content\/uploads\/2021\/04\/274398.jpg?fit=1200%2C1200&ssl=1&resize=525%2C300 1.5x, https:\/\/i0.wp.com\/pohjanmaantehtaanmyymala.fi\/wp-content\/uploads\/2021\/04\/274398.jpg?fit=1200%2C1200&ssl=1&resize=700%2C400 2x, https:\/\/i0.wp.com\/pohjanmaantehtaanmyymala.fi\/wp-content\/uploads\/2021\/04\/274398.jpg?fit=1200%2C1200&ssl=1&resize=1050%2C600 3x"},"classes":[]},{"id":17236,"url":"https:\/\/pohjanmaantehtaanmyymala.fi\/sv\/tuote\/4living-hawaiji-riippukeinu-valkoinen\/","url_meta":{"origin":11682,"position":1},"title":"4Living Hawaiji Riippukeinu valkoinen","author":"Sami Viitala","date":"april 16, 2021","format":false,"excerpt":"Kaunis 4Living -riipputuoli omalla telineell\u00e4.","rel":"","context":"Liknande produkt","block_context":{"text":"Liknande produkt","link":""},"img":{"alt_text":"4Living Riipputuoli telineess\u00e4 Hawaiji valkoinen","src":"https:\/\/i0.wp.com\/pohjanmaantehtaanmyymala.fi\/wp-content\/uploads\/2021\/04\/241535.jpg?fit=1200%2C1200&ssl=1&resize=350%2C200","width":350,"height":200,"srcset":"https:\/\/i0.wp.com\/pohjanmaantehtaanmyymala.fi\/wp-content\/uploads\/2021\/04\/241535.jpg?fit=1200%2C1200&ssl=1&resize=350%2C200 1x, https:\/\/i0.wp.com\/pohjanmaantehtaanmyymala.fi\/wp-content\/uploads\/2021\/04\/241535.jpg?fit=1200%2C1200&ssl=1&resize=525%2C300 1.5x, https:\/\/i0.wp.com\/pohjanmaantehtaanmyymala.fi\/wp-content\/uploads\/2021\/04\/241535.jpg?fit=1200%2C1200&ssl=1&resize=700%2C400 2x, https:\/\/i0.wp.com\/pohjanmaantehtaanmyymala.fi\/wp-content\/uploads\/2021\/04\/241535.jpg?fit=1200%2C1200&ssl=1&resize=1050%2C600 3x"},"classes":[]},{"id":17090,"url":"https:\/\/pohjanmaantehtaanmyymala.fi\/sv\/tuote\/4living-hawaiji-riippukeinu-musta\/","url_meta":{"origin":11682,"position":2},"title":"4Living Hawaiji Riippukeinu musta","author":"Sami Viitala","date":"april 13, 2021","format":false,"excerpt":"Kaunis 4Living -riipputuoli omalla telineell\u00e4 parvekkeelle tai puutarhaan.","rel":"","context":"Liknande produkt","block_context":{"text":"Liknande produkt","link":""},"img":{"alt_text":"4Living Riipputuoli telineess\u00e4 Hawaiji musta","src":"https:\/\/i0.wp.com\/pohjanmaantehtaanmyymala.fi\/wp-content\/uploads\/2021\/04\/Hawaiji-riipputuoli-239286.jpg?fit=1200%2C1200&ssl=1&resize=350%2C200","width":350,"height":200,"srcset":"https:\/\/i0.wp.com\/pohjanmaantehtaanmyymala.fi\/wp-content\/uploads\/2021\/04\/Hawaiji-riipputuoli-239286.jpg?fit=1200%2C1200&ssl=1&resize=350%2C200 1x, https:\/\/i0.wp.com\/pohjanmaantehtaanmyymala.fi\/wp-content\/uploads\/2021\/04\/Hawaiji-riipputuoli-239286.jpg?fit=1200%2C1200&ssl=1&resize=525%2C300 1.5x, https:\/\/i0.wp.com\/pohjanmaantehtaanmyymala.fi\/wp-content\/uploads\/2021\/04\/Hawaiji-riipputuoli-239286.jpg?fit=1200%2C1200&ssl=1&resize=700%2C400 2x, https:\/\/i0.wp.com\/pohjanmaantehtaanmyymala.fi\/wp-content\/uploads\/2021\/04\/Hawaiji-riipputuoli-239286.jpg?fit=1200%2C1200&ssl=1&resize=1050%2C600 3x"},"classes":[]},{"id":22960,"url":"https:\/\/pohjanmaantehtaanmyymala.fi\/sv\/tuote\/4living-riipputuoli-rottinkia-3-eri-varia\/","url_meta":{"origin":11682,"position":3},"title":"Jakarta riipputuoli rottinkia, 3 eri v\u00e4ri\u00e4","author":"Sami Viitala","date":"maj 11, 2023","format":false,"excerpt":"Kaunis 4Living -riipputuoli kiinnitysk\u00f6ydell\u00e4. Valitse v\u00e4ri alta!","rel":"","context":"Liknande produkt","block_context":{"text":"Liknande produkt","link":""},"img":{"alt_text":"Jakarta riipputuoli luonnonv\u00e4ri aisemataustalla","src":"https:\/\/i0.wp.com\/pohjanmaantehtaanmyymala.fi\/wp-content\/uploads\/2023\/05\/Jakata-riipputuoli-lv-602890.jpg?fit=960%2C960&ssl=1&resize=350%2C200","width":350,"height":200,"srcset":"https:\/\/i0.wp.com\/pohjanmaantehtaanmyymala.fi\/wp-content\/uploads\/2023\/05\/Jakata-riipputuoli-lv-602890.jpg?fit=960%2C960&ssl=1&resize=350%2C200 1x, https:\/\/i0.wp.com\/pohjanmaantehtaanmyymala.fi\/wp-content\/uploads\/2023\/05\/Jakata-riipputuoli-lv-602890.jpg?fit=960%2C960&ssl=1&resize=525%2C300 1.5x, https:\/\/i0.wp.com\/pohjanmaantehtaanmyymala.fi\/wp-content\/uploads\/2023\/05\/Jakata-riipputuoli-lv-602890.jpg?fit=960%2C960&ssl=1&resize=700%2C400 2x"},"classes":[]},{"id":9523,"url":"https:\/\/pohjanmaantehtaanmyymala.fi\/sv\/tuote\/outfit-noah-puutarhapoyta-205x90cm-harmaa-musta\/","url_meta":{"origin":11682,"position":4},"title":"OUTFIT Noah \u2013 p\u00f6yt\u00e4 205x90cm harmaa\/musta","author":"petri","date":"september 14, 2019","format":false,"excerpt":"Noah p\u00f6yt\u00e4 on alumiinirunkoinen p\u00f6yt\u00e4, jossa on Polywood-puuj\u00e4ljitelm\u00e4kansi. Musta runko, Harmaa kansi. toimitetaan pahvipaketissa.","rel":"","context":"Liknande produkt","block_context":{"text":"Liknande produkt","link":""},"img":{"alt_text":"","src":"https:\/\/i0.wp.com\/pohjanmaantehtaanmyymala.fi\/wp-content\/uploads\/2019\/06\/629101-s.jpg?fit=960%2C960&ssl=1&resize=350%2C200","width":350,"height":200,"srcset":"https:\/\/i0.wp.com\/pohjanmaantehtaanmyymala.fi\/wp-content\/uploads\/2019\/06\/629101-s.jpg?fit=960%2C960&ssl=1&resize=350%2C200 1x, https:\/\/i0.wp.com\/pohjanmaantehtaanmyymala.fi\/wp-content\/uploads\/2019\/06\/629101-s.jpg?fit=960%2C960&ssl=1&resize=525%2C300 1.5x, https:\/\/i0.wp.com\/pohjanmaantehtaanmyymala.fi\/wp-content\/uploads\/2019\/06\/629101-s.jpg?fit=960%2C960&ssl=1&resize=700%2C400 2x"},"classes":[]},{"id":9572,"url":"https:\/\/pohjanmaantehtaanmyymala.fi\/sv\/tuote\/vila-ruokapoyta-140x74-harmaa-polyrottinki\/","url_meta":{"origin":11682,"position":5},"title":"VILA \u2013 ruokap\u00f6yt\u00e4 140&#215;74 harmaa polyrottinki","author":"petri","date":"september 14, 2019","format":false,"excerpt":"Vila polyrottinkinen puutarhap\u00f6yt\u00e4, jossa Polywood-kansi. P\u00f6yt\u00e4 soveltuu Vila -kulmasohvan tai Vila -puutarhatuolien kanssa muodostamaan ruokaryhm\u00e4n. P\u00f6yd\u00e4ss\u00e4 on harmaa runko ja vaaleanharmaa kansi. Tilaustuote! Tuote toimitetaa osina pahvipaketissa.","rel":"","context":"Liknande produkt","block_context":{"text":"Liknande produkt","link":""},"img":{"alt_text":"","src":"https:\/\/i0.wp.com\/pohjanmaantehtaanmyymala.fi\/wp-content\/uploads\/2019\/06\/624797-s.jpg?fit=960%2C960&ssl=1&resize=350%2C200","width":350,"height":200,"srcset":"https:\/\/i0.wp.com\/pohjanmaantehtaanmyymala.fi\/wp-content\/uploads\/2019\/06\/624797-s.jpg?fit=960%2C960&ssl=1&resize=350%2C200 1x, https:\/\/i0.wp.com\/pohjanmaantehtaanmyymala.fi\/wp-content\/uploads\/2019\/06\/624797-s.jpg?fit=960%2C960&ssl=1&resize=525%2C300 1.5x, https:\/\/i0.wp.com\/pohjanmaantehtaanmyymala.fi\/wp-content\/uploads\/2019\/06\/624797-s.jpg?fit=960%2C960&ssl=1&resize=700%2C400 2x"},"classes":[]}],"_links":{"self":[{"href":"https:\/\/pohjanmaantehtaanmyymala.fi\/sv\/wp-json\/wp\/v2\/product\/11682","targetHints":{"allow":["GET"]}}],"collection":[{"href":"https:\/\/pohjanmaantehtaanmyymala.fi\/sv\/wp-json\/wp\/v2\/product"}],"about":[{"href":"https:\/\/pohjanmaantehtaanmyymala.fi\/sv\/wp-json\/wp\/v2\/types\/product"}],"replies":[{"embeddable":true,"href":"https:\/\/pohjanmaantehtaanmyymala.fi\/sv\/wp-json\/wp\/v2\/comments?post=11682"}],"wp:featuredmedia":[{"embeddable":true,"href":"https:\/\/pohjanmaantehtaanmyymala.fi\/sv\/wp-json\/wp\/v2\/media\/17403"}],"wp:attachment":[{"href":"https:\/\/pohjanmaantehtaanmyymala.fi\/sv\/wp-json\/wp\/v2\/media?parent=11682"}],"wp:term":[{"taxonomy":"product_brand","embeddable":true,"href":"https:\/\/pohjanmaantehtaanmyymala.fi\/sv\/wp-json\/wp\/v2\/product_brand?post=11682"},{"taxonomy":"product_cat","embeddable":true,"href":"https:\/\/pohjanmaantehtaanmyymala.fi\/sv\/wp-json\/wp\/v2\/product_cat?post=11682"},{"taxonomy":"product_tag","embeddable":true,"href":"https:\/\/pohjanmaantehtaanmyymala.fi\/sv\/wp-json\/wp\/v2\/product_tag?post=11682"}],"curies":[{"name":"wp","href":"https:\/\/api.w.org\/{rel}","templated":true}]}}