{"id":10937,"date":"2019-09-14T09:58:12","date_gmt":"2019-09-14T07:58:12","guid":{"rendered":"https:\/\/pohjanmaantehtaanmyymala.fi\/tuote\/pohjanmaan-aada-sohva-3-istuttava-rodeo-kankaalla\/"},"modified":"2022-01-17T18:52:45","modified_gmt":"2022-01-17T16:52:45","slug":"pohjanmaan-aada-sohva-3-istuttava-rodeo-kankaalla","status":"publish","type":"product","link":"https:\/\/pohjanmaantehtaanmyymala.fi\/sv\/tuote\/pohjanmaan-aada-sohva-3-istuttava-rodeo-kankaalla\/","title":{"rendered":"Pohjanmaan AADA \u2013 3-istuttava sohva,"},"content":{"rendered":"<p>Pohjanmaan kangasverhoiltu sohva<\/p>\n<p>Aada-sohva on tylik\u00e4s valinta kotisi sohvaksi.<br \/>\nSohva on verhoiltu likaahylkiv\u00e4ll\u00e4 ja helppohoitoisella Rodeo-kankaalla, jossa on useita eri v\u00e4rivaihtoehtoja.<br \/>\nNiist\u00e4 voit valita sohvaasi juuri sinun kotiin sopivan v\u00e4rin, joko sitten turvallisen harmaans\u00e4vyn tai vaikka pirte\u00e4n pinkin v\u00e4rin.<\/p>\n<p>Aada -sohvan istuin- ja selk\u00e4nojapehmusteet tarjoavat istujalle j\u00e4m\u00e4k\u00e4n ja ryhdikk\u00e4\u00e4n istuma-asennon.<br \/>\nSohvan korkeat tammijalat antavat sohvalle kevyen ilmeen ja helpottavat my\u00f6s sohvan alustan siivoamisessa.<\/p>\n<p>Aada-kangassohva on tehty korkealuokkaisista materiaaleista, joten se kest\u00e4\u00e4 kovassakin k\u00e4yt\u00f6ss\u00e4 vuosia.<\/p>\n<p><b>Valitse vain itsellesi sopiva v\u00e4ri ja tilaa se Pohjanmaan Tehtaanmyym\u00e4l\u00e4st\u00e4 edullisesti ja vaivattomasti.<br \/>\nKotiinkuljetamme sohvat kaikkialle Suomeen.<\/b><\/p>\n<h3>Mittatiedot:<\/h3>\n<p>Sohva kokonaisleveys 204 cm<br \/>\nIstuinkorkeus 45 cm, -leveys 180 cm, -syvyys 55 cm.<br \/>\n<strong>Tekniset tiedot:<\/strong><br \/>\nRunko: Massiivipuu, vaneri ja kovalevy. Runkotakuu 20-vuotta.<br \/>\nIstuinpehmuste: No-Zag jouset, EP35150 vaahtomuovi + vanu.br&gt;Kiinte\u00e4t istuintyynyt.<br \/>\nSelk\u00e4noja: E23 vaahtomuovi+25HR vaahtomuovi ja vanu. Irralliset selk\u00e4tyynyt.<br \/>\nVerhoilu: Orient Occident Rodeo-kangas, likaa hylkiv\u00e4 k\u00e4sittely valmiina.<br \/>\nJalat: Tammijalat, kork 12 cm.<\/p>\n<p>Toimitetaan valmiiksi kasattuna jalat irrallaan.<\/p>\n","protected":false},"excerpt":{"rendered":"<p>Pohjanmaan kangasverhoiltu sohva Aada-sohva on tylik\u00e4s valinta kotisi sohvaksi. Sohva on verhoiltu likaahylkiv\u00e4ll\u00e4 ja helppohoitoisella Rodeo-kankaalla, jossa on useita eri v\u00e4rivaihtoehtoja. Niist\u00e4 voit valita sohvaasi juuri sinun kotiin sopivan v\u00e4rin, joko sitten turvallisen harmaans\u00e4vyn tai vaikka pirte\u00e4n pinkin v\u00e4rin. Aada -sohvan istuin- ja selk\u00e4nojapehmusteet tarjoavat istujalle j\u00e4m\u00e4k\u00e4n ja ryhdikk\u00e4\u00e4n istuma-asennon. Sohvan korkeat tammijalat antavat sohvalle [&hellip;]<\/p>\n","protected":false},"featured_media":10938,"comment_status":"closed","ping_status":"closed","template":"","meta":{"_acf_changed":false,"jetpack_post_was_ever_published":false,"jetpack_publicize_message":"","jetpack_publicize_feature_enabled":true,"jetpack_social_post_already_shared":true,"jetpack_social_options":{"image_generator_settings":{"template":"highway","default_image_id":0,"font":"","enabled":false},"version":2}},"product_brand":[270],"product_cat":[201],"product_tag":[],"class_list":{"0":"post-10937","1":"product","2":"type-product","3":"status-publish","4":"has-post-thumbnail","6":"product_brand-pohjanmaan","7":"product_cat-sohvat","8":"product_shipping_class-161","10":"first","11":"instock","12":"sale","13":"purchasable","14":"product-type-simple"},"acf":[],"jetpack_publicize_connections":[],"jetpack_sharing_enabled":true,"jetpack-related-posts":[{"id":10941,"url":"https:\/\/pohjanmaantehtaanmyymala.fi\/sv\/tuote\/pohjanmaan-aada-sohva-2-istuttava-rodeo-kankaalla\/","url_meta":{"origin":10937,"position":0},"title":"Pohjanmaan AADA 2 -istuttava sohva, Rodeo -kankaalla","author":"petri","date":"september 14, 2019","format":false,"excerpt":"Voit valita sohva useasta eri v\u00e4rist\u00e4.","rel":"","context":"Liknande produkt","block_context":{"text":"Liknande produkt","link":""},"img":{"alt_text":"","src":"https:\/\/i0.wp.com\/pohjanmaantehtaanmyymala.fi\/wp-content\/uploads\/2019\/09\/Aada_2_istuttava.jpg?fit=960%2C960&ssl=1&resize=350%2C200","width":350,"height":200,"srcset":"https:\/\/i0.wp.com\/pohjanmaantehtaanmyymala.fi\/wp-content\/uploads\/2019\/09\/Aada_2_istuttava.jpg?fit=960%2C960&ssl=1&resize=350%2C200 1x, https:\/\/i0.wp.com\/pohjanmaantehtaanmyymala.fi\/wp-content\/uploads\/2019\/09\/Aada_2_istuttava.jpg?fit=960%2C960&ssl=1&resize=525%2C300 1.5x, https:\/\/i0.wp.com\/pohjanmaantehtaanmyymala.fi\/wp-content\/uploads\/2019\/09\/Aada_2_istuttava.jpg?fit=960%2C960&ssl=1&resize=700%2C400 2x"},"classes":[]},{"id":10944,"url":"https:\/\/pohjanmaantehtaanmyymala.fi\/sv\/tuote\/pohjanmaan-aada-sohvakalustorodeo-kankaalla\/","url_meta":{"origin":10937,"position":1},"title":"Pohjanmaan AADA \u2013 sohvakalusto 3+2","author":"petri","date":"september 14, 2019","format":false,"excerpt":"Pohjanmaan Aada 3+2 -sohvat kangasverhoilulla T\u00e4m\u00e4 sohva on varma valinta kotisi sohvaksi. Sohva on verhoiltu likaahylkiv\u00e4ll\u00e4 ja helppohoitoisella Rodeo-kankaalla, jossa on useita eri v\u00e4rivaihtoehtoja. Niist\u00e4 voit valita sohvaasi juuri sinun kotiin sopivan v\u00e4rin, joko sitten turvallisen harmaans\u00e4vyn tai vaikka pirte\u00e4n pinkin v\u00e4rin. Aada -sohvan istuin- ja selk\u00e4nojapehmusteet tarjoavat istujalle j\u00e4m\u00e4k\u00e4n\u2026","rel":"","context":"Liknande produkt","block_context":{"text":"Liknande produkt","link":""},"img":{"alt_text":"","src":"https:\/\/i0.wp.com\/pohjanmaantehtaanmyymala.fi\/wp-content\/uploads\/2019\/09\/Aada_sohvakalusto.jpg?fit=960%2C960&ssl=1&resize=350%2C200","width":350,"height":200,"srcset":"https:\/\/i0.wp.com\/pohjanmaantehtaanmyymala.fi\/wp-content\/uploads\/2019\/09\/Aada_sohvakalusto.jpg?fit=960%2C960&ssl=1&resize=350%2C200 1x, https:\/\/i0.wp.com\/pohjanmaantehtaanmyymala.fi\/wp-content\/uploads\/2019\/09\/Aada_sohvakalusto.jpg?fit=960%2C960&ssl=1&resize=525%2C300 1.5x, https:\/\/i0.wp.com\/pohjanmaantehtaanmyymala.fi\/wp-content\/uploads\/2019\/09\/Aada_sohvakalusto.jpg?fit=960%2C960&ssl=1&resize=700%2C400 2x"},"classes":[]},{"id":19587,"url":"https:\/\/pohjanmaantehtaanmyymala.fi\/sv\/tuote\/pohjanmaan-aada-avokulmasohva\/","url_meta":{"origin":10937,"position":2},"title":"Pohjanmaan AADA \u2013 avokulmasohva","author":"Sami Viitala","date":"januari 17, 2022","format":false,"excerpt":"Pohjanmaan Aada avokulmasohva Rodeo-kangasverhoilulla joko oikea- tai vasenk\u00e4tisen\u00e4.","rel":"","context":"Liknande produkt","block_context":{"text":"Liknande produkt","link":""},"img":{"alt_text":"Aada avokulma oikeak\u00e4tinen harmaa Rodeo kangas","src":"https:\/\/i0.wp.com\/pohjanmaantehtaanmyymala.fi\/wp-content\/uploads\/2022\/01\/Pohjanmaan_Aada_kulmasohva_oikea.jpg?fit=960%2C960&ssl=1&resize=350%2C200","width":350,"height":200,"srcset":"https:\/\/i0.wp.com\/pohjanmaantehtaanmyymala.fi\/wp-content\/uploads\/2022\/01\/Pohjanmaan_Aada_kulmasohva_oikea.jpg?fit=960%2C960&ssl=1&resize=350%2C200 1x, https:\/\/i0.wp.com\/pohjanmaantehtaanmyymala.fi\/wp-content\/uploads\/2022\/01\/Pohjanmaan_Aada_kulmasohva_oikea.jpg?fit=960%2C960&ssl=1&resize=525%2C300 1.5x, https:\/\/i0.wp.com\/pohjanmaantehtaanmyymala.fi\/wp-content\/uploads\/2022\/01\/Pohjanmaan_Aada_kulmasohva_oikea.jpg?fit=960%2C960&ssl=1&resize=700%2C400 2x"},"classes":[]},{"id":8696,"url":"https:\/\/pohjanmaantehtaanmyymala.fi\/sv\/tuote\/copenhagen-2-sohva\/","url_meta":{"origin":10937,"position":3},"title":"COPENHAGEN 2-istuttava sohva","author":"petri","date":"september 14, 2019","format":false,"excerpt":"Pohjanmaan Kalusteen massiivisessa Copenhagen-sohvassa on miellytt\u00e4v\u00e4n pehme\u00e4 istuintuntuma. Copenhagen sohvassa on my\u00f6s leve\u00e4t pehmustetut k\u00e4sinojat. T\u00e4m\u00e4n Copenhagen sohvan erikoisuutena on selk\u00e4tyynyjen s\u00e4\u00e4dett\u00e4vyys voit halutessasi nostaa tyyny\u00e4 ylemm\u00e4s jolloin selk\u00e4nojasta tulee korkeampi ja istuinsyvyys syvenee 17 cm. Selk\u00e4tyynyt pit\u00e4\u00e4 paikoillaan vahva magneetti. Copenhagen sohvasta on saatavana modulirakenteen vuoksi useita eri kokoonpanoja;\u2026","rel":"","context":"Liknande produkt","block_context":{"text":"Liknande produkt","link":""},"img":{"alt_text":"Copenhagen-sohva-beige-kangas","src":"https:\/\/i0.wp.com\/pohjanmaantehtaanmyymala.fi\/wp-content\/uploads\/2019\/09\/Copenhagen-2.jpg?fit=960%2C960&ssl=1&resize=350%2C200","width":350,"height":200,"srcset":"https:\/\/i0.wp.com\/pohjanmaantehtaanmyymala.fi\/wp-content\/uploads\/2019\/09\/Copenhagen-2.jpg?fit=960%2C960&ssl=1&resize=350%2C200 1x, https:\/\/i0.wp.com\/pohjanmaantehtaanmyymala.fi\/wp-content\/uploads\/2019\/09\/Copenhagen-2.jpg?fit=960%2C960&ssl=1&resize=525%2C300 1.5x, https:\/\/i0.wp.com\/pohjanmaantehtaanmyymala.fi\/wp-content\/uploads\/2019\/09\/Copenhagen-2.jpg?fit=960%2C960&ssl=1&resize=700%2C400 2x"},"classes":[]},{"id":8714,"url":"https:\/\/pohjanmaantehtaanmyymala.fi\/sv\/tuote\/copenhagen-3-sohva\/","url_meta":{"origin":10937,"position":4},"title":"COPENHAGEN 3-istuttava sohva","author":"petri","date":"september 14, 2019","format":false,"excerpt":"Pohjanmaan Kalusteen massiivisessa Copenhagen- sohvassa on miellytt\u00e4v\u00e4n pehme\u00e4 istuintuntuma. Copenhagen sohvassa on my\u00f6s leve\u00e4t pehmustetut k\u00e4sinojat. T\u00e4m\u00e4n Copenhagen sohvan erikoisuutena on selk\u00e4tyynyjen s\u00e4\u00e4dett\u00e4vyys voit halutessasi nostaa tyyny\u00e4 ylemm\u00e4s jolloin selk\u00e4nojasta tulee korkeampi ja istuinsyvyys syvenee 17 cm. Selk\u00e4tyynyt pit\u00e4\u00e4 paikoillaan vahva magneetti. Copenhagen sohvasta on saatavana modulirakenteen vuoksi useita eri\u2026","rel":"","context":"Liknande produkt","block_context":{"text":"Liknande produkt","link":""},"img":{"alt_text":"Copenhagen sohva","src":"https:\/\/i0.wp.com\/pohjanmaantehtaanmyymala.fi\/wp-content\/uploads\/2019\/06\/Copenhagen-17.jpg?fit=960%2C960&ssl=1&resize=350%2C200","width":350,"height":200,"srcset":"https:\/\/i0.wp.com\/pohjanmaantehtaanmyymala.fi\/wp-content\/uploads\/2019\/06\/Copenhagen-17.jpg?fit=960%2C960&ssl=1&resize=350%2C200 1x, https:\/\/i0.wp.com\/pohjanmaantehtaanmyymala.fi\/wp-content\/uploads\/2019\/06\/Copenhagen-17.jpg?fit=960%2C960&ssl=1&resize=525%2C300 1.5x, https:\/\/i0.wp.com\/pohjanmaantehtaanmyymala.fi\/wp-content\/uploads\/2019\/06\/Copenhagen-17.jpg?fit=960%2C960&ssl=1&resize=700%2C400 2x"},"classes":[]},{"id":23869,"url":"https:\/\/pohjanmaantehtaanmyymala.fi\/sv\/tuote\/sheraton-2-istuttava-sohva\/","url_meta":{"origin":10937,"position":5},"title":"SHERATON 2-istuttava sohva","author":"Sami Viitala","date":"oktober 2, 2023","format":false,"excerpt":"T\u00e4ll\u00e4 sohvalla nautit mukavuudesta.","rel":"","context":"Liknande produkt","block_context":{"text":"Liknande produkt","link":""},"img":{"alt_text":"Sheraton 2-istuttava kangassohva HaliHali","src":"https:\/\/i0.wp.com\/pohjanmaantehtaanmyymala.fi\/wp-content\/uploads\/2023\/09\/Sheraton_2sohva_HaliHali300_kangas.jpg?fit=960%2C960&ssl=1&resize=350%2C200","width":350,"height":200,"srcset":"https:\/\/i0.wp.com\/pohjanmaantehtaanmyymala.fi\/wp-content\/uploads\/2023\/09\/Sheraton_2sohva_HaliHali300_kangas.jpg?fit=960%2C960&ssl=1&resize=350%2C200 1x, https:\/\/i0.wp.com\/pohjanmaantehtaanmyymala.fi\/wp-content\/uploads\/2023\/09\/Sheraton_2sohva_HaliHali300_kangas.jpg?fit=960%2C960&ssl=1&resize=525%2C300 1.5x, https:\/\/i0.wp.com\/pohjanmaantehtaanmyymala.fi\/wp-content\/uploads\/2023\/09\/Sheraton_2sohva_HaliHali300_kangas.jpg?fit=960%2C960&ssl=1&resize=700%2C400 2x"},"classes":[]}],"_links":{"self":[{"href":"https:\/\/pohjanmaantehtaanmyymala.fi\/sv\/wp-json\/wp\/v2\/product\/10937","targetHints":{"allow":["GET"]}}],"collection":[{"href":"https:\/\/pohjanmaantehtaanmyymala.fi\/sv\/wp-json\/wp\/v2\/product"}],"about":[{"href":"https:\/\/pohjanmaantehtaanmyymala.fi\/sv\/wp-json\/wp\/v2\/types\/product"}],"replies":[{"embeddable":true,"href":"https:\/\/pohjanmaantehtaanmyymala.fi\/sv\/wp-json\/wp\/v2\/comments?post=10937"}],"wp:featuredmedia":[{"embeddable":true,"href":"https:\/\/pohjanmaantehtaanmyymala.fi\/sv\/wp-json\/wp\/v2\/media\/10938"}],"wp:attachment":[{"href":"https:\/\/pohjanmaantehtaanmyymala.fi\/sv\/wp-json\/wp\/v2\/media?parent=10937"}],"wp:term":[{"taxonomy":"product_brand","embeddable":true,"href":"https:\/\/pohjanmaantehtaanmyymala.fi\/sv\/wp-json\/wp\/v2\/product_brand?post=10937"},{"taxonomy":"product_cat","embeddable":true,"href":"https:\/\/pohjanmaantehtaanmyymala.fi\/sv\/wp-json\/wp\/v2\/product_cat?post=10937"},{"taxonomy":"product_tag","embeddable":true,"href":"https:\/\/pohjanmaantehtaanmyymala.fi\/sv\/wp-json\/wp\/v2\/product_tag?post=10937"}],"curies":[{"name":"wp","href":"https:\/\/api.w.org\/{rel}","templated":true}]}}