{"id":10919,"date":"2019-09-14T09:57:32","date_gmt":"2019-09-14T07:57:32","guid":{"rendered":"https:\/\/pohjanmaantehtaanmyymala.fi\/tuote\/fondi-vitriini-40-korkea\/"},"modified":"2020-10-16T17:30:14","modified_gmt":"2020-10-16T15:30:14","slug":"fondi-vitriini-40-korkea","status":"publish","type":"product","link":"https:\/\/pohjanmaantehtaanmyymala.fi\/sv\/tuote\/fondi-vitriini-40-korkea\/","title":{"rendered":"FONDI \u2013 vitriini 40 korkea"},"content":{"rendered":"<p>Fondi -lasivitriini etsatullla lasiovella ja laatikoilla.<\/p>\n<p>Tuote toimitetaan pahvipaketissa.<br \/>Koko:<br \/>Leveys 41cm<br \/>korkeus 185cm<br \/>syvyys 41 cm.<br \/>Vitriini koostuu avohyllyst\u00e4 nro41 ja lasiovesta nro14<\/p>\n<p>Toimitusaika noin 1-2 viikkoa.<\/p>\n<p>V\u00e4ri valikoinen. <br \/>Tilauksesta voi kannen v\u00e4rivaihtoehdoksi valita my\u00f6s aitopuuviilutetun; py\u00f6kki-, kirsikka-, p\u00e4hkin\u00e4- ja tammi v\u00e4rin.<br \/>Viilu on aito luonnonmateriaali, joka muuttaa s\u00e4vy\u00e4\u00e4n ajan kuluessa muun muassa auringon ultraviolettivalon vaikutuksesta.<\/p>\n<p>Vitriinin saa my\u00f6s kirkkaalla lasiovella<br \/>Kysy myynnist\u00e4mme lis\u00e4tietoa muista vaihtoehdoista<br \/>Leo-Matti Ojalan kauhajoella valmistamasta kalustesarjasta on saatavilla my\u00f6s lipastoja, tasoja, senkkej\u00e4 ja ty\u00f6p\u00f6yti\u00e4.<\/p>\n<p>Fondi -sarjan runko toimitetaan aina koottuna kansi irrallaan.<\/p>\n","protected":false},"excerpt":{"rendered":"<p>Fondi -lasivitriini etsatullla lasiovella ja laatikoilla. Tuote toimitetaan pahvipaketissa.Koko:Leveys 41cmkorkeus 185cmsyvyys 41 cm.Vitriini koostuu avohyllyst\u00e4 nro41 ja lasiovesta nro14 Toimitusaika noin 1-2 viikkoa. V\u00e4ri valikoinen. Tilauksesta voi kannen v\u00e4rivaihtoehdoksi valita my\u00f6s aitopuuviilutetun; py\u00f6kki-, kirsikka-, p\u00e4hkin\u00e4- ja tammi v\u00e4rin.Viilu on aito luonnonmateriaali, joka muuttaa s\u00e4vy\u00e4\u00e4n ajan kuluessa muun muassa auringon ultraviolettivalon vaikutuksesta. Vitriinin saa my\u00f6s kirkkaalla [&hellip;]<\/p>\n","protected":false},"featured_media":10920,"comment_status":"closed","ping_status":"open","template":"","meta":{"_acf_changed":false,"jetpack_post_was_ever_published":false,"jetpack_publicize_message":"","jetpack_publicize_feature_enabled":true,"jetpack_social_post_already_shared":true,"jetpack_social_options":{"image_generator_settings":{"template":"highway","default_image_id":0,"font":"","enabled":false},"version":2}},"product_brand":[183],"product_cat":[196],"product_tag":[],"class_list":{"0":"post-10919","1":"product","2":"type-product","3":"status-publish","4":"has-post-thumbnail","6":"product_brand-ojala","7":"product_cat-sailytyskalusteet-ja-tv-tasot","8":"product_shipping_class-161","10":"first","11":"instock","12":"purchasable","13":"product-type-simple"},"acf":[],"jetpack_publicize_connections":[],"jetpack_sharing_enabled":true,"jetpack-related-posts":[{"id":10910,"url":"https:\/\/pohjanmaantehtaanmyymala.fi\/sv\/tuote\/fondi-vitriini-kapea\/","url_meta":{"origin":10919,"position":0},"title":"FONDI \u2013 vitriini kapea","author":"petri","date":"september 14, 2019","format":false,"excerpt":"Tyylik\u00e4s kotimainen lasivitriini etsatullla lasiovella. Tuote toimitetaan pahvipaketissa. Koko: Leveys 41cm korkeus 151cm syvyys 41 cm. Vitriini koostuu avohyllyst\u00e4 nro13 ja lasiovesta nro14 Toimitusaika noin 1-2 viikkoa. V\u00e4ri valikoinen. Tilauksesta voi kannen v\u00e4rivaihtoehdoksi valita my\u00f6s aitopuuviilutetun; py\u00f6kki-, kirsikka-, p\u00e4hkin\u00e4- ja tammi v\u00e4rin. Viilu on aito luonnonmateriaali, joka muuttaa s\u00e4vy\u00e4\u00e4n ajan\u2026","rel":"","context":"Liknande produkt","block_context":{"text":"Liknande produkt","link":""},"img":{"alt_text":"Fondi vitriini yksovinen LM-ojala","src":"https:\/\/i0.wp.com\/pohjanmaantehtaanmyymala.fi\/wp-content\/uploads\/2019\/09\/Fondi-vitriini-yksovinen-LM-ojala.jpg?fit=960%2C960&ssl=1&resize=350%2C200","width":350,"height":200,"srcset":"https:\/\/i0.wp.com\/pohjanmaantehtaanmyymala.fi\/wp-content\/uploads\/2019\/09\/Fondi-vitriini-yksovinen-LM-ojala.jpg?fit=960%2C960&ssl=1&resize=350%2C200 1x, https:\/\/i0.wp.com\/pohjanmaantehtaanmyymala.fi\/wp-content\/uploads\/2019\/09\/Fondi-vitriini-yksovinen-LM-ojala.jpg?fit=960%2C960&ssl=1&resize=525%2C300 1.5x, https:\/\/i0.wp.com\/pohjanmaantehtaanmyymala.fi\/wp-content\/uploads\/2019\/09\/Fondi-vitriini-yksovinen-LM-ojala.jpg?fit=960%2C960&ssl=1&resize=700%2C400 2x"},"classes":[]},{"id":10921,"url":"https:\/\/pohjanmaantehtaanmyymala.fi\/sv\/tuote\/fondi-vitriini-80-korkea\/","url_meta":{"origin":10919,"position":1},"title":"FONDI \u2013 vitriini 80 korkea","author":"petri","date":"september 14, 2019","format":false,"excerpt":"Selke\u00e4linjainen lasivitriini etsatullla lasiovella ja laatikoilla.Tuote toimitetaan pahvipaketissa.Koko:Leveys 80cmkorkeus 185cmsyvyys 41 cm.Vitriini koostuu avohyllyst\u00e4 nro42 ja kahdesta lasiovesta nro14Toimitusaika noin 1-2 viikkoa.V\u00e4ri valikoinen. Tilauksesta voi kannen v\u00e4rivaihtoehdoksi valita my\u00f6s aitopuuviilutetun; py\u00f6kki-, kirsikka-, p\u00e4hkin\u00e4- ja tammi v\u00e4rin.Viilu on aito luonnonmateriaali, joka muuttaa s\u00e4vy\u00e4\u00e4n ajan kuluessa muun muassa auringon ultraviolettivalon vaikutuksesta.Vitriinin saa\u2026","rel":"","context":"Liknande produkt","block_context":{"text":"Liknande produkt","link":""},"img":{"alt_text":"","src":"https:\/\/i0.wp.com\/pohjanmaantehtaanmyymala.fi\/wp-content\/uploads\/2019\/09\/Fondi_korkea_80_vitriini.jpg?fit=960%2C960&ssl=1&resize=350%2C200","width":350,"height":200,"srcset":"https:\/\/i0.wp.com\/pohjanmaantehtaanmyymala.fi\/wp-content\/uploads\/2019\/09\/Fondi_korkea_80_vitriini.jpg?fit=960%2C960&ssl=1&resize=350%2C200 1x, https:\/\/i0.wp.com\/pohjanmaantehtaanmyymala.fi\/wp-content\/uploads\/2019\/09\/Fondi_korkea_80_vitriini.jpg?fit=960%2C960&ssl=1&resize=525%2C300 1.5x, https:\/\/i0.wp.com\/pohjanmaantehtaanmyymala.fi\/wp-content\/uploads\/2019\/09\/Fondi_korkea_80_vitriini.jpg?fit=960%2C960&ssl=1&resize=700%2C400 2x"},"classes":[]},{"id":10911,"url":"https:\/\/pohjanmaantehtaanmyymala.fi\/sv\/tuote\/fondi-vitriini-levea\/","url_meta":{"origin":10919,"position":2},"title":"FONDI \u2013 vitriini leve\u00e4","author":"petri","date":"september 14, 2019","format":false,"excerpt":"Tyylik\u00e4s kotimainen lasivitriini 2:lla etsatullla lasiovella.Tuote toimitetaan pahvipaketissa.Koko:Leveys 80cmkorkeus 151cmsyvyys 41 cm.Vitriini koostuu avohyllyst\u00e4 nro13 ja kahdesta lasiovesta nro14Toimitusaika noin 1-2 viikkoa.V\u00e4ri valikoinen. Tilauksesta voi kannen v\u00e4rivaihtoehdoksi valita my\u00f6s aitopuuviilutetun; py\u00f6kki-, kirsikka-, p\u00e4hkin\u00e4- ja tammi v\u00e4rin.Viilu on aito luonnonmateriaali, joka muuttaa s\u00e4vy\u00e4\u00e4n ajan kuluessa muun muassa auringon ultraviolettivalon vaikutuksesta.Vitriinin saa\u2026","rel":"","context":"Liknande produkt","block_context":{"text":"Liknande produkt","link":""},"img":{"alt_text":"","src":"https:\/\/i0.wp.com\/pohjanmaantehtaanmyymala.fi\/wp-content\/uploads\/2019\/09\/Fondi-vitriini-kaksovinen-LM-ojala.jpg?fit=960%2C960&ssl=1&resize=350%2C200","width":350,"height":200,"srcset":"https:\/\/i0.wp.com\/pohjanmaantehtaanmyymala.fi\/wp-content\/uploads\/2019\/09\/Fondi-vitriini-kaksovinen-LM-ojala.jpg?fit=960%2C960&ssl=1&resize=350%2C200 1x, https:\/\/i0.wp.com\/pohjanmaantehtaanmyymala.fi\/wp-content\/uploads\/2019\/09\/Fondi-vitriini-kaksovinen-LM-ojala.jpg?fit=960%2C960&ssl=1&resize=525%2C300 1.5x, https:\/\/i0.wp.com\/pohjanmaantehtaanmyymala.fi\/wp-content\/uploads\/2019\/09\/Fondi-vitriini-kaksovinen-LM-ojala.jpg?fit=960%2C960&ssl=1&resize=700%2C400 2x"},"classes":[]},{"id":10902,"url":"https:\/\/pohjanmaantehtaanmyymala.fi\/sv\/tuote\/fondi-senkki-nro7\/","url_meta":{"origin":10919,"position":3},"title":"FONDI \u2013 senkki NRO7","author":"petri","date":"september 14, 2019","format":false,"excerpt":"Suoralinjainen valkoinen senkki lasiovella ja 5:lla laatikolla sopii joka kotiin t\u00e4ydellisestiTuote on pakattu pahvipakettiin.Koko:Leveys 80 cmkorkeus 89 cmsyvyys 41 cm.Toimitusaika noin 1-2 viikkoa.Tilauksesta voi kannen v\u00e4rivaihtoehdoksi valita my\u00f6s aitopuuviilutetun; py\u00f6kki-, kirsikka-, p\u00e4hkin\u00e4- ja tammi v\u00e4rin.Viilu on aito luonnonmateriaali, joka muuttaa s\u00e4vy\u00e4\u00e4n ajan kuluessa muun muassa auringon ultraviolettivalon vaikutuksesta.Kysy myynnist\u00e4mme lis\u00e4tietoa\u2026","rel":"","context":"Liknande produkt","block_context":{"text":"Liknande produkt","link":""},"img":{"alt_text":"","src":"https:\/\/i0.wp.com\/pohjanmaantehtaanmyymala.fi\/wp-content\/uploads\/2019\/09\/Fondi_7.jpg?fit=960%2C960&ssl=1&resize=350%2C200","width":350,"height":200,"srcset":"https:\/\/i0.wp.com\/pohjanmaantehtaanmyymala.fi\/wp-content\/uploads\/2019\/09\/Fondi_7.jpg?fit=960%2C960&ssl=1&resize=350%2C200 1x, https:\/\/i0.wp.com\/pohjanmaantehtaanmyymala.fi\/wp-content\/uploads\/2019\/09\/Fondi_7.jpg?fit=960%2C960&ssl=1&resize=525%2C300 1.5x, https:\/\/i0.wp.com\/pohjanmaantehtaanmyymala.fi\/wp-content\/uploads\/2019\/09\/Fondi_7.jpg?fit=960%2C960&ssl=1&resize=700%2C400 2x"},"classes":[]},{"id":10900,"url":"https:\/\/pohjanmaantehtaanmyymala.fi\/sv\/tuote\/fondi-pieni-senkki-nro6\/","url_meta":{"origin":10919,"position":4},"title":"FONDI \u2013 pieni senkki NRO6","author":"petri","date":"september 14, 2019","format":false,"excerpt":"Pieni senkki lasiovella ja 4:lla laatikolla sopii kotiisi t\u00e4ydellisestiTuote on pakattu pahvipakettiin.Koko:Leveys 80 cmkorkeus 74 cmsyvyys 41 cm.Toimitusaika noin 1-2 viikkoa.V\u00e4ri on koko valikoinen. Tilauksesta voi kannen v\u00e4rivaihtoehdoksi valita my\u00f6s aitopuuviilutetun; py\u00f6kki-, kirsikka-, p\u00e4hkin\u00e4- ja tammi v\u00e4rin.Viilu on aito luonnonmateriaali, joka muuttaa s\u00e4vy\u00e4\u00e4n ajan kuluessa muun muassa auringon ultraviolettivalon vaikutuksesta.Kysy\u2026","rel":"","context":"Liknande produkt","block_context":{"text":"Liknande produkt","link":""},"img":{"alt_text":"","src":"https:\/\/i0.wp.com\/pohjanmaantehtaanmyymala.fi\/wp-content\/uploads\/2019\/09\/Fondi_6.jpg?fit=960%2C960&ssl=1&resize=350%2C200","width":350,"height":200,"srcset":"https:\/\/i0.wp.com\/pohjanmaantehtaanmyymala.fi\/wp-content\/uploads\/2019\/09\/Fondi_6.jpg?fit=960%2C960&ssl=1&resize=350%2C200 1x, https:\/\/i0.wp.com\/pohjanmaantehtaanmyymala.fi\/wp-content\/uploads\/2019\/09\/Fondi_6.jpg?fit=960%2C960&ssl=1&resize=525%2C300 1.5x, https:\/\/i0.wp.com\/pohjanmaantehtaanmyymala.fi\/wp-content\/uploads\/2019\/09\/Fondi_6.jpg?fit=960%2C960&ssl=1&resize=700%2C400 2x"},"classes":[]},{"id":10915,"url":"https:\/\/pohjanmaantehtaanmyymala.fi\/sv\/tuote\/fondi-yopoyta-nro21\/","url_meta":{"origin":10919,"position":5},"title":"FONDI \u2013 y\u00f6p\u00f6yt\u00e4 NRO21","author":"petri","date":"september 14, 2019","format":false,"excerpt":"Fondi -y\u00f6p\u00f6yt\u00e4 laatikolla ja avohyllyll\u00e4.Tuote toimitetaan osaksi kasattuna kansi irrallaan pahvipaketissa.Koko:Leveys 41cmkorkeus 52 cmsyvyys 41 cm.Toimitusaika noin 1-2 viikkoa.V\u00e4ri on valikoinen. Tilauksesta voi kannen v\u00e4rivaihtoehdoksi valita my\u00f6s aitopuuviilutetun; py\u00f6kki-, kirsikka-, p\u00e4hkin\u00e4- ja tammi v\u00e4rin.Viilu on aito luonnonmateriaali, joka muuttaa s\u00e4vy\u00e4\u00e4n ajan kuluessa muun muassa auringon ultraviolettivalon vaikutuksesta.Kysy myynnist\u00e4mme lis\u00e4tietoa muista\u2026","rel":"","context":"Liknande produkt","block_context":{"text":"Liknande produkt","link":""},"img":{"alt_text":"","src":"https:\/\/i0.wp.com\/pohjanmaantehtaanmyymala.fi\/wp-content\/uploads\/2019\/09\/Fondi_051223_Leo-Matti.jpg?fit=960%2C960&ssl=1&resize=350%2C200","width":350,"height":200,"srcset":"https:\/\/i0.wp.com\/pohjanmaantehtaanmyymala.fi\/wp-content\/uploads\/2019\/09\/Fondi_051223_Leo-Matti.jpg?fit=960%2C960&ssl=1&resize=350%2C200 1x, https:\/\/i0.wp.com\/pohjanmaantehtaanmyymala.fi\/wp-content\/uploads\/2019\/09\/Fondi_051223_Leo-Matti.jpg?fit=960%2C960&ssl=1&resize=525%2C300 1.5x, https:\/\/i0.wp.com\/pohjanmaantehtaanmyymala.fi\/wp-content\/uploads\/2019\/09\/Fondi_051223_Leo-Matti.jpg?fit=960%2C960&ssl=1&resize=700%2C400 2x"},"classes":[]}],"_links":{"self":[{"href":"https:\/\/pohjanmaantehtaanmyymala.fi\/sv\/wp-json\/wp\/v2\/product\/10919","targetHints":{"allow":["GET"]}}],"collection":[{"href":"https:\/\/pohjanmaantehtaanmyymala.fi\/sv\/wp-json\/wp\/v2\/product"}],"about":[{"href":"https:\/\/pohjanmaantehtaanmyymala.fi\/sv\/wp-json\/wp\/v2\/types\/product"}],"replies":[{"embeddable":true,"href":"https:\/\/pohjanmaantehtaanmyymala.fi\/sv\/wp-json\/wp\/v2\/comments?post=10919"}],"wp:featuredmedia":[{"embeddable":true,"href":"https:\/\/pohjanmaantehtaanmyymala.fi\/sv\/wp-json\/wp\/v2\/media\/10920"}],"wp:attachment":[{"href":"https:\/\/pohjanmaantehtaanmyymala.fi\/sv\/wp-json\/wp\/v2\/media?parent=10919"}],"wp:term":[{"taxonomy":"product_brand","embeddable":true,"href":"https:\/\/pohjanmaantehtaanmyymala.fi\/sv\/wp-json\/wp\/v2\/product_brand?post=10919"},{"taxonomy":"product_cat","embeddable":true,"href":"https:\/\/pohjanmaantehtaanmyymala.fi\/sv\/wp-json\/wp\/v2\/product_cat?post=10919"},{"taxonomy":"product_tag","embeddable":true,"href":"https:\/\/pohjanmaantehtaanmyymala.fi\/sv\/wp-json\/wp\/v2\/product_tag?post=10919"}],"curies":[{"name":"wp","href":"https:\/\/api.w.org\/{rel}","templated":true}]}}