{"id":10913,"date":"2019-09-14T09:57:19","date_gmt":"2019-09-14T07:57:19","guid":{"rendered":"https:\/\/pohjanmaantehtaanmyymala.fi\/tuote\/fondi-kirjoituspoyta-nro15\/"},"modified":"2020-10-16T17:30:15","modified_gmt":"2020-10-16T15:30:15","slug":"fondi-kirjoituspoyta-nro15","status":"publish","type":"product","link":"https:\/\/pohjanmaantehtaanmyymala.fi\/sv\/tuote\/fondi-kirjoituspoyta-nro15\/","title":{"rendered":"FONDI \u2013 kirjoitusp\u00f6yt\u00e4 NRO15"},"content":{"rendered":"<p>Kaunis kotimainen kirjoitusp\u00f6yt\u00e4, jossa on lasikaappi ja laatikosto.<\/p>\n<p>Tuote toimitetaan osaksi kasattuna kansi irrallaan pahvipaketissa.<br \/>Koko:<br \/>Leveys 140cm<br \/>korkeus 74 cm<br \/>syvyys 62 cm.<\/p>\n<p>Toimitusaika noin 1-2 viikkoa.<\/p>\n<p>V\u00e4ri on valikoinen. <br \/>Tilauksesta voi kannen v\u00e4rivaihtoehdoksi valita my\u00f6s aitopuuviilutetun; py\u00f6kki-, kirsikka-, p\u00e4hkin\u00e4- ja tammi v\u00e4rin.<br \/>Viilu on aito luonnonmateriaali, joka muuttaa s\u00e4vy\u00e4\u00e4n ajan kuluessa muun muassa auringon ultraviolettivalon vaikutuksesta.<\/p>\n<p>Kysy myynnist\u00e4mme lis\u00e4tietoa muista vaihtoehdoista<br \/>Leo-Matti Ojalan kauhajoella valmistamasta kalustesarjasta on saatavilla my\u00f6s lipastoja, tasoja, senkkej\u00e4 ja ty\u00f6p\u00f6yti\u00e4.<\/p>\n<p>Fondi -sarjan runko toimitetaan aina koottuna kansi irrallaan.<\/p>\n","protected":false},"excerpt":{"rendered":"<p>Kaunis kotimainen kirjoitusp\u00f6yt\u00e4, jossa on lasikaappi ja laatikosto. Tuote toimitetaan osaksi kasattuna kansi irrallaan pahvipaketissa.Koko:Leveys 140cmkorkeus 74 cmsyvyys 62 cm. Toimitusaika noin 1-2 viikkoa. V\u00e4ri on valikoinen. Tilauksesta voi kannen v\u00e4rivaihtoehdoksi valita my\u00f6s aitopuuviilutetun; py\u00f6kki-, kirsikka-, p\u00e4hkin\u00e4- ja tammi v\u00e4rin.Viilu on aito luonnonmateriaali, joka muuttaa s\u00e4vy\u00e4\u00e4n ajan kuluessa muun muassa auringon ultraviolettivalon vaikutuksesta. Kysy myynnist\u00e4mme [&hellip;]<\/p>\n","protected":false},"featured_media":10914,"comment_status":"closed","ping_status":"open","template":"","meta":{"_acf_changed":false,"jetpack_post_was_ever_published":false,"jetpack_publicize_message":"","jetpack_publicize_feature_enabled":true,"jetpack_social_post_already_shared":true,"jetpack_social_options":{"image_generator_settings":{"template":"highway","default_image_id":0,"font":"","enabled":false},"version":2}},"product_brand":[183],"product_cat":[197],"product_tag":[],"class_list":{"0":"post-10913","1":"product","2":"type-product","3":"status-publish","4":"has-post-thumbnail","6":"product_brand-ojala","7":"product_cat-toimistokalusteet","8":"product_shipping_class-161","10":"first","11":"instock","12":"purchasable","13":"product-type-simple"},"acf":[],"jetpack_publicize_connections":[],"jetpack_sharing_enabled":true,"jetpack-related-posts":[{"id":10798,"url":"https:\/\/pohjanmaantehtaanmyymala.fi\/sv\/tuote\/klaara-kirjoituspoyta-8\/","url_meta":{"origin":10913,"position":0},"title":"KLAARA 8 Kirjoitusp\u00f6yt\u00e4","author":"petri","date":"september 14, 2019","format":false,"excerpt":"Klaara kirjoitusp\u00f6yt\u00e4 vetolaatikoilla. Rungon v\u00e4ri valkoinen, kannen v\u00e4riksi voi valita: valkoinen, koivu, harmaa, ruskea. Toimitetaan osina. Laatikosto kasattu. (Kansi, vetimet ja jalat asennettava).","rel":"","context":"Liknande produkt","block_context":{"text":"Liknande produkt","link":""},"img":{"alt_text":"","src":"https:\/\/i0.wp.com\/pohjanmaantehtaanmyymala.fi\/wp-content\/uploads\/2019\/09\/KlaaraNRO8.jpg?fit=960%2C960&ssl=1&resize=350%2C200","width":350,"height":200,"srcset":"https:\/\/i0.wp.com\/pohjanmaantehtaanmyymala.fi\/wp-content\/uploads\/2019\/09\/KlaaraNRO8.jpg?fit=960%2C960&ssl=1&resize=350%2C200 1x, https:\/\/i0.wp.com\/pohjanmaantehtaanmyymala.fi\/wp-content\/uploads\/2019\/09\/KlaaraNRO8.jpg?fit=960%2C960&ssl=1&resize=525%2C300 1.5x, https:\/\/i0.wp.com\/pohjanmaantehtaanmyymala.fi\/wp-content\/uploads\/2019\/09\/KlaaraNRO8.jpg?fit=960%2C960&ssl=1&resize=700%2C400 2x"},"classes":[]},{"id":10800,"url":"https:\/\/pohjanmaantehtaanmyymala.fi\/sv\/tuote\/klaara-kirjoituspoyta-9\/","url_meta":{"origin":10913,"position":1},"title":"KLAARA 9 Kirjoitusp\u00f6yt\u00e4","author":"petri","date":"september 14, 2019","format":false,"excerpt":"Klaara kirjoitusp\u00f6yt\u00e4 vetolaatikoilla ja ovilla. Rungon v\u00e4ri valkoinen, kannen v\u00e4riksi voi valita: valkoinen, koivu, harmaa, ruskea. Toimitetaan osina. Ovikaapit koottuna (Kansi, vetimet ja jalat asennettava).","rel":"","context":"Liknande produkt","block_context":{"text":"Liknande produkt","link":""},"img":{"alt_text":"","src":"https:\/\/i0.wp.com\/pohjanmaantehtaanmyymala.fi\/wp-content\/uploads\/2019\/09\/KlaaraNRO9.jpg?fit=960%2C960&ssl=1&resize=350%2C200","width":350,"height":200,"srcset":"https:\/\/i0.wp.com\/pohjanmaantehtaanmyymala.fi\/wp-content\/uploads\/2019\/09\/KlaaraNRO9.jpg?fit=960%2C960&ssl=1&resize=350%2C200 1x, https:\/\/i0.wp.com\/pohjanmaantehtaanmyymala.fi\/wp-content\/uploads\/2019\/09\/KlaaraNRO9.jpg?fit=960%2C960&ssl=1&resize=525%2C300 1.5x, https:\/\/i0.wp.com\/pohjanmaantehtaanmyymala.fi\/wp-content\/uploads\/2019\/09\/KlaaraNRO9.jpg?fit=960%2C960&ssl=1&resize=700%2C400 2x"},"classes":[]},{"id":10915,"url":"https:\/\/pohjanmaantehtaanmyymala.fi\/sv\/tuote\/fondi-yopoyta-nro21\/","url_meta":{"origin":10913,"position":2},"title":"FONDI \u2013 y\u00f6p\u00f6yt\u00e4 NRO21","author":"petri","date":"september 14, 2019","format":false,"excerpt":"Fondi -y\u00f6p\u00f6yt\u00e4 laatikolla ja avohyllyll\u00e4.Tuote toimitetaan osaksi kasattuna kansi irrallaan pahvipaketissa.Koko:Leveys 41cmkorkeus 52 cmsyvyys 41 cm.Toimitusaika noin 1-2 viikkoa.V\u00e4ri on valikoinen. Tilauksesta voi kannen v\u00e4rivaihtoehdoksi valita my\u00f6s aitopuuviilutetun; py\u00f6kki-, kirsikka-, p\u00e4hkin\u00e4- ja tammi v\u00e4rin.Viilu on aito luonnonmateriaali, joka muuttaa s\u00e4vy\u00e4\u00e4n ajan kuluessa muun muassa auringon ultraviolettivalon vaikutuksesta.Kysy myynnist\u00e4mme lis\u00e4tietoa muista\u2026","rel":"","context":"Liknande produkt","block_context":{"text":"Liknande produkt","link":""},"img":{"alt_text":"","src":"https:\/\/i0.wp.com\/pohjanmaantehtaanmyymala.fi\/wp-content\/uploads\/2019\/09\/Fondi_051223_Leo-Matti.jpg?fit=960%2C960&ssl=1&resize=350%2C200","width":350,"height":200,"srcset":"https:\/\/i0.wp.com\/pohjanmaantehtaanmyymala.fi\/wp-content\/uploads\/2019\/09\/Fondi_051223_Leo-Matti.jpg?fit=960%2C960&ssl=1&resize=350%2C200 1x, https:\/\/i0.wp.com\/pohjanmaantehtaanmyymala.fi\/wp-content\/uploads\/2019\/09\/Fondi_051223_Leo-Matti.jpg?fit=960%2C960&ssl=1&resize=525%2C300 1.5x, https:\/\/i0.wp.com\/pohjanmaantehtaanmyymala.fi\/wp-content\/uploads\/2019\/09\/Fondi_051223_Leo-Matti.jpg?fit=960%2C960&ssl=1&resize=700%2C400 2x"},"classes":[]},{"id":18631,"url":"https:\/\/pohjanmaantehtaanmyymala.fi\/sv\/tuote\/ohio-lankkupoyta-180-cm\/","url_meta":{"origin":10913,"position":3},"title":"Ohio &#8211; lankkup\u00f6yt\u00e4 180&#215;95 cm","author":"Sami Viitala","date":"oktober 30, 2021","format":false,"excerpt":"N\u00e4ytt\u00e4v\u00e4 lankkuruokap\u00f6yt\u00e4 metallijaloilla.","rel":"","context":"Liknande produkt","block_context":{"text":"Liknande produkt","link":""},"img":{"alt_text":"Ohio-lankkup\u00f6yt\u00e4 180 cm smoked-v\u00e4ri","src":"https:\/\/i0.wp.com\/pohjanmaantehtaanmyymala.fi\/wp-content\/uploads\/2021\/10\/Pohjanmaan_Ohio-lankkup_180-smoked.jpg?fit=960%2C960&ssl=1&resize=350%2C200","width":350,"height":200,"srcset":"https:\/\/i0.wp.com\/pohjanmaantehtaanmyymala.fi\/wp-content\/uploads\/2021\/10\/Pohjanmaan_Ohio-lankkup_180-smoked.jpg?fit=960%2C960&ssl=1&resize=350%2C200 1x, https:\/\/i0.wp.com\/pohjanmaantehtaanmyymala.fi\/wp-content\/uploads\/2021\/10\/Pohjanmaan_Ohio-lankkup_180-smoked.jpg?fit=960%2C960&ssl=1&resize=525%2C300 1.5x, https:\/\/i0.wp.com\/pohjanmaantehtaanmyymala.fi\/wp-content\/uploads\/2021\/10\/Pohjanmaan_Ohio-lankkup_180-smoked.jpg?fit=960%2C960&ssl=1&resize=700%2C400 2x"},"classes":[]},{"id":18646,"url":"https:\/\/pohjanmaantehtaanmyymala.fi\/sv\/tuote\/ohio-lankkupoyta-200-cm\/","url_meta":{"origin":10913,"position":4},"title":"Ohio &#8211; lankkup\u00f6yt\u00e4 200&#215;95 cm","author":"Sami Viitala","date":"oktober 31, 2021","format":false,"excerpt":"Tilava lankkuruokap\u00f6yt\u00e4 metallijaloilla.","rel":"","context":"Liknande produkt","block_context":{"text":"Liknande produkt","link":""},"img":{"alt_text":"Ohio lankkup\u00f6yt\u00e4 200x95 cm smoked-v\u00e4ri metallijaloilla","src":"https:\/\/i0.wp.com\/pohjanmaantehtaanmyymala.fi\/wp-content\/uploads\/2021\/10\/Pohjanmaan_Ohio-lankkupoyta-200.jpg?fit=960%2C960&ssl=1&resize=350%2C200","width":350,"height":200,"srcset":"https:\/\/i0.wp.com\/pohjanmaantehtaanmyymala.fi\/wp-content\/uploads\/2021\/10\/Pohjanmaan_Ohio-lankkupoyta-200.jpg?fit=960%2C960&ssl=1&resize=350%2C200 1x, https:\/\/i0.wp.com\/pohjanmaantehtaanmyymala.fi\/wp-content\/uploads\/2021\/10\/Pohjanmaan_Ohio-lankkupoyta-200.jpg?fit=960%2C960&ssl=1&resize=525%2C300 1.5x, https:\/\/i0.wp.com\/pohjanmaantehtaanmyymala.fi\/wp-content\/uploads\/2021\/10\/Pohjanmaan_Ohio-lankkupoyta-200.jpg?fit=960%2C960&ssl=1&resize=700%2C400 2x"},"classes":[]},{"id":10622,"url":"https:\/\/pohjanmaantehtaanmyymala.fi\/sv\/tuote\/anton-tyopoydat\/","url_meta":{"origin":10913,"position":5},"title":"ANTON ty\u00f6p\u00f6yt\u00e4","author":"petri","date":"september 14, 2019","format":false,"excerpt":"Kotimainen Anton- tietokonep\u00f6yt\u00e4 sopii mainiosti kotiin tai konttoriin. Rungon v\u00e4ri on aina valkoinen, kannen v\u00e4riksi voi valita valkoisen, tammen tai saarnin.\u00a0 Yksiovisissa ilmoitathan my\u00f6s haluamasi k\u00e4tisyyden. Leveys: 130 cm Korkeus: 73 cm Syvyys: 55 cm Tuotetiedot: Ovissa ja laatikoissa push to open mekanismi -Tuotteen runko ja kansi on MFC- levy\u00e4\u2026","rel":"","context":"Liknande produkt","block_context":{"text":"Liknande produkt","link":""},"img":{"alt_text":"","src":"https:\/\/i0.wp.com\/pohjanmaantehtaanmyymala.fi\/wp-content\/uploads\/2019\/09\/Anton-tp-00161541.jpg?fit=960%2C960&ssl=1&resize=350%2C200","width":350,"height":200,"srcset":"https:\/\/i0.wp.com\/pohjanmaantehtaanmyymala.fi\/wp-content\/uploads\/2019\/09\/Anton-tp-00161541.jpg?fit=960%2C960&ssl=1&resize=350%2C200 1x, https:\/\/i0.wp.com\/pohjanmaantehtaanmyymala.fi\/wp-content\/uploads\/2019\/09\/Anton-tp-00161541.jpg?fit=960%2C960&ssl=1&resize=525%2C300 1.5x, https:\/\/i0.wp.com\/pohjanmaantehtaanmyymala.fi\/wp-content\/uploads\/2019\/09\/Anton-tp-00161541.jpg?fit=960%2C960&ssl=1&resize=700%2C400 2x"},"classes":[]}],"_links":{"self":[{"href":"https:\/\/pohjanmaantehtaanmyymala.fi\/sv\/wp-json\/wp\/v2\/product\/10913","targetHints":{"allow":["GET"]}}],"collection":[{"href":"https:\/\/pohjanmaantehtaanmyymala.fi\/sv\/wp-json\/wp\/v2\/product"}],"about":[{"href":"https:\/\/pohjanmaantehtaanmyymala.fi\/sv\/wp-json\/wp\/v2\/types\/product"}],"replies":[{"embeddable":true,"href":"https:\/\/pohjanmaantehtaanmyymala.fi\/sv\/wp-json\/wp\/v2\/comments?post=10913"}],"wp:featuredmedia":[{"embeddable":true,"href":"https:\/\/pohjanmaantehtaanmyymala.fi\/sv\/wp-json\/wp\/v2\/media\/10914"}],"wp:attachment":[{"href":"https:\/\/pohjanmaantehtaanmyymala.fi\/sv\/wp-json\/wp\/v2\/media?parent=10913"}],"wp:term":[{"taxonomy":"product_brand","embeddable":true,"href":"https:\/\/pohjanmaantehtaanmyymala.fi\/sv\/wp-json\/wp\/v2\/product_brand?post=10913"},{"taxonomy":"product_cat","embeddable":true,"href":"https:\/\/pohjanmaantehtaanmyymala.fi\/sv\/wp-json\/wp\/v2\/product_cat?post=10913"},{"taxonomy":"product_tag","embeddable":true,"href":"https:\/\/pohjanmaantehtaanmyymala.fi\/sv\/wp-json\/wp\/v2\/product_tag?post=10913"}],"curies":[{"name":"wp","href":"https:\/\/api.w.org\/{rel}","templated":true}]}}