{"id":10879,"date":"2019-09-14T09:55:58","date_gmt":"2019-09-14T07:55:58","guid":{"rendered":"https:\/\/pohjanmaantehtaanmyymala.fi\/tuote\/eden-1-petauspatja-profiloitu-160-cm-levea\/"},"modified":"2025-03-24T16:31:48","modified_gmt":"2025-03-24T14:31:48","slug":"eden-1-petauspatja-profiloitu-160-cm-levea","status":"publish","type":"product","link":"https:\/\/pohjanmaantehtaanmyymala.fi\/sv\/tuote\/eden-1-petauspatja-profiloitu-160-cm-levea\/","title":{"rendered":"EDEN 1 -petauspatja 160x200x5 cm"},"content":{"rendered":"<p>N\u00e4rpi\u00f6ss\u00e4 valmistettu kotimainen Eden-1 sijauspatja 160 cm leve\u00e4n\u00e4. Petauspatjan sisus on profiloitua vaahtomuovia. Profilointi parantaa ilmankiertoa ja mukautuu vartalon alla. Sijauspatjan p\u00e4\u00e4llinen valkoista pehme\u00e4\u00e4 joustokangasta, joka on irroitettava ja vesipest\u00e4v\u00e4.<\/p>\n<h3>Tuotetiedot:<\/h3>\n<p>Sisus: Profiloitu 30 mm paksu vaahtomuovi.<br \/>\nP\u00e4\u00e4llinen: Joustokangasta, irroitettavissa.<br \/>\nPuhdistus: P\u00e4\u00e4llinen hienovesipesu 40\u00b0C.<br \/>\nTuuleus: Mieluiten vain max. 30 min ulkona.<br \/>\nToimitetaan muoviin pakattuna.<\/p>\n","protected":false},"excerpt":{"rendered":"<p>N\u00e4rpi\u00f6ss\u00e4 valmistettu kotimainen Eden-1 sijauspatja 160 cm leve\u00e4n\u00e4. Petauspatjan sisus on profiloitua vaahtomuovia. Profilointi parantaa ilmankiertoa ja mukautuu vartalon alla. Sijauspatjan p\u00e4\u00e4llinen valkoista pehme\u00e4\u00e4 joustokangasta, joka on irroitettava ja vesipest\u00e4v\u00e4. Tuotetiedot: Sisus: Profiloitu 30 mm paksu vaahtomuovi. P\u00e4\u00e4llinen: Joustokangasta, irroitettavissa. Puhdistus: P\u00e4\u00e4llinen hienovesipesu 40\u00b0C. Tuuleus: Mieluiten vain max. 30 min ulkona. Toimitetaan muoviin pakattuna.<\/p>\n","protected":false},"featured_media":13927,"comment_status":"closed","ping_status":"closed","template":"","meta":{"_acf_changed":false,"jetpack_post_was_ever_published":false,"jetpack_publicize_message":"","jetpack_publicize_feature_enabled":true,"jetpack_social_post_already_shared":true,"jetpack_social_options":{"image_generator_settings":{"template":"highway","default_image_id":0,"font":"","enabled":false},"version":2}},"product_brand":[203],"product_cat":[198,615],"product_tag":[],"class_list":{"0":"post-10879","1":"product","2":"type-product","3":"status-publish","4":"has-post-thumbnail","6":"product_brand-hilding","7":"product_cat-patjat-ja-sangyt","8":"product_cat-petauspatjat","9":"product_shipping_class-161","11":"first","12":"instock","13":"sale","14":"purchasable","15":"product-type-simple"},"acf":[],"jetpack_publicize_connections":[],"jetpack_sharing_enabled":true,"jetpack-related-posts":[{"id":10877,"url":"https:\/\/pohjanmaantehtaanmyymala.fi\/sv\/tuote\/eden-1-petauspatja-profiloitu-120-cm-levea\/","url_meta":{"origin":10879,"position":0},"title":"EDEN 1 petauspatja 120x200x5 cm","author":"petri","date":"september 14, 2019","format":false,"excerpt":"N\u00e4rpi\u00f6ss\u00e4 valmistettu kotimainen Eden-1 sijauspatja 120 cm leve\u00e4n\u00e4. Petauspatjan sisus on profiloitua vaahtomuovia. Profilointi parantaa ilmankiertoa ja mukautuu vartalon alla. Sijauspatjan p\u00e4\u00e4llinen valkoista pehme\u00e4\u00e4 joustokangasta, joka on irroitettava ja vesipest\u00e4v\u00e4. Tuotetiedot: Sisus: Profiloitu 30 mm paksu vaahtomuovi. P\u00e4\u00e4llinen: Joustokangasta, irroitettavissa. Puhdistus: P\u00e4\u00e4llinen hienovesipesu 40\u00b0C. Tuuleus: Mieluiten vain max. 30 min\u2026","rel":"","context":"Liknande produkt","block_context":{"text":"Liknande produkt","link":""},"img":{"alt_text":"Eden 1-petauspatja 90x200x5cm","src":"https:\/\/i0.wp.com\/pohjanmaantehtaanmyymala.fi\/wp-content\/uploads\/2019\/09\/Eden_1-petauspatja_90x200x5cm.jpg?fit=1200%2C1200&ssl=1&resize=350%2C200","width":350,"height":200,"srcset":"https:\/\/i0.wp.com\/pohjanmaantehtaanmyymala.fi\/wp-content\/uploads\/2019\/09\/Eden_1-petauspatja_90x200x5cm.jpg?fit=1200%2C1200&ssl=1&resize=350%2C200 1x, https:\/\/i0.wp.com\/pohjanmaantehtaanmyymala.fi\/wp-content\/uploads\/2019\/09\/Eden_1-petauspatja_90x200x5cm.jpg?fit=1200%2C1200&ssl=1&resize=525%2C300 1.5x, https:\/\/i0.wp.com\/pohjanmaantehtaanmyymala.fi\/wp-content\/uploads\/2019\/09\/Eden_1-petauspatja_90x200x5cm.jpg?fit=1200%2C1200&ssl=1&resize=700%2C400 2x, https:\/\/i0.wp.com\/pohjanmaantehtaanmyymala.fi\/wp-content\/uploads\/2019\/09\/Eden_1-petauspatja_90x200x5cm.jpg?fit=1200%2C1200&ssl=1&resize=1050%2C600 3x"},"classes":[]},{"id":10878,"url":"https:\/\/pohjanmaantehtaanmyymala.fi\/sv\/tuote\/eden-1-petauspatja-profiloitu-140-cm-levea\/","url_meta":{"origin":10879,"position":1},"title":"EDEN 1 -petauspatja 140x200x5 cm","author":"petri","date":"september 14, 2019","format":false,"excerpt":"N\u00e4rpi\u00f6ss\u00e4 valmistettu kotimainen Eden-1 sijauspatja 140 cm leve\u00e4n\u00e4. Petauspatjan sisus on profiloitua vaahtomuovia. Profilointi parantaa ilmankiertoa ja mukautuu vartalon alla. Sijauspatjan p\u00e4\u00e4llinen valkoista pehme\u00e4\u00e4 joustokangasta, joka on irroitettava ja vesipest\u00e4v\u00e4. Tuotetiedot: Sisus: Profiloitu 30 mm paksu vaahtomuovi. P\u00e4\u00e4llinen: Joustokangasta, irroitettavissa. Puhdistus: P\u00e4\u00e4llinen hienovesipesu 40\u00b0C. Tuuleus: Mieluiten vain max. 30 min\u2026","rel":"","context":"Liknande produkt","block_context":{"text":"Liknande produkt","link":""},"img":{"alt_text":"Eden 1-petauspatja 90x200x5cm","src":"https:\/\/i0.wp.com\/pohjanmaantehtaanmyymala.fi\/wp-content\/uploads\/2019\/09\/Eden_1-petauspatja_90x200x5cm.jpg?fit=1200%2C1200&ssl=1&resize=350%2C200","width":350,"height":200,"srcset":"https:\/\/i0.wp.com\/pohjanmaantehtaanmyymala.fi\/wp-content\/uploads\/2019\/09\/Eden_1-petauspatja_90x200x5cm.jpg?fit=1200%2C1200&ssl=1&resize=350%2C200 1x, https:\/\/i0.wp.com\/pohjanmaantehtaanmyymala.fi\/wp-content\/uploads\/2019\/09\/Eden_1-petauspatja_90x200x5cm.jpg?fit=1200%2C1200&ssl=1&resize=525%2C300 1.5x, https:\/\/i0.wp.com\/pohjanmaantehtaanmyymala.fi\/wp-content\/uploads\/2019\/09\/Eden_1-petauspatja_90x200x5cm.jpg?fit=1200%2C1200&ssl=1&resize=700%2C400 2x, https:\/\/i0.wp.com\/pohjanmaantehtaanmyymala.fi\/wp-content\/uploads\/2019\/09\/Eden_1-petauspatja_90x200x5cm.jpg?fit=1200%2C1200&ssl=1&resize=1050%2C600 3x"},"classes":[]},{"id":10880,"url":"https:\/\/pohjanmaantehtaanmyymala.fi\/sv\/tuote\/eden-1-petauspatja-profiloitu-180-cm-levea\/","url_meta":{"origin":10879,"position":2},"title":"EDEN 1 -petauspatja 180x200x5 cm","author":"petri","date":"september 14, 2019","format":false,"excerpt":"N\u00e4rpi\u00f6ss\u00e4 valmistettu kotimainen Eden-1 sijauspatja 180 cm leve\u00e4n\u00e4. Petauspatjan sisus on profiloitua vaahtomuovia. Profilointi parantaa ilmankiertoa ja mukautuu vartalon alla. Sijauspatjan p\u00e4\u00e4llinen valkoista pehme\u00e4\u00e4 joustokangasta, joka on irroitettava ja vesipest\u00e4v\u00e4. Tuotetiedot: Sisus: Profiloitu 30 mm paksu vaahtomuovi. P\u00e4\u00e4llinen: Joustokangasta, irroitettavissa. Puhdistus: P\u00e4\u00e4llinen hienovesipesu 40\u00b0C. Tuuleus: Mieluiten vain max. 30 min\u2026","rel":"","context":"Liknande produkt","block_context":{"text":"Liknande produkt","link":""},"img":{"alt_text":"Eden 1-petauspatja 90x200x5cm","src":"https:\/\/i0.wp.com\/pohjanmaantehtaanmyymala.fi\/wp-content\/uploads\/2019\/09\/Eden_1-petauspatja_90x200x5cm.jpg?fit=1200%2C1200&ssl=1&resize=350%2C200","width":350,"height":200,"srcset":"https:\/\/i0.wp.com\/pohjanmaantehtaanmyymala.fi\/wp-content\/uploads\/2019\/09\/Eden_1-petauspatja_90x200x5cm.jpg?fit=1200%2C1200&ssl=1&resize=350%2C200 1x, https:\/\/i0.wp.com\/pohjanmaantehtaanmyymala.fi\/wp-content\/uploads\/2019\/09\/Eden_1-petauspatja_90x200x5cm.jpg?fit=1200%2C1200&ssl=1&resize=525%2C300 1.5x, https:\/\/i0.wp.com\/pohjanmaantehtaanmyymala.fi\/wp-content\/uploads\/2019\/09\/Eden_1-petauspatja_90x200x5cm.jpg?fit=1200%2C1200&ssl=1&resize=700%2C400 2x, https:\/\/i0.wp.com\/pohjanmaantehtaanmyymala.fi\/wp-content\/uploads\/2019\/09\/Eden_1-petauspatja_90x200x5cm.jpg?fit=1200%2C1200&ssl=1&resize=1050%2C600 3x"},"classes":[]},{"id":10884,"url":"https:\/\/pohjanmaantehtaanmyymala.fi\/sv\/tuote\/aina-exlusive-petauspatja\/","url_meta":{"origin":10879,"position":3},"title":"EDEN &#8211; Exclusive petauspatjat","author":"petri","date":"september 14, 2019","format":false,"excerpt":"L\u00e4mm\u00f6n ja painon vaikutuksesta mukautuva sijauspatja. Valitse koko alta!","rel":"","context":"Liknande produkt","block_context":{"text":"Liknande produkt","link":""},"img":{"alt_text":"","src":"https:\/\/i0.wp.com\/pohjanmaantehtaanmyymala.fi\/wp-content\/uploads\/2019\/09\/Aina_Exlusive_Petauspatja_lajitelma.jpg?fit=800%2C800&ssl=1&resize=350%2C200","width":350,"height":200,"srcset":"https:\/\/i0.wp.com\/pohjanmaantehtaanmyymala.fi\/wp-content\/uploads\/2019\/09\/Aina_Exlusive_Petauspatja_lajitelma.jpg?fit=800%2C800&ssl=1&resize=350%2C200 1x, https:\/\/i0.wp.com\/pohjanmaantehtaanmyymala.fi\/wp-content\/uploads\/2019\/09\/Aina_Exlusive_Petauspatja_lajitelma.jpg?fit=800%2C800&ssl=1&resize=525%2C300 1.5x, https:\/\/i0.wp.com\/pohjanmaantehtaanmyymala.fi\/wp-content\/uploads\/2019\/09\/Aina_Exlusive_Petauspatja_lajitelma.jpg?fit=800%2C800&ssl=1&resize=700%2C400 2x"},"classes":[]},{"id":22364,"url":"https:\/\/pohjanmaantehtaanmyymala.fi\/sv\/tuote\/eden-premiun-petauspatja\/","url_meta":{"origin":10879,"position":4},"title":"EDEN Premiun petauspatja","author":"Sami Viitala","date":"januari 30, 2023","format":false,"excerpt":"Eden-sarjan suosituin sijauspatja Stylex-sisustuksella. Valitse koko alta!","rel":"","context":"Liknande produkt","block_context":{"text":"Liknande produkt","link":""},"img":{"alt_text":"","src":"https:\/\/i0.wp.com\/pohjanmaantehtaanmyymala.fi\/wp-content\/uploads\/2019\/09\/Aina_Exlusive_Petauspatja_lajitelma.jpg?fit=800%2C800&ssl=1&resize=350%2C200","width":350,"height":200,"srcset":"https:\/\/i0.wp.com\/pohjanmaantehtaanmyymala.fi\/wp-content\/uploads\/2019\/09\/Aina_Exlusive_Petauspatja_lajitelma.jpg?fit=800%2C800&ssl=1&resize=350%2C200 1x, https:\/\/i0.wp.com\/pohjanmaantehtaanmyymala.fi\/wp-content\/uploads\/2019\/09\/Aina_Exlusive_Petauspatja_lajitelma.jpg?fit=800%2C800&ssl=1&resize=525%2C300 1.5x, https:\/\/i0.wp.com\/pohjanmaantehtaanmyymala.fi\/wp-content\/uploads\/2019\/09\/Aina_Exlusive_Petauspatja_lajitelma.jpg?fit=800%2C800&ssl=1&resize=700%2C400 2x"},"classes":[]},{"id":28220,"url":"https:\/\/pohjanmaantehtaanmyymala.fi\/sv\/tuote\/eden-comfort-petauspatja\/","url_meta":{"origin":10879,"position":5},"title":"EDEN Comfort petauspatja","author":"Sami Viitala","date":"december 14, 2024","format":false,"excerpt":"Eden-sarjan miellytt\u00e4v\u00e4n pehme\u00e4 Comfort sijauspatja. Valitse koko alta!","rel":"","context":"Liknande produkt","block_context":{"text":"Liknande produkt","link":""},"img":{"alt_text":"EDEN comfort-premium- ja exclusive petauspatja","src":"https:\/\/i0.wp.com\/pohjanmaantehtaanmyymala.fi\/wp-content\/uploads\/2024\/11\/Comfort-Premium-ja-Exclusive-petauspatjat.jpg?fit=960%2C960&ssl=1&resize=350%2C200","width":350,"height":200,"srcset":"https:\/\/i0.wp.com\/pohjanmaantehtaanmyymala.fi\/wp-content\/uploads\/2024\/11\/Comfort-Premium-ja-Exclusive-petauspatjat.jpg?fit=960%2C960&ssl=1&resize=350%2C200 1x, https:\/\/i0.wp.com\/pohjanmaantehtaanmyymala.fi\/wp-content\/uploads\/2024\/11\/Comfort-Premium-ja-Exclusive-petauspatjat.jpg?fit=960%2C960&ssl=1&resize=525%2C300 1.5x, https:\/\/i0.wp.com\/pohjanmaantehtaanmyymala.fi\/wp-content\/uploads\/2024\/11\/Comfort-Premium-ja-Exclusive-petauspatjat.jpg?fit=960%2C960&ssl=1&resize=700%2C400 2x"},"classes":[]}],"_links":{"self":[{"href":"https:\/\/pohjanmaantehtaanmyymala.fi\/sv\/wp-json\/wp\/v2\/product\/10879","targetHints":{"allow":["GET"]}}],"collection":[{"href":"https:\/\/pohjanmaantehtaanmyymala.fi\/sv\/wp-json\/wp\/v2\/product"}],"about":[{"href":"https:\/\/pohjanmaantehtaanmyymala.fi\/sv\/wp-json\/wp\/v2\/types\/product"}],"replies":[{"embeddable":true,"href":"https:\/\/pohjanmaantehtaanmyymala.fi\/sv\/wp-json\/wp\/v2\/comments?post=10879"}],"wp:featuredmedia":[{"embeddable":true,"href":"https:\/\/pohjanmaantehtaanmyymala.fi\/sv\/wp-json\/wp\/v2\/media\/13927"}],"wp:attachment":[{"href":"https:\/\/pohjanmaantehtaanmyymala.fi\/sv\/wp-json\/wp\/v2\/media?parent=10879"}],"wp:term":[{"taxonomy":"product_brand","embeddable":true,"href":"https:\/\/pohjanmaantehtaanmyymala.fi\/sv\/wp-json\/wp\/v2\/product_brand?post=10879"},{"taxonomy":"product_cat","embeddable":true,"href":"https:\/\/pohjanmaantehtaanmyymala.fi\/sv\/wp-json\/wp\/v2\/product_cat?post=10879"},{"taxonomy":"product_tag","embeddable":true,"href":"https:\/\/pohjanmaantehtaanmyymala.fi\/sv\/wp-json\/wp\/v2\/product_tag?post=10879"}],"curies":[{"name":"wp","href":"https:\/\/api.w.org\/{rel}","templated":true}]}}