{"id":10850,"date":"2019-09-14T09:54:51","date_gmt":"2019-09-14T07:54:51","guid":{"rendered":"https:\/\/pohjanmaantehtaanmyymala.fi\/tuote\/unipuu-kerrossanky-varavuoteen-patja-75x100x7cm\/"},"modified":"2023-01-21T14:54:10","modified_gmt":"2023-01-21T12:54:10","slug":"unipuu-kerrossanky-varavuoteen-patja-75x100x7cm","status":"publish","type":"product","link":"https:\/\/pohjanmaantehtaanmyymala.fi\/sv\/tuote\/unipuu-kerrossanky-varavuoteen-patja-75x100x7cm\/","title":{"rendered":"UNIPUU \u2013 varavuoteen patja 75x100x7cm"},"content":{"rendered":"<p>Unipuu-s\u00e4ngyn alle sijoitettavaan varavuoteeseen sopiva patja.<br \/>\nPatja on vaahtomuovia ja paksuudeltaan 7 cm.<\/p>\n","protected":false},"excerpt":{"rendered":"<p>Unipuu-s\u00e4ngyn alle sijoitettavaan varavuoteeseen sopiva patja. Patja on vaahtomuovia ja paksuudeltaan 7 cm.<\/p>\n","protected":false},"featured_media":10851,"comment_status":"closed","ping_status":"closed","template":"","meta":{"_acf_changed":false,"jetpack_post_was_ever_published":false,"jetpack_publicize_message":"","jetpack_publicize_feature_enabled":true,"jetpack_social_post_already_shared":true,"jetpack_social_options":{"image_generator_settings":{"template":"highway","default_image_id":0,"font":"","enabled":false},"version":2}},"product_brand":[177],"product_cat":[198],"product_tag":[],"class_list":{"0":"post-10850","1":"product","2":"type-product","3":"status-publish","4":"has-post-thumbnail","6":"product_brand-byniemi","7":"product_cat-patjat-ja-sangyt","8":"product_shipping_class-161","10":"first","11":"instock","12":"sale","13":"purchasable","14":"product-type-simple"},"acf":[],"jetpack_publicize_connections":[],"jetpack_sharing_enabled":true,"jetpack-related-posts":[{"id":10840,"url":"https:\/\/pohjanmaantehtaanmyymala.fi\/sv\/tuote\/unipuu-jatkopuu-jatkettavan-sangyn-patja-1403030x75x7-cm\/","url_meta":{"origin":10850,"position":0},"title":"UNIPUU \u2013 jatkettavan s\u00e4ngyn patja","author":"petri","date":"september 14, 2019","format":false,"excerpt":"Jatkopuu s\u00e4nkyyn sopiva jatkettava patja.","rel":"","context":"Liknande produkt","block_context":{"text":"Liknande produkt","link":""},"img":{"alt_text":"","src":"https:\/\/i0.wp.com\/pohjanmaantehtaanmyymala.fi\/wp-content\/uploads\/2019\/09\/jatkopuu_patja.jpg?fit=960%2C960&ssl=1&resize=350%2C200","width":350,"height":200,"srcset":"https:\/\/i0.wp.com\/pohjanmaantehtaanmyymala.fi\/wp-content\/uploads\/2019\/09\/jatkopuu_patja.jpg?fit=960%2C960&ssl=1&resize=350%2C200 1x, https:\/\/i0.wp.com\/pohjanmaantehtaanmyymala.fi\/wp-content\/uploads\/2019\/09\/jatkopuu_patja.jpg?fit=960%2C960&ssl=1&resize=525%2C300 1.5x, https:\/\/i0.wp.com\/pohjanmaantehtaanmyymala.fi\/wp-content\/uploads\/2019\/09\/jatkopuu_patja.jpg?fit=960%2C960&ssl=1&resize=700%2C400 2x"},"classes":[]},{"id":10848,"url":"https:\/\/pohjanmaantehtaanmyymala.fi\/sv\/tuote\/unipuu-kerrossanky-varavuode-va\/","url_meta":{"origin":10850,"position":1},"title":"UNIPUU \u2013 varavuode","author":"petri","date":"september 14, 2019","format":false,"excerpt":"Varavuode Unipuu s\u00e4ngyjen alle.","rel":"","context":"Liknande produkt","block_context":{"text":"Liknande produkt","link":""},"img":{"alt_text":"","src":"https:\/\/i0.wp.com\/pohjanmaantehtaanmyymala.fi\/wp-content\/uploads\/2019\/09\/varavuode_low_res.jpg?fit=960%2C960&ssl=1&resize=350%2C200","width":350,"height":200,"srcset":"https:\/\/i0.wp.com\/pohjanmaantehtaanmyymala.fi\/wp-content\/uploads\/2019\/09\/varavuode_low_res.jpg?fit=960%2C960&ssl=1&resize=350%2C200 1x, https:\/\/i0.wp.com\/pohjanmaantehtaanmyymala.fi\/wp-content\/uploads\/2019\/09\/varavuode_low_res.jpg?fit=960%2C960&ssl=1&resize=525%2C300 1.5x, https:\/\/i0.wp.com\/pohjanmaantehtaanmyymala.fi\/wp-content\/uploads\/2019\/09\/varavuode_low_res.jpg?fit=960%2C960&ssl=1&resize=700%2C400 2x"},"classes":[]},{"id":10845,"url":"https:\/\/pohjanmaantehtaanmyymala.fi\/sv\/tuote\/unipuu-parvisanky-80-va\/","url_meta":{"origin":10850,"position":2},"title":"UNIPUU \u2013 parvis\u00e4nky 80","author":"petri","date":"september 14, 2019","format":false,"excerpt":"T\u00e4ll\u00e4 s\u00e4ngyll\u00e4 saat huoneen neli\u00f6t tehok\u00e4ytt\u00f6\u00f6n.","rel":"","context":"Liknande produkt","block_context":{"text":"Liknande produkt","link":""},"img":{"alt_text":"","src":"https:\/\/i0.wp.com\/pohjanmaantehtaanmyymala.fi\/wp-content\/uploads\/2019\/09\/uNIPUU_PARVISANKY_VALKOINEN_LOW_RES.jpg?fit=960%2C960&ssl=1&resize=350%2C200","width":350,"height":200,"srcset":"https:\/\/i0.wp.com\/pohjanmaantehtaanmyymala.fi\/wp-content\/uploads\/2019\/09\/uNIPUU_PARVISANKY_VALKOINEN_LOW_RES.jpg?fit=960%2C960&ssl=1&resize=350%2C200 1x, https:\/\/i0.wp.com\/pohjanmaantehtaanmyymala.fi\/wp-content\/uploads\/2019\/09\/uNIPUU_PARVISANKY_VALKOINEN_LOW_RES.jpg?fit=960%2C960&ssl=1&resize=525%2C300 1.5x, https:\/\/i0.wp.com\/pohjanmaantehtaanmyymala.fi\/wp-content\/uploads\/2019\/09\/uNIPUU_PARVISANKY_VALKOINEN_LOW_RES.jpg?fit=960%2C960&ssl=1&resize=700%2C400 2x"},"classes":[]},{"id":10852,"url":"https:\/\/pohjanmaantehtaanmyymala.fi\/sv\/tuote\/unipuu-pikkuparvi-80-va\/","url_meta":{"origin":10850,"position":3},"title":"UNIPUU \u2013 pikkuparvi 80","author":"petri","date":"september 14, 2019","format":false,"excerpt":"Unipuu-pikkuparvi on pienen huoneen tilaihme.","rel":"","context":"Liknande produkt","block_context":{"text":"Liknande produkt","link":""},"img":{"alt_text":"Pikkuparvi levypohjalla valkoinen","src":"https:\/\/i0.wp.com\/pohjanmaantehtaanmyymala.fi\/wp-content\/uploads\/2019\/09\/Pikkuparvi_valkoinen_lowres.jpg?fit=960%2C960&ssl=1&resize=350%2C200","width":350,"height":200,"srcset":"https:\/\/i0.wp.com\/pohjanmaantehtaanmyymala.fi\/wp-content\/uploads\/2019\/09\/Pikkuparvi_valkoinen_lowres.jpg?fit=960%2C960&ssl=1&resize=350%2C200 1x, https:\/\/i0.wp.com\/pohjanmaantehtaanmyymala.fi\/wp-content\/uploads\/2019\/09\/Pikkuparvi_valkoinen_lowres.jpg?fit=960%2C960&ssl=1&resize=525%2C300 1.5x, https:\/\/i0.wp.com\/pohjanmaantehtaanmyymala.fi\/wp-content\/uploads\/2019\/09\/Pikkuparvi_valkoinen_lowres.jpg?fit=960%2C960&ssl=1&resize=700%2C400 2x"},"classes":[]},{"id":10853,"url":"https:\/\/pohjanmaantehtaanmyymala.fi\/sv\/tuote\/unipuu-pikkuparvi-90-va\/","url_meta":{"origin":10850,"position":4},"title":"UNIPUU \u2013 pikkuparvi 90","author":"petri","date":"september 14, 2019","format":false,"excerpt":"Unipuu-pikkuparvi on pienen huoneen tilaihme.","rel":"","context":"Liknande produkt","block_context":{"text":"Liknande produkt","link":""},"img":{"alt_text":"Pikkuparvi levypohjalla valkoinen","src":"https:\/\/i0.wp.com\/pohjanmaantehtaanmyymala.fi\/wp-content\/uploads\/2019\/09\/Pikkuparvi_valkoinen_lowres.jpg?fit=960%2C960&ssl=1&resize=350%2C200","width":350,"height":200,"srcset":"https:\/\/i0.wp.com\/pohjanmaantehtaanmyymala.fi\/wp-content\/uploads\/2019\/09\/Pikkuparvi_valkoinen_lowres.jpg?fit=960%2C960&ssl=1&resize=350%2C200 1x, https:\/\/i0.wp.com\/pohjanmaantehtaanmyymala.fi\/wp-content\/uploads\/2019\/09\/Pikkuparvi_valkoinen_lowres.jpg?fit=960%2C960&ssl=1&resize=525%2C300 1.5x, https:\/\/i0.wp.com\/pohjanmaantehtaanmyymala.fi\/wp-content\/uploads\/2019\/09\/Pikkuparvi_valkoinen_lowres.jpg?fit=960%2C960&ssl=1&resize=700%2C400 2x"},"classes":[]},{"id":10856,"url":"https:\/\/pohjanmaantehtaanmyymala.fi\/sv\/tuote\/unipuu-sanky-90-va\/","url_meta":{"origin":10850,"position":5},"title":"UNIPUU \u2013 s\u00e4nky 90","author":"petri","date":"september 14, 2019","format":false,"excerpt":"Klassikko Unipuu s\u00e4ngyst\u00e4 on hyv\u00e4 aloittaa. S\u00e4ngyn voi my\u00f6hemmin muuntaa parveksi tai kerross\u00e4ngyksi hankkimalla lis\u00e4osia tarpeen mukaan.S\u00e4n","rel":"","context":"Liknande produkt","block_context":{"text":"Liknande produkt","link":""},"img":{"alt_text":"","src":"https:\/\/i0.wp.com\/pohjanmaantehtaanmyymala.fi\/wp-content\/uploads\/2019\/09\/Unipuu_sanky_valkoinen_.jpg?fit=960%2C960&ssl=1&resize=350%2C200","width":350,"height":200,"srcset":"https:\/\/i0.wp.com\/pohjanmaantehtaanmyymala.fi\/wp-content\/uploads\/2019\/09\/Unipuu_sanky_valkoinen_.jpg?fit=960%2C960&ssl=1&resize=350%2C200 1x, https:\/\/i0.wp.com\/pohjanmaantehtaanmyymala.fi\/wp-content\/uploads\/2019\/09\/Unipuu_sanky_valkoinen_.jpg?fit=960%2C960&ssl=1&resize=525%2C300 1.5x, https:\/\/i0.wp.com\/pohjanmaantehtaanmyymala.fi\/wp-content\/uploads\/2019\/09\/Unipuu_sanky_valkoinen_.jpg?fit=960%2C960&ssl=1&resize=700%2C400 2x"},"classes":[]}],"_links":{"self":[{"href":"https:\/\/pohjanmaantehtaanmyymala.fi\/sv\/wp-json\/wp\/v2\/product\/10850","targetHints":{"allow":["GET"]}}],"collection":[{"href":"https:\/\/pohjanmaantehtaanmyymala.fi\/sv\/wp-json\/wp\/v2\/product"}],"about":[{"href":"https:\/\/pohjanmaantehtaanmyymala.fi\/sv\/wp-json\/wp\/v2\/types\/product"}],"replies":[{"embeddable":true,"href":"https:\/\/pohjanmaantehtaanmyymala.fi\/sv\/wp-json\/wp\/v2\/comments?post=10850"}],"wp:featuredmedia":[{"embeddable":true,"href":"https:\/\/pohjanmaantehtaanmyymala.fi\/sv\/wp-json\/wp\/v2\/media\/10851"}],"wp:attachment":[{"href":"https:\/\/pohjanmaantehtaanmyymala.fi\/sv\/wp-json\/wp\/v2\/media?parent=10850"}],"wp:term":[{"taxonomy":"product_brand","embeddable":true,"href":"https:\/\/pohjanmaantehtaanmyymala.fi\/sv\/wp-json\/wp\/v2\/product_brand?post=10850"},{"taxonomy":"product_cat","embeddable":true,"href":"https:\/\/pohjanmaantehtaanmyymala.fi\/sv\/wp-json\/wp\/v2\/product_cat?post=10850"},{"taxonomy":"product_tag","embeddable":true,"href":"https:\/\/pohjanmaantehtaanmyymala.fi\/sv\/wp-json\/wp\/v2\/product_tag?post=10850"}],"curies":[{"name":"wp","href":"https:\/\/api.w.org\/{rel}","templated":true}]}}