{"id":10831,"date":"2019-09-14T09:54:10","date_gmt":"2019-09-14T07:54:10","guid":{"rendered":"https:\/\/pohjanmaantehtaanmyymala.fi\/tuote\/seniori-nousutuki\/"},"modified":"2022-03-28T09:05:18","modified_gmt":"2022-03-28T07:05:18","slug":"seniori-nousutuki","status":"publish","type":"product","link":"https:\/\/pohjanmaantehtaanmyymala.fi\/sv\/tuote\/seniori-nousutuki\/","title":{"rendered":"SENIORI \u2013 nousutuki"},"content":{"rendered":"<p>Kotimainen Kiteen Huonekalutehtaan tekem\u00e4 tukeva ja laadukas Seniori-nousutuki on turvallinen ja kest\u00e4v\u00e4 valinta, joka lis\u00e4\u00e4 arjen sujuvuutta.<\/p>\n<p>Nousutuki on helppo kiinnitt\u00e4\u00e4 s\u00e4ngyn sivulaitaan. Kiinnityksest\u00e4 ei j\u00e4\u00e4 j\u00e4lki\u00e4 ja nousutuen paikkaa on helppo muuttaa.<\/p>\n<p>Koko: leveys 60 cm, korkeus 44 cm.<\/p>\n<p>Saatavana eri v\u00e4reill\u00e4, kysy lis\u00e4tietoa<a href=\"https:\/\/www.pohjanmaantehtaanmyymala.fi\/yhteys\/\"> myynnist\u00e4mme.<\/a><\/p>\n<p>Tilaustuote, toimitusaika 1-3 viikkoa tilauksesta.<\/p>\n","protected":false},"excerpt":{"rendered":"<p>Kotimainen Kiteen Huonekalutehtaan tekem\u00e4 tukeva ja laadukas Seniori-nousutuki on turvallinen ja kest\u00e4v\u00e4 valinta, joka lis\u00e4\u00e4 arjen sujuvuutta. Nousutuki on helppo kiinnitt\u00e4\u00e4 s\u00e4ngyn sivulaitaan. Kiinnityksest\u00e4 ei j\u00e4\u00e4 j\u00e4lki\u00e4 ja nousutuen paikkaa on helppo muuttaa. Koko: leveys 60 cm, korkeus 44 cm. Saatavana eri v\u00e4reill\u00e4, kysy lis\u00e4tietoa myynnist\u00e4mme. Tilaustuote, toimitusaika 1-3 viikkoa tilauksesta.<\/p>\n","protected":false},"featured_media":10832,"comment_status":"closed","ping_status":"closed","template":"","meta":{"_acf_changed":false,"jetpack_post_was_ever_published":false,"jetpack_publicize_message":"","jetpack_publicize_feature_enabled":true,"jetpack_social_post_already_shared":true,"jetpack_social_options":{"image_generator_settings":{"template":"highway","default_image_id":0,"font":"","enabled":false},"version":2}},"product_brand":[205],"product_cat":[198,204],"product_tag":[],"class_list":{"0":"post-10831","1":"product","2":"type-product","3":"status-publish","4":"has-post-thumbnail","6":"product_brand-kiteen","7":"product_cat-patjat-ja-sangyt","8":"product_cat-seniorikalusteet","9":"product_shipping_class-161","10":"pa_vari-koivu-lv","11":"pa_vari-pahkina","12":"pa_vari-pyokkipetsattu","13":"pa_vari-valkoinen","15":"first","16":"onbackorder","17":"sale","18":"purchasable","19":"product-type-variable","20":"has-default-attributes"},"acf":[],"jetpack_publicize_connections":[],"jetpack_sharing_enabled":true,"jetpack-related-posts":[{"id":10491,"url":"https:\/\/pohjanmaantehtaanmyymala.fi\/sv\/tuote\/seniori-sanky-90x200-cm\/","url_meta":{"origin":10831,"position":0},"title":"SENIORI \u2013 s\u00e4nky 90&#215;200 cm","author":"petri","date":"september 14, 2019","format":false,"excerpt":"Kiteen Huonekalutehtaan Seniori sarja on ik\u00e4ihmisille suunniteltu kotimainen kalustemallisto. Massiivikoivusta valmistettu Seniori s\u00e4nky on j\u00e4rkev\u00e4 ja turvallinen valinta. S\u00e4nky on istumakorkeudeltaan normaalia s\u00e4nky\u00e4 korkeampi, mik\u00e4 helpottaa siit\u00e4 nousemista. S\u00e4nky\u00e4 on saatavana 80, 90 ja 120 cm leve\u00e4n\u00e4. S\u00e4nkyyn on my\u00f6s tarjolla liikkumista turvaavua lis\u00e4varusteita, kuten vaikka nousutuki ja turvalaita, sek\u00e4\u2026","rel":"","context":"Liknande produkt","block_context":{"text":"Liknande produkt","link":""},"img":{"alt_text":"","src":"https:\/\/i0.wp.com\/pohjanmaantehtaanmyymala.fi\/wp-content\/uploads\/2019\/09\/SENIORI-SANKY-VALKOINEN.jpg?fit=960%2C960&ssl=1&resize=350%2C200","width":350,"height":200,"srcset":"https:\/\/i0.wp.com\/pohjanmaantehtaanmyymala.fi\/wp-content\/uploads\/2019\/09\/SENIORI-SANKY-VALKOINEN.jpg?fit=960%2C960&ssl=1&resize=350%2C200 1x, https:\/\/i0.wp.com\/pohjanmaantehtaanmyymala.fi\/wp-content\/uploads\/2019\/09\/SENIORI-SANKY-VALKOINEN.jpg?fit=960%2C960&ssl=1&resize=525%2C300 1.5x, https:\/\/i0.wp.com\/pohjanmaantehtaanmyymala.fi\/wp-content\/uploads\/2019\/09\/SENIORI-SANKY-VALKOINEN.jpg?fit=960%2C960&ssl=1&resize=700%2C400 2x"},"classes":[]},{"id":20202,"url":"https:\/\/pohjanmaantehtaanmyymala.fi\/sv\/tuote\/seniori-sanky-80x200-cm\/","url_meta":{"origin":10831,"position":1},"title":"SENIORI s\u00e4nky 80&#215;200 cm","author":"Sami Viitala","date":"mars 28, 2022","format":false,"excerpt":"Kiteen Huonekalutehtaan Seniori sarja on ik\u00e4ihmisille suunniteltu kotimainen kalustemallisto. Massiivikoivusta valmistettu Seniori s\u00e4nky on j\u00e4rkev\u00e4 ja turvallinen valinta. S\u00e4nky on istumakorkeudeltaan normaalia s\u00e4nky\u00e4 korkeampi, mik\u00e4 helpottaa siit\u00e4 nousemista. S\u00e4nky\u00e4 on saatavana 80, 90, 120 cm leve\u00e4n\u00e4. S\u00e4nkyyn on my\u00f6s tarjolla liikkumista turvaavua lis\u00e4varusteita, kuten vaikka nousutuki ja turvalaita, sek\u00e4 moottoripohja.\u2026","rel":"","context":"Liknande produkt","block_context":{"text":"Liknande produkt","link":""},"img":{"alt_text":"","src":"https:\/\/i0.wp.com\/pohjanmaantehtaanmyymala.fi\/wp-content\/uploads\/2019\/09\/SENIORI-SANKY-VALKOINEN.jpg?fit=960%2C960&ssl=1&resize=350%2C200","width":350,"height":200,"srcset":"https:\/\/i0.wp.com\/pohjanmaantehtaanmyymala.fi\/wp-content\/uploads\/2019\/09\/SENIORI-SANKY-VALKOINEN.jpg?fit=960%2C960&ssl=1&resize=350%2C200 1x, https:\/\/i0.wp.com\/pohjanmaantehtaanmyymala.fi\/wp-content\/uploads\/2019\/09\/SENIORI-SANKY-VALKOINEN.jpg?fit=960%2C960&ssl=1&resize=525%2C300 1.5x, https:\/\/i0.wp.com\/pohjanmaantehtaanmyymala.fi\/wp-content\/uploads\/2019\/09\/SENIORI-SANKY-VALKOINEN.jpg?fit=960%2C960&ssl=1&resize=700%2C400 2x"},"classes":[]},{"id":10475,"url":"https:\/\/pohjanmaantehtaanmyymala.fi\/sv\/tuote\/seniori-sangyn-turvalaita\/","url_meta":{"origin":10831,"position":2},"title":"SENIORI \u2013s\u00e4ngyn turvalaita l. 134 cm","author":"petri","date":"september 14, 2019","format":false,"excerpt":"Seniori s\u00e4ngyn lis\u00e4varuste Seniori-turvalaita on tehty lis\u00e4\u00e4m\u00e4\u00e4n nukkujan turvallisuutta. Turvalaita est\u00e4\u00e4 nukkujaa putoamasta s\u00e4ngylt\u00e4 lattialle. Sit\u00e4 on helppo k\u00e4ytt\u00e4\u00e4, turvalaidan saa tarvittaessa laskettua alas s\u00e4nkyyn ment\u00e4ess\u00e4 tai s\u00e4ngyst\u00e4 noustaessa. Turvalaidan koko on 130\u00d746 cm. Se on helppo asentaa ja sen paikkaa voi tarvittaessa vaihtaa. Turvalaita on valmistettu massiivikoivusta. Seniori turvalaita\u2026","rel":"","context":"Liknande produkt","block_context":{"text":"Liknande produkt","link":""},"img":{"alt_text":"","src":"https:\/\/i0.wp.com\/pohjanmaantehtaanmyymala.fi\/wp-content\/uploads\/2019\/09\/Seniori-sanky-pahkina-turvalaidalla-ja-yopoydalla.jpg?fit=700%2C700&ssl=1&resize=350%2C200","width":350,"height":200,"srcset":"https:\/\/i0.wp.com\/pohjanmaantehtaanmyymala.fi\/wp-content\/uploads\/2019\/09\/Seniori-sanky-pahkina-turvalaidalla-ja-yopoydalla.jpg?fit=700%2C700&ssl=1&resize=350%2C200 1x, https:\/\/i0.wp.com\/pohjanmaantehtaanmyymala.fi\/wp-content\/uploads\/2019\/09\/Seniori-sanky-pahkina-turvalaidalla-ja-yopoydalla.jpg?fit=700%2C700&ssl=1&resize=525%2C300 1.5x, https:\/\/i0.wp.com\/pohjanmaantehtaanmyymala.fi\/wp-content\/uploads\/2019\/09\/Seniori-sanky-pahkina-turvalaidalla-ja-yopoydalla.jpg?fit=700%2C700&ssl=1&resize=700%2C400 2x"},"classes":[]},{"id":9378,"url":"https:\/\/pohjanmaantehtaanmyymala.fi\/sv\/tuote\/susanna-medi-sanky-90x200-cm\/","url_meta":{"origin":10831,"position":3},"title":"SUSANNA senioris\u00e4nky 90&#215;200 cm","author":"petri","date":"september 14, 2019","format":false,"excerpt":"Kotimainen Susanna- senioris\u00e4nky nousutuella ja turvalaidalla!","rel":"","context":"Liknande produkt","block_context":{"text":"Liknande produkt","link":""},"img":{"alt_text":"","src":"https:\/\/i0.wp.com\/pohjanmaantehtaanmyymala.fi\/wp-content\/uploads\/2019\/09\/susanna-medi.jpg?fit=960%2C960&ssl=1&resize=350%2C200","width":350,"height":200,"srcset":"https:\/\/i0.wp.com\/pohjanmaantehtaanmyymala.fi\/wp-content\/uploads\/2019\/09\/susanna-medi.jpg?fit=960%2C960&ssl=1&resize=350%2C200 1x, https:\/\/i0.wp.com\/pohjanmaantehtaanmyymala.fi\/wp-content\/uploads\/2019\/09\/susanna-medi.jpg?fit=960%2C960&ssl=1&resize=525%2C300 1.5x, https:\/\/i0.wp.com\/pohjanmaantehtaanmyymala.fi\/wp-content\/uploads\/2019\/09\/susanna-medi.jpg?fit=960%2C960&ssl=1&resize=700%2C400 2x"},"classes":[]},{"id":10501,"url":"https:\/\/pohjanmaantehtaanmyymala.fi\/sv\/tuote\/seniori-yopoyta\/","url_meta":{"origin":10831,"position":4},"title":"SENIORI \u2013 y\u00f6p\u00f6yt\u00e4","author":"petri","date":"september 14, 2019","format":false,"excerpt":"Kotimainen koivusta valmistettu y\u00f6-p\u00f6yt\u00e4.","rel":"","context":"Liknande produkt","block_context":{"text":"Liknande produkt","link":""},"img":{"alt_text":"","src":"https:\/\/i0.wp.com\/pohjanmaantehtaanmyymala.fi\/wp-content\/uploads\/2019\/09\/seniori-y%C3%B6p%C3%B6yt%C3%A4-valkoinen.jpg?fit=960%2C960&ssl=1&resize=350%2C200","width":350,"height":200,"srcset":"https:\/\/i0.wp.com\/pohjanmaantehtaanmyymala.fi\/wp-content\/uploads\/2019\/09\/seniori-y%C3%B6p%C3%B6yt%C3%A4-valkoinen.jpg?fit=960%2C960&ssl=1&resize=350%2C200 1x, https:\/\/i0.wp.com\/pohjanmaantehtaanmyymala.fi\/wp-content\/uploads\/2019\/09\/seniori-y%C3%B6p%C3%B6yt%C3%A4-valkoinen.jpg?fit=960%2C960&ssl=1&resize=525%2C300 1.5x, https:\/\/i0.wp.com\/pohjanmaantehtaanmyymala.fi\/wp-content\/uploads\/2019\/09\/seniori-y%C3%B6p%C3%B6yt%C3%A4-valkoinen.jpg?fit=960%2C960&ssl=1&resize=700%2C400 2x"},"classes":[]},{"id":25704,"url":"https:\/\/pohjanmaantehtaanmyymala.fi\/sv\/tuote\/heikki-porrasjakkara-poistotuote\/","url_meta":{"origin":10831,"position":5},"title":"Heikki-porrasjakkara POISTOTUOTE!","author":"Miro Nevala","date":"februari 19, 2024","format":false,"excerpt":"Elegantti ja k\u00e4tev\u00e4 porrasjakkara nyt POISTOHINTAAN!","rel":"","context":"Liknande produkt","block_context":{"text":"Liknande produkt","link":""},"img":{"alt_text":"Heikki porrasjakkara valkoinen","src":"https:\/\/i0.wp.com\/pohjanmaantehtaanmyymala.fi\/wp-content\/uploads\/2024\/02\/Heikki-porrasjakkara-valkoinen-1-960dpi.jpg?fit=960%2C960&ssl=1&resize=350%2C200","width":350,"height":200,"srcset":"https:\/\/i0.wp.com\/pohjanmaantehtaanmyymala.fi\/wp-content\/uploads\/2024\/02\/Heikki-porrasjakkara-valkoinen-1-960dpi.jpg?fit=960%2C960&ssl=1&resize=350%2C200 1x, https:\/\/i0.wp.com\/pohjanmaantehtaanmyymala.fi\/wp-content\/uploads\/2024\/02\/Heikki-porrasjakkara-valkoinen-1-960dpi.jpg?fit=960%2C960&ssl=1&resize=525%2C300 1.5x, https:\/\/i0.wp.com\/pohjanmaantehtaanmyymala.fi\/wp-content\/uploads\/2024\/02\/Heikki-porrasjakkara-valkoinen-1-960dpi.jpg?fit=960%2C960&ssl=1&resize=700%2C400 2x"},"classes":[]}],"_links":{"self":[{"href":"https:\/\/pohjanmaantehtaanmyymala.fi\/sv\/wp-json\/wp\/v2\/product\/10831","targetHints":{"allow":["GET"]}}],"collection":[{"href":"https:\/\/pohjanmaantehtaanmyymala.fi\/sv\/wp-json\/wp\/v2\/product"}],"about":[{"href":"https:\/\/pohjanmaantehtaanmyymala.fi\/sv\/wp-json\/wp\/v2\/types\/product"}],"replies":[{"embeddable":true,"href":"https:\/\/pohjanmaantehtaanmyymala.fi\/sv\/wp-json\/wp\/v2\/comments?post=10831"}],"wp:featuredmedia":[{"embeddable":true,"href":"https:\/\/pohjanmaantehtaanmyymala.fi\/sv\/wp-json\/wp\/v2\/media\/10832"}],"wp:attachment":[{"href":"https:\/\/pohjanmaantehtaanmyymala.fi\/sv\/wp-json\/wp\/v2\/media?parent=10831"}],"wp:term":[{"taxonomy":"product_brand","embeddable":true,"href":"https:\/\/pohjanmaantehtaanmyymala.fi\/sv\/wp-json\/wp\/v2\/product_brand?post=10831"},{"taxonomy":"product_cat","embeddable":true,"href":"https:\/\/pohjanmaantehtaanmyymala.fi\/sv\/wp-json\/wp\/v2\/product_cat?post=10831"},{"taxonomy":"product_tag","embeddable":true,"href":"https:\/\/pohjanmaantehtaanmyymala.fi\/sv\/wp-json\/wp\/v2\/product_tag?post=10831"}],"curies":[{"name":"wp","href":"https:\/\/api.w.org\/{rel}","templated":true}]}}