{"id":10776,"date":"2019-09-14T09:52:05","date_gmt":"2019-09-14T07:52:05","guid":{"rendered":"https:\/\/pohjanmaantehtaanmyymala.fi\/tuote\/klaara-lipasto-18\/"},"modified":"2024-02-22T11:45:39","modified_gmt":"2024-02-22T09:45:39","slug":"klaara-lipasto-18","status":"publish","type":"product","link":"https:\/\/pohjanmaantehtaanmyymala.fi\/sv\/tuote\/klaara-lipasto-18\/","title":{"rendered":"KLAARA 18 Lipasto 2+2 laatikkoa"},"content":{"rendered":"<p>Kotimainen Leo-Matti Ojalan valmistama Klaara leve\u00e4 lipasto, jossa on 2 kapeaa ja 2 leve\u00e4\u00e4 laatikkoa.<\/p>\n<p>Klaara sarjan runko ja laatikon etusarjojen v\u00e4ri on valkoinen. Kansiv\u00e4rin voi valita valkoisen, harmaan, koivu luonnonv\u00e4risen tai ruskean v\u00e4lilt\u00e4.<\/p>\n<h3>Tuotetiedot:<\/h3>\n<p>Runko: maalattua mdf-levy\u00e4<br \/>\nLaatiko: mdf-levy\u00e4<br \/>\nKansi: Koivu lv, harmaa ja ruskea kansi ovat massiivikoivua sek\u00e4 valkoinem on mdf-levy\u00e4.<br \/>\nToimitetaan jalat ja kansi irrallaan. (runko ja laatikot valmiiksi koottuna)<\/p>\n<p>&nbsp;<\/p>\n","protected":false},"excerpt":{"rendered":"<p>Kotimainen Leo-Matti Ojalan valmistama Klaara leve\u00e4 lipasto, jossa on 2 kapeaa ja 2 leve\u00e4\u00e4 laatikkoa. Klaara sarjan runko ja laatikon etusarjojen v\u00e4ri on valkoinen. Kansiv\u00e4rin voi valita valkoisen, harmaan, koivu luonnonv\u00e4risen tai ruskean v\u00e4lilt\u00e4. Tuotetiedot: Runko: maalattua mdf-levy\u00e4 Laatiko: mdf-levy\u00e4 Kansi: Koivu lv, harmaa ja ruskea kansi ovat massiivikoivua sek\u00e4 valkoinem on mdf-levy\u00e4. Toimitetaan jalat [&hellip;]<\/p>\n","protected":false},"featured_media":19251,"comment_status":"closed","ping_status":"closed","template":"","meta":{"_acf_changed":false,"jetpack_post_was_ever_published":false,"jetpack_publicize_message":"","jetpack_publicize_feature_enabled":true,"jetpack_social_post_already_shared":true,"jetpack_social_options":{"image_generator_settings":{"template":"highway","default_image_id":0,"font":"","enabled":false},"version":2}},"product_brand":[183],"product_cat":[196],"product_tag":[],"class_list":{"0":"post-10776","1":"product","2":"type-product","3":"status-publish","4":"has-post-thumbnail","6":"product_brand-ojala","7":"product_cat-sailytyskalusteet-ja-tv-tasot","8":"product_shipping_class-161","10":"first","11":"instock","12":"purchasable","13":"product-type-simple"},"acf":[],"jetpack_publicize_connections":[],"jetpack_sharing_enabled":true,"jetpack-related-posts":[{"id":10777,"url":"https:\/\/pohjanmaantehtaanmyymala.fi\/sv\/tuote\/klaara-lipasto-2\/","url_meta":{"origin":10776,"position":0},"title":"KLAARA 2 Lipasto 4 laatikkoa","author":"petri","date":"september 14, 2019","format":false,"excerpt":"Kotimainen Leo-Matti Ojalan valmistama Klaara leve\u00e4 lipasto, jossa on 4 kapeaa laatikkoa. Klaara sarjan runko ja laatikon etusarjojen v\u00e4ri on valkoinen. Kansiv\u00e4rin voi valita valkoisen, harmaan, koivu luonnonv\u00e4risen tai ruskean v\u00e4lilt\u00e4. Tuotetiedot: Runko: maalattua mdf-levy\u00e4 Laatiko: mdf-levy\u00e4 Kansi: Koivu lv, harmaa ja ruskea kansi ovat massiivikoivua sek\u00e4 valkoinem on mdf-levy\u00e4.\u2026","rel":"","context":"Liknande produkt","block_context":{"text":"Liknande produkt","link":""},"img":{"alt_text":"Klaara lipasto kapea 4 laatikkoa p\u00e4hkin\u00e4 kannella","src":"https:\/\/i0.wp.com\/pohjanmaantehtaanmyymala.fi\/wp-content\/uploads\/2019\/09\/Klaara-NRO-2-lipasto_328.jpg?fit=960%2C960&ssl=1&resize=350%2C200","width":350,"height":200,"srcset":"https:\/\/i0.wp.com\/pohjanmaantehtaanmyymala.fi\/wp-content\/uploads\/2019\/09\/Klaara-NRO-2-lipasto_328.jpg?fit=960%2C960&ssl=1&resize=350%2C200 1x, https:\/\/i0.wp.com\/pohjanmaantehtaanmyymala.fi\/wp-content\/uploads\/2019\/09\/Klaara-NRO-2-lipasto_328.jpg?fit=960%2C960&ssl=1&resize=525%2C300 1.5x, https:\/\/i0.wp.com\/pohjanmaantehtaanmyymala.fi\/wp-content\/uploads\/2019\/09\/Klaara-NRO-2-lipasto_328.jpg?fit=960%2C960&ssl=1&resize=700%2C400 2x"},"classes":[]},{"id":10780,"url":"https:\/\/pohjanmaantehtaanmyymala.fi\/sv\/tuote\/klaara-lipasto-5\/","url_meta":{"origin":10776,"position":1},"title":"KLAARA 5 Lipasto 4+2 laatikkoa","author":"petri","date":"september 14, 2019","format":false,"excerpt":"Kotimainen Leo-Matti Ojalan valmistama Klaara leve\u00e4 lipasto, jossa on 2 kapeaa ja 4 leve\u00e4\u00e4 laatikkoa. Klaara sarjan runko ja laatikon etusarjojen v\u00e4ri on valkoinen. Kansiv\u00e4rin voi valita valkoisen, harmaan, koivu luonnonv\u00e4risen tai ruskean v\u00e4lilt\u00e4. Tuotetiedot: Runko: maalattua mdf-levy\u00e4 Laatiko: mdf-levy\u00e4 Kansi: Koivu lv, harmaa ja ruskea kansi ovat massiivikoivua sek\u00e4\u2026","rel":"","context":"Liknande produkt","block_context":{"text":"Liknande produkt","link":""},"img":{"alt_text":"Leve\u00e4 Klaara lipasto 6 laatikolla","src":"https:\/\/i0.wp.com\/pohjanmaantehtaanmyymala.fi\/wp-content\/uploads\/2019\/09\/Klaara-NRO-5-lipasto_314.jpg?fit=960%2C960&ssl=1&resize=350%2C200","width":350,"height":200,"srcset":"https:\/\/i0.wp.com\/pohjanmaantehtaanmyymala.fi\/wp-content\/uploads\/2019\/09\/Klaara-NRO-5-lipasto_314.jpg?fit=960%2C960&ssl=1&resize=350%2C200 1x, https:\/\/i0.wp.com\/pohjanmaantehtaanmyymala.fi\/wp-content\/uploads\/2019\/09\/Klaara-NRO-5-lipasto_314.jpg?fit=960%2C960&ssl=1&resize=525%2C300 1.5x, https:\/\/i0.wp.com\/pohjanmaantehtaanmyymala.fi\/wp-content\/uploads\/2019\/09\/Klaara-NRO-5-lipasto_314.jpg?fit=960%2C960&ssl=1&resize=700%2C400 2x"},"classes":[]},{"id":10779,"url":"https:\/\/pohjanmaantehtaanmyymala.fi\/sv\/tuote\/klaara-lipasto-4\/","url_meta":{"origin":10776,"position":2},"title":"KLAARA 4 Lipasto 3+2 laatikkoa","author":"petri","date":"september 14, 2019","format":false,"excerpt":"Kotimainen Leo-Matti Ojalan valmistama Klaara leve\u00e4 lipasto, jossa on 2 kapeaa ja 3 leve\u00e4\u00e4 laatikkoa. Klaara sarjan runko ja laatikon etusarjojen v\u00e4ri on valkoinen. Kansiv\u00e4rin voi valita valkoisen, harmaan, koivu luonnonv\u00e4risen tai ruskean v\u00e4lilt\u00e4. Tuotetiedot: Runko: maalattua mdf-levy\u00e4 Laatiko: mdf-levy\u00e4 Kansi: Koivu lv, harmaa ja ruskea kansi ovat massiivikoivua sek\u00e4\u2026","rel":"","context":"Liknande produkt","block_context":{"text":"Liknande produkt","link":""},"img":{"alt_text":"Klaara leve\u00e4 lipastp 5 laatikolla valkoinen","src":"https:\/\/i0.wp.com\/pohjanmaantehtaanmyymala.fi\/wp-content\/uploads\/2019\/09\/Klaara-NRO-4-lipasto_313.jpg?fit=960%2C960&ssl=1&resize=350%2C200","width":350,"height":200,"srcset":"https:\/\/i0.wp.com\/pohjanmaantehtaanmyymala.fi\/wp-content\/uploads\/2019\/09\/Klaara-NRO-4-lipasto_313.jpg?fit=960%2C960&ssl=1&resize=350%2C200 1x, https:\/\/i0.wp.com\/pohjanmaantehtaanmyymala.fi\/wp-content\/uploads\/2019\/09\/Klaara-NRO-4-lipasto_313.jpg?fit=960%2C960&ssl=1&resize=525%2C300 1.5x, https:\/\/i0.wp.com\/pohjanmaantehtaanmyymala.fi\/wp-content\/uploads\/2019\/09\/Klaara-NRO-4-lipasto_313.jpg?fit=960%2C960&ssl=1&resize=700%2C400 2x"},"classes":[]},{"id":10775,"url":"https:\/\/pohjanmaantehtaanmyymala.fi\/sv\/tuote\/klaara-lipasto-17\/","url_meta":{"origin":10776,"position":3},"title":"KLAARA 17 Lipasto 1+2 laatikkoa","author":"petri","date":"september 14, 2019","format":false,"excerpt":"Kotimainen Leo-Matti Ojalan valmistama Klaara leve\u00e4 lipasto, jossa on 2 kapeaa ja yksi leve\u00e4 laatikkoa. T\u00e4m\u00e4 lipasto k\u00e4y my\u00f6s pienest\u00e4 tv-tasosta. Klaara sarjan runko ja laatikon etusarjojen v\u00e4ri on valkoinen. Kansiv\u00e4rin voi valita valkoisen, harmaan, koivu luonnonv\u00e4risen tai ruskean v\u00e4lilt\u00e4. Tuotetiedot: Runko: maalattua mdf-levy\u00e4 Laatiko: mdf-levy\u00e4 Kansi: Koivu lv, harmaa\u2026","rel":"","context":"Liknande produkt","block_context":{"text":"Liknande produkt","link":""},"img":{"alt_text":"Klaara lipasto kahdella pikkulaatikolla ja yhdell\u00e4 isolla laatikolla valkoinen","src":"https:\/\/i0.wp.com\/pohjanmaantehtaanmyymala.fi\/wp-content\/uploads\/2019\/09\/Klaara-NRO-17-lipasto_319.jpg?fit=960%2C960&ssl=1&resize=350%2C200","width":350,"height":200,"srcset":"https:\/\/i0.wp.com\/pohjanmaantehtaanmyymala.fi\/wp-content\/uploads\/2019\/09\/Klaara-NRO-17-lipasto_319.jpg?fit=960%2C960&ssl=1&resize=350%2C200 1x, https:\/\/i0.wp.com\/pohjanmaantehtaanmyymala.fi\/wp-content\/uploads\/2019\/09\/Klaara-NRO-17-lipasto_319.jpg?fit=960%2C960&ssl=1&resize=525%2C300 1.5x, https:\/\/i0.wp.com\/pohjanmaantehtaanmyymala.fi\/wp-content\/uploads\/2019\/09\/Klaara-NRO-17-lipasto_319.jpg?fit=960%2C960&ssl=1&resize=700%2C400 2x"},"classes":[]},{"id":10778,"url":"https:\/\/pohjanmaantehtaanmyymala.fi\/sv\/tuote\/klaara-lipasto-3\/","url_meta":{"origin":10776,"position":4},"title":"KLAARA 3 Lipasto 5 laatikkoa","author":"petri","date":"september 14, 2019","format":false,"excerpt":"Kotimainen Leo-Matti Ojalan valmistama Klaara leve\u00e4 lipasto, jossa on 5 kapeaa laatikkoa. Klaara sarjan runko ja laatikon etusarjojen v\u00e4ri on valkoinen. Kansiv\u00e4rin voi valita valkoisen, harmaan, koivu luonnonv\u00e4risen tai ruskean v\u00e4lilt\u00e4. Tuotetiedot: Runko: maalattua mdf-levy\u00e4 Laatiko: mdf-levy\u00e4 Kansi: Koivu lv, harmaa ja ruskea kansi ovat massiivikoivua sek\u00e4 valkoinem on mdf-levy\u00e4.\u2026","rel":"","context":"Liknande produkt","block_context":{"text":"Liknande produkt","link":""},"img":{"alt_text":"Klaara lipasto kapea valkoinen 5 laatikkoa","src":"https:\/\/i0.wp.com\/pohjanmaantehtaanmyymala.fi\/wp-content\/uploads\/2019\/09\/Klaara-NRO-3-lipasto_331.jpg?fit=960%2C960&ssl=1&resize=350%2C200","width":350,"height":200,"srcset":"https:\/\/i0.wp.com\/pohjanmaantehtaanmyymala.fi\/wp-content\/uploads\/2019\/09\/Klaara-NRO-3-lipasto_331.jpg?fit=960%2C960&ssl=1&resize=350%2C200 1x, https:\/\/i0.wp.com\/pohjanmaantehtaanmyymala.fi\/wp-content\/uploads\/2019\/09\/Klaara-NRO-3-lipasto_331.jpg?fit=960%2C960&ssl=1&resize=525%2C300 1.5x, https:\/\/i0.wp.com\/pohjanmaantehtaanmyymala.fi\/wp-content\/uploads\/2019\/09\/Klaara-NRO-3-lipasto_331.jpg?fit=960%2C960&ssl=1&resize=700%2C400 2x"},"classes":[]},{"id":10817,"url":"https:\/\/pohjanmaantehtaanmyymala.fi\/sv\/tuote\/klaara-vitriini-132x15\/","url_meta":{"origin":10776,"position":5},"title":"KLAARA 2-ovinen vitriini laatikoilla","author":"petri","date":"september 14, 2019","format":false,"excerpt":"Kotimainen Leo-Matti Ojalan valmistama korkea 2-ovinen Klaara vitriini. Vitriiniss\u00e4 3 s\u00e4\u00e4dett\u00e4v\u00e4\u00e4 hylly\u00e4. Oven k\u00e4tisyys valittavissa asennuksen yhteydess\u00e4. Klaara sarjan runko ja laatikon etusarjojen v\u00e4ri on valkoinen. Kansiv\u00e4rin voi valita valkoisen, harmaan, koivu luonnonv\u00e4risen tai ruskean v\u00e4lilt\u00e4. Tuotetiedot: Runko: maalattua mdf-levy\u00e4 Laatiko: mdf-levy\u00e4 Kansi: Koivu lv, harmaa ja ruskea kansi ovat\u2026","rel":"","context":"Liknande produkt","block_context":{"text":"Liknande produkt","link":""},"img":{"alt_text":"Klaara korkea vitriini 2 ovella ja laatikoilla","src":"https:\/\/i0.wp.com\/pohjanmaantehtaanmyymala.fi\/wp-content\/uploads\/2019\/09\/Klaara-NRO-13-2x15-vitriini-harmaa_335.jpg?fit=960%2C960&ssl=1&resize=350%2C200","width":350,"height":200,"srcset":"https:\/\/i0.wp.com\/pohjanmaantehtaanmyymala.fi\/wp-content\/uploads\/2019\/09\/Klaara-NRO-13-2x15-vitriini-harmaa_335.jpg?fit=960%2C960&ssl=1&resize=350%2C200 1x, https:\/\/i0.wp.com\/pohjanmaantehtaanmyymala.fi\/wp-content\/uploads\/2019\/09\/Klaara-NRO-13-2x15-vitriini-harmaa_335.jpg?fit=960%2C960&ssl=1&resize=525%2C300 1.5x, https:\/\/i0.wp.com\/pohjanmaantehtaanmyymala.fi\/wp-content\/uploads\/2019\/09\/Klaara-NRO-13-2x15-vitriini-harmaa_335.jpg?fit=960%2C960&ssl=1&resize=700%2C400 2x"},"classes":[]}],"_links":{"self":[{"href":"https:\/\/pohjanmaantehtaanmyymala.fi\/sv\/wp-json\/wp\/v2\/product\/10776","targetHints":{"allow":["GET"]}}],"collection":[{"href":"https:\/\/pohjanmaantehtaanmyymala.fi\/sv\/wp-json\/wp\/v2\/product"}],"about":[{"href":"https:\/\/pohjanmaantehtaanmyymala.fi\/sv\/wp-json\/wp\/v2\/types\/product"}],"replies":[{"embeddable":true,"href":"https:\/\/pohjanmaantehtaanmyymala.fi\/sv\/wp-json\/wp\/v2\/comments?post=10776"}],"wp:featuredmedia":[{"embeddable":true,"href":"https:\/\/pohjanmaantehtaanmyymala.fi\/sv\/wp-json\/wp\/v2\/media\/19251"}],"wp:attachment":[{"href":"https:\/\/pohjanmaantehtaanmyymala.fi\/sv\/wp-json\/wp\/v2\/media?parent=10776"}],"wp:term":[{"taxonomy":"product_brand","embeddable":true,"href":"https:\/\/pohjanmaantehtaanmyymala.fi\/sv\/wp-json\/wp\/v2\/product_brand?post=10776"},{"taxonomy":"product_cat","embeddable":true,"href":"https:\/\/pohjanmaantehtaanmyymala.fi\/sv\/wp-json\/wp\/v2\/product_cat?post=10776"},{"taxonomy":"product_tag","embeddable":true,"href":"https:\/\/pohjanmaantehtaanmyymala.fi\/sv\/wp-json\/wp\/v2\/product_tag?post=10776"}],"curies":[{"name":"wp","href":"https:\/\/api.w.org\/{rel}","templated":true}]}}