{"id":10683,"date":"2019-09-14T09:48:41","date_gmt":"2019-09-14T07:48:41","guid":{"rendered":"https:\/\/pohjanmaantehtaanmyymala.fi\/tuote\/taiga-lipasto-3-laatikkoa-67cm-8-4\/"},"modified":"2024-05-06T16:37:27","modified_gmt":"2024-05-06T14:37:27","slug":"taiga-lipasto-3-laatikkoa-67cm-8-4","status":"publish","type":"product","link":"https:\/\/pohjanmaantehtaanmyymala.fi\/sv\/tuote\/taiga-lipasto-3-laatikkoa-67cm-8-4\/","title":{"rendered":"TAIGA 8.4 Lipasto 3 laatikkoa"},"content":{"rendered":"<p>Kotimainen Taiga-laatikosto sopii mainiosti kodin s\u00e4lilytysratkaisuksi. Laatikoissa on kest\u00e4v\u00e4t ja helppok\u00e4ytt\u00f6iset push-to-open mekanismit. Lipaston voi tilata joko kokomustana, kokovalkoisena ja valkorunkoisen\u00e4, jossa on harmaa kansi- ja pohjalevy.<\/p>\n<p>Hiipakan valmistama Taiga-laatikosto toimitetaan valmiiksi koottuna, purat vain paketista, kiinnit\u00e4t jalat ja lipasto on k\u00e4ytt\u00f6valmis.<\/p>\n<h3>Tuotetiedot:<\/h3>\n<p>Runko: 18 mm:n MCF-kalustelevy.<br \/>\nEtusarjat: Valkoisessa maalattua mdf-levy\u00e4 (ovet ja laatikot) ja mustassa 18 mm:n MCF-kalustelevy.<br \/>\nVetimett\u00f6miss\u00e4 laatikoissa kest\u00e4v\u00e4t push-to-open mekanismit.<br \/>\nJalat: Maalattu koivu.<\/p>\n<p>Mitat:<br \/>\nL 67 cm<br \/>\nK 79 cm<br \/>\nS 45 cm<\/p>\n","protected":false},"excerpt":{"rendered":"<p>Kotimainen Taiga-lipasto kolmella laatikolla.<\/p>\n","protected":false},"featured_media":13504,"comment_status":"closed","ping_status":"closed","template":"","meta":{"_acf_changed":false,"jetpack_post_was_ever_published":false,"jetpack_publicize_message":"","jetpack_publicize_feature_enabled":true,"jetpack_social_post_already_shared":true,"jetpack_social_options":{"image_generator_settings":{"template":"highway","default_image_id":0,"font":"","enabled":false},"version":2}},"product_brand":[172],"product_cat":[196],"product_tag":[],"class_list":{"0":"post-10683","1":"product","2":"type-product","3":"status-publish","4":"has-post-thumbnail","6":"product_brand-hiipakka","7":"product_cat-sailytyskalusteet-ja-tv-tasot","8":"product_shipping_class-161","9":"pa_vari-hopea-valkoinen","10":"pa_vari-mustajalava","11":"pa_vari-valkoinen","13":"first","14":"instock","15":"sale","16":"purchasable","17":"product-type-variable"},"acf":[],"jetpack_publicize_connections":[],"jetpack_sharing_enabled":true,"jetpack-related-posts":[{"id":10684,"url":"https:\/\/pohjanmaantehtaanmyymala.fi\/sv\/tuote\/taiga-lipasto-4-laatikkoa-67cm-6-8\/","url_meta":{"origin":10683,"position":0},"title":"TAIGA 6.8 Lipasto 4 laatikkoa","author":"petri","date":"september 14, 2019","format":false,"excerpt":"Kotimainen Taiga-laatikosto nelj\u00e4ll\u00e4 laatikolla sopii mainiosti kodin s\u00e4lilytysratkaisuksi. Laatikoissa on kest\u00e4v\u00e4t ja helppok\u00e4ytt\u00f6iset push-to-open mekanismit. Lipaston voi tilata joko kokomustana, kokovalkoisena ja valkorunkoisen\u00e4, jossa on harmaa kansi- ja pohjalevy. Hiipakan valmistama Taiga-laatikosto toimitetaan valmiiksi koottuna, purat vain paketista, kiinnit\u00e4t jalat ja lipasto on k\u00e4ytt\u00f6valmis. Tuotetiedot: Runko: 18 mm:n MCF-kalustelevy. Etusarjat:\u2026","rel":"","context":"Liknande produkt","block_context":{"text":"Liknande produkt","link":""},"img":{"alt_text":"Hiipakka Taiga lipasto 4 laatikkoa","src":"https:\/\/i0.wp.com\/pohjanmaantehtaanmyymala.fi\/wp-content\/uploads\/2019\/09\/Taiga062.jpg?fit=960%2C960&ssl=1&resize=350%2C200","width":350,"height":200,"srcset":"https:\/\/i0.wp.com\/pohjanmaantehtaanmyymala.fi\/wp-content\/uploads\/2019\/09\/Taiga062.jpg?fit=960%2C960&ssl=1&resize=350%2C200 1x, https:\/\/i0.wp.com\/pohjanmaantehtaanmyymala.fi\/wp-content\/uploads\/2019\/09\/Taiga062.jpg?fit=960%2C960&ssl=1&resize=525%2C300 1.5x, https:\/\/i0.wp.com\/pohjanmaantehtaanmyymala.fi\/wp-content\/uploads\/2019\/09\/Taiga062.jpg?fit=960%2C960&ssl=1&resize=700%2C400 2x"},"classes":[]},{"id":10672,"url":"https:\/\/pohjanmaantehtaanmyymala.fi\/sv\/tuote\/taiga-senkit\/","url_meta":{"origin":10683,"position":1},"title":"TAIGA 5.4 senkki 4 lattikkoa ja avohyllyt","author":"petri","date":"september 14, 2019","format":false,"excerpt":"Kotimainen Taiga-senkki\/lipasto sopii mainiosti kodin s\u00e4lilytysratkaisuksi. Laatikoissa on kest\u00e4v\u00e4t ja helppok\u00e4ytt\u00f6iset push-to-open mekanismit. Lipaston voi tilata joko kokomustana, kokovalkoisena ja valkorunkoisen\u00e4, jossa on harmaa kansi- ja pohjalevy. Hiipakan valmistama Taiga-laatikosto toimitetaan valmiiksi koottuna, purat vain paketista, kiinnit\u00e4t jalat ja lipasto on k\u00e4ytt\u00f6valmis. V\u00e4rivaihtoehdot ovat valkoinen, hopeajalava\/valkoinen ja mustajalava. Tuotetiedot: Runko:\u2026","rel":"","context":"Liknande produkt","block_context":{"text":"Liknande produkt","link":""},"img":{"alt_text":"","src":"https:\/\/i0.wp.com\/pohjanmaantehtaanmyymala.fi\/wp-content\/uploads\/2019\/09\/Taiga024.jpg?fit=960%2C960&ssl=1&resize=350%2C200","width":350,"height":200,"srcset":"https:\/\/i0.wp.com\/pohjanmaantehtaanmyymala.fi\/wp-content\/uploads\/2019\/09\/Taiga024.jpg?fit=960%2C960&ssl=1&resize=350%2C200 1x, https:\/\/i0.wp.com\/pohjanmaantehtaanmyymala.fi\/wp-content\/uploads\/2019\/09\/Taiga024.jpg?fit=960%2C960&ssl=1&resize=525%2C300 1.5x, https:\/\/i0.wp.com\/pohjanmaantehtaanmyymala.fi\/wp-content\/uploads\/2019\/09\/Taiga024.jpg?fit=960%2C960&ssl=1&resize=700%2C400 2x"},"classes":[]},{"id":10682,"url":"https:\/\/pohjanmaantehtaanmyymala.fi\/sv\/tuote\/taiga-lipasto-2-ovea-134cm-5-10\/","url_meta":{"origin":10683,"position":2},"title":"TAIGA 5.10 kaappi 2:lla ovella","author":"petri","date":"september 14, 2019","format":false,"excerpt":"Tilava senkki tavaroiden s\u00e4ilytykseen.","rel":"","context":"Liknande produkt","block_context":{"text":"Liknande produkt","link":""},"img":{"alt_text":"Hiipakka Taiga kaappi 2:lla ovella","src":"https:\/\/i0.wp.com\/pohjanmaantehtaanmyymala.fi\/wp-content\/uploads\/2019\/09\/Taiga028.jpg?fit=960%2C960&ssl=1&resize=350%2C200","width":350,"height":200,"srcset":"https:\/\/i0.wp.com\/pohjanmaantehtaanmyymala.fi\/wp-content\/uploads\/2019\/09\/Taiga028.jpg?fit=960%2C960&ssl=1&resize=350%2C200 1x, https:\/\/i0.wp.com\/pohjanmaantehtaanmyymala.fi\/wp-content\/uploads\/2019\/09\/Taiga028.jpg?fit=960%2C960&ssl=1&resize=525%2C300 1.5x, https:\/\/i0.wp.com\/pohjanmaantehtaanmyymala.fi\/wp-content\/uploads\/2019\/09\/Taiga028.jpg?fit=960%2C960&ssl=1&resize=700%2C400 2x"},"classes":[]},{"id":10685,"url":"https:\/\/pohjanmaantehtaanmyymala.fi\/sv\/tuote\/taiga-lipasto-6-laatikkoa-134cm-5-8\/","url_meta":{"origin":10683,"position":3},"title":"TAIGA 5.8 Lipasto 6 laatikkoa","author":"petri","date":"september 14, 2019","format":false,"excerpt":"Hiipakan valmistama tilava Taiga-lipasto, jossa on helppok\u00e4ytt\u00f6iset push-to-open laatikot. T\u00e4m\u00e4 iso valkoinen laatikosto on j\u00e4rkivalinta kotiisi, koska s\u00e4ilytystilaa aina tarvitaan. Kotimainen Taiga-lipasto toimitetaan valmiiksi koottuna jalat irrallaan. Joten lipaston k\u00e4ytt\u00f6\u00f6notto ei vaadi isoja kasaustoimenpiteit\u00e4. Taiga-sarjan kalusteiden v\u00e4rit ovat kokovalkoinen ja -musta sek\u00e4 yhdistelm\u00e4, jossa runko, laatikon etusarjat ja ovet ovat\u2026","rel":"","context":"Liknande produkt","block_context":{"text":"Liknande produkt","link":""},"img":{"alt_text":"Taiga lipasto 6 laatikkoa","src":"https:\/\/i0.wp.com\/pohjanmaantehtaanmyymala.fi\/wp-content\/uploads\/2019\/09\/Taiga027.jpg?fit=960%2C960&ssl=1&resize=350%2C200","width":350,"height":200,"srcset":"https:\/\/i0.wp.com\/pohjanmaantehtaanmyymala.fi\/wp-content\/uploads\/2019\/09\/Taiga027.jpg?fit=960%2C960&ssl=1&resize=350%2C200 1x, https:\/\/i0.wp.com\/pohjanmaantehtaanmyymala.fi\/wp-content\/uploads\/2019\/09\/Taiga027.jpg?fit=960%2C960&ssl=1&resize=525%2C300 1.5x, https:\/\/i0.wp.com\/pohjanmaantehtaanmyymala.fi\/wp-content\/uploads\/2019\/09\/Taiga027.jpg?fit=960%2C960&ssl=1&resize=700%2C400 2x"},"classes":[]},{"id":10663,"url":"https:\/\/pohjanmaantehtaanmyymala.fi\/sv\/tuote\/taiga-tv-tasot\/","url_meta":{"origin":10683,"position":4},"title":"TAIGA 3.5 TV-taso 201 cm","author":"petri","date":"september 14, 2019","format":false,"excerpt":"Kotimainen Taiga-tv-taso sopii mainiosti kodin s\u00e4lilytysratkaisuksi. Laatikoissa on kest\u00e4v\u00e4t ja helppok\u00e4ytt\u00f6iset push-to-open mekanismit. Laatikoiden yl\u00e4puolella on avolokerot kodin laitteille. Taiga Tv-tason v\u00e4rivaihtoehdot ovat valkoinen, hopajalava\/valkoinen. Hiipakan valmistama Taiga-taso toimitetaan muuten valmiiksi koottuna, paitsi jalat ovat irrallaan. Purat vain paketista, kiinnit\u00e4t jalat ruuvaamalla tason alle ja tuote on k\u00e4ytt\u00f6valmis. Tuotetiedot: Runko:\u2026","rel":"","context":"Liknande produkt","block_context":{"text":"Liknande produkt","link":""},"img":{"alt_text":"Taiga 010","src":"https:\/\/i0.wp.com\/pohjanmaantehtaanmyymala.fi\/wp-content\/uploads\/2019\/06\/Taiga010.jpg?fit=960%2C960&ssl=1&resize=350%2C200","width":350,"height":200,"srcset":"https:\/\/i0.wp.com\/pohjanmaantehtaanmyymala.fi\/wp-content\/uploads\/2019\/06\/Taiga010.jpg?fit=960%2C960&ssl=1&resize=350%2C200 1x, https:\/\/i0.wp.com\/pohjanmaantehtaanmyymala.fi\/wp-content\/uploads\/2019\/06\/Taiga010.jpg?fit=960%2C960&ssl=1&resize=525%2C300 1.5x, https:\/\/i0.wp.com\/pohjanmaantehtaanmyymala.fi\/wp-content\/uploads\/2019\/06\/Taiga010.jpg?fit=960%2C960&ssl=1&resize=700%2C400 2x"},"classes":[]},{"id":10645,"url":"https:\/\/pohjanmaantehtaanmyymala.fi\/sv\/tuote\/taiga-tasot\/","url_meta":{"origin":10683,"position":5},"title":"TAIGA 2.4 TV-taso 134 cm","author":"petri","date":"september 14, 2019","format":false,"excerpt":"Kotimainen Taiga-tv-taso sopii mainiosti kodin s\u00e4lilytysratkaisuksi. Laatikoissa on kest\u00e4v\u00e4t ja helppok\u00e4ytt\u00f6iset push-to-open mekanismit. Laatikoiden yl\u00e4puolella on avolokerot kodin laitteille. Taiga Tv-tason v\u00e4rivaihtoehdot ovat valkoinen, hopajalava\/valkoinen ja mustajalava. Hiipakan valmistama Taiga-taso toimitetaan muuten valmiiksi koottuna, paitsi jalat ovat irrallaan. Purat vain paketista, kiinnit\u00e4t jalat ruuvaamalla tason alle ja tuote on k\u00e4ytt\u00f6valmis.\u2026","rel":"","context":"Liknande produkt","block_context":{"text":"Liknande produkt","link":""},"img":{"alt_text":"","src":"https:\/\/i0.wp.com\/pohjanmaantehtaanmyymala.fi\/wp-content\/uploads\/2019\/09\/Taiga001.jpg?fit=960%2C960&ssl=1&resize=350%2C200","width":350,"height":200,"srcset":"https:\/\/i0.wp.com\/pohjanmaantehtaanmyymala.fi\/wp-content\/uploads\/2019\/09\/Taiga001.jpg?fit=960%2C960&ssl=1&resize=350%2C200 1x, https:\/\/i0.wp.com\/pohjanmaantehtaanmyymala.fi\/wp-content\/uploads\/2019\/09\/Taiga001.jpg?fit=960%2C960&ssl=1&resize=525%2C300 1.5x, https:\/\/i0.wp.com\/pohjanmaantehtaanmyymala.fi\/wp-content\/uploads\/2019\/09\/Taiga001.jpg?fit=960%2C960&ssl=1&resize=700%2C400 2x"},"classes":[]}],"_links":{"self":[{"href":"https:\/\/pohjanmaantehtaanmyymala.fi\/sv\/wp-json\/wp\/v2\/product\/10683","targetHints":{"allow":["GET"]}}],"collection":[{"href":"https:\/\/pohjanmaantehtaanmyymala.fi\/sv\/wp-json\/wp\/v2\/product"}],"about":[{"href":"https:\/\/pohjanmaantehtaanmyymala.fi\/sv\/wp-json\/wp\/v2\/types\/product"}],"replies":[{"embeddable":true,"href":"https:\/\/pohjanmaantehtaanmyymala.fi\/sv\/wp-json\/wp\/v2\/comments?post=10683"}],"wp:featuredmedia":[{"embeddable":true,"href":"https:\/\/pohjanmaantehtaanmyymala.fi\/sv\/wp-json\/wp\/v2\/media\/13504"}],"wp:attachment":[{"href":"https:\/\/pohjanmaantehtaanmyymala.fi\/sv\/wp-json\/wp\/v2\/media?parent=10683"}],"wp:term":[{"taxonomy":"product_brand","embeddable":true,"href":"https:\/\/pohjanmaantehtaanmyymala.fi\/sv\/wp-json\/wp\/v2\/product_brand?post=10683"},{"taxonomy":"product_cat","embeddable":true,"href":"https:\/\/pohjanmaantehtaanmyymala.fi\/sv\/wp-json\/wp\/v2\/product_cat?post=10683"},{"taxonomy":"product_tag","embeddable":true,"href":"https:\/\/pohjanmaantehtaanmyymala.fi\/sv\/wp-json\/wp\/v2\/product_tag?post=10683"}],"curies":[{"name":"wp","href":"https:\/\/api.w.org\/{rel}","templated":true}]}}