{"id":10660,"date":"2019-09-14T09:47:57","date_gmt":"2019-09-14T07:47:57","guid":{"rendered":"https:\/\/pohjanmaantehtaanmyymala.fi\/tuote\/taiga-tv-taso-matala-3-hyllya-3-laatikkoa-201cm-3-4\/"},"modified":"2025-06-30T14:33:56","modified_gmt":"2025-06-30T12:33:56","slug":"taiga-tv-taso-matala-3-hyllya-3-laatikkoa-201cm-3-4","status":"publish","type":"product","link":"https:\/\/pohjanmaantehtaanmyymala.fi\/sv\/tuote\/taiga-tv-taso-matala-3-hyllya-3-laatikkoa-201cm-3-4\/","title":{"rendered":"TAIGA leve\u00e4 TV-taso 3 laatikkoa 201cm"},"content":{"rendered":"<p>Taiga tv-Taso kolmella laatikolla ja avo-osilla\/hyllyill\u00e4. Laatikoissa laadukkaat push open mekanismit.<\/p>\n<p>V\u00e4rivaihtoehdot: valkoinen ja hopeajalava\/valkoinen.<\/p>\n<p>Maalatut massiivipuiset jalat ovat 18 cm korkeat.<\/p>\n<p>Toimitetaan valmiiksi kasattuna!<\/p>\n<p>Mitat:<br \/>\nL 201 cm<br \/>\nK 61 cm<br \/>\nS 45 cm<\/p>\n","protected":false},"excerpt":{"rendered":"<p>Taiga tv-Taso kolmella laatikolla ja avo-osilla\/hyllyill\u00e4. Laatikoissa laadukkaat push open mekanismit. V\u00e4rivaihtoehdot: valkoinen ja hopeajalava\/valkoinen. Maalatut massiivipuiset jalat ovat 18 cm korkeat. Toimitetaan valmiiksi kasattuna! Mitat: L 201 cm K 61 cm S 45 cm<\/p>\n","protected":false},"featured_media":19981,"comment_status":"closed","ping_status":"closed","template":"","meta":{"_acf_changed":false,"jetpack_post_was_ever_published":false,"jetpack_publicize_message":"","jetpack_publicize_feature_enabled":true,"jetpack_social_post_already_shared":true,"jetpack_social_options":{"image_generator_settings":{"template":"highway","default_image_id":0,"font":"","enabled":false},"version":2}},"product_brand":[172],"product_cat":[196],"product_tag":[],"class_list":{"0":"post-10660","1":"product","2":"type-product","3":"status-publish","4":"has-post-thumbnail","6":"product_brand-hiipakka","7":"product_cat-sailytyskalusteet-ja-tv-tasot","8":"product_shipping_class-161","10":"first","11":"instock","12":"sale","13":"purchasable","14":"product-type-simple"},"acf":[],"jetpack_publicize_connections":[],"jetpack_sharing_enabled":true,"jetpack-related-posts":[{"id":10642,"url":"https:\/\/pohjanmaantehtaanmyymala.fi\/sv\/tuote\/taiga-taso-matala-2-ovea-2-laatikkoa-201cm-3-16\/","url_meta":{"origin":10660,"position":0},"title":"TAIGA 3.16 TV-taso leveys 201 cm","author":"petri","date":"september 14, 2019","format":false,"excerpt":"Tyylik\u00e4s Taiga taso, jossa on ovet ja laatikot.","rel":"","context":"Liknande produkt","block_context":{"text":"Liknande produkt","link":""},"img":{"alt_text":"Hiipakka Taiga tv-taso 2-ovella ja 2-laatikolla leveys 201 cm valkoinen","src":"https:\/\/i0.wp.com\/pohjanmaantehtaanmyymala.fi\/wp-content\/uploads\/2019\/09\/Taiga042.jpg?fit=960%2C960&ssl=1&resize=350%2C200","width":350,"height":200,"srcset":"https:\/\/i0.wp.com\/pohjanmaantehtaanmyymala.fi\/wp-content\/uploads\/2019\/09\/Taiga042.jpg?fit=960%2C960&ssl=1&resize=350%2C200 1x, https:\/\/i0.wp.com\/pohjanmaantehtaanmyymala.fi\/wp-content\/uploads\/2019\/09\/Taiga042.jpg?fit=960%2C960&ssl=1&resize=525%2C300 1.5x, https:\/\/i0.wp.com\/pohjanmaantehtaanmyymala.fi\/wp-content\/uploads\/2019\/09\/Taiga042.jpg?fit=960%2C960&ssl=1&resize=700%2C400 2x"},"classes":[]},{"id":10656,"url":"https:\/\/pohjanmaantehtaanmyymala.fi\/sv\/tuote\/taiga-tv-taso-korkea-3-hyllya-kirkas-lasi-6-laatikkoa-201cm-4-5\/","url_meta":{"origin":10660,"position":1},"title":"TAIGA 4.5 korkea TV-taso 6 lasilaatikkoa 201cm","author":"petri","date":"september 14, 2019","format":false,"excerpt":"Kotimainen Taiga-tv-taso sopii mainiosti kodin s\u00e4lilytysratkaisuksi. Laatikossa on kest\u00e4v\u00e4t ja helppok\u00e4ytt\u00f6iset push-to-open mekanismit. Kaapeissa yksi hyllylevy. Tasossa on kuusi laatikkoa, joista ylimmiss\u00e4 kolmessa laatikossa on kirkkaat lasit. Taiga Tv-tason v\u00e4rivaihtoehdot ovat valkoinen ja hopajalava\/valkoinen. Hiipakan valmistama Taiga-taso toimitetaan muuten valmiiksi koottuna, paitsi jalat ovat irrallaan. Purat vain paketista, kiinnit\u00e4t jalat\u2026","rel":"","context":"Liknande produkt","block_context":{"text":"Liknande produkt","link":""},"img":{"alt_text":"Hiipakka taiga taso valkoinen hopeajalava","src":"https:\/\/i0.wp.com\/pohjanmaantehtaanmyymala.fi\/wp-content\/uploads\/2019\/09\/Taiga-taso-00185124.jpg?fit=1200%2C1200&ssl=1&resize=350%2C200","width":350,"height":200,"srcset":"https:\/\/i0.wp.com\/pohjanmaantehtaanmyymala.fi\/wp-content\/uploads\/2019\/09\/Taiga-taso-00185124.jpg?fit=1200%2C1200&ssl=1&resize=350%2C200 1x, https:\/\/i0.wp.com\/pohjanmaantehtaanmyymala.fi\/wp-content\/uploads\/2019\/09\/Taiga-taso-00185124.jpg?fit=1200%2C1200&ssl=1&resize=525%2C300 1.5x, https:\/\/i0.wp.com\/pohjanmaantehtaanmyymala.fi\/wp-content\/uploads\/2019\/09\/Taiga-taso-00185124.jpg?fit=1200%2C1200&ssl=1&resize=700%2C400 2x, https:\/\/i0.wp.com\/pohjanmaantehtaanmyymala.fi\/wp-content\/uploads\/2019\/09\/Taiga-taso-00185124.jpg?fit=1200%2C1200&ssl=1&resize=1050%2C600 3x"},"classes":[]},{"id":10657,"url":"https:\/\/pohjanmaantehtaanmyymala.fi\/sv\/tuote\/taiga-tv-taso-matala-2-ovea-avohylly-laatikko-201cm-3-10\/","url_meta":{"origin":10660,"position":2},"title":"TAIGA 3.10 TV-taso ovilla ja laatikkolla 201cm","author":"petri","date":"september 14, 2019","format":false,"excerpt":"Kotimainen Taiga-tv-taso sopii mainiosti kodin s\u00e4lilytysratkaisuksi. Ovissa ja laatikossa on kest\u00e4v\u00e4t ja helppok\u00e4ytt\u00f6iset push-to-open mekanismit. Kaapeissa yksi hyllylevy. Taiga Tv-tason v\u00e4rivaihtoehdot ovat valkoinen, hopajalava\/valkoinen ja mustajalava. Hiipakan valmistama Taiga-taso toimitetaan muuten valmiiksi koottuna, paitsi jalat ovat irrallaan. Purat vain paketista, kiinnit\u00e4t jalat ruuvaamalla tason alle ja tuote on k\u00e4ytt\u00f6valmis. Tuotetiedot:\u2026","rel":"","context":"Liknande produkt","block_context":{"text":"Liknande produkt","link":""},"img":{"alt_text":"Hiipakka taiga taso valkoinen","src":"https:\/\/i0.wp.com\/pohjanmaantehtaanmyymala.fi\/wp-content\/uploads\/2019\/09\/Taiga-taso-00185406.jpg?fit=1200%2C1200&ssl=1&resize=350%2C200","width":350,"height":200,"srcset":"https:\/\/i0.wp.com\/pohjanmaantehtaanmyymala.fi\/wp-content\/uploads\/2019\/09\/Taiga-taso-00185406.jpg?fit=1200%2C1200&ssl=1&resize=350%2C200 1x, https:\/\/i0.wp.com\/pohjanmaantehtaanmyymala.fi\/wp-content\/uploads\/2019\/09\/Taiga-taso-00185406.jpg?fit=1200%2C1200&ssl=1&resize=525%2C300 1.5x, https:\/\/i0.wp.com\/pohjanmaantehtaanmyymala.fi\/wp-content\/uploads\/2019\/09\/Taiga-taso-00185406.jpg?fit=1200%2C1200&ssl=1&resize=700%2C400 2x, https:\/\/i0.wp.com\/pohjanmaantehtaanmyymala.fi\/wp-content\/uploads\/2019\/09\/Taiga-taso-00185406.jpg?fit=1200%2C1200&ssl=1&resize=1050%2C600 3x"},"classes":[]},{"id":10639,"url":"https:\/\/pohjanmaantehtaanmyymala.fi\/sv\/tuote\/taiga-taso-4-laatikkoa-134cm-2-8\/","url_meta":{"origin":10660,"position":3},"title":"TAIGA 2.8 TV-Taso leveys 134 cm","author":"petri","date":"september 14, 2019","format":false,"excerpt":"Kotimaisessa Hiipakan Taiga TV-taso 4-laatikolla, joissa on push to open-mekanismit.\u00a0 Eli painamalla laatikkoa se ponnahtaa auki. T\u00e4m\u00e4 Taiga-tv-taso soveltuu tv:n alustaksi tai senkiksi. Taiga sopii kodin kaikkiin kuiviin tiloihin erilaisiin k\u00e4ytt\u00f6tarkoituksiin. Taiga-tuotesarjaa on saatavilla kolmessa eri v\u00e4riss\u00e4: kokonaan valkoinen javalkoinen\/hopeajalava. Tuotetiedot: Runko: 18mm kalustelevy. Etusarjat: Maalattua mdf-levy\u00e4 (ovet ja laatikot)\u2026","rel":"","context":"Liknande produkt","block_context":{"text":"Liknande produkt","link":""},"img":{"alt_text":"Hiipakka Taiga tv-taso nelj\u00e4ll\u00e4 laatikolla valkoinen","src":"https:\/\/i0.wp.com\/pohjanmaantehtaanmyymala.fi\/wp-content\/uploads\/2019\/09\/Taiga004-1.jpg?fit=960%2C960&ssl=1&resize=350%2C200","width":350,"height":200,"srcset":"https:\/\/i0.wp.com\/pohjanmaantehtaanmyymala.fi\/wp-content\/uploads\/2019\/09\/Taiga004-1.jpg?fit=960%2C960&ssl=1&resize=350%2C200 1x, https:\/\/i0.wp.com\/pohjanmaantehtaanmyymala.fi\/wp-content\/uploads\/2019\/09\/Taiga004-1.jpg?fit=960%2C960&ssl=1&resize=525%2C300 1.5x, https:\/\/i0.wp.com\/pohjanmaantehtaanmyymala.fi\/wp-content\/uploads\/2019\/09\/Taiga004-1.jpg?fit=960%2C960&ssl=1&resize=700%2C400 2x"},"classes":[]},{"id":10644,"url":"https:\/\/pohjanmaantehtaanmyymala.fi\/sv\/tuote\/taiga-taso-matala-6-laatikkoa-201cm-3-8\/","url_meta":{"origin":10660,"position":4},"title":"TAIGA 3.8 tv-taso leveys 201cm","author":"petri","date":"september 14, 2019","format":false,"excerpt":"Hiipakan Taiga TV-tasossa on kuusi laatikkoa. Ne toimivat push-open ponnahdusmekanismilla, eli painamalla sit\u00e4 se ponnahtaa auki. T\u00e4m\u00e4 Taiga-taso soveltuu tv:n alustaksi tai senkiksi. Taiga sopii kodin kaikkiin kuiviin tiloihin erilaisiin k\u00e4ytt\u00f6tarkoituksiin. Taiga-tuotesarjaa on saatavilla kolmessa eri v\u00e4riss\u00e4: kokonaan valkoinen ja valkoinen\/hopeajalava. Tuotetiedot: Runko: 18mm kalustelevy. Etusarjat: Maalattua mdf-levy\u00e4 (ovet ja\u2026","rel":"","context":"Liknande produkt","block_context":{"text":"Liknande produkt","link":""},"img":{"alt_text":"Hiipakan Taiga tv-taso 6-laatikolla leveys 201 cm valkoinen","src":"https:\/\/i0.wp.com\/pohjanmaantehtaanmyymala.fi\/wp-content\/uploads\/2019\/09\/Taiga037.jpg?fit=960%2C960&ssl=1&resize=350%2C200","width":350,"height":200,"srcset":"https:\/\/i0.wp.com\/pohjanmaantehtaanmyymala.fi\/wp-content\/uploads\/2019\/09\/Taiga037.jpg?fit=960%2C960&ssl=1&resize=350%2C200 1x, https:\/\/i0.wp.com\/pohjanmaantehtaanmyymala.fi\/wp-content\/uploads\/2019\/09\/Taiga037.jpg?fit=960%2C960&ssl=1&resize=525%2C300 1.5x, https:\/\/i0.wp.com\/pohjanmaantehtaanmyymala.fi\/wp-content\/uploads\/2019\/09\/Taiga037.jpg?fit=960%2C960&ssl=1&resize=700%2C400 2x"},"classes":[]},{"id":10658,"url":"https:\/\/pohjanmaantehtaanmyymala.fi\/sv\/tuote\/taiga-tv-taso-matala-2-ovea-hylly-etsattu-lasi-laatikko-201cm-3-14\/","url_meta":{"origin":10660,"position":5},"title":"TAIGA 3.14 TV-taso ovilla ja laatikolla 201cm","author":"petri","date":"september 14, 2019","format":false,"excerpt":"Taso kahdella ovella, yhdell\u00e4 laatikolla ja maitolasilla.","rel":"","context":"Liknande produkt","block_context":{"text":"Liknande produkt","link":""},"img":{"alt_text":"Hiipakka taiga taso valkoinen hopeajalava","src":"https:\/\/i0.wp.com\/pohjanmaantehtaanmyymala.fi\/wp-content\/uploads\/2019\/09\/Taiga-taso-00185416.jpg?fit=1200%2C1200&ssl=1&resize=350%2C200","width":350,"height":200,"srcset":"https:\/\/i0.wp.com\/pohjanmaantehtaanmyymala.fi\/wp-content\/uploads\/2019\/09\/Taiga-taso-00185416.jpg?fit=1200%2C1200&ssl=1&resize=350%2C200 1x, https:\/\/i0.wp.com\/pohjanmaantehtaanmyymala.fi\/wp-content\/uploads\/2019\/09\/Taiga-taso-00185416.jpg?fit=1200%2C1200&ssl=1&resize=525%2C300 1.5x, https:\/\/i0.wp.com\/pohjanmaantehtaanmyymala.fi\/wp-content\/uploads\/2019\/09\/Taiga-taso-00185416.jpg?fit=1200%2C1200&ssl=1&resize=700%2C400 2x, https:\/\/i0.wp.com\/pohjanmaantehtaanmyymala.fi\/wp-content\/uploads\/2019\/09\/Taiga-taso-00185416.jpg?fit=1200%2C1200&ssl=1&resize=1050%2C600 3x"},"classes":[]}],"_links":{"self":[{"href":"https:\/\/pohjanmaantehtaanmyymala.fi\/sv\/wp-json\/wp\/v2\/product\/10660","targetHints":{"allow":["GET"]}}],"collection":[{"href":"https:\/\/pohjanmaantehtaanmyymala.fi\/sv\/wp-json\/wp\/v2\/product"}],"about":[{"href":"https:\/\/pohjanmaantehtaanmyymala.fi\/sv\/wp-json\/wp\/v2\/types\/product"}],"replies":[{"embeddable":true,"href":"https:\/\/pohjanmaantehtaanmyymala.fi\/sv\/wp-json\/wp\/v2\/comments?post=10660"}],"wp:featuredmedia":[{"embeddable":true,"href":"https:\/\/pohjanmaantehtaanmyymala.fi\/sv\/wp-json\/wp\/v2\/media\/19981"}],"wp:attachment":[{"href":"https:\/\/pohjanmaantehtaanmyymala.fi\/sv\/wp-json\/wp\/v2\/media?parent=10660"}],"wp:term":[{"taxonomy":"product_brand","embeddable":true,"href":"https:\/\/pohjanmaantehtaanmyymala.fi\/sv\/wp-json\/wp\/v2\/product_brand?post=10660"},{"taxonomy":"product_cat","embeddable":true,"href":"https:\/\/pohjanmaantehtaanmyymala.fi\/sv\/wp-json\/wp\/v2\/product_cat?post=10660"},{"taxonomy":"product_tag","embeddable":true,"href":"https:\/\/pohjanmaantehtaanmyymala.fi\/sv\/wp-json\/wp\/v2\/product_tag?post=10660"}],"curies":[{"name":"wp","href":"https:\/\/api.w.org\/{rel}","templated":true}]}}