{"id":10653,"date":"2019-09-14T09:47:41","date_gmt":"2019-09-14T07:47:41","guid":{"rendered":"https:\/\/pohjanmaantehtaanmyymala.fi\/tuote\/taiga-tv-taso-korkea-2-ovea-2-laatikkoa-hylly-kirkas-lasi-201cm-4-12\/"},"modified":"2024-05-06T16:37:31","modified_gmt":"2024-05-06T14:37:31","slug":"taiga-tv-taso-korkea-2-ovea-2-laatikkoa-hylly-kirkas-lasi-201cm-4-12","status":"publish","type":"product","link":"https:\/\/pohjanmaantehtaanmyymala.fi\/sv\/tuote\/taiga-tv-taso-korkea-2-ovea-2-laatikkoa-hylly-kirkas-lasi-201cm-4-12\/","title":{"rendered":"TAIGA 4.12 s\u00e4ilytystaso leveys 201 cm"},"content":{"rendered":"<p>Hiipakan Taiga tasossa on molemmilla sivuilla kaksi ovikaappia, keskell\u00e4 vetolaatikot. Ylimm\u00e4ss\u00e4 vetolaatikossa on kirkas lasi, joka peitt\u00e4\u00e4 avotilan. Ovet ja laatikot toimivat push-open ponnahdusmekanismilla, eli painamalla sit\u00e4 se ponnahtaa auki. T\u00e4m\u00e4 Taiga-taso soveltuu tv:n alustaksi tai senkiksi. Taiga sopii kodin kaikkiin kuiviin tiloihin erilaisiin k\u00e4ytt\u00f6tarkoituksiin.<\/p>\n<p>Taiga-tuotesarjaa on saatavilla kolmessa eri v\u00e4riss\u00e4: kokonaan valkoinen, valkoinen\/hopeajalava ja kokonaan mustajalava.<\/p>\n<h3>Tuotetiedot:<\/h3>\n<p>Runko: 18mm kalustelevy.<br \/>\nEtusarjat: Maalattua mdf-levy\u00e4 (ovet ja laatikot)<br \/>\nLasit: Karkaistua turvalasia.<br \/>\nVetimett\u00f6miss\u00e4 laatikoissa kest\u00e4v\u00e4t push-to-open mekanismit.<br \/>\nJalat: Maalattu koivu.<br \/>\nToimitetaan valmiiksi kasattuna, vain jalat ovat irrallaan.<\/p>\n<p><strong>Mitat:<\/strong><\/p>\n<p>Leveys 201 cm<br \/>\nKorkeus 79 cm<br \/>\nSyvyys 45 cm<br \/>\nJalan korkeus 18 cm<\/p>\n<p><strong>Avohyllyn mitta:<br \/>\n<\/strong><\/p>\n<p>Leveys 64 cm<br \/>\nKorkeus 18,5 cm<br \/>\nSyvyys 42,5 cm<\/p>\n<p>Toimitusaika tehtaan kiireiden mukaan 7-8 viikkoa tilauksesta.<\/p>\n","protected":false},"excerpt":{"rendered":"<p>Hiipakan Taiga tasossa on molemmilla sivuilla kaksi ovikaappia, keskell\u00e4 vetolaatikot. Ylimm\u00e4ss\u00e4 vetolaatikossa on kirkas lasi, joka peitt\u00e4\u00e4 avotilan. Ovet ja laatikot toimivat push-open ponnahdusmekanismilla, eli painamalla sit\u00e4 se ponnahtaa auki. T\u00e4m\u00e4 Taiga-taso soveltuu tv:n alustaksi tai senkiksi. Taiga sopii kodin kaikkiin kuiviin tiloihin erilaisiin k\u00e4ytt\u00f6tarkoituksiin. Taiga-tuotesarjaa on saatavilla kolmessa eri v\u00e4riss\u00e4: kokonaan valkoinen, valkoinen\/hopeajalava ja [&hellip;]<\/p>\n","protected":false},"featured_media":22057,"comment_status":"closed","ping_status":"closed","template":"","meta":{"_acf_changed":false,"jetpack_post_was_ever_published":false,"jetpack_publicize_message":"","jetpack_publicize_feature_enabled":true,"jetpack_social_post_already_shared":true,"jetpack_social_options":{"image_generator_settings":{"template":"highway","default_image_id":0,"font":"","enabled":false},"version":2}},"product_brand":[172],"product_cat":[196],"product_tag":[],"class_list":{"0":"post-10653","1":"product","2":"type-product","3":"status-publish","4":"has-post-thumbnail","6":"product_brand-hiipakka","7":"product_cat-sailytyskalusteet-ja-tv-tasot","8":"product_shipping_class-161","10":"first","11":"instock","12":"sale","13":"purchasable","14":"product-type-simple"},"acf":[],"jetpack_publicize_connections":[],"jetpack_sharing_enabled":true,"jetpack-related-posts":[{"id":10652,"url":"https:\/\/pohjanmaantehtaanmyymala.fi\/sv\/tuote\/taiga-tv-taso-korkea-2-ovea-2-laatikkoa-hylly-etsattu-lasi-201cm-4-14\/","url_meta":{"origin":10653,"position":0},"title":"TAIGA 4.14 s\u00e4ilytystaso leveys 201 cm","author":"petri","date":"september 14, 2019","format":false,"excerpt":"Hiipakan Taiga tasossa on molemmilla sivuilla kaksi ovikaappia, keskell\u00e4 vetolaatikot. Ylimm\u00e4ss\u00e4 vetolaatikossa on etsattu lasi, joka peitt\u00e4\u00e4 avotilan. Ovet ja laatikot toimivat push-open ponnahdusmekanismilla, eli painamalla sit\u00e4 se ponnahtaa auki. T\u00e4m\u00e4 Taiga-taso soveltuu tv:n alustaksi tai senkiksi. Taiga sopii kodin kaikkiin kuiviin tiloihin erilaisiin k\u00e4ytt\u00f6tarkoituksiin. Taiga-tuotesarjaa on saatavilla kolmessa eri\u2026","rel":"","context":"Liknande produkt","block_context":{"text":"Liknande produkt","link":""},"img":{"alt_text":"Hiipakan Taiga taso ovilla ja laatikoilla valkoinen ja kansi hopeajalava","src":"https:\/\/i0.wp.com\/pohjanmaantehtaanmyymala.fi\/wp-content\/uploads\/2019\/09\/Taiga-414-taso-valkoinen-hopeajalava.jpg?fit=960%2C960&ssl=1&resize=350%2C200","width":350,"height":200,"srcset":"https:\/\/i0.wp.com\/pohjanmaantehtaanmyymala.fi\/wp-content\/uploads\/2019\/09\/Taiga-414-taso-valkoinen-hopeajalava.jpg?fit=960%2C960&ssl=1&resize=350%2C200 1x, https:\/\/i0.wp.com\/pohjanmaantehtaanmyymala.fi\/wp-content\/uploads\/2019\/09\/Taiga-414-taso-valkoinen-hopeajalava.jpg?fit=960%2C960&ssl=1&resize=525%2C300 1.5x, https:\/\/i0.wp.com\/pohjanmaantehtaanmyymala.fi\/wp-content\/uploads\/2019\/09\/Taiga-414-taso-valkoinen-hopeajalava.jpg?fit=960%2C960&ssl=1&resize=700%2C400 2x"},"classes":[]},{"id":10654,"url":"https:\/\/pohjanmaantehtaanmyymala.fi\/sv\/tuote\/taiga-tv-taso-korkea-3-hyllya-6-laatikkoa-201cm-4-4\/","url_meta":{"origin":10653,"position":1},"title":"TAIGA 4.4 s\u00e4ilytystaso leveys 201 cm","author":"petri","date":"september 14, 2019","format":false,"excerpt":"Hiipakan Taiga tasossa on kuusi vetolaatikkoa sek\u00e4 kolme avohylly\u00e4. Laatikot toimivat push-open ponnahdusmekanismilla, eli painamalla laatikkoa se ponnahtaa auki. Iso Taiga-taso soveltuu tv:n alustaksi tai senkiksi. Taso sopii kodin kaikkiin kuiviin tiloihin erilaisiin k\u00e4ytt\u00f6tarkoituksiin. Taiga-tuotesarjaa on saatavilla kolmessa eri v\u00e4riss\u00e4: kokonaan valkoinen ja valkoinen\/hopeajalava. Tuotetiedot: Runko: 18mm kalustelevy. Etusarjat: Maalattua\u2026","rel":"","context":"Liknande produkt","block_context":{"text":"Liknande produkt","link":""},"img":{"alt_text":"Hiipakka taiga taso valkoinen","src":"https:\/\/i0.wp.com\/pohjanmaantehtaanmyymala.fi\/wp-content\/uploads\/2019\/09\/Taiga-taso-00185149.jpg?fit=1200%2C1200&ssl=1&resize=350%2C200","width":350,"height":200,"srcset":"https:\/\/i0.wp.com\/pohjanmaantehtaanmyymala.fi\/wp-content\/uploads\/2019\/09\/Taiga-taso-00185149.jpg?fit=1200%2C1200&ssl=1&resize=350%2C200 1x, https:\/\/i0.wp.com\/pohjanmaantehtaanmyymala.fi\/wp-content\/uploads\/2019\/09\/Taiga-taso-00185149.jpg?fit=1200%2C1200&ssl=1&resize=525%2C300 1.5x, https:\/\/i0.wp.com\/pohjanmaantehtaanmyymala.fi\/wp-content\/uploads\/2019\/09\/Taiga-taso-00185149.jpg?fit=1200%2C1200&ssl=1&resize=700%2C400 2x, https:\/\/i0.wp.com\/pohjanmaantehtaanmyymala.fi\/wp-content\/uploads\/2019\/09\/Taiga-taso-00185149.jpg?fit=1200%2C1200&ssl=1&resize=1050%2C600 3x"},"classes":[]},{"id":10640,"url":"https:\/\/pohjanmaantehtaanmyymala.fi\/sv\/tuote\/taiga-taso-korkea-2-ovea-3-laatikkoa-201cm-4-8\/","url_meta":{"origin":10653,"position":2},"title":"TAIGA 4.8 senkki leveys 201 cm","author":"petri","date":"september 14, 2019","format":false,"excerpt":"Kotimaisessa Hiipakan Taiga senkiss\u00e4 on kolme laatikkoa ja 2 ovea, joissa on push-open ponnahdusmekanismi.\u00a0 Eli painamalla laatikkoa tai ovea se ponnahtaa auki. T\u00e4m\u00e4 Taiga-taso soveltuu tv:n alustaksi tai senkiksi. Taiga sopii kodin kaikkiin kuiviin tiloihin erilaisiin k\u00e4ytt\u00f6tarkoituksiin. Taiga-tuotesarjaa on saatavilla kolmessa eri v\u00e4riss\u00e4: kokonaan valkoinen, valkoinen\/hopeajalava ja kokonaan mustajalava. Tuotetiedot:\u2026","rel":"","context":"Liknande produkt","block_context":{"text":"Liknande produkt","link":""},"img":{"alt_text":"Hiipakan Taiga senkki ovilla ja laatikoilla valkoinen runko ja hopeajalava kansi","src":"https:\/\/i0.wp.com\/pohjanmaantehtaanmyymala.fi\/wp-content\/uploads\/2019\/09\/Taiga018.jpg?fit=960%2C960&ssl=1&resize=350%2C200","width":350,"height":200,"srcset":"https:\/\/i0.wp.com\/pohjanmaantehtaanmyymala.fi\/wp-content\/uploads\/2019\/09\/Taiga018.jpg?fit=960%2C960&ssl=1&resize=350%2C200 1x, https:\/\/i0.wp.com\/pohjanmaantehtaanmyymala.fi\/wp-content\/uploads\/2019\/09\/Taiga018.jpg?fit=960%2C960&ssl=1&resize=525%2C300 1.5x, https:\/\/i0.wp.com\/pohjanmaantehtaanmyymala.fi\/wp-content\/uploads\/2019\/09\/Taiga018.jpg?fit=960%2C960&ssl=1&resize=700%2C400 2x"},"classes":[]},{"id":10641,"url":"https:\/\/pohjanmaantehtaanmyymala.fi\/sv\/tuote\/taiga-taso-korkea-3-ovea-201cm-4-16\/","url_meta":{"origin":10653,"position":3},"title":"TAIGA 4.16 senkki leveys 201cm","author":"petri","date":"september 14, 2019","format":false,"excerpt":"Tilava s\u00e4ilytysratkaisu kotiisi.","rel":"","context":"Liknande produkt","block_context":{"text":"Liknande produkt","link":""},"img":{"alt_text":"Hiipakka Taiga tv-taso 3-ovella leveys 201 cm valkoinen","src":"https:\/\/i0.wp.com\/pohjanmaantehtaanmyymala.fi\/wp-content\/uploads\/2019\/09\/Taiga066.jpg?fit=960%2C960&ssl=1&resize=350%2C200","width":350,"height":200,"srcset":"https:\/\/i0.wp.com\/pohjanmaantehtaanmyymala.fi\/wp-content\/uploads\/2019\/09\/Taiga066.jpg?fit=960%2C960&ssl=1&resize=350%2C200 1x, https:\/\/i0.wp.com\/pohjanmaantehtaanmyymala.fi\/wp-content\/uploads\/2019\/09\/Taiga066.jpg?fit=960%2C960&ssl=1&resize=525%2C300 1.5x, https:\/\/i0.wp.com\/pohjanmaantehtaanmyymala.fi\/wp-content\/uploads\/2019\/09\/Taiga066.jpg?fit=960%2C960&ssl=1&resize=700%2C400 2x"},"classes":[]},{"id":10643,"url":"https:\/\/pohjanmaantehtaanmyymala.fi\/sv\/tuote\/taiga-taso-matala-3-ovea-201cm-3-24\/","url_meta":{"origin":10653,"position":4},"title":"TAIGA 3.24 TV-taso leveys 201cm","author":"petri","date":"september 14, 2019","format":false,"excerpt":"Hiipakka Taiga tv-taso 3-ovella","rel":"","context":"Liknande produkt","block_context":{"text":"Liknande produkt","link":""},"img":{"alt_text":"Hiipakka Taiga tv-taso 3-ovella leveys 201 cm valkoinen runko ja hopeajalava kansi","src":"https:\/\/i0.wp.com\/pohjanmaantehtaanmyymala.fi\/wp-content\/uploads\/2019\/09\/Taiga049.jpg?fit=960%2C960&ssl=1&resize=350%2C200","width":350,"height":200,"srcset":"https:\/\/i0.wp.com\/pohjanmaantehtaanmyymala.fi\/wp-content\/uploads\/2019\/09\/Taiga049.jpg?fit=960%2C960&ssl=1&resize=350%2C200 1x, https:\/\/i0.wp.com\/pohjanmaantehtaanmyymala.fi\/wp-content\/uploads\/2019\/09\/Taiga049.jpg?fit=960%2C960&ssl=1&resize=525%2C300 1.5x, https:\/\/i0.wp.com\/pohjanmaantehtaanmyymala.fi\/wp-content\/uploads\/2019\/09\/Taiga049.jpg?fit=960%2C960&ssl=1&resize=700%2C400 2x"},"classes":[]},{"id":10642,"url":"https:\/\/pohjanmaantehtaanmyymala.fi\/sv\/tuote\/taiga-taso-matala-2-ovea-2-laatikkoa-201cm-3-16\/","url_meta":{"origin":10653,"position":5},"title":"TAIGA 3.16 TV-taso leveys 201 cm","author":"petri","date":"september 14, 2019","format":false,"excerpt":"Tyylik\u00e4s Taiga taso, jossa on ovet ja laatikot.","rel":"","context":"Liknande produkt","block_context":{"text":"Liknande produkt","link":""},"img":{"alt_text":"Hiipakka Taiga tv-taso 2-ovella ja 2-laatikolla leveys 201 cm valkoinen","src":"https:\/\/i0.wp.com\/pohjanmaantehtaanmyymala.fi\/wp-content\/uploads\/2019\/09\/Taiga042.jpg?fit=960%2C960&ssl=1&resize=350%2C200","width":350,"height":200,"srcset":"https:\/\/i0.wp.com\/pohjanmaantehtaanmyymala.fi\/wp-content\/uploads\/2019\/09\/Taiga042.jpg?fit=960%2C960&ssl=1&resize=350%2C200 1x, https:\/\/i0.wp.com\/pohjanmaantehtaanmyymala.fi\/wp-content\/uploads\/2019\/09\/Taiga042.jpg?fit=960%2C960&ssl=1&resize=525%2C300 1.5x, https:\/\/i0.wp.com\/pohjanmaantehtaanmyymala.fi\/wp-content\/uploads\/2019\/09\/Taiga042.jpg?fit=960%2C960&ssl=1&resize=700%2C400 2x"},"classes":[]}],"_links":{"self":[{"href":"https:\/\/pohjanmaantehtaanmyymala.fi\/sv\/wp-json\/wp\/v2\/product\/10653","targetHints":{"allow":["GET"]}}],"collection":[{"href":"https:\/\/pohjanmaantehtaanmyymala.fi\/sv\/wp-json\/wp\/v2\/product"}],"about":[{"href":"https:\/\/pohjanmaantehtaanmyymala.fi\/sv\/wp-json\/wp\/v2\/types\/product"}],"replies":[{"embeddable":true,"href":"https:\/\/pohjanmaantehtaanmyymala.fi\/sv\/wp-json\/wp\/v2\/comments?post=10653"}],"wp:featuredmedia":[{"embeddable":true,"href":"https:\/\/pohjanmaantehtaanmyymala.fi\/sv\/wp-json\/wp\/v2\/media\/22057"}],"wp:attachment":[{"href":"https:\/\/pohjanmaantehtaanmyymala.fi\/sv\/wp-json\/wp\/v2\/media?parent=10653"}],"wp:term":[{"taxonomy":"product_brand","embeddable":true,"href":"https:\/\/pohjanmaantehtaanmyymala.fi\/sv\/wp-json\/wp\/v2\/product_brand?post=10653"},{"taxonomy":"product_cat","embeddable":true,"href":"https:\/\/pohjanmaantehtaanmyymala.fi\/sv\/wp-json\/wp\/v2\/product_cat?post=10653"},{"taxonomy":"product_tag","embeddable":true,"href":"https:\/\/pohjanmaantehtaanmyymala.fi\/sv\/wp-json\/wp\/v2\/product_tag?post=10653"}],"curies":[{"name":"wp","href":"https:\/\/api.w.org\/{rel}","templated":true}]}}