{"id":10622,"date":"2019-09-14T09:46:27","date_gmt":"2019-09-14T07:46:27","guid":{"rendered":"https:\/\/pohjanmaantehtaanmyymala.fi\/tuote\/anton-tyopoydat\/"},"modified":"2022-06-06T12:26:02","modified_gmt":"2022-06-06T10:26:02","slug":"anton-tyopoydat","status":"publish","type":"product","link":"https:\/\/pohjanmaantehtaanmyymala.fi\/sv\/tuote\/anton-tyopoydat\/","title":{"rendered":"ANTON ty\u00f6p\u00f6yt\u00e4"},"content":{"rendered":"<p>Kotimainen Anton- tietokonep\u00f6yt\u00e4 sopii mainiosti kotiin tai konttoriin.<br \/>\nRungon v\u00e4ri on aina valkoinen, kannen v\u00e4riksi voi valita valkoisen, tammen tai saarnin.\u00a0 Yksiovisissa ilmoitathan my\u00f6s haluamasi k\u00e4tisyyden.<\/p>\n<p>Leveys: 130 cm<br \/>\nKorkeus: 73 cm<br \/>\nSyvyys: 55 cm<\/p>\n<h3>Tuotetiedot:<\/h3>\n<p>Ovissa ja laatikoissa push to open mekanismi<br \/>\n-Tuotteen runko ja kansi on MFC- levy\u00e4 laatikkojen ja ovien etusarjat ovat maalattua MDF- levy\u00e4.<br \/>\n-Ovet runko ja sokkeli valkoisia.<\/p>\n<p>Toimitetaan kaappi valmiiksi koottuna kansi irrallaan.<\/p>\n","protected":false},"excerpt":{"rendered":"<p>Kotimainen Anton- tietokonep\u00f6yt\u00e4 sopii mainiosti kotiin tai konttoriin. Rungon v\u00e4ri on aina valkoinen, kannen v\u00e4riksi voi valita valkoisen, tammen tai saarnin.\u00a0 Yksiovisissa ilmoitathan my\u00f6s haluamasi k\u00e4tisyyden. Leveys: 130 cm Korkeus: 73 cm Syvyys: 55 cm Tuotetiedot: Ovissa ja laatikoissa push to open mekanismi -Tuotteen runko ja kansi on MFC- levy\u00e4 laatikkojen ja ovien etusarjat ovat [&hellip;]<\/p>\n","protected":false},"featured_media":10623,"comment_status":"closed","ping_status":"closed","template":"","meta":{"_acf_changed":false,"jetpack_post_was_ever_published":false,"jetpack_publicize_message":"","jetpack_publicize_feature_enabled":true,"jetpack_social_post_already_shared":true,"jetpack_social_options":{"image_generator_settings":{"template":"highway","default_image_id":0,"font":"","enabled":false},"version":2}},"product_brand":[172],"product_cat":[197],"product_tag":[],"class_list":{"0":"post-10622","1":"product","2":"type-product","3":"status-publish","4":"has-post-thumbnail","6":"product_brand-hiipakka","7":"product_cat-toimistokalusteet","8":"product_shipping_class-161","10":"first","11":"instock","12":"purchasable","13":"product-type-simple"},"acf":[],"jetpack_publicize_connections":[],"jetpack_sharing_enabled":true,"jetpack-related-posts":[{"id":10587,"url":"https:\/\/pohjanmaantehtaanmyymala.fi\/sv\/tuote\/anton-tv-taso-2-ovea-2-laatikkoa-150cm-a5-3\/","url_meta":{"origin":10622,"position":0},"title":"ANTON A5.3 TV-taso umpiovilla 150 cm","author":"petri","date":"september 14, 2019","format":false,"excerpt":"Tyylik\u00e4s Hiipakan Anton tv-taso umpivoilla ja laatikoilla. Tasossa on push-to-open mekanismill\u00e4 toimivat ovet ja laatikot, jolloin vetimi\u00e4 ei ole lainkaan. Tv-tason kaappien sis\u00e4ll\u00e4 on yksi v\u00e4lihylly. Tason kansiv\u00e4rin voit valita kolmesta eri kansiv\u00e4rist\u00e4: valkoinen, tammi tai saarni. Anton-sarjaan on saatavana my\u00f6s puujalat sokkelin tilalle, silloin kokonaiskorkeus kasvaa 8 cm. Vakiotoimitus\u2026","rel":"","context":"Liknande produkt","block_context":{"text":"Liknande produkt","link":""},"img":{"alt_text":"Anton tv-taso 150 cm saarni kannella","src":"https:\/\/i0.wp.com\/pohjanmaantehtaanmyymala.fi\/wp-content\/uploads\/2019\/09\/Anton-A5.3-Tv-taso.jpg?fit=1200%2C1200&ssl=1&resize=350%2C200","width":350,"height":200,"srcset":"https:\/\/i0.wp.com\/pohjanmaantehtaanmyymala.fi\/wp-content\/uploads\/2019\/09\/Anton-A5.3-Tv-taso.jpg?fit=1200%2C1200&ssl=1&resize=350%2C200 1x, https:\/\/i0.wp.com\/pohjanmaantehtaanmyymala.fi\/wp-content\/uploads\/2019\/09\/Anton-A5.3-Tv-taso.jpg?fit=1200%2C1200&ssl=1&resize=525%2C300 1.5x, https:\/\/i0.wp.com\/pohjanmaantehtaanmyymala.fi\/wp-content\/uploads\/2019\/09\/Anton-A5.3-Tv-taso.jpg?fit=1200%2C1200&ssl=1&resize=700%2C400 2x, https:\/\/i0.wp.com\/pohjanmaantehtaanmyymala.fi\/wp-content\/uploads\/2019\/09\/Anton-A5.3-Tv-taso.jpg?fit=1200%2C1200&ssl=1&resize=1050%2C600 3x"},"classes":[]},{"id":10553,"url":"https:\/\/pohjanmaantehtaanmyymala.fi\/sv\/tuote\/anton-lipasto-kolme-laatikkoa-50cm-a1-1\/","url_meta":{"origin":10622,"position":1},"title":"ANTON A1.1 Lipasto 3 laatikkoa","author":"petri","date":"september 14, 2019","format":false,"excerpt":"Hiipakan Anton-kalustesarjan 3-laatikoinen lipasto sopii hyvin kodin s\u00e4ilytystilaksi.\u00a0 Anton lipaston runko ja laatikot ovat aina valkoisia, kansiv\u00e4rin voit valita kolmesta eri vaihtoehdosta; valkoinen, tammi tai saarni. Anton-sarjaan on saatavana my\u00f6s puujalat sokkelin tilalle, silloin kokonaiskorkeus kasvaa 8 cm. Vakiotoimitus on aina sokkelilla, jalkasarja myyd\u00e4\u00e4n erikseen. Leveys: 50 cm Korkeus: sokkelilla\u2026","rel":"","context":"Liknande produkt","block_context":{"text":"Liknande produkt","link":""},"img":{"alt_text":"Anton lipasto 3 laatikkoa valkoinen","src":"https:\/\/i0.wp.com\/pohjanmaantehtaanmyymala.fi\/wp-content\/uploads\/2019\/09\/Anton-A1.1-lipasto-valkoinen.jpg?fit=1200%2C1200&ssl=1&resize=350%2C200","width":350,"height":200,"srcset":"https:\/\/i0.wp.com\/pohjanmaantehtaanmyymala.fi\/wp-content\/uploads\/2019\/09\/Anton-A1.1-lipasto-valkoinen.jpg?fit=1200%2C1200&ssl=1&resize=350%2C200 1x, https:\/\/i0.wp.com\/pohjanmaantehtaanmyymala.fi\/wp-content\/uploads\/2019\/09\/Anton-A1.1-lipasto-valkoinen.jpg?fit=1200%2C1200&ssl=1&resize=525%2C300 1.5x, https:\/\/i0.wp.com\/pohjanmaantehtaanmyymala.fi\/wp-content\/uploads\/2019\/09\/Anton-A1.1-lipasto-valkoinen.jpg?fit=1200%2C1200&ssl=1&resize=700%2C400 2x, https:\/\/i0.wp.com\/pohjanmaantehtaanmyymala.fi\/wp-content\/uploads\/2019\/09\/Anton-A1.1-lipasto-valkoinen.jpg?fit=1200%2C1200&ssl=1&resize=1050%2C600 3x"},"classes":[]},{"id":10583,"url":"https:\/\/pohjanmaantehtaanmyymala.fi\/sv\/tuote\/anton-tv-taso-2-etsattua-lasiovea-2-laatikkoa-200cm-a6-3\/","url_meta":{"origin":10622,"position":2},"title":"ANTON  A6.3 TV-taso 200cm etsatuilla lasiovilla","author":"petri","date":"september 14, 2019","format":false,"excerpt":"Tyylik\u00e4s Hiipakan Anton tv-taso etsatuilla lasiovilla ja leveill\u00e4 laatikoilla. Tasossa push-to-open mekanismill\u00e4 toimivat ovet laatikot, jolloin vetimi\u00e4 ei ole lainkaan. Tv-tason kaappien sis\u00e4ll\u00e4 on yksi v\u00e4lihylly. Tason kansiv\u00e4rin voit valita kolmesta eri kansiv\u00e4rist\u00e4: valkoinen, tammi tai saarni. Anton on Hiipakan valmistama kalustesarja, johon kuuluu tasot, lipastot, senkit ja vitriinit. Leveys:\u2026","rel":"","context":"Liknande produkt","block_context":{"text":"Liknande produkt","link":""},"img":{"alt_text":"Anton TV-taso 200 cm saarni kansi","src":"https:\/\/i0.wp.com\/pohjanmaantehtaanmyymala.fi\/wp-content\/uploads\/2019\/09\/Anton-A6.3-tv-taso.jpg?fit=1200%2C1200&ssl=1&resize=350%2C200","width":350,"height":200,"srcset":"https:\/\/i0.wp.com\/pohjanmaantehtaanmyymala.fi\/wp-content\/uploads\/2019\/09\/Anton-A6.3-tv-taso.jpg?fit=1200%2C1200&ssl=1&resize=350%2C200 1x, https:\/\/i0.wp.com\/pohjanmaantehtaanmyymala.fi\/wp-content\/uploads\/2019\/09\/Anton-A6.3-tv-taso.jpg?fit=1200%2C1200&ssl=1&resize=525%2C300 1.5x, https:\/\/i0.wp.com\/pohjanmaantehtaanmyymala.fi\/wp-content\/uploads\/2019\/09\/Anton-A6.3-tv-taso.jpg?fit=1200%2C1200&ssl=1&resize=700%2C400 2x, https:\/\/i0.wp.com\/pohjanmaantehtaanmyymala.fi\/wp-content\/uploads\/2019\/09\/Anton-A6.3-tv-taso.jpg?fit=1200%2C1200&ssl=1&resize=1050%2C600 3x"},"classes":[]},{"id":10552,"url":"https:\/\/pohjanmaantehtaanmyymala.fi\/sv\/tuote\/anton-lipasto-kolme-laatikkoa-100cm-a2-1\/","url_meta":{"origin":10622,"position":3},"title":"ANTON A2.1 leve\u00e4 lipasto","author":"petri","date":"september 14, 2019","format":false,"excerpt":"Hiipakan Anton-kalustesarjan 3-laatikoinen leve\u00e4 lipasto sopii hyvin kodin s\u00e4ilytystilaksi.\u00a0 Anton lipaston runko ja laatikot ovat aina valkoisia, kansiv\u00e4rin voit valita kolmesta eri vaihtoehdosta; valkoinen, tammi tai saarni. Anton-sarjaan on saatavana my\u00f6s puujalat sokkelin tilalle, silloin kokonaiskorkeus kasvaa 8 cm. Vakiotoimitus on aina sokkelilla, jalkasarja myyd\u00e4\u00e4n erikseen. Leveys: 100 cm Korkeus:\u2026","rel":"","context":"Liknande produkt","block_context":{"text":"Liknande produkt","link":""},"img":{"alt_text":"Anton leve\u00e4 lipasto 3 laatikkoa valkoinen","src":"https:\/\/i0.wp.com\/pohjanmaantehtaanmyymala.fi\/wp-content\/uploads\/2019\/09\/Anton-A2.1-lipasto-valkoinen.jpg?fit=1200%2C1200&ssl=1&resize=350%2C200","width":350,"height":200,"srcset":"https:\/\/i0.wp.com\/pohjanmaantehtaanmyymala.fi\/wp-content\/uploads\/2019\/09\/Anton-A2.1-lipasto-valkoinen.jpg?fit=1200%2C1200&ssl=1&resize=350%2C200 1x, https:\/\/i0.wp.com\/pohjanmaantehtaanmyymala.fi\/wp-content\/uploads\/2019\/09\/Anton-A2.1-lipasto-valkoinen.jpg?fit=1200%2C1200&ssl=1&resize=525%2C300 1.5x, https:\/\/i0.wp.com\/pohjanmaantehtaanmyymala.fi\/wp-content\/uploads\/2019\/09\/Anton-A2.1-lipasto-valkoinen.jpg?fit=1200%2C1200&ssl=1&resize=700%2C400 2x, https:\/\/i0.wp.com\/pohjanmaantehtaanmyymala.fi\/wp-content\/uploads\/2019\/09\/Anton-A2.1-lipasto-valkoinen.jpg?fit=1200%2C1200&ssl=1&resize=1050%2C600 3x"},"classes":[]},{"id":10592,"url":"https:\/\/pohjanmaantehtaanmyymala.fi\/sv\/tuote\/anton-vitriini-etsattu-lasiovi-2-laatikkoa-50cm-korkea-a7-8\/","url_meta":{"origin":10622,"position":4},"title":"ANTON A7.3 Vitriini kirkas lasiovi","author":"petri","date":"september 14, 2019","format":false,"excerpt":"Kotimainen Anton A7.3 kapea Vitriini kirkkaalla lasiovella. Vitriiniss\u00e4 on lasihyllyt ja 2 s\u00e4ilytyslaatikkoa. Rungon v\u00e4ri on aina valkoinen, kannen v\u00e4riksi voi valita valkoisen, tammen tai saarnin. Anton tuotesarja on suunniteltu ja valmistettu Hiipakan Tehtailla Suomessa. Anton- lasivitriini sopii erinomaisesti skandinaaviseen sisustukseen. Anton vitriinin saa my\u00f6s puuhyllyill\u00e4. Vitriinin nimike puuhyllyill\u00e4 on\u2026","rel":"","context":"Liknande produkt","block_context":{"text":"Liknande produkt","link":""},"img":{"alt_text":"Hiipakka Anton Vitriini kapea lasihyllyill\u00e4 valkoinen","src":"https:\/\/i0.wp.com\/pohjanmaantehtaanmyymala.fi\/wp-content\/uploads\/2019\/09\/Anton-A73.jpg?fit=960%2C960&ssl=1&resize=350%2C200","width":350,"height":200,"srcset":"https:\/\/i0.wp.com\/pohjanmaantehtaanmyymala.fi\/wp-content\/uploads\/2019\/09\/Anton-A73.jpg?fit=960%2C960&ssl=1&resize=350%2C200 1x, https:\/\/i0.wp.com\/pohjanmaantehtaanmyymala.fi\/wp-content\/uploads\/2019\/09\/Anton-A73.jpg?fit=960%2C960&ssl=1&resize=525%2C300 1.5x, https:\/\/i0.wp.com\/pohjanmaantehtaanmyymala.fi\/wp-content\/uploads\/2019\/09\/Anton-A73.jpg?fit=960%2C960&ssl=1&resize=700%2C400 2x"},"classes":[]},{"id":10596,"url":"https:\/\/pohjanmaantehtaanmyymala.fi\/sv\/tuote\/anton-vitriini-etsatulla-lasiovella-lasihyllyt-2-laatikkoa-50cm-korkea-a7-4\/","url_meta":{"origin":10622,"position":5},"title":"ANTON A7.4 Vitriini etsattu lasiovi","author":"petri","date":"september 14, 2019","format":false,"excerpt":"Kotimainen Anton A7.4 kapea Vitriini etsatulla lasiovella. Vitriiniss\u00e4 on lasihyllyt ja 2 s\u00e4ilytyslaatikkoa. Rungon v\u00e4ri on aina valkoinen, kannen v\u00e4riksi voi valita valkoisen, tammen tai saarnin. Anton tuotesarja on suunniteltu ja valmistettu Hiipakan Tehtailla Suomessa. Anton- lasivitriini sopii erinomaisesti skandinaaviseen sisustukseen. Anton vitriinin saa my\u00f6s puuhyllyill\u00e4. Vitriinin nimike puuhyllyill\u00e4 on\u2026","rel":"","context":"Liknande produkt","block_context":{"text":"Liknande produkt","link":""},"img":{"alt_text":"Hiipakka Anton vitriini kapea etsattu lasi valkoinen","src":"https:\/\/i0.wp.com\/pohjanmaantehtaanmyymala.fi\/wp-content\/uploads\/2019\/09\/Anton-A74.jpg?fit=960%2C960&ssl=1&resize=350%2C200","width":350,"height":200,"srcset":"https:\/\/i0.wp.com\/pohjanmaantehtaanmyymala.fi\/wp-content\/uploads\/2019\/09\/Anton-A74.jpg?fit=960%2C960&ssl=1&resize=350%2C200 1x, https:\/\/i0.wp.com\/pohjanmaantehtaanmyymala.fi\/wp-content\/uploads\/2019\/09\/Anton-A74.jpg?fit=960%2C960&ssl=1&resize=525%2C300 1.5x, https:\/\/i0.wp.com\/pohjanmaantehtaanmyymala.fi\/wp-content\/uploads\/2019\/09\/Anton-A74.jpg?fit=960%2C960&ssl=1&resize=700%2C400 2x"},"classes":[]}],"_links":{"self":[{"href":"https:\/\/pohjanmaantehtaanmyymala.fi\/sv\/wp-json\/wp\/v2\/product\/10622","targetHints":{"allow":["GET"]}}],"collection":[{"href":"https:\/\/pohjanmaantehtaanmyymala.fi\/sv\/wp-json\/wp\/v2\/product"}],"about":[{"href":"https:\/\/pohjanmaantehtaanmyymala.fi\/sv\/wp-json\/wp\/v2\/types\/product"}],"replies":[{"embeddable":true,"href":"https:\/\/pohjanmaantehtaanmyymala.fi\/sv\/wp-json\/wp\/v2\/comments?post=10622"}],"wp:featuredmedia":[{"embeddable":true,"href":"https:\/\/pohjanmaantehtaanmyymala.fi\/sv\/wp-json\/wp\/v2\/media\/10623"}],"wp:attachment":[{"href":"https:\/\/pohjanmaantehtaanmyymala.fi\/sv\/wp-json\/wp\/v2\/media?parent=10622"}],"wp:term":[{"taxonomy":"product_brand","embeddable":true,"href":"https:\/\/pohjanmaantehtaanmyymala.fi\/sv\/wp-json\/wp\/v2\/product_brand?post=10622"},{"taxonomy":"product_cat","embeddable":true,"href":"https:\/\/pohjanmaantehtaanmyymala.fi\/sv\/wp-json\/wp\/v2\/product_cat?post=10622"},{"taxonomy":"product_tag","embeddable":true,"href":"https:\/\/pohjanmaantehtaanmyymala.fi\/sv\/wp-json\/wp\/v2\/product_tag?post=10622"}],"curies":[{"name":"wp","href":"https:\/\/api.w.org\/{rel}","templated":true}]}}