{"id":10592,"date":"2019-09-14T09:45:05","date_gmt":"2019-09-14T07:45:05","guid":{"rendered":"https:\/\/pohjanmaantehtaanmyymala.fi\/tuote\/anton-vitriini-etsattu-lasiovi-2-laatikkoa-50cm-korkea-a7-8\/"},"modified":"2022-06-06T14:25:40","modified_gmt":"2022-06-06T12:25:40","slug":"anton-vitriini-etsattu-lasiovi-2-laatikkoa-50cm-korkea-a7-8","status":"publish","type":"product","link":"https:\/\/pohjanmaantehtaanmyymala.fi\/sv\/tuote\/anton-vitriini-etsattu-lasiovi-2-laatikkoa-50cm-korkea-a7-8\/","title":{"rendered":"ANTON A7.3 Vitriini kirkas lasiovi"},"content":{"rendered":"<p>Kotimainen Anton A7.3 kapea Vitriini kirkkaalla lasiovella. Vitriiniss\u00e4 on lasihyllyt ja 2 s\u00e4ilytyslaatikkoa. Rungon v\u00e4ri on aina valkoinen, kannen v\u00e4riksi voi valita valkoisen, tammen tai saarnin. Anton tuotesarja on suunniteltu ja valmistettu Hiipakan Tehtailla Suomessa. Anton- lasivitriini sopii erinomaisesti skandinaaviseen sisustukseen.<\/p>\n<p>Anton vitriinin saa my\u00f6s puuhyllyill\u00e4. Vitriinin nimike puuhyllyill\u00e4 on Anton A7.7.<br \/>\nAnton-sarjaan on saatavana my\u00f6s puujalat sokkelin tilalle, silloin kokonaiskorkeus kasvaa 8 cm.<br \/>\nVakiotoimitus on aina sokkelilla, mutta jalkasarja myyd\u00e4\u00e4n erikseen lis\u00e4hinnasta. Kysy lis\u00e4tietoa <a href=\"https:\/\/pohjanmaantehtaanmyymala.fi\/yhteys\/\">myynnist\u00e4mme!<\/a><\/p>\n<p>Leveys: 50 cm<br \/>\nKorkeus: sokkelilla 185 cm, jaloilla 193 cm<br \/>\nSyvyys: 49 cm<\/p>\n<h3>Tuotetiedot:<\/h3>\n<p>-Ovissa ja laatikoissa push to open mekanismi<br \/>\n-Tuotteen runko ja kansi on MFC- levy\u00e4 laatikkojen ja ovien etusarjat ovat maalattua MDF- levy\u00e4.<br \/>\n-Ovet runko ja sokkeli valkoisia. Kannen v\u00e4ri on valittavissa kolmesta eri s\u00e4vyst\u00e4.<br \/>\n-Toimitetaan valmiiksi koottuna, vain jalat\/sokkeli irrallaan.<\/p>\n<p>Anton-sarjasta l\u00f6yd\u00e4t erilaisia lipastoja tv-tasoja senkkej\u00e4 ja vitriinej\u00e4 mill\u00e4 sisustat kotisi tyylikk\u00e4\u00e4sti!<\/p>\n","protected":false},"excerpt":{"rendered":"<p>Kotimainen Anton A7.3 kapea Vitriini kirkkaalla lasiovella. Vitriiniss\u00e4 on lasihyllyt ja 2 s\u00e4ilytyslaatikkoa. Rungon v\u00e4ri on aina valkoinen, kannen v\u00e4riksi voi valita valkoisen, tammen tai saarnin. Anton tuotesarja on suunniteltu ja valmistettu Hiipakan Tehtailla Suomessa. Anton- lasivitriini sopii erinomaisesti skandinaaviseen sisustukseen. Anton vitriinin saa my\u00f6s puuhyllyill\u00e4. Vitriinin nimike puuhyllyill\u00e4 on Anton A7.7. Anton-sarjaan on saatavana [&hellip;]<\/p>\n","protected":false},"featured_media":14905,"comment_status":"closed","ping_status":"closed","template":"","meta":{"_acf_changed":false,"jetpack_post_was_ever_published":false,"jetpack_publicize_message":"","jetpack_publicize_feature_enabled":true,"jetpack_social_post_already_shared":true,"jetpack_social_options":{"image_generator_settings":{"template":"highway","default_image_id":0,"font":"","enabled":false},"version":2}},"product_brand":[172],"product_cat":[196],"product_tag":[],"class_list":{"0":"post-10592","1":"product","2":"type-product","3":"status-publish","4":"has-post-thumbnail","6":"product_brand-hiipakka","7":"product_cat-sailytyskalusteet-ja-tv-tasot","8":"product_shipping_class-161","10":"first","11":"instock","12":"purchasable","13":"product-type-simple"},"acf":[],"jetpack_publicize_connections":[],"jetpack_sharing_enabled":true,"jetpack-related-posts":[{"id":10595,"url":"https:\/\/pohjanmaantehtaanmyymala.fi\/sv\/tuote\/anton-vitriini-etsatuilla-lasiovilla-lasihyllyt-2-laatikkoa-100cm-korkea-a7-2\/","url_meta":{"origin":10592,"position":0},"title":"ANTON A7.2 Vitriini etsatuilla lasiovilla","author":"petri","date":"september 14, 2019","format":false,"excerpt":"Tyylik\u00e4s vitriini kodin tavaroiden s\u00e4ilytykseen. Voit valita Anton-vitriiniin haluamasi kansiv\u00e4rin.","rel":"","context":"Liknande produkt","block_context":{"text":"Liknande produkt","link":""},"img":{"alt_text":"Hiipakka Anton Vitriini etsattu puuhyllyill\u00e4 saarni kansi","src":"https:\/\/i0.wp.com\/pohjanmaantehtaanmyymala.fi\/wp-content\/uploads\/2019\/09\/Anton-A76-00161291.jpg?fit=960%2C960&ssl=1&resize=350%2C200","width":350,"height":200,"srcset":"https:\/\/i0.wp.com\/pohjanmaantehtaanmyymala.fi\/wp-content\/uploads\/2019\/09\/Anton-A76-00161291.jpg?fit=960%2C960&ssl=1&resize=350%2C200 1x, https:\/\/i0.wp.com\/pohjanmaantehtaanmyymala.fi\/wp-content\/uploads\/2019\/09\/Anton-A76-00161291.jpg?fit=960%2C960&ssl=1&resize=525%2C300 1.5x, https:\/\/i0.wp.com\/pohjanmaantehtaanmyymala.fi\/wp-content\/uploads\/2019\/09\/Anton-A76-00161291.jpg?fit=960%2C960&ssl=1&resize=700%2C400 2x"},"classes":[]},{"id":10596,"url":"https:\/\/pohjanmaantehtaanmyymala.fi\/sv\/tuote\/anton-vitriini-etsatulla-lasiovella-lasihyllyt-2-laatikkoa-50cm-korkea-a7-4\/","url_meta":{"origin":10592,"position":1},"title":"ANTON A7.4 Vitriini etsattu lasiovi","author":"petri","date":"september 14, 2019","format":false,"excerpt":"Kotimainen Anton A7.4 kapea Vitriini etsatulla lasiovella. Vitriiniss\u00e4 on lasihyllyt ja 2 s\u00e4ilytyslaatikkoa. Rungon v\u00e4ri on aina valkoinen, kannen v\u00e4riksi voi valita valkoisen, tammen tai saarnin. Anton tuotesarja on suunniteltu ja valmistettu Hiipakan Tehtailla Suomessa. Anton- lasivitriini sopii erinomaisesti skandinaaviseen sisustukseen. Anton vitriinin saa my\u00f6s puuhyllyill\u00e4. Vitriinin nimike puuhyllyill\u00e4 on\u2026","rel":"","context":"Liknande produkt","block_context":{"text":"Liknande produkt","link":""},"img":{"alt_text":"Hiipakka Anton vitriini kapea etsattu lasi valkoinen","src":"https:\/\/i0.wp.com\/pohjanmaantehtaanmyymala.fi\/wp-content\/uploads\/2019\/09\/Anton-A74.jpg?fit=960%2C960&ssl=1&resize=350%2C200","width":350,"height":200,"srcset":"https:\/\/i0.wp.com\/pohjanmaantehtaanmyymala.fi\/wp-content\/uploads\/2019\/09\/Anton-A74.jpg?fit=960%2C960&ssl=1&resize=350%2C200 1x, https:\/\/i0.wp.com\/pohjanmaantehtaanmyymala.fi\/wp-content\/uploads\/2019\/09\/Anton-A74.jpg?fit=960%2C960&ssl=1&resize=525%2C300 1.5x, https:\/\/i0.wp.com\/pohjanmaantehtaanmyymala.fi\/wp-content\/uploads\/2019\/09\/Anton-A74.jpg?fit=960%2C960&ssl=1&resize=700%2C400 2x"},"classes":[]},{"id":10607,"url":"https:\/\/pohjanmaantehtaanmyymala.fi\/sv\/tuote\/anton-vitriini-kirkkailla-lasiovilla-lasihyllyt-2-laatikkoa-100cm-korkea-a7-1\/","url_meta":{"origin":10592,"position":2},"title":"ANTON A7.1 Vitriini kirkkailla lasiovilla","author":"petri","date":"september 14, 2019","format":false,"excerpt":"Tyylik\u00e4s iso vitriini kodin tavaroiden s\u00e4ilytykseen. Voit valita Anton-vitriiniin haluamasi kansiv\u00e4rin.","rel":"","context":"Liknande produkt","block_context":{"text":"Liknande produkt","link":""},"img":{"alt_text":"Anton vitriini","src":"https:\/\/i0.wp.com\/pohjanmaantehtaanmyymala.fi\/wp-content\/uploads\/2019\/09\/Anton-A71.jpg?fit=960%2C960&ssl=1&resize=350%2C200","width":350,"height":200,"srcset":"https:\/\/i0.wp.com\/pohjanmaantehtaanmyymala.fi\/wp-content\/uploads\/2019\/09\/Anton-A71.jpg?fit=960%2C960&ssl=1&resize=350%2C200 1x, https:\/\/i0.wp.com\/pohjanmaantehtaanmyymala.fi\/wp-content\/uploads\/2019\/09\/Anton-A71.jpg?fit=960%2C960&ssl=1&resize=525%2C300 1.5x, https:\/\/i0.wp.com\/pohjanmaantehtaanmyymala.fi\/wp-content\/uploads\/2019\/09\/Anton-A71.jpg?fit=960%2C960&ssl=1&resize=700%2C400 2x"},"classes":[]},{"id":10599,"url":"https:\/\/pohjanmaantehtaanmyymala.fi\/sv\/tuote\/anton-vitriini-etsatut-lasiovet-matala-lasihyllyt-100cm-a8-6\/","url_meta":{"origin":10592,"position":3},"title":"ANTON A8.6 matala vitriini etsatut lasiovet","author":"petri","date":"september 14, 2019","format":false,"excerpt":"Tyylik\u00e4s vitriini kodin tavaroiden s\u00e4ilytykseen. Voit valita Anton-vitriiniin haluamasi kansiv\u00e4rin.","rel":"","context":"Liknande produkt","block_context":{"text":"Liknande produkt","link":""},"img":{"alt_text":"Hiipakka Anton matala vitriini etsattu lasi tammi kansi","src":"https:\/\/i0.wp.com\/pohjanmaantehtaanmyymala.fi\/wp-content\/uploads\/2019\/09\/Anton-A86-0016192-2.jpg?fit=960%2C960&ssl=1&resize=350%2C200","width":350,"height":200,"srcset":"https:\/\/i0.wp.com\/pohjanmaantehtaanmyymala.fi\/wp-content\/uploads\/2019\/09\/Anton-A86-0016192-2.jpg?fit=960%2C960&ssl=1&resize=350%2C200 1x, https:\/\/i0.wp.com\/pohjanmaantehtaanmyymala.fi\/wp-content\/uploads\/2019\/09\/Anton-A86-0016192-2.jpg?fit=960%2C960&ssl=1&resize=525%2C300 1.5x, https:\/\/i0.wp.com\/pohjanmaantehtaanmyymala.fi\/wp-content\/uploads\/2019\/09\/Anton-A86-0016192-2.jpg?fit=960%2C960&ssl=1&resize=700%2C400 2x"},"classes":[]},{"id":10605,"url":"https:\/\/pohjanmaantehtaanmyymala.fi\/sv\/tuote\/anton-vitriini-kirkkaat-lasiovet-lasihyllyt-matala-100cm-a8-5\/","url_meta":{"origin":10592,"position":4},"title":"ANTON A8.5 Vitriini kirkkaat lasiovet","author":"petri","date":"september 14, 2019","format":false,"excerpt":"Kotimainen Anton A8.6 matala Vitriini kirkkailla lasiovilla. Rungon v\u00e4ri on aina valkoinen, kannen v\u00e4riksi voi valita valkoisen, tammen tai saarnin. Anton tuotesarja on suunniteltu ja valmistettu Hiipakan Tehtailla Suomessa. Anton- lasivitriini sopii erinomaisesti skandinaaviseen sisustukseen. Vakiotoimitus tulee lasihyllyill\u00e4, mutta vitriinin saa my\u00f6s puuhyllyill\u00e4. Vitriini nimike puuhyllyill\u00e4 on Anton A8.8. Anton-sarjaan\u2026","rel":"","context":"Liknande produkt","block_context":{"text":"Liknande produkt","link":""},"img":{"alt_text":"Hiipakka Anton vitriini jaloilla valkoinen saarni","src":"https:\/\/i0.wp.com\/pohjanmaantehtaanmyymala.fi\/wp-content\/uploads\/2019\/09\/Anton-A85-0016188.jpg?fit=960%2C960&ssl=1&resize=350%2C200","width":350,"height":200,"srcset":"https:\/\/i0.wp.com\/pohjanmaantehtaanmyymala.fi\/wp-content\/uploads\/2019\/09\/Anton-A85-0016188.jpg?fit=960%2C960&ssl=1&resize=350%2C200 1x, https:\/\/i0.wp.com\/pohjanmaantehtaanmyymala.fi\/wp-content\/uploads\/2019\/09\/Anton-A85-0016188.jpg?fit=960%2C960&ssl=1&resize=525%2C300 1.5x, https:\/\/i0.wp.com\/pohjanmaantehtaanmyymala.fi\/wp-content\/uploads\/2019\/09\/Anton-A85-0016188.jpg?fit=960%2C960&ssl=1&resize=700%2C400 2x"},"classes":[]},{"id":10593,"url":"https:\/\/pohjanmaantehtaanmyymala.fi\/sv\/tuote\/anton-vitriini-etsattu-lasiovi-lasihyllyt-matala-50cm-a8-2\/","url_meta":{"origin":10592,"position":5},"title":"ANTON A8.2 matala vitriini etsattu lasiovi","author":"petri","date":"september 14, 2019","format":false,"excerpt":"Kotimainen Anton A8.2 matala Vitriini etsatulla lasiovella. Rungon v\u00e4ri on aina valkoinen, kannen v\u00e4riksi voi valita valkoisen, tammen tai saarnin. Anton tuotesarja on suunniteltu ja valmistettu Hiipakan Tehtailla Suomessa. Anton- lasivitriini sopii erinomaisesti skandinaaviseen sisustukseen. Vakiotoimitus tulee lasihyllyill\u00e4, mutta vitriinin saa my\u00f6s puuhyllyill\u00e4. Vitriini nimike puuhyllyill\u00e4 on Anton A8.3. Anton-sarjaan\u2026","rel":"","context":"Liknande produkt","block_context":{"text":"Liknande produkt","link":""},"img":{"alt_text":"","src":"https:\/\/i0.wp.com\/pohjanmaantehtaanmyymala.fi\/wp-content\/uploads\/2019\/09\/Anton-A82-0016178.jpg?fit=960%2C960&ssl=1&resize=350%2C200","width":350,"height":200,"srcset":"https:\/\/i0.wp.com\/pohjanmaantehtaanmyymala.fi\/wp-content\/uploads\/2019\/09\/Anton-A82-0016178.jpg?fit=960%2C960&ssl=1&resize=350%2C200 1x, https:\/\/i0.wp.com\/pohjanmaantehtaanmyymala.fi\/wp-content\/uploads\/2019\/09\/Anton-A82-0016178.jpg?fit=960%2C960&ssl=1&resize=525%2C300 1.5x, https:\/\/i0.wp.com\/pohjanmaantehtaanmyymala.fi\/wp-content\/uploads\/2019\/09\/Anton-A82-0016178.jpg?fit=960%2C960&ssl=1&resize=700%2C400 2x"},"classes":[]}],"_links":{"self":[{"href":"https:\/\/pohjanmaantehtaanmyymala.fi\/sv\/wp-json\/wp\/v2\/product\/10592","targetHints":{"allow":["GET"]}}],"collection":[{"href":"https:\/\/pohjanmaantehtaanmyymala.fi\/sv\/wp-json\/wp\/v2\/product"}],"about":[{"href":"https:\/\/pohjanmaantehtaanmyymala.fi\/sv\/wp-json\/wp\/v2\/types\/product"}],"replies":[{"embeddable":true,"href":"https:\/\/pohjanmaantehtaanmyymala.fi\/sv\/wp-json\/wp\/v2\/comments?post=10592"}],"wp:featuredmedia":[{"embeddable":true,"href":"https:\/\/pohjanmaantehtaanmyymala.fi\/sv\/wp-json\/wp\/v2\/media\/14905"}],"wp:attachment":[{"href":"https:\/\/pohjanmaantehtaanmyymala.fi\/sv\/wp-json\/wp\/v2\/media?parent=10592"}],"wp:term":[{"taxonomy":"product_brand","embeddable":true,"href":"https:\/\/pohjanmaantehtaanmyymala.fi\/sv\/wp-json\/wp\/v2\/product_brand?post=10592"},{"taxonomy":"product_cat","embeddable":true,"href":"https:\/\/pohjanmaantehtaanmyymala.fi\/sv\/wp-json\/wp\/v2\/product_cat?post=10592"},{"taxonomy":"product_tag","embeddable":true,"href":"https:\/\/pohjanmaantehtaanmyymala.fi\/sv\/wp-json\/wp\/v2\/product_tag?post=10592"}],"curies":[{"name":"wp","href":"https:\/\/api.w.org\/{rel}","templated":true}]}}